{"id":1180,"date":"2023-07-25T20:52:24","date_gmt":"2023-07-25T20:52:24","guid":{"rendered":"https:\/\/zirzen.com\/?page_id=1180"},"modified":"2024-01-24T21:42:34","modified_gmt":"2024-01-24T19:42:34","slug":"travic-mlin","status":"publish","type":"page","link":"https:\/\/zirzen.com\/en\/travic-mlin\/","title":{"rendered":"Travi\u010d mill"},"content":{"rendered":"<h2 class=\"wp-block-heading has-text-align-center\">Travi\u010d mill<\/h2>\n\n\n\n<div class=\"wp-block-columns is-layout-flex wp-container-core-columns-is-layout-28f84493 wp-block-columns-is-layout-flex\">\n<div class=\"wp-block-column is-layout-flow wp-block-column-is-layout-flow\" style=\"flex-basis:33.33%\">\n<figure class=\"wp-block-image size-large agl agl-fadeCSS agl-in-distance-1\"><img decoding=\"async\" src=\"https:\/\/zirzen.com\/wp-content\/uploads\/2023\/07\/Travic-mlin-1024x768.jpeg\" alt=\"Travi\u010d mlin\" class=\"wp-image-1125\"\/><\/figure>\n\n\n\n<p class=\"has-text-align-left has-small-font-size\"><strong>Time:<\/strong> 1 min <i class=\"fas fa-car\"><\/i><br><strong>Kids:<\/strong> Yes<br><strong>Dogs:<\/strong> Yes<\/p>\n\n\n\n<hr class=\"wp-block-separator has-alpha-channel-opacity\"\/>\n\n\n\n<div class=\"wp-block-buttons has-custom-font-size has-small-font-size agl agl-wipeCSS agl-in-distance-1 is-content-justification-center is-layout-flex wp-container-core-buttons-is-layout-a89b3969 wp-block-buttons-is-layout-flex\">\n<div class=\"wp-block-button is-style-fill\"><a class=\"wp-block-button__link has-foreground-color has-text-color has-background wp-element-button\" style=\"border-radius:16px;background-color:#d7d7d7;padding-top:10px;padding-right:10px;padding-bottom:10px;padding-left:10px\"><i class=\"fas fa-dharmachakra\"><\/i><\/a><\/div>\n\n\n\n<div class=\"wp-block-button is-style-fill\"><a class=\"wp-block-button__link has-foreground-color has-text-color has-background wp-element-button\" style=\"border-radius:16px;background-color:#d7d7d7;padding-top:10px;padding-right:10px;padding-bottom:10px;padding-left:10px\"><i class=\"fas fa-clock-rotate-left\"><\/i><\/a><\/div>\n<\/div>\n<\/div>\n\n\n\n<div class=\"wp-block-column is-layout-flow wp-block-column-is-layout-flow\" style=\"flex-basis:66.66%\">\n<p class=\"has-small-font-size\">Travi\u010d mill is one of those things that is not known for itself, but for something completely different. The mill has probably the longest table you've ever seen and that's what people recognize it by. Therefore, the Travi\u010d mill has the biggest one in the area.<\/p>\n\n\n\n<p class=\"has-small-font-size\">It is located in the very center of Lovinac and is a fairly well-known attraction. I have never seen more than two people sitting at a table that seems to have been designed for Putin. Admittedly, I have not seen better filled stands in many village futball stadiums either.<br><br>Stone mill covered with shingles is a protected cultural asset. That should be a guarantee that it will be the best decoration at the main intersection in Lovinac for a long time to come.<\/p>\n<\/div>\n<\/div>\n\n\n\n<div class=\"wp-block-group has-background has-small-font-size\" style=\"background-color:#f1f1f1\"><div class=\"wp-block-group__inner-container is-layout-constrained wp-block-group-is-layout-constrained\">\n<div class=\"leaflet-map WPLeafletMap\" style=\"height:450px; width:100%;\"><\/div><script>\nwindow.WPLeafletMapPlugin = window.WPLeafletMapPlugin || [];\nwindow.WPLeafletMapPlugin.push(function WPLeafletMapShortcode() {\/*<script>*\/\nvar baseUrl = atob('aHR0cHM6Ly97c30udGlsZS5vcGVuc3RyZWV0bWFwLm9yZy97en0ve3h9L3t5fS5wbmc=');\nvar base = (!baseUrl && window.MQ) ? \n    window.MQ.mapLayer() : L.tileLayer(baseUrl, \n        L.Util.extend({}, {\n            detectRetina: 0,\n        }, \n        {\"subdomains\":\"abc\",\"noWrap\":false}        )\n    );\n    var options = L.Util.extend({}, {\n        layers: [base],\n        attributionControl: false\n    }, \n    {\"zoomControl\":true,\"scrollWheelZoom\":true,\"doubleClickZoom\":false,\"fitBounds\":false,\"minZoom\":0,\"maxZoom\":19,\"maxBounds\":null,\"attribution\":\"<a href=\\\"http:\\\/\\\/leafletjs.com\\\" title=\\\"A JS library for interactive maps\\\">Leaflet<\\\/a>; \\u00a9 <a href=\\\"http:\\\/\\\/www.openstreetmap.org\\\/copyright\\\">OpenStreetMap<\\\/a> contributors\"}, \n    {});\nwindow.WPLeafletMapPlugin.createMap(options).setView([44.390373,15.68301],13);});<\/script>\n\n<script>\nwindow.WPLeafletMapPlugin = window.WPLeafletMapPlugin || [];\nwindow.WPLeafletMapPlugin.push(function WPLeafletMarkerShortcode() {\/*<script>*\/\nvar map = window.WPLeafletMapPlugin.getCurrentMap();\nvar group = window.WPLeafletMapPlugin.getCurrentGroup();\nvar marker_options = window.WPLeafletMapPlugin.getIconOptions({\"svg\":true,\"background\":\"brown\",\"iconClass\":\"fas fa-dharmachakra\",\"color\":\"white\"});\nvar marker = new L.SVGMarker(\n    [44.390373,15.68301], \n    marker_options\n);\nvar is_image = map.is_image_map;\nif (marker_options.draggable) {\n    marker.on('dragend', function () {\n        var latlng = this.getLatLng();\n        var lat = latlng.lat;\n        var lng = latlng.lng;\n        if (is_image) {\n            console.log('leaflet-marker y=' + lat + ' x=' + lng);\n        } else {\n            console.log('leaflet-marker lat=' + lat + ' lng=' + lng);\n        }\n    });\n}\nmarker.addTo( group );\nmarker.bindPopup(window.WPLeafletMapPlugin.unescape('Travi\u010d mlin')).openPopup();window.WPLeafletMapPlugin.markers.push( marker );\n        });<\/script>\n<\/div><\/div>","protected":false},"excerpt":{"rendered":"<p>Travi\u010d mlin Vrijeme: 1 min Klinci: DaPsi: Da Travi\u010d mlin je jedna od onih stvari koja nije poznata po sebi samoj nego po ne\u010demu sasvim drugom. Naime, mlin ima vjerojatno najdu\u017ei stol koji ste ikada vidjeli i to je ono po \u010demu ga ljudi prepoznaju. Dakle, Travi\u010d mlin ima najve\u0107eg u kraju. Nalazi se u<a class=\"more-link\" href=\"https:\/\/zirzen.com\/en\/travic-mlin\/\">Continue reading <span class=\"screen-reader-text\">&#8220;Travi\u010d mlin&#8221;<\/span><\/a><\/p>","protected":false},"author":1,"featured_media":0,"parent":0,"menu_order":0,"comment_status":"closed","ping_status":"closed","template":"","meta":{"_monsterinsights_skip_tracking":false,"_monsterinsights_sitenote_active":false,"_monsterinsights_sitenote_note":"","_monsterinsights_sitenote_category":0,"footnotes":""},"class_list":["post-1180","page","type-page","status-publish","hentry","entry"],"yoast_head":"<!-- This site is optimized with the Yoast SEO plugin v20.13 - https:\/\/yoast.com\/wordpress\/plugins\/seo\/ -->\n<title>Travi\u010d mlin - Zir Zen<\/title>\n<meta name=\"description\" content=\"Travi\u010d mlin je jedna od onih stvari koja nije poznata po sebi samoj nego po ne\u010demu sasvim drugom. Naime, mlin ima vjerojatno najdu\u017ei stol koji ste ikada vidjeli i to je ono po \u010demu ga ljudi prepoznaju. Dakle, Travi\u010d mlin ima najve\u0107eg u kraju.\" \/>\n<meta name=\"robots\" content=\"index, follow, max-snippet:-1, max-image-preview:large, max-video-preview:-1\" \/>\n<link rel=\"canonical\" href=\"https:\/\/zirzen.com\/en\/travic-mlin\/\" \/>\n<meta property=\"og:locale\" content=\"en_US\" \/>\n<meta property=\"og:type\" content=\"article\" \/>\n<meta property=\"og:title\" content=\"Travi\u010d mlin\" \/>\n<meta property=\"og:description\" content=\"Travi\u010d mlin je jedna od onih stvari koja nije poznata po sebi samoj nego po ne\u010demu sasvim drugom. Naime, mlin ima vjerojatno najdu\u017ei stol koji ste ikada vidjeli i to je ono po \u010demu ga ljudi prepoznaju. Dakle, Travi\u010d mlin ima najve\u0107eg u kraju.\" \/>\n<meta property=\"og:url\" content=\"https:\/\/zirzen.com\/en\/travic-mlin\/\" \/>\n<meta property=\"og:site_name\" content=\"Zir Zen\" \/>\n<meta property=\"article:modified_time\" content=\"2024-01-24T19:42:34+00:00\" \/>\n<meta property=\"og:image\" content=\"https:\/\/zirzen.com\/wp-content\/uploads\/2023\/07\/Travic-mlin.jpeg\" \/>\n\t<meta property=\"og:image:width\" content=\"2132\" \/>\n\t<meta property=\"og:image:height\" content=\"1598\" \/>\n\t<meta property=\"og:image:type\" content=\"image\/jpeg\" \/>\n<meta name=\"twitter:card\" content=\"summary_large_image\" \/>\n<meta name=\"twitter:title\" content=\"Travi\u010d mlin\" \/>\n<meta name=\"twitter:description\" content=\"Travi\u010d mlin je jedna od onih stvari koja nije poznata po sebi samoj nego po ne\u010demu sasvim drugom. Naime, mlin ima vjerojatno najdu\u017ei stol koji ste ikada vidjeli i to je ono po \u010demu ga ljudi prepoznaju. Dakle, Travi\u010d mlin ima najve\u0107eg u kraju.\" \/>\n<meta name=\"twitter:image\" content=\"https:\/\/zirzen.com\/wp-content\/uploads\/2023\/07\/Travic-mlin.jpeg\" \/>\n<meta name=\"twitter:label1\" content=\"Est. reading time\" \/>\n\t<meta name=\"twitter:data1\" content=\"1 minute\" \/>\n<script type=\"application\/ld+json\" class=\"yoast-schema-graph\">{\"@context\":\"https:\/\/schema.org\",\"@graph\":[{\"@type\":[\"WebPage\",\"ItemPage\"],\"@id\":\"https:\/\/zirzen.com\/travic-mlin\/\",\"url\":\"https:\/\/zirzen.com\/travic-mlin\/\",\"name\":\"Travi\u010d mlin - Zir Zen\",\"isPartOf\":{\"@id\":\"https:\/\/zirzen.com\/#website\"},\"datePublished\":\"2023-07-25T20:52:24+00:00\",\"dateModified\":\"2024-01-24T19:42:34+00:00\",\"description\":\"Travi\u010d mlin je jedna od onih stvari koja nije poznata po sebi samoj nego po ne\u010demu sasvim drugom. Naime, mlin ima vjerojatno najdu\u017ei stol koji ste ikada vidjeli i to je ono po \u010demu ga ljudi prepoznaju. Dakle, Travi\u010d mlin ima najve\u0107eg u kraju.\",\"breadcrumb\":{\"@id\":\"https:\/\/zirzen.com\/travic-mlin\/#breadcrumb\"},\"inLanguage\":\"en-US\",\"potentialAction\":[{\"@type\":\"ReadAction\",\"target\":[\"https:\/\/zirzen.com\/travic-mlin\/\"]}]},{\"@type\":\"BreadcrumbList\",\"@id\":\"https:\/\/zirzen.com\/travic-mlin\/#breadcrumb\",\"itemListElement\":[{\"@type\":\"ListItem\",\"position\":1,\"name\":\"Home\",\"item\":\"https:\/\/zirzen.com\/\"},{\"@type\":\"ListItem\",\"position\":2,\"name\":\"Travi\u010d mlin\"}]},{\"@type\":\"WebSite\",\"@id\":\"https:\/\/zirzen.com\/#website\",\"url\":\"https:\/\/zirzen.com\/\",\"name\":\"Zir Zen\",\"description\":\"Jebi ga, kad smo ve\u0107 u Lovincu\",\"publisher\":{\"@id\":\"https:\/\/zirzen.com\/#organization\"},\"potentialAction\":[{\"@type\":\"SearchAction\",\"target\":{\"@type\":\"EntryPoint\",\"urlTemplate\":\"https:\/\/zirzen.com\/?s={search_term_string}\"},\"query-input\":\"required name=search_term_string\"}],\"inLanguage\":\"en-US\"},{\"@type\":\"Organization\",\"@id\":\"https:\/\/zirzen.com\/#organization\",\"name\":\"Zir Zen\",\"url\":\"https:\/\/zirzen.com\/\",\"logo\":{\"@type\":\"ImageObject\",\"inLanguage\":\"en-US\",\"@id\":\"https:\/\/zirzen.com\/#\/schema\/logo\/image\/\",\"url\":\"https:\/\/zirzen.com\/wp-content\/uploads\/2023\/07\/cropped-Picture1.png\",\"contentUrl\":\"https:\/\/zirzen.com\/wp-content\/uploads\/2023\/07\/cropped-Picture1.png\",\"width\":512,\"height\":512,\"caption\":\"Zir Zen\"},\"image\":{\"@id\":\"https:\/\/zirzen.com\/#\/schema\/logo\/image\/\"}}]}<\/script>\n<!-- \/ Yoast SEO plugin. -->","yoast_head_json":{"title":"Travi\u010d mlin - Zir Zen","description":"Travi\u010d mlin je jedna od onih stvari koja nije poznata po sebi samoj nego po ne\u010demu sasvim drugom. Naime, mlin ima vjerojatno najdu\u017ei stol koji ste ikada vidjeli i to je ono po \u010demu ga ljudi prepoznaju. Dakle, Travi\u010d mlin ima najve\u0107eg u kraju.","robots":{"index":"index","follow":"follow","max-snippet":"max-snippet:-1","max-image-preview":"max-image-preview:large","max-video-preview":"max-video-preview:-1"},"canonical":"https:\/\/zirzen.com\/en\/travic-mlin\/","og_locale":"en_US","og_type":"article","og_title":"Travi\u010d mlin","og_description":"Travi\u010d mlin je jedna od onih stvari koja nije poznata po sebi samoj nego po ne\u010demu sasvim drugom. Naime, mlin ima vjerojatno najdu\u017ei stol koji ste ikada vidjeli i to je ono po \u010demu ga ljudi prepoznaju. Dakle, Travi\u010d mlin ima najve\u0107eg u kraju.","og_url":"https:\/\/zirzen.com\/en\/travic-mlin\/","og_site_name":"Zir Zen","article_modified_time":"2024-01-24T19:42:34+00:00","og_image":[{"width":2132,"height":1598,"url":"https:\/\/zirzen.com\/wp-content\/uploads\/2023\/07\/Travic-mlin.jpeg","type":"image\/jpeg"}],"twitter_card":"summary_large_image","twitter_title":"Travi\u010d mlin","twitter_description":"Travi\u010d mlin je jedna od onih stvari koja nije poznata po sebi samoj nego po ne\u010demu sasvim drugom. Naime, mlin ima vjerojatno najdu\u017ei stol koji ste ikada vidjeli i to je ono po \u010demu ga ljudi prepoznaju. Dakle, Travi\u010d mlin ima najve\u0107eg u kraju.","twitter_image":"https:\/\/zirzen.com\/wp-content\/uploads\/2023\/07\/Travic-mlin.jpeg","twitter_misc":{"Est. reading time":"1 minute"},"schema":{"@context":"https:\/\/schema.org","@graph":[{"@type":["WebPage","ItemPage"],"@id":"https:\/\/zirzen.com\/travic-mlin\/","url":"https:\/\/zirzen.com\/travic-mlin\/","name":"Travi\u010d mlin - Zir Zen","isPartOf":{"@id":"https:\/\/zirzen.com\/#website"},"datePublished":"2023-07-25T20:52:24+00:00","dateModified":"2024-01-24T19:42:34+00:00","description":"Travi\u010d mlin je jedna od onih stvari koja nije poznata po sebi samoj nego po ne\u010demu sasvim drugom. Naime, mlin ima vjerojatno najdu\u017ei stol koji ste ikada vidjeli i to je ono po \u010demu ga ljudi prepoznaju. Dakle, Travi\u010d mlin ima najve\u0107eg u kraju.","breadcrumb":{"@id":"https:\/\/zirzen.com\/travic-mlin\/#breadcrumb"},"inLanguage":"en-US","potentialAction":[{"@type":"ReadAction","target":["https:\/\/zirzen.com\/travic-mlin\/"]}]},{"@type":"BreadcrumbList","@id":"https:\/\/zirzen.com\/travic-mlin\/#breadcrumb","itemListElement":[{"@type":"ListItem","position":1,"name":"Home","item":"https:\/\/zirzen.com\/"},{"@type":"ListItem","position":2,"name":"Travi\u010d mlin"}]},{"@type":"WebSite","@id":"https:\/\/zirzen.com\/#website","url":"https:\/\/zirzen.com\/","name":"Zir Zen","description":"Jebi ga, kad smo ve\u0107 u Lovincu","publisher":{"@id":"https:\/\/zirzen.com\/#organization"},"potentialAction":[{"@type":"SearchAction","target":{"@type":"EntryPoint","urlTemplate":"https:\/\/zirzen.com\/?s={search_term_string}"},"query-input":"required name=search_term_string"}],"inLanguage":"en-US"},{"@type":"Organization","@id":"https:\/\/zirzen.com\/#organization","name":"Zir Zen","url":"https:\/\/zirzen.com\/","logo":{"@type":"ImageObject","inLanguage":"en-US","@id":"https:\/\/zirzen.com\/#\/schema\/logo\/image\/","url":"https:\/\/zirzen.com\/wp-content\/uploads\/2023\/07\/cropped-Picture1.png","contentUrl":"https:\/\/zirzen.com\/wp-content\/uploads\/2023\/07\/cropped-Picture1.png","width":512,"height":512,"caption":"Zir Zen"},"image":{"@id":"https:\/\/zirzen.com\/#\/schema\/logo\/image\/"}}]}},"_links":{"self":[{"href":"https:\/\/zirzen.com\/en\/wp-json\/wp\/v2\/pages\/1180","targetHints":{"allow":["GET"]}}],"collection":[{"href":"https:\/\/zirzen.com\/en\/wp-json\/wp\/v2\/pages"}],"about":[{"href":"https:\/\/zirzen.com\/en\/wp-json\/wp\/v2\/types\/page"}],"author":[{"embeddable":true,"href":"https:\/\/zirzen.com\/en\/wp-json\/wp\/v2\/users\/1"}],"replies":[{"embeddable":true,"href":"https:\/\/zirzen.com\/en\/wp-json\/wp\/v2\/comments?post=1180"}],"version-history":[{"count":27,"href":"https:\/\/zirzen.com\/en\/wp-json\/wp\/v2\/pages\/1180\/revisions"}],"predecessor-version":[{"id":4514,"href":"https:\/\/zirzen.com\/en\/wp-json\/wp\/v2\/pages\/1180\/revisions\/4514"}],"wp:attachment":[{"href":"https:\/\/zirzen.com\/en\/wp-json\/wp\/v2\/media?parent=1180"}],"curies":[{"name":"wp","href":"https:\/\/api.w.org\/{rel}","templated":true}]}}