{"id":1412,"date":"2023-07-27T21:27:16","date_gmt":"2023-07-27T21:27:16","guid":{"rendered":"https:\/\/zirzen.com\/?page_id=1412"},"modified":"2023-07-28T16:43:16","modified_gmt":"2023-07-28T16:43:16","slug":"korisne-poveznice","status":"publish","type":"page","link":"https:\/\/zirzen.com\/en\/korisne-poveznice\/","title":{"rendered":"Links"},"content":{"rendered":"<div class=\"wp-block-columns full-width align-max is-layout-flex wp-container-core-columns-is-layout-28f84493 wp-block-columns-is-layout-flex\">\n<div class=\"wp-block-column full-width align-max is-layout-flow wp-block-column-is-layout-flow\">\n<div class=\"wp-block-group usefull-links full-width align-max\"><div class=\"wp-block-group__inner-container is-layout-constrained wp-block-group-is-layout-constrained\">\n<div class=\"wp-block-columns is-not-stacked-on-mobile has-background is-layout-flex wp-container-core-columns-is-layout-28f84493 wp-block-columns-is-layout-flex\" style=\"background-color:#f1f1f1\">\n<div class=\"wp-block-column is-layout-flow wp-block-column-is-layout-flow\" style=\"flex-basis:88.66%\">\n<p><strong>Lika Destination<\/strong><\/p>\n\n\n\n<p style=\"font-size:14px\">The ultimate web page to meet Lika. Lika Destination covers the areas of three counties, and in addition to the continental and coastal parts of Lika-Senj County, it also extends to parts of Karlovac County and Zadar County. The main activity of the cluster is the tourist promotion of the destination on the domestic and foreign markets based on its natural, cultural, historical, gastronomic and health features.<\/p>\n\n\n\n<div class=\"wp-block-buttons is-content-justification-left is-layout-flex wp-container-core-buttons-is-layout-fc4fd283 wp-block-buttons-is-layout-flex\">\n<div class=\"wp-block-button has-custom-font-size is-style-fill\" style=\"font-size:14px\"><a class=\"wp-block-button__link has-text-color has-background wp-element-button\" href=\"https:\/\/www.lika-destination.hr\/\" style=\"color:#5194e3;background-color:#f0f6fd\" target=\"_blank\" rel=\"noreferrer noopener\">Visit the site<\/a><\/div>\n<\/div>\n<\/div>\n\n\n\n<div class=\"wp-block-column is-layout-flow wp-block-column-is-layout-flow\" style=\"flex-basis:13.66%\">\n<figure class=\"wp-block-image size-full\"><img decoding=\"async\" src=\"https:\/\/zirzen.com\/wp-content\/uploads\/2023\/07\/lika_destination-e1690544845962.png\" alt=\"Lika Destination\" class=\"wp-image-1454\"\/><\/figure>\n<\/div>\n<\/div>\n<\/div><\/div>\n<\/div>\n\n\n\n<div class=\"wp-block-column full-width align-max is-layout-flow wp-block-column-is-layout-flow\">\n<div class=\"wp-block-group usefull-links full-width align-max\"><div class=\"wp-block-group__inner-container is-layout-constrained wp-block-group-is-layout-constrained\">\n<div class=\"wp-block-columns is-not-stacked-on-mobile has-background is-layout-flex wp-container-core-columns-is-layout-28f84493 wp-block-columns-is-layout-flex\" style=\"background-color:#f1f1f1\">\n<div class=\"wp-block-column is-layout-flow wp-block-column-is-layout-flow\" style=\"flex-basis:88.66%\">\n<p><strong>Planinarenje.hr<\/strong><\/p>\n\n\n\n<p style=\"font-size:14px\">As the authors say, this site was launched with the aim of making it easier for lovers of natural beauty and untouched areas to stay in that environment. In order to fully consume all the benefits, a person should feel safe and know infallibly where he is, where he is going, and how long he has left to reach his goal. Their database of GPS tracks with all relevant information will help you hike safely but also curiously.<\/p>\n\n\n\n<div class=\"wp-block-buttons is-content-justification-left is-layout-flex wp-container-core-buttons-is-layout-fc4fd283 wp-block-buttons-is-layout-flex\">\n<div class=\"wp-block-button has-custom-font-size is-style-fill\" style=\"font-size:14px\"><a class=\"wp-block-button__link has-text-color has-background wp-element-button\" href=\"https:\/\/planinarenje.hr\/\" style=\"color:#5194e3;background-color:#f0f6fd\" target=\"_blank\" rel=\"noreferrer noopener\">Visit the site<\/a><\/div>\n<\/div>\n<\/div>\n\n\n\n<div class=\"wp-block-column is-layout-flow wp-block-column-is-layout-flow\" style=\"flex-basis:13.66%\">\n<figure class=\"wp-block-image size-full\"><img decoding=\"async\" src=\"https:\/\/zirzen.com\/wp-content\/uploads\/2023\/07\/planinarenje.png\" alt=\"\" class=\"wp-image-1456\"\/><\/figure>\n<\/div>\n<\/div>\n<\/div><\/div>\n<\/div>\n<\/div>\n\n\n\n<div class=\"wp-block-columns full-width align-max is-layout-flex wp-container-core-columns-is-layout-28f84493 wp-block-columns-is-layout-flex\">\n<div class=\"wp-block-column full-width align-max is-layout-flow wp-block-column-is-layout-flow\">\n<div class=\"wp-block-group usefull-links full-width align-max\"><div class=\"wp-block-group__inner-container is-layout-constrained wp-block-group-is-layout-constrained\">\n<div class=\"wp-block-columns is-not-stacked-on-mobile has-background is-layout-flex wp-container-core-columns-is-layout-28f84493 wp-block-columns-is-layout-flex\" style=\"background-color:#f1f1f1\">\n<div class=\"wp-block-column is-layout-flow wp-block-column-is-layout-flow\" style=\"flex-basis:88.66%\">\n<p><strong><strong>Srce Velebita<\/strong><\/strong><\/p>\n\n\n\n<p style=\"font-size:14px\">If you think that only two wheels are enough, then Srce Velebita (The Heart of Velebit) association is for you, and their website is the source of all relevant information. They deal with the organization of cycling events, recreational cycling races, hiking programs and similar activities in nature and their promotion. If you don't know where to bike, they offer you a handful of GPS tracks adapted to everyone's abilities.<\/p>\n\n\n\n<div class=\"wp-block-buttons is-content-justification-left is-layout-flex wp-container-core-buttons-is-layout-fc4fd283 wp-block-buttons-is-layout-flex\">\n<div class=\"wp-block-button has-custom-font-size is-style-fill\" style=\"font-size:14px\"><a class=\"wp-block-button__link has-text-color has-background wp-element-button\" href=\"https:\/\/srcevelebita.hr\/\" style=\"color:#5194e3;background-color:#f0f6fd\" target=\"_blank\" rel=\"noreferrer noopener\">Visit the site<\/a><\/div>\n<\/div>\n<\/div>\n\n\n\n<div class=\"wp-block-column is-layout-flow wp-block-column-is-layout-flow\" style=\"flex-basis:13.66%\">\n<figure class=\"wp-block-image size-full\"><img decoding=\"async\" src=\"https:\/\/zirzen.com\/wp-content\/uploads\/2023\/07\/srce_velebita.png\" alt=\"\" class=\"wp-image-1461\"\/><\/figure>\n<\/div>\n<\/div>\n<\/div><\/div>\n<\/div>\n\n\n\n<div class=\"wp-block-column full-width align-max is-layout-flow wp-block-column-is-layout-flow\">\n<div class=\"wp-block-group usefull-links full-width align-max\"><div class=\"wp-block-group__inner-container is-layout-constrained wp-block-group-is-layout-constrained\">\n<div class=\"wp-block-columns is-not-stacked-on-mobile has-background is-layout-flex wp-container-core-columns-is-layout-28f84493 wp-block-columns-is-layout-flex\" style=\"background-color:#f1f1f1\">\n<div class=\"wp-block-column is-layout-flow wp-block-column-is-layout-flow\" style=\"flex-basis:88.66%\">\n<p><strong>Avenza Maps<\/strong><\/p>\n\n\n\n<p style=\"font-size:14px\">I know that you all love mountains and have a lot of experience. I probably have it more than many of you, but still, no matter how well I know Velebit (and not only Velebit), I always have a hiking map with me. Download the Avenza Maps application on your mobile phone and give a few euros for the maps created by the Croatian Mountain Rescue Service. They won't hurt you but they can help you a lot.<\/p>\n\n\n\n<div class=\"wp-block-buttons is-content-justification-left is-layout-flex wp-container-core-buttons-is-layout-fc4fd283 wp-block-buttons-is-layout-flex\">\n<div class=\"wp-block-button has-custom-font-size is-style-fill\" style=\"font-size:14px\"><a class=\"wp-block-button__link has-text-color has-background wp-element-button\" href=\"https:\/\/www.avenza.com\/avenza-maps\/\" style=\"color:#5194e3;background-color:#f0f6fd\" target=\"_blank\" rel=\"noreferrer noopener\">Visit the site<\/a><\/div>\n<\/div>\n<\/div>\n\n\n\n<div class=\"wp-block-column is-layout-flow wp-block-column-is-layout-flow\" style=\"flex-basis:13.66%\">\n<figure class=\"wp-block-image size-full\"><img decoding=\"async\" src=\"https:\/\/zirzen.com\/wp-content\/uploads\/2023\/07\/avenza.webp\" alt=\"\" class=\"wp-image-1469\"\/><\/figure>\n<\/div>\n<\/div>\n<\/div><\/div>\n<\/div>\n<\/div>\n\n\n\n<div class=\"wp-block-columns full-width align-max is-layout-flex wp-container-core-columns-is-layout-28f84493 wp-block-columns-is-layout-flex\">\n<div class=\"wp-block-column full-width align-max is-layout-flow wp-block-column-is-layout-flow\">\n<div class=\"wp-block-group usefull-links full-width align-max\"><div class=\"wp-block-group__inner-container is-layout-constrained wp-block-group-is-layout-constrained\">\n<div class=\"wp-block-columns is-not-stacked-on-mobile has-background is-layout-flex wp-container-core-columns-is-layout-28f84493 wp-block-columns-is-layout-flex\" style=\"background-color:#f1f1f1\">\n<div class=\"wp-block-column is-layout-flow wp-block-column-is-layout-flow\" style=\"flex-basis:88.66%\">\n<p><strong>Lovina\u010dki turisti\u010dki forum<\/strong><\/p>\n\n\n\n<p style=\"font-size:14px\">The Lovinac Tourist Forum (LTF) is a non-profit association founded in 2019 in Lovinac with the aim of promoting, organizing and revitalizing the Lovinac region as a tourist destination. A good place for information about accommodation, gastronomy, events and other tourist stuff.<\/p>\n\n\n\n<div class=\"wp-block-buttons is-content-justification-left is-layout-flex wp-container-core-buttons-is-layout-fc4fd283 wp-block-buttons-is-layout-flex\">\n<div class=\"wp-block-button has-custom-font-size is-style-fill\" style=\"font-size:14px\"><a class=\"wp-block-button__link has-text-color has-background wp-element-button\" href=\"https:\/\/lovinac-lika.hr\/\" style=\"color:#5194e3;background-color:#f0f6fd\" target=\"_blank\" rel=\"noreferrer noopener\">Visit the site<\/a><\/div>\n<\/div>\n<\/div>\n\n\n\n<div class=\"wp-block-column is-layout-flow wp-block-column-is-layout-flow\" style=\"flex-basis:13.66%\">\n<figure class=\"wp-block-image size-full\"><img decoding=\"async\" src=\"https:\/\/zirzen.com\/wp-content\/uploads\/2023\/07\/LTF.png\" alt=\"LTF\" class=\"wp-image-1475\"\/><\/figure>\n<\/div>\n<\/div>\n<\/div><\/div>\n<\/div>\n\n\n\n<div class=\"wp-block-column full-width align-max is-layout-flow wp-block-column-is-layout-flow\">\n<div class=\"wp-block-group usefull-links full-width align-max\"><div class=\"wp-block-group__inner-container is-layout-constrained wp-block-group-is-layout-constrained\">\n<div class=\"wp-block-columns is-not-stacked-on-mobile has-background is-layout-flex wp-container-core-columns-is-layout-28f84493 wp-block-columns-is-layout-flex\" style=\"background-color:#f1f1f1\">\n<div class=\"wp-block-column is-layout-flow wp-block-column-is-layout-flow\" style=\"flex-basis:88.66%\">\n<p><strong>Municipality Lovinac<\/strong><\/p>\n\n\n\n<p style=\"font-size:14px\">Websites of small municipalities usually offer content only for natives and are not very useful for colonizers. We have an exception here. I found a lot of material for the guide \"Damn, we are in Lovinac! What to do now?\" on the website of the Municipality of Lovinac.<\/p>\n\n\n\n<div class=\"wp-block-buttons is-content-justification-left is-layout-flex wp-container-core-buttons-is-layout-fc4fd283 wp-block-buttons-is-layout-flex\">\n<div class=\"wp-block-button has-custom-font-size is-style-fill\" style=\"font-size:14px\"><a class=\"wp-block-button__link has-text-color has-background wp-element-button\" href=\"https:\/\/www.lovinac.hr\/\" style=\"color:#5194e3;background-color:#f0f6fd\" target=\"_blank\" rel=\"noreferrer noopener\">Visit the site<\/a><\/div>\n<\/div>\n<\/div>\n\n\n\n<div class=\"wp-block-column is-layout-flow wp-block-column-is-layout-flow\" style=\"flex-basis:13.66%\">\n<figure class=\"wp-block-image size-full\"><img decoding=\"async\" src=\"https:\/\/zirzen.com\/wp-content\/uploads\/2023\/07\/Opcina-Lovinac.png\" alt=\"Op\u0107ina Lovinac\" class=\"wp-image-1476\"\/><\/figure>\n<\/div>\n<\/div>\n<\/div><\/div>\n<\/div>\n<\/div>\n\n\n\n<div class=\"wp-block-columns full-width align-max is-layout-flex wp-container-core-columns-is-layout-28f84493 wp-block-columns-is-layout-flex\">\n<div class=\"wp-block-column full-width align-max is-layout-flow wp-block-column-is-layout-flow\">\n<div class=\"wp-block-group usefull-links full-width align-max\"><div class=\"wp-block-group__inner-container is-layout-constrained wp-block-group-is-layout-constrained\">\n<div class=\"wp-block-columns is-not-stacked-on-mobile has-background is-layout-flex wp-container-core-columns-is-layout-28f84493 wp-block-columns-is-layout-flex\" style=\"background-color:#f1f1f1\">\n<div class=\"wp-block-column is-layout-flow wp-block-column-is-layout-flow\" style=\"flex-basis:88.66%\">\n<p><strong>Kulturno informativni centar Lovinac<\/strong><\/p>\n\n\n\n<p style=\"font-size:14px\">The Lovinac Cultural Information Center (KIC) is, I think, a very modern name for the local community, which is normally in the same building as the firemen, but in Lovinac this is not the case because the firemen are in Sveti Rok. They organize and host all kinds of things. From private parties to artistic and technical workshops. Sometimes there are really cool things.<\/p>\n\n\n\n<div class=\"wp-block-buttons is-content-justification-left is-layout-flex wp-container-core-buttons-is-layout-fc4fd283 wp-block-buttons-is-layout-flex\">\n<div class=\"wp-block-button has-custom-font-size is-style-fill\" style=\"font-size:14px\"><a class=\"wp-block-button__link has-text-color has-background wp-element-button\" href=\"https:\/\/lovinac-lika.hr\/\" style=\"color:#5194e3;background-color:#f0f6fd\" target=\"_blank\" rel=\"noreferrer noopener\">Visit the site<\/a><\/div>\n<\/div>\n<\/div>\n\n\n\n<div class=\"wp-block-column is-layout-flow wp-block-column-is-layout-flow\" style=\"flex-basis:13.66%\">\n<figure class=\"wp-block-image size-full\"><img decoding=\"async\" src=\"https:\/\/zirzen.com\/wp-content\/uploads\/2023\/07\/KIC.png\" alt=\"\" class=\"wp-image-1477\"\/><\/figure>\n<\/div>\n<\/div>\n<\/div><\/div>\n<\/div>\n\n\n\n<div class=\"wp-block-column full-width align-max is-layout-flow wp-block-column-is-layout-flow\"><\/div>\n<\/div>","protected":false},"excerpt":{"rendered":"<p>Lika Destination Ultimativna lokacija za upoznavanje Like. Lika Destination obuhva\u0107a podru\u010dja triju \u017eupanija te osim kontinentalnog i priobalnog dijela Li\u010dko-senjske \u017eupanije, prote\u017ee se i na dijelove Karlova\u010dke te Zadarske \u017eupanije. Osnovna djelatnost klastera je turisti\u010dka promocija destinacije na doma\u0107em i inozemnom tr\u017ei\u0161tu temeljem prirodnih, kulturnih, povijesnih, gastronomskih i zdravstvenih zna\u010dajki. Planinarenje.hr Kako autori ka\u017eu, ova<a class=\"more-link\" href=\"https:\/\/zirzen.com\/en\/korisne-poveznice\/\">Continue reading <span class=\"screen-reader-text\">&#8220;Poveznice&#8221;<\/span><\/a><\/p>","protected":false},"author":1,"featured_media":0,"parent":0,"menu_order":0,"comment_status":"closed","ping_status":"closed","template":"","meta":{"_monsterinsights_skip_tracking":false,"_monsterinsights_sitenote_active":false,"_monsterinsights_sitenote_note":"","_monsterinsights_sitenote_category":0,"footnotes":""},"class_list":["post-1412","page","type-page","status-publish","hentry","entry"],"yoast_head":"<!-- This site is optimized with the Yoast SEO plugin v20.13 - https:\/\/yoast.com\/wordpress\/plugins\/seo\/ -->\n<title>Poveznice - Zir Zen<\/title>\n<meta name=\"robots\" content=\"index, follow, max-snippet:-1, max-image-preview:large, max-video-preview:-1\" \/>\n<link rel=\"canonical\" href=\"https:\/\/zirzen.com\/en\/korisne-poveznice\/\" \/>\n<meta property=\"og:locale\" content=\"en_US\" \/>\n<meta property=\"og:type\" content=\"article\" \/>\n<meta property=\"og:title\" content=\"Poveznice - Zir Zen\" \/>\n<meta property=\"og:description\" content=\"Lika Destination Ultimativna lokacija za upoznavanje Like. Lika Destination obuhva\u0107a podru\u010dja triju \u017eupanija te osim kontinentalnog i priobalnog dijela Li\u010dko-senjske \u017eupanije, prote\u017ee se i na dijelove Karlova\u010dke te Zadarske \u017eupanije. Osnovna djelatnost klastera je turisti\u010dka promocija destinacije na doma\u0107em i inozemnom tr\u017ei\u0161tu temeljem prirodnih, kulturnih, povijesnih, gastronomskih i zdravstvenih zna\u010dajki. Planinarenje.hr Kako autori ka\u017eu, ovaContinue reading &quot;Poveznice&quot;\" \/>\n<meta property=\"og:url\" content=\"https:\/\/zirzen.com\/en\/korisne-poveznice\/\" \/>\n<meta property=\"og:site_name\" content=\"Zir Zen\" \/>\n<meta property=\"article:modified_time\" content=\"2023-07-28T16:43:16+00:00\" \/>\n<meta property=\"og:image\" content=\"https:\/\/zirzen.com\/wp-content\/uploads\/2023\/07\/lika_destination-e1690544845962.png\" \/>\n<meta name=\"twitter:card\" content=\"summary_large_image\" \/>\n<meta name=\"twitter:label1\" content=\"Est. reading time\" \/>\n\t<meta name=\"twitter:data1\" content=\"2 minutes\" \/>\n<script type=\"application\/ld+json\" class=\"yoast-schema-graph\">{\"@context\":\"https:\/\/schema.org\",\"@graph\":[{\"@type\":\"WebPage\",\"@id\":\"https:\/\/zirzen.com\/korisne-poveznice\/\",\"url\":\"https:\/\/zirzen.com\/korisne-poveznice\/\",\"name\":\"Poveznice - Zir Zen\",\"isPartOf\":{\"@id\":\"https:\/\/zirzen.com\/#website\"},\"datePublished\":\"2023-07-27T21:27:16+00:00\",\"dateModified\":\"2023-07-28T16:43:16+00:00\",\"breadcrumb\":{\"@id\":\"https:\/\/zirzen.com\/korisne-poveznice\/#breadcrumb\"},\"inLanguage\":\"en-US\",\"potentialAction\":[{\"@type\":\"ReadAction\",\"target\":[\"https:\/\/zirzen.com\/korisne-poveznice\/\"]}]},{\"@type\":\"BreadcrumbList\",\"@id\":\"https:\/\/zirzen.com\/korisne-poveznice\/#breadcrumb\",\"itemListElement\":[{\"@type\":\"ListItem\",\"position\":1,\"name\":\"Home\",\"item\":\"https:\/\/zirzen.com\/\"},{\"@type\":\"ListItem\",\"position\":2,\"name\":\"Poveznice\"}]},{\"@type\":\"WebSite\",\"@id\":\"https:\/\/zirzen.com\/#website\",\"url\":\"https:\/\/zirzen.com\/\",\"name\":\"Zir Zen\",\"description\":\"Jebi ga, kad smo ve\u0107 u Lovincu\",\"publisher\":{\"@id\":\"https:\/\/zirzen.com\/#organization\"},\"potentialAction\":[{\"@type\":\"SearchAction\",\"target\":{\"@type\":\"EntryPoint\",\"urlTemplate\":\"https:\/\/zirzen.com\/?s={search_term_string}\"},\"query-input\":\"required name=search_term_string\"}],\"inLanguage\":\"en-US\"},{\"@type\":\"Organization\",\"@id\":\"https:\/\/zirzen.com\/#organization\",\"name\":\"Zir Zen\",\"url\":\"https:\/\/zirzen.com\/\",\"logo\":{\"@type\":\"ImageObject\",\"inLanguage\":\"en-US\",\"@id\":\"https:\/\/zirzen.com\/#\/schema\/logo\/image\/\",\"url\":\"https:\/\/zirzen.com\/wp-content\/uploads\/2023\/07\/cropped-Picture1.png\",\"contentUrl\":\"https:\/\/zirzen.com\/wp-content\/uploads\/2023\/07\/cropped-Picture1.png\",\"width\":512,\"height\":512,\"caption\":\"Zir Zen\"},\"image\":{\"@id\":\"https:\/\/zirzen.com\/#\/schema\/logo\/image\/\"}}]}<\/script>\n<!-- \/ Yoast SEO plugin. -->","yoast_head_json":{"title":"Poveznice - Zir Zen","robots":{"index":"index","follow":"follow","max-snippet":"max-snippet:-1","max-image-preview":"max-image-preview:large","max-video-preview":"max-video-preview:-1"},"canonical":"https:\/\/zirzen.com\/en\/korisne-poveznice\/","og_locale":"en_US","og_type":"article","og_title":"Poveznice - Zir Zen","og_description":"Lika Destination Ultimativna lokacija za upoznavanje Like. Lika Destination obuhva\u0107a podru\u010dja triju \u017eupanija te osim kontinentalnog i priobalnog dijela Li\u010dko-senjske \u017eupanije, prote\u017ee se i na dijelove Karlova\u010dke te Zadarske \u017eupanije. Osnovna djelatnost klastera je turisti\u010dka promocija destinacije na doma\u0107em i inozemnom tr\u017ei\u0161tu temeljem prirodnih, kulturnih, povijesnih, gastronomskih i zdravstvenih zna\u010dajki. Planinarenje.hr Kako autori ka\u017eu, ovaContinue reading \"Poveznice\"","og_url":"https:\/\/zirzen.com\/en\/korisne-poveznice\/","og_site_name":"Zir Zen","article_modified_time":"2023-07-28T16:43:16+00:00","og_image":[{"url":"https:\/\/zirzen.com\/wp-content\/uploads\/2023\/07\/lika_destination-e1690544845962.png"}],"twitter_card":"summary_large_image","twitter_misc":{"Est. reading time":"2 minutes"},"schema":{"@context":"https:\/\/schema.org","@graph":[{"@type":"WebPage","@id":"https:\/\/zirzen.com\/korisne-poveznice\/","url":"https:\/\/zirzen.com\/korisne-poveznice\/","name":"Poveznice - Zir Zen","isPartOf":{"@id":"https:\/\/zirzen.com\/#website"},"datePublished":"2023-07-27T21:27:16+00:00","dateModified":"2023-07-28T16:43:16+00:00","breadcrumb":{"@id":"https:\/\/zirzen.com\/korisne-poveznice\/#breadcrumb"},"inLanguage":"en-US","potentialAction":[{"@type":"ReadAction","target":["https:\/\/zirzen.com\/korisne-poveznice\/"]}]},{"@type":"BreadcrumbList","@id":"https:\/\/zirzen.com\/korisne-poveznice\/#breadcrumb","itemListElement":[{"@type":"ListItem","position":1,"name":"Home","item":"https:\/\/zirzen.com\/"},{"@type":"ListItem","position":2,"name":"Poveznice"}]},{"@type":"WebSite","@id":"https:\/\/zirzen.com\/#website","url":"https:\/\/zirzen.com\/","name":"Zir Zen","description":"Jebi ga, kad smo ve\u0107 u Lovincu","publisher":{"@id":"https:\/\/zirzen.com\/#organization"},"potentialAction":[{"@type":"SearchAction","target":{"@type":"EntryPoint","urlTemplate":"https:\/\/zirzen.com\/?s={search_term_string}"},"query-input":"required name=search_term_string"}],"inLanguage":"en-US"},{"@type":"Organization","@id":"https:\/\/zirzen.com\/#organization","name":"Zir Zen","url":"https:\/\/zirzen.com\/","logo":{"@type":"ImageObject","inLanguage":"en-US","@id":"https:\/\/zirzen.com\/#\/schema\/logo\/image\/","url":"https:\/\/zirzen.com\/wp-content\/uploads\/2023\/07\/cropped-Picture1.png","contentUrl":"https:\/\/zirzen.com\/wp-content\/uploads\/2023\/07\/cropped-Picture1.png","width":512,"height":512,"caption":"Zir Zen"},"image":{"@id":"https:\/\/zirzen.com\/#\/schema\/logo\/image\/"}}]}},"_links":{"self":[{"href":"https:\/\/zirzen.com\/en\/wp-json\/wp\/v2\/pages\/1412","targetHints":{"allow":["GET"]}}],"collection":[{"href":"https:\/\/zirzen.com\/en\/wp-json\/wp\/v2\/pages"}],"about":[{"href":"https:\/\/zirzen.com\/en\/wp-json\/wp\/v2\/types\/page"}],"author":[{"embeddable":true,"href":"https:\/\/zirzen.com\/en\/wp-json\/wp\/v2\/users\/1"}],"replies":[{"embeddable":true,"href":"https:\/\/zirzen.com\/en\/wp-json\/wp\/v2\/comments?post=1412"}],"version-history":[{"count":26,"href":"https:\/\/zirzen.com\/en\/wp-json\/wp\/v2\/pages\/1412\/revisions"}],"predecessor-version":[{"id":1486,"href":"https:\/\/zirzen.com\/en\/wp-json\/wp\/v2\/pages\/1412\/revisions\/1486"}],"wp:attachment":[{"href":"https:\/\/zirzen.com\/en\/wp-json\/wp\/v2\/media?parent=1412"}],"curies":[{"name":"wp","href":"https:\/\/api.w.org\/{rel}","templated":true}]}}