{"id":1538,"date":"2023-07-29T08:55:55","date_gmt":"2023-07-29T08:55:55","guid":{"rendered":"https:\/\/zirzen.com\/?page_id=1538"},"modified":"2023-10-10T22:04:43","modified_gmt":"2023-10-10T20:04:43","slug":"benkovacki-sajam-2","status":"publish","type":"page","link":"https:\/\/zirzen.com\/en\/benkovacki-sajam-2\/","title":{"rendered":"Benkovac fair"},"content":{"rendered":"<h2 class=\"wp-block-heading has-text-align-center\">Benkovac fair<\/h2>\n\n\n\n<div class=\"wp-block-columns is-layout-flex wp-container-core-columns-is-layout-28f84493 wp-block-columns-is-layout-flex\">\n<div class=\"wp-block-column is-layout-flow wp-block-column-is-layout-flow\" style=\"flex-basis:33.33%\">\n<div class=\"wp-block-group attraction-left-side\"><div class=\"wp-block-group__inner-container is-layout-constrained wp-block-group-is-layout-constrained\">\n<figure class=\"wp-block-image size-large agl agl-fadeCSS agl-in-distance-1\"><img loading=\"lazy\" decoding=\"async\" width=\"1024\" height=\"768\" src=\"https:\/\/zirzen.com\/wp-content\/uploads\/2023\/07\/Benkovacki-sajam-scaled-1024x768.jpg\" alt=\"\" class=\"wp-image-2568\" srcset=\"https:\/\/zirzen.com\/wp-content\/uploads\/2023\/07\/Benkovacki-sajam-scaled-1024x768.jpg 1024w, https:\/\/zirzen.com\/wp-content\/uploads\/2023\/07\/Benkovacki-sajam-scaled-300x225.jpg 300w, https:\/\/zirzen.com\/wp-content\/uploads\/2023\/07\/Benkovacki-sajam-scaled-768x576.jpg 768w, https:\/\/zirzen.com\/wp-content\/uploads\/2023\/07\/Benkovacki-sajam-scaled-1536x1152.jpg 1536w, https:\/\/zirzen.com\/wp-content\/uploads\/2023\/07\/Benkovacki-sajam-scaled-2048x1536.jpg 2048w, https:\/\/zirzen.com\/wp-content\/uploads\/2023\/07\/Benkovacki-sajam-scaled-16x12.jpg 16w, https:\/\/zirzen.com\/wp-content\/uploads\/2023\/07\/Benkovacki-sajam-scaled-1568x1176.jpg 1568w\" sizes=\"auto, (max-width: 1024px) 100vw, 1024px\" \/><\/figure>\n\n\n\n<p class=\"has-text-align-center attraction-links has-small-font-size\"><a href=\"https:\/\/youtu.be\/KULzzsU1tDw\" target=\"_blank\" rel=\"noreferrer noopener\"><i class=\"fab fa-youtube\"><\/i><\/a> <a href=\"https:\/\/www.facebook.com\/people\/Benkova%C4%8Dki-sajam\/100046525250160\/?locale=hr_HR\" data-type=\"URL\" data-id=\"https:\/\/hr-hr.facebook.com\/hostelsvrok\/\" target=\"_blank\" rel=\"noreferrer noopener\"><i class=\"fab fa-facebook\"><\/i><\/a><\/p>\n<\/div><\/div>\n\n\n\n<p class=\"has-text-align-left has-small-font-size\"><strong>Time:<\/strong> 65 min <i class=\"fas fa-car\"><\/i><br><strong>Kids:<\/strong> Yes<br><strong>Dogs:<\/strong> Yes<\/p>\n\n\n\n<hr class=\"wp-block-separator has-alpha-channel-opacity\"\/>\n\n\n\n<div class=\"wp-block-buttons has-custom-font-size has-small-font-size agl agl-wipeCSS agl-in-distance-1 is-content-justification-center is-layout-flex wp-container-core-buttons-is-layout-a89b3969 wp-block-buttons-is-layout-flex\">\n<div class=\"wp-block-button is-style-fill\"><a class=\"wp-block-button__link has-foreground-color has-text-color has-background wp-element-button\" style=\"border-radius:16px;background-color:#d7d7d7;padding-top:10px;padding-right:10px;padding-bottom:10px;padding-left:10px\"><i class=\"fas fa-basket-shopping\"><\/i><\/a><\/div>\n\n\n\n<div class=\"wp-block-button is-style-fill\"><a class=\"wp-block-button__link has-foreground-color has-text-color has-background wp-element-button\" style=\"border-radius:16px;background-color:#d7d7d7;padding-top:10px;padding-right:10px;padding-bottom:10px;padding-left:10px\"><i class=\"fas fa-utensils\"><\/i><\/a><\/div>\n<\/div>\n<\/div>\n\n\n\n<div class=\"wp-block-column is-layout-flow wp-block-column-is-layout-flow\" style=\"flex-basis:66.66%\">\n<p class=\"has-small-font-size\">Regardless of whether you like these kinds of village events or find them extremely repulsive, I suggest you visit them because every day they lose their originality. That tradition will once and for all lose its spirit. The fair in Benkovac is held every tenth of the month.<\/p>\n\n\n\n<p class=\"has-small-font-size\">The Benkovac Fair boasts a centuries-old tradition, and the people of Benkovac will do their best to keep it alive for at least that long. If you thought that there is little interest in such events, you may be right, but not in the case of Benkovac. Up to 10,000 people gather here every month. Increasingly, these are also foreign tourists.<\/p>\n\n\n\n<p class=\"has-small-font-size\">At the fair, you can buy everything: broken televisions, broken chainsaws, lost screws, gedoras, plows, tape recorders, Hoka sneakers number 44, right-wing and religious iconography, license plates for criminal activities, chickens, ducklings, turkeys, pigs, dried figs, honey , scones, magic potions...<\/p>\n\n\n\n<p class=\"has-small-font-size\">But the main reason why many come is the roast lamb and pork, which are eaten here as early as 6 in the morning. <\/p>\n<\/div>\n<\/div>\n\n\n\n<div class=\"wp-block-group has-background has-small-font-size\" style=\"background-color:#f1f1f1\"><div class=\"wp-block-group__inner-container is-layout-constrained wp-block-group-is-layout-constrained\">\n<div class=\"leaflet-map WPLeafletMap\" style=\"height:450px; width:100%;\"><\/div><script>\nwindow.WPLeafletMapPlugin = window.WPLeafletMapPlugin || [];\nwindow.WPLeafletMapPlugin.push(function WPLeafletMapShortcode() {\/*<script>*\/\nvar baseUrl = atob('aHR0cHM6Ly97c30udGlsZS5vcGVuc3RyZWV0bWFwLm9yZy97en0ve3h9L3t5fS5wbmc=');\nvar base = (!baseUrl && window.MQ) ? \n    window.MQ.mapLayer() : L.tileLayer(baseUrl, \n        L.Util.extend({}, {\n            detectRetina: 0,\n        }, \n        {\"subdomains\":\"abc\",\"noWrap\":false}        )\n    );\n    var options = L.Util.extend({}, {\n        layers: [base],\n        attributionControl: false\n    }, \n    {\"zoomControl\":true,\"scrollWheelZoom\":true,\"doubleClickZoom\":false,\"fitBounds\":false,\"minZoom\":0,\"maxZoom\":19,\"maxBounds\":null,\"attribution\":\"<a href=\\\"http:\\\/\\\/leafletjs.com\\\" title=\\\"A JS library for interactive maps\\\">Leaflet<\\\/a>; \\u00a9 <a href=\\\"http:\\\/\\\/www.openstreetmap.org\\\/copyright\\\">OpenStreetMap<\\\/a> contributors\"}, \n    {});\nwindow.WPLeafletMapPlugin.createMap(options).setView([44.04493,15.615684],13);});<\/script>\n\n<script>\nwindow.WPLeafletMapPlugin = window.WPLeafletMapPlugin || [];\nwindow.WPLeafletMapPlugin.push(function WPLeafletMarkerShortcode() {\/*<script>*\/\nvar map = window.WPLeafletMapPlugin.getCurrentMap();\nvar group = window.WPLeafletMapPlugin.getCurrentGroup();\nvar marker_options = window.WPLeafletMapPlugin.getIconOptions({\"svg\":true,\"background\":\"black\",\"iconClass\":\"fas fa-basket-shopping\",\"color\":\"white\"});\nvar marker = new L.SVGMarker(\n    [44.04493,15.615684], \n    marker_options\n);\nvar is_image = map.is_image_map;\nif (marker_options.draggable) {\n    marker.on('dragend', function () {\n        var latlng = this.getLatLng();\n        var lat = latlng.lat;\n        var lng = latlng.lng;\n        if (is_image) {\n            console.log('leaflet-marker y=' + lat + ' x=' + lng);\n        } else {\n            console.log('leaflet-marker lat=' + lat + ' lng=' + lng);\n        }\n    });\n}\nmarker.addTo( group );\nmarker.bindPopup(window.WPLeafletMapPlugin.unescape('Benkova\u010dki sajam'));window.WPLeafletMapPlugin.markers.push( marker );\n        });<\/script> \n<\/div><\/div>","protected":false},"excerpt":{"rendered":"<p>Benkovacki sajam Vrijeme: 65 min Klinci: DaPsi: Da Bez obzira da li vam se ovakva seoska doga\u0111anja svi\u0111ala ili vam bila krajnje odbojna, predla\u017eem da ih posjetite jer svakim danom gube na izvornosti. Ta tradicija jednom \u0107e nepovratno izgubiti duh. Sajam u Benkovcu odr\u017eava se svakog desetog u mjesecu. Benkova\u010dki sajam hvali se stoljetnom tradicijom,<a class=\"more-link\" href=\"https:\/\/zirzen.com\/en\/benkovacki-sajam-2\/\">Continue reading <span class=\"screen-reader-text\">&#8220;Benkova\u010dki sajam&#8221;<\/span><\/a><\/p>","protected":false},"author":1,"featured_media":0,"parent":0,"menu_order":0,"comment_status":"closed","ping_status":"closed","template":"","meta":{"_monsterinsights_skip_tracking":false,"_monsterinsights_sitenote_active":false,"_monsterinsights_sitenote_note":"","_monsterinsights_sitenote_category":0,"footnotes":""},"class_list":["post-1538","page","type-page","status-publish","hentry","entry"],"yoast_head":"<!-- This site is optimized with the Yoast SEO plugin v20.13 - https:\/\/yoast.com\/wordpress\/plugins\/seo\/ -->\n<title>Benkova\u010dki sajam - Zir Zen<\/title>\n<meta name=\"robots\" content=\"index, follow, max-snippet:-1, max-image-preview:large, max-video-preview:-1\" \/>\n<link rel=\"canonical\" href=\"https:\/\/zirzen.com\/en\/benkovacki-sajam-2\/\" \/>\n<meta property=\"og:locale\" content=\"en_US\" \/>\n<meta property=\"og:type\" content=\"article\" \/>\n<meta property=\"og:title\" content=\"Benkova\u010dki sajam - Zir Zen\" \/>\n<meta property=\"og:description\" content=\"Benkovacki sajam Vrijeme: 65 min Klinci: DaPsi: Da Bez obzira da li vam se ovakva seoska doga\u0111anja svi\u0111ala ili vam bila krajnje odbojna, predla\u017eem da ih posjetite jer svakim danom gube na izvornosti. Ta tradicija jednom \u0107e nepovratno izgubiti duh. Sajam u Benkovcu odr\u017eava se svakog desetog u mjesecu. Benkova\u010dki sajam hvali se stoljetnom tradicijom,Continue reading &quot;Benkova\u010dki sajam&quot;\" \/>\n<meta property=\"og:url\" content=\"https:\/\/zirzen.com\/en\/benkovacki-sajam-2\/\" \/>\n<meta property=\"og:site_name\" content=\"Zir Zen\" \/>\n<meta property=\"article:modified_time\" content=\"2023-10-10T20:04:43+00:00\" \/>\n<meta property=\"og:image\" content=\"https:\/\/zirzen.com\/wp-content\/uploads\/2023\/07\/Benkovacki-sajam-scaled-1024x768.jpg\" \/>\n<meta name=\"twitter:card\" content=\"summary_large_image\" \/>\n<meta name=\"twitter:label1\" content=\"Est. reading time\" \/>\n\t<meta name=\"twitter:data1\" content=\"2 minutes\" \/>\n<script type=\"application\/ld+json\" class=\"yoast-schema-graph\">{\"@context\":\"https:\/\/schema.org\",\"@graph\":[{\"@type\":\"WebPage\",\"@id\":\"https:\/\/zirzen.com\/benkovacki-sajam-2\/\",\"url\":\"https:\/\/zirzen.com\/benkovacki-sajam-2\/\",\"name\":\"Benkova\u010dki sajam - Zir Zen\",\"isPartOf\":{\"@id\":\"https:\/\/zirzen.com\/#website\"},\"datePublished\":\"2023-07-29T08:55:55+00:00\",\"dateModified\":\"2023-10-10T20:04:43+00:00\",\"breadcrumb\":{\"@id\":\"https:\/\/zirzen.com\/benkovacki-sajam-2\/#breadcrumb\"},\"inLanguage\":\"en-US\",\"potentialAction\":[{\"@type\":\"ReadAction\",\"target\":[\"https:\/\/zirzen.com\/benkovacki-sajam-2\/\"]}]},{\"@type\":\"BreadcrumbList\",\"@id\":\"https:\/\/zirzen.com\/benkovacki-sajam-2\/#breadcrumb\",\"itemListElement\":[{\"@type\":\"ListItem\",\"position\":1,\"name\":\"Home\",\"item\":\"https:\/\/zirzen.com\/\"},{\"@type\":\"ListItem\",\"position\":2,\"name\":\"Benkova\u010dki sajam\"}]},{\"@type\":\"WebSite\",\"@id\":\"https:\/\/zirzen.com\/#website\",\"url\":\"https:\/\/zirzen.com\/\",\"name\":\"Zir Zen\",\"description\":\"Jebi ga, kad smo ve\u0107 u Lovincu\",\"publisher\":{\"@id\":\"https:\/\/zirzen.com\/#organization\"},\"potentialAction\":[{\"@type\":\"SearchAction\",\"target\":{\"@type\":\"EntryPoint\",\"urlTemplate\":\"https:\/\/zirzen.com\/?s={search_term_string}\"},\"query-input\":\"required name=search_term_string\"}],\"inLanguage\":\"en-US\"},{\"@type\":\"Organization\",\"@id\":\"https:\/\/zirzen.com\/#organization\",\"name\":\"Zir Zen\",\"url\":\"https:\/\/zirzen.com\/\",\"logo\":{\"@type\":\"ImageObject\",\"inLanguage\":\"en-US\",\"@id\":\"https:\/\/zirzen.com\/#\/schema\/logo\/image\/\",\"url\":\"https:\/\/zirzen.com\/wp-content\/uploads\/2023\/07\/cropped-Picture1.png\",\"contentUrl\":\"https:\/\/zirzen.com\/wp-content\/uploads\/2023\/07\/cropped-Picture1.png\",\"width\":512,\"height\":512,\"caption\":\"Zir Zen\"},\"image\":{\"@id\":\"https:\/\/zirzen.com\/#\/schema\/logo\/image\/\"}}]}<\/script>\n<!-- \/ Yoast SEO plugin. -->","yoast_head_json":{"title":"Benkova\u010dki sajam - Zir Zen","robots":{"index":"index","follow":"follow","max-snippet":"max-snippet:-1","max-image-preview":"max-image-preview:large","max-video-preview":"max-video-preview:-1"},"canonical":"https:\/\/zirzen.com\/en\/benkovacki-sajam-2\/","og_locale":"en_US","og_type":"article","og_title":"Benkova\u010dki sajam - Zir Zen","og_description":"Benkovacki sajam Vrijeme: 65 min Klinci: DaPsi: Da Bez obzira da li vam se ovakva seoska doga\u0111anja svi\u0111ala ili vam bila krajnje odbojna, predla\u017eem da ih posjetite jer svakim danom gube na izvornosti. Ta tradicija jednom \u0107e nepovratno izgubiti duh. Sajam u Benkovcu odr\u017eava se svakog desetog u mjesecu. Benkova\u010dki sajam hvali se stoljetnom tradicijom,Continue reading \"Benkova\u010dki sajam\"","og_url":"https:\/\/zirzen.com\/en\/benkovacki-sajam-2\/","og_site_name":"Zir Zen","article_modified_time":"2023-10-10T20:04:43+00:00","og_image":[{"url":"https:\/\/zirzen.com\/wp-content\/uploads\/2023\/07\/Benkovacki-sajam-scaled-1024x768.jpg"}],"twitter_card":"summary_large_image","twitter_misc":{"Est. reading time":"2 minutes"},"schema":{"@context":"https:\/\/schema.org","@graph":[{"@type":"WebPage","@id":"https:\/\/zirzen.com\/benkovacki-sajam-2\/","url":"https:\/\/zirzen.com\/benkovacki-sajam-2\/","name":"Benkova\u010dki sajam - Zir Zen","isPartOf":{"@id":"https:\/\/zirzen.com\/#website"},"datePublished":"2023-07-29T08:55:55+00:00","dateModified":"2023-10-10T20:04:43+00:00","breadcrumb":{"@id":"https:\/\/zirzen.com\/benkovacki-sajam-2\/#breadcrumb"},"inLanguage":"en-US","potentialAction":[{"@type":"ReadAction","target":["https:\/\/zirzen.com\/benkovacki-sajam-2\/"]}]},{"@type":"BreadcrumbList","@id":"https:\/\/zirzen.com\/benkovacki-sajam-2\/#breadcrumb","itemListElement":[{"@type":"ListItem","position":1,"name":"Home","item":"https:\/\/zirzen.com\/"},{"@type":"ListItem","position":2,"name":"Benkova\u010dki sajam"}]},{"@type":"WebSite","@id":"https:\/\/zirzen.com\/#website","url":"https:\/\/zirzen.com\/","name":"Zir Zen","description":"Jebi ga, kad smo ve\u0107 u Lovincu","publisher":{"@id":"https:\/\/zirzen.com\/#organization"},"potentialAction":[{"@type":"SearchAction","target":{"@type":"EntryPoint","urlTemplate":"https:\/\/zirzen.com\/?s={search_term_string}"},"query-input":"required name=search_term_string"}],"inLanguage":"en-US"},{"@type":"Organization","@id":"https:\/\/zirzen.com\/#organization","name":"Zir Zen","url":"https:\/\/zirzen.com\/","logo":{"@type":"ImageObject","inLanguage":"en-US","@id":"https:\/\/zirzen.com\/#\/schema\/logo\/image\/","url":"https:\/\/zirzen.com\/wp-content\/uploads\/2023\/07\/cropped-Picture1.png","contentUrl":"https:\/\/zirzen.com\/wp-content\/uploads\/2023\/07\/cropped-Picture1.png","width":512,"height":512,"caption":"Zir Zen"},"image":{"@id":"https:\/\/zirzen.com\/#\/schema\/logo\/image\/"}}]}},"_links":{"self":[{"href":"https:\/\/zirzen.com\/en\/wp-json\/wp\/v2\/pages\/1538","targetHints":{"allow":["GET"]}}],"collection":[{"href":"https:\/\/zirzen.com\/en\/wp-json\/wp\/v2\/pages"}],"about":[{"href":"https:\/\/zirzen.com\/en\/wp-json\/wp\/v2\/types\/page"}],"author":[{"embeddable":true,"href":"https:\/\/zirzen.com\/en\/wp-json\/wp\/v2\/users\/1"}],"replies":[{"embeddable":true,"href":"https:\/\/zirzen.com\/en\/wp-json\/wp\/v2\/comments?post=1538"}],"version-history":[{"count":17,"href":"https:\/\/zirzen.com\/en\/wp-json\/wp\/v2\/pages\/1538\/revisions"}],"predecessor-version":[{"id":4278,"href":"https:\/\/zirzen.com\/en\/wp-json\/wp\/v2\/pages\/1538\/revisions\/4278"}],"wp:attachment":[{"href":"https:\/\/zirzen.com\/en\/wp-json\/wp\/v2\/media?parent=1538"}],"curies":[{"name":"wp","href":"https:\/\/api.w.org\/{rel}","templated":true}]}}