{"id":1572,"date":"2023-07-29T12:18:48","date_gmt":"2023-07-29T12:18:48","guid":{"rendered":"https:\/\/zirzen.com\/?page_id=1572"},"modified":"2023-10-10T21:58:25","modified_gmt":"2023-10-10T19:58:25","slug":"spomenik-nob-u","status":"publish","type":"page","link":"https:\/\/zirzen.com\/en\/spomenik-nob-u\/","title":{"rendered":"NOB monument"},"content":{"rendered":"<h2 class=\"wp-block-heading has-text-align-center\">NOB monument<\/h2>\n\n\n\n<div class=\"wp-block-columns is-layout-flex wp-container-core-columns-is-layout-28f84493 wp-block-columns-is-layout-flex\">\n<div class=\"wp-block-column is-layout-flow wp-block-column-is-layout-flow\" style=\"flex-basis:33.33%\">\n<figure class=\"wp-block-image size-large is-style-default agl agl-fadeCSS agl-in-distance-1\"><img decoding=\"async\" src=\"https:\/\/zirzen.com\/wp-content\/uploads\/2023\/07\/Spomenik-NOB-u-1024x768.jpeg\" alt=\"Spomenik NOB\" class=\"wp-image-1571\"\/><\/figure>\n\n\n\n<p class=\"has-text-align-left has-small-font-size\"><strong>Time:<\/strong> 38 min <i class=\"fas fa-car\"><\/i><br><strong>Kids:<\/strong> Yes<br><strong>Dogs:<\/strong> Yes<\/p>\n\n\n\n<hr class=\"wp-block-separator has-alpha-channel-opacity\"\/>\n\n\n\n<div class=\"wp-block-buttons has-custom-font-size has-small-font-size agl agl-wipeCSS agl-in-distance-1 is-content-justification-center is-layout-flex wp-container-core-buttons-is-layout-a89b3969 wp-block-buttons-is-layout-flex\">\n<div class=\"wp-block-button is-style-fill\"><a class=\"wp-block-button__link has-foreground-color has-text-color has-background wp-element-button\" style=\"border-radius:16px;background-color:#d7d7d7;padding-top:10px;padding-right:10px;padding-bottom:10px;padding-left:10px\"><i class=\"fas fa-monument\"><\/i><\/a><\/div>\n\n\n\n<div class=\"wp-block-button is-style-fill\"><a class=\"wp-block-button__link has-text-color has-background wp-element-button\" style=\"border-radius:16px;color:#ff0000;background-color:#d7d7d7;padding-top:10px;padding-right:10px;padding-bottom:10px;padding-left:10px\"><i class=\"fas fa-star\"><\/i><\/a><\/div>\n<\/div>\n\n\n\n<hr class=\"wp-block-separator has-alpha-channel-opacity\"\/>\n<\/div>\n\n\n\n<div class=\"wp-block-column is-layout-flow wp-block-column-is-layout-flow\" style=\"flex-basis:66.66%\">\n<p class=\"has-small-font-size\">Although monuments to the National Liberation Struggle (NOB) in the Second World War have similar aesthetics, often are very original and sometimes masterpieces of monumental plastic. This monument is one of them but what won me over were the wonderful verses that adorn it.<\/p>\n\n\n\n<p class=\"has-small-font-size\">In the arduous and long march of the Sixth Brigade, Nineteenth North Dalmatian Shock Division from the second to the seventh of January 1944 from Bosnia across Lika to Northern Dalmatia in a superhuman battle with a snowstorm here on the great Popinsko Polje on January 5 and 6, 1944, 26 fighters laid their lives in the foundation of freedom.<\/p>\n\n\n\n<p class=\"has-small-font-size\">The monument was erected by the people of Dalmatia and Lika in 1984 to witness the birth of freedom for generations. We warmed you in our hearts, you remained in our hearts.<\/p>\n\n\n\n<p class=\"has-small-font-size\"><em>Chained in ice <br>surrounded by dark<br>reached with their hearts <br>where they could not walk<\/em><\/p>\n\n\n\n<p class=\"has-small-font-size\">If anyone knows who the author of the monument is, please let me know.<\/p>\n<\/div>\n<\/div>\n\n\n\n<div class=\"wp-block-group has-background has-small-font-size\" style=\"background-color:#f1f1f1\"><div class=\"wp-block-group__inner-container is-layout-constrained wp-block-group-is-layout-constrained\">\n<div class=\"leaflet-map WPLeafletMap\" style=\"height:450px; width:100%;\"><\/div><script>\nwindow.WPLeafletMapPlugin = window.WPLeafletMapPlugin || [];\nwindow.WPLeafletMapPlugin.push(function WPLeafletMapShortcode() {\/*<script>*\/\nvar baseUrl = atob('aHR0cHM6Ly97c30udGlsZS5vcGVuc3RyZWV0bWFwLm9yZy97en0ve3h9L3t5fS5wbmc=');\nvar base = (!baseUrl && window.MQ) ? \n    window.MQ.mapLayer() : L.tileLayer(baseUrl, \n        L.Util.extend({}, {\n            detectRetina: 0,\n        }, \n        {\"subdomains\":\"abc\",\"noWrap\":false}        )\n    );\n    var options = L.Util.extend({}, {\n        layers: [base],\n        attributionControl: false\n    }, \n    {\"zoomControl\":true,\"scrollWheelZoom\":true,\"doubleClickZoom\":false,\"fitBounds\":false,\"minZoom\":0,\"maxZoom\":19,\"maxBounds\":null,\"attribution\":\"<a href=\\\"http:\\\/\\\/leafletjs.com\\\" title=\\\"A JS library for interactive maps\\\">Leaflet<\\\/a>; \\u00a9 <a href=\\\"http:\\\/\\\/www.openstreetmap.org\\\/copyright\\\">OpenStreetMap<\\\/a> contributors\"}, \n    {});\nwindow.WPLeafletMapPlugin.createMap(options).setView([44.25499,16.059291],13);});<\/script>\n\n<script>\nwindow.WPLeafletMapPlugin = window.WPLeafletMapPlugin || [];\nwindow.WPLeafletMapPlugin.push(function WPLeafletMarkerShortcode() {\/*<script>*\/\nvar map = window.WPLeafletMapPlugin.getCurrentMap();\nvar group = window.WPLeafletMapPlugin.getCurrentGroup();\nvar marker_options = window.WPLeafletMapPlugin.getIconOptions({\"svg\":true,\"background\":\"red\",\"iconClass\":\"fas fa-star\",\"color\":\"white\"});\nvar marker = new L.SVGMarker(\n    [44.25499,16.059291], \n    marker_options\n);\nvar is_image = map.is_image_map;\nif (marker_options.draggable) {\n    marker.on('dragend', function () {\n        var latlng = this.getLatLng();\n        var lat = latlng.lat;\n        var lng = latlng.lng;\n        if (is_image) {\n            console.log('leaflet-marker y=' + lat + ' x=' + lng);\n        } else {\n            console.log('leaflet-marker lat=' + lat + ' lng=' + lng);\n        }\n    });\n}\nmarker.addTo( group );\nmarker.bindPopup(window.WPLeafletMapPlugin.unescape('Spomenik NOB'));window.WPLeafletMapPlugin.markers.push( marker );\n        });<\/script> \n<\/div><\/div>","protected":false},"excerpt":{"rendered":"<p>Spomenik NOB Vrijeme: 38 min Klinci: DaPsi: Da Spomenici Narodnooslobodila\u010dkoj borbi, iako njeguju sli\u010dnu estetiku, \u010desto su vrlo originalna, a ponekad i vrhunska djela spomeni\u010dke plastike. Ovaj spomenik je jedan od takvih, ali ono \u0161to me osvojilo su divni stihovi koji ga krase. U napornom i dugom mar\u0161u \u0160este brigade, Devetnaeste sjevernodalmatinske udarne divizije od<a class=\"more-link\" href=\"https:\/\/zirzen.com\/en\/spomenik-nob-u\/\">Continue reading <span class=\"screen-reader-text\">&#8220;Spomenik NOB&#8221;<\/span><\/a><\/p>","protected":false},"author":1,"featured_media":0,"parent":0,"menu_order":0,"comment_status":"closed","ping_status":"closed","template":"","meta":{"_monsterinsights_skip_tracking":false,"_monsterinsights_sitenote_active":false,"_monsterinsights_sitenote_note":"","_monsterinsights_sitenote_category":0,"footnotes":""},"class_list":["post-1572","page","type-page","status-publish","hentry","entry"],"yoast_head":"<!-- This site is optimized with the Yoast SEO plugin v20.13 - https:\/\/yoast.com\/wordpress\/plugins\/seo\/ -->\n<title>Spomenik NOB - Zir Zen<\/title>\n<meta name=\"robots\" content=\"index, follow, max-snippet:-1, max-image-preview:large, max-video-preview:-1\" \/>\n<link rel=\"canonical\" href=\"https:\/\/zirzen.com\/en\/spomenik-nob-u\/\" \/>\n<meta property=\"og:locale\" content=\"en_US\" \/>\n<meta property=\"og:type\" content=\"article\" \/>\n<meta property=\"og:title\" content=\"Spomenik NOB - Zir Zen\" \/>\n<meta property=\"og:description\" content=\"Spomenik NOB Vrijeme: 38 min Klinci: DaPsi: Da Spomenici Narodnooslobodila\u010dkoj borbi, iako njeguju sli\u010dnu estetiku, \u010desto su vrlo originalna, a ponekad i vrhunska djela spomeni\u010dke plastike. Ovaj spomenik je jedan od takvih, ali ono \u0161to me osvojilo su divni stihovi koji ga krase. U napornom i dugom mar\u0161u \u0160este brigade, Devetnaeste sjevernodalmatinske udarne divizije odContinue reading &quot;Spomenik NOB&quot;\" \/>\n<meta property=\"og:url\" content=\"https:\/\/zirzen.com\/en\/spomenik-nob-u\/\" \/>\n<meta property=\"og:site_name\" content=\"Zir Zen\" \/>\n<meta property=\"article:modified_time\" content=\"2023-10-10T19:58:25+00:00\" \/>\n<meta property=\"og:image\" content=\"https:\/\/zirzen.com\/wp-content\/uploads\/2023\/07\/Spomenik-NOB-u-1024x768.jpeg\" \/>\n<meta name=\"twitter:card\" content=\"summary_large_image\" \/>\n<meta name=\"twitter:label1\" content=\"Est. reading time\" \/>\n\t<meta name=\"twitter:data1\" content=\"1 minute\" \/>\n<script type=\"application\/ld+json\" class=\"yoast-schema-graph\">{\"@context\":\"https:\/\/schema.org\",\"@graph\":[{\"@type\":\"WebPage\",\"@id\":\"https:\/\/zirzen.com\/spomenik-nob-u\/\",\"url\":\"https:\/\/zirzen.com\/spomenik-nob-u\/\",\"name\":\"Spomenik NOB - Zir Zen\",\"isPartOf\":{\"@id\":\"https:\/\/zirzen.com\/#website\"},\"datePublished\":\"2023-07-29T12:18:48+00:00\",\"dateModified\":\"2023-10-10T19:58:25+00:00\",\"breadcrumb\":{\"@id\":\"https:\/\/zirzen.com\/spomenik-nob-u\/#breadcrumb\"},\"inLanguage\":\"en-US\",\"potentialAction\":[{\"@type\":\"ReadAction\",\"target\":[\"https:\/\/zirzen.com\/spomenik-nob-u\/\"]}]},{\"@type\":\"BreadcrumbList\",\"@id\":\"https:\/\/zirzen.com\/spomenik-nob-u\/#breadcrumb\",\"itemListElement\":[{\"@type\":\"ListItem\",\"position\":1,\"name\":\"Home\",\"item\":\"https:\/\/zirzen.com\/\"},{\"@type\":\"ListItem\",\"position\":2,\"name\":\"Spomenik NOB\"}]},{\"@type\":\"WebSite\",\"@id\":\"https:\/\/zirzen.com\/#website\",\"url\":\"https:\/\/zirzen.com\/\",\"name\":\"Zir Zen\",\"description\":\"Jebi ga, kad smo ve\u0107 u Lovincu\",\"publisher\":{\"@id\":\"https:\/\/zirzen.com\/#organization\"},\"potentialAction\":[{\"@type\":\"SearchAction\",\"target\":{\"@type\":\"EntryPoint\",\"urlTemplate\":\"https:\/\/zirzen.com\/?s={search_term_string}\"},\"query-input\":\"required name=search_term_string\"}],\"inLanguage\":\"en-US\"},{\"@type\":\"Organization\",\"@id\":\"https:\/\/zirzen.com\/#organization\",\"name\":\"Zir Zen\",\"url\":\"https:\/\/zirzen.com\/\",\"logo\":{\"@type\":\"ImageObject\",\"inLanguage\":\"en-US\",\"@id\":\"https:\/\/zirzen.com\/#\/schema\/logo\/image\/\",\"url\":\"https:\/\/zirzen.com\/wp-content\/uploads\/2023\/07\/cropped-Picture1.png\",\"contentUrl\":\"https:\/\/zirzen.com\/wp-content\/uploads\/2023\/07\/cropped-Picture1.png\",\"width\":512,\"height\":512,\"caption\":\"Zir Zen\"},\"image\":{\"@id\":\"https:\/\/zirzen.com\/#\/schema\/logo\/image\/\"}}]}<\/script>\n<!-- \/ Yoast SEO plugin. -->","yoast_head_json":{"title":"Spomenik NOB - Zir Zen","robots":{"index":"index","follow":"follow","max-snippet":"max-snippet:-1","max-image-preview":"max-image-preview:large","max-video-preview":"max-video-preview:-1"},"canonical":"https:\/\/zirzen.com\/en\/spomenik-nob-u\/","og_locale":"en_US","og_type":"article","og_title":"Spomenik NOB - Zir Zen","og_description":"Spomenik NOB Vrijeme: 38 min Klinci: DaPsi: Da Spomenici Narodnooslobodila\u010dkoj borbi, iako njeguju sli\u010dnu estetiku, \u010desto su vrlo originalna, a ponekad i vrhunska djela spomeni\u010dke plastike. Ovaj spomenik je jedan od takvih, ali ono \u0161to me osvojilo su divni stihovi koji ga krase. U napornom i dugom mar\u0161u \u0160este brigade, Devetnaeste sjevernodalmatinske udarne divizije odContinue reading \"Spomenik NOB\"","og_url":"https:\/\/zirzen.com\/en\/spomenik-nob-u\/","og_site_name":"Zir Zen","article_modified_time":"2023-10-10T19:58:25+00:00","og_image":[{"url":"https:\/\/zirzen.com\/wp-content\/uploads\/2023\/07\/Spomenik-NOB-u-1024x768.jpeg"}],"twitter_card":"summary_large_image","twitter_misc":{"Est. reading time":"1 minute"},"schema":{"@context":"https:\/\/schema.org","@graph":[{"@type":"WebPage","@id":"https:\/\/zirzen.com\/spomenik-nob-u\/","url":"https:\/\/zirzen.com\/spomenik-nob-u\/","name":"Spomenik NOB - Zir Zen","isPartOf":{"@id":"https:\/\/zirzen.com\/#website"},"datePublished":"2023-07-29T12:18:48+00:00","dateModified":"2023-10-10T19:58:25+00:00","breadcrumb":{"@id":"https:\/\/zirzen.com\/spomenik-nob-u\/#breadcrumb"},"inLanguage":"en-US","potentialAction":[{"@type":"ReadAction","target":["https:\/\/zirzen.com\/spomenik-nob-u\/"]}]},{"@type":"BreadcrumbList","@id":"https:\/\/zirzen.com\/spomenik-nob-u\/#breadcrumb","itemListElement":[{"@type":"ListItem","position":1,"name":"Home","item":"https:\/\/zirzen.com\/"},{"@type":"ListItem","position":2,"name":"Spomenik NOB"}]},{"@type":"WebSite","@id":"https:\/\/zirzen.com\/#website","url":"https:\/\/zirzen.com\/","name":"Zir Zen","description":"Jebi ga, kad smo ve\u0107 u Lovincu","publisher":{"@id":"https:\/\/zirzen.com\/#organization"},"potentialAction":[{"@type":"SearchAction","target":{"@type":"EntryPoint","urlTemplate":"https:\/\/zirzen.com\/?s={search_term_string}"},"query-input":"required name=search_term_string"}],"inLanguage":"en-US"},{"@type":"Organization","@id":"https:\/\/zirzen.com\/#organization","name":"Zir Zen","url":"https:\/\/zirzen.com\/","logo":{"@type":"ImageObject","inLanguage":"en-US","@id":"https:\/\/zirzen.com\/#\/schema\/logo\/image\/","url":"https:\/\/zirzen.com\/wp-content\/uploads\/2023\/07\/cropped-Picture1.png","contentUrl":"https:\/\/zirzen.com\/wp-content\/uploads\/2023\/07\/cropped-Picture1.png","width":512,"height":512,"caption":"Zir Zen"},"image":{"@id":"https:\/\/zirzen.com\/#\/schema\/logo\/image\/"}}]}},"_links":{"self":[{"href":"https:\/\/zirzen.com\/en\/wp-json\/wp\/v2\/pages\/1572","targetHints":{"allow":["GET"]}}],"collection":[{"href":"https:\/\/zirzen.com\/en\/wp-json\/wp\/v2\/pages"}],"about":[{"href":"https:\/\/zirzen.com\/en\/wp-json\/wp\/v2\/types\/page"}],"author":[{"embeddable":true,"href":"https:\/\/zirzen.com\/en\/wp-json\/wp\/v2\/users\/1"}],"replies":[{"embeddable":true,"href":"https:\/\/zirzen.com\/en\/wp-json\/wp\/v2\/comments?post=1572"}],"version-history":[{"count":17,"href":"https:\/\/zirzen.com\/en\/wp-json\/wp\/v2\/pages\/1572\/revisions"}],"predecessor-version":[{"id":4260,"href":"https:\/\/zirzen.com\/en\/wp-json\/wp\/v2\/pages\/1572\/revisions\/4260"}],"wp:attachment":[{"href":"https:\/\/zirzen.com\/en\/wp-json\/wp\/v2\/media?parent=1572"}],"curies":[{"name":"wp","href":"https:\/\/api.w.org\/{rel}","templated":true}]}}