{"id":1574,"date":"2023-07-29T12:19:46","date_gmt":"2023-07-29T12:19:46","guid":{"rendered":"https:\/\/zirzen.com\/?page_id=1574"},"modified":"2023-10-10T22:10:07","modified_gmt":"2023-10-10T20:10:07","slug":"postak","status":"publish","type":"page","link":"https:\/\/zirzen.com\/en\/postak\/","title":{"rendered":"Po\u0161tak"},"content":{"rendered":"<h2 class=\"wp-block-heading has-text-align-center\">Po\u0161tak<\/h2>\n\n\n\n<div class=\"wp-block-columns is-layout-flex wp-container-core-columns-is-layout-28f84493 wp-block-columns-is-layout-flex\">\n<div class=\"wp-block-column is-layout-flow wp-block-column-is-layout-flow\" style=\"flex-basis:33.33%\">\n<div class=\"wp-block-group attraction-left-side\"><div class=\"wp-block-group__inner-container is-layout-constrained wp-block-group-is-layout-constrained\">\n<figure class=\"wp-block-image size-large agl agl-fadeCSS agl-in-distance-1\"><img loading=\"lazy\" decoding=\"async\" width=\"1024\" height=\"766\" src=\"https:\/\/zirzen.com\/wp-content\/uploads\/2023\/07\/Postak-1024x766.jpeg\" alt=\"Po\u0161tak\" class=\"wp-image-2600\" srcset=\"https:\/\/zirzen.com\/wp-content\/uploads\/2023\/07\/Postak-1024x766.jpeg 1024w, https:\/\/zirzen.com\/wp-content\/uploads\/2023\/07\/Postak-300x225.jpeg 300w, https:\/\/zirzen.com\/wp-content\/uploads\/2023\/07\/Postak-768x575.jpeg 768w, https:\/\/zirzen.com\/wp-content\/uploads\/2023\/07\/Postak-1536x1150.jpeg 1536w, https:\/\/zirzen.com\/wp-content\/uploads\/2023\/07\/Postak-2048x1533.jpeg 2048w, https:\/\/zirzen.com\/wp-content\/uploads\/2023\/07\/Postak-16x12.jpeg 16w, https:\/\/zirzen.com\/wp-content\/uploads\/2023\/07\/Postak-1568x1174.jpeg 1568w\" sizes=\"auto, (max-width: 1024px) 100vw, 1024px\" \/><\/figure>\n\n\n\n<p class=\"has-text-align-center attraction-links has-small-font-size\"><a href=\"https:\/\/planinarenje.hr\/staze\/otric-zp-zrmanja-vrh-postak?odrediste=postak-vrh\" target=\"_blank\" rel=\"noreferrer noopener\"><i class=\"fas fa-map-location-dot\"><\/i><\/a><\/p>\n<\/div><\/div>\n\n\n\n<p class=\"has-text-align-left has-small-font-size\"><strong>Time:<\/strong> 40 min <i class=\"fas fa-car\"><\/i> + 120 min <i class=\"fas fa-person-hiking\"><\/i><br><strong>Kids:<\/strong> Yes<br><strong>Dogs:<\/strong> Yes<\/p>\n\n\n\n<hr class=\"wp-block-separator has-alpha-channel-opacity\"\/>\n\n\n\n<div class=\"wp-block-buttons has-custom-font-size has-small-font-size agl agl-wipeCSS agl-in-distance-1 is-content-justification-center is-layout-flex wp-container-core-buttons-is-layout-a89b3969 wp-block-buttons-is-layout-flex\">\n<div class=\"wp-block-button is-style-fill\"><a class=\"wp-block-button__link has-foreground-color has-text-color has-background wp-element-button\" style=\"border-radius:16px;background-color:#d7d7d7;padding-top:10px;padding-right:10px;padding-bottom:10px;padding-left:10px\"><i class=\"fas fa-mountain-sun\"><\/i><\/a><\/div>\n\n\n\n<div class=\"wp-block-button is-style-fill\"><a class=\"wp-block-button__link has-foreground-color has-text-color has-background wp-element-button\" style=\"border-radius:16px;background-color:#d7d7d7;padding-top:10px;padding-right:10px;padding-bottom:10px;padding-left:10px\"><i class=\"fas fa-person-hiking\"><\/i><\/a><\/div>\n\n\n\n<div class=\"wp-block-button is-style-fill\"><a class=\"wp-block-button__link has-foreground-color has-text-color has-background wp-element-button\" style=\"border-radius:16px;background-color:#d7d7d7;padding-top:10px;padding-right:10px;padding-bottom:10px;padding-left:10px\"><i class=\"fas fa-camera\"><\/i><\/a><\/div>\n\n\n\n<div class=\"wp-block-button is-style-fill\"><a class=\"wp-block-button__link has-foreground-color has-text-color has-background wp-element-button\" style=\"border-radius:16px;background-color:#d7d7d7;padding-top:10px;padding-right:10px;padding-bottom:10px;padding-left:10px\"><i class=\"fas fa-user-astronaut\"><\/i><\/a><\/div>\n\n\n\n<div class=\"wp-block-button is-style-fill\"><a class=\"wp-block-button__link has-foreground-color has-text-color has-background wp-element-button\" style=\"border-radius:16px;background-color:#d7d7d7;padding-top:10px;padding-right:10px;padding-bottom:10px;padding-left:10px\"><i class=\"fas fa-eye\"><\/i><\/a><\/div>\n<\/div>\n<\/div>\n\n\n\n<div class=\"wp-block-column is-layout-flow wp-block-column-is-layout-flow\" style=\"flex-basis:66.66%\">\n<p class=\"has-small-font-size\">Can a drop be more famous than a waterfall? Can a stone be more famous than a mountain? The first no, but the second yes, at least in the case of Po\u0161tak. The stone head of the Martian is far more famous than the peak beneath it. But the head is not alone. There is a whole gallery of boulders.<\/p>\n\n\n\n<p class=\"has-small-font-size\">The ascent begins at the railway station in Otri\u0107i. You need to pass under the railway line and just follow the markings towards the top. The trail is well marked and clearly visible so you should have no problem following it. It is completely open, so there is no shelter in windy or sunny weather. Several people have already told me that they were unable to reach the top because of the wind. I probably don't need to explain how to deal with the sun while hiking.<\/p>\n\n\n\n<p class=\"has-small-font-size\">On the way back, I deviated a little from the path towards the nearest wind generator VE Po\u0161tak. The wind was quite strong, so I wanted to be under the tower of the power plant when the tip of the blade flew by at a speed of 320 kilometers per hour. Fun! By the way, the power plant has 13 Siemens aggregates with a power of 3.4 MW. The pillars are about 80 meters high, and the blades are about 50 meters long.<\/p>\n<\/div>\n<\/div>\n\n\n\n<div class=\"wp-block-group has-background has-small-font-size\" style=\"background-color:#f1f1f1\"><div class=\"wp-block-group__inner-container is-layout-constrained wp-block-group-is-layout-constrained\">\n<div class=\"leaflet-map WPLeafletMap\" style=\"height:450px; width:100%;\"><\/div><script>\nwindow.WPLeafletMapPlugin = window.WPLeafletMapPlugin || [];\nwindow.WPLeafletMapPlugin.push(function WPLeafletMapShortcode() {\/*<script>*\/\nvar baseUrl = atob('aHR0cHM6Ly97c30udGlsZS5vcGVuc3RyZWV0bWFwLm9yZy97en0ve3h9L3t5fS5wbmc=');\nvar base = (!baseUrl && window.MQ) ? \n    window.MQ.mapLayer() : L.tileLayer(baseUrl, \n        L.Util.extend({}, {\n            detectRetina: 0,\n        }, \n        {\"subdomains\":\"abc\",\"noWrap\":false}        )\n    );\n    var options = L.Util.extend({}, {\n        layers: [base],\n        attributionControl: false\n    }, \n    {\"zoomControl\":true,\"scrollWheelZoom\":true,\"doubleClickZoom\":false,\"fitBounds\":false,\"minZoom\":0,\"maxZoom\":19,\"maxBounds\":null,\"attribution\":\"<a href=\\\"http:\\\/\\\/leafletjs.com\\\" title=\\\"A JS library for interactive maps\\\">Leaflet<\\\/a>; \\u00a9 <a href=\\\"http:\\\/\\\/www.openstreetmap.org\\\/copyright\\\">OpenStreetMap<\\\/a> contributors\"}, \n    {});\nwindow.WPLeafletMapPlugin.createMap(options).setView([44.255692,16.110207],13);});<\/script>\n\n<script>\nwindow.WPLeafletMapPlugin = window.WPLeafletMapPlugin || [];\nwindow.WPLeafletMapPlugin.push(function WPLeafletMarkerShortcode() {\/*<script>*\/\nvar map = window.WPLeafletMapPlugin.getCurrentMap();\nvar group = window.WPLeafletMapPlugin.getCurrentGroup();\nvar marker_options = window.WPLeafletMapPlugin.getIconOptions({\"svg\":true,\"background\":\"grey\",\"iconClass\":\"fas fa-parking\",\"color\":\"white\"});\nvar marker = new L.SVGMarker(\n    [44.243576,16.068903], \n    marker_options\n);\nvar is_image = map.is_image_map;\nif (marker_options.draggable) {\n    marker.on('dragend', function () {\n        var latlng = this.getLatLng();\n        var lat = latlng.lat;\n        var lng = latlng.lng;\n        if (is_image) {\n            console.log('leaflet-marker y=' + lat + ' x=' + lng);\n        } else {\n            console.log('leaflet-marker lat=' + lat + ' lng=' + lng);\n        }\n    });\n}\nmarker.addTo( group );\nmarker.bindPopup(window.WPLeafletMapPlugin.unescape('Parking Otri\u0107'));window.WPLeafletMapPlugin.markers.push( marker );\n        });<\/script> \n\n<script>\nwindow.WPLeafletMapPlugin = window.WPLeafletMapPlugin || [];\nwindow.WPLeafletMapPlugin.push(function WPLeafletMarkerShortcode() {\/*<script>*\/\nvar map = window.WPLeafletMapPlugin.getCurrentMap();\nvar group = window.WPLeafletMapPlugin.getCurrentGroup();\nvar marker_options = window.WPLeafletMapPlugin.getIconOptions({\"svg\":true,\"background\":\"green\",\"iconClass\":\"fas fa-user-astronaut\",\"color\":\"white\"});\nvar marker = new L.SVGMarker(\n    [44.253882,16.101068], \n    marker_options\n);\nvar is_image = map.is_image_map;\nif (marker_options.draggable) {\n    marker.on('dragend', function () {\n        var latlng = this.getLatLng();\n        var lat = latlng.lat;\n        var lng = latlng.lng;\n        if (is_image) {\n            console.log('leaflet-marker y=' + lat + ' x=' + lng);\n        } else {\n            console.log('leaflet-marker lat=' + lat + ' lng=' + lng);\n        }\n    });\n}\nmarker.addTo( group );\nmarker.bindPopup(window.WPLeafletMapPlugin.unescape('Marsovac'));window.WPLeafletMapPlugin.markers.push( marker );\n        });<\/script> \n\n<script>\nwindow.WPLeafletMapPlugin = window.WPLeafletMapPlugin || [];\nwindow.WPLeafletMapPlugin.push(function WPLeafletMarkerShortcode() {\/*<script>*\/\nvar map = window.WPLeafletMapPlugin.getCurrentMap();\nvar group = window.WPLeafletMapPlugin.getCurrentGroup();\nvar marker_options = window.WPLeafletMapPlugin.getIconOptions({\"svg\":true,\"background\":\"black\",\"iconClass\":\"fas fa-bolt\",\"color\":\"white\"});\nvar marker = new L.SVGMarker(\n    [44.256441,16.080154], \n    marker_options\n);\nvar is_image = map.is_image_map;\nif (marker_options.draggable) {\n    marker.on('dragend', function () {\n        var latlng = this.getLatLng();\n        var lat = latlng.lat;\n        var lng = latlng.lng;\n        if (is_image) {\n            console.log('leaflet-marker y=' + lat + ' x=' + lng);\n        } else {\n            console.log('leaflet-marker lat=' + lat + ' lng=' + lng);\n        }\n    });\n}\nmarker.addTo( group );\nmarker.bindPopup(window.WPLeafletMapPlugin.unescape('Agregat VE Po\u0161tak'));window.WPLeafletMapPlugin.markers.push( marker );\n        });<\/script> \n\n<script>\nwindow.WPLeafletMapPlugin = window.WPLeafletMapPlugin || [];\nwindow.WPLeafletMapPlugin.push(function WPLeafletMarkerShortcode() {\/*<script>*\/\nvar map = window.WPLeafletMapPlugin.getCurrentMap();\nvar group = window.WPLeafletMapPlugin.getCurrentGroup();\nvar marker_options = window.WPLeafletMapPlugin.getIconOptions({\"svg\":true,\"background\":\"black\",\"iconClass\":\"fas fa-bolt\",\"color\":\"white\"});\nvar marker = new L.SVGMarker(\n    [44.258352,16.086037], \n    marker_options\n);\nvar is_image = map.is_image_map;\nif (marker_options.draggable) {\n    marker.on('dragend', function () {\n        var latlng = this.getLatLng();\n        var lat = latlng.lat;\n        var lng = latlng.lng;\n        if (is_image) {\n            console.log('leaflet-marker y=' + lat + ' x=' + lng);\n        } else {\n            console.log('leaflet-marker lat=' + lat + ' lng=' + lng);\n        }\n    });\n}\nmarker.addTo( group );\nmarker.bindPopup(window.WPLeafletMapPlugin.unescape('Agregat VE Po\u0161tak'));window.WPLeafletMapPlugin.markers.push( marker );\n        });<\/script> \n\n<script>\nwindow.WPLeafletMapPlugin = window.WPLeafletMapPlugin || [];\nwindow.WPLeafletMapPlugin.push(function WPLeafletMarkerShortcode() {\/*<script>*\/\nvar map = window.WPLeafletMapPlugin.getCurrentMap();\nvar group = window.WPLeafletMapPlugin.getCurrentGroup();\nvar marker_options = window.WPLeafletMapPlugin.getIconOptions({\"svg\":true,\"background\":\"green\",\"iconClass\":\"fas fa-person-hiking\",\"color\":\"white\"});\nvar marker = new L.SVGMarker(\n    [44.255692,16.110207], \n    marker_options\n);\nvar is_image = map.is_image_map;\nif (marker_options.draggable) {\n    marker.on('dragend', function () {\n        var latlng = this.getLatLng();\n        var lat = latlng.lat;\n        var lng = latlng.lng;\n        if (is_image) {\n            console.log('leaflet-marker y=' + lat + ' x=' + lng);\n        } else {\n            console.log('leaflet-marker lat=' + lat + ' lng=' + lng);\n        }\n    });\n}\nmarker.addTo( group );\nmarker.bindPopup(window.WPLeafletMapPlugin.unescape('Po\u0161tak'));window.WPLeafletMapPlugin.markers.push( marker );\n        });<\/script> \n<\/div><\/div>","protected":false},"excerpt":{"rendered":"<p>Po\u0161tak Vrijeme: 40 min + 120 min Klinci: DaPsi: Da Mo\u017ee li kap biti poznatija nego slap? Mo\u017ee li kamen biti poznatiji nego planina? Ovo prvo ne, ali ovo drugo da, barem u slu\u010daju Po\u0161taka. Kamena glava Marsovca daleko je poznatija od vrha ispod kojeg se nalazi. Ali glava nije sama. Tu je \u010ditava galerija<a class=\"more-link\" href=\"https:\/\/zirzen.com\/en\/postak\/\">Continue reading <span class=\"screen-reader-text\">&#8220;Po\u0161tak&#8221;<\/span><\/a><\/p>","protected":false},"author":1,"featured_media":0,"parent":0,"menu_order":0,"comment_status":"closed","ping_status":"closed","template":"","meta":{"_monsterinsights_skip_tracking":false,"_monsterinsights_sitenote_active":false,"_monsterinsights_sitenote_note":"","_monsterinsights_sitenote_category":0,"footnotes":""},"class_list":["post-1574","page","type-page","status-publish","hentry","entry"],"yoast_head":"<!-- This site is optimized with the Yoast SEO plugin v20.13 - https:\/\/yoast.com\/wordpress\/plugins\/seo\/ -->\n<title>Po\u0161tak - Zir Zen<\/title>\n<meta name=\"robots\" content=\"index, follow, max-snippet:-1, max-image-preview:large, max-video-preview:-1\" \/>\n<link rel=\"canonical\" href=\"https:\/\/zirzen.com\/en\/postak\/\" \/>\n<meta property=\"og:locale\" content=\"en_US\" \/>\n<meta property=\"og:type\" content=\"article\" \/>\n<meta property=\"og:title\" content=\"Po\u0161tak - Zir Zen\" \/>\n<meta property=\"og:description\" content=\"Po\u0161tak Vrijeme: 40 min + 120 min Klinci: DaPsi: Da Mo\u017ee li kap biti poznatija nego slap? Mo\u017ee li kamen biti poznatiji nego planina? Ovo prvo ne, ali ovo drugo da, barem u slu\u010daju Po\u0161taka. Kamena glava Marsovca daleko je poznatija od vrha ispod kojeg se nalazi. Ali glava nije sama. Tu je \u010ditava galerijaContinue reading &quot;Po\u0161tak&quot;\" \/>\n<meta property=\"og:url\" content=\"https:\/\/zirzen.com\/en\/postak\/\" \/>\n<meta property=\"og:site_name\" content=\"Zir Zen\" \/>\n<meta property=\"article:modified_time\" content=\"2023-10-10T20:10:07+00:00\" \/>\n<meta property=\"og:image\" content=\"https:\/\/zirzen.com\/wp-content\/uploads\/2023\/07\/Postak-1024x766.jpeg\" \/>\n<meta name=\"twitter:card\" content=\"summary_large_image\" \/>\n<meta name=\"twitter:label1\" content=\"Est. reading time\" \/>\n\t<meta name=\"twitter:data1\" content=\"2 minutes\" \/>\n<script type=\"application\/ld+json\" class=\"yoast-schema-graph\">{\"@context\":\"https:\/\/schema.org\",\"@graph\":[{\"@type\":\"WebPage\",\"@id\":\"https:\/\/zirzen.com\/postak\/\",\"url\":\"https:\/\/zirzen.com\/postak\/\",\"name\":\"Po\u0161tak - Zir Zen\",\"isPartOf\":{\"@id\":\"https:\/\/zirzen.com\/#website\"},\"datePublished\":\"2023-07-29T12:19:46+00:00\",\"dateModified\":\"2023-10-10T20:10:07+00:00\",\"breadcrumb\":{\"@id\":\"https:\/\/zirzen.com\/postak\/#breadcrumb\"},\"inLanguage\":\"en-US\",\"potentialAction\":[{\"@type\":\"ReadAction\",\"target\":[\"https:\/\/zirzen.com\/postak\/\"]}]},{\"@type\":\"BreadcrumbList\",\"@id\":\"https:\/\/zirzen.com\/postak\/#breadcrumb\",\"itemListElement\":[{\"@type\":\"ListItem\",\"position\":1,\"name\":\"Home\",\"item\":\"https:\/\/zirzen.com\/\"},{\"@type\":\"ListItem\",\"position\":2,\"name\":\"Po\u0161tak\"}]},{\"@type\":\"WebSite\",\"@id\":\"https:\/\/zirzen.com\/#website\",\"url\":\"https:\/\/zirzen.com\/\",\"name\":\"Zir Zen\",\"description\":\"Jebi ga, kad smo ve\u0107 u Lovincu\",\"publisher\":{\"@id\":\"https:\/\/zirzen.com\/#organization\"},\"potentialAction\":[{\"@type\":\"SearchAction\",\"target\":{\"@type\":\"EntryPoint\",\"urlTemplate\":\"https:\/\/zirzen.com\/?s={search_term_string}\"},\"query-input\":\"required name=search_term_string\"}],\"inLanguage\":\"en-US\"},{\"@type\":\"Organization\",\"@id\":\"https:\/\/zirzen.com\/#organization\",\"name\":\"Zir Zen\",\"url\":\"https:\/\/zirzen.com\/\",\"logo\":{\"@type\":\"ImageObject\",\"inLanguage\":\"en-US\",\"@id\":\"https:\/\/zirzen.com\/#\/schema\/logo\/image\/\",\"url\":\"https:\/\/zirzen.com\/wp-content\/uploads\/2023\/07\/cropped-Picture1.png\",\"contentUrl\":\"https:\/\/zirzen.com\/wp-content\/uploads\/2023\/07\/cropped-Picture1.png\",\"width\":512,\"height\":512,\"caption\":\"Zir Zen\"},\"image\":{\"@id\":\"https:\/\/zirzen.com\/#\/schema\/logo\/image\/\"}}]}<\/script>\n<!-- \/ Yoast SEO plugin. -->","yoast_head_json":{"title":"Po\u0161tak - Zir Zen","robots":{"index":"index","follow":"follow","max-snippet":"max-snippet:-1","max-image-preview":"max-image-preview:large","max-video-preview":"max-video-preview:-1"},"canonical":"https:\/\/zirzen.com\/en\/postak\/","og_locale":"en_US","og_type":"article","og_title":"Po\u0161tak - Zir Zen","og_description":"Po\u0161tak Vrijeme: 40 min + 120 min Klinci: DaPsi: Da Mo\u017ee li kap biti poznatija nego slap? Mo\u017ee li kamen biti poznatiji nego planina? Ovo prvo ne, ali ovo drugo da, barem u slu\u010daju Po\u0161taka. Kamena glava Marsovca daleko je poznatija od vrha ispod kojeg se nalazi. Ali glava nije sama. Tu je \u010ditava galerijaContinue reading \"Po\u0161tak\"","og_url":"https:\/\/zirzen.com\/en\/postak\/","og_site_name":"Zir Zen","article_modified_time":"2023-10-10T20:10:07+00:00","og_image":[{"url":"https:\/\/zirzen.com\/wp-content\/uploads\/2023\/07\/Postak-1024x766.jpeg"}],"twitter_card":"summary_large_image","twitter_misc":{"Est. reading time":"2 minutes"},"schema":{"@context":"https:\/\/schema.org","@graph":[{"@type":"WebPage","@id":"https:\/\/zirzen.com\/postak\/","url":"https:\/\/zirzen.com\/postak\/","name":"Po\u0161tak - Zir Zen","isPartOf":{"@id":"https:\/\/zirzen.com\/#website"},"datePublished":"2023-07-29T12:19:46+00:00","dateModified":"2023-10-10T20:10:07+00:00","breadcrumb":{"@id":"https:\/\/zirzen.com\/postak\/#breadcrumb"},"inLanguage":"en-US","potentialAction":[{"@type":"ReadAction","target":["https:\/\/zirzen.com\/postak\/"]}]},{"@type":"BreadcrumbList","@id":"https:\/\/zirzen.com\/postak\/#breadcrumb","itemListElement":[{"@type":"ListItem","position":1,"name":"Home","item":"https:\/\/zirzen.com\/"},{"@type":"ListItem","position":2,"name":"Po\u0161tak"}]},{"@type":"WebSite","@id":"https:\/\/zirzen.com\/#website","url":"https:\/\/zirzen.com\/","name":"Zir Zen","description":"Jebi ga, kad smo ve\u0107 u Lovincu","publisher":{"@id":"https:\/\/zirzen.com\/#organization"},"potentialAction":[{"@type":"SearchAction","target":{"@type":"EntryPoint","urlTemplate":"https:\/\/zirzen.com\/?s={search_term_string}"},"query-input":"required name=search_term_string"}],"inLanguage":"en-US"},{"@type":"Organization","@id":"https:\/\/zirzen.com\/#organization","name":"Zir Zen","url":"https:\/\/zirzen.com\/","logo":{"@type":"ImageObject","inLanguage":"en-US","@id":"https:\/\/zirzen.com\/#\/schema\/logo\/image\/","url":"https:\/\/zirzen.com\/wp-content\/uploads\/2023\/07\/cropped-Picture1.png","contentUrl":"https:\/\/zirzen.com\/wp-content\/uploads\/2023\/07\/cropped-Picture1.png","width":512,"height":512,"caption":"Zir Zen"},"image":{"@id":"https:\/\/zirzen.com\/#\/schema\/logo\/image\/"}}]}},"_links":{"self":[{"href":"https:\/\/zirzen.com\/en\/wp-json\/wp\/v2\/pages\/1574","targetHints":{"allow":["GET"]}}],"collection":[{"href":"https:\/\/zirzen.com\/en\/wp-json\/wp\/v2\/pages"}],"about":[{"href":"https:\/\/zirzen.com\/en\/wp-json\/wp\/v2\/types\/page"}],"author":[{"embeddable":true,"href":"https:\/\/zirzen.com\/en\/wp-json\/wp\/v2\/users\/1"}],"replies":[{"embeddable":true,"href":"https:\/\/zirzen.com\/en\/wp-json\/wp\/v2\/comments?post=1574"}],"version-history":[{"count":20,"href":"https:\/\/zirzen.com\/en\/wp-json\/wp\/v2\/pages\/1574\/revisions"}],"predecessor-version":[{"id":4297,"href":"https:\/\/zirzen.com\/en\/wp-json\/wp\/v2\/pages\/1574\/revisions\/4297"}],"wp:attachment":[{"href":"https:\/\/zirzen.com\/en\/wp-json\/wp\/v2\/media?parent=1574"}],"curies":[{"name":"wp","href":"https:\/\/api.w.org\/{rel}","templated":true}]}}