{"id":2061,"date":"2023-08-03T19:15:17","date_gmt":"2023-08-03T19:15:17","guid":{"rendered":"https:\/\/zirzen.com\/?page_id=2061"},"modified":"2023-10-10T22:01:39","modified_gmt":"2023-10-10T20:01:39","slug":"rijeka-lika-perusic","status":"publish","type":"page","link":"https:\/\/zirzen.com\/en\/rijeka-lika-perusic\/","title":{"rendered":"River Lika (Peru\u0161i\u0107)"},"content":{"rendered":"<h2 class=\"wp-block-heading has-text-align-center\">River Lika (Peru\u0161i\u0107)<\/h2>\n\n\n\n<div class=\"wp-block-columns is-layout-flex wp-container-core-columns-is-layout-28f84493 wp-block-columns-is-layout-flex\">\n<div class=\"wp-block-column is-layout-flow wp-block-column-is-layout-flow\" style=\"flex-basis:33.33%\">\n<div class=\"wp-block-group attraction-left-side\"><div class=\"wp-block-group__inner-container is-layout-constrained wp-block-group-is-layout-constrained\">\n<figure class=\"wp-block-image size-large agl agl-fadeCSS agl-in-distance-1\"><img decoding=\"async\" src=\"https:\/\/zirzen.com\/wp-content\/uploads\/2023\/08\/Rijeka-Lika-1-1024x768.jpeg\" alt=\"Rijeka Lika\" class=\"wp-image-2060\"\/><\/figure>\n\n\n\n<p class=\"has-text-align-center attraction-links has-small-font-size\"><a href=\"https:\/\/pp-grabovaca.hr\/paintball\/\" data-type=\"URL\" data-id=\"https:\/\/www.hostelsvetirok.com\/\" target=\"_blank\" rel=\"noreferrer noopener\"><i class=\"fas fa-earth-americas\"><\/i><\/a><\/p>\n<\/div><\/div>\n\n\n\n<p class=\"has-text-align-left has-small-font-size\"><strong>Time:<\/strong> 40 min <i class=\"fas fa-car\"><\/i><br><strong>Kids:<\/strong> Yes<br><strong>Dogs:<\/strong> Yes<\/p>\n\n\n\n<hr class=\"wp-block-separator has-alpha-channel-opacity\"\/>\n\n\n\n<div class=\"wp-block-buttons has-custom-font-size has-small-font-size agl agl-wipeCSS agl-in-distance-1 is-content-justification-center is-layout-flex wp-container-core-buttons-is-layout-a89b3969 wp-block-buttons-is-layout-flex\">\n<div class=\"wp-block-button is-style-fill\"><a class=\"wp-block-button__link has-foreground-color has-text-color has-background wp-element-button\" style=\"border-radius:16px;background-color:#d7d7d7;padding-top:10px;padding-right:10px;padding-bottom:10px;padding-left:10px\"><i class=\"fas fa-person-swimming\"><\/i><\/a><\/div>\n\n\n\n<div class=\"wp-block-button is-style-fill\"><a class=\"wp-block-button__link has-foreground-color has-text-color has-background wp-element-button\" style=\"border-radius:16px;background-color:#d7d7d7;padding-top:10px;padding-right:10px;padding-bottom:10px;padding-left:10px\"><i class=\"fas fa-umbrella-beach\"><\/i><\/a><\/div>\n\n\n\n<div class=\"wp-block-button is-style-fill\"><a class=\"wp-block-button__link has-foreground-color has-text-color has-background wp-element-button\" style=\"border-radius:16px;background-color:#d7d7d7;padding-top:10px;padding-right:10px;padding-bottom:10px;padding-left:10px\"><i class=\"fas fa-sailboat\"><\/i><\/a><\/div>\n\n\n\n<div class=\"wp-block-button is-style-fill\"><a class=\"wp-block-button__link has-foreground-color has-text-color has-background wp-element-button\" style=\"border-radius:16px;background-color:#d7d7d7;padding-top:10px;padding-right:10px;padding-bottom:10px;padding-left:10px\"><i class=\"fas fa-person-rifle\"><\/i><\/a><\/div>\n<\/div>\n<\/div>\n\n\n\n<div class=\"wp-block-column is-layout-flow wp-block-column-is-layout-flow\" style=\"flex-basis:66.66%\">\n<p class=\"has-small-font-size\">There aren't many places to swim on the Lika river, especially ones that offer something more than just water. The one in Peru\u0161i\u0107 is the best equipped and has the most accompanying facilities. You can play <em>paintball<\/em>, archery, rent kayaks, buy drinks and that's about it.<\/p>\n\n\n\n<p class=\"has-small-font-size\">Peru\u0161i\u0107 could be the freshest place in the area. First, cool off a bit in <a href=\"https:\/\/zirzen.com\/en\/pecinski-park-grabovaca-perusic\/\">Pe\u0107inskom parku Grabova\u010da<\/a>, and after that swimming in the river Lika, just five or ten minutes away. It's a combination I've tried more than once.<\/p>\n\n\n\n<p class=\"has-small-font-size\">There is a small house in the forest where you can buy drinks, arrange <em>paintball<\/em> or other activities. If you want to be sure, arrange everything in advance over the phone, and you can find the numbers on the link below the photo. In addition to arranging activities, the house is also a place where you can buy drinks.<\/p>\n\n\n\n<p class=\"has-small-font-size\">The recreational area also has a convenient place for a barbecue and enough tables for a large group.<\/p>\n<\/div>\n<\/div>\n\n\n\n<div class=\"wp-block-group has-background has-small-font-size\" style=\"background-color:#f1f1f1\"><div class=\"wp-block-group__inner-container is-layout-constrained wp-block-group-is-layout-constrained\">\n<div class=\"leaflet-map WPLeafletMap\" style=\"height:450px; width:100%;\"><\/div><script>\nwindow.WPLeafletMapPlugin = window.WPLeafletMapPlugin || [];\nwindow.WPLeafletMapPlugin.push(function WPLeafletMapShortcode() {\/*<script>*\/\nvar baseUrl = atob('aHR0cHM6Ly97c30udGlsZS5vcGVuc3RyZWV0bWFwLm9yZy97en0ve3h9L3t5fS5wbmc=');\nvar base = (!baseUrl && window.MQ) ? \n    window.MQ.mapLayer() : L.tileLayer(baseUrl, \n        L.Util.extend({}, {\n            detectRetina: 0,\n        }, \n        {\"subdomains\":\"abc\",\"noWrap\":false}        )\n    );\n    var options = L.Util.extend({}, {\n        layers: [base],\n        attributionControl: false\n    }, \n    {\"zoomControl\":true,\"scrollWheelZoom\":true,\"doubleClickZoom\":false,\"fitBounds\":false,\"minZoom\":0,\"maxZoom\":19,\"maxBounds\":null,\"attribution\":\"<a href=\\\"http:\\\/\\\/leafletjs.com\\\" title=\\\"A JS library for interactive maps\\\">Leaflet<\\\/a>; \\u00a9 <a href=\\\"http:\\\/\\\/www.openstreetmap.org\\\/copyright\\\">OpenStreetMap<\\\/a> contributors\"}, \n    {});\nwindow.WPLeafletMapPlugin.createMap(options).setView([44.642469,15.363666],13);});<\/script>\n\n<script>\nwindow.WPLeafletMapPlugin = window.WPLeafletMapPlugin || [];\nwindow.WPLeafletMapPlugin.push(function WPLeafletMarkerShortcode() {\/*<script>*\/\nvar map = window.WPLeafletMapPlugin.getCurrentMap();\nvar group = window.WPLeafletMapPlugin.getCurrentGroup();\nvar marker_options = window.WPLeafletMapPlugin.getIconOptions({\"svg\":true,\"background\":\"blue\",\"iconClass\":\"fas fa-person-swimming\",\"color\":\"white\"});\nvar marker = new L.SVGMarker(\n    [44.6388,15.33844], \n    marker_options\n);\nvar is_image = map.is_image_map;\nif (marker_options.draggable) {\n    marker.on('dragend', function () {\n        var latlng = this.getLatLng();\n        var lat = latlng.lat;\n        var lng = latlng.lng;\n        if (is_image) {\n            console.log('leaflet-marker y=' + lat + ' x=' + lng);\n        } else {\n            console.log('leaflet-marker lat=' + lat + ' lng=' + lng);\n        }\n    });\n}\nmarker.addTo( group );\nmarker.bindPopup(window.WPLeafletMapPlugin.unescape('Rijeka Lika'));window.WPLeafletMapPlugin.markers.push( marker );\n        });<\/script>\n<\/div><\/div>","protected":false},"excerpt":{"rendered":"<p>Rijeka Lika (Peru\u0161i\u0107) Vrijeme: 40 min Klinci: DaPsi: Da Na rijeci Lici nema ba\u0161 puno mjesta za kupanje, pogotovo onih koja nude jo\u0161 ne\u0161to osim samo vode. Ovo mjesto u Peru\u0161i\u0107u je najbolje ure\u0111eno i s najvi\u0161e prate\u0107ih sadr\u017eaja. Mo\u017eete igrati paintball, ga\u0111ati lukom i strijelom, iznajmiti kajake, kupiti pi\u0107e i to je vi\u0161e-manje to.<a class=\"more-link\" href=\"https:\/\/zirzen.com\/en\/rijeka-lika-perusic\/\">Continue reading <span class=\"screen-reader-text\">&#8220;Rijeka Lika (Peru\u0161i\u0107)&#8221;<\/span><\/a><\/p>","protected":false},"author":1,"featured_media":0,"parent":0,"menu_order":0,"comment_status":"closed","ping_status":"closed","template":"","meta":{"_monsterinsights_skip_tracking":false,"_monsterinsights_sitenote_active":false,"_monsterinsights_sitenote_note":"","_monsterinsights_sitenote_category":0,"footnotes":""},"class_list":["post-2061","page","type-page","status-publish","hentry","entry"],"yoast_head":"<!-- This site is optimized with the Yoast SEO plugin v20.13 - https:\/\/yoast.com\/wordpress\/plugins\/seo\/ -->\n<title>Rijeka Lika (Peru\u0161i\u0107) - Zir Zen<\/title>\n<meta name=\"robots\" content=\"index, follow, max-snippet:-1, max-image-preview:large, max-video-preview:-1\" \/>\n<link rel=\"canonical\" href=\"https:\/\/zirzen.com\/en\/rijeka-lika-perusic\/\" \/>\n<meta property=\"og:locale\" content=\"en_US\" \/>\n<meta property=\"og:type\" content=\"article\" \/>\n<meta property=\"og:title\" content=\"Rijeka Lika (Peru\u0161i\u0107) - Zir Zen\" \/>\n<meta property=\"og:description\" content=\"Rijeka Lika (Peru\u0161i\u0107) Vrijeme: 40 min Klinci: DaPsi: Da Na rijeci Lici nema ba\u0161 puno mjesta za kupanje, pogotovo onih koja nude jo\u0161 ne\u0161to osim samo vode. Ovo mjesto u Peru\u0161i\u0107u je najbolje ure\u0111eno i s najvi\u0161e prate\u0107ih sadr\u017eaja. Mo\u017eete igrati paintball, ga\u0111ati lukom i strijelom, iznajmiti kajake, kupiti pi\u0107e i to je vi\u0161e-manje to.Continue reading &quot;Rijeka Lika (Peru\u0161i\u0107)&quot;\" \/>\n<meta property=\"og:url\" content=\"https:\/\/zirzen.com\/en\/rijeka-lika-perusic\/\" \/>\n<meta property=\"og:site_name\" content=\"Zir Zen\" \/>\n<meta property=\"article:modified_time\" content=\"2023-10-10T20:01:39+00:00\" \/>\n<meta property=\"og:image\" content=\"https:\/\/zirzen.com\/wp-content\/uploads\/2023\/08\/Rijeka-Lika-1-1024x768.jpeg\" \/>\n<meta name=\"twitter:card\" content=\"summary_large_image\" \/>\n<meta name=\"twitter:label1\" content=\"Est. reading time\" \/>\n\t<meta name=\"twitter:data1\" content=\"2 minutes\" \/>\n<script type=\"application\/ld+json\" class=\"yoast-schema-graph\">{\"@context\":\"https:\/\/schema.org\",\"@graph\":[{\"@type\":\"WebPage\",\"@id\":\"https:\/\/zirzen.com\/rijeka-lika-perusic\/\",\"url\":\"https:\/\/zirzen.com\/rijeka-lika-perusic\/\",\"name\":\"Rijeka Lika (Peru\u0161i\u0107) - Zir Zen\",\"isPartOf\":{\"@id\":\"https:\/\/zirzen.com\/#website\"},\"datePublished\":\"2023-08-03T19:15:17+00:00\",\"dateModified\":\"2023-10-10T20:01:39+00:00\",\"breadcrumb\":{\"@id\":\"https:\/\/zirzen.com\/rijeka-lika-perusic\/#breadcrumb\"},\"inLanguage\":\"en-US\",\"potentialAction\":[{\"@type\":\"ReadAction\",\"target\":[\"https:\/\/zirzen.com\/rijeka-lika-perusic\/\"]}]},{\"@type\":\"BreadcrumbList\",\"@id\":\"https:\/\/zirzen.com\/rijeka-lika-perusic\/#breadcrumb\",\"itemListElement\":[{\"@type\":\"ListItem\",\"position\":1,\"name\":\"Home\",\"item\":\"https:\/\/zirzen.com\/\"},{\"@type\":\"ListItem\",\"position\":2,\"name\":\"Rijeka Lika (Peru\u0161i\u0107)\"}]},{\"@type\":\"WebSite\",\"@id\":\"https:\/\/zirzen.com\/#website\",\"url\":\"https:\/\/zirzen.com\/\",\"name\":\"Zir Zen\",\"description\":\"Jebi ga, kad smo ve\u0107 u Lovincu\",\"publisher\":{\"@id\":\"https:\/\/zirzen.com\/#organization\"},\"potentialAction\":[{\"@type\":\"SearchAction\",\"target\":{\"@type\":\"EntryPoint\",\"urlTemplate\":\"https:\/\/zirzen.com\/?s={search_term_string}\"},\"query-input\":\"required name=search_term_string\"}],\"inLanguage\":\"en-US\"},{\"@type\":\"Organization\",\"@id\":\"https:\/\/zirzen.com\/#organization\",\"name\":\"Zir Zen\",\"url\":\"https:\/\/zirzen.com\/\",\"logo\":{\"@type\":\"ImageObject\",\"inLanguage\":\"en-US\",\"@id\":\"https:\/\/zirzen.com\/#\/schema\/logo\/image\/\",\"url\":\"https:\/\/zirzen.com\/wp-content\/uploads\/2023\/07\/cropped-Picture1.png\",\"contentUrl\":\"https:\/\/zirzen.com\/wp-content\/uploads\/2023\/07\/cropped-Picture1.png\",\"width\":512,\"height\":512,\"caption\":\"Zir Zen\"},\"image\":{\"@id\":\"https:\/\/zirzen.com\/#\/schema\/logo\/image\/\"}}]}<\/script>\n<!-- \/ Yoast SEO plugin. -->","yoast_head_json":{"title":"Rijeka Lika (Peru\u0161i\u0107) - Zir Zen","robots":{"index":"index","follow":"follow","max-snippet":"max-snippet:-1","max-image-preview":"max-image-preview:large","max-video-preview":"max-video-preview:-1"},"canonical":"https:\/\/zirzen.com\/en\/rijeka-lika-perusic\/","og_locale":"en_US","og_type":"article","og_title":"Rijeka Lika (Peru\u0161i\u0107) - Zir Zen","og_description":"Rijeka Lika (Peru\u0161i\u0107) Vrijeme: 40 min Klinci: DaPsi: Da Na rijeci Lici nema ba\u0161 puno mjesta za kupanje, pogotovo onih koja nude jo\u0161 ne\u0161to osim samo vode. Ovo mjesto u Peru\u0161i\u0107u je najbolje ure\u0111eno i s najvi\u0161e prate\u0107ih sadr\u017eaja. Mo\u017eete igrati paintball, ga\u0111ati lukom i strijelom, iznajmiti kajake, kupiti pi\u0107e i to je vi\u0161e-manje to.Continue reading \"Rijeka Lika (Peru\u0161i\u0107)\"","og_url":"https:\/\/zirzen.com\/en\/rijeka-lika-perusic\/","og_site_name":"Zir Zen","article_modified_time":"2023-10-10T20:01:39+00:00","og_image":[{"url":"https:\/\/zirzen.com\/wp-content\/uploads\/2023\/08\/Rijeka-Lika-1-1024x768.jpeg"}],"twitter_card":"summary_large_image","twitter_misc":{"Est. reading time":"2 minutes"},"schema":{"@context":"https:\/\/schema.org","@graph":[{"@type":"WebPage","@id":"https:\/\/zirzen.com\/rijeka-lika-perusic\/","url":"https:\/\/zirzen.com\/rijeka-lika-perusic\/","name":"Rijeka Lika (Peru\u0161i\u0107) - Zir Zen","isPartOf":{"@id":"https:\/\/zirzen.com\/#website"},"datePublished":"2023-08-03T19:15:17+00:00","dateModified":"2023-10-10T20:01:39+00:00","breadcrumb":{"@id":"https:\/\/zirzen.com\/rijeka-lika-perusic\/#breadcrumb"},"inLanguage":"en-US","potentialAction":[{"@type":"ReadAction","target":["https:\/\/zirzen.com\/rijeka-lika-perusic\/"]}]},{"@type":"BreadcrumbList","@id":"https:\/\/zirzen.com\/rijeka-lika-perusic\/#breadcrumb","itemListElement":[{"@type":"ListItem","position":1,"name":"Home","item":"https:\/\/zirzen.com\/"},{"@type":"ListItem","position":2,"name":"Rijeka Lika (Peru\u0161i\u0107)"}]},{"@type":"WebSite","@id":"https:\/\/zirzen.com\/#website","url":"https:\/\/zirzen.com\/","name":"Zir Zen","description":"Jebi ga, kad smo ve\u0107 u Lovincu","publisher":{"@id":"https:\/\/zirzen.com\/#organization"},"potentialAction":[{"@type":"SearchAction","target":{"@type":"EntryPoint","urlTemplate":"https:\/\/zirzen.com\/?s={search_term_string}"},"query-input":"required name=search_term_string"}],"inLanguage":"en-US"},{"@type":"Organization","@id":"https:\/\/zirzen.com\/#organization","name":"Zir Zen","url":"https:\/\/zirzen.com\/","logo":{"@type":"ImageObject","inLanguage":"en-US","@id":"https:\/\/zirzen.com\/#\/schema\/logo\/image\/","url":"https:\/\/zirzen.com\/wp-content\/uploads\/2023\/07\/cropped-Picture1.png","contentUrl":"https:\/\/zirzen.com\/wp-content\/uploads\/2023\/07\/cropped-Picture1.png","width":512,"height":512,"caption":"Zir Zen"},"image":{"@id":"https:\/\/zirzen.com\/#\/schema\/logo\/image\/"}}]}},"_links":{"self":[{"href":"https:\/\/zirzen.com\/en\/wp-json\/wp\/v2\/pages\/2061","targetHints":{"allow":["GET"]}}],"collection":[{"href":"https:\/\/zirzen.com\/en\/wp-json\/wp\/v2\/pages"}],"about":[{"href":"https:\/\/zirzen.com\/en\/wp-json\/wp\/v2\/types\/page"}],"author":[{"embeddable":true,"href":"https:\/\/zirzen.com\/en\/wp-json\/wp\/v2\/users\/1"}],"replies":[{"embeddable":true,"href":"https:\/\/zirzen.com\/en\/wp-json\/wp\/v2\/comments?post=2061"}],"version-history":[{"count":20,"href":"https:\/\/zirzen.com\/en\/wp-json\/wp\/v2\/pages\/2061\/revisions"}],"predecessor-version":[{"id":4264,"href":"https:\/\/zirzen.com\/en\/wp-json\/wp\/v2\/pages\/2061\/revisions\/4264"}],"wp:attachment":[{"href":"https:\/\/zirzen.com\/en\/wp-json\/wp\/v2\/media?parent=2061"}],"curies":[{"name":"wp","href":"https:\/\/api.w.org\/{rel}","templated":true}]}}