{"id":2079,"date":"2023-08-03T20:57:34","date_gmt":"2023-08-03T20:57:34","guid":{"rendered":"https:\/\/zirzen.com\/?page_id=2079"},"modified":"2023-10-10T22:04:05","modified_gmt":"2023-10-10T20:04:05","slug":"muzej-gacke","status":"publish","type":"page","link":"https:\/\/zirzen.com\/en\/muzej-gacke\/","title":{"rendered":"Museum of Gacka"},"content":{"rendered":"<h2 class=\"wp-block-heading has-text-align-center\">Museum of Gacka<\/h2>\n\n\n\n<div class=\"wp-block-columns is-layout-flex wp-container-core-columns-is-layout-28f84493 wp-block-columns-is-layout-flex\">\n<div class=\"wp-block-column is-layout-flow wp-block-column-is-layout-flow\" style=\"flex-basis:33.33%\">\n<div class=\"wp-block-group attraction-left-side\"><div class=\"wp-block-group__inner-container is-layout-constrained wp-block-group-is-layout-constrained\">\n<figure class=\"wp-block-image size-large agl agl-fadeCSS agl-in-distance-1\"><img decoding=\"async\" src=\"https:\/\/zirzen.com\/wp-content\/uploads\/2023\/08\/Muzej-Gacke-1024x768.jpeg\" alt=\"Muzej Gacke\" class=\"wp-image-2082\"\/><\/figure>\n\n\n\n<p class=\"has-text-align-center attraction-links has-small-font-size\"><a href=\"http:\/\/www.gpou-otocac.hr\/muzej-gacke-info-2\/\" target=\"_blank\" rel=\"noreferrer noopener\"><i class=\"fas fa-earth-americas\"><\/i><\/a> <a href=\"https:\/\/www.facebook.com\/muzejgacke\/\" data-type=\"URL\" data-id=\"https:\/\/hr-hr.facebook.com\/hostelsvrok\/\" target=\"_blank\" rel=\"noreferrer noopener\"><i class=\"fab fa-facebook\"><\/i><\/a><\/p>\n<\/div><\/div>\n\n\n\n<p class=\"has-text-align-left has-small-font-size\"><strong>Time:<\/strong> 60 min <i class=\"fas fa-car\"><\/i><br><strong>Kids:<\/strong> Yes<br><strong>Dogs:<\/strong> Yes<\/p>\n\n\n\n<hr class=\"wp-block-separator has-alpha-channel-opacity\"\/>\n\n\n\n<div class=\"wp-block-buttons has-custom-font-size has-small-font-size agl agl-wipeCSS agl-in-distance-1 is-content-justification-center is-layout-flex wp-container-core-buttons-is-layout-a89b3969 wp-block-buttons-is-layout-flex\">\n<div class=\"wp-block-button is-style-fill\"><a class=\"wp-block-button__link has-foreground-color has-text-color has-background wp-element-button\" style=\"border-radius:16px;background-color:#d7d7d7;padding-top:10px;padding-right:10px;padding-bottom:10px;padding-left:10px\"><i class=\"fas fa-building-columns\"><\/i><\/a><\/div>\n\n\n\n<div class=\"wp-block-button is-style-fill\"><a class=\"wp-block-button__link has-foreground-color has-text-color has-background wp-element-button\" style=\"border-radius:16px;background-color:#d7d7d7;padding-top:10px;padding-right:10px;padding-bottom:10px;padding-left:10px\"><i class=\"fas fa-clock-rotate-left\"><\/i><\/a><\/div>\n\n\n\n<div class=\"wp-block-button is-style-fill\"><a class=\"wp-block-button__link has-foreground-color has-text-color has-background wp-element-button\" style=\"border-radius:16px;background-color:#d7d7d7;padding-top:10px;padding-right:10px;padding-bottom:10px;padding-left:10px\"><i class=\"fas fa-palette\"><\/i><\/a><\/div>\n<\/div>\n<\/div>\n\n\n\n<div class=\"wp-block-column is-layout-flow wp-block-column-is-layout-flow\" style=\"flex-basis:66.66%\">\n<p class=\"has-small-font-size\">The Gacka museum is about as you would expect from a museum of a city the size of Oto\u010dac. However, the audio guide, which I don't usually find often enough in museums, and the very helpful young lady who took me through the exhibit, made the visit a little better than expected.<\/p>\n\n\n\n<p class=\"has-small-font-size\">There were also a few more surprises. Let's say that the Gacka river is mentioned only in the context of the history and geography of the city of Oto\u010dac, although the museum is called the Gacka museum, not the Oto\u010dac museum.<\/p>\n\n\n\n<p class=\"has-small-font-size\">In addition to historical exhibits spanning six thousand years, from the ceramics of the Lasin culture to the rifle grenade of the Homeland War, there are also works by local and visiting artists, and the floor below is an ethnographic collection in the form of a representation of a traditional village house.<\/p>\n\n\n\n<p class=\"has-small-font-size\">By the way, do you know that Oto\u010dac has the oldest Lidl in the world? Well, I didn't know either until I heard in the museum that Oto\u010dac originated on the island, right down there next to Lidl. Oto\u010dac was first mentioned as a town around 1300, so I assume that Lidl is at least 700 years old.<\/p>\n<\/div>\n<\/div>\n\n\n\n<div class=\"wp-block-group has-background has-small-font-size\" style=\"background-color:#f1f1f1\"><div class=\"wp-block-group__inner-container is-layout-constrained wp-block-group-is-layout-constrained\">\n<div class=\"leaflet-map WPLeafletMap\" style=\"height:450px; width:100%;\"><\/div><script>\nwindow.WPLeafletMapPlugin = window.WPLeafletMapPlugin || [];\nwindow.WPLeafletMapPlugin.push(function WPLeafletMapShortcode() {\/*<script>*\/\nvar baseUrl = atob('aHR0cHM6Ly97c30udGlsZS5vcGVuc3RyZWV0bWFwLm9yZy97en0ve3h9L3t5fS5wbmc=');\nvar base = (!baseUrl && window.MQ) ? \n    window.MQ.mapLayer() : L.tileLayer(baseUrl, \n        L.Util.extend({}, {\n            detectRetina: 0,\n        }, \n        {\"subdomains\":\"abc\",\"noWrap\":false}        )\n    );\n    var options = L.Util.extend({}, {\n        layers: [base],\n        attributionControl: false\n    }, \n    {\"zoomControl\":true,\"scrollWheelZoom\":true,\"doubleClickZoom\":false,\"fitBounds\":true,\"minZoom\":0,\"maxZoom\":19,\"maxBounds\":null,\"attribution\":\"<a href=\\\"http:\\\/\\\/leafletjs.com\\\" title=\\\"A JS library for interactive maps\\\">Leaflet<\\\/a>; \\u00a9 <a href=\\\"http:\\\/\\\/www.openstreetmap.org\\\/copyright\\\">OpenStreetMap<\\\/a> contributors\"}, \n    {});\nwindow.WPLeafletMapPlugin.createMap(options).setView([44.869812456,15.23838699],13);});<\/script>\n\n<script>\nwindow.WPLeafletMapPlugin = window.WPLeafletMapPlugin || [];\nwindow.WPLeafletMapPlugin.push(function WPLeafletMarkerShortcode() {\/*<script>*\/\nvar map = window.WPLeafletMapPlugin.getCurrentMap();\nvar group = window.WPLeafletMapPlugin.getCurrentGroup();\nvar marker_options = window.WPLeafletMapPlugin.getIconOptions({\"svg\":true,\"background\":\"brown\",\"iconClass\":\"fas fa-building-columns\",\"color\":\"white\"});\nvar marker = new L.SVGMarker(\n    [44.869812456,15.23838699], \n    marker_options\n);\nvar is_image = map.is_image_map;\nif (marker_options.draggable) {\n    marker.on('dragend', function () {\n        var latlng = this.getLatLng();\n        var lat = latlng.lat;\n        var lng = latlng.lng;\n        if (is_image) {\n            console.log('leaflet-marker y=' + lat + ' x=' + lng);\n        } else {\n            console.log('leaflet-marker lat=' + lat + ' lng=' + lng);\n        }\n    });\n}\nmarker.addTo( group );\nmarker.bindPopup(window.WPLeafletMapPlugin.unescape('Muzej Gacke')).openPopup();window.WPLeafletMapPlugin.markers.push( marker );\n        });<\/script>\n<\/div><\/div>","protected":false},"excerpt":{"rendered":"<p>Muzej Gacke Vrijeme: 60 min Klinci: DaPsi: Da Muzej Gacke je otprilike onakav kako bi i o\u010dekivali od jednog muzeja grada veli\u010dine Oto\u010dca. Ipak, audio vodi\u010d kojeg ina\u010de ne nalazim dovoljno \u010desto u muzejima i vrlo uslu\u017ena mlada dama koja me je provela kroz postav, u\u010dinili su posjet ipak mrvicu boljim od o\u010dekivanog. Bilo je<a class=\"more-link\" href=\"https:\/\/zirzen.com\/en\/muzej-gacke\/\">Continue reading <span class=\"screen-reader-text\">&#8220;Muzej Gacke&#8221;<\/span><\/a><\/p>","protected":false},"author":1,"featured_media":0,"parent":0,"menu_order":0,"comment_status":"closed","ping_status":"closed","template":"","meta":{"_monsterinsights_skip_tracking":false,"_monsterinsights_sitenote_active":false,"_monsterinsights_sitenote_note":"","_monsterinsights_sitenote_category":0,"footnotes":""},"class_list":["post-2079","page","type-page","status-publish","hentry","entry"],"yoast_head":"<!-- This site is optimized with the Yoast SEO plugin v20.13 - https:\/\/yoast.com\/wordpress\/plugins\/seo\/ -->\n<title>Muzej Gacke - Zir Zen<\/title>\n<meta name=\"robots\" content=\"index, follow, max-snippet:-1, max-image-preview:large, max-video-preview:-1\" \/>\n<link rel=\"canonical\" href=\"https:\/\/zirzen.com\/en\/muzej-gacke\/\" \/>\n<meta property=\"og:locale\" content=\"en_US\" \/>\n<meta property=\"og:type\" content=\"article\" \/>\n<meta property=\"og:title\" content=\"Muzej Gacke - Zir Zen\" \/>\n<meta property=\"og:description\" content=\"Muzej Gacke Vrijeme: 60 min Klinci: DaPsi: Da Muzej Gacke je otprilike onakav kako bi i o\u010dekivali od jednog muzeja grada veli\u010dine Oto\u010dca. Ipak, audio vodi\u010d kojeg ina\u010de ne nalazim dovoljno \u010desto u muzejima i vrlo uslu\u017ena mlada dama koja me je provela kroz postav, u\u010dinili su posjet ipak mrvicu boljim od o\u010dekivanog. Bilo jeContinue reading &quot;Muzej Gacke&quot;\" \/>\n<meta property=\"og:url\" content=\"https:\/\/zirzen.com\/en\/muzej-gacke\/\" \/>\n<meta property=\"og:site_name\" content=\"Zir Zen\" \/>\n<meta property=\"article:modified_time\" content=\"2023-10-10T20:04:05+00:00\" \/>\n<meta property=\"og:image\" content=\"https:\/\/zirzen.com\/wp-content\/uploads\/2023\/08\/Muzej-Gacke-1024x768.jpeg\" \/>\n<meta name=\"twitter:card\" content=\"summary_large_image\" \/>\n<meta name=\"twitter:label1\" content=\"Est. reading time\" \/>\n\t<meta name=\"twitter:data1\" content=\"2 minutes\" \/>\n<script type=\"application\/ld+json\" class=\"yoast-schema-graph\">{\"@context\":\"https:\/\/schema.org\",\"@graph\":[{\"@type\":\"WebPage\",\"@id\":\"https:\/\/zirzen.com\/muzej-gacke\/\",\"url\":\"https:\/\/zirzen.com\/muzej-gacke\/\",\"name\":\"Muzej Gacke - Zir Zen\",\"isPartOf\":{\"@id\":\"https:\/\/zirzen.com\/#website\"},\"datePublished\":\"2023-08-03T20:57:34+00:00\",\"dateModified\":\"2023-10-10T20:04:05+00:00\",\"breadcrumb\":{\"@id\":\"https:\/\/zirzen.com\/muzej-gacke\/#breadcrumb\"},\"inLanguage\":\"en-US\",\"potentialAction\":[{\"@type\":\"ReadAction\",\"target\":[\"https:\/\/zirzen.com\/muzej-gacke\/\"]}]},{\"@type\":\"BreadcrumbList\",\"@id\":\"https:\/\/zirzen.com\/muzej-gacke\/#breadcrumb\",\"itemListElement\":[{\"@type\":\"ListItem\",\"position\":1,\"name\":\"Home\",\"item\":\"https:\/\/zirzen.com\/\"},{\"@type\":\"ListItem\",\"position\":2,\"name\":\"Muzej Gacke\"}]},{\"@type\":\"WebSite\",\"@id\":\"https:\/\/zirzen.com\/#website\",\"url\":\"https:\/\/zirzen.com\/\",\"name\":\"Zir Zen\",\"description\":\"Jebi ga, kad smo ve\u0107 u Lovincu\",\"publisher\":{\"@id\":\"https:\/\/zirzen.com\/#organization\"},\"potentialAction\":[{\"@type\":\"SearchAction\",\"target\":{\"@type\":\"EntryPoint\",\"urlTemplate\":\"https:\/\/zirzen.com\/?s={search_term_string}\"},\"query-input\":\"required name=search_term_string\"}],\"inLanguage\":\"en-US\"},{\"@type\":\"Organization\",\"@id\":\"https:\/\/zirzen.com\/#organization\",\"name\":\"Zir Zen\",\"url\":\"https:\/\/zirzen.com\/\",\"logo\":{\"@type\":\"ImageObject\",\"inLanguage\":\"en-US\",\"@id\":\"https:\/\/zirzen.com\/#\/schema\/logo\/image\/\",\"url\":\"https:\/\/zirzen.com\/wp-content\/uploads\/2023\/07\/cropped-Picture1.png\",\"contentUrl\":\"https:\/\/zirzen.com\/wp-content\/uploads\/2023\/07\/cropped-Picture1.png\",\"width\":512,\"height\":512,\"caption\":\"Zir Zen\"},\"image\":{\"@id\":\"https:\/\/zirzen.com\/#\/schema\/logo\/image\/\"}}]}<\/script>\n<!-- \/ Yoast SEO plugin. -->","yoast_head_json":{"title":"Muzej Gacke - Zir Zen","robots":{"index":"index","follow":"follow","max-snippet":"max-snippet:-1","max-image-preview":"max-image-preview:large","max-video-preview":"max-video-preview:-1"},"canonical":"https:\/\/zirzen.com\/en\/muzej-gacke\/","og_locale":"en_US","og_type":"article","og_title":"Muzej Gacke - Zir Zen","og_description":"Muzej Gacke Vrijeme: 60 min Klinci: DaPsi: Da Muzej Gacke je otprilike onakav kako bi i o\u010dekivali od jednog muzeja grada veli\u010dine Oto\u010dca. Ipak, audio vodi\u010d kojeg ina\u010de ne nalazim dovoljno \u010desto u muzejima i vrlo uslu\u017ena mlada dama koja me je provela kroz postav, u\u010dinili su posjet ipak mrvicu boljim od o\u010dekivanog. Bilo jeContinue reading \"Muzej Gacke\"","og_url":"https:\/\/zirzen.com\/en\/muzej-gacke\/","og_site_name":"Zir Zen","article_modified_time":"2023-10-10T20:04:05+00:00","og_image":[{"url":"https:\/\/zirzen.com\/wp-content\/uploads\/2023\/08\/Muzej-Gacke-1024x768.jpeg"}],"twitter_card":"summary_large_image","twitter_misc":{"Est. reading time":"2 minutes"},"schema":{"@context":"https:\/\/schema.org","@graph":[{"@type":"WebPage","@id":"https:\/\/zirzen.com\/muzej-gacke\/","url":"https:\/\/zirzen.com\/muzej-gacke\/","name":"Muzej Gacke - Zir Zen","isPartOf":{"@id":"https:\/\/zirzen.com\/#website"},"datePublished":"2023-08-03T20:57:34+00:00","dateModified":"2023-10-10T20:04:05+00:00","breadcrumb":{"@id":"https:\/\/zirzen.com\/muzej-gacke\/#breadcrumb"},"inLanguage":"en-US","potentialAction":[{"@type":"ReadAction","target":["https:\/\/zirzen.com\/muzej-gacke\/"]}]},{"@type":"BreadcrumbList","@id":"https:\/\/zirzen.com\/muzej-gacke\/#breadcrumb","itemListElement":[{"@type":"ListItem","position":1,"name":"Home","item":"https:\/\/zirzen.com\/"},{"@type":"ListItem","position":2,"name":"Muzej Gacke"}]},{"@type":"WebSite","@id":"https:\/\/zirzen.com\/#website","url":"https:\/\/zirzen.com\/","name":"Zir Zen","description":"Jebi ga, kad smo ve\u0107 u Lovincu","publisher":{"@id":"https:\/\/zirzen.com\/#organization"},"potentialAction":[{"@type":"SearchAction","target":{"@type":"EntryPoint","urlTemplate":"https:\/\/zirzen.com\/?s={search_term_string}"},"query-input":"required name=search_term_string"}],"inLanguage":"en-US"},{"@type":"Organization","@id":"https:\/\/zirzen.com\/#organization","name":"Zir Zen","url":"https:\/\/zirzen.com\/","logo":{"@type":"ImageObject","inLanguage":"en-US","@id":"https:\/\/zirzen.com\/#\/schema\/logo\/image\/","url":"https:\/\/zirzen.com\/wp-content\/uploads\/2023\/07\/cropped-Picture1.png","contentUrl":"https:\/\/zirzen.com\/wp-content\/uploads\/2023\/07\/cropped-Picture1.png","width":512,"height":512,"caption":"Zir Zen"},"image":{"@id":"https:\/\/zirzen.com\/#\/schema\/logo\/image\/"}}]}},"_links":{"self":[{"href":"https:\/\/zirzen.com\/en\/wp-json\/wp\/v2\/pages\/2079","targetHints":{"allow":["GET"]}}],"collection":[{"href":"https:\/\/zirzen.com\/en\/wp-json\/wp\/v2\/pages"}],"about":[{"href":"https:\/\/zirzen.com\/en\/wp-json\/wp\/v2\/types\/page"}],"author":[{"embeddable":true,"href":"https:\/\/zirzen.com\/en\/wp-json\/wp\/v2\/users\/1"}],"replies":[{"embeddable":true,"href":"https:\/\/zirzen.com\/en\/wp-json\/wp\/v2\/comments?post=2079"}],"version-history":[{"count":26,"href":"https:\/\/zirzen.com\/en\/wp-json\/wp\/v2\/pages\/2079\/revisions"}],"predecessor-version":[{"id":4275,"href":"https:\/\/zirzen.com\/en\/wp-json\/wp\/v2\/pages\/2079\/revisions\/4275"}],"wp:attachment":[{"href":"https:\/\/zirzen.com\/en\/wp-json\/wp\/v2\/media?parent=2079"}],"curies":[{"name":"wp","href":"https:\/\/api.w.org\/{rel}","templated":true}]}}