{"id":2149,"date":"2023-08-05T18:15:46","date_gmt":"2023-08-05T18:15:46","guid":{"rendered":"https:\/\/zirzen.com\/?page_id=2149"},"modified":"2023-10-10T22:07:20","modified_gmt":"2023-10-10T20:07:20","slug":"zipline-pazi-medo","status":"publish","type":"page","link":"https:\/\/zirzen.com\/en\/zipline-pazi-medo\/","title":{"rendered":"Zipline Beware of the bear"},"content":{"rendered":"<h2 class=\"wp-block-heading has-text-align-center\">Zipline &#8220;Pazi medo&#8221;<\/h2>\n\n\n\n<div class=\"wp-block-columns is-layout-flex wp-container-core-columns-is-layout-28f84493 wp-block-columns-is-layout-flex\">\n<div class=\"wp-block-column is-layout-flow wp-block-column-is-layout-flow\" style=\"flex-basis:33.33%\">\n<div class=\"wp-block-group attraction-left-side\"><div class=\"wp-block-group__inner-container is-layout-constrained wp-block-group-is-layout-constrained\">\n<figure class=\"wp-block-image size-large agl agl-fadeCSS agl-in-distance-1\"><img decoding=\"async\" src=\"https:\/\/zirzen.com\/wp-content\/uploads\/2023\/08\/Pazi-medo-1024x768.jpg\" alt=\"\" class=\"wp-image-2153\"\/><\/figure>\n\n\n\n<p class=\"has-text-align-center attraction-links has-small-font-size\"><a href=\"https:\/\/www.instagram.com\/ziplinepazimedo\/\" target=\"_blank\" rel=\"noreferrer noopener\"><i class=\"fab fa-square-instagram\"><\/i><\/a> <a rel=\"noreferrer noopener\" href=\"https:\/\/zipline-plitvice.com\/index.php\/en\/home\/\" data-type=\"URL\" data-id=\"https:\/\/www.hostelsvetirok.com\/\" target=\"_blank\"><i class=\"fas fa-earth-americas\"><\/i><\/a> <a href=\"https:\/\/www.facebook.com\/pazimedo\/\" data-type=\"URL\" data-id=\"https:\/\/hr-hr.facebook.com\/hostelsvrok\/\" target=\"_blank\" rel=\"noreferrer noopener\"><i class=\"fab fa-facebook\"><\/i><\/a>  <a rel=\"noreferrer noopener\" href=\"https:\/\/www.youtube.com\/channel\/UCUdmwWgZdi2bAlpW_apvOMQ\" target=\"_blank\"><i class=\"fab fa-youtube\"><\/i><\/a><\/p>\n<\/div><\/div>\n\n\n\n<p class=\"has-text-align-left has-small-font-size\"><strong>Time:<\/strong> 70 min <i class=\"fas fa-car\"><\/i><br><strong>Kids:<\/strong> Yes<br><strong>Dogs:<\/strong> No<\/p>\n\n\n\n<hr class=\"wp-block-separator has-alpha-channel-opacity\"\/>\n\n\n\n<div class=\"wp-block-buttons has-custom-font-size has-small-font-size agl agl-wipeCSS agl-in-distance-1 is-content-justification-center is-layout-flex wp-container-core-buttons-is-layout-a89b3969 wp-block-buttons-is-layout-flex\">\n<div class=\"wp-block-button is-style-fill\"><a class=\"wp-block-button__link has-foreground-color has-text-color has-background wp-element-button\" style=\"border-radius:16px;background-color:#d7d7d7;padding-top:10px;padding-right:10px;padding-bottom:10px;padding-left:10px\"><i class=\"fas fa-rocket\"><\/i><\/a><\/div>\n<\/div>\n<\/div>\n\n\n\n<div class=\"wp-block-column is-layout-flow wp-block-column-is-layout-flow\" style=\"flex-basis:66.66%\">\n<p class=\"has-small-font-size\">This is one of the fastest and longest ziplines in Europe. So, if you are a fan of speeding down the wire, Pazi medo (Beware of the bear) is an unmissable destination. The only thing more fun than running down is running down in pairs, so bring the kids or your better half.<\/p>\n\n\n\n<p class=\"has-small-font-size\">The zipline itself is about 1,700 meters long and unlike many others that boast of their length, this one is in one piece. So one mile long wire. The speeds that are achieved are in the range of 100 to 120 kilometers per hour.<\/p>\n\n\n\n<p class=\"has-small-font-size\">You can immortalize your adventure with a GoPro camera, so bring a USB stick to which you can transfer the recorded materials.<\/p>\n<\/div>\n<\/div>\n\n\n\n<div class=\"wp-block-group has-background has-small-font-size\" style=\"background-color:#f1f1f1\"><div class=\"wp-block-group__inner-container is-layout-constrained wp-block-group-is-layout-constrained\">\n<div class=\"leaflet-map WPLeafletMap\" style=\"height:450px; width:100%;\"><\/div><script>\nwindow.WPLeafletMapPlugin = window.WPLeafletMapPlugin || [];\nwindow.WPLeafletMapPlugin.push(function WPLeafletMapShortcode() {\/*<script>*\/\nvar baseUrl = atob('aHR0cHM6Ly97c30udGlsZS5vcGVuc3RyZWV0bWFwLm9yZy97en0ve3h9L3t5fS5wbmc=');\nvar base = (!baseUrl && window.MQ) ? \n    window.MQ.mapLayer() : L.tileLayer(baseUrl, \n        L.Util.extend({}, {\n            detectRetina: 0,\n        }, \n        {\"subdomains\":\"abc\",\"noWrap\":false}        )\n    );\n    var options = L.Util.extend({}, {\n        layers: [base],\n        attributionControl: false\n    }, \n    {\"zoomControl\":true,\"scrollWheelZoom\":true,\"doubleClickZoom\":false,\"fitBounds\":false,\"minZoom\":0,\"maxZoom\":19,\"maxBounds\":null,\"attribution\":\"<a href=\\\"http:\\\/\\\/leafletjs.com\\\" title=\\\"A JS library for interactive maps\\\">Leaflet<\\\/a>; \\u00a9 <a href=\\\"http:\\\/\\\/www.openstreetmap.org\\\/copyright\\\">OpenStreetMap<\\\/a> contributors\"}, \n    {});\nwindow.WPLeafletMapPlugin.createMap(options).setView([44.855217646,15.46261509],13);});<\/script>\n\n<script>\nwindow.WPLeafletMapPlugin = window.WPLeafletMapPlugin || [];\nwindow.WPLeafletMapPlugin.push(function WPLeafletMarkerShortcode() {\/*<script>*\/\nvar map = window.WPLeafletMapPlugin.getCurrentMap();\nvar group = window.WPLeafletMapPlugin.getCurrentGroup();\nvar marker_options = window.WPLeafletMapPlugin.getIconOptions({\"svg\":true,\"background\":\"black\",\"iconClass\":\"fas fa-rocket\",\"color\":\"white\"});\nvar marker = new L.SVGMarker(\n    [44.855217646,15.46261509], \n    marker_options\n);\nvar is_image = map.is_image_map;\nif (marker_options.draggable) {\n    marker.on('dragend', function () {\n        var latlng = this.getLatLng();\n        var lat = latlng.lat;\n        var lng = latlng.lng;\n        if (is_image) {\n            console.log('leaflet-marker y=' + lat + ' x=' + lng);\n        } else {\n            console.log('leaflet-marker lat=' + lat + ' lng=' + lng);\n        }\n    });\n}\nmarker.addTo( group );\nmarker.bindPopup(window.WPLeafletMapPlugin.unescape('Zipline &amp;#8220;Pazi medo&amp;#8221;'));window.WPLeafletMapPlugin.markers.push( marker );\n        });<\/script> \n<\/div><\/div>","protected":false},"excerpt":{"rendered":"<p>Zipline &#8220;Pazi medo&#8221; Vrijeme: 70 min Klinci: DaPsi: Ne Ovo je jedan od najbr\u017eih i najdu\u017eih ziplineova u Europi. Dakle, ako ste ljubitelji jurnjave niz \u017eicu, Pazi medo je nezaobilazna destinacija. Od spu\u0161tanja je jedino zabavnije spu\u0161tanje u paru pa povedite klince ili bolju polovicu. Sam zipline je dug oko 1700 metara i za razliku<a class=\"more-link\" href=\"https:\/\/zirzen.com\/en\/zipline-pazi-medo\/\">Continue reading <span class=\"screen-reader-text\">&#8220;Zipline Pazi medo&#8221;<\/span><\/a><\/p>","protected":false},"author":1,"featured_media":0,"parent":0,"menu_order":0,"comment_status":"closed","ping_status":"closed","template":"","meta":{"_monsterinsights_skip_tracking":false,"_monsterinsights_sitenote_active":false,"_monsterinsights_sitenote_note":"","_monsterinsights_sitenote_category":0,"footnotes":""},"class_list":["post-2149","page","type-page","status-publish","hentry","entry"],"yoast_head":"<!-- This site is optimized with the Yoast SEO plugin v20.13 - https:\/\/yoast.com\/wordpress\/plugins\/seo\/ -->\n<title>Zipline Pazi medo - Zir Zen<\/title>\n<meta name=\"robots\" content=\"index, follow, max-snippet:-1, max-image-preview:large, max-video-preview:-1\" \/>\n<link rel=\"canonical\" href=\"https:\/\/zirzen.com\/en\/zipline-pazi-medo\/\" \/>\n<meta property=\"og:locale\" content=\"en_US\" \/>\n<meta property=\"og:type\" content=\"article\" \/>\n<meta property=\"og:title\" content=\"Zipline Pazi medo - Zir Zen\" \/>\n<meta property=\"og:description\" content=\"Zipline &#8220;Pazi medo&#8221; Vrijeme: 70 min Klinci: DaPsi: Ne Ovo je jedan od najbr\u017eih i najdu\u017eih ziplineova u Europi. Dakle, ako ste ljubitelji jurnjave niz \u017eicu, Pazi medo je nezaobilazna destinacija. Od spu\u0161tanja je jedino zabavnije spu\u0161tanje u paru pa povedite klince ili bolju polovicu. Sam zipline je dug oko 1700 metara i za razlikuContinue reading &quot;Zipline Pazi medo&quot;\" \/>\n<meta property=\"og:url\" content=\"https:\/\/zirzen.com\/en\/zipline-pazi-medo\/\" \/>\n<meta property=\"og:site_name\" content=\"Zir Zen\" \/>\n<meta property=\"article:modified_time\" content=\"2023-10-10T20:07:20+00:00\" \/>\n<meta property=\"og:image\" content=\"https:\/\/zirzen.com\/wp-content\/uploads\/2023\/08\/Pazi-medo-1024x768.jpg\" \/>\n<meta name=\"twitter:card\" content=\"summary_large_image\" \/>\n<meta name=\"twitter:label1\" content=\"Est. reading time\" \/>\n\t<meta name=\"twitter:data1\" content=\"1 minute\" \/>\n<script type=\"application\/ld+json\" class=\"yoast-schema-graph\">{\"@context\":\"https:\/\/schema.org\",\"@graph\":[{\"@type\":\"WebPage\",\"@id\":\"https:\/\/zirzen.com\/zipline-pazi-medo\/\",\"url\":\"https:\/\/zirzen.com\/zipline-pazi-medo\/\",\"name\":\"Zipline Pazi medo - Zir Zen\",\"isPartOf\":{\"@id\":\"https:\/\/zirzen.com\/#website\"},\"datePublished\":\"2023-08-05T18:15:46+00:00\",\"dateModified\":\"2023-10-10T20:07:20+00:00\",\"breadcrumb\":{\"@id\":\"https:\/\/zirzen.com\/zipline-pazi-medo\/#breadcrumb\"},\"inLanguage\":\"en-US\",\"potentialAction\":[{\"@type\":\"ReadAction\",\"target\":[\"https:\/\/zirzen.com\/zipline-pazi-medo\/\"]}]},{\"@type\":\"BreadcrumbList\",\"@id\":\"https:\/\/zirzen.com\/zipline-pazi-medo\/#breadcrumb\",\"itemListElement\":[{\"@type\":\"ListItem\",\"position\":1,\"name\":\"Home\",\"item\":\"https:\/\/zirzen.com\/\"},{\"@type\":\"ListItem\",\"position\":2,\"name\":\"Zipline Pazi medo\"}]},{\"@type\":\"WebSite\",\"@id\":\"https:\/\/zirzen.com\/#website\",\"url\":\"https:\/\/zirzen.com\/\",\"name\":\"Zir Zen\",\"description\":\"Jebi ga, kad smo ve\u0107 u Lovincu\",\"publisher\":{\"@id\":\"https:\/\/zirzen.com\/#organization\"},\"potentialAction\":[{\"@type\":\"SearchAction\",\"target\":{\"@type\":\"EntryPoint\",\"urlTemplate\":\"https:\/\/zirzen.com\/?s={search_term_string}\"},\"query-input\":\"required name=search_term_string\"}],\"inLanguage\":\"en-US\"},{\"@type\":\"Organization\",\"@id\":\"https:\/\/zirzen.com\/#organization\",\"name\":\"Zir Zen\",\"url\":\"https:\/\/zirzen.com\/\",\"logo\":{\"@type\":\"ImageObject\",\"inLanguage\":\"en-US\",\"@id\":\"https:\/\/zirzen.com\/#\/schema\/logo\/image\/\",\"url\":\"https:\/\/zirzen.com\/wp-content\/uploads\/2023\/07\/cropped-Picture1.png\",\"contentUrl\":\"https:\/\/zirzen.com\/wp-content\/uploads\/2023\/07\/cropped-Picture1.png\",\"width\":512,\"height\":512,\"caption\":\"Zir Zen\"},\"image\":{\"@id\":\"https:\/\/zirzen.com\/#\/schema\/logo\/image\/\"}}]}<\/script>\n<!-- \/ Yoast SEO plugin. -->","yoast_head_json":{"title":"Zipline Pazi medo - Zir Zen","robots":{"index":"index","follow":"follow","max-snippet":"max-snippet:-1","max-image-preview":"max-image-preview:large","max-video-preview":"max-video-preview:-1"},"canonical":"https:\/\/zirzen.com\/en\/zipline-pazi-medo\/","og_locale":"en_US","og_type":"article","og_title":"Zipline Pazi medo - Zir Zen","og_description":"Zipline &#8220;Pazi medo&#8221; Vrijeme: 70 min Klinci: DaPsi: Ne Ovo je jedan od najbr\u017eih i najdu\u017eih ziplineova u Europi. Dakle, ako ste ljubitelji jurnjave niz \u017eicu, Pazi medo je nezaobilazna destinacija. Od spu\u0161tanja je jedino zabavnije spu\u0161tanje u paru pa povedite klince ili bolju polovicu. Sam zipline je dug oko 1700 metara i za razlikuContinue reading \"Zipline Pazi medo\"","og_url":"https:\/\/zirzen.com\/en\/zipline-pazi-medo\/","og_site_name":"Zir Zen","article_modified_time":"2023-10-10T20:07:20+00:00","og_image":[{"url":"https:\/\/zirzen.com\/wp-content\/uploads\/2023\/08\/Pazi-medo-1024x768.jpg"}],"twitter_card":"summary_large_image","twitter_misc":{"Est. reading time":"1 minute"},"schema":{"@context":"https:\/\/schema.org","@graph":[{"@type":"WebPage","@id":"https:\/\/zirzen.com\/zipline-pazi-medo\/","url":"https:\/\/zirzen.com\/zipline-pazi-medo\/","name":"Zipline Pazi medo - Zir Zen","isPartOf":{"@id":"https:\/\/zirzen.com\/#website"},"datePublished":"2023-08-05T18:15:46+00:00","dateModified":"2023-10-10T20:07:20+00:00","breadcrumb":{"@id":"https:\/\/zirzen.com\/zipline-pazi-medo\/#breadcrumb"},"inLanguage":"en-US","potentialAction":[{"@type":"ReadAction","target":["https:\/\/zirzen.com\/zipline-pazi-medo\/"]}]},{"@type":"BreadcrumbList","@id":"https:\/\/zirzen.com\/zipline-pazi-medo\/#breadcrumb","itemListElement":[{"@type":"ListItem","position":1,"name":"Home","item":"https:\/\/zirzen.com\/"},{"@type":"ListItem","position":2,"name":"Zipline Pazi medo"}]},{"@type":"WebSite","@id":"https:\/\/zirzen.com\/#website","url":"https:\/\/zirzen.com\/","name":"Zir Zen","description":"Jebi ga, kad smo ve\u0107 u Lovincu","publisher":{"@id":"https:\/\/zirzen.com\/#organization"},"potentialAction":[{"@type":"SearchAction","target":{"@type":"EntryPoint","urlTemplate":"https:\/\/zirzen.com\/?s={search_term_string}"},"query-input":"required name=search_term_string"}],"inLanguage":"en-US"},{"@type":"Organization","@id":"https:\/\/zirzen.com\/#organization","name":"Zir Zen","url":"https:\/\/zirzen.com\/","logo":{"@type":"ImageObject","inLanguage":"en-US","@id":"https:\/\/zirzen.com\/#\/schema\/logo\/image\/","url":"https:\/\/zirzen.com\/wp-content\/uploads\/2023\/07\/cropped-Picture1.png","contentUrl":"https:\/\/zirzen.com\/wp-content\/uploads\/2023\/07\/cropped-Picture1.png","width":512,"height":512,"caption":"Zir Zen"},"image":{"@id":"https:\/\/zirzen.com\/#\/schema\/logo\/image\/"}}]}},"_links":{"self":[{"href":"https:\/\/zirzen.com\/en\/wp-json\/wp\/v2\/pages\/2149","targetHints":{"allow":["GET"]}}],"collection":[{"href":"https:\/\/zirzen.com\/en\/wp-json\/wp\/v2\/pages"}],"about":[{"href":"https:\/\/zirzen.com\/en\/wp-json\/wp\/v2\/types\/page"}],"author":[{"embeddable":true,"href":"https:\/\/zirzen.com\/en\/wp-json\/wp\/v2\/users\/1"}],"replies":[{"embeddable":true,"href":"https:\/\/zirzen.com\/en\/wp-json\/wp\/v2\/comments?post=2149"}],"version-history":[{"count":16,"href":"https:\/\/zirzen.com\/en\/wp-json\/wp\/v2\/pages\/2149\/revisions"}],"predecessor-version":[{"id":4285,"href":"https:\/\/zirzen.com\/en\/wp-json\/wp\/v2\/pages\/2149\/revisions\/4285"}],"wp:attachment":[{"href":"https:\/\/zirzen.com\/en\/wp-json\/wp\/v2\/media?parent=2149"}],"curies":[{"name":"wp","href":"https:\/\/api.w.org\/{rel}","templated":true}]}}