{"id":2877,"date":"2023-08-17T22:37:56","date_gmt":"2023-08-17T20:37:56","guid":{"rendered":"https:\/\/zirzen.com\/?page_id=2877"},"modified":"2023-11-04T23:49:43","modified_gmt":"2023-11-04T21:49:43","slug":"babica-jezero","status":"publish","type":"page","link":"https:\/\/zirzen.com\/en\/babica-jezero\/","title":{"rendered":"Babi\u0107a lake"},"content":{"rendered":"<h2 class=\"wp-block-heading has-text-align-center\">Babi\u0107a lake<\/h2>\n\n\n\n<div class=\"wp-block-columns is-layout-flex wp-container-core-columns-is-layout-28f84493 wp-block-columns-is-layout-flex\">\n<div class=\"wp-block-column is-layout-flow wp-block-column-is-layout-flow\" style=\"flex-basis:33.33%\">\n<div class=\"wp-block-group attraction-left-side\"><div class=\"wp-block-group__inner-container is-layout-constrained wp-block-group-is-layout-constrained\">\n<figure class=\"wp-block-image size-large agl agl-fadeCSS agl-in-distance-1\"><img loading=\"lazy\" decoding=\"async\" width=\"1024\" height=\"769\" src=\"https:\/\/zirzen.com\/wp-content\/uploads\/2023\/08\/Babica-jezero-1024x769.jpeg\" alt=\"\" class=\"wp-image-2882\" srcset=\"https:\/\/zirzen.com\/wp-content\/uploads\/2023\/08\/Babica-jezero-1024x769.jpeg 1024w, https:\/\/zirzen.com\/wp-content\/uploads\/2023\/08\/Babica-jezero-300x225.jpeg 300w, https:\/\/zirzen.com\/wp-content\/uploads\/2023\/08\/Babica-jezero-768x577.jpeg 768w, https:\/\/zirzen.com\/wp-content\/uploads\/2023\/08\/Babica-jezero-1536x1153.jpeg 1536w, https:\/\/zirzen.com\/wp-content\/uploads\/2023\/08\/Babica-jezero-2048x1538.jpeg 2048w, https:\/\/zirzen.com\/wp-content\/uploads\/2023\/08\/Babica-jezero-16x12.jpeg 16w, https:\/\/zirzen.com\/wp-content\/uploads\/2023\/08\/Babica-jezero-1568x1177.jpeg 1568w\" sizes=\"auto, (max-width: 1024px) 100vw, 1024px\" \/><\/figure>\n<\/div><\/div>\n\n\n\n<p class=\"has-text-align-left has-small-font-size\"><strong>Time:<\/strong> 60 min <i class=\"fas fa-car\"><\/i> + 60 min <i class=\"fas fa-person-hiking\"><\/i><br><strong>Kids:<\/strong> Yes<br><strong>Dogs:<\/strong> Yes<\/p>\n\n\n\n<hr class=\"wp-block-separator has-alpha-channel-opacity\"\/>\n\n\n\n<div class=\"wp-block-buttons has-custom-font-size has-small-font-size agl agl-wipeCSS agl-in-distance-1 is-content-justification-center is-layout-flex wp-container-core-buttons-is-layout-a89b3969 wp-block-buttons-is-layout-flex\">\n<div class=\"wp-block-button is-style-fill\"><a class=\"wp-block-button__link has-foreground-color has-text-color has-background wp-element-button\" style=\"border-radius:16px;background-color:#d7d7d7;padding-top:10px;padding-right:10px;padding-bottom:10px;padding-left:10px\"><i class=\"fas fa-mountain-sun\"><\/i><\/a><\/div>\n\n\n\n<div class=\"wp-block-button is-style-fill\"><a class=\"wp-block-button__link has-foreground-color has-text-color has-background wp-element-button\" style=\"border-radius:16px;background-color:#d7d7d7;padding-top:10px;padding-right:10px;padding-bottom:10px;padding-left:10px\"><i class=\"fas fa-person-hiking\"><\/i><\/a><\/div>\n\n\n\n<div class=\"wp-block-button is-style-fill\"><a class=\"wp-block-button__link has-foreground-color has-text-color has-background wp-element-button\" style=\"border-radius:16px;background-color:#d7d7d7;padding-top:10px;padding-right:10px;padding-bottom:10px;padding-left:10px\"><i class=\"fas fa-camera\"><\/i><\/a><\/div>\n\n\n\n<div class=\"wp-block-button is-style-fill\"><a class=\"wp-block-button__link has-foreground-color has-text-color has-background wp-element-button\" style=\"border-radius:16px;background-color:#d7d7d7;padding-top:10px;padding-right:10px;padding-bottom:10px;padding-left:10px\"><i class=\"fas fa-person-swimming\"><\/i><\/a><\/div>\n<\/div>\n<\/div>\n\n\n\n<div class=\"wp-block-column is-layout-flow wp-block-column-is-layout-flow\" style=\"flex-basis:66.66%\">\n<p class=\"has-small-font-size\">This is an undiscovered pearl of Lika. The reason is probably that at first glance it seems that it is difficult to reach, but that is not true. You can enjoy this wonderful place without major problems and, as things stand for now, you can do it in peace and without crowds.<\/p>\n\n\n\n<p class=\"has-small-font-size\">The lake is located next to Ti\u0161kovac Li\u010dki, not even a kilometer from the border with Bosnia and Herzegovina, where the nearest road is. This sounds easy, but you still need to cross the state border to get to Ti\u0161kovac. I think that the second approach with ten to fifteen kilometers of dirt roads and an hour long hike across Ljubina poljana is a fair price to pay for what you get.<\/p>\n\n\n\n<p class=\"has-small-font-size\">The lake has a round shape and steep banks that continue just as steeply below the surface, to a depth of about 50 meters. Access to the coast is from the south side. In the summer months, the water is perfect for swimming. Just refreshing.<\/p>\n\n\n\n<p class=\"has-small-font-size\">There are two approaches to the lake. One that starts with a little less than five kilometers on dirt roads, which can be in very bad condition, you come to an intersection and enter the Po\u0161tak hunting ground. Go left there, although the path going right looks better. After another six and a half kilometers on dirt roads, you emerge on a serpentine with a view to the east. Well, leave your car right there and follow the unmarked path that is clearly visible on OpenStreetMap. The hike to the lake will take about an hour.<\/p>\n\n\n\n<p class=\"has-small-font-size\">There is also a much shorter hiking (walking) tour of 15 minutes from Ti\u0161kvac Li\u010dki, but to get there you will have to drive fifteen minutes more by car and cross the Kaldrma border crossing. I never went this way.<\/p>\n<\/div>\n<\/div>\n\n\n\n<div class=\"wp-block-group has-background has-small-font-size\" style=\"background-color:#f1f1f1\"><div class=\"wp-block-group__inner-container is-layout-constrained wp-block-group-is-layout-constrained\">\n<div class=\"leaflet-map WPLeafletMap\" style=\"height:450px; width:100%;\"><\/div><script>\nwindow.WPLeafletMapPlugin = window.WPLeafletMapPlugin || [];\nwindow.WPLeafletMapPlugin.push(function WPLeafletMapShortcode() {\/*<script>*\/\nvar baseUrl = atob('aHR0cHM6Ly97c30udGlsZS5vcGVuc3RyZWV0bWFwLm9yZy97en0ve3h9L3t5fS5wbmc=');\nvar base = (!baseUrl && window.MQ) ? \n    window.MQ.mapLayer() : L.tileLayer(baseUrl, \n        L.Util.extend({}, {\n            detectRetina: 0,\n        }, \n        {\"subdomains\":\"abc\",\"noWrap\":false}        )\n    );\n    var options = L.Util.extend({}, {\n        layers: [base],\n        attributionControl: false\n    }, \n    {\"zoomControl\":true,\"scrollWheelZoom\":true,\"doubleClickZoom\":false,\"fitBounds\":false,\"minZoom\":0,\"maxZoom\":19,\"maxBounds\":null,\"attribution\":\"<a href=\\\"http:\\\/\\\/leafletjs.com\\\" title=\\\"A JS library for interactive maps\\\">Leaflet<\\\/a>; \\u00a9 <a href=\\\"http:\\\/\\\/www.openstreetmap.org\\\/copyright\\\">OpenStreetMap<\\\/a> contributors\"}, \n    {});\nwindow.WPLeafletMapPlugin.createMap(options).setView([44.27513,16.17978],13);});<\/script>\n\n<script>\nwindow.WPLeafletMapPlugin = window.WPLeafletMapPlugin || [];\nwindow.WPLeafletMapPlugin.push(function WPLeafletMarkerShortcode() {\/*<script>*\/\nvar map = window.WPLeafletMapPlugin.getCurrentMap();\nvar group = window.WPLeafletMapPlugin.getCurrentGroup();\nvar marker_options = window.WPLeafletMapPlugin.getIconOptions({\"svg\":true,\"background\":\"blue\",\"iconClass\":\"fas fa-person-swimming\",\"color\":\"white\"});\nvar marker = new L.SVGMarker(\n    [44.27513,16.17978], \n    marker_options\n);\nvar is_image = map.is_image_map;\nif (marker_options.draggable) {\n    marker.on('dragend', function () {\n        var latlng = this.getLatLng();\n        var lat = latlng.lat;\n        var lng = latlng.lng;\n        if (is_image) {\n            console.log('leaflet-marker y=' + lat + ' x=' + lng);\n        } else {\n            console.log('leaflet-marker lat=' + lat + ' lng=' + lng);\n        }\n    });\n}\nmarker.addTo( group );\nmarker.bindPopup(window.WPLeafletMapPlugin.unescape('Babi\u0107a jezero'));window.WPLeafletMapPlugin.markers.push( marker );\n        });<\/script> \n\n<script>\nwindow.WPLeafletMapPlugin = window.WPLeafletMapPlugin || [];\nwindow.WPLeafletMapPlugin.push(function WPLeafletMarkerShortcode() {\/*<script>*\/\nvar map = window.WPLeafletMapPlugin.getCurrentMap();\nvar group = window.WPLeafletMapPlugin.getCurrentGroup();\nvar marker_options = window.WPLeafletMapPlugin.getIconOptions({\"svg\":true,\"background\":\"grey\",\"iconClass\":\"fas fa-parking\",\"color\":\"white\"});\nvar marker = new L.SVGMarker(\n    [44.273511074804,16.151811989474], \n    marker_options\n);\nvar is_image = map.is_image_map;\nif (marker_options.draggable) {\n    marker.on('dragend', function () {\n        var latlng = this.getLatLng();\n        var lat = latlng.lat;\n        var lng = latlng.lng;\n        if (is_image) {\n            console.log('leaflet-marker y=' + lat + ' x=' + lng);\n        } else {\n            console.log('leaflet-marker lat=' + lat + ' lng=' + lng);\n        }\n    });\n}\nmarker.addTo( group );\nmarker.bindPopup(window.WPLeafletMapPlugin.unescape('Parking Babi\u0107a jezero'));window.WPLeafletMapPlugin.markers.push( marker );\n        });<\/script> \n<\/div><\/div>","protected":false},"excerpt":{"rendered":"<p>Babi\u0107a jezero Vrijeme: 60 min + 60 min Klinci: DaPsi: Da Ovo je doista neotkriveni biser Like. Razlog je vjerojatno taj \u0161to se na prvi pogled \u010dini da je do njega te\u0161ko do\u0107i no to nije istina. Bez ve\u0107ih problema mo\u017eete u\u017eivati u ovom predivnom mjestu i, kako stvari za sada stoje, to mo\u017eete raditi<a class=\"more-link\" href=\"https:\/\/zirzen.com\/en\/babica-jezero\/\">Continue reading <span class=\"screen-reader-text\">&#8220;Babi\u0107a jezero&#8221;<\/span><\/a><\/p>","protected":false},"author":1,"featured_media":0,"parent":0,"menu_order":0,"comment_status":"closed","ping_status":"closed","template":"","meta":{"_monsterinsights_skip_tracking":false,"_monsterinsights_sitenote_active":false,"_monsterinsights_sitenote_note":"","_monsterinsights_sitenote_category":0,"footnotes":""},"class_list":["post-2877","page","type-page","status-publish","hentry","entry"],"yoast_head":"<!-- This site is optimized with the Yoast SEO plugin v20.13 - https:\/\/yoast.com\/wordpress\/plugins\/seo\/ -->\n<title>Babi\u0107a jezero - Zir Zen<\/title>\n<meta name=\"robots\" content=\"index, follow, max-snippet:-1, max-image-preview:large, max-video-preview:-1\" \/>\n<link rel=\"canonical\" href=\"https:\/\/zirzen.com\/en\/babica-jezero\/\" \/>\n<meta property=\"og:locale\" content=\"en_US\" \/>\n<meta property=\"og:type\" content=\"article\" \/>\n<meta property=\"og:title\" content=\"Babi\u0107a jezero - Zir Zen\" \/>\n<meta property=\"og:description\" content=\"Babi\u0107a jezero Vrijeme: 60 min + 60 min Klinci: DaPsi: Da Ovo je doista neotkriveni biser Like. Razlog je vjerojatno taj \u0161to se na prvi pogled \u010dini da je do njega te\u0161ko do\u0107i no to nije istina. Bez ve\u0107ih problema mo\u017eete u\u017eivati u ovom predivnom mjestu i, kako stvari za sada stoje, to mo\u017eete raditiContinue reading &quot;Babi\u0107a jezero&quot;\" \/>\n<meta property=\"og:url\" content=\"https:\/\/zirzen.com\/en\/babica-jezero\/\" \/>\n<meta property=\"og:site_name\" content=\"Zir Zen\" \/>\n<meta property=\"article:modified_time\" content=\"2023-11-04T21:49:43+00:00\" \/>\n<meta property=\"og:image\" content=\"https:\/\/zirzen.com\/wp-content\/uploads\/2023\/08\/Babica-jezero-1024x769.jpeg\" \/>\n<meta name=\"twitter:card\" content=\"summary_large_image\" \/>\n<meta name=\"twitter:label1\" content=\"Est. reading time\" \/>\n\t<meta name=\"twitter:data1\" content=\"2 minutes\" \/>\n<script type=\"application\/ld+json\" class=\"yoast-schema-graph\">{\"@context\":\"https:\/\/schema.org\",\"@graph\":[{\"@type\":\"WebPage\",\"@id\":\"https:\/\/zirzen.com\/babica-jezero\/\",\"url\":\"https:\/\/zirzen.com\/babica-jezero\/\",\"name\":\"Babi\u0107a jezero - Zir Zen\",\"isPartOf\":{\"@id\":\"https:\/\/zirzen.com\/#website\"},\"datePublished\":\"2023-08-17T20:37:56+00:00\",\"dateModified\":\"2023-11-04T21:49:43+00:00\",\"breadcrumb\":{\"@id\":\"https:\/\/zirzen.com\/babica-jezero\/#breadcrumb\"},\"inLanguage\":\"en-US\",\"potentialAction\":[{\"@type\":\"ReadAction\",\"target\":[\"https:\/\/zirzen.com\/babica-jezero\/\"]}]},{\"@type\":\"BreadcrumbList\",\"@id\":\"https:\/\/zirzen.com\/babica-jezero\/#breadcrumb\",\"itemListElement\":[{\"@type\":\"ListItem\",\"position\":1,\"name\":\"Home\",\"item\":\"https:\/\/zirzen.com\/\"},{\"@type\":\"ListItem\",\"position\":2,\"name\":\"Babi\u0107a jezero\"}]},{\"@type\":\"WebSite\",\"@id\":\"https:\/\/zirzen.com\/#website\",\"url\":\"https:\/\/zirzen.com\/\",\"name\":\"Zir Zen\",\"description\":\"Jebi ga, kad smo ve\u0107 u Lovincu\",\"publisher\":{\"@id\":\"https:\/\/zirzen.com\/#organization\"},\"potentialAction\":[{\"@type\":\"SearchAction\",\"target\":{\"@type\":\"EntryPoint\",\"urlTemplate\":\"https:\/\/zirzen.com\/?s={search_term_string}\"},\"query-input\":\"required name=search_term_string\"}],\"inLanguage\":\"en-US\"},{\"@type\":\"Organization\",\"@id\":\"https:\/\/zirzen.com\/#organization\",\"name\":\"Zir Zen\",\"url\":\"https:\/\/zirzen.com\/\",\"logo\":{\"@type\":\"ImageObject\",\"inLanguage\":\"en-US\",\"@id\":\"https:\/\/zirzen.com\/#\/schema\/logo\/image\/\",\"url\":\"https:\/\/zirzen.com\/wp-content\/uploads\/2023\/07\/cropped-Picture1.png\",\"contentUrl\":\"https:\/\/zirzen.com\/wp-content\/uploads\/2023\/07\/cropped-Picture1.png\",\"width\":512,\"height\":512,\"caption\":\"Zir Zen\"},\"image\":{\"@id\":\"https:\/\/zirzen.com\/#\/schema\/logo\/image\/\"}}]}<\/script>\n<!-- \/ Yoast SEO plugin. -->","yoast_head_json":{"title":"Babi\u0107a jezero - Zir Zen","robots":{"index":"index","follow":"follow","max-snippet":"max-snippet:-1","max-image-preview":"max-image-preview:large","max-video-preview":"max-video-preview:-1"},"canonical":"https:\/\/zirzen.com\/en\/babica-jezero\/","og_locale":"en_US","og_type":"article","og_title":"Babi\u0107a jezero - Zir Zen","og_description":"Babi\u0107a jezero Vrijeme: 60 min + 60 min Klinci: DaPsi: Da Ovo je doista neotkriveni biser Like. Razlog je vjerojatno taj \u0161to se na prvi pogled \u010dini da je do njega te\u0161ko do\u0107i no to nije istina. Bez ve\u0107ih problema mo\u017eete u\u017eivati u ovom predivnom mjestu i, kako stvari za sada stoje, to mo\u017eete raditiContinue reading \"Babi\u0107a jezero\"","og_url":"https:\/\/zirzen.com\/en\/babica-jezero\/","og_site_name":"Zir Zen","article_modified_time":"2023-11-04T21:49:43+00:00","og_image":[{"url":"https:\/\/zirzen.com\/wp-content\/uploads\/2023\/08\/Babica-jezero-1024x769.jpeg"}],"twitter_card":"summary_large_image","twitter_misc":{"Est. reading time":"2 minutes"},"schema":{"@context":"https:\/\/schema.org","@graph":[{"@type":"WebPage","@id":"https:\/\/zirzen.com\/babica-jezero\/","url":"https:\/\/zirzen.com\/babica-jezero\/","name":"Babi\u0107a jezero - Zir Zen","isPartOf":{"@id":"https:\/\/zirzen.com\/#website"},"datePublished":"2023-08-17T20:37:56+00:00","dateModified":"2023-11-04T21:49:43+00:00","breadcrumb":{"@id":"https:\/\/zirzen.com\/babica-jezero\/#breadcrumb"},"inLanguage":"en-US","potentialAction":[{"@type":"ReadAction","target":["https:\/\/zirzen.com\/babica-jezero\/"]}]},{"@type":"BreadcrumbList","@id":"https:\/\/zirzen.com\/babica-jezero\/#breadcrumb","itemListElement":[{"@type":"ListItem","position":1,"name":"Home","item":"https:\/\/zirzen.com\/"},{"@type":"ListItem","position":2,"name":"Babi\u0107a jezero"}]},{"@type":"WebSite","@id":"https:\/\/zirzen.com\/#website","url":"https:\/\/zirzen.com\/","name":"Zir Zen","description":"Jebi ga, kad smo ve\u0107 u Lovincu","publisher":{"@id":"https:\/\/zirzen.com\/#organization"},"potentialAction":[{"@type":"SearchAction","target":{"@type":"EntryPoint","urlTemplate":"https:\/\/zirzen.com\/?s={search_term_string}"},"query-input":"required name=search_term_string"}],"inLanguage":"en-US"},{"@type":"Organization","@id":"https:\/\/zirzen.com\/#organization","name":"Zir Zen","url":"https:\/\/zirzen.com\/","logo":{"@type":"ImageObject","inLanguage":"en-US","@id":"https:\/\/zirzen.com\/#\/schema\/logo\/image\/","url":"https:\/\/zirzen.com\/wp-content\/uploads\/2023\/07\/cropped-Picture1.png","contentUrl":"https:\/\/zirzen.com\/wp-content\/uploads\/2023\/07\/cropped-Picture1.png","width":512,"height":512,"caption":"Zir Zen"},"image":{"@id":"https:\/\/zirzen.com\/#\/schema\/logo\/image\/"}}]}},"_links":{"self":[{"href":"https:\/\/zirzen.com\/en\/wp-json\/wp\/v2\/pages\/2877","targetHints":{"allow":["GET"]}}],"collection":[{"href":"https:\/\/zirzen.com\/en\/wp-json\/wp\/v2\/pages"}],"about":[{"href":"https:\/\/zirzen.com\/en\/wp-json\/wp\/v2\/types\/page"}],"author":[{"embeddable":true,"href":"https:\/\/zirzen.com\/en\/wp-json\/wp\/v2\/users\/1"}],"replies":[{"embeddable":true,"href":"https:\/\/zirzen.com\/en\/wp-json\/wp\/v2\/comments?post=2877"}],"version-history":[{"count":27,"href":"https:\/\/zirzen.com\/en\/wp-json\/wp\/v2\/pages\/2877\/revisions"}],"predecessor-version":[{"id":4395,"href":"https:\/\/zirzen.com\/en\/wp-json\/wp\/v2\/pages\/2877\/revisions\/4395"}],"wp:attachment":[{"href":"https:\/\/zirzen.com\/en\/wp-json\/wp\/v2\/media?parent=2877"}],"curies":[{"name":"wp","href":"https:\/\/api.w.org\/{rel}","templated":true}]}}