{"id":2998,"date":"2023-08-21T23:18:53","date_gmt":"2023-08-21T21:18:53","guid":{"rendered":"https:\/\/zirzen.com\/?page_id=2998"},"modified":"2024-11-28T23:49:56","modified_gmt":"2024-11-28T21:49:56","slug":"mystic-mountain-ranch","status":"publish","type":"page","link":"https:\/\/zirzen.com\/en\/mystic-mountain-ranch\/","title":{"rendered":"Mystic Mountain Ranch"},"content":{"rendered":"<h2 class=\"wp-block-heading has-text-align-center\">Mystic Mountain Ranch<\/h2>\n\n\n\n<div class=\"wp-block-columns is-layout-flex wp-container-core-columns-is-layout-28f84493 wp-block-columns-is-layout-flex\">\n<div class=\"wp-block-column is-layout-flow wp-block-column-is-layout-flow\" style=\"flex-basis:33.33%\">\n<div class=\"wp-block-group attraction-left-side\"><div class=\"wp-block-group__inner-container is-layout-constrained wp-block-group-is-layout-constrained\">\n<figure class=\"wp-block-image size-large agl agl-fadeCSS agl-in-distance-1\"><img loading=\"lazy\" decoding=\"async\" width=\"1024\" height=\"768\" src=\"https:\/\/zirzen.com\/wp-content\/uploads\/2023\/08\/Mystic-Mountain-Ranch-1024x768.jpeg\" alt=\"\" class=\"wp-image-3001\" srcset=\"https:\/\/zirzen.com\/wp-content\/uploads\/2023\/08\/Mystic-Mountain-Ranch-1024x768.jpeg 1024w, https:\/\/zirzen.com\/wp-content\/uploads\/2023\/08\/Mystic-Mountain-Ranch-300x225.jpeg 300w, https:\/\/zirzen.com\/wp-content\/uploads\/2023\/08\/Mystic-Mountain-Ranch-768x576.jpeg 768w, https:\/\/zirzen.com\/wp-content\/uploads\/2023\/08\/Mystic-Mountain-Ranch-1536x1152.jpeg 1536w, https:\/\/zirzen.com\/wp-content\/uploads\/2023\/08\/Mystic-Mountain-Ranch-2048x1536.jpeg 2048w, https:\/\/zirzen.com\/wp-content\/uploads\/2023\/08\/Mystic-Mountain-Ranch-16x12.jpeg 16w, https:\/\/zirzen.com\/wp-content\/uploads\/2023\/08\/Mystic-Mountain-Ranch-1568x1176.jpeg 1568w\" sizes=\"auto, (max-width: 1024px) 100vw, 1024px\" \/><\/figure>\n\n\n\n<p class=\"has-text-align-center attraction-links has-small-font-size\"><a href=\"https:\/\/www.instagram.com\/mysticmountainranch\/\" target=\"_blank\" rel=\"noreferrer noopener\"><i class=\"fab fa-square-instagram\"><\/i><\/a> <a href=\"https:\/\/www.facebook.com\/mysticmountainranchpopravak\/\" target=\"_blank\" rel=\"noreferrer noopener\"><i class=\"fab fa-facebook\"><\/i><\/a><\/p>\n<\/div><\/div>\n\n\n\n<p class=\"has-text-align-left has-small-font-size\"><strong>Time:<\/strong> 25 min <i class=\"fas fa-car\"><\/i><br><strong>Kids:<\/strong> Yes<br><strong>Dogs:<\/strong> Yes<\/p>\n\n\n\n<hr class=\"wp-block-separator has-alpha-channel-opacity\"\/>\n\n\n\n<div class=\"wp-block-buttons has-custom-font-size has-small-font-size agl agl-wipeCSS agl-in-distance-1 is-content-justification-center is-layout-flex wp-container-core-buttons-is-layout-a89b3969 wp-block-buttons-is-layout-flex\">\n<div class=\"wp-block-button is-style-fill\"><a class=\"wp-block-button__link has-foreground-color has-text-color has-background wp-element-button\" style=\"border-radius:16px;background-color:#d7d7d7;padding-top:10px;padding-right:10px;padding-bottom:10px;padding-left:10px\"><i class=\"fas fa-horse\"><\/i><\/a><\/div>\n<\/div>\n<\/div>\n\n\n\n<div class=\"wp-block-column is-layout-flow wp-block-column-is-layout-flow\" style=\"flex-basis:66.66%\">\n<p class=\"has-small-font-size\">If you had to describe this ranch in one word, that word would be <em>cute<\/em>. Horses are, of course, the main stars here, but in addition to riding, you can also celebrate a child's birthday here or bring the kids to one of the creative workshops.<\/p>\n\n\n\n<p class=\"has-small-font-size\">Vlasnica koja nas je do\u010dekala kod prvog posjeta, osvojila nas je svojom simpati\u010dno\u0161\u0107u i taj dojam kasnije ni\u0161ta nije pokvarilo. Kristyna je do\u0161la na studentsku razmjenu u Hrvatsku iz \u010ce\u0161ke i zaljubila se istovremeno u Josipa i Liku pa se 2022. rodio mali simpati\u010dni ran\u010d. Nadam se da \u0107e ostati simpati\u010dan i kada odraste. A, vi ste mislili da iz ljubavnog trokuta ne mo\u017ee iza\u0107i ni\u0161ta dobro.<\/p>\n\n\n\n<p class=\"has-small-font-size\">We liked the ranch so much that we decided for the kids to complete the 15-hour riding school there. It is certainly more fun to spend a couple of weekends in a school under the Velebit than in the one under the roof. When we already mentioned Velebit, here, in my opinion, is the best place for photographing horses with <em>mystic mountain<\/em> in the backrgound.<\/p>\n<\/div>\n<\/div>\n\n\n\n<div class=\"wp-block-group has-background has-small-font-size\" style=\"background-color:#f1f1f1\"><div class=\"wp-block-group__inner-container is-layout-constrained wp-block-group-is-layout-constrained\">\n<div class=\"leaflet-map WPLeafletMap\" style=\"height:450px; width:100%;\"><\/div><script>\nwindow.WPLeafletMapPlugin = window.WPLeafletMapPlugin || [];\nwindow.WPLeafletMapPlugin.push(function WPLeafletMapShortcode() {\/*<script>*\/\nvar baseUrl = atob('aHR0cHM6Ly97c30udGlsZS5vcGVuc3RyZWV0bWFwLm9yZy97en0ve3h9L3t5fS5wbmc=');\nvar base = (!baseUrl && window.MQ) ? \n    window.MQ.mapLayer() : L.tileLayer(baseUrl, \n        L.Util.extend({}, {\n            detectRetina: 0,\n        }, \n        {\"subdomains\":\"abc\",\"noWrap\":false}        )\n    );\n    var options = L.Util.extend({}, {\n        layers: [base],\n        attributionControl: false\n    }, \n    {\"zoomControl\":true,\"scrollWheelZoom\":true,\"doubleClickZoom\":false,\"fitBounds\":true,\"minZoom\":0,\"maxZoom\":19,\"maxBounds\":null,\"attribution\":\"<a href=\\\"http:\\\/\\\/leafletjs.com\\\" title=\\\"A JS library for interactive maps\\\">Leaflet<\\\/a>; \\u00a9 <a href=\\\"http:\\\/\\\/www.openstreetmap.org\\\/copyright\\\">OpenStreetMap<\\\/a> contributors\"}, \n    {});\nwindow.WPLeafletMapPlugin.createMap(options).setView([44.508317069721,15.438268599247],13);});<\/script>\n\n<script>\nwindow.WPLeafletMapPlugin = window.WPLeafletMapPlugin || [];\nwindow.WPLeafletMapPlugin.push(function WPLeafletMarkerShortcode() {\/*<script>*\/\nvar map = window.WPLeafletMapPlugin.getCurrentMap();\nvar group = window.WPLeafletMapPlugin.getCurrentGroup();\nvar marker_options = window.WPLeafletMapPlugin.getIconOptions({\"svg\":true,\"background\":\"black\",\"iconClass\":\"fas fa-horse\",\"color\":\"white\"});\nvar marker = new L.SVGMarker(\n    [44.508317069721,15.438268599247], \n    marker_options\n);\nvar is_image = map.is_image_map;\nif (marker_options.draggable) {\n    marker.on('dragend', function () {\n        var latlng = this.getLatLng();\n        var lat = latlng.lat;\n        var lng = latlng.lng;\n        if (is_image) {\n            console.log('leaflet-marker y=' + lat + ' x=' + lng);\n        } else {\n            console.log('leaflet-marker lat=' + lat + ' lng=' + lng);\n        }\n    });\n}\nmarker.addTo( group );\nmarker.bindPopup(window.WPLeafletMapPlugin.unescape('Mystic Mountain Ranch')).openPopup();window.WPLeafletMapPlugin.markers.push( marker );\n        });<\/script>\n<\/div><\/div>","protected":false},"excerpt":{"rendered":"<p>Mystic Mountain Ranch Vrijeme: 25 min Klinci: DaPsi: Da Ako bi trebao opisati ovaj ran\u010d jednom rije\u010dju, to bi bila rije\u010d simpati\u010dan. Konji su tu, naravno, glavne zvijezde ali osim jahanja, ovdje mo\u017eete proslaviti i dje\u010dji ro\u0111endan ili dovesti klince na neku od kreativnih radionica. Vlasnica koja nas je do\u010dekala kod prvog posjeta, osvojila nas<a class=\"more-link\" href=\"https:\/\/zirzen.com\/en\/mystic-mountain-ranch\/\">Continue reading <span class=\"screen-reader-text\">&#8220;Mystic Mountain Ranch&#8221;<\/span><\/a><\/p>","protected":false},"author":1,"featured_media":0,"parent":0,"menu_order":0,"comment_status":"closed","ping_status":"closed","template":"","meta":{"_monsterinsights_skip_tracking":false,"_monsterinsights_sitenote_active":false,"_monsterinsights_sitenote_note":"","_monsterinsights_sitenote_category":0,"footnotes":""},"class_list":["post-2998","page","type-page","status-publish","hentry","entry"],"yoast_head":"<!-- This site is optimized with the Yoast SEO plugin v20.13 - https:\/\/yoast.com\/wordpress\/plugins\/seo\/ -->\n<title>Mystic Mountain Ranch - Zir Zen<\/title>\n<meta name=\"robots\" content=\"index, follow, max-snippet:-1, max-image-preview:large, max-video-preview:-1\" \/>\n<link rel=\"canonical\" href=\"https:\/\/zirzen.com\/en\/mystic-mountain-ranch\/\" \/>\n<meta property=\"og:locale\" content=\"en_US\" \/>\n<meta property=\"og:type\" content=\"article\" \/>\n<meta property=\"og:title\" content=\"Mystic Mountain Ranch - Zir Zen\" \/>\n<meta property=\"og:description\" content=\"Mystic Mountain Ranch Vrijeme: 25 min Klinci: DaPsi: Da Ako bi trebao opisati ovaj ran\u010d jednom rije\u010dju, to bi bila rije\u010d simpati\u010dan. Konji su tu, naravno, glavne zvijezde ali osim jahanja, ovdje mo\u017eete proslaviti i dje\u010dji ro\u0111endan ili dovesti klince na neku od kreativnih radionica. Vlasnica koja nas je do\u010dekala kod prvog posjeta, osvojila nasContinue reading &quot;Mystic Mountain Ranch&quot;\" \/>\n<meta property=\"og:url\" content=\"https:\/\/zirzen.com\/en\/mystic-mountain-ranch\/\" \/>\n<meta property=\"og:site_name\" content=\"Zir Zen\" \/>\n<meta property=\"article:modified_time\" content=\"2024-11-28T21:49:56+00:00\" \/>\n<meta property=\"og:image\" content=\"https:\/\/zirzen.com\/wp-content\/uploads\/2023\/08\/Mystic-Mountain-Ranch-1024x768.jpeg\" \/>\n<meta name=\"twitter:card\" content=\"summary_large_image\" \/>\n<meta name=\"twitter:label1\" content=\"Est. reading time\" \/>\n\t<meta name=\"twitter:data1\" content=\"2 minutes\" \/>\n<script type=\"application\/ld+json\" class=\"yoast-schema-graph\">{\"@context\":\"https:\/\/schema.org\",\"@graph\":[{\"@type\":\"WebPage\",\"@id\":\"https:\/\/zirzen.com\/mystic-mountain-ranch\/\",\"url\":\"https:\/\/zirzen.com\/mystic-mountain-ranch\/\",\"name\":\"Mystic Mountain Ranch - Zir Zen\",\"isPartOf\":{\"@id\":\"https:\/\/zirzen.com\/#website\"},\"datePublished\":\"2023-08-21T21:18:53+00:00\",\"dateModified\":\"2024-11-28T21:49:56+00:00\",\"breadcrumb\":{\"@id\":\"https:\/\/zirzen.com\/mystic-mountain-ranch\/#breadcrumb\"},\"inLanguage\":\"en-US\",\"potentialAction\":[{\"@type\":\"ReadAction\",\"target\":[\"https:\/\/zirzen.com\/mystic-mountain-ranch\/\"]}]},{\"@type\":\"BreadcrumbList\",\"@id\":\"https:\/\/zirzen.com\/mystic-mountain-ranch\/#breadcrumb\",\"itemListElement\":[{\"@type\":\"ListItem\",\"position\":1,\"name\":\"Home\",\"item\":\"https:\/\/zirzen.com\/\"},{\"@type\":\"ListItem\",\"position\":2,\"name\":\"Mystic Mountain Ranch\"}]},{\"@type\":\"WebSite\",\"@id\":\"https:\/\/zirzen.com\/#website\",\"url\":\"https:\/\/zirzen.com\/\",\"name\":\"Zir Zen\",\"description\":\"Jebi ga, kad smo ve\u0107 u Lovincu\",\"publisher\":{\"@id\":\"https:\/\/zirzen.com\/#organization\"},\"potentialAction\":[{\"@type\":\"SearchAction\",\"target\":{\"@type\":\"EntryPoint\",\"urlTemplate\":\"https:\/\/zirzen.com\/?s={search_term_string}\"},\"query-input\":\"required name=search_term_string\"}],\"inLanguage\":\"en-US\"},{\"@type\":\"Organization\",\"@id\":\"https:\/\/zirzen.com\/#organization\",\"name\":\"Zir Zen\",\"url\":\"https:\/\/zirzen.com\/\",\"logo\":{\"@type\":\"ImageObject\",\"inLanguage\":\"en-US\",\"@id\":\"https:\/\/zirzen.com\/#\/schema\/logo\/image\/\",\"url\":\"https:\/\/zirzen.com\/wp-content\/uploads\/2023\/07\/cropped-Picture1.png\",\"contentUrl\":\"https:\/\/zirzen.com\/wp-content\/uploads\/2023\/07\/cropped-Picture1.png\",\"width\":512,\"height\":512,\"caption\":\"Zir Zen\"},\"image\":{\"@id\":\"https:\/\/zirzen.com\/#\/schema\/logo\/image\/\"}}]}<\/script>\n<!-- \/ Yoast SEO plugin. -->","yoast_head_json":{"title":"Mystic Mountain Ranch - Zir Zen","robots":{"index":"index","follow":"follow","max-snippet":"max-snippet:-1","max-image-preview":"max-image-preview:large","max-video-preview":"max-video-preview:-1"},"canonical":"https:\/\/zirzen.com\/en\/mystic-mountain-ranch\/","og_locale":"en_US","og_type":"article","og_title":"Mystic Mountain Ranch - Zir Zen","og_description":"Mystic Mountain Ranch Vrijeme: 25 min Klinci: DaPsi: Da Ako bi trebao opisati ovaj ran\u010d jednom rije\u010dju, to bi bila rije\u010d simpati\u010dan. Konji su tu, naravno, glavne zvijezde ali osim jahanja, ovdje mo\u017eete proslaviti i dje\u010dji ro\u0111endan ili dovesti klince na neku od kreativnih radionica. Vlasnica koja nas je do\u010dekala kod prvog posjeta, osvojila nasContinue reading \"Mystic Mountain Ranch\"","og_url":"https:\/\/zirzen.com\/en\/mystic-mountain-ranch\/","og_site_name":"Zir Zen","article_modified_time":"2024-11-28T21:49:56+00:00","og_image":[{"url":"https:\/\/zirzen.com\/wp-content\/uploads\/2023\/08\/Mystic-Mountain-Ranch-1024x768.jpeg"}],"twitter_card":"summary_large_image","twitter_misc":{"Est. reading time":"2 minutes"},"schema":{"@context":"https:\/\/schema.org","@graph":[{"@type":"WebPage","@id":"https:\/\/zirzen.com\/mystic-mountain-ranch\/","url":"https:\/\/zirzen.com\/mystic-mountain-ranch\/","name":"Mystic Mountain Ranch - Zir Zen","isPartOf":{"@id":"https:\/\/zirzen.com\/#website"},"datePublished":"2023-08-21T21:18:53+00:00","dateModified":"2024-11-28T21:49:56+00:00","breadcrumb":{"@id":"https:\/\/zirzen.com\/mystic-mountain-ranch\/#breadcrumb"},"inLanguage":"en-US","potentialAction":[{"@type":"ReadAction","target":["https:\/\/zirzen.com\/mystic-mountain-ranch\/"]}]},{"@type":"BreadcrumbList","@id":"https:\/\/zirzen.com\/mystic-mountain-ranch\/#breadcrumb","itemListElement":[{"@type":"ListItem","position":1,"name":"Home","item":"https:\/\/zirzen.com\/"},{"@type":"ListItem","position":2,"name":"Mystic Mountain Ranch"}]},{"@type":"WebSite","@id":"https:\/\/zirzen.com\/#website","url":"https:\/\/zirzen.com\/","name":"Zir Zen","description":"Jebi ga, kad smo ve\u0107 u Lovincu","publisher":{"@id":"https:\/\/zirzen.com\/#organization"},"potentialAction":[{"@type":"SearchAction","target":{"@type":"EntryPoint","urlTemplate":"https:\/\/zirzen.com\/?s={search_term_string}"},"query-input":"required name=search_term_string"}],"inLanguage":"en-US"},{"@type":"Organization","@id":"https:\/\/zirzen.com\/#organization","name":"Zir Zen","url":"https:\/\/zirzen.com\/","logo":{"@type":"ImageObject","inLanguage":"en-US","@id":"https:\/\/zirzen.com\/#\/schema\/logo\/image\/","url":"https:\/\/zirzen.com\/wp-content\/uploads\/2023\/07\/cropped-Picture1.png","contentUrl":"https:\/\/zirzen.com\/wp-content\/uploads\/2023\/07\/cropped-Picture1.png","width":512,"height":512,"caption":"Zir Zen"},"image":{"@id":"https:\/\/zirzen.com\/#\/schema\/logo\/image\/"}}]}},"_links":{"self":[{"href":"https:\/\/zirzen.com\/en\/wp-json\/wp\/v2\/pages\/2998","targetHints":{"allow":["GET"]}}],"collection":[{"href":"https:\/\/zirzen.com\/en\/wp-json\/wp\/v2\/pages"}],"about":[{"href":"https:\/\/zirzen.com\/en\/wp-json\/wp\/v2\/types\/page"}],"author":[{"embeddable":true,"href":"https:\/\/zirzen.com\/en\/wp-json\/wp\/v2\/users\/1"}],"replies":[{"embeddable":true,"href":"https:\/\/zirzen.com\/en\/wp-json\/wp\/v2\/comments?post=2998"}],"version-history":[{"count":11,"href":"https:\/\/zirzen.com\/en\/wp-json\/wp\/v2\/pages\/2998\/revisions"}],"predecessor-version":[{"id":4522,"href":"https:\/\/zirzen.com\/en\/wp-json\/wp\/v2\/pages\/2998\/revisions\/4522"}],"wp:attachment":[{"href":"https:\/\/zirzen.com\/en\/wp-json\/wp\/v2\/media?parent=2998"}],"curies":[{"name":"wp","href":"https:\/\/api.w.org\/{rel}","templated":true}]}}