{"id":3265,"date":"2023-09-06T23:40:04","date_gmt":"2023-09-06T21:40:04","guid":{"rendered":"https:\/\/zirzen.com\/?page_id=3265"},"modified":"2023-10-10T21:49:27","modified_gmt":"2023-10-10T19:49:27","slug":"t-nest","status":"publish","type":"page","link":"https:\/\/zirzen.com\/en\/t-nest\/","title":{"rendered":"T-Nest"},"content":{"rendered":"<h2 class=\"wp-block-heading has-text-align-center\">T-Nest<\/h2>\n\n\n\n<div class=\"wp-block-columns is-layout-flex wp-container-core-columns-is-layout-28f84493 wp-block-columns-is-layout-flex\">\n<div class=\"wp-block-column is-layout-flow wp-block-column-is-layout-flow\" style=\"flex-basis:33.33%\">\n<figure class=\"wp-block-image size-large is-style-default agl agl-fadeCSS agl-in-distance-1\"><img loading=\"lazy\" decoding=\"async\" width=\"1024\" height=\"769\" src=\"https:\/\/zirzen.com\/wp-content\/uploads\/2023\/09\/T-Nest-1024x769.jpeg\" alt=\"\" class=\"wp-image-3268\" srcset=\"https:\/\/zirzen.com\/wp-content\/uploads\/2023\/09\/T-Nest-1024x769.jpeg 1024w, https:\/\/zirzen.com\/wp-content\/uploads\/2023\/09\/T-Nest-300x225.jpeg 300w, https:\/\/zirzen.com\/wp-content\/uploads\/2023\/09\/T-Nest-768x577.jpeg 768w, https:\/\/zirzen.com\/wp-content\/uploads\/2023\/09\/T-Nest-1536x1153.jpeg 1536w, https:\/\/zirzen.com\/wp-content\/uploads\/2023\/09\/T-Nest-2048x1538.jpeg 2048w, https:\/\/zirzen.com\/wp-content\/uploads\/2023\/09\/T-Nest-16x12.jpeg 16w, https:\/\/zirzen.com\/wp-content\/uploads\/2023\/09\/T-Nest-1568x1177.jpeg 1568w\" sizes=\"auto, (max-width: 1024px) 100vw, 1024px\" \/><\/figure>\n\n\n\n<p class=\"has-text-align-left has-small-font-size\"><strong>Time:<\/strong> 6 min <i class=\"fas fa-car\"><\/i><br><strong>Kids:<\/strong> Yes<br><strong>Dogs:<\/strong> Yes<\/p>\n\n\n\n<hr class=\"wp-block-separator has-alpha-channel-opacity\"\/>\n\n\n\n<div class=\"wp-block-buttons has-custom-font-size has-small-font-size agl agl-wipeCSS agl-in-distance-1 is-content-justification-center is-layout-flex wp-container-core-buttons-is-layout-a89b3969 wp-block-buttons-is-layout-flex\">\n<div class=\"wp-block-button is-style-fill\"><a class=\"wp-block-button__link has-foreground-color has-text-color has-background wp-element-button\" style=\"border-radius:16px;background-color:#d7d7d7;padding-top:10px;padding-right:10px;padding-bottom:10px;padding-left:10px\"><i class=\"fas fa-person-digging\"><\/i><\/a><\/div>\n<\/div>\n<\/div>\n\n\n\n<div class=\"wp-block-column is-layout-flow wp-block-column-is-layout-flow\" style=\"flex-basis:66.66%\">\n<p class=\"has-small-font-size\">T-Nest is here, not to visit it, but to stop asking me every ten days what it is, who is doing it and why it is not finished. I can answer some of your questions first-hand, because I was involved in the project as an urban planner.<\/p>\n\n\n\n<p class=\"has-small-font-size\">It is a luxury resort of Goran \u0160trok, which, unfortunately, as you can see from the photo, was never completed. As far as my memory serves, at the start there was talk of a fourteen million euro investment, but that figure was doubled in the end, which ultimately doomed the project. Too bad.<\/p>\n\n\n\n<p class=\"has-small-font-size\">In the beginning, everything went quite well and the cooperation of all stakeholders was very good. All project documentation was made in an extremely short period of time, and construction started with lightning speed. First, the corona, then the rise in prices, then the lake that is releasing water and the cost has skyrocketed.<\/p>\n\n\n\n<p class=\"has-small-font-size\">Eh, yes, the T in the name stands for Tesla.<\/p>\n<\/div>\n<\/div>\n\n\n\n<div class=\"wp-block-group has-background has-small-font-size\" style=\"background-color:#f1f1f1\"><div class=\"wp-block-group__inner-container is-layout-constrained wp-block-group-is-layout-constrained\">\n<div class=\"leaflet-map WPLeafletMap\" style=\"height:450px; width:100%;\"><\/div><script>\nwindow.WPLeafletMapPlugin = window.WPLeafletMapPlugin || [];\nwindow.WPLeafletMapPlugin.push(function WPLeafletMapShortcode() {\/*<script>*\/\nvar baseUrl = atob('aHR0cHM6Ly97c30udGlsZS5vcGVuc3RyZWV0bWFwLm9yZy97en0ve3h9L3t5fS5wbmc=');\nvar base = (!baseUrl && window.MQ) ? \n    window.MQ.mapLayer() : L.tileLayer(baseUrl, \n        L.Util.extend({}, {\n            detectRetina: 0,\n        }, \n        {\"subdomains\":\"abc\",\"noWrap\":false}        )\n    );\n    var options = L.Util.extend({}, {\n        layers: [base],\n        attributionControl: false\n    }, \n    {\"zoomControl\":true,\"scrollWheelZoom\":true,\"doubleClickZoom\":false,\"fitBounds\":true,\"minZoom\":0,\"maxZoom\":19,\"maxBounds\":null,\"attribution\":\"<a href=\\\"http:\\\/\\\/leafletjs.com\\\" title=\\\"A JS library for interactive maps\\\">Leaflet<\\\/a>; \\u00a9 <a href=\\\"http:\\\/\\\/www.openstreetmap.org\\\/copyright\\\">OpenStreetMap<\\\/a> contributors\"}, \n    {});\nwindow.WPLeafletMapPlugin.createMap(options).setView([44.370960639633,15.705566618824],13);});<\/script>\n\n<script>\nwindow.WPLeafletMapPlugin = window.WPLeafletMapPlugin || [];\nwindow.WPLeafletMapPlugin.push(function WPLeafletMarkerShortcode() {\/*<script>*\/\nvar map = window.WPLeafletMapPlugin.getCurrentMap();\nvar group = window.WPLeafletMapPlugin.getCurrentGroup();\nvar marker_options = window.WPLeafletMapPlugin.getIconOptions({\"svg\":true,\"background\":\"brown\",\"iconClass\":\"fas fa-person-digging\",\"color\":\"white\"});\nvar marker = new L.SVGMarker(\n    [44.370960639633,15.705566618824], \n    marker_options\n);\nvar is_image = map.is_image_map;\nif (marker_options.draggable) {\n    marker.on('dragend', function () {\n        var latlng = this.getLatLng();\n        var lat = latlng.lat;\n        var lng = latlng.lng;\n        if (is_image) {\n            console.log('leaflet-marker y=' + lat + ' x=' + lng);\n        } else {\n            console.log('leaflet-marker lat=' + lat + ' lng=' + lng);\n        }\n    });\n}\nmarker.addTo( group );\nmarker.bindPopup(window.WPLeafletMapPlugin.unescape('T-Nest')).openPopup();window.WPLeafletMapPlugin.markers.push( marker );\n        });<\/script>\n<\/div><\/div>","protected":false},"excerpt":{"rendered":"<p>T-Nest Vrijeme: 6 min Klinci: DaPsi: Da T-Nest je ovdje, ne zato da ga posjetite, nego da me i dalje ne pitate svakih desetak dana, \u0161to je to, tko to radi i za\u0161to nije dovr\u0161eno. Na neka od pitanja vam mogu odgovoriti iz prve ruke, jer sam na projektu bio anga\u017eiran kao urbanist. Radi se<a class=\"more-link\" href=\"https:\/\/zirzen.com\/en\/t-nest\/\">Continue reading <span class=\"screen-reader-text\">&#8220;T-Nest&#8221;<\/span><\/a><\/p>","protected":false},"author":1,"featured_media":0,"parent":0,"menu_order":0,"comment_status":"closed","ping_status":"closed","template":"","meta":{"_monsterinsights_skip_tracking":false,"_monsterinsights_sitenote_active":false,"_monsterinsights_sitenote_note":"","_monsterinsights_sitenote_category":0,"footnotes":""},"class_list":["post-3265","page","type-page","status-publish","hentry","entry"],"yoast_head":"<!-- This site is optimized with the Yoast SEO plugin v20.13 - https:\/\/yoast.com\/wordpress\/plugins\/seo\/ -->\n<title>T-Nest - Zir Zen<\/title>\n<meta name=\"robots\" content=\"index, follow, max-snippet:-1, max-image-preview:large, max-video-preview:-1\" \/>\n<link rel=\"canonical\" href=\"https:\/\/zirzen.com\/en\/t-nest\/\" \/>\n<meta property=\"og:locale\" content=\"en_US\" \/>\n<meta property=\"og:type\" content=\"article\" \/>\n<meta property=\"og:title\" content=\"T-Nest - Zir Zen\" \/>\n<meta property=\"og:description\" content=\"T-Nest Vrijeme: 6 min Klinci: DaPsi: Da T-Nest je ovdje, ne zato da ga posjetite, nego da me i dalje ne pitate svakih desetak dana, \u0161to je to, tko to radi i za\u0161to nije dovr\u0161eno. Na neka od pitanja vam mogu odgovoriti iz prve ruke, jer sam na projektu bio anga\u017eiran kao urbanist. Radi seContinue reading &quot;T-Nest&quot;\" \/>\n<meta property=\"og:url\" content=\"https:\/\/zirzen.com\/en\/t-nest\/\" \/>\n<meta property=\"og:site_name\" content=\"Zir Zen\" \/>\n<meta property=\"article:modified_time\" content=\"2023-10-10T19:49:27+00:00\" \/>\n<meta property=\"og:image\" content=\"https:\/\/zirzen.com\/wp-content\/uploads\/2023\/09\/T-Nest-1024x769.jpeg\" \/>\n<meta name=\"twitter:card\" content=\"summary_large_image\" \/>\n<meta name=\"twitter:label1\" content=\"Est. reading time\" \/>\n\t<meta name=\"twitter:data1\" content=\"2 minutes\" \/>\n<script type=\"application\/ld+json\" class=\"yoast-schema-graph\">{\"@context\":\"https:\/\/schema.org\",\"@graph\":[{\"@type\":\"WebPage\",\"@id\":\"https:\/\/zirzen.com\/t-nest\/\",\"url\":\"https:\/\/zirzen.com\/t-nest\/\",\"name\":\"T-Nest - Zir Zen\",\"isPartOf\":{\"@id\":\"https:\/\/zirzen.com\/#website\"},\"datePublished\":\"2023-09-06T21:40:04+00:00\",\"dateModified\":\"2023-10-10T19:49:27+00:00\",\"breadcrumb\":{\"@id\":\"https:\/\/zirzen.com\/t-nest\/#breadcrumb\"},\"inLanguage\":\"en-US\",\"potentialAction\":[{\"@type\":\"ReadAction\",\"target\":[\"https:\/\/zirzen.com\/t-nest\/\"]}]},{\"@type\":\"BreadcrumbList\",\"@id\":\"https:\/\/zirzen.com\/t-nest\/#breadcrumb\",\"itemListElement\":[{\"@type\":\"ListItem\",\"position\":1,\"name\":\"Home\",\"item\":\"https:\/\/zirzen.com\/\"},{\"@type\":\"ListItem\",\"position\":2,\"name\":\"T-Nest\"}]},{\"@type\":\"WebSite\",\"@id\":\"https:\/\/zirzen.com\/#website\",\"url\":\"https:\/\/zirzen.com\/\",\"name\":\"Zir Zen\",\"description\":\"Jebi ga, kad smo ve\u0107 u Lovincu\",\"publisher\":{\"@id\":\"https:\/\/zirzen.com\/#organization\"},\"potentialAction\":[{\"@type\":\"SearchAction\",\"target\":{\"@type\":\"EntryPoint\",\"urlTemplate\":\"https:\/\/zirzen.com\/?s={search_term_string}\"},\"query-input\":\"required name=search_term_string\"}],\"inLanguage\":\"en-US\"},{\"@type\":\"Organization\",\"@id\":\"https:\/\/zirzen.com\/#organization\",\"name\":\"Zir Zen\",\"url\":\"https:\/\/zirzen.com\/\",\"logo\":{\"@type\":\"ImageObject\",\"inLanguage\":\"en-US\",\"@id\":\"https:\/\/zirzen.com\/#\/schema\/logo\/image\/\",\"url\":\"https:\/\/zirzen.com\/wp-content\/uploads\/2023\/07\/cropped-Picture1.png\",\"contentUrl\":\"https:\/\/zirzen.com\/wp-content\/uploads\/2023\/07\/cropped-Picture1.png\",\"width\":512,\"height\":512,\"caption\":\"Zir Zen\"},\"image\":{\"@id\":\"https:\/\/zirzen.com\/#\/schema\/logo\/image\/\"}}]}<\/script>\n<!-- \/ Yoast SEO plugin. -->","yoast_head_json":{"title":"T-Nest - Zir Zen","robots":{"index":"index","follow":"follow","max-snippet":"max-snippet:-1","max-image-preview":"max-image-preview:large","max-video-preview":"max-video-preview:-1"},"canonical":"https:\/\/zirzen.com\/en\/t-nest\/","og_locale":"en_US","og_type":"article","og_title":"T-Nest - Zir Zen","og_description":"T-Nest Vrijeme: 6 min Klinci: DaPsi: Da T-Nest je ovdje, ne zato da ga posjetite, nego da me i dalje ne pitate svakih desetak dana, \u0161to je to, tko to radi i za\u0161to nije dovr\u0161eno. Na neka od pitanja vam mogu odgovoriti iz prve ruke, jer sam na projektu bio anga\u017eiran kao urbanist. Radi seContinue reading \"T-Nest\"","og_url":"https:\/\/zirzen.com\/en\/t-nest\/","og_site_name":"Zir Zen","article_modified_time":"2023-10-10T19:49:27+00:00","og_image":[{"url":"https:\/\/zirzen.com\/wp-content\/uploads\/2023\/09\/T-Nest-1024x769.jpeg"}],"twitter_card":"summary_large_image","twitter_misc":{"Est. reading time":"2 minutes"},"schema":{"@context":"https:\/\/schema.org","@graph":[{"@type":"WebPage","@id":"https:\/\/zirzen.com\/t-nest\/","url":"https:\/\/zirzen.com\/t-nest\/","name":"T-Nest - Zir Zen","isPartOf":{"@id":"https:\/\/zirzen.com\/#website"},"datePublished":"2023-09-06T21:40:04+00:00","dateModified":"2023-10-10T19:49:27+00:00","breadcrumb":{"@id":"https:\/\/zirzen.com\/t-nest\/#breadcrumb"},"inLanguage":"en-US","potentialAction":[{"@type":"ReadAction","target":["https:\/\/zirzen.com\/t-nest\/"]}]},{"@type":"BreadcrumbList","@id":"https:\/\/zirzen.com\/t-nest\/#breadcrumb","itemListElement":[{"@type":"ListItem","position":1,"name":"Home","item":"https:\/\/zirzen.com\/"},{"@type":"ListItem","position":2,"name":"T-Nest"}]},{"@type":"WebSite","@id":"https:\/\/zirzen.com\/#website","url":"https:\/\/zirzen.com\/","name":"Zir Zen","description":"Jebi ga, kad smo ve\u0107 u Lovincu","publisher":{"@id":"https:\/\/zirzen.com\/#organization"},"potentialAction":[{"@type":"SearchAction","target":{"@type":"EntryPoint","urlTemplate":"https:\/\/zirzen.com\/?s={search_term_string}"},"query-input":"required name=search_term_string"}],"inLanguage":"en-US"},{"@type":"Organization","@id":"https:\/\/zirzen.com\/#organization","name":"Zir Zen","url":"https:\/\/zirzen.com\/","logo":{"@type":"ImageObject","inLanguage":"en-US","@id":"https:\/\/zirzen.com\/#\/schema\/logo\/image\/","url":"https:\/\/zirzen.com\/wp-content\/uploads\/2023\/07\/cropped-Picture1.png","contentUrl":"https:\/\/zirzen.com\/wp-content\/uploads\/2023\/07\/cropped-Picture1.png","width":512,"height":512,"caption":"Zir Zen"},"image":{"@id":"https:\/\/zirzen.com\/#\/schema\/logo\/image\/"}}]}},"_links":{"self":[{"href":"https:\/\/zirzen.com\/en\/wp-json\/wp\/v2\/pages\/3265","targetHints":{"allow":["GET"]}}],"collection":[{"href":"https:\/\/zirzen.com\/en\/wp-json\/wp\/v2\/pages"}],"about":[{"href":"https:\/\/zirzen.com\/en\/wp-json\/wp\/v2\/types\/page"}],"author":[{"embeddable":true,"href":"https:\/\/zirzen.com\/en\/wp-json\/wp\/v2\/users\/1"}],"replies":[{"embeddable":true,"href":"https:\/\/zirzen.com\/en\/wp-json\/wp\/v2\/comments?post=3265"}],"version-history":[{"count":10,"href":"https:\/\/zirzen.com\/en\/wp-json\/wp\/v2\/pages\/3265\/revisions"}],"predecessor-version":[{"id":4234,"href":"https:\/\/zirzen.com\/en\/wp-json\/wp\/v2\/pages\/3265\/revisions\/4234"}],"wp:attachment":[{"href":"https:\/\/zirzen.com\/en\/wp-json\/wp\/v2\/media?parent=3265"}],"curies":[{"name":"wp","href":"https:\/\/api.w.org\/{rel}","templated":true}]}}