{"id":3278,"date":"2023-09-07T19:49:16","date_gmt":"2023-09-07T17:49:16","guid":{"rendered":"https:\/\/zirzen.com\/?page_id=3278"},"modified":"2023-10-10T21:52:23","modified_gmt":"2023-10-10T19:52:23","slug":"vrilo-mudrosti","status":"publish","type":"page","link":"https:\/\/zirzen.com\/en\/vrilo-mudrosti\/","title":{"rendered":"Wisdom Source"},"content":{"rendered":"<h2 class=\"wp-block-heading has-text-align-center\">Wisdom Source<\/h2>\n\n\n\n<div class=\"wp-block-columns is-layout-flex wp-container-core-columns-is-layout-28f84493 wp-block-columns-is-layout-flex\">\n<div class=\"wp-block-column is-layout-flow wp-block-column-is-layout-flow\" style=\"flex-basis:33.33%\">\n<figure class=\"wp-block-image size-large agl agl-fadeCSS agl-in-distance-1\"><img loading=\"lazy\" decoding=\"async\" width=\"1024\" height=\"770\" src=\"https:\/\/zirzen.com\/wp-content\/uploads\/2023\/09\/Vrilo-mudrosti-1024x770.jpeg\" alt=\"\" class=\"wp-image-3285\" srcset=\"https:\/\/zirzen.com\/wp-content\/uploads\/2023\/09\/Vrilo-mudrosti-1024x770.jpeg 1024w, https:\/\/zirzen.com\/wp-content\/uploads\/2023\/09\/Vrilo-mudrosti-300x226.jpeg 300w, https:\/\/zirzen.com\/wp-content\/uploads\/2023\/09\/Vrilo-mudrosti-768x577.jpeg 768w, https:\/\/zirzen.com\/wp-content\/uploads\/2023\/09\/Vrilo-mudrosti-1536x1155.jpeg 1536w, https:\/\/zirzen.com\/wp-content\/uploads\/2023\/09\/Vrilo-mudrosti-2048x1540.jpeg 2048w, https:\/\/zirzen.com\/wp-content\/uploads\/2023\/09\/Vrilo-mudrosti-16x12.jpeg 16w, https:\/\/zirzen.com\/wp-content\/uploads\/2023\/09\/Vrilo-mudrosti-1568x1179.jpeg 1568w\" sizes=\"auto, (max-width: 1024px) 100vw, 1024px\" \/><\/figure>\n\n\n\n<p class=\"has-text-align-left has-small-font-size\"><strong>Time:<\/strong> 8 min <i class=\"fas fa-car\"><\/i><br><strong>Kids:<\/strong> Yes<br><strong>Dogs:<\/strong> Yes<\/p>\n\n\n\n<hr class=\"wp-block-separator has-alpha-channel-opacity\"\/>\n\n\n\n<div class=\"wp-block-buttons has-custom-font-size has-small-font-size agl agl-wipeCSS agl-in-distance-1 is-content-justification-center is-layout-flex wp-container-core-buttons-is-layout-a89b3969 wp-block-buttons-is-layout-flex\">\n<div class=\"wp-block-button is-style-fill\"><a class=\"wp-block-button__link has-foreground-color has-text-color has-background wp-element-button\" style=\"border-radius:16px;background-color:#d7d7d7;padding-top:10px;padding-right:10px;padding-bottom:10px;padding-left:10px\"><i class=\"fas fa-droplet\"><\/i><\/a><\/div>\n<\/div>\n<\/div>\n\n\n\n<div class=\"wp-block-column is-layout-flow wp-block-column-is-layout-flow\" style=\"flex-basis:66.66%\">\n<p class=\"has-small-font-size\">What the telephone did to letters, what plumbing did to sources. They became less important. However, it was not only a question of water, but also a question of social life. People came there for water and hang out. Because of the cows, but also because of the girls.<\/p>\n\n\n\n<p class=\"has-small-font-size\">It's nice to see that the local community takes care of places like this, where life pulsated in ancient times. These are monuments to time, not just a place where water leaks. Think about it, we don't come to this source because we need water, but a reminder. And that's nice.<\/p>\n\n\n\n<p class=\"has-small-font-size\">I don't know how the hot spring got its name and I'm very curious about it. Taught by the experience of my kids who drank liters and liters of water there, it seems to me that it's a joke when someone in the company is called Fast. You know right away that he is slow.<\/p>\n<\/div>\n<\/div>\n\n\n\n<div class=\"wp-block-group has-background has-small-font-size\" style=\"background-color:#f1f1f1\"><div class=\"wp-block-group__inner-container is-layout-constrained wp-block-group-is-layout-constrained\">\n<div class=\"leaflet-map WPLeafletMap\" style=\"height:450px; width:100%;\"><\/div><script>\nwindow.WPLeafletMapPlugin = window.WPLeafletMapPlugin || [];\nwindow.WPLeafletMapPlugin.push(function WPLeafletMapShortcode() {\/*<script>*\/\nvar baseUrl = atob('aHR0cHM6Ly97c30udGlsZS5vcGVuc3RyZWV0bWFwLm9yZy97en0ve3h9L3t5fS5wbmc=');\nvar base = (!baseUrl && window.MQ) ? \n    window.MQ.mapLayer() : L.tileLayer(baseUrl, \n        L.Util.extend({}, {\n            detectRetina: 0,\n        }, \n        {\"subdomains\":\"abc\",\"noWrap\":false}        )\n    );\n    var options = L.Util.extend({}, {\n        layers: [base],\n        attributionControl: false\n    }, \n    {\"zoomControl\":true,\"scrollWheelZoom\":true,\"doubleClickZoom\":false,\"fitBounds\":true,\"minZoom\":0,\"maxZoom\":19,\"maxBounds\":null,\"attribution\":\"<a href=\\\"http:\\\/\\\/leafletjs.com\\\" title=\\\"A JS library for interactive maps\\\">Leaflet<\\\/a>; \\u00a9 <a href=\\\"http:\\\/\\\/www.openstreetmap.org\\\/copyright\\\">OpenStreetMap<\\\/a> contributors\"}, \n    {});\nwindow.WPLeafletMapPlugin.createMap(options).setView([44.35962713,15.65342616305],13);});<\/script>\n\n<script>\nwindow.WPLeafletMapPlugin = window.WPLeafletMapPlugin || [];\nwindow.WPLeafletMapPlugin.push(function WPLeafletMarkerShortcode() {\/*<script>*\/\nvar map = window.WPLeafletMapPlugin.getCurrentMap();\nvar group = window.WPLeafletMapPlugin.getCurrentGroup();\nvar marker_options = window.WPLeafletMapPlugin.getIconOptions({\"svg\":true,\"background\":\"blue\",\"iconClass\":\"fas fa-droplet\",\"color\":\"white\"});\nvar marker = new L.SVGMarker(\n    [44.35962713,15.65342616305], \n    marker_options\n);\nvar is_image = map.is_image_map;\nif (marker_options.draggable) {\n    marker.on('dragend', function () {\n        var latlng = this.getLatLng();\n        var lat = latlng.lat;\n        var lng = latlng.lng;\n        if (is_image) {\n            console.log('leaflet-marker y=' + lat + ' x=' + lng);\n        } else {\n            console.log('leaflet-marker lat=' + lat + ' lng=' + lng);\n        }\n    });\n}\nmarker.addTo( group );\nmarker.bindPopup(window.WPLeafletMapPlugin.unescape('Vrilo mudrosti')).openPopup();window.WPLeafletMapPlugin.markers.push( marker );\n        });<\/script>\n<\/div><\/div>","protected":false},"excerpt":{"rendered":"<p>Vrilo mudrosti Vrijeme: 8 min Klinci: DaPsi: Da Ono \u0161to je telefon napravio pismima, to je vodovod napravio vrilima. Postala su manje bitna. No, nije to bilo samo pitanje vode, ve\u0107 i pitanje dru\u0161tvenog \u017eivota. Dolazilo se tu napajati i dru\u017eiti. Radi krava, ali i radi cura. Lijepo je vidjeti da se brine o ovakvim<a class=\"more-link\" href=\"https:\/\/zirzen.com\/en\/vrilo-mudrosti\/\">Continue reading <span class=\"screen-reader-text\">&#8220;Vrilo mudrosti&#8221;<\/span><\/a><\/p>","protected":false},"author":1,"featured_media":0,"parent":0,"menu_order":0,"comment_status":"closed","ping_status":"closed","template":"","meta":{"_monsterinsights_skip_tracking":false,"_monsterinsights_sitenote_active":false,"_monsterinsights_sitenote_note":"","_monsterinsights_sitenote_category":0,"footnotes":""},"class_list":["post-3278","page","type-page","status-publish","hentry","entry"],"yoast_head":"<!-- This site is optimized with the Yoast SEO plugin v20.13 - https:\/\/yoast.com\/wordpress\/plugins\/seo\/ -->\n<title>Vrilo mudrosti - Zir Zen<\/title>\n<meta name=\"robots\" content=\"index, follow, max-snippet:-1, max-image-preview:large, max-video-preview:-1\" \/>\n<link rel=\"canonical\" href=\"https:\/\/zirzen.com\/en\/vrilo-mudrosti\/\" \/>\n<meta property=\"og:locale\" content=\"en_US\" \/>\n<meta property=\"og:type\" content=\"article\" \/>\n<meta property=\"og:title\" content=\"Vrilo mudrosti - Zir Zen\" \/>\n<meta property=\"og:description\" content=\"Vrilo mudrosti Vrijeme: 8 min Klinci: DaPsi: Da Ono \u0161to je telefon napravio pismima, to je vodovod napravio vrilima. Postala su manje bitna. No, nije to bilo samo pitanje vode, ve\u0107 i pitanje dru\u0161tvenog \u017eivota. Dolazilo se tu napajati i dru\u017eiti. Radi krava, ali i radi cura. Lijepo je vidjeti da se brine o ovakvimContinue reading &quot;Vrilo mudrosti&quot;\" \/>\n<meta property=\"og:url\" content=\"https:\/\/zirzen.com\/en\/vrilo-mudrosti\/\" \/>\n<meta property=\"og:site_name\" content=\"Zir Zen\" \/>\n<meta property=\"article:modified_time\" content=\"2023-10-10T19:52:23+00:00\" \/>\n<meta property=\"og:image\" content=\"https:\/\/zirzen.com\/wp-content\/uploads\/2023\/09\/Vrilo-mudrosti-1024x770.jpeg\" \/>\n<meta name=\"twitter:card\" content=\"summary_large_image\" \/>\n<meta name=\"twitter:label1\" content=\"Est. reading time\" \/>\n\t<meta name=\"twitter:data1\" content=\"1 minute\" \/>\n<script type=\"application\/ld+json\" class=\"yoast-schema-graph\">{\"@context\":\"https:\/\/schema.org\",\"@graph\":[{\"@type\":\"WebPage\",\"@id\":\"https:\/\/zirzen.com\/vrilo-mudrosti\/\",\"url\":\"https:\/\/zirzen.com\/vrilo-mudrosti\/\",\"name\":\"Vrilo mudrosti - Zir Zen\",\"isPartOf\":{\"@id\":\"https:\/\/zirzen.com\/#website\"},\"datePublished\":\"2023-09-07T17:49:16+00:00\",\"dateModified\":\"2023-10-10T19:52:23+00:00\",\"breadcrumb\":{\"@id\":\"https:\/\/zirzen.com\/vrilo-mudrosti\/#breadcrumb\"},\"inLanguage\":\"en-US\",\"potentialAction\":[{\"@type\":\"ReadAction\",\"target\":[\"https:\/\/zirzen.com\/vrilo-mudrosti\/\"]}]},{\"@type\":\"BreadcrumbList\",\"@id\":\"https:\/\/zirzen.com\/vrilo-mudrosti\/#breadcrumb\",\"itemListElement\":[{\"@type\":\"ListItem\",\"position\":1,\"name\":\"Home\",\"item\":\"https:\/\/zirzen.com\/\"},{\"@type\":\"ListItem\",\"position\":2,\"name\":\"Vrilo mudrosti\"}]},{\"@type\":\"WebSite\",\"@id\":\"https:\/\/zirzen.com\/#website\",\"url\":\"https:\/\/zirzen.com\/\",\"name\":\"Zir Zen\",\"description\":\"Jebi ga, kad smo ve\u0107 u Lovincu\",\"publisher\":{\"@id\":\"https:\/\/zirzen.com\/#organization\"},\"potentialAction\":[{\"@type\":\"SearchAction\",\"target\":{\"@type\":\"EntryPoint\",\"urlTemplate\":\"https:\/\/zirzen.com\/?s={search_term_string}\"},\"query-input\":\"required name=search_term_string\"}],\"inLanguage\":\"en-US\"},{\"@type\":\"Organization\",\"@id\":\"https:\/\/zirzen.com\/#organization\",\"name\":\"Zir Zen\",\"url\":\"https:\/\/zirzen.com\/\",\"logo\":{\"@type\":\"ImageObject\",\"inLanguage\":\"en-US\",\"@id\":\"https:\/\/zirzen.com\/#\/schema\/logo\/image\/\",\"url\":\"https:\/\/zirzen.com\/wp-content\/uploads\/2023\/07\/cropped-Picture1.png\",\"contentUrl\":\"https:\/\/zirzen.com\/wp-content\/uploads\/2023\/07\/cropped-Picture1.png\",\"width\":512,\"height\":512,\"caption\":\"Zir Zen\"},\"image\":{\"@id\":\"https:\/\/zirzen.com\/#\/schema\/logo\/image\/\"}}]}<\/script>\n<!-- \/ Yoast SEO plugin. -->","yoast_head_json":{"title":"Vrilo mudrosti - Zir Zen","robots":{"index":"index","follow":"follow","max-snippet":"max-snippet:-1","max-image-preview":"max-image-preview:large","max-video-preview":"max-video-preview:-1"},"canonical":"https:\/\/zirzen.com\/en\/vrilo-mudrosti\/","og_locale":"en_US","og_type":"article","og_title":"Vrilo mudrosti - Zir Zen","og_description":"Vrilo mudrosti Vrijeme: 8 min Klinci: DaPsi: Da Ono \u0161to je telefon napravio pismima, to je vodovod napravio vrilima. Postala su manje bitna. No, nije to bilo samo pitanje vode, ve\u0107 i pitanje dru\u0161tvenog \u017eivota. Dolazilo se tu napajati i dru\u017eiti. Radi krava, ali i radi cura. Lijepo je vidjeti da se brine o ovakvimContinue reading \"Vrilo mudrosti\"","og_url":"https:\/\/zirzen.com\/en\/vrilo-mudrosti\/","og_site_name":"Zir Zen","article_modified_time":"2023-10-10T19:52:23+00:00","og_image":[{"url":"https:\/\/zirzen.com\/wp-content\/uploads\/2023\/09\/Vrilo-mudrosti-1024x770.jpeg"}],"twitter_card":"summary_large_image","twitter_misc":{"Est. reading time":"1 minute"},"schema":{"@context":"https:\/\/schema.org","@graph":[{"@type":"WebPage","@id":"https:\/\/zirzen.com\/vrilo-mudrosti\/","url":"https:\/\/zirzen.com\/vrilo-mudrosti\/","name":"Vrilo mudrosti - Zir Zen","isPartOf":{"@id":"https:\/\/zirzen.com\/#website"},"datePublished":"2023-09-07T17:49:16+00:00","dateModified":"2023-10-10T19:52:23+00:00","breadcrumb":{"@id":"https:\/\/zirzen.com\/vrilo-mudrosti\/#breadcrumb"},"inLanguage":"en-US","potentialAction":[{"@type":"ReadAction","target":["https:\/\/zirzen.com\/vrilo-mudrosti\/"]}]},{"@type":"BreadcrumbList","@id":"https:\/\/zirzen.com\/vrilo-mudrosti\/#breadcrumb","itemListElement":[{"@type":"ListItem","position":1,"name":"Home","item":"https:\/\/zirzen.com\/"},{"@type":"ListItem","position":2,"name":"Vrilo mudrosti"}]},{"@type":"WebSite","@id":"https:\/\/zirzen.com\/#website","url":"https:\/\/zirzen.com\/","name":"Zir Zen","description":"Jebi ga, kad smo ve\u0107 u Lovincu","publisher":{"@id":"https:\/\/zirzen.com\/#organization"},"potentialAction":[{"@type":"SearchAction","target":{"@type":"EntryPoint","urlTemplate":"https:\/\/zirzen.com\/?s={search_term_string}"},"query-input":"required name=search_term_string"}],"inLanguage":"en-US"},{"@type":"Organization","@id":"https:\/\/zirzen.com\/#organization","name":"Zir Zen","url":"https:\/\/zirzen.com\/","logo":{"@type":"ImageObject","inLanguage":"en-US","@id":"https:\/\/zirzen.com\/#\/schema\/logo\/image\/","url":"https:\/\/zirzen.com\/wp-content\/uploads\/2023\/07\/cropped-Picture1.png","contentUrl":"https:\/\/zirzen.com\/wp-content\/uploads\/2023\/07\/cropped-Picture1.png","width":512,"height":512,"caption":"Zir Zen"},"image":{"@id":"https:\/\/zirzen.com\/#\/schema\/logo\/image\/"}}]}},"_links":{"self":[{"href":"https:\/\/zirzen.com\/en\/wp-json\/wp\/v2\/pages\/3278","targetHints":{"allow":["GET"]}}],"collection":[{"href":"https:\/\/zirzen.com\/en\/wp-json\/wp\/v2\/pages"}],"about":[{"href":"https:\/\/zirzen.com\/en\/wp-json\/wp\/v2\/types\/page"}],"author":[{"embeddable":true,"href":"https:\/\/zirzen.com\/en\/wp-json\/wp\/v2\/users\/1"}],"replies":[{"embeddable":true,"href":"https:\/\/zirzen.com\/en\/wp-json\/wp\/v2\/comments?post=3278"}],"version-history":[{"count":9,"href":"https:\/\/zirzen.com\/en\/wp-json\/wp\/v2\/pages\/3278\/revisions"}],"predecessor-version":[{"id":4238,"href":"https:\/\/zirzen.com\/en\/wp-json\/wp\/v2\/pages\/3278\/revisions\/4238"}],"wp:attachment":[{"href":"https:\/\/zirzen.com\/en\/wp-json\/wp\/v2\/media?parent=3278"}],"curies":[{"name":"wp","href":"https:\/\/api.w.org\/{rel}","templated":true}]}}