{"id":3386,"date":"2023-09-11T22:39:27","date_gmt":"2023-09-11T20:39:27","guid":{"rendered":"https:\/\/zirzen.com\/?page_id=3386"},"modified":"2023-10-10T22:05:46","modified_gmt":"2023-10-10T20:05:46","slug":"medvidovaca","status":"publish","type":"page","link":"https:\/\/zirzen.com\/en\/medvidovaca\/","title":{"rendered":"Medvidova\u010da"},"content":{"rendered":"<h2 class=\"wp-block-heading has-text-align-center\">Medvidova\u010da<\/h2>\n\n\n\n<div class=\"wp-block-columns is-layout-flex wp-container-core-columns-is-layout-28f84493 wp-block-columns-is-layout-flex\">\n<div class=\"wp-block-column is-layout-flow wp-block-column-is-layout-flow\" style=\"flex-basis:33.33%\">\n<figure class=\"wp-block-image size-large is-style-default agl agl-fadeCSS agl-in-distance-1\"><img loading=\"lazy\" decoding=\"async\" width=\"1024\" height=\"767\" src=\"https:\/\/zirzen.com\/wp-content\/uploads\/2023\/09\/Medvidovaca-1024x767.jpeg\" alt=\"\" class=\"wp-image-3390\" srcset=\"https:\/\/zirzen.com\/wp-content\/uploads\/2023\/09\/Medvidovaca-1024x767.jpeg 1024w, https:\/\/zirzen.com\/wp-content\/uploads\/2023\/09\/Medvidovaca-300x225.jpeg 300w, https:\/\/zirzen.com\/wp-content\/uploads\/2023\/09\/Medvidovaca-768x575.jpeg 768w, https:\/\/zirzen.com\/wp-content\/uploads\/2023\/09\/Medvidovaca-1536x1150.jpeg 1536w, https:\/\/zirzen.com\/wp-content\/uploads\/2023\/09\/Medvidovaca-2048x1533.jpeg 2048w, https:\/\/zirzen.com\/wp-content\/uploads\/2023\/09\/Medvidovaca-16x12.jpeg 16w, https:\/\/zirzen.com\/wp-content\/uploads\/2023\/09\/Medvidovaca-1568x1174.jpeg 1568w\" sizes=\"auto, (max-width: 1024px) 100vw, 1024px\" \/><\/figure>\n\n\n\n<p class=\"has-text-align-left has-small-font-size\"><strong>Time:<\/strong> 9 min <i class=\"fas fa-car\"><\/i> + 60 min <i class=\"fas fa-person-hiking\"><\/i><br><strong>Kids:<\/strong> Yes<br><strong>Dogs:<\/strong> Yes<\/p>\n\n\n\n<hr class=\"wp-block-separator has-alpha-channel-opacity\"\/>\n\n\n\n<div class=\"wp-block-buttons has-custom-font-size has-small-font-size agl agl-wipeCSS agl-in-distance-1 is-content-justification-center is-layout-flex wp-container-core-buttons-is-layout-a89b3969 wp-block-buttons-is-layout-flex\">\n<div class=\"wp-block-button is-style-fill\"><a class=\"wp-block-button__link has-foreground-color has-text-color has-background wp-element-button\" style=\"border-radius:16px;background-color:#d7d7d7;padding-top:10px;padding-right:10px;padding-bottom:10px;padding-left:10px\"><i class=\"fas fa-person-hiking\"><\/i><\/a><\/div>\n\n\n\n<div class=\"wp-block-button is-style-fill\"><a class=\"wp-block-button__link has-foreground-color has-text-color has-background wp-element-button\" style=\"border-radius:16px;background-color:#d7d7d7;padding-top:10px;padding-right:10px;padding-bottom:10px;padding-left:10px\"><i class=\"fas fa-eye-slash\"><\/i><\/a><\/div>\n\n\n\n<div class=\"wp-block-button is-style-fill\"><a class=\"wp-block-button__link has-foreground-color has-text-color has-background wp-element-button\" style=\"border-radius:16px;background-color:#d7d7d7;padding-top:10px;padding-right:10px;padding-bottom:10px;padding-left:10px\"><i class=\"fas fa-user-graduate\"><\/i><\/a><\/div>\n<\/div>\n<\/div>\n\n\n\n<div class=\"wp-block-column is-layout-flow wp-block-column-is-layout-flow\" style=\"flex-basis:66.66%\">\n<p class=\"has-small-font-size\">I climbed Medvidova\u010da so you don't have to and I'm not kidding. I'm dead serious! The peak, although bare, is surrounded by forest and apart from the sun, nothing can be seen from it. So to speak, a great view if you are a solar panel.<\/p>\n\n\n\n<p class=\"has-small-font-size\">The educational path that leads to the top is uninspiring, except for the first fifteen minutes, and that's all I recommend you do. Walk that part over interesting moss-covered rock formations and try to ignore the pointless table and benches in the middle of the path along the way. When you reach the first place from which you can see Velebit, take a photo and go back.<\/p>\n\n\n\n<p class=\"has-small-font-size\">The rest of the path to the top is well marked, but on quite rough and untrodden terrain, which is not very good for your feet. On the descent, the situation will not be any better.<\/p>\n\n\n\n<p class=\"has-small-font-size\">I am convinced that this is one of those situations in which they were not looking for a way to smartly improve some part of the landscape, but they just wanted to get money from the fund. And that's how the educational path was born. The only thing that would save the situation is to set up an observation post at the top. Well, then everything could make sense.<\/p>\n<\/div>\n<\/div>\n\n\n\n<div class=\"wp-block-group has-background has-small-font-size\" style=\"background-color:#f1f1f1\"><div class=\"wp-block-group__inner-container is-layout-constrained wp-block-group-is-layout-constrained\">\n<div class=\"leaflet-map WPLeafletMap\" style=\"height:450px; width:100%;\"><\/div><script>\nwindow.WPLeafletMapPlugin = window.WPLeafletMapPlugin || [];\nwindow.WPLeafletMapPlugin.push(function WPLeafletMapShortcode() {\/*<script>*\/\nvar baseUrl = atob('aHR0cHM6Ly97c30udGlsZS5vcGVuc3RyZWV0bWFwLm9yZy97en0ve3h9L3t5fS5wbmc=');\nvar base = (!baseUrl && window.MQ) ? \n    window.MQ.mapLayer() : L.tileLayer(baseUrl, \n        L.Util.extend({}, {\n            detectRetina: 0,\n        }, \n        {\"subdomains\":\"abc\",\"noWrap\":false}        )\n    );\n    var options = L.Util.extend({}, {\n        layers: [base],\n        attributionControl: false\n    }, \n    {\"zoomControl\":true,\"scrollWheelZoom\":true,\"doubleClickZoom\":false,\"fitBounds\":true,\"minZoom\":0,\"maxZoom\":19,\"maxBounds\":null,\"attribution\":\"<a href=\\\"http:\\\/\\\/leafletjs.com\\\" title=\\\"A JS library for interactive maps\\\">Leaflet<\\\/a>; \\u00a9 <a href=\\\"http:\\\/\\\/www.openstreetmap.org\\\/copyright\\\">OpenStreetMap<\\\/a> contributors\"}, \n    {});\nwindow.WPLeafletMapPlugin.createMap(options).setView([44.370828563443,15.715662695102],13);});<\/script>\n\n<script>\nwindow.WPLeafletMapPlugin = window.WPLeafletMapPlugin || [];\nwindow.WPLeafletMapPlugin.push(function WPLeafletMarkerShortcode() {\/*<script>*\/\nvar map = window.WPLeafletMapPlugin.getCurrentMap();\nvar group = window.WPLeafletMapPlugin.getCurrentGroup();\nvar marker_options = window.WPLeafletMapPlugin.getIconOptions({\"svg\":true,\"background\":\"green\",\"iconClass\":\"fas fa-person-hiking\",\"color\":\"white\"});\nvar marker = new L.SVGMarker(\n    [44.370828563443,15.715662695102], \n    marker_options\n);\nvar is_image = map.is_image_map;\nif (marker_options.draggable) {\n    marker.on('dragend', function () {\n        var latlng = this.getLatLng();\n        var lat = latlng.lat;\n        var lng = latlng.lng;\n        if (is_image) {\n            console.log('leaflet-marker y=' + lat + ' x=' + lng);\n        } else {\n            console.log('leaflet-marker lat=' + lat + ' lng=' + lng);\n        }\n    });\n}\nmarker.addTo( group );\nmarker.bindPopup(window.WPLeafletMapPlugin.unescape('Medvidova\u010da')).openPopup();window.WPLeafletMapPlugin.markers.push( marker );\n        });<\/script>\n\n<script>\nwindow.WPLeafletMapPlugin = window.WPLeafletMapPlugin || [];\nwindow.WPLeafletMapPlugin.push(function WPLeafletMarkerShortcode() {\/*<script>*\/\nvar map = window.WPLeafletMapPlugin.getCurrentMap();\nvar group = window.WPLeafletMapPlugin.getCurrentGroup();\nvar marker_options = window.WPLeafletMapPlugin.getIconOptions({\"svg\":true,\"background\":\"grey\",\"iconClass\":\"fas fa-parking\",\"color\":\"white\"});\nvar marker = new L.SVGMarker(\n    [44.36819082489,15.704785955623], \n    marker_options\n);\nvar is_image = map.is_image_map;\nif (marker_options.draggable) {\n    marker.on('dragend', function () {\n        var latlng = this.getLatLng();\n        var lat = latlng.lat;\n        var lng = latlng.lng;\n        if (is_image) {\n            console.log('leaflet-marker y=' + lat + ' x=' + lng);\n        } else {\n            console.log('leaflet-marker lat=' + lat + ' lng=' + lng);\n        }\n    });\n}\nmarker.addTo( group );\nmarker.bindPopup(window.WPLeafletMapPlugin.unescape('Parking Medvidova\u010da')).openPopup();window.WPLeafletMapPlugin.markers.push( marker );\n        });<\/script>\n<\/div><\/div>","protected":false},"excerpt":{"rendered":"<p>Medvidova\u010da Vrijeme: 9 min + 60 min Klinci: DaPsi: Da Popeo sam se na Medvidova\u010du tako da vi ne morate i ne zezam se. Mrtav ozbiljan sam! Vrh, iako gol, okru\u017een je \u0161umom i osim sunca, s njega se ne vidi ba\u0161 ni\u0161ta. Kako bi se reklo, odli\u010dan pogled ako si solarni panel. Pou\u010dna staza,<a class=\"more-link\" href=\"https:\/\/zirzen.com\/en\/medvidovaca\/\">Continue reading <span class=\"screen-reader-text\">&#8220;Medvidova\u010da&#8221;<\/span><\/a><\/p>","protected":false},"author":1,"featured_media":0,"parent":0,"menu_order":0,"comment_status":"closed","ping_status":"closed","template":"","meta":{"_monsterinsights_skip_tracking":false,"_monsterinsights_sitenote_active":false,"_monsterinsights_sitenote_note":"","_monsterinsights_sitenote_category":0,"footnotes":""},"class_list":["post-3386","page","type-page","status-publish","hentry","entry"],"yoast_head":"<!-- This site is optimized with the Yoast SEO plugin v20.13 - https:\/\/yoast.com\/wordpress\/plugins\/seo\/ -->\n<title>Medvidova\u010da - Zir Zen<\/title>\n<meta name=\"robots\" content=\"index, follow, max-snippet:-1, max-image-preview:large, max-video-preview:-1\" \/>\n<link rel=\"canonical\" href=\"https:\/\/zirzen.com\/en\/medvidovaca\/\" \/>\n<meta property=\"og:locale\" content=\"en_US\" \/>\n<meta property=\"og:type\" content=\"article\" \/>\n<meta property=\"og:title\" content=\"Medvidova\u010da - Zir Zen\" \/>\n<meta property=\"og:description\" content=\"Medvidova\u010da Vrijeme: 9 min + 60 min Klinci: DaPsi: Da Popeo sam se na Medvidova\u010du tako da vi ne morate i ne zezam se. Mrtav ozbiljan sam! Vrh, iako gol, okru\u017een je \u0161umom i osim sunca, s njega se ne vidi ba\u0161 ni\u0161ta. Kako bi se reklo, odli\u010dan pogled ako si solarni panel. Pou\u010dna staza,Continue reading &quot;Medvidova\u010da&quot;\" \/>\n<meta property=\"og:url\" content=\"https:\/\/zirzen.com\/en\/medvidovaca\/\" \/>\n<meta property=\"og:site_name\" content=\"Zir Zen\" \/>\n<meta property=\"article:modified_time\" content=\"2023-10-10T20:05:46+00:00\" \/>\n<meta property=\"og:image\" content=\"https:\/\/zirzen.com\/wp-content\/uploads\/2023\/09\/Medvidovaca-1024x767.jpeg\" \/>\n<meta name=\"twitter:card\" content=\"summary_large_image\" \/>\n<meta name=\"twitter:label1\" content=\"Est. reading time\" \/>\n\t<meta name=\"twitter:data1\" content=\"2 minutes\" \/>\n<script type=\"application\/ld+json\" class=\"yoast-schema-graph\">{\"@context\":\"https:\/\/schema.org\",\"@graph\":[{\"@type\":\"WebPage\",\"@id\":\"https:\/\/zirzen.com\/medvidovaca\/\",\"url\":\"https:\/\/zirzen.com\/medvidovaca\/\",\"name\":\"Medvidova\u010da - Zir Zen\",\"isPartOf\":{\"@id\":\"https:\/\/zirzen.com\/#website\"},\"datePublished\":\"2023-09-11T20:39:27+00:00\",\"dateModified\":\"2023-10-10T20:05:46+00:00\",\"breadcrumb\":{\"@id\":\"https:\/\/zirzen.com\/medvidovaca\/#breadcrumb\"},\"inLanguage\":\"en-US\",\"potentialAction\":[{\"@type\":\"ReadAction\",\"target\":[\"https:\/\/zirzen.com\/medvidovaca\/\"]}]},{\"@type\":\"BreadcrumbList\",\"@id\":\"https:\/\/zirzen.com\/medvidovaca\/#breadcrumb\",\"itemListElement\":[{\"@type\":\"ListItem\",\"position\":1,\"name\":\"Home\",\"item\":\"https:\/\/zirzen.com\/\"},{\"@type\":\"ListItem\",\"position\":2,\"name\":\"Medvidova\u010da\"}]},{\"@type\":\"WebSite\",\"@id\":\"https:\/\/zirzen.com\/#website\",\"url\":\"https:\/\/zirzen.com\/\",\"name\":\"Zir Zen\",\"description\":\"Jebi ga, kad smo ve\u0107 u Lovincu\",\"publisher\":{\"@id\":\"https:\/\/zirzen.com\/#organization\"},\"potentialAction\":[{\"@type\":\"SearchAction\",\"target\":{\"@type\":\"EntryPoint\",\"urlTemplate\":\"https:\/\/zirzen.com\/?s={search_term_string}\"},\"query-input\":\"required name=search_term_string\"}],\"inLanguage\":\"en-US\"},{\"@type\":\"Organization\",\"@id\":\"https:\/\/zirzen.com\/#organization\",\"name\":\"Zir Zen\",\"url\":\"https:\/\/zirzen.com\/\",\"logo\":{\"@type\":\"ImageObject\",\"inLanguage\":\"en-US\",\"@id\":\"https:\/\/zirzen.com\/#\/schema\/logo\/image\/\",\"url\":\"https:\/\/zirzen.com\/wp-content\/uploads\/2023\/07\/cropped-Picture1.png\",\"contentUrl\":\"https:\/\/zirzen.com\/wp-content\/uploads\/2023\/07\/cropped-Picture1.png\",\"width\":512,\"height\":512,\"caption\":\"Zir Zen\"},\"image\":{\"@id\":\"https:\/\/zirzen.com\/#\/schema\/logo\/image\/\"}}]}<\/script>\n<!-- \/ Yoast SEO plugin. -->","yoast_head_json":{"title":"Medvidova\u010da - Zir Zen","robots":{"index":"index","follow":"follow","max-snippet":"max-snippet:-1","max-image-preview":"max-image-preview:large","max-video-preview":"max-video-preview:-1"},"canonical":"https:\/\/zirzen.com\/en\/medvidovaca\/","og_locale":"en_US","og_type":"article","og_title":"Medvidova\u010da - Zir Zen","og_description":"Medvidova\u010da Vrijeme: 9 min + 60 min Klinci: DaPsi: Da Popeo sam se na Medvidova\u010du tako da vi ne morate i ne zezam se. Mrtav ozbiljan sam! Vrh, iako gol, okru\u017een je \u0161umom i osim sunca, s njega se ne vidi ba\u0161 ni\u0161ta. Kako bi se reklo, odli\u010dan pogled ako si solarni panel. Pou\u010dna staza,Continue reading \"Medvidova\u010da\"","og_url":"https:\/\/zirzen.com\/en\/medvidovaca\/","og_site_name":"Zir Zen","article_modified_time":"2023-10-10T20:05:46+00:00","og_image":[{"url":"https:\/\/zirzen.com\/wp-content\/uploads\/2023\/09\/Medvidovaca-1024x767.jpeg"}],"twitter_card":"summary_large_image","twitter_misc":{"Est. reading time":"2 minutes"},"schema":{"@context":"https:\/\/schema.org","@graph":[{"@type":"WebPage","@id":"https:\/\/zirzen.com\/medvidovaca\/","url":"https:\/\/zirzen.com\/medvidovaca\/","name":"Medvidova\u010da - Zir Zen","isPartOf":{"@id":"https:\/\/zirzen.com\/#website"},"datePublished":"2023-09-11T20:39:27+00:00","dateModified":"2023-10-10T20:05:46+00:00","breadcrumb":{"@id":"https:\/\/zirzen.com\/medvidovaca\/#breadcrumb"},"inLanguage":"en-US","potentialAction":[{"@type":"ReadAction","target":["https:\/\/zirzen.com\/medvidovaca\/"]}]},{"@type":"BreadcrumbList","@id":"https:\/\/zirzen.com\/medvidovaca\/#breadcrumb","itemListElement":[{"@type":"ListItem","position":1,"name":"Home","item":"https:\/\/zirzen.com\/"},{"@type":"ListItem","position":2,"name":"Medvidova\u010da"}]},{"@type":"WebSite","@id":"https:\/\/zirzen.com\/#website","url":"https:\/\/zirzen.com\/","name":"Zir Zen","description":"Jebi ga, kad smo ve\u0107 u Lovincu","publisher":{"@id":"https:\/\/zirzen.com\/#organization"},"potentialAction":[{"@type":"SearchAction","target":{"@type":"EntryPoint","urlTemplate":"https:\/\/zirzen.com\/?s={search_term_string}"},"query-input":"required name=search_term_string"}],"inLanguage":"en-US"},{"@type":"Organization","@id":"https:\/\/zirzen.com\/#organization","name":"Zir Zen","url":"https:\/\/zirzen.com\/","logo":{"@type":"ImageObject","inLanguage":"en-US","@id":"https:\/\/zirzen.com\/#\/schema\/logo\/image\/","url":"https:\/\/zirzen.com\/wp-content\/uploads\/2023\/07\/cropped-Picture1.png","contentUrl":"https:\/\/zirzen.com\/wp-content\/uploads\/2023\/07\/cropped-Picture1.png","width":512,"height":512,"caption":"Zir Zen"},"image":{"@id":"https:\/\/zirzen.com\/#\/schema\/logo\/image\/"}}]}},"_links":{"self":[{"href":"https:\/\/zirzen.com\/en\/wp-json\/wp\/v2\/pages\/3386","targetHints":{"allow":["GET"]}}],"collection":[{"href":"https:\/\/zirzen.com\/en\/wp-json\/wp\/v2\/pages"}],"about":[{"href":"https:\/\/zirzen.com\/en\/wp-json\/wp\/v2\/types\/page"}],"author":[{"embeddable":true,"href":"https:\/\/zirzen.com\/en\/wp-json\/wp\/v2\/users\/1"}],"replies":[{"embeddable":true,"href":"https:\/\/zirzen.com\/en\/wp-json\/wp\/v2\/comments?post=3386"}],"version-history":[{"count":10,"href":"https:\/\/zirzen.com\/en\/wp-json\/wp\/v2\/pages\/3386\/revisions"}],"predecessor-version":[{"id":4281,"href":"https:\/\/zirzen.com\/en\/wp-json\/wp\/v2\/pages\/3386\/revisions\/4281"}],"wp:attachment":[{"href":"https:\/\/zirzen.com\/en\/wp-json\/wp\/v2\/media?parent=3386"}],"curies":[{"name":"wp","href":"https:\/\/api.w.org\/{rel}","templated":true}]}}