{"id":3400,"date":"2023-09-13T01:37:27","date_gmt":"2023-09-12T23:37:27","guid":{"rendered":"https:\/\/zirzen.com\/?page_id=3400"},"modified":"2023-10-10T21:54:22","modified_gmt":"2023-10-10T19:54:22","slug":"cvitusa","status":"publish","type":"page","link":"https:\/\/zirzen.com\/en\/cvitusa\/","title":{"rendered":"Cvitu\u0161a"},"content":{"rendered":"<h2 class=\"wp-block-heading has-text-align-center\">Cvitu\u0161a<\/h2>\n\n\n\n<div class=\"wp-block-columns is-layout-flex wp-container-core-columns-is-layout-28f84493 wp-block-columns-is-layout-flex\">\n<div class=\"wp-block-column is-layout-flow wp-block-column-is-layout-flow\" style=\"flex-basis:33.33%\">\n<div class=\"wp-block-group attraction-left-side\"><div class=\"wp-block-group__inner-container is-layout-constrained wp-block-group-is-layout-constrained\">\n<figure class=\"wp-block-image size-large agl agl-fadeCSS agl-in-distance-1\"><img loading=\"lazy\" decoding=\"async\" width=\"1024\" height=\"767\" src=\"https:\/\/zirzen.com\/wp-content\/uploads\/2023\/09\/Cvitusa-1-1024x767.jpeg\" alt=\"\" class=\"wp-image-3415\" srcset=\"https:\/\/zirzen.com\/wp-content\/uploads\/2023\/09\/Cvitusa-1-1024x767.jpeg 1024w, https:\/\/zirzen.com\/wp-content\/uploads\/2023\/09\/Cvitusa-1-300x225.jpeg 300w, https:\/\/zirzen.com\/wp-content\/uploads\/2023\/09\/Cvitusa-1-768x575.jpeg 768w, https:\/\/zirzen.com\/wp-content\/uploads\/2023\/09\/Cvitusa-1-1536x1150.jpeg 1536w, https:\/\/zirzen.com\/wp-content\/uploads\/2023\/09\/Cvitusa-1-2048x1533.jpeg 2048w, https:\/\/zirzen.com\/wp-content\/uploads\/2023\/09\/Cvitusa-1-16x12.jpeg 16w, https:\/\/zirzen.com\/wp-content\/uploads\/2023\/09\/Cvitusa-1-1568x1174.jpeg 1568w\" sizes=\"auto, (max-width: 1024px) 100vw, 1024px\" \/><\/figure>\n<\/div><\/div>\n\n\n\n<p class=\"has-text-align-left has-small-font-size\"><strong>Time:<\/strong> 3 min <i class=\"fas fa-car\"><\/i> + 15 min <i class=\"fas fa-person-hiking\"><\/i><br><strong>Kids:<\/strong> Yes<br><strong>Dogs:<\/strong> Yes<\/p>\n\n\n\n<hr class=\"wp-block-separator has-alpha-channel-opacity\"\/>\n\n\n\n<div class=\"wp-block-buttons has-custom-font-size has-small-font-size agl agl-wipeCSS agl-in-distance-1 is-content-justification-center is-layout-flex wp-container-core-buttons-is-layout-a89b3969 wp-block-buttons-is-layout-flex\">\n<div class=\"wp-block-button is-style-fill\"><a class=\"wp-block-button__link has-foreground-color has-text-color has-background wp-element-button\" style=\"border-radius:16px;background-color:#d7d7d7;padding-top:10px;padding-right:10px;padding-bottom:10px;padding-left:10px\"><i class=\"fas fa-mountain-sun\"><\/i><\/a><\/div>\n\n\n\n<div class=\"wp-block-button is-style-fill\"><a class=\"wp-block-button__link has-foreground-color has-text-color has-background wp-element-button\" style=\"border-radius:16px;background-color:#d7d7d7;padding-top:10px;padding-right:10px;padding-bottom:10px;padding-left:10px\"><i class=\"fas fa-eye\"><\/i><\/a><\/div>\n<\/div>\n<\/div>\n\n\n\n<div class=\"wp-block-column is-layout-flow wp-block-column-is-layout-flow\" style=\"flex-basis:66.66%\">\n<p class=\"has-small-font-size\">\"Let's go to Cvitu\u0161a!\" in Lovinac, it is not perceived as an invitation to a short hike, as a naive guest might think, but rather an invitation to a drink. Everyone thinks of Cvitu\u0161a as a catering facility at the foot of the Cvitu\u0161a hill, and it's high time we give some love to the hill itself.<\/p>\n\n\n\n<p class=\"has-small-font-size\">Although there is a dirt road leading to the top, it is quite steep and I didn't even try to get up there by car. After all, I think it's fair to go to the hill on foot. Those fifteen minutes will not kill you, but will make you a little stronger. From the top, which is crowned by the chapel of St. Anthony, there is a beautiful view of Velebit, Zir and Lovinac.<\/p>\n\n\n\n<p class=\"has-small-font-size\">As a special experience, I suggest <em>Cvitu\u0161a all-around<\/em>. It all starts with climbing Cvitu\u0161a and watching the sunset. After that, have something to eat, drink and dance at the restaurant and then go to Cvitu\u0161a again, this time to watch the sunrise. I know a female trio that could pull it off. Cvitu\u0161a will never forget them!<\/p>\n<\/div>\n<\/div>\n\n\n\n<div class=\"wp-block-group has-background has-small-font-size\" style=\"background-color:#f1f1f1\"><div class=\"wp-block-group__inner-container is-layout-constrained wp-block-group-is-layout-constrained\">\n<div class=\"leaflet-map WPLeafletMap\" style=\"height:450px; width:100%;\"><\/div><script>\nwindow.WPLeafletMapPlugin = window.WPLeafletMapPlugin || [];\nwindow.WPLeafletMapPlugin.push(function WPLeafletMapShortcode() {\/*<script>*\/\nvar baseUrl = atob('aHR0cHM6Ly97c30udGlsZS5vcGVuc3RyZWV0bWFwLm9yZy97en0ve3h9L3t5fS5wbmc=');\nvar base = (!baseUrl && window.MQ) ? \n    window.MQ.mapLayer() : L.tileLayer(baseUrl, \n        L.Util.extend({}, {\n            detectRetina: 0,\n        }, \n        {\"subdomains\":\"abc\",\"noWrap\":false}        )\n    );\n    var options = L.Util.extend({}, {\n        layers: [base],\n        attributionControl: false\n    }, \n    {\"zoomControl\":true,\"scrollWheelZoom\":true,\"doubleClickZoom\":false,\"fitBounds\":false,\"minZoom\":0,\"maxZoom\":19,\"maxBounds\":null,\"attribution\":\"<a href=\\\"http:\\\/\\\/leafletjs.com\\\" title=\\\"A JS library for interactive maps\\\">Leaflet<\\\/a>; \\u00a9 <a href=\\\"http:\\\/\\\/www.openstreetmap.org\\\/copyright\\\">OpenStreetMap<\\\/a> contributors\"}, \n    {});\nwindow.WPLeafletMapPlugin.createMap(options).setView([44.382646340142,15.676380186399],13);});<\/script>\n\n<script>\nwindow.WPLeafletMapPlugin = window.WPLeafletMapPlugin || [];\nwindow.WPLeafletMapPlugin.push(function WPLeafletMarkerShortcode() {\/*<script>*\/\nvar map = window.WPLeafletMapPlugin.getCurrentMap();\nvar group = window.WPLeafletMapPlugin.getCurrentGroup();\nvar marker_options = window.WPLeafletMapPlugin.getIconOptions({\"svg\":true,\"background\":\"grey\",\"iconClass\":\"fas fa-parking\",\"color\":\"white\"});\nvar marker = new L.SVGMarker(\n    [44.382646340142,15.676380186399], \n    marker_options\n);\nvar is_image = map.is_image_map;\nif (marker_options.draggable) {\n    marker.on('dragend', function () {\n        var latlng = this.getLatLng();\n        var lat = latlng.lat;\n        var lng = latlng.lng;\n        if (is_image) {\n            console.log('leaflet-marker y=' + lat + ' x=' + lng);\n        } else {\n            console.log('leaflet-marker lat=' + lat + ' lng=' + lng);\n        }\n    });\n}\nmarker.addTo( group );\nmarker.bindPopup(window.WPLeafletMapPlugin.unescape('Parking Cvitu\u0161a'));window.WPLeafletMapPlugin.markers.push( marker );\n        });<\/script>\n\n<script>\nwindow.WPLeafletMapPlugin = window.WPLeafletMapPlugin || [];\nwindow.WPLeafletMapPlugin.push(function WPLeafletMarkerShortcode() {\/*<script>*\/\nvar map = window.WPLeafletMapPlugin.getCurrentMap();\nvar group = window.WPLeafletMapPlugin.getCurrentGroup();\nvar marker_options = window.WPLeafletMapPlugin.getIconOptions({\"svg\":true,\"background\":\"green\",\"iconClass\":\"fas fa-person-hiking\",\"color\":\"white\"});\nvar marker = new L.SVGMarker(\n    [44.383552689953,15.673144517855], \n    marker_options\n);\nvar is_image = map.is_image_map;\nif (marker_options.draggable) {\n    marker.on('dragend', function () {\n        var latlng = this.getLatLng();\n        var lat = latlng.lat;\n        var lng = latlng.lng;\n        if (is_image) {\n            console.log('leaflet-marker y=' + lat + ' x=' + lng);\n        } else {\n            console.log('leaflet-marker lat=' + lat + ' lng=' + lng);\n        }\n    });\n}\nmarker.addTo( group );\nmarker.bindPopup(window.WPLeafletMapPlugin.unescape('Cvitu\u0161a'));window.WPLeafletMapPlugin.markers.push( marker );\n        });<\/script>\n<\/div><\/div>","protected":false},"excerpt":{"rendered":"<p>Cvitu\u0161a Vrijeme: 3 min + 15 min Klinci: DaPsi: Da &#8220;Idemo na Cvitu\u0161u!&#8221; u Lovincu se ne do\u017eivljava kao poziv na kratko planinarenje, kako bi to naivni gost mogao pomisliti, ve\u0107 poziv na pi\u0107e. Svi pod Cvitu\u0161om misle na izleti\u0161te u podno\u017eju brda Cvitu\u0161a i krajnje je vrijeme da malo ljubavi poklonimo samom brdu. Iako<a class=\"more-link\" href=\"https:\/\/zirzen.com\/en\/cvitusa\/\">Continue reading <span class=\"screen-reader-text\">&#8220;Cvitu\u0161a&#8221;<\/span><\/a><\/p>","protected":false},"author":1,"featured_media":0,"parent":0,"menu_order":0,"comment_status":"closed","ping_status":"closed","template":"","meta":{"_monsterinsights_skip_tracking":false,"_monsterinsights_sitenote_active":false,"_monsterinsights_sitenote_note":"","_monsterinsights_sitenote_category":0,"footnotes":""},"class_list":["post-3400","page","type-page","status-publish","hentry","entry"],"yoast_head":"<!-- This site is optimized with the Yoast SEO plugin v20.13 - https:\/\/yoast.com\/wordpress\/plugins\/seo\/ -->\n<title>Cvitu\u0161a - Zir Zen<\/title>\n<meta name=\"robots\" content=\"index, follow, max-snippet:-1, max-image-preview:large, max-video-preview:-1\" \/>\n<link rel=\"canonical\" href=\"https:\/\/zirzen.com\/en\/cvitusa\/\" \/>\n<meta property=\"og:locale\" content=\"en_US\" \/>\n<meta property=\"og:type\" content=\"article\" \/>\n<meta property=\"og:title\" content=\"Cvitu\u0161a - Zir Zen\" \/>\n<meta property=\"og:description\" content=\"Cvitu\u0161a Vrijeme: 3 min + 15 min Klinci: DaPsi: Da &#8220;Idemo na Cvitu\u0161u!&#8221; u Lovincu se ne do\u017eivljava kao poziv na kratko planinarenje, kako bi to naivni gost mogao pomisliti, ve\u0107 poziv na pi\u0107e. Svi pod Cvitu\u0161om misle na izleti\u0161te u podno\u017eju brda Cvitu\u0161a i krajnje je vrijeme da malo ljubavi poklonimo samom brdu. IakoContinue reading &quot;Cvitu\u0161a&quot;\" \/>\n<meta property=\"og:url\" content=\"https:\/\/zirzen.com\/en\/cvitusa\/\" \/>\n<meta property=\"og:site_name\" content=\"Zir Zen\" \/>\n<meta property=\"article:modified_time\" content=\"2023-10-10T19:54:22+00:00\" \/>\n<meta property=\"og:image\" content=\"https:\/\/zirzen.com\/wp-content\/uploads\/2023\/09\/Cvitusa-1-1024x767.jpeg\" \/>\n<meta name=\"twitter:card\" content=\"summary_large_image\" \/>\n<meta name=\"twitter:label1\" content=\"Est. reading time\" \/>\n\t<meta name=\"twitter:data1\" content=\"2 minutes\" \/>\n<script type=\"application\/ld+json\" class=\"yoast-schema-graph\">{\"@context\":\"https:\/\/schema.org\",\"@graph\":[{\"@type\":\"WebPage\",\"@id\":\"https:\/\/zirzen.com\/cvitusa\/\",\"url\":\"https:\/\/zirzen.com\/cvitusa\/\",\"name\":\"Cvitu\u0161a - Zir Zen\",\"isPartOf\":{\"@id\":\"https:\/\/zirzen.com\/#website\"},\"datePublished\":\"2023-09-12T23:37:27+00:00\",\"dateModified\":\"2023-10-10T19:54:22+00:00\",\"breadcrumb\":{\"@id\":\"https:\/\/zirzen.com\/cvitusa\/#breadcrumb\"},\"inLanguage\":\"en-US\",\"potentialAction\":[{\"@type\":\"ReadAction\",\"target\":[\"https:\/\/zirzen.com\/cvitusa\/\"]}]},{\"@type\":\"BreadcrumbList\",\"@id\":\"https:\/\/zirzen.com\/cvitusa\/#breadcrumb\",\"itemListElement\":[{\"@type\":\"ListItem\",\"position\":1,\"name\":\"Home\",\"item\":\"https:\/\/zirzen.com\/\"},{\"@type\":\"ListItem\",\"position\":2,\"name\":\"Cvitu\u0161a\"}]},{\"@type\":\"WebSite\",\"@id\":\"https:\/\/zirzen.com\/#website\",\"url\":\"https:\/\/zirzen.com\/\",\"name\":\"Zir Zen\",\"description\":\"Jebi ga, kad smo ve\u0107 u Lovincu\",\"publisher\":{\"@id\":\"https:\/\/zirzen.com\/#organization\"},\"potentialAction\":[{\"@type\":\"SearchAction\",\"target\":{\"@type\":\"EntryPoint\",\"urlTemplate\":\"https:\/\/zirzen.com\/?s={search_term_string}\"},\"query-input\":\"required name=search_term_string\"}],\"inLanguage\":\"en-US\"},{\"@type\":\"Organization\",\"@id\":\"https:\/\/zirzen.com\/#organization\",\"name\":\"Zir Zen\",\"url\":\"https:\/\/zirzen.com\/\",\"logo\":{\"@type\":\"ImageObject\",\"inLanguage\":\"en-US\",\"@id\":\"https:\/\/zirzen.com\/#\/schema\/logo\/image\/\",\"url\":\"https:\/\/zirzen.com\/wp-content\/uploads\/2023\/07\/cropped-Picture1.png\",\"contentUrl\":\"https:\/\/zirzen.com\/wp-content\/uploads\/2023\/07\/cropped-Picture1.png\",\"width\":512,\"height\":512,\"caption\":\"Zir Zen\"},\"image\":{\"@id\":\"https:\/\/zirzen.com\/#\/schema\/logo\/image\/\"}}]}<\/script>\n<!-- \/ Yoast SEO plugin. -->","yoast_head_json":{"title":"Cvitu\u0161a - Zir Zen","robots":{"index":"index","follow":"follow","max-snippet":"max-snippet:-1","max-image-preview":"max-image-preview:large","max-video-preview":"max-video-preview:-1"},"canonical":"https:\/\/zirzen.com\/en\/cvitusa\/","og_locale":"en_US","og_type":"article","og_title":"Cvitu\u0161a - Zir Zen","og_description":"Cvitu\u0161a Vrijeme: 3 min + 15 min Klinci: DaPsi: Da &#8220;Idemo na Cvitu\u0161u!&#8221; u Lovincu se ne do\u017eivljava kao poziv na kratko planinarenje, kako bi to naivni gost mogao pomisliti, ve\u0107 poziv na pi\u0107e. Svi pod Cvitu\u0161om misle na izleti\u0161te u podno\u017eju brda Cvitu\u0161a i krajnje je vrijeme da malo ljubavi poklonimo samom brdu. IakoContinue reading \"Cvitu\u0161a\"","og_url":"https:\/\/zirzen.com\/en\/cvitusa\/","og_site_name":"Zir Zen","article_modified_time":"2023-10-10T19:54:22+00:00","og_image":[{"url":"https:\/\/zirzen.com\/wp-content\/uploads\/2023\/09\/Cvitusa-1-1024x767.jpeg"}],"twitter_card":"summary_large_image","twitter_misc":{"Est. reading time":"2 minutes"},"schema":{"@context":"https:\/\/schema.org","@graph":[{"@type":"WebPage","@id":"https:\/\/zirzen.com\/cvitusa\/","url":"https:\/\/zirzen.com\/cvitusa\/","name":"Cvitu\u0161a - Zir Zen","isPartOf":{"@id":"https:\/\/zirzen.com\/#website"},"datePublished":"2023-09-12T23:37:27+00:00","dateModified":"2023-10-10T19:54:22+00:00","breadcrumb":{"@id":"https:\/\/zirzen.com\/cvitusa\/#breadcrumb"},"inLanguage":"en-US","potentialAction":[{"@type":"ReadAction","target":["https:\/\/zirzen.com\/cvitusa\/"]}]},{"@type":"BreadcrumbList","@id":"https:\/\/zirzen.com\/cvitusa\/#breadcrumb","itemListElement":[{"@type":"ListItem","position":1,"name":"Home","item":"https:\/\/zirzen.com\/"},{"@type":"ListItem","position":2,"name":"Cvitu\u0161a"}]},{"@type":"WebSite","@id":"https:\/\/zirzen.com\/#website","url":"https:\/\/zirzen.com\/","name":"Zir Zen","description":"Jebi ga, kad smo ve\u0107 u Lovincu","publisher":{"@id":"https:\/\/zirzen.com\/#organization"},"potentialAction":[{"@type":"SearchAction","target":{"@type":"EntryPoint","urlTemplate":"https:\/\/zirzen.com\/?s={search_term_string}"},"query-input":"required name=search_term_string"}],"inLanguage":"en-US"},{"@type":"Organization","@id":"https:\/\/zirzen.com\/#organization","name":"Zir Zen","url":"https:\/\/zirzen.com\/","logo":{"@type":"ImageObject","inLanguage":"en-US","@id":"https:\/\/zirzen.com\/#\/schema\/logo\/image\/","url":"https:\/\/zirzen.com\/wp-content\/uploads\/2023\/07\/cropped-Picture1.png","contentUrl":"https:\/\/zirzen.com\/wp-content\/uploads\/2023\/07\/cropped-Picture1.png","width":512,"height":512,"caption":"Zir Zen"},"image":{"@id":"https:\/\/zirzen.com\/#\/schema\/logo\/image\/"}}]}},"_links":{"self":[{"href":"https:\/\/zirzen.com\/en\/wp-json\/wp\/v2\/pages\/3400","targetHints":{"allow":["GET"]}}],"collection":[{"href":"https:\/\/zirzen.com\/en\/wp-json\/wp\/v2\/pages"}],"about":[{"href":"https:\/\/zirzen.com\/en\/wp-json\/wp\/v2\/types\/page"}],"author":[{"embeddable":true,"href":"https:\/\/zirzen.com\/en\/wp-json\/wp\/v2\/users\/1"}],"replies":[{"embeddable":true,"href":"https:\/\/zirzen.com\/en\/wp-json\/wp\/v2\/comments?post=3400"}],"version-history":[{"count":13,"href":"https:\/\/zirzen.com\/en\/wp-json\/wp\/v2\/pages\/3400\/revisions"}],"predecessor-version":[{"id":4245,"href":"https:\/\/zirzen.com\/en\/wp-json\/wp\/v2\/pages\/3400\/revisions\/4245"}],"wp:attachment":[{"href":"https:\/\/zirzen.com\/en\/wp-json\/wp\/v2\/media?parent=3400"}],"curies":[{"name":"wp","href":"https:\/\/api.w.org\/{rel}","templated":true}]}}