{"id":3423,"date":"2023-09-13T21:28:33","date_gmt":"2023-09-13T19:28:33","guid":{"rendered":"https:\/\/zirzen.com\/?page_id=3423"},"modified":"2023-10-10T22:02:57","modified_gmt":"2023-10-10T20:02:57","slug":"mitrej","status":"publish","type":"page","link":"https:\/\/zirzen.com\/en\/mitrej\/","title":{"rendered":"Sanctuary of the god Mithras"},"content":{"rendered":"<h2 class=\"wp-block-heading has-text-align-center\">Sanctuary of the god Mithras<\/h2>\n\n\n\n<div class=\"wp-block-columns is-layout-flex wp-container-core-columns-is-layout-28f84493 wp-block-columns-is-layout-flex\">\n<div class=\"wp-block-column is-layout-flow wp-block-column-is-layout-flow\" style=\"flex-basis:33.33%\">\n<div class=\"wp-block-group attraction-left-side\"><div class=\"wp-block-group__inner-container is-layout-constrained wp-block-group-is-layout-constrained\">\n<figure class=\"wp-block-image size-large agl agl-fadeCSS agl-in-distance-1\"><img loading=\"lazy\" decoding=\"async\" width=\"1024\" height=\"767\" src=\"https:\/\/zirzen.com\/wp-content\/uploads\/2023\/09\/Mitrej-1024x767.jpeg\" alt=\"\" class=\"wp-image-3427\" srcset=\"https:\/\/zirzen.com\/wp-content\/uploads\/2023\/09\/Mitrej-1024x767.jpeg 1024w, https:\/\/zirzen.com\/wp-content\/uploads\/2023\/09\/Mitrej-300x225.jpeg 300w, https:\/\/zirzen.com\/wp-content\/uploads\/2023\/09\/Mitrej-768x576.jpeg 768w, https:\/\/zirzen.com\/wp-content\/uploads\/2023\/09\/Mitrej-1536x1151.jpeg 1536w, https:\/\/zirzen.com\/wp-content\/uploads\/2023\/09\/Mitrej-2048x1535.jpeg 2048w, https:\/\/zirzen.com\/wp-content\/uploads\/2023\/09\/Mitrej-16x12.jpeg 16w, https:\/\/zirzen.com\/wp-content\/uploads\/2023\/09\/Mitrej-1568x1175.jpeg 1568w\" sizes=\"auto, (max-width: 1024px) 100vw, 1024px\" \/><\/figure>\n<\/div><\/div>\n\n\n\n<p class=\"has-text-align-left has-small-font-size\"><strong>Time:<\/strong> 60 min <i class=\"fas fa-car\"><\/i><br><strong>Kids:<\/strong> Yes<br><strong>Dogs:<\/strong> Yes<\/p>\n\n\n\n<hr class=\"wp-block-separator has-alpha-channel-opacity\"\/>\n\n\n\n<div class=\"wp-block-buttons has-custom-font-size has-small-font-size agl agl-wipeCSS agl-in-distance-1 is-content-justification-center is-layout-flex wp-container-core-buttons-is-layout-a89b3969 wp-block-buttons-is-layout-flex\">\n<div class=\"wp-block-button is-style-fill\"><a class=\"wp-block-button__link has-foreground-color has-text-color has-background wp-element-button\" style=\"border-radius:16px;background-color:#d7d7d7;padding-top:10px;padding-right:10px;padding-bottom:10px;padding-left:10px\"><i class=\"fas fa-monument\"><\/i><\/a><\/div>\n\n\n\n<div class=\"wp-block-button is-style-fill\"><a class=\"wp-block-button__link has-foreground-color has-text-color has-background wp-element-button\" style=\"border-radius:16px;background-color:#d7d7d7;padding-top:10px;padding-right:10px;padding-bottom:10px;padding-left:10px\"><i class=\"fas fa-clock-rotate-left\"><\/i><\/a><\/div>\n<\/div>\n<\/div>\n\n\n\n<div class=\"wp-block-column is-layout-flow wp-block-column-is-layout-flow\" style=\"flex-basis:66.66%\">\n<p class=\"has-small-font-size\">If Mithrae were in a museum, I probably wouldn't look at it for more than a few seconds, but it's quite another thing to see it in a natural environment, in a small grove next to Li\u010dko Le\u0161\u0107e. I know it won't be something special for many, but for me, it was nice to see it there.<\/p>\n\n\n\n<p class=\"has-small-font-size\">Mithraeums are sanctuaries of the Roman god Mithras. They were built in beautiful places, usually next to springs and caves. Only a few of them have been preserved in Croatia, two near Oto\u010dac. One is on private land and you can only see it if you walk through someones yard, which neither you nor the owner of the yard wants to do.<\/p>\n\n\n\n<p class=\"has-small-font-size\">Mithras had long hair and a dress, so some mistook him for Our Lady. I'm not kidding! I read about the case of a woman who found out only in her later years that she had been praying to Mitra, not to Our Lady, all her life. All those years of prayer and effort disappeared in an instant. I can imagine her despair.<\/p>\n<\/div>\n<\/div>\n\n\n\n<div class=\"wp-block-group has-background has-small-font-size\" style=\"background-color:#f1f1f1\"><div class=\"wp-block-group__inner-container is-layout-constrained wp-block-group-is-layout-constrained\">\n<div class=\"leaflet-map WPLeafletMap\" style=\"height:450px; width:100%;\"><\/div><script>\nwindow.WPLeafletMapPlugin = window.WPLeafletMapPlugin || [];\nwindow.WPLeafletMapPlugin.push(function WPLeafletMapShortcode() {\/*<script>*\/\nvar baseUrl = atob('aHR0cHM6Ly97c30udGlsZS5vcGVuc3RyZWV0bWFwLm9yZy97en0ve3h9L3t5fS5wbmc=');\nvar base = (!baseUrl && window.MQ) ? \n    window.MQ.mapLayer() : L.tileLayer(baseUrl, \n        L.Util.extend({}, {\n            detectRetina: 0,\n        }, \n        {\"subdomains\":\"abc\",\"noWrap\":false}        )\n    );\n    var options = L.Util.extend({}, {\n        layers: [base],\n        attributionControl: false\n    }, \n    {\"zoomControl\":true,\"scrollWheelZoom\":true,\"doubleClickZoom\":false,\"fitBounds\":false,\"minZoom\":0,\"maxZoom\":19,\"maxBounds\":null,\"attribution\":\"<a href=\\\"http:\\\/\\\/leafletjs.com\\\" title=\\\"A JS library for interactive maps\\\">Leaflet<\\\/a>; \\u00a9 <a href=\\\"http:\\\/\\\/www.openstreetmap.org\\\/copyright\\\">OpenStreetMap<\\\/a> contributors\"}, \n    {});\nwindow.WPLeafletMapPlugin.createMap(options).setView([44.849341,15.296013],13);});<\/script>\n\n<script>\nwindow.WPLeafletMapPlugin = window.WPLeafletMapPlugin || [];\nwindow.WPLeafletMapPlugin.push(function WPLeafletMarkerShortcode() {\/*<script>*\/\nvar map = window.WPLeafletMapPlugin.getCurrentMap();\nvar group = window.WPLeafletMapPlugin.getCurrentGroup();\nvar marker_options = window.WPLeafletMapPlugin.getIconOptions({\"svg\":true,\"background\":\"brown\",\"iconClass\":\"fas fa-monument\",\"color\":\"white\"});\nvar marker = new L.SVGMarker(\n    [44.849341,15.296013], \n    marker_options\n);\nvar is_image = map.is_image_map;\nif (marker_options.draggable) {\n    marker.on('dragend', function () {\n        var latlng = this.getLatLng();\n        var lat = latlng.lat;\n        var lng = latlng.lng;\n        if (is_image) {\n            console.log('leaflet-marker y=' + lat + ' x=' + lng);\n        } else {\n            console.log('leaflet-marker lat=' + lat + ' lng=' + lng);\n        }\n    });\n}\nmarker.addTo( group );\nmarker.bindPopup(window.WPLeafletMapPlugin.unescape('Mitrej')).openPopup();window.WPLeafletMapPlugin.markers.push( marker );\n        });<\/script>\n<\/div><\/div>","protected":false},"excerpt":{"rendered":"<p>Mitrej Vrijeme: 60 min Klinci: DaPsi: Da Da se Mitrej nalazi u nekom muzeju, vjerojatno se ne bi zadr\u017eao pokraj njega du\u017ee od par sekundi no, sasvim je ne\u0161to drugo vidjeti ga u prirodnom okru\u017eenju, u malom gaju pored Li\u010dkog Le\u0161\u0107a. Znam da mnogima ne\u0107e biti ne\u0161to posebno, ali meni je bilo lijepo vidjeti ga<a class=\"more-link\" href=\"https:\/\/zirzen.com\/en\/mitrej\/\">Continue reading <span class=\"screen-reader-text\">&#8220;Mitrej&#8221;<\/span><\/a><\/p>","protected":false},"author":1,"featured_media":0,"parent":0,"menu_order":0,"comment_status":"closed","ping_status":"closed","template":"","meta":{"_monsterinsights_skip_tracking":false,"_monsterinsights_sitenote_active":false,"_monsterinsights_sitenote_note":"","_monsterinsights_sitenote_category":0,"footnotes":""},"class_list":["post-3423","page","type-page","status-publish","hentry","entry"],"yoast_head":"<!-- This site is optimized with the Yoast SEO plugin v20.13 - https:\/\/yoast.com\/wordpress\/plugins\/seo\/ -->\n<title>Mitrej - Zir Zen<\/title>\n<meta name=\"robots\" content=\"index, follow, max-snippet:-1, max-image-preview:large, max-video-preview:-1\" \/>\n<link rel=\"canonical\" href=\"https:\/\/zirzen.com\/en\/mitrej\/\" \/>\n<meta property=\"og:locale\" content=\"en_US\" \/>\n<meta property=\"og:type\" content=\"article\" \/>\n<meta property=\"og:title\" content=\"Mitrej - Zir Zen\" \/>\n<meta property=\"og:description\" content=\"Mitrej Vrijeme: 60 min Klinci: DaPsi: Da Da se Mitrej nalazi u nekom muzeju, vjerojatno se ne bi zadr\u017eao pokraj njega du\u017ee od par sekundi no, sasvim je ne\u0161to drugo vidjeti ga u prirodnom okru\u017eenju, u malom gaju pored Li\u010dkog Le\u0161\u0107a. Znam da mnogima ne\u0107e biti ne\u0161to posebno, ali meni je bilo lijepo vidjeti gaContinue reading &quot;Mitrej&quot;\" \/>\n<meta property=\"og:url\" content=\"https:\/\/zirzen.com\/en\/mitrej\/\" \/>\n<meta property=\"og:site_name\" content=\"Zir Zen\" \/>\n<meta property=\"article:modified_time\" content=\"2023-10-10T20:02:57+00:00\" \/>\n<meta property=\"og:image\" content=\"https:\/\/zirzen.com\/wp-content\/uploads\/2023\/09\/Mitrej-1024x767.jpeg\" \/>\n<meta name=\"twitter:card\" content=\"summary_large_image\" \/>\n<meta name=\"twitter:label1\" content=\"Est. reading time\" \/>\n\t<meta name=\"twitter:data1\" content=\"2 minutes\" \/>\n<script type=\"application\/ld+json\" class=\"yoast-schema-graph\">{\"@context\":\"https:\/\/schema.org\",\"@graph\":[{\"@type\":\"WebPage\",\"@id\":\"https:\/\/zirzen.com\/mitrej\/\",\"url\":\"https:\/\/zirzen.com\/mitrej\/\",\"name\":\"Mitrej - Zir Zen\",\"isPartOf\":{\"@id\":\"https:\/\/zirzen.com\/#website\"},\"datePublished\":\"2023-09-13T19:28:33+00:00\",\"dateModified\":\"2023-10-10T20:02:57+00:00\",\"breadcrumb\":{\"@id\":\"https:\/\/zirzen.com\/mitrej\/#breadcrumb\"},\"inLanguage\":\"en-US\",\"potentialAction\":[{\"@type\":\"ReadAction\",\"target\":[\"https:\/\/zirzen.com\/mitrej\/\"]}]},{\"@type\":\"BreadcrumbList\",\"@id\":\"https:\/\/zirzen.com\/mitrej\/#breadcrumb\",\"itemListElement\":[{\"@type\":\"ListItem\",\"position\":1,\"name\":\"Home\",\"item\":\"https:\/\/zirzen.com\/\"},{\"@type\":\"ListItem\",\"position\":2,\"name\":\"Mitrej\"}]},{\"@type\":\"WebSite\",\"@id\":\"https:\/\/zirzen.com\/#website\",\"url\":\"https:\/\/zirzen.com\/\",\"name\":\"Zir Zen\",\"description\":\"Jebi ga, kad smo ve\u0107 u Lovincu\",\"publisher\":{\"@id\":\"https:\/\/zirzen.com\/#organization\"},\"potentialAction\":[{\"@type\":\"SearchAction\",\"target\":{\"@type\":\"EntryPoint\",\"urlTemplate\":\"https:\/\/zirzen.com\/?s={search_term_string}\"},\"query-input\":\"required name=search_term_string\"}],\"inLanguage\":\"en-US\"},{\"@type\":\"Organization\",\"@id\":\"https:\/\/zirzen.com\/#organization\",\"name\":\"Zir Zen\",\"url\":\"https:\/\/zirzen.com\/\",\"logo\":{\"@type\":\"ImageObject\",\"inLanguage\":\"en-US\",\"@id\":\"https:\/\/zirzen.com\/#\/schema\/logo\/image\/\",\"url\":\"https:\/\/zirzen.com\/wp-content\/uploads\/2023\/07\/cropped-Picture1.png\",\"contentUrl\":\"https:\/\/zirzen.com\/wp-content\/uploads\/2023\/07\/cropped-Picture1.png\",\"width\":512,\"height\":512,\"caption\":\"Zir Zen\"},\"image\":{\"@id\":\"https:\/\/zirzen.com\/#\/schema\/logo\/image\/\"}}]}<\/script>\n<!-- \/ Yoast SEO plugin. -->","yoast_head_json":{"title":"Mitrej - Zir Zen","robots":{"index":"index","follow":"follow","max-snippet":"max-snippet:-1","max-image-preview":"max-image-preview:large","max-video-preview":"max-video-preview:-1"},"canonical":"https:\/\/zirzen.com\/en\/mitrej\/","og_locale":"en_US","og_type":"article","og_title":"Mitrej - Zir Zen","og_description":"Mitrej Vrijeme: 60 min Klinci: DaPsi: Da Da se Mitrej nalazi u nekom muzeju, vjerojatno se ne bi zadr\u017eao pokraj njega du\u017ee od par sekundi no, sasvim je ne\u0161to drugo vidjeti ga u prirodnom okru\u017eenju, u malom gaju pored Li\u010dkog Le\u0161\u0107a. Znam da mnogima ne\u0107e biti ne\u0161to posebno, ali meni je bilo lijepo vidjeti gaContinue reading \"Mitrej\"","og_url":"https:\/\/zirzen.com\/en\/mitrej\/","og_site_name":"Zir Zen","article_modified_time":"2023-10-10T20:02:57+00:00","og_image":[{"url":"https:\/\/zirzen.com\/wp-content\/uploads\/2023\/09\/Mitrej-1024x767.jpeg"}],"twitter_card":"summary_large_image","twitter_misc":{"Est. reading time":"2 minutes"},"schema":{"@context":"https:\/\/schema.org","@graph":[{"@type":"WebPage","@id":"https:\/\/zirzen.com\/mitrej\/","url":"https:\/\/zirzen.com\/mitrej\/","name":"Mitrej - Zir Zen","isPartOf":{"@id":"https:\/\/zirzen.com\/#website"},"datePublished":"2023-09-13T19:28:33+00:00","dateModified":"2023-10-10T20:02:57+00:00","breadcrumb":{"@id":"https:\/\/zirzen.com\/mitrej\/#breadcrumb"},"inLanguage":"en-US","potentialAction":[{"@type":"ReadAction","target":["https:\/\/zirzen.com\/mitrej\/"]}]},{"@type":"BreadcrumbList","@id":"https:\/\/zirzen.com\/mitrej\/#breadcrumb","itemListElement":[{"@type":"ListItem","position":1,"name":"Home","item":"https:\/\/zirzen.com\/"},{"@type":"ListItem","position":2,"name":"Mitrej"}]},{"@type":"WebSite","@id":"https:\/\/zirzen.com\/#website","url":"https:\/\/zirzen.com\/","name":"Zir Zen","description":"Jebi ga, kad smo ve\u0107 u Lovincu","publisher":{"@id":"https:\/\/zirzen.com\/#organization"},"potentialAction":[{"@type":"SearchAction","target":{"@type":"EntryPoint","urlTemplate":"https:\/\/zirzen.com\/?s={search_term_string}"},"query-input":"required name=search_term_string"}],"inLanguage":"en-US"},{"@type":"Organization","@id":"https:\/\/zirzen.com\/#organization","name":"Zir Zen","url":"https:\/\/zirzen.com\/","logo":{"@type":"ImageObject","inLanguage":"en-US","@id":"https:\/\/zirzen.com\/#\/schema\/logo\/image\/","url":"https:\/\/zirzen.com\/wp-content\/uploads\/2023\/07\/cropped-Picture1.png","contentUrl":"https:\/\/zirzen.com\/wp-content\/uploads\/2023\/07\/cropped-Picture1.png","width":512,"height":512,"caption":"Zir Zen"},"image":{"@id":"https:\/\/zirzen.com\/#\/schema\/logo\/image\/"}}]}},"_links":{"self":[{"href":"https:\/\/zirzen.com\/en\/wp-json\/wp\/v2\/pages\/3423","targetHints":{"allow":["GET"]}}],"collection":[{"href":"https:\/\/zirzen.com\/en\/wp-json\/wp\/v2\/pages"}],"about":[{"href":"https:\/\/zirzen.com\/en\/wp-json\/wp\/v2\/types\/page"}],"author":[{"embeddable":true,"href":"https:\/\/zirzen.com\/en\/wp-json\/wp\/v2\/users\/1"}],"replies":[{"embeddable":true,"href":"https:\/\/zirzen.com\/en\/wp-json\/wp\/v2\/comments?post=3423"}],"version-history":[{"count":10,"href":"https:\/\/zirzen.com\/en\/wp-json\/wp\/v2\/pages\/3423\/revisions"}],"predecessor-version":[{"id":4270,"href":"https:\/\/zirzen.com\/en\/wp-json\/wp\/v2\/pages\/3423\/revisions\/4270"}],"wp:attachment":[{"href":"https:\/\/zirzen.com\/en\/wp-json\/wp\/v2\/media?parent=3423"}],"curies":[{"name":"wp","href":"https:\/\/api.w.org\/{rel}","templated":true}]}}