{"id":3480,"date":"2023-09-17T22:35:16","date_gmt":"2023-09-17T20:35:16","guid":{"rendered":"https:\/\/zirzen.com\/?page_id=3480"},"modified":"2023-10-10T21:58:13","modified_gmt":"2023-10-10T19:58:13","slug":"poucna-staza-klisa","status":"publish","type":"page","link":"https:\/\/zirzen.com\/en\/poucna-staza-klisa\/","title":{"rendered":"Klis educational trail"},"content":{"rendered":"<h2 class=\"wp-block-heading has-text-align-center\">Klis educational trail<\/h2>\n\n\n\n<div class=\"wp-block-columns is-layout-flex wp-container-core-columns-is-layout-28f84493 wp-block-columns-is-layout-flex\">\n<div class=\"wp-block-column is-layout-flow wp-block-column-is-layout-flow\" style=\"flex-basis:33.33%\">\n<div class=\"wp-block-group attraction-left-side\"><div class=\"wp-block-group__inner-container is-layout-constrained wp-block-group-is-layout-constrained\">\n<figure class=\"wp-block-image size-large agl agl-fadeCSS agl-in-distance-1\"><img loading=\"lazy\" decoding=\"async\" width=\"1024\" height=\"769\" src=\"https:\/\/zirzen.com\/wp-content\/uploads\/2023\/09\/Poucna-staza-Klisa-1024x769.jpeg\" alt=\"\" class=\"wp-image-3481\" srcset=\"https:\/\/zirzen.com\/wp-content\/uploads\/2023\/09\/Poucna-staza-Klisa-1024x769.jpeg 1024w, https:\/\/zirzen.com\/wp-content\/uploads\/2023\/09\/Poucna-staza-Klisa-300x225.jpeg 300w, https:\/\/zirzen.com\/wp-content\/uploads\/2023\/09\/Poucna-staza-Klisa-768x577.jpeg 768w, https:\/\/zirzen.com\/wp-content\/uploads\/2023\/09\/Poucna-staza-Klisa-1536x1153.jpeg 1536w, https:\/\/zirzen.com\/wp-content\/uploads\/2023\/09\/Poucna-staza-Klisa-2048x1538.jpeg 2048w, https:\/\/zirzen.com\/wp-content\/uploads\/2023\/09\/Poucna-staza-Klisa-16x12.jpeg 16w, https:\/\/zirzen.com\/wp-content\/uploads\/2023\/09\/Poucna-staza-Klisa-1568x1177.jpeg 1568w\" sizes=\"auto, (max-width: 1024px) 100vw, 1024px\" \/><\/figure>\n<\/div><\/div>\n\n\n\n<p class=\"has-text-align-left has-small-font-size\"><strong>Time:<\/strong> 36 min <i class=\"fas fa-car\"><\/i><br><strong>Kids:<\/strong> Yes<br><strong>Dogs:<\/strong> Yes<\/p>\n\n\n\n<hr class=\"wp-block-separator has-alpha-channel-opacity\"\/>\n\n\n\n<div class=\"wp-block-buttons has-custom-font-size has-small-font-size agl agl-wipeCSS agl-in-distance-1 is-content-justification-center is-layout-flex wp-container-core-buttons-is-layout-a89b3969 wp-block-buttons-is-layout-flex\">\n<div class=\"wp-block-button is-style-fill\"><a class=\"wp-block-button__link has-foreground-color has-text-color has-background wp-element-button\" style=\"border-radius:16px;background-color:#d7d7d7;padding-top:10px;padding-right:10px;padding-bottom:10px;padding-left:10px\"><i class=\"fas fa-person-walking\"><\/i><\/a><\/div>\n\n\n\n<div class=\"wp-block-button is-style-fill\"><a class=\"wp-block-button__link has-foreground-color has-text-color has-background wp-element-button\" style=\"border-radius:16px;background-color:#d7d7d7;padding-top:10px;padding-right:10px;padding-bottom:10px;padding-left:10px\"><i class=\"fas fa-user-graduate\"><\/i><\/a><\/div>\n<\/div>\n<\/div>\n\n\n\n<div class=\"wp-block-column is-layout-flow wp-block-column-is-layout-flow\" style=\"flex-basis:66.66%\">\n<p class=\"has-small-font-size\">This is an example of what an educational trail should look like. There is nothing sensational, but the trail is accessible (in the very center of town), easy to follow, not too long, and you will learn something you didn't know.<\/p>\n\n\n\n<p class=\"has-small-font-size\">For some educational trails that I visited recently, I have the feeling that they are just trails, without the epithet that should adorn them. Always pictures of bears, wolves and lynx paired with a few paragraphs about carnivores that have been chewed countless times. Next to them is a board about beech, fir, hornbeam and other greenery.<\/p>\n\n\n\n<p class=\"has-small-font-size\">Klisa is different in that regard. Educational materials are closely related to the location itself, its history, the history of forestry, but also forestry in general. It's as if you talked to an old forester who spent his entire working life in Peru\u0161i\u0107 and is happy to share everything he knows with others.<\/p>\n\n\n\n<p class=\"has-small-font-size\">At the beginning, it even says how much money was spent to create the trail, and that is information that would be nice to include on all educational trails. Let's see who is able to do what and for what money. That would also be educational.<\/p>\n<\/div>\n<\/div>\n\n\n\n<div class=\"wp-block-group has-background has-small-font-size\" style=\"background-color:#f1f1f1\"><div class=\"wp-block-group__inner-container is-layout-constrained wp-block-group-is-layout-constrained\">\n<div class=\"leaflet-map WPLeafletMap\" style=\"height:450px; width:100%;\"><\/div><script>\nwindow.WPLeafletMapPlugin = window.WPLeafletMapPlugin || [];\nwindow.WPLeafletMapPlugin.push(function WPLeafletMapShortcode() {\/*<script>*\/\nvar baseUrl = atob('aHR0cHM6Ly97c30udGlsZS5vcGVuc3RyZWV0bWFwLm9yZy97en0ve3h9L3t5fS5wbmc=');\nvar base = (!baseUrl && window.MQ) ? \n    window.MQ.mapLayer() : L.tileLayer(baseUrl, \n        L.Util.extend({}, {\n            detectRetina: 0,\n        }, \n        {\"subdomains\":\"abc\",\"noWrap\":false}        )\n    );\n    var options = L.Util.extend({}, {\n        layers: [base],\n        attributionControl: false\n    }, \n    {\"zoomControl\":true,\"scrollWheelZoom\":true,\"doubleClickZoom\":false,\"fitBounds\":false,\"minZoom\":0,\"maxZoom\":19,\"maxBounds\":null,\"attribution\":\"<a href=\\\"http:\\\/\\\/leafletjs.com\\\" title=\\\"A JS library for interactive maps\\\">Leaflet<\\\/a>; \\u00a9 <a href=\\\"http:\\\/\\\/www.openstreetmap.org\\\/copyright\\\">OpenStreetMap<\\\/a> contributors\"}, \n    {});\nwindow.WPLeafletMapPlugin.createMap(options).setView([44.650061369795,15.381996900694],13);});<\/script>\n\n<script>\nwindow.WPLeafletMapPlugin = window.WPLeafletMapPlugin || [];\nwindow.WPLeafletMapPlugin.push(function WPLeafletMarkerShortcode() {\/*<script>*\/\nvar map = window.WPLeafletMapPlugin.getCurrentMap();\nvar group = window.WPLeafletMapPlugin.getCurrentGroup();\nvar marker_options = window.WPLeafletMapPlugin.getIconOptions({\"svg\":true,\"background\":\"green\",\"iconClass\":\"fas fa-person-walking\",\"color\":\"white\"});\nvar marker = new L.SVGMarker(\n    [44.650061369795,15.381996900694], \n    marker_options\n);\nvar is_image = map.is_image_map;\nif (marker_options.draggable) {\n    marker.on('dragend', function () {\n        var latlng = this.getLatLng();\n        var lat = latlng.lat;\n        var lng = latlng.lng;\n        if (is_image) {\n            console.log('leaflet-marker y=' + lat + ' x=' + lng);\n        } else {\n            console.log('leaflet-marker lat=' + lat + ' lng=' + lng);\n        }\n    });\n}\nmarker.addTo( group );\nmarker.bindPopup(window.WPLeafletMapPlugin.unescape('Pou\u010dna staza Klisa'));window.WPLeafletMapPlugin.markers.push( marker );\n        });<\/script>\n<\/div><\/div>","protected":false},"excerpt":{"rendered":"<p>Pou\u010dna staza Klisa Vrijeme: 36 min Klinci: DaPsi: Da Ovo je primjer kako pou\u010dna staza treba izgledati. Nema tu ni\u0161ta senzacionalno, ali staza je pristupa\u010dna (u samom centru mjesta), lako ju je pratiti, nije preduga i nau\u010dit \u0107ete ne\u0161to \u0161to niste znali. Za neke pou\u010dne staza koje sam u zadnje vrijeme obi\u0161ao, imam osje\u0107aj da<a class=\"more-link\" href=\"https:\/\/zirzen.com\/en\/poucna-staza-klisa\/\">Continue reading <span class=\"screen-reader-text\">&#8220;Pou\u010dna staza Klisa&#8221;<\/span><\/a><\/p>","protected":false},"author":1,"featured_media":0,"parent":0,"menu_order":0,"comment_status":"closed","ping_status":"closed","template":"","meta":{"_monsterinsights_skip_tracking":false,"_monsterinsights_sitenote_active":false,"_monsterinsights_sitenote_note":"","_monsterinsights_sitenote_category":0,"footnotes":""},"class_list":["post-3480","page","type-page","status-publish","hentry","entry"],"yoast_head":"<!-- This site is optimized with the Yoast SEO plugin v20.13 - https:\/\/yoast.com\/wordpress\/plugins\/seo\/ -->\n<title>Pou\u010dna staza Klisa - Zir Zen<\/title>\n<meta name=\"robots\" content=\"index, follow, max-snippet:-1, max-image-preview:large, max-video-preview:-1\" \/>\n<link rel=\"canonical\" href=\"https:\/\/zirzen.com\/en\/poucna-staza-klisa\/\" \/>\n<meta property=\"og:locale\" content=\"en_US\" \/>\n<meta property=\"og:type\" content=\"article\" \/>\n<meta property=\"og:title\" content=\"Pou\u010dna staza Klisa - Zir Zen\" \/>\n<meta property=\"og:description\" content=\"Pou\u010dna staza Klisa Vrijeme: 36 min Klinci: DaPsi: Da Ovo je primjer kako pou\u010dna staza treba izgledati. Nema tu ni\u0161ta senzacionalno, ali staza je pristupa\u010dna (u samom centru mjesta), lako ju je pratiti, nije preduga i nau\u010dit \u0107ete ne\u0161to \u0161to niste znali. Za neke pou\u010dne staza koje sam u zadnje vrijeme obi\u0161ao, imam osje\u0107aj daContinue reading &quot;Pou\u010dna staza Klisa&quot;\" \/>\n<meta property=\"og:url\" content=\"https:\/\/zirzen.com\/en\/poucna-staza-klisa\/\" \/>\n<meta property=\"og:site_name\" content=\"Zir Zen\" \/>\n<meta property=\"article:modified_time\" content=\"2023-10-10T19:58:13+00:00\" \/>\n<meta property=\"og:image\" content=\"https:\/\/zirzen.com\/wp-content\/uploads\/2023\/09\/Poucna-staza-Klisa-1024x769.jpeg\" \/>\n<meta name=\"twitter:card\" content=\"summary_large_image\" \/>\n<meta name=\"twitter:label1\" content=\"Est. reading time\" \/>\n\t<meta name=\"twitter:data1\" content=\"2 minutes\" \/>\n<script type=\"application\/ld+json\" class=\"yoast-schema-graph\">{\"@context\":\"https:\/\/schema.org\",\"@graph\":[{\"@type\":\"WebPage\",\"@id\":\"https:\/\/zirzen.com\/poucna-staza-klisa\/\",\"url\":\"https:\/\/zirzen.com\/poucna-staza-klisa\/\",\"name\":\"Pou\u010dna staza Klisa - Zir Zen\",\"isPartOf\":{\"@id\":\"https:\/\/zirzen.com\/#website\"},\"datePublished\":\"2023-09-17T20:35:16+00:00\",\"dateModified\":\"2023-10-10T19:58:13+00:00\",\"breadcrumb\":{\"@id\":\"https:\/\/zirzen.com\/poucna-staza-klisa\/#breadcrumb\"},\"inLanguage\":\"en-US\",\"potentialAction\":[{\"@type\":\"ReadAction\",\"target\":[\"https:\/\/zirzen.com\/poucna-staza-klisa\/\"]}]},{\"@type\":\"BreadcrumbList\",\"@id\":\"https:\/\/zirzen.com\/poucna-staza-klisa\/#breadcrumb\",\"itemListElement\":[{\"@type\":\"ListItem\",\"position\":1,\"name\":\"Home\",\"item\":\"https:\/\/zirzen.com\/\"},{\"@type\":\"ListItem\",\"position\":2,\"name\":\"Pou\u010dna staza Klisa\"}]},{\"@type\":\"WebSite\",\"@id\":\"https:\/\/zirzen.com\/#website\",\"url\":\"https:\/\/zirzen.com\/\",\"name\":\"Zir Zen\",\"description\":\"Jebi ga, kad smo ve\u0107 u Lovincu\",\"publisher\":{\"@id\":\"https:\/\/zirzen.com\/#organization\"},\"potentialAction\":[{\"@type\":\"SearchAction\",\"target\":{\"@type\":\"EntryPoint\",\"urlTemplate\":\"https:\/\/zirzen.com\/?s={search_term_string}\"},\"query-input\":\"required name=search_term_string\"}],\"inLanguage\":\"en-US\"},{\"@type\":\"Organization\",\"@id\":\"https:\/\/zirzen.com\/#organization\",\"name\":\"Zir Zen\",\"url\":\"https:\/\/zirzen.com\/\",\"logo\":{\"@type\":\"ImageObject\",\"inLanguage\":\"en-US\",\"@id\":\"https:\/\/zirzen.com\/#\/schema\/logo\/image\/\",\"url\":\"https:\/\/zirzen.com\/wp-content\/uploads\/2023\/07\/cropped-Picture1.png\",\"contentUrl\":\"https:\/\/zirzen.com\/wp-content\/uploads\/2023\/07\/cropped-Picture1.png\",\"width\":512,\"height\":512,\"caption\":\"Zir Zen\"},\"image\":{\"@id\":\"https:\/\/zirzen.com\/#\/schema\/logo\/image\/\"}}]}<\/script>\n<!-- \/ Yoast SEO plugin. -->","yoast_head_json":{"title":"Pou\u010dna staza Klisa - Zir Zen","robots":{"index":"index","follow":"follow","max-snippet":"max-snippet:-1","max-image-preview":"max-image-preview:large","max-video-preview":"max-video-preview:-1"},"canonical":"https:\/\/zirzen.com\/en\/poucna-staza-klisa\/","og_locale":"en_US","og_type":"article","og_title":"Pou\u010dna staza Klisa - Zir Zen","og_description":"Pou\u010dna staza Klisa Vrijeme: 36 min Klinci: DaPsi: Da Ovo je primjer kako pou\u010dna staza treba izgledati. Nema tu ni\u0161ta senzacionalno, ali staza je pristupa\u010dna (u samom centru mjesta), lako ju je pratiti, nije preduga i nau\u010dit \u0107ete ne\u0161to \u0161to niste znali. Za neke pou\u010dne staza koje sam u zadnje vrijeme obi\u0161ao, imam osje\u0107aj daContinue reading \"Pou\u010dna staza Klisa\"","og_url":"https:\/\/zirzen.com\/en\/poucna-staza-klisa\/","og_site_name":"Zir Zen","article_modified_time":"2023-10-10T19:58:13+00:00","og_image":[{"url":"https:\/\/zirzen.com\/wp-content\/uploads\/2023\/09\/Poucna-staza-Klisa-1024x769.jpeg"}],"twitter_card":"summary_large_image","twitter_misc":{"Est. reading time":"2 minutes"},"schema":{"@context":"https:\/\/schema.org","@graph":[{"@type":"WebPage","@id":"https:\/\/zirzen.com\/poucna-staza-klisa\/","url":"https:\/\/zirzen.com\/poucna-staza-klisa\/","name":"Pou\u010dna staza Klisa - Zir Zen","isPartOf":{"@id":"https:\/\/zirzen.com\/#website"},"datePublished":"2023-09-17T20:35:16+00:00","dateModified":"2023-10-10T19:58:13+00:00","breadcrumb":{"@id":"https:\/\/zirzen.com\/poucna-staza-klisa\/#breadcrumb"},"inLanguage":"en-US","potentialAction":[{"@type":"ReadAction","target":["https:\/\/zirzen.com\/poucna-staza-klisa\/"]}]},{"@type":"BreadcrumbList","@id":"https:\/\/zirzen.com\/poucna-staza-klisa\/#breadcrumb","itemListElement":[{"@type":"ListItem","position":1,"name":"Home","item":"https:\/\/zirzen.com\/"},{"@type":"ListItem","position":2,"name":"Pou\u010dna staza Klisa"}]},{"@type":"WebSite","@id":"https:\/\/zirzen.com\/#website","url":"https:\/\/zirzen.com\/","name":"Zir Zen","description":"Jebi ga, kad smo ve\u0107 u Lovincu","publisher":{"@id":"https:\/\/zirzen.com\/#organization"},"potentialAction":[{"@type":"SearchAction","target":{"@type":"EntryPoint","urlTemplate":"https:\/\/zirzen.com\/?s={search_term_string}"},"query-input":"required name=search_term_string"}],"inLanguage":"en-US"},{"@type":"Organization","@id":"https:\/\/zirzen.com\/#organization","name":"Zir Zen","url":"https:\/\/zirzen.com\/","logo":{"@type":"ImageObject","inLanguage":"en-US","@id":"https:\/\/zirzen.com\/#\/schema\/logo\/image\/","url":"https:\/\/zirzen.com\/wp-content\/uploads\/2023\/07\/cropped-Picture1.png","contentUrl":"https:\/\/zirzen.com\/wp-content\/uploads\/2023\/07\/cropped-Picture1.png","width":512,"height":512,"caption":"Zir Zen"},"image":{"@id":"https:\/\/zirzen.com\/#\/schema\/logo\/image\/"}}]}},"_links":{"self":[{"href":"https:\/\/zirzen.com\/en\/wp-json\/wp\/v2\/pages\/3480","targetHints":{"allow":["GET"]}}],"collection":[{"href":"https:\/\/zirzen.com\/en\/wp-json\/wp\/v2\/pages"}],"about":[{"href":"https:\/\/zirzen.com\/en\/wp-json\/wp\/v2\/types\/page"}],"author":[{"embeddable":true,"href":"https:\/\/zirzen.com\/en\/wp-json\/wp\/v2\/users\/1"}],"replies":[{"embeddable":true,"href":"https:\/\/zirzen.com\/en\/wp-json\/wp\/v2\/comments?post=3480"}],"version-history":[{"count":8,"href":"https:\/\/zirzen.com\/en\/wp-json\/wp\/v2\/pages\/3480\/revisions"}],"predecessor-version":[{"id":4259,"href":"https:\/\/zirzen.com\/en\/wp-json\/wp\/v2\/pages\/3480\/revisions\/4259"}],"wp:attachment":[{"href":"https:\/\/zirzen.com\/en\/wp-json\/wp\/v2\/media?parent=3480"}],"curies":[{"name":"wp","href":"https:\/\/api.w.org\/{rel}","templated":true}]}}