{"id":3545,"date":"2023-09-20T14:01:24","date_gmt":"2023-09-20T12:01:24","guid":{"rendered":"https:\/\/zirzen.com\/?page_id=3545"},"modified":"2023-10-10T22:03:22","modified_gmt":"2023-10-10T20:03:22","slug":"planet-kruscica","status":"publish","type":"page","link":"https:\/\/zirzen.com\/en\/planet-kruscica\/","title":{"rendered":"Planet Kru\u0161\u010dica"},"content":{"rendered":"<h2 class=\"wp-block-heading has-text-align-center\">Planet Kru\u0161\u010dica<\/h2>\n\n\n\n<div class=\"wp-block-columns is-layout-flex wp-container-core-columns-is-layout-28f84493 wp-block-columns-is-layout-flex\">\n<div class=\"wp-block-column is-layout-flow wp-block-column-is-layout-flow\" style=\"flex-basis:33.33%\">\n<div class=\"wp-block-group attraction-left-side\"><div class=\"wp-block-group__inner-container is-layout-constrained wp-block-group-is-layout-constrained\">\n<figure class=\"wp-block-image size-large agl agl-fadeCSS agl-in-distance-1\"><img loading=\"lazy\" decoding=\"async\" width=\"1024\" height=\"767\" src=\"https:\/\/zirzen.com\/wp-content\/uploads\/2023\/08\/Drugi-planet-1024x767.jpeg\" alt=\"Planet Kru\u0161\u010dica\" class=\"wp-image-3166\" srcset=\"https:\/\/zirzen.com\/wp-content\/uploads\/2023\/08\/Drugi-planet-1024x767.jpeg 1024w, https:\/\/zirzen.com\/wp-content\/uploads\/2023\/08\/Drugi-planet-300x225.jpeg 300w, https:\/\/zirzen.com\/wp-content\/uploads\/2023\/08\/Drugi-planet-768x575.jpeg 768w, https:\/\/zirzen.com\/wp-content\/uploads\/2023\/08\/Drugi-planet-1536x1150.jpeg 1536w, https:\/\/zirzen.com\/wp-content\/uploads\/2023\/08\/Drugi-planet-2048x1533.jpeg 2048w, https:\/\/zirzen.com\/wp-content\/uploads\/2023\/08\/Drugi-planet-16x12.jpeg 16w, https:\/\/zirzen.com\/wp-content\/uploads\/2023\/08\/Drugi-planet-1568x1174.jpeg 1568w\" sizes=\"auto, (max-width: 1024px) 100vw, 1024px\" \/><\/figure>\n<\/div><\/div>\n\n\n\n<p class=\"has-text-align-left has-small-font-size\"><strong>Time:<\/strong> 60 min <i class=\"fas fa-car\"><\/i><br><strong>Kids:<\/strong> Yes<br><strong>Dogs:<\/strong> Yes<\/p>\n\n\n\n<hr class=\"wp-block-separator has-alpha-channel-opacity\"\/>\n\n\n\n<div class=\"wp-block-buttons has-custom-font-size has-small-font-size agl agl-wipeCSS agl-in-distance-1 is-content-justification-center is-layout-flex wp-container-core-buttons-is-layout-a89b3969 wp-block-buttons-is-layout-flex\">\n<div class=\"wp-block-button is-style-fill\"><a class=\"wp-block-button__link has-foreground-color has-text-color has-background wp-element-button\" style=\"border-radius:16px;background-color:#d7d7d7;padding-top:10px;padding-right:10px;padding-bottom:10px;padding-left:10px\"><i class=\"fas fa-user-astronaut\"><\/i><\/a><\/div>\n\n\n\n<div class=\"wp-block-button is-style-fill\"><a class=\"wp-block-button__link has-foreground-color has-text-color has-background wp-element-button\" style=\"border-radius:16px;background-color:#d7d7d7;padding-top:10px;padding-right:10px;padding-bottom:10px;padding-left:10px\"><i class=\"fas fa-camera\"><\/i><\/a><\/div>\n<\/div>\n<\/div>\n\n\n\n<div class=\"wp-block-column is-layout-flow wp-block-column-is-layout-flow\" style=\"flex-basis:66.66%\">\n<p class=\"has-small-font-size\">Mars approaches Earth every two years and that is the best time to visit this planetary neighbor. Time to visit <em>planetu Kru\u0161\u010dici<\/em> is every year, in the summer, when the lake almost dries up.<\/p>\n\n\n\n<p class=\"has-small-font-size\">Then stone structures and lifeless tree trunks emerge from the water into the sun, defying the water that has drowned them for decades. The lake is not natural, but was created in 1971 for the needs of the Senj hydroelectric plant and later the Sklope hydroelectric plant. It got its name from the settlement of Kru\u0161\u010dica, which is now located at its bottom, and the remains of the settlement can be seen at a very low water level.<\/p>\n\n\n\n<p class=\"has-small-font-size\">The lake is periodically completely emptied to inspect the bottom and hydrotechnical facilities. I haven't seen it in person, but I'd like to, because even in the dry season when it's not fully emptied it looks craaaaazy!<\/p>\n\n\n\n<p class=\"has-small-font-size\">The easiest way to get there is if you go from Gospi\u0107, and in Smiljan you turn right towards Peru\u0161i\u0107. In Klanac, follow the main road towards Krasno. After a few kilometers you will see a sign for Jezero Kru\u0161\u010dica and Vaganac, so there should be no problems with navigation. On two occasions, after the lake, I continued to Kosinje, but the macadam is not the best in a couple of places, and I also had problems with the company car.<\/p>\n<\/div>\n<\/div>\n\n\n\n<div class=\"wp-block-group has-background has-small-font-size\" style=\"background-color:#f1f1f1\"><div class=\"wp-block-group__inner-container is-layout-constrained wp-block-group-is-layout-constrained\">\n<div class=\"leaflet-map WPLeafletMap\" style=\"height:450px; width:100%;\"><\/div><script>\nwindow.WPLeafletMapPlugin = window.WPLeafletMapPlugin || [];\nwindow.WPLeafletMapPlugin.push(function WPLeafletMapShortcode() {\/*<script>*\/\nvar baseUrl = atob('aHR0cHM6Ly97c30udGlsZS5vcGVuc3RyZWV0bWFwLm9yZy97en0ve3h9L3t5fS5wbmc=');\nvar base = (!baseUrl && window.MQ) ? \n    window.MQ.mapLayer() : L.tileLayer(baseUrl, \n        L.Util.extend({}, {\n            detectRetina: 0,\n        }, \n        {\"subdomains\":\"abc\",\"noWrap\":false}        )\n    );\n    var options = L.Util.extend({}, {\n        layers: [base],\n        attributionControl: false\n    }, \n    {\"zoomControl\":true,\"scrollWheelZoom\":true,\"doubleClickZoom\":false,\"fitBounds\":false,\"minZoom\":0,\"maxZoom\":19,\"maxBounds\":null,\"attribution\":\"<a href=\\\"http:\\\/\\\/leafletjs.com\\\" title=\\\"A JS library for interactive maps\\\">Leaflet<\\\/a>; \\u00a9 <a href=\\\"http:\\\/\\\/www.openstreetmap.org\\\/copyright\\\">OpenStreetMap<\\\/a> contributors\"}, \n    {});\nwindow.WPLeafletMapPlugin.createMap(options).setView([44.67347,15.268651],13);});<\/script>\n\n<script>\nwindow.WPLeafletMapPlugin = window.WPLeafletMapPlugin || [];\nwindow.WPLeafletMapPlugin.push(function WPLeafletMarkerShortcode() {\/*<script>*\/\nvar map = window.WPLeafletMapPlugin.getCurrentMap();\nvar group = window.WPLeafletMapPlugin.getCurrentGroup();\nvar marker_options = window.WPLeafletMapPlugin.getIconOptions({\"svg\":true,\"background\":\"green\",\"iconClass\":\"fas fa-user-astronaut\",\"color\":\"white\"});\nvar marker = new L.SVGMarker(\n    [44.67347,15.268651], \n    marker_options\n);\nvar is_image = map.is_image_map;\nif (marker_options.draggable) {\n    marker.on('dragend', function () {\n        var latlng = this.getLatLng();\n        var lat = latlng.lat;\n        var lng = latlng.lng;\n        if (is_image) {\n            console.log('leaflet-marker y=' + lat + ' x=' + lng);\n        } else {\n            console.log('leaflet-marker lat=' + lat + ' lng=' + lng);\n        }\n    });\n}\nmarker.addTo( group );\nmarker.bindPopup(window.WPLeafletMapPlugin.unescape('Planet Kru\u0161\u010dica')).openPopup();window.WPLeafletMapPlugin.markers.push( marker );\n        });<\/script>\n\n<script>\nwindow.WPLeafletMapPlugin = window.WPLeafletMapPlugin || [];\nwindow.WPLeafletMapPlugin.push(function WPLeafletMarkerShortcode() {\/*<script>*\/\nvar map = window.WPLeafletMapPlugin.getCurrentMap();\nvar group = window.WPLeafletMapPlugin.getCurrentGroup();\nvar marker_options = window.WPLeafletMapPlugin.getIconOptions({\"svg\":true,\"background\":\"grey\",\"iconClass\":\"fas fa-parking\",\"color\":\"white\"});\nvar marker = new L.SVGMarker(\n    [44.673601867134,15.26540971943], \n    marker_options\n);\nvar is_image = map.is_image_map;\nif (marker_options.draggable) {\n    marker.on('dragend', function () {\n        var latlng = this.getLatLng();\n        var lat = latlng.lat;\n        var lng = latlng.lng;\n        if (is_image) {\n            console.log('leaflet-marker y=' + lat + ' x=' + lng);\n        } else {\n            console.log('leaflet-marker lat=' + lat + ' lng=' + lng);\n        }\n    });\n}\nmarker.addTo( group );\nmarker.bindPopup(window.WPLeafletMapPlugin.unescape('Parking planet Kru\u0161\u010dica')).openPopup();window.WPLeafletMapPlugin.markers.push( marker );\n        });<\/script>\n<\/div><\/div>","protected":false},"excerpt":{"rendered":"<p>Planet Kru\u0161\u010dica Vrijeme: 60 min Klinci: DaPsi: Da Mars se pribli\u017ei Zemlji svake dvije godine i to je najbolje vrijeme za posjet ovom planetarnom susjedu. Vrijeme za posjet planetu Kru\u0161\u010dici je svake godine, ljeti, kada jezero gotovo presu\u0161i. Tada iz vode na sunce izranjaju kamene strukture i be\u017eivotna debla stabala koja ve\u0107 desetlje\u0107ima prkose vodi<a class=\"more-link\" href=\"https:\/\/zirzen.com\/en\/planet-kruscica\/\">Continue reading <span class=\"screen-reader-text\">&#8220;Planet Kru\u0161\u010dica&#8221;<\/span><\/a><\/p>","protected":false},"author":1,"featured_media":0,"parent":0,"menu_order":0,"comment_status":"closed","ping_status":"closed","template":"","meta":{"_monsterinsights_skip_tracking":false,"_monsterinsights_sitenote_active":false,"_monsterinsights_sitenote_note":"","_monsterinsights_sitenote_category":0,"footnotes":""},"class_list":["post-3545","page","type-page","status-publish","hentry","entry"],"yoast_head":"<!-- This site is optimized with the Yoast SEO plugin v20.13 - https:\/\/yoast.com\/wordpress\/plugins\/seo\/ -->\n<title>Planet Kru\u0161\u010dica - Zir Zen<\/title>\n<meta name=\"robots\" content=\"index, follow, max-snippet:-1, max-image-preview:large, max-video-preview:-1\" \/>\n<link rel=\"canonical\" href=\"https:\/\/zirzen.com\/en\/planet-kruscica\/\" \/>\n<meta property=\"og:locale\" content=\"en_US\" \/>\n<meta property=\"og:type\" content=\"article\" \/>\n<meta property=\"og:title\" content=\"Planet Kru\u0161\u010dica - Zir Zen\" \/>\n<meta property=\"og:description\" content=\"Planet Kru\u0161\u010dica Vrijeme: 60 min Klinci: DaPsi: Da Mars se pribli\u017ei Zemlji svake dvije godine i to je najbolje vrijeme za posjet ovom planetarnom susjedu. Vrijeme za posjet planetu Kru\u0161\u010dici je svake godine, ljeti, kada jezero gotovo presu\u0161i. Tada iz vode na sunce izranjaju kamene strukture i be\u017eivotna debla stabala koja ve\u0107 desetlje\u0107ima prkose vodiContinue reading &quot;Planet Kru\u0161\u010dica&quot;\" \/>\n<meta property=\"og:url\" content=\"https:\/\/zirzen.com\/en\/planet-kruscica\/\" \/>\n<meta property=\"og:site_name\" content=\"Zir Zen\" \/>\n<meta property=\"article:modified_time\" content=\"2023-10-10T20:03:22+00:00\" \/>\n<meta property=\"og:image\" content=\"https:\/\/zirzen.com\/wp-content\/uploads\/2023\/08\/Drugi-planet-1024x767.jpeg\" \/>\n<meta name=\"twitter:card\" content=\"summary_large_image\" \/>\n<meta name=\"twitter:label1\" content=\"Est. reading time\" \/>\n\t<meta name=\"twitter:data1\" content=\"2 minutes\" \/>\n<script type=\"application\/ld+json\" class=\"yoast-schema-graph\">{\"@context\":\"https:\/\/schema.org\",\"@graph\":[{\"@type\":\"WebPage\",\"@id\":\"https:\/\/zirzen.com\/planet-kruscica\/\",\"url\":\"https:\/\/zirzen.com\/planet-kruscica\/\",\"name\":\"Planet Kru\u0161\u010dica - Zir Zen\",\"isPartOf\":{\"@id\":\"https:\/\/zirzen.com\/#website\"},\"datePublished\":\"2023-09-20T12:01:24+00:00\",\"dateModified\":\"2023-10-10T20:03:22+00:00\",\"breadcrumb\":{\"@id\":\"https:\/\/zirzen.com\/planet-kruscica\/#breadcrumb\"},\"inLanguage\":\"en-US\",\"potentialAction\":[{\"@type\":\"ReadAction\",\"target\":[\"https:\/\/zirzen.com\/planet-kruscica\/\"]}]},{\"@type\":\"BreadcrumbList\",\"@id\":\"https:\/\/zirzen.com\/planet-kruscica\/#breadcrumb\",\"itemListElement\":[{\"@type\":\"ListItem\",\"position\":1,\"name\":\"Home\",\"item\":\"https:\/\/zirzen.com\/\"},{\"@type\":\"ListItem\",\"position\":2,\"name\":\"Planet Kru\u0161\u010dica\"}]},{\"@type\":\"WebSite\",\"@id\":\"https:\/\/zirzen.com\/#website\",\"url\":\"https:\/\/zirzen.com\/\",\"name\":\"Zir Zen\",\"description\":\"Jebi ga, kad smo ve\u0107 u Lovincu\",\"publisher\":{\"@id\":\"https:\/\/zirzen.com\/#organization\"},\"potentialAction\":[{\"@type\":\"SearchAction\",\"target\":{\"@type\":\"EntryPoint\",\"urlTemplate\":\"https:\/\/zirzen.com\/?s={search_term_string}\"},\"query-input\":\"required name=search_term_string\"}],\"inLanguage\":\"en-US\"},{\"@type\":\"Organization\",\"@id\":\"https:\/\/zirzen.com\/#organization\",\"name\":\"Zir Zen\",\"url\":\"https:\/\/zirzen.com\/\",\"logo\":{\"@type\":\"ImageObject\",\"inLanguage\":\"en-US\",\"@id\":\"https:\/\/zirzen.com\/#\/schema\/logo\/image\/\",\"url\":\"https:\/\/zirzen.com\/wp-content\/uploads\/2023\/07\/cropped-Picture1.png\",\"contentUrl\":\"https:\/\/zirzen.com\/wp-content\/uploads\/2023\/07\/cropped-Picture1.png\",\"width\":512,\"height\":512,\"caption\":\"Zir Zen\"},\"image\":{\"@id\":\"https:\/\/zirzen.com\/#\/schema\/logo\/image\/\"}}]}<\/script>\n<!-- \/ Yoast SEO plugin. -->","yoast_head_json":{"title":"Planet Kru\u0161\u010dica - Zir Zen","robots":{"index":"index","follow":"follow","max-snippet":"max-snippet:-1","max-image-preview":"max-image-preview:large","max-video-preview":"max-video-preview:-1"},"canonical":"https:\/\/zirzen.com\/en\/planet-kruscica\/","og_locale":"en_US","og_type":"article","og_title":"Planet Kru\u0161\u010dica - Zir Zen","og_description":"Planet Kru\u0161\u010dica Vrijeme: 60 min Klinci: DaPsi: Da Mars se pribli\u017ei Zemlji svake dvije godine i to je najbolje vrijeme za posjet ovom planetarnom susjedu. Vrijeme za posjet planetu Kru\u0161\u010dici je svake godine, ljeti, kada jezero gotovo presu\u0161i. Tada iz vode na sunce izranjaju kamene strukture i be\u017eivotna debla stabala koja ve\u0107 desetlje\u0107ima prkose vodiContinue reading \"Planet Kru\u0161\u010dica\"","og_url":"https:\/\/zirzen.com\/en\/planet-kruscica\/","og_site_name":"Zir Zen","article_modified_time":"2023-10-10T20:03:22+00:00","og_image":[{"url":"https:\/\/zirzen.com\/wp-content\/uploads\/2023\/08\/Drugi-planet-1024x767.jpeg"}],"twitter_card":"summary_large_image","twitter_misc":{"Est. reading time":"2 minutes"},"schema":{"@context":"https:\/\/schema.org","@graph":[{"@type":"WebPage","@id":"https:\/\/zirzen.com\/planet-kruscica\/","url":"https:\/\/zirzen.com\/planet-kruscica\/","name":"Planet Kru\u0161\u010dica - Zir Zen","isPartOf":{"@id":"https:\/\/zirzen.com\/#website"},"datePublished":"2023-09-20T12:01:24+00:00","dateModified":"2023-10-10T20:03:22+00:00","breadcrumb":{"@id":"https:\/\/zirzen.com\/planet-kruscica\/#breadcrumb"},"inLanguage":"en-US","potentialAction":[{"@type":"ReadAction","target":["https:\/\/zirzen.com\/planet-kruscica\/"]}]},{"@type":"BreadcrumbList","@id":"https:\/\/zirzen.com\/planet-kruscica\/#breadcrumb","itemListElement":[{"@type":"ListItem","position":1,"name":"Home","item":"https:\/\/zirzen.com\/"},{"@type":"ListItem","position":2,"name":"Planet Kru\u0161\u010dica"}]},{"@type":"WebSite","@id":"https:\/\/zirzen.com\/#website","url":"https:\/\/zirzen.com\/","name":"Zir Zen","description":"Jebi ga, kad smo ve\u0107 u Lovincu","publisher":{"@id":"https:\/\/zirzen.com\/#organization"},"potentialAction":[{"@type":"SearchAction","target":{"@type":"EntryPoint","urlTemplate":"https:\/\/zirzen.com\/?s={search_term_string}"},"query-input":"required name=search_term_string"}],"inLanguage":"en-US"},{"@type":"Organization","@id":"https:\/\/zirzen.com\/#organization","name":"Zir Zen","url":"https:\/\/zirzen.com\/","logo":{"@type":"ImageObject","inLanguage":"en-US","@id":"https:\/\/zirzen.com\/#\/schema\/logo\/image\/","url":"https:\/\/zirzen.com\/wp-content\/uploads\/2023\/07\/cropped-Picture1.png","contentUrl":"https:\/\/zirzen.com\/wp-content\/uploads\/2023\/07\/cropped-Picture1.png","width":512,"height":512,"caption":"Zir Zen"},"image":{"@id":"https:\/\/zirzen.com\/#\/schema\/logo\/image\/"}}]}},"_links":{"self":[{"href":"https:\/\/zirzen.com\/en\/wp-json\/wp\/v2\/pages\/3545","targetHints":{"allow":["GET"]}}],"collection":[{"href":"https:\/\/zirzen.com\/en\/wp-json\/wp\/v2\/pages"}],"about":[{"href":"https:\/\/zirzen.com\/en\/wp-json\/wp\/v2\/types\/page"}],"author":[{"embeddable":true,"href":"https:\/\/zirzen.com\/en\/wp-json\/wp\/v2\/users\/1"}],"replies":[{"embeddable":true,"href":"https:\/\/zirzen.com\/en\/wp-json\/wp\/v2\/comments?post=3545"}],"version-history":[{"count":16,"href":"https:\/\/zirzen.com\/en\/wp-json\/wp\/v2\/pages\/3545\/revisions"}],"predecessor-version":[{"id":4272,"href":"https:\/\/zirzen.com\/en\/wp-json\/wp\/v2\/pages\/3545\/revisions\/4272"}],"wp:attachment":[{"href":"https:\/\/zirzen.com\/en\/wp-json\/wp\/v2\/media?parent=3545"}],"curies":[{"name":"wp","href":"https:\/\/api.w.org\/{rel}","templated":true}]}}