{"id":3562,"date":"2023-09-20T21:39:14","date_gmt":"2023-09-20T19:39:14","guid":{"rendered":"https:\/\/zirzen.com\/?page_id=3562"},"modified":"2023-10-10T21:57:58","modified_gmt":"2023-10-10T19:57:58","slug":"djela-kristiana-krekovica","status":"publish","type":"page","link":"https:\/\/zirzen.com\/en\/djela-kristiana-krekovica\/","title":{"rendered":"The works of Kristian Krekovi\u0107"},"content":{"rendered":"<h2 class=\"wp-block-heading has-text-align-center\">The works of Kristian Krekovi\u0107<\/h2>\n\n\n\n<div class=\"wp-block-columns is-layout-flex wp-container-core-columns-is-layout-28f84493 wp-block-columns-is-layout-flex\">\n<div class=\"wp-block-column is-layout-flow wp-block-column-is-layout-flow\" style=\"flex-basis:33.33%\">\n<div class=\"wp-block-group attraction-left-side\"><div class=\"wp-block-group__inner-container is-layout-constrained wp-block-group-is-layout-constrained\">\n<figure class=\"wp-block-image size-large agl agl-fadeCSS agl-in-distance-1\"><img loading=\"lazy\" decoding=\"async\" width=\"1024\" height=\"767\" src=\"https:\/\/zirzen.com\/wp-content\/uploads\/2023\/09\/Kristijan-Krekovic-1024x767.jpeg\" alt=\"\" class=\"wp-image-3468\" srcset=\"https:\/\/zirzen.com\/wp-content\/uploads\/2023\/09\/Kristijan-Krekovic-1024x767.jpeg 1024w, https:\/\/zirzen.com\/wp-content\/uploads\/2023\/09\/Kristijan-Krekovic-300x225.jpeg 300w, https:\/\/zirzen.com\/wp-content\/uploads\/2023\/09\/Kristijan-Krekovic-768x575.jpeg 768w, https:\/\/zirzen.com\/wp-content\/uploads\/2023\/09\/Kristijan-Krekovic-1536x1151.jpeg 1536w, https:\/\/zirzen.com\/wp-content\/uploads\/2023\/09\/Kristijan-Krekovic-2048x1534.jpeg 2048w, https:\/\/zirzen.com\/wp-content\/uploads\/2023\/09\/Kristijan-Krekovic-16x12.jpeg 16w, https:\/\/zirzen.com\/wp-content\/uploads\/2023\/09\/Kristijan-Krekovic-1568x1175.jpeg 1568w\" sizes=\"auto, (max-width: 1024px) 100vw, 1024px\" \/><\/figure>\n\n\n\n<p class=\"has-text-align-center attraction-links has-small-font-size\"><a href=\"https:\/\/www.facebook.com\/NarodnaknjiznicaOpcinePerusic\" target=\"_blank\" rel=\"noreferrer noopener\"><i class=\"fab fa-facebook\"><\/i><\/a><\/p>\n<\/div><\/div>\n\n\n\n<p class=\"has-text-align-left has-small-font-size\"><strong>Time:<\/strong> 36 min <i class=\"fas fa-car\"><\/i><br><strong>Kids:<\/strong> Yes<br><strong>Dogs:<\/strong> Yes<\/p>\n\n\n\n<hr class=\"wp-block-separator has-alpha-channel-opacity\"\/>\n\n\n\n<div class=\"wp-block-buttons has-custom-font-size has-small-font-size agl agl-wipeCSS agl-in-distance-1 is-content-justification-center is-layout-flex wp-container-core-buttons-is-layout-a89b3969 wp-block-buttons-is-layout-flex\">\n<div class=\"wp-block-button is-style-fill\"><a class=\"wp-block-button__link has-foreground-color has-text-color has-background wp-element-button\" style=\"border-radius:16px;background-color:#d7d7d7;padding-top:10px;padding-right:10px;padding-bottom:10px;padding-left:10px\"><i class=\"fas fa-palette\"><\/i><\/a><\/div>\n<\/div>\n<\/div>\n\n\n\n<div class=\"wp-block-column is-layout-flow wp-block-column-is-layout-flow\" style=\"flex-basis:66.66%\">\n<p class=\"has-small-font-size\">This is very interesting! First, Kristian Krekovi\u0107's motives are very, in fact, completely atypical for Lika. Secondly, his works are not in the museum, but in the National Library and the Town Hall of the Peru\u0161i\u0107 Municipality. <\/p>\n\n\n\n<p class=\"has-small-font-size\">Maybe at first glance the location looks inappropriate, but I think it has some advantages. If the oil paintings (33 of them) were in a museum in Peru\u0161i\u0107, the question is how many people would see them. I got to know them precisely through the municipal hall, where I have been countless times due to work. On one such occasion, Nikola and Matea were interested members of the public at a session of the Committee for Strategic Studies and thus became my photo models. They are very excited to end up in the guide.<\/p>\n\n\n\n<p class=\"has-small-font-size\">Kristian was born in the village of Koprivna in Bosnia and Herzegovina, and died in Palma de Mallorca. Of course, now you are wondering what he has to do with Peru\u0161i\u0107. His father, Roko, was born in Peru\u0161i\u0107, which those who know this area, thanks to his surname, could immediately guess.<\/p>\n\n\n\n<p class=\"has-small-font-size\">If you are in Palma de Mallorca, go to the \"Museu Krekovi\u0107\" gallery. If you are in Peru\u0161i\u0107, contact the library and they will gladly take you through the exhibition.<\/p>\n<\/div>\n<\/div>\n\n\n\n<div class=\"wp-block-group has-background has-small-font-size\" style=\"background-color:#f1f1f1\"><div class=\"wp-block-group__inner-container is-layout-constrained wp-block-group-is-layout-constrained\">\n<div class=\"leaflet-map WPLeafletMap\" style=\"height:450px; width:100%;\"><\/div><script>\nwindow.WPLeafletMapPlugin = window.WPLeafletMapPlugin || [];\nwindow.WPLeafletMapPlugin.push(function WPLeafletMapShortcode() {\/*<script>*\/\nvar baseUrl = atob('aHR0cHM6Ly97c30udGlsZS5vcGVuc3RyZWV0bWFwLm9yZy97en0ve3h9L3t5fS5wbmc=');\nvar base = (!baseUrl && window.MQ) ? \n    window.MQ.mapLayer() : L.tileLayer(baseUrl, \n        L.Util.extend({}, {\n            detectRetina: 0,\n        }, \n        {\"subdomains\":\"abc\",\"noWrap\":false}        )\n    );\n    var options = L.Util.extend({}, {\n        layers: [base],\n        attributionControl: false\n    }, \n    {\"zoomControl\":true,\"scrollWheelZoom\":true,\"doubleClickZoom\":false,\"fitBounds\":false,\"minZoom\":0,\"maxZoom\":19,\"maxBounds\":null,\"attribution\":\"<a href=\\\"http:\\\/\\\/leafletjs.com\\\" title=\\\"A JS library for interactive maps\\\">Leaflet<\\\/a>; \\u00a9 <a href=\\\"http:\\\/\\\/www.openstreetmap.org\\\/copyright\\\">OpenStreetMap<\\\/a> contributors\"}, \n    {});\nwindow.WPLeafletMapPlugin.createMap(options).setView([44.649765812314,15.382818592706],13);});<\/script>\n\n<script>\nwindow.WPLeafletMapPlugin = window.WPLeafletMapPlugin || [];\nwindow.WPLeafletMapPlugin.push(function WPLeafletMarkerShortcode() {\/*<script>*\/\nvar map = window.WPLeafletMapPlugin.getCurrentMap();\nvar group = window.WPLeafletMapPlugin.getCurrentGroup();\nvar marker_options = window.WPLeafletMapPlugin.getIconOptions({\"svg\":true,\"background\":\"brown\",\"iconClass\":\"fas fa-palette\",\"color\":\"white\"});\nvar marker = new L.SVGMarker(\n    [44.649765812314,15.382818592706], \n    marker_options\n);\nvar is_image = map.is_image_map;\nif (marker_options.draggable) {\n    marker.on('dragend', function () {\n        var latlng = this.getLatLng();\n        var lat = latlng.lat;\n        var lng = latlng.lng;\n        if (is_image) {\n            console.log('leaflet-marker y=' + lat + ' x=' + lng);\n        } else {\n            console.log('leaflet-marker lat=' + lat + ' lng=' + lng);\n        }\n    });\n}\nmarker.addTo( group );\nmarker.bindPopup(window.WPLeafletMapPlugin.unescape('Djela Kristiana Krekovi\u0107a'));window.WPLeafletMapPlugin.markers.push( marker );\n        });<\/script>\n<\/div><\/div>","protected":false},"excerpt":{"rendered":"<p>Djela Kristiana Krekovi\u0107a Vrijeme: 36 min Klinci: DaPsi: Da Ovo je jako zanimljivo! Prvo, motivi Kristiana Krekovi\u0107a su vrlo, zapravo, potpuno netipi\u010dni za Liku. Drugo, njegova djela se ne nalaze u muzeju, nego u Narodnoj knji\u017enici i Vije\u0107nici Op\u0107ine Peru\u0161i\u0107. Mo\u017eda na prvu ruku lokacija izgleda neprimjereno, no mislim da ima i nekih prednosti. Da<a class=\"more-link\" href=\"https:\/\/zirzen.com\/en\/djela-kristiana-krekovica\/\">Continue reading <span class=\"screen-reader-text\">&#8220;Djela Kristiana Krekovi\u0107a&#8221;<\/span><\/a><\/p>","protected":false},"author":1,"featured_media":0,"parent":0,"menu_order":0,"comment_status":"closed","ping_status":"closed","template":"","meta":{"_monsterinsights_skip_tracking":false,"_monsterinsights_sitenote_active":false,"_monsterinsights_sitenote_note":"","_monsterinsights_sitenote_category":0,"footnotes":""},"class_list":["post-3562","page","type-page","status-publish","hentry","entry"],"yoast_head":"<!-- This site is optimized with the Yoast SEO plugin v20.13 - https:\/\/yoast.com\/wordpress\/plugins\/seo\/ -->\n<title>Djela Kristiana Krekovi\u0107a - Zir Zen<\/title>\n<meta name=\"robots\" content=\"index, follow, max-snippet:-1, max-image-preview:large, max-video-preview:-1\" \/>\n<link rel=\"canonical\" href=\"https:\/\/zirzen.com\/en\/djela-kristiana-krekovica\/\" \/>\n<meta property=\"og:locale\" content=\"en_US\" \/>\n<meta property=\"og:type\" content=\"article\" \/>\n<meta property=\"og:title\" content=\"Djela Kristiana Krekovi\u0107a - Zir Zen\" \/>\n<meta property=\"og:description\" content=\"Djela Kristiana Krekovi\u0107a Vrijeme: 36 min Klinci: DaPsi: Da Ovo je jako zanimljivo! Prvo, motivi Kristiana Krekovi\u0107a su vrlo, zapravo, potpuno netipi\u010dni za Liku. Drugo, njegova djela se ne nalaze u muzeju, nego u Narodnoj knji\u017enici i Vije\u0107nici Op\u0107ine Peru\u0161i\u0107. Mo\u017eda na prvu ruku lokacija izgleda neprimjereno, no mislim da ima i nekih prednosti. DaContinue reading &quot;Djela Kristiana Krekovi\u0107a&quot;\" \/>\n<meta property=\"og:url\" content=\"https:\/\/zirzen.com\/en\/djela-kristiana-krekovica\/\" \/>\n<meta property=\"og:site_name\" content=\"Zir Zen\" \/>\n<meta property=\"article:modified_time\" content=\"2023-10-10T19:57:58+00:00\" \/>\n<meta property=\"og:image\" content=\"https:\/\/zirzen.com\/wp-content\/uploads\/2023\/09\/Kristijan-Krekovic-1024x767.jpeg\" \/>\n<meta name=\"twitter:card\" content=\"summary_large_image\" \/>\n<meta name=\"twitter:label1\" content=\"Est. reading time\" \/>\n\t<meta name=\"twitter:data1\" content=\"2 minutes\" \/>\n<script type=\"application\/ld+json\" class=\"yoast-schema-graph\">{\"@context\":\"https:\/\/schema.org\",\"@graph\":[{\"@type\":\"WebPage\",\"@id\":\"https:\/\/zirzen.com\/djela-kristiana-krekovica\/\",\"url\":\"https:\/\/zirzen.com\/djela-kristiana-krekovica\/\",\"name\":\"Djela Kristiana Krekovi\u0107a - Zir Zen\",\"isPartOf\":{\"@id\":\"https:\/\/zirzen.com\/#website\"},\"datePublished\":\"2023-09-20T19:39:14+00:00\",\"dateModified\":\"2023-10-10T19:57:58+00:00\",\"breadcrumb\":{\"@id\":\"https:\/\/zirzen.com\/djela-kristiana-krekovica\/#breadcrumb\"},\"inLanguage\":\"en-US\",\"potentialAction\":[{\"@type\":\"ReadAction\",\"target\":[\"https:\/\/zirzen.com\/djela-kristiana-krekovica\/\"]}]},{\"@type\":\"BreadcrumbList\",\"@id\":\"https:\/\/zirzen.com\/djela-kristiana-krekovica\/#breadcrumb\",\"itemListElement\":[{\"@type\":\"ListItem\",\"position\":1,\"name\":\"Home\",\"item\":\"https:\/\/zirzen.com\/\"},{\"@type\":\"ListItem\",\"position\":2,\"name\":\"Djela Kristiana Krekovi\u0107a\"}]},{\"@type\":\"WebSite\",\"@id\":\"https:\/\/zirzen.com\/#website\",\"url\":\"https:\/\/zirzen.com\/\",\"name\":\"Zir Zen\",\"description\":\"Jebi ga, kad smo ve\u0107 u Lovincu\",\"publisher\":{\"@id\":\"https:\/\/zirzen.com\/#organization\"},\"potentialAction\":[{\"@type\":\"SearchAction\",\"target\":{\"@type\":\"EntryPoint\",\"urlTemplate\":\"https:\/\/zirzen.com\/?s={search_term_string}\"},\"query-input\":\"required name=search_term_string\"}],\"inLanguage\":\"en-US\"},{\"@type\":\"Organization\",\"@id\":\"https:\/\/zirzen.com\/#organization\",\"name\":\"Zir Zen\",\"url\":\"https:\/\/zirzen.com\/\",\"logo\":{\"@type\":\"ImageObject\",\"inLanguage\":\"en-US\",\"@id\":\"https:\/\/zirzen.com\/#\/schema\/logo\/image\/\",\"url\":\"https:\/\/zirzen.com\/wp-content\/uploads\/2023\/07\/cropped-Picture1.png\",\"contentUrl\":\"https:\/\/zirzen.com\/wp-content\/uploads\/2023\/07\/cropped-Picture1.png\",\"width\":512,\"height\":512,\"caption\":\"Zir Zen\"},\"image\":{\"@id\":\"https:\/\/zirzen.com\/#\/schema\/logo\/image\/\"}}]}<\/script>\n<!-- \/ Yoast SEO plugin. -->","yoast_head_json":{"title":"Djela Kristiana Krekovi\u0107a - Zir Zen","robots":{"index":"index","follow":"follow","max-snippet":"max-snippet:-1","max-image-preview":"max-image-preview:large","max-video-preview":"max-video-preview:-1"},"canonical":"https:\/\/zirzen.com\/en\/djela-kristiana-krekovica\/","og_locale":"en_US","og_type":"article","og_title":"Djela Kristiana Krekovi\u0107a - Zir Zen","og_description":"Djela Kristiana Krekovi\u0107a Vrijeme: 36 min Klinci: DaPsi: Da Ovo je jako zanimljivo! Prvo, motivi Kristiana Krekovi\u0107a su vrlo, zapravo, potpuno netipi\u010dni za Liku. Drugo, njegova djela se ne nalaze u muzeju, nego u Narodnoj knji\u017enici i Vije\u0107nici Op\u0107ine Peru\u0161i\u0107. Mo\u017eda na prvu ruku lokacija izgleda neprimjereno, no mislim da ima i nekih prednosti. DaContinue reading \"Djela Kristiana Krekovi\u0107a\"","og_url":"https:\/\/zirzen.com\/en\/djela-kristiana-krekovica\/","og_site_name":"Zir Zen","article_modified_time":"2023-10-10T19:57:58+00:00","og_image":[{"url":"https:\/\/zirzen.com\/wp-content\/uploads\/2023\/09\/Kristijan-Krekovic-1024x767.jpeg"}],"twitter_card":"summary_large_image","twitter_misc":{"Est. reading time":"2 minutes"},"schema":{"@context":"https:\/\/schema.org","@graph":[{"@type":"WebPage","@id":"https:\/\/zirzen.com\/djela-kristiana-krekovica\/","url":"https:\/\/zirzen.com\/djela-kristiana-krekovica\/","name":"Djela Kristiana Krekovi\u0107a - Zir Zen","isPartOf":{"@id":"https:\/\/zirzen.com\/#website"},"datePublished":"2023-09-20T19:39:14+00:00","dateModified":"2023-10-10T19:57:58+00:00","breadcrumb":{"@id":"https:\/\/zirzen.com\/djela-kristiana-krekovica\/#breadcrumb"},"inLanguage":"en-US","potentialAction":[{"@type":"ReadAction","target":["https:\/\/zirzen.com\/djela-kristiana-krekovica\/"]}]},{"@type":"BreadcrumbList","@id":"https:\/\/zirzen.com\/djela-kristiana-krekovica\/#breadcrumb","itemListElement":[{"@type":"ListItem","position":1,"name":"Home","item":"https:\/\/zirzen.com\/"},{"@type":"ListItem","position":2,"name":"Djela Kristiana Krekovi\u0107a"}]},{"@type":"WebSite","@id":"https:\/\/zirzen.com\/#website","url":"https:\/\/zirzen.com\/","name":"Zir Zen","description":"Jebi ga, kad smo ve\u0107 u Lovincu","publisher":{"@id":"https:\/\/zirzen.com\/#organization"},"potentialAction":[{"@type":"SearchAction","target":{"@type":"EntryPoint","urlTemplate":"https:\/\/zirzen.com\/?s={search_term_string}"},"query-input":"required name=search_term_string"}],"inLanguage":"en-US"},{"@type":"Organization","@id":"https:\/\/zirzen.com\/#organization","name":"Zir Zen","url":"https:\/\/zirzen.com\/","logo":{"@type":"ImageObject","inLanguage":"en-US","@id":"https:\/\/zirzen.com\/#\/schema\/logo\/image\/","url":"https:\/\/zirzen.com\/wp-content\/uploads\/2023\/07\/cropped-Picture1.png","contentUrl":"https:\/\/zirzen.com\/wp-content\/uploads\/2023\/07\/cropped-Picture1.png","width":512,"height":512,"caption":"Zir Zen"},"image":{"@id":"https:\/\/zirzen.com\/#\/schema\/logo\/image\/"}}]}},"_links":{"self":[{"href":"https:\/\/zirzen.com\/en\/wp-json\/wp\/v2\/pages\/3562","targetHints":{"allow":["GET"]}}],"collection":[{"href":"https:\/\/zirzen.com\/en\/wp-json\/wp\/v2\/pages"}],"about":[{"href":"https:\/\/zirzen.com\/en\/wp-json\/wp\/v2\/types\/page"}],"author":[{"embeddable":true,"href":"https:\/\/zirzen.com\/en\/wp-json\/wp\/v2\/users\/1"}],"replies":[{"embeddable":true,"href":"https:\/\/zirzen.com\/en\/wp-json\/wp\/v2\/comments?post=3562"}],"version-history":[{"count":6,"href":"https:\/\/zirzen.com\/en\/wp-json\/wp\/v2\/pages\/3562\/revisions"}],"predecessor-version":[{"id":4258,"href":"https:\/\/zirzen.com\/en\/wp-json\/wp\/v2\/pages\/3562\/revisions\/4258"}],"wp:attachment":[{"href":"https:\/\/zirzen.com\/en\/wp-json\/wp\/v2\/media?parent=3562"}],"curies":[{"name":"wp","href":"https:\/\/api.w.org\/{rel}","templated":true}]}}