{"id":3595,"date":"2023-09-21T20:59:38","date_gmt":"2023-09-21T18:59:38","guid":{"rendered":"https:\/\/zirzen.com\/?page_id=3595"},"modified":"2023-10-10T21:53:40","modified_gmt":"2023-10-10T19:53:40","slug":"stulica-kula","status":"publish","type":"page","link":"https:\/\/zirzen.com\/en\/stulica-kula\/","title":{"rendered":"\u0160tuli\u0107 tower"},"content":{"rendered":"<h2 class=\"wp-block-heading has-text-align-center\">\u0160tuli\u0107 tower<\/h2>\n\n\n\n<div class=\"wp-block-columns is-layout-flex wp-container-core-columns-is-layout-28f84493 wp-block-columns-is-layout-flex\">\n<div class=\"wp-block-column is-layout-flow wp-block-column-is-layout-flow\" style=\"flex-basis:33.33%\">\n<div class=\"wp-block-group attraction-left-side\"><div class=\"wp-block-group__inner-container is-layout-constrained wp-block-group-is-layout-constrained\">\n<figure class=\"wp-block-image size-large agl agl-fadeCSS agl-in-distance-1\"><img loading=\"lazy\" decoding=\"async\" width=\"1024\" height=\"769\" src=\"https:\/\/zirzen.com\/wp-content\/uploads\/2023\/09\/Stulica-kula-1024x769.jpeg\" alt=\"\" class=\"wp-image-3597\" srcset=\"https:\/\/zirzen.com\/wp-content\/uploads\/2023\/09\/Stulica-kula-1024x769.jpeg 1024w, https:\/\/zirzen.com\/wp-content\/uploads\/2023\/09\/Stulica-kula-300x225.jpeg 300w, https:\/\/zirzen.com\/wp-content\/uploads\/2023\/09\/Stulica-kula-768x577.jpeg 768w, https:\/\/zirzen.com\/wp-content\/uploads\/2023\/09\/Stulica-kula-1536x1153.jpeg 1536w, https:\/\/zirzen.com\/wp-content\/uploads\/2023\/09\/Stulica-kula-2048x1538.jpeg 2048w, https:\/\/zirzen.com\/wp-content\/uploads\/2023\/09\/Stulica-kula-16x12.jpeg 16w, https:\/\/zirzen.com\/wp-content\/uploads\/2023\/09\/Stulica-kula-1568x1177.jpeg 1568w\" sizes=\"auto, (max-width: 1024px) 100vw, 1024px\" \/><\/figure>\n<\/div><\/div>\n\n\n\n<p class=\"has-text-align-left has-small-font-size\"><strong>Time:<\/strong> 12 min <i class=\"fas fa-car\"><\/i> + 10 min <i class=\"fas fa-person-hiking\"><\/i><br><strong>Kids:<\/strong> Yes<br><strong>Dogs:<\/strong> Yes<\/p>\n\n\n\n<hr class=\"wp-block-separator has-alpha-channel-opacity\"\/>\n\n\n\n<div class=\"wp-block-buttons has-custom-font-size has-small-font-size agl agl-wipeCSS agl-in-distance-1 is-content-justification-center is-layout-flex wp-container-core-buttons-is-layout-a89b3969 wp-block-buttons-is-layout-flex\">\n<div class=\"wp-block-button is-style-fill\"><a class=\"wp-block-button__link has-foreground-color has-text-color has-background wp-element-button\" style=\"border-radius:16px;background-color:#d7d7d7;padding-top:10px;padding-right:10px;padding-bottom:10px;padding-left:10px\"><i class=\"fab fa-fort-awesome\"><\/i><\/a><\/div>\n\n\n\n<div class=\"wp-block-button is-style-fill\"><a class=\"wp-block-button__link has-foreground-color has-text-color has-background wp-element-button\" style=\"border-radius:16px;background-color:#d7d7d7;padding-top:10px;padding-right:10px;padding-bottom:10px;padding-left:10px\"><i class=\"fas fa-clock-rotate-left\"><\/i><\/a><\/div>\n<\/div>\n<\/div>\n\n\n\n<div class=\"wp-block-column is-layout-flow wp-block-column-is-layout-flow\" style=\"flex-basis:66.66%\">\n<p class=\"has-small-font-size\">Although it can be seen quite nicely from the road and the surrounding meadows, views mostly bypass the \u0160tuli\u0107 tower (\u0160tuli\u0107a kula), because few people drive through Gornja plo\u010da. Of course, you know I'm talking about a settlement, not a freeway exit.<\/p>\n\n\n\n<p class=\"has-small-font-size\">The tower was most likely built in the 16th or 17th century by the Turks to protect themselves from invasions from Senj. They had no idea that it would become a protected cultural asset and the best preserved Turkish tower in Lika . When I meet some Turks, I will tell them what eventually happened to the tower. They will surely be glad.<\/p>\n\n\n\n<p class=\"has-small-font-size\">The surroundings of the \u0160tuli\u0107 tower are interspersed with a multitude of paths and what resemble paths, but in the end none of them turn out to be a good choice. I assume that, since there is no marked path, people are walking around like flies trying to find the right path.<\/p>\n\n\n\n<p class=\"has-small-font-size\">I came along the forest road from Malinovac (a group of houses before the \u0160tuli\u0107 tower from the direction of Gornja plo\u010da) and descended over interesting boulders to the tower itself.<\/p>\n<\/div>\n<\/div>\n\n\n\n<div class=\"wp-block-group has-background has-small-font-size\" style=\"background-color:#f1f1f1\"><div class=\"wp-block-group__inner-container is-layout-constrained wp-block-group-is-layout-constrained\">\n<div class=\"leaflet-map WPLeafletMap\" style=\"height:450px; width:100%;\"><\/div><script>\nwindow.WPLeafletMapPlugin = window.WPLeafletMapPlugin || [];\nwindow.WPLeafletMapPlugin.push(function WPLeafletMapShortcode() {\/*<script>*\/\nvar baseUrl = atob('aHR0cHM6Ly97c30udGlsZS5vcGVuc3RyZWV0bWFwLm9yZy97en0ve3h9L3t5fS5wbmc=');\nvar base = (!baseUrl && window.MQ) ? \n    window.MQ.mapLayer() : L.tileLayer(baseUrl, \n        L.Util.extend({}, {\n            detectRetina: 0,\n        }, \n        {\"subdomains\":\"abc\",\"noWrap\":false}        )\n    );\n    var options = L.Util.extend({}, {\n        layers: [base],\n        attributionControl: false\n    }, \n    {\"zoomControl\":true,\"scrollWheelZoom\":true,\"doubleClickZoom\":false,\"fitBounds\":false,\"minZoom\":0,\"maxZoom\":19,\"maxBounds\":null,\"attribution\":\"<a href=\\\"http:\\\/\\\/leafletjs.com\\\" title=\\\"A JS library for interactive maps\\\">Leaflet<\\\/a>; \\u00a9 <a href=\\\"http:\\\/\\\/www.openstreetmap.org\\\/copyright\\\">OpenStreetMap<\\\/a> contributors\"}, \n    {});\nwindow.WPLeafletMapPlugin.createMap(options).setView([44.467628802503,15.641870884065],13);});<\/script> \n\n<script>\nwindow.WPLeafletMapPlugin = window.WPLeafletMapPlugin || [];\nwindow.WPLeafletMapPlugin.push(function WPLeafletMarkerShortcode() {\/*<script>*\/\nvar map = window.WPLeafletMapPlugin.getCurrentMap();\nvar group = window.WPLeafletMapPlugin.getCurrentGroup();\nvar marker_options = window.WPLeafletMapPlugin.getIconOptions({\"svg\":true,\"background\":\"brown\",\"iconClass\":\"fas fa-gopuram\",\"color\":\"white\"});\nvar marker = new L.SVGMarker(\n    [44.467628802503,15.641870884065], \n    marker_options\n);\nvar is_image = map.is_image_map;\nif (marker_options.draggable) {\n    marker.on('dragend', function () {\n        var latlng = this.getLatLng();\n        var lat = latlng.lat;\n        var lng = latlng.lng;\n        if (is_image) {\n            console.log('leaflet-marker y=' + lat + ' x=' + lng);\n        } else {\n            console.log('leaflet-marker lat=' + lat + ' lng=' + lng);\n        }\n    });\n}\nmarker.addTo( group );\nmarker.bindPopup(window.WPLeafletMapPlugin.unescape('\u0160tuli\u0107a kula'));window.WPLeafletMapPlugin.markers.push( marker );\n        });<\/script> \n\n<script>\nwindow.WPLeafletMapPlugin = window.WPLeafletMapPlugin || [];\nwindow.WPLeafletMapPlugin.push(function WPLeafletMarkerShortcode() {\/*<script>*\/\nvar map = window.WPLeafletMapPlugin.getCurrentMap();\nvar group = window.WPLeafletMapPlugin.getCurrentGroup();\nvar marker_options = window.WPLeafletMapPlugin.getIconOptions({\"svg\":true,\"background\":\"grey\",\"iconClass\":\"fas fa-parking\",\"color\":\"white\"});\nvar marker = new L.SVGMarker(\n    [44.464702391303,15.644131787949], \n    marker_options\n);\nvar is_image = map.is_image_map;\nif (marker_options.draggable) {\n    marker.on('dragend', function () {\n        var latlng = this.getLatLng();\n        var lat = latlng.lat;\n        var lng = latlng.lng;\n        if (is_image) {\n            console.log('leaflet-marker y=' + lat + ' x=' + lng);\n        } else {\n            console.log('leaflet-marker lat=' + lat + ' lng=' + lng);\n        }\n    });\n}\nmarker.addTo( group );\nmarker.bindPopup(window.WPLeafletMapPlugin.unescape('Parking \u0160tuli\u0107a kula'));window.WPLeafletMapPlugin.markers.push( marker );\n        });<\/script> \n<\/div><\/div>","protected":false},"excerpt":{"rendered":"<p>\u0160tuli\u0107a kula Vrijeme: 12 min + 10 min Klinci: DaPsi: Da Iako se sasvim lijepo vidi s ceste i okolnih livada, \u0160tuli\u0107a kulu pogledi uglavnom zaobilaze, jer malo tko prolazi automobilom kroz Gornju plo\u010du. Naravno, znate da govorim o naselju, a ne o izlazu na autocesti. Kulu su, najvjerojatnije u 16. ili 17. stolje\u0107u podigli<a class=\"more-link\" href=\"https:\/\/zirzen.com\/en\/stulica-kula\/\">Continue reading <span class=\"screen-reader-text\">&#8220;\u0160tuli\u0107a kula&#8221;<\/span><\/a><\/p>","protected":false},"author":1,"featured_media":0,"parent":0,"menu_order":0,"comment_status":"closed","ping_status":"closed","template":"","meta":{"_monsterinsights_skip_tracking":false,"_monsterinsights_sitenote_active":false,"_monsterinsights_sitenote_note":"","_monsterinsights_sitenote_category":0,"footnotes":""},"class_list":["post-3595","page","type-page","status-publish","hentry","entry"],"yoast_head":"<!-- This site is optimized with the Yoast SEO plugin v20.13 - https:\/\/yoast.com\/wordpress\/plugins\/seo\/ -->\n<title>\u0160tuli\u0107a kula - Zir Zen<\/title>\n<meta name=\"robots\" content=\"index, follow, max-snippet:-1, max-image-preview:large, max-video-preview:-1\" \/>\n<link rel=\"canonical\" href=\"https:\/\/zirzen.com\/en\/stulica-kula\/\" \/>\n<meta property=\"og:locale\" content=\"en_US\" \/>\n<meta property=\"og:type\" content=\"article\" \/>\n<meta property=\"og:title\" content=\"\u0160tuli\u0107a kula - Zir Zen\" \/>\n<meta property=\"og:description\" content=\"\u0160tuli\u0107a kula Vrijeme: 12 min + 10 min Klinci: DaPsi: Da Iako se sasvim lijepo vidi s ceste i okolnih livada, \u0160tuli\u0107a kulu pogledi uglavnom zaobilaze, jer malo tko prolazi automobilom kroz Gornju plo\u010du. Naravno, znate da govorim o naselju, a ne o izlazu na autocesti. Kulu su, najvjerojatnije u 16. ili 17. stolje\u0107u podigliContinue reading &quot;\u0160tuli\u0107a kula&quot;\" \/>\n<meta property=\"og:url\" content=\"https:\/\/zirzen.com\/en\/stulica-kula\/\" \/>\n<meta property=\"og:site_name\" content=\"Zir Zen\" \/>\n<meta property=\"article:modified_time\" content=\"2023-10-10T19:53:40+00:00\" \/>\n<meta property=\"og:image\" content=\"https:\/\/zirzen.com\/wp-content\/uploads\/2023\/09\/Stulica-kula-1024x769.jpeg\" \/>\n<meta name=\"twitter:card\" content=\"summary_large_image\" \/>\n<meta name=\"twitter:label1\" content=\"Est. reading time\" \/>\n\t<meta name=\"twitter:data1\" content=\"2 minutes\" \/>\n<script type=\"application\/ld+json\" class=\"yoast-schema-graph\">{\"@context\":\"https:\/\/schema.org\",\"@graph\":[{\"@type\":\"WebPage\",\"@id\":\"https:\/\/zirzen.com\/stulica-kula\/\",\"url\":\"https:\/\/zirzen.com\/stulica-kula\/\",\"name\":\"\u0160tuli\u0107a kula - Zir Zen\",\"isPartOf\":{\"@id\":\"https:\/\/zirzen.com\/#website\"},\"datePublished\":\"2023-09-21T18:59:38+00:00\",\"dateModified\":\"2023-10-10T19:53:40+00:00\",\"breadcrumb\":{\"@id\":\"https:\/\/zirzen.com\/stulica-kula\/#breadcrumb\"},\"inLanguage\":\"en-US\",\"potentialAction\":[{\"@type\":\"ReadAction\",\"target\":[\"https:\/\/zirzen.com\/stulica-kula\/\"]}]},{\"@type\":\"BreadcrumbList\",\"@id\":\"https:\/\/zirzen.com\/stulica-kula\/#breadcrumb\",\"itemListElement\":[{\"@type\":\"ListItem\",\"position\":1,\"name\":\"Home\",\"item\":\"https:\/\/zirzen.com\/\"},{\"@type\":\"ListItem\",\"position\":2,\"name\":\"\u0160tuli\u0107a kula\"}]},{\"@type\":\"WebSite\",\"@id\":\"https:\/\/zirzen.com\/#website\",\"url\":\"https:\/\/zirzen.com\/\",\"name\":\"Zir Zen\",\"description\":\"Jebi ga, kad smo ve\u0107 u Lovincu\",\"publisher\":{\"@id\":\"https:\/\/zirzen.com\/#organization\"},\"potentialAction\":[{\"@type\":\"SearchAction\",\"target\":{\"@type\":\"EntryPoint\",\"urlTemplate\":\"https:\/\/zirzen.com\/?s={search_term_string}\"},\"query-input\":\"required name=search_term_string\"}],\"inLanguage\":\"en-US\"},{\"@type\":\"Organization\",\"@id\":\"https:\/\/zirzen.com\/#organization\",\"name\":\"Zir Zen\",\"url\":\"https:\/\/zirzen.com\/\",\"logo\":{\"@type\":\"ImageObject\",\"inLanguage\":\"en-US\",\"@id\":\"https:\/\/zirzen.com\/#\/schema\/logo\/image\/\",\"url\":\"https:\/\/zirzen.com\/wp-content\/uploads\/2023\/07\/cropped-Picture1.png\",\"contentUrl\":\"https:\/\/zirzen.com\/wp-content\/uploads\/2023\/07\/cropped-Picture1.png\",\"width\":512,\"height\":512,\"caption\":\"Zir Zen\"},\"image\":{\"@id\":\"https:\/\/zirzen.com\/#\/schema\/logo\/image\/\"}}]}<\/script>\n<!-- \/ Yoast SEO plugin. -->","yoast_head_json":{"title":"\u0160tuli\u0107a kula - Zir Zen","robots":{"index":"index","follow":"follow","max-snippet":"max-snippet:-1","max-image-preview":"max-image-preview:large","max-video-preview":"max-video-preview:-1"},"canonical":"https:\/\/zirzen.com\/en\/stulica-kula\/","og_locale":"en_US","og_type":"article","og_title":"\u0160tuli\u0107a kula - Zir Zen","og_description":"\u0160tuli\u0107a kula Vrijeme: 12 min + 10 min Klinci: DaPsi: Da Iako se sasvim lijepo vidi s ceste i okolnih livada, \u0160tuli\u0107a kulu pogledi uglavnom zaobilaze, jer malo tko prolazi automobilom kroz Gornju plo\u010du. Naravno, znate da govorim o naselju, a ne o izlazu na autocesti. Kulu su, najvjerojatnije u 16. ili 17. stolje\u0107u podigliContinue reading \"\u0160tuli\u0107a kula\"","og_url":"https:\/\/zirzen.com\/en\/stulica-kula\/","og_site_name":"Zir Zen","article_modified_time":"2023-10-10T19:53:40+00:00","og_image":[{"url":"https:\/\/zirzen.com\/wp-content\/uploads\/2023\/09\/Stulica-kula-1024x769.jpeg"}],"twitter_card":"summary_large_image","twitter_misc":{"Est. reading time":"2 minutes"},"schema":{"@context":"https:\/\/schema.org","@graph":[{"@type":"WebPage","@id":"https:\/\/zirzen.com\/stulica-kula\/","url":"https:\/\/zirzen.com\/stulica-kula\/","name":"\u0160tuli\u0107a kula - Zir Zen","isPartOf":{"@id":"https:\/\/zirzen.com\/#website"},"datePublished":"2023-09-21T18:59:38+00:00","dateModified":"2023-10-10T19:53:40+00:00","breadcrumb":{"@id":"https:\/\/zirzen.com\/stulica-kula\/#breadcrumb"},"inLanguage":"en-US","potentialAction":[{"@type":"ReadAction","target":["https:\/\/zirzen.com\/stulica-kula\/"]}]},{"@type":"BreadcrumbList","@id":"https:\/\/zirzen.com\/stulica-kula\/#breadcrumb","itemListElement":[{"@type":"ListItem","position":1,"name":"Home","item":"https:\/\/zirzen.com\/"},{"@type":"ListItem","position":2,"name":"\u0160tuli\u0107a kula"}]},{"@type":"WebSite","@id":"https:\/\/zirzen.com\/#website","url":"https:\/\/zirzen.com\/","name":"Zir Zen","description":"Jebi ga, kad smo ve\u0107 u Lovincu","publisher":{"@id":"https:\/\/zirzen.com\/#organization"},"potentialAction":[{"@type":"SearchAction","target":{"@type":"EntryPoint","urlTemplate":"https:\/\/zirzen.com\/?s={search_term_string}"},"query-input":"required name=search_term_string"}],"inLanguage":"en-US"},{"@type":"Organization","@id":"https:\/\/zirzen.com\/#organization","name":"Zir Zen","url":"https:\/\/zirzen.com\/","logo":{"@type":"ImageObject","inLanguage":"en-US","@id":"https:\/\/zirzen.com\/#\/schema\/logo\/image\/","url":"https:\/\/zirzen.com\/wp-content\/uploads\/2023\/07\/cropped-Picture1.png","contentUrl":"https:\/\/zirzen.com\/wp-content\/uploads\/2023\/07\/cropped-Picture1.png","width":512,"height":512,"caption":"Zir Zen"},"image":{"@id":"https:\/\/zirzen.com\/#\/schema\/logo\/image\/"}}]}},"_links":{"self":[{"href":"https:\/\/zirzen.com\/en\/wp-json\/wp\/v2\/pages\/3595","targetHints":{"allow":["GET"]}}],"collection":[{"href":"https:\/\/zirzen.com\/en\/wp-json\/wp\/v2\/pages"}],"about":[{"href":"https:\/\/zirzen.com\/en\/wp-json\/wp\/v2\/types\/page"}],"author":[{"embeddable":true,"href":"https:\/\/zirzen.com\/en\/wp-json\/wp\/v2\/users\/1"}],"replies":[{"embeddable":true,"href":"https:\/\/zirzen.com\/en\/wp-json\/wp\/v2\/comments?post=3595"}],"version-history":[{"count":14,"href":"https:\/\/zirzen.com\/en\/wp-json\/wp\/v2\/pages\/3595\/revisions"}],"predecessor-version":[{"id":4243,"href":"https:\/\/zirzen.com\/en\/wp-json\/wp\/v2\/pages\/3595\/revisions\/4243"}],"wp:attachment":[{"href":"https:\/\/zirzen.com\/en\/wp-json\/wp\/v2\/media?parent=3595"}],"curies":[{"name":"wp","href":"https:\/\/api.w.org\/{rel}","templated":true}]}}