{"id":3725,"date":"2023-09-23T18:03:21","date_gmt":"2023-09-23T16:03:21","guid":{"rendered":"https:\/\/zirzen.com\/?page_id=3725"},"modified":"2023-10-11T22:56:56","modified_gmt":"2023-10-11T20:56:56","slug":"arheoloski-lokalitet-pecina","status":"publish","type":"page","link":"https:\/\/zirzen.com\/en\/arheoloski-lokalitet-pecina\/","title":{"rendered":"Archaeological site \"Pe\u0107ina\""},"content":{"rendered":"<h2 class=\"wp-block-heading has-text-align-center\">Archaeological site \"Pe\u0107ina\"<\/h2>\n\n\n\n<div class=\"wp-block-columns is-layout-flex wp-container-core-columns-is-layout-28f84493 wp-block-columns-is-layout-flex\">\n<div class=\"wp-block-column is-layout-flow wp-block-column-is-layout-flow\" style=\"flex-basis:33.33%\">\n<div class=\"wp-block-group attraction-left-side\"><div class=\"wp-block-group__inner-container is-layout-constrained wp-block-group-is-layout-constrained\">\n<figure class=\"wp-block-image size-large agl agl-fadeCSS agl-in-distance-1\"><img loading=\"lazy\" decoding=\"async\" width=\"1024\" height=\"767\" src=\"https:\/\/zirzen.com\/wp-content\/uploads\/2023\/09\/Pecina-1024x767.jpeg\" alt=\"\" class=\"wp-image-3726\" srcset=\"https:\/\/zirzen.com\/wp-content\/uploads\/2023\/09\/Pecina-1024x767.jpeg 1024w, https:\/\/zirzen.com\/wp-content\/uploads\/2023\/09\/Pecina-300x225.jpeg 300w, https:\/\/zirzen.com\/wp-content\/uploads\/2023\/09\/Pecina-768x575.jpeg 768w, https:\/\/zirzen.com\/wp-content\/uploads\/2023\/09\/Pecina-1536x1150.jpeg 1536w, https:\/\/zirzen.com\/wp-content\/uploads\/2023\/09\/Pecina-2048x1533.jpeg 2048w, https:\/\/zirzen.com\/wp-content\/uploads\/2023\/09\/Pecina-16x12.jpeg 16w, https:\/\/zirzen.com\/wp-content\/uploads\/2023\/09\/Pecina-1568x1174.jpeg 1568w\" sizes=\"auto, (max-width: 1024px) 100vw, 1024px\" \/><\/figure>\n<\/div><\/div>\n\n\n\n<p class=\"has-text-align-left has-small-font-size\"><strong>Time:<\/strong> 50 min <i class=\"fas fa-car\"><\/i><br><strong>Kids:<\/strong> Yes<br><strong>Dogs:<\/strong> Yes<\/p>\n\n\n\n<hr class=\"wp-block-separator has-alpha-channel-opacity\"\/>\n\n\n\n<div class=\"wp-block-buttons has-custom-font-size has-small-font-size agl agl-wipeCSS agl-in-distance-1 is-content-justification-center is-layout-flex wp-container-core-buttons-is-layout-a89b3969 wp-block-buttons-is-layout-flex\">\n<div class=\"wp-block-button is-style-fill\"><a class=\"wp-block-button__link has-foreground-color has-text-color has-background wp-element-button\" style=\"border-radius:16px;background-color:#d7d7d7;padding-top:10px;padding-right:10px;padding-bottom:10px;padding-left:10px\"><i class=\"fas fa-icicles\"><\/i><\/a><\/div>\n\n\n\n<div class=\"wp-block-button is-style-fill\"><a class=\"wp-block-button__link has-foreground-color has-text-color has-background wp-element-button\" style=\"border-radius:16px;background-color:#d7d7d7;padding-top:10px;padding-right:10px;padding-bottom:10px;padding-left:10px\"><i class=\"fas fa-clock-rotate-left\"><\/i><\/a><\/div>\n<\/div>\n<\/div>\n\n\n\n<div class=\"wp-block-column is-layout-flow wp-block-column-is-layout-flow\" style=\"flex-basis:66.66%\">\n<p class=\"has-small-font-size\">I only really got to know Lapydes while researching Lika. Since then, I enjoy visiting the places where they lived. It's one thing to read about history, and another to stand where it really happened.<\/p>\n\n\n\n<p class=\"has-small-font-size\">This is the place where the oldest evidence of human presence in the Gacka area was found. The cave has been used by people since the Mesolithic, somewhere at the transition from the older to the younger Stone Age. If you prefer numbers, that time is around 10,000 BC.<\/p>\n\n\n\n<p class=\"has-small-font-size\">Of course, the Lapydes entered the historical stage much later (around 900 BC) and their remains in Pe\u0107ina, which are mainly related to ceramics, date from the Late Bronze Age and Early Iron Age.<\/p>\n\n\n\n<p class=\"has-small-font-size\">Lapydes got on the Romans' nerves terribly, for good reason. They kept running into free shopping all the way to Italy. The Romans killed them only 66 years before they killed Jesus. The question for 1,000 euros is: \"In what year did the Romans defeat Lapydes?\"<\/p>\n\n\n\n<p class=\"has-small-font-size\">Park next to the Croatian Center for Indigenous Species of Karst Fish and Crayfish. A short path leads from there.<\/p>\n<\/div>\n<\/div>\n\n\n\n<div class=\"wp-block-group has-background has-small-font-size\" style=\"background-color:#f1f1f1\"><div class=\"wp-block-group__inner-container is-layout-constrained wp-block-group-is-layout-constrained\">\n<div class=\"leaflet-map WPLeafletMap\" style=\"height:450px; width:100%;\"><\/div><script>\nwindow.WPLeafletMapPlugin = window.WPLeafletMapPlugin || [];\nwindow.WPLeafletMapPlugin.push(function WPLeafletMapShortcode() {\/*<script>*\/\nvar baseUrl = atob('aHR0cHM6Ly97c30udGlsZS5vcGVuc3RyZWV0bWFwLm9yZy97en0ve3h9L3t5fS5wbmc=');\nvar base = (!baseUrl && window.MQ) ? \n    window.MQ.mapLayer() : L.tileLayer(baseUrl, \n        L.Util.extend({}, {\n            detectRetina: 0,\n        }, \n        {\"subdomains\":\"abc\",\"noWrap\":false}        )\n    );\n    var options = L.Util.extend({}, {\n        layers: [base],\n        attributionControl: false\n    }, \n    {\"zoomControl\":true,\"scrollWheelZoom\":true,\"doubleClickZoom\":false,\"fitBounds\":false,\"minZoom\":0,\"maxZoom\":19,\"maxBounds\":null,\"attribution\":\"<a href=\\\"http:\\\/\\\/leafletjs.com\\\" title=\\\"A JS library for interactive maps\\\">Leaflet<\\\/a>; \\u00a9 <a href=\\\"http:\\\/\\\/www.openstreetmap.org\\\/copyright\\\">OpenStreetMap<\\\/a> contributors\"}, \n    {});\nwindow.WPLeafletMapPlugin.createMap(options).setView([44.795837061659,15.329431973862],13);});<\/script>\n\n<script>\nwindow.WPLeafletMapPlugin = window.WPLeafletMapPlugin || [];\nwindow.WPLeafletMapPlugin.push(function WPLeafletMarkerShortcode() {\/*<script>*\/\nvar map = window.WPLeafletMapPlugin.getCurrentMap();\nvar group = window.WPLeafletMapPlugin.getCurrentGroup();\nvar marker_options = window.WPLeafletMapPlugin.getIconOptions({\"svg\":true,\"background\":\"green\",\"iconClass\":\"fas fa-icicles\",\"color\":\"white\"});\nvar marker = new L.SVGMarker(\n    [44.795837061659,15.329431973862], \n    marker_options\n);\nvar is_image = map.is_image_map;\nif (marker_options.draggable) {\n    marker.on('dragend', function () {\n        var latlng = this.getLatLng();\n        var lat = latlng.lat;\n        var lng = latlng.lng;\n        if (is_image) {\n            console.log('leaflet-marker y=' + lat + ' x=' + lng);\n        } else {\n            console.log('leaflet-marker lat=' + lat + ' lng=' + lng);\n        }\n    });\n}\nmarker.addTo( group );\nmarker.bindPopup(window.WPLeafletMapPlugin.unescape('Arheolo\u0161ki lokalitet &amp;#8220;Pe\u0107ina&amp;#8221;'));window.WPLeafletMapPlugin.markers.push( marker );\n        });<\/script>\n<\/div><\/div>","protected":false},"excerpt":{"rendered":"<p>Arheolo\u0161ki lokalitet &#8220;Pe\u0107ina&#8221; Vrijeme: 50 min Klinci: DaPsi: Da S Japodima sam se po\u0161teno upoznao tek istra\u017euju\u0107i Liku. Od tada rado obilazim mjesta na kojima su \u017eivjeli. Jedno je o povijesti \u010ditati, a drugo stajati tamo gdje se ona stvarno i doga\u0111ala. Ovo je mjesto na kojem su prona\u0111eni najstariji dokazi prisustva \u010dovjeka na podru\u010dju<a class=\"more-link\" href=\"https:\/\/zirzen.com\/en\/arheoloski-lokalitet-pecina\/\">Continue reading <span class=\"screen-reader-text\">&#8220;Arheolo\u0161ki lokalitet &#8220;Pe\u0107ina&#8221;&#8221;<\/span><\/a><\/p>","protected":false},"author":1,"featured_media":0,"parent":0,"menu_order":0,"comment_status":"closed","ping_status":"closed","template":"","meta":{"_monsterinsights_skip_tracking":false,"_monsterinsights_sitenote_active":false,"_monsterinsights_sitenote_note":"","_monsterinsights_sitenote_category":0,"footnotes":""},"class_list":["post-3725","page","type-page","status-publish","hentry","entry"],"yoast_head":"<!-- This site is optimized with the Yoast SEO plugin v20.13 - https:\/\/yoast.com\/wordpress\/plugins\/seo\/ -->\n<title>Arheolo\u0161ki lokalitet &quot;Pe\u0107ina&quot; - Zir Zen<\/title>\n<meta name=\"robots\" content=\"index, follow, max-snippet:-1, max-image-preview:large, max-video-preview:-1\" \/>\n<link rel=\"canonical\" href=\"https:\/\/zirzen.com\/en\/arheoloski-lokalitet-pecina\/\" \/>\n<meta property=\"og:locale\" content=\"en_US\" \/>\n<meta property=\"og:type\" content=\"article\" \/>\n<meta property=\"og:title\" content=\"Arheolo\u0161ki lokalitet &quot;Pe\u0107ina&quot; - Zir Zen\" \/>\n<meta property=\"og:description\" content=\"Arheolo\u0161ki lokalitet &#8220;Pe\u0107ina&#8221; Vrijeme: 50 min Klinci: DaPsi: Da S Japodima sam se po\u0161teno upoznao tek istra\u017euju\u0107i Liku. Od tada rado obilazim mjesta na kojima su \u017eivjeli. Jedno je o povijesti \u010ditati, a drugo stajati tamo gdje se ona stvarno i doga\u0111ala. Ovo je mjesto na kojem su prona\u0111eni najstariji dokazi prisustva \u010dovjeka na podru\u010djuContinue reading &quot;Arheolo\u0161ki lokalitet &#8220;Pe\u0107ina&#8221;&quot;\" \/>\n<meta property=\"og:url\" content=\"https:\/\/zirzen.com\/en\/arheoloski-lokalitet-pecina\/\" \/>\n<meta property=\"og:site_name\" content=\"Zir Zen\" \/>\n<meta property=\"article:modified_time\" content=\"2023-10-11T20:56:56+00:00\" \/>\n<meta property=\"og:image\" content=\"https:\/\/zirzen.com\/wp-content\/uploads\/2023\/09\/Pecina-1024x767.jpeg\" \/>\n<meta name=\"twitter:card\" content=\"summary_large_image\" \/>\n<meta name=\"twitter:label1\" content=\"Est. reading time\" \/>\n\t<meta name=\"twitter:data1\" content=\"2 minutes\" \/>\n<script type=\"application\/ld+json\" class=\"yoast-schema-graph\">{\"@context\":\"https:\/\/schema.org\",\"@graph\":[{\"@type\":\"WebPage\",\"@id\":\"https:\/\/zirzen.com\/arheoloski-lokalitet-pecina\/\",\"url\":\"https:\/\/zirzen.com\/arheoloski-lokalitet-pecina\/\",\"name\":\"Arheolo\u0161ki lokalitet \\\"Pe\u0107ina\\\" - Zir Zen\",\"isPartOf\":{\"@id\":\"https:\/\/zirzen.com\/#website\"},\"datePublished\":\"2023-09-23T16:03:21+00:00\",\"dateModified\":\"2023-10-11T20:56:56+00:00\",\"breadcrumb\":{\"@id\":\"https:\/\/zirzen.com\/arheoloski-lokalitet-pecina\/#breadcrumb\"},\"inLanguage\":\"en-US\",\"potentialAction\":[{\"@type\":\"ReadAction\",\"target\":[\"https:\/\/zirzen.com\/arheoloski-lokalitet-pecina\/\"]}]},{\"@type\":\"BreadcrumbList\",\"@id\":\"https:\/\/zirzen.com\/arheoloski-lokalitet-pecina\/#breadcrumb\",\"itemListElement\":[{\"@type\":\"ListItem\",\"position\":1,\"name\":\"Home\",\"item\":\"https:\/\/zirzen.com\/\"},{\"@type\":\"ListItem\",\"position\":2,\"name\":\"Arheolo\u0161ki lokalitet &#8220;Pe\u0107ina&#8221;\"}]},{\"@type\":\"WebSite\",\"@id\":\"https:\/\/zirzen.com\/#website\",\"url\":\"https:\/\/zirzen.com\/\",\"name\":\"Zir Zen\",\"description\":\"Jebi ga, kad smo ve\u0107 u Lovincu\",\"publisher\":{\"@id\":\"https:\/\/zirzen.com\/#organization\"},\"potentialAction\":[{\"@type\":\"SearchAction\",\"target\":{\"@type\":\"EntryPoint\",\"urlTemplate\":\"https:\/\/zirzen.com\/?s={search_term_string}\"},\"query-input\":\"required name=search_term_string\"}],\"inLanguage\":\"en-US\"},{\"@type\":\"Organization\",\"@id\":\"https:\/\/zirzen.com\/#organization\",\"name\":\"Zir Zen\",\"url\":\"https:\/\/zirzen.com\/\",\"logo\":{\"@type\":\"ImageObject\",\"inLanguage\":\"en-US\",\"@id\":\"https:\/\/zirzen.com\/#\/schema\/logo\/image\/\",\"url\":\"https:\/\/zirzen.com\/wp-content\/uploads\/2023\/07\/cropped-Picture1.png\",\"contentUrl\":\"https:\/\/zirzen.com\/wp-content\/uploads\/2023\/07\/cropped-Picture1.png\",\"width\":512,\"height\":512,\"caption\":\"Zir Zen\"},\"image\":{\"@id\":\"https:\/\/zirzen.com\/#\/schema\/logo\/image\/\"}}]}<\/script>\n<!-- \/ Yoast SEO plugin. -->","yoast_head_json":{"title":"Arheolo\u0161ki lokalitet \"Pe\u0107ina\" - Zir Zen","robots":{"index":"index","follow":"follow","max-snippet":"max-snippet:-1","max-image-preview":"max-image-preview:large","max-video-preview":"max-video-preview:-1"},"canonical":"https:\/\/zirzen.com\/en\/arheoloski-lokalitet-pecina\/","og_locale":"en_US","og_type":"article","og_title":"Arheolo\u0161ki lokalitet \"Pe\u0107ina\" - Zir Zen","og_description":"Arheolo\u0161ki lokalitet &#8220;Pe\u0107ina&#8221; Vrijeme: 50 min Klinci: DaPsi: Da S Japodima sam se po\u0161teno upoznao tek istra\u017euju\u0107i Liku. Od tada rado obilazim mjesta na kojima su \u017eivjeli. Jedno je o povijesti \u010ditati, a drugo stajati tamo gdje se ona stvarno i doga\u0111ala. Ovo je mjesto na kojem su prona\u0111eni najstariji dokazi prisustva \u010dovjeka na podru\u010djuContinue reading \"Arheolo\u0161ki lokalitet &#8220;Pe\u0107ina&#8221;\"","og_url":"https:\/\/zirzen.com\/en\/arheoloski-lokalitet-pecina\/","og_site_name":"Zir Zen","article_modified_time":"2023-10-11T20:56:56+00:00","og_image":[{"url":"https:\/\/zirzen.com\/wp-content\/uploads\/2023\/09\/Pecina-1024x767.jpeg"}],"twitter_card":"summary_large_image","twitter_misc":{"Est. reading time":"2 minutes"},"schema":{"@context":"https:\/\/schema.org","@graph":[{"@type":"WebPage","@id":"https:\/\/zirzen.com\/arheoloski-lokalitet-pecina\/","url":"https:\/\/zirzen.com\/arheoloski-lokalitet-pecina\/","name":"Arheolo\u0161ki lokalitet \"Pe\u0107ina\" - Zir Zen","isPartOf":{"@id":"https:\/\/zirzen.com\/#website"},"datePublished":"2023-09-23T16:03:21+00:00","dateModified":"2023-10-11T20:56:56+00:00","breadcrumb":{"@id":"https:\/\/zirzen.com\/arheoloski-lokalitet-pecina\/#breadcrumb"},"inLanguage":"en-US","potentialAction":[{"@type":"ReadAction","target":["https:\/\/zirzen.com\/arheoloski-lokalitet-pecina\/"]}]},{"@type":"BreadcrumbList","@id":"https:\/\/zirzen.com\/arheoloski-lokalitet-pecina\/#breadcrumb","itemListElement":[{"@type":"ListItem","position":1,"name":"Home","item":"https:\/\/zirzen.com\/"},{"@type":"ListItem","position":2,"name":"Arheolo\u0161ki lokalitet &#8220;Pe\u0107ina&#8221;"}]},{"@type":"WebSite","@id":"https:\/\/zirzen.com\/#website","url":"https:\/\/zirzen.com\/","name":"Zir Zen","description":"Jebi ga, kad smo ve\u0107 u Lovincu","publisher":{"@id":"https:\/\/zirzen.com\/#organization"},"potentialAction":[{"@type":"SearchAction","target":{"@type":"EntryPoint","urlTemplate":"https:\/\/zirzen.com\/?s={search_term_string}"},"query-input":"required name=search_term_string"}],"inLanguage":"en-US"},{"@type":"Organization","@id":"https:\/\/zirzen.com\/#organization","name":"Zir Zen","url":"https:\/\/zirzen.com\/","logo":{"@type":"ImageObject","inLanguage":"en-US","@id":"https:\/\/zirzen.com\/#\/schema\/logo\/image\/","url":"https:\/\/zirzen.com\/wp-content\/uploads\/2023\/07\/cropped-Picture1.png","contentUrl":"https:\/\/zirzen.com\/wp-content\/uploads\/2023\/07\/cropped-Picture1.png","width":512,"height":512,"caption":"Zir Zen"},"image":{"@id":"https:\/\/zirzen.com\/#\/schema\/logo\/image\/"}}]}},"_links":{"self":[{"href":"https:\/\/zirzen.com\/en\/wp-json\/wp\/v2\/pages\/3725","targetHints":{"allow":["GET"]}}],"collection":[{"href":"https:\/\/zirzen.com\/en\/wp-json\/wp\/v2\/pages"}],"about":[{"href":"https:\/\/zirzen.com\/en\/wp-json\/wp\/v2\/types\/page"}],"author":[{"embeddable":true,"href":"https:\/\/zirzen.com\/en\/wp-json\/wp\/v2\/users\/1"}],"replies":[{"embeddable":true,"href":"https:\/\/zirzen.com\/en\/wp-json\/wp\/v2\/comments?post=3725"}],"version-history":[{"count":8,"href":"https:\/\/zirzen.com\/en\/wp-json\/wp\/v2\/pages\/3725\/revisions"}],"predecessor-version":[{"id":4317,"href":"https:\/\/zirzen.com\/en\/wp-json\/wp\/v2\/pages\/3725\/revisions\/4317"}],"wp:attachment":[{"href":"https:\/\/zirzen.com\/en\/wp-json\/wp\/v2\/media?parent=3725"}],"curies":[{"name":"wp","href":"https:\/\/api.w.org\/{rel}","templated":true}]}}