{"id":3734,"date":"2023-09-23T19:19:23","date_gmt":"2023-09-23T17:19:23","guid":{"rendered":"https:\/\/zirzen.com\/?page_id=3734"},"modified":"2023-10-10T21:56:50","modified_gmt":"2023-10-10T19:56:50","slug":"pecina-sv-stjepana-prvomucenika","status":"publish","type":"page","link":"https:\/\/zirzen.com\/en\/pecina-sv-stjepana-prvomucenika\/","title":{"rendered":"Cave of St. Stephen the First Martyr"},"content":{"rendered":"<h2 class=\"wp-block-heading has-text-align-center\">Cave of St. Stephen the First Martyr<\/h2>\n\n\n\n<div class=\"wp-block-columns is-layout-flex wp-container-core-columns-is-layout-28f84493 wp-block-columns-is-layout-flex\">\n<div class=\"wp-block-column is-layout-flow wp-block-column-is-layout-flow\" style=\"flex-basis:33.33%\">\n<div class=\"wp-block-group attraction-left-side\"><div class=\"wp-block-group__inner-container is-layout-constrained wp-block-group-is-layout-constrained\">\n<figure class=\"wp-block-image size-large agl agl-fadeCSS agl-in-distance-1\"><img loading=\"lazy\" decoding=\"async\" width=\"1024\" height=\"768\" src=\"https:\/\/zirzen.com\/wp-content\/uploads\/2023\/09\/Crkea-SPPM-1024x768.jpeg\" alt=\"\" class=\"wp-image-3740\" srcset=\"https:\/\/zirzen.com\/wp-content\/uploads\/2023\/09\/Crkea-SPPM-1024x768.jpeg 1024w, https:\/\/zirzen.com\/wp-content\/uploads\/2023\/09\/Crkea-SPPM-300x225.jpeg 300w, https:\/\/zirzen.com\/wp-content\/uploads\/2023\/09\/Crkea-SPPM-768x576.jpeg 768w, https:\/\/zirzen.com\/wp-content\/uploads\/2023\/09\/Crkea-SPPM-1536x1152.jpeg 1536w, https:\/\/zirzen.com\/wp-content\/uploads\/2023\/09\/Crkea-SPPM-2048x1536.jpeg 2048w, https:\/\/zirzen.com\/wp-content\/uploads\/2023\/09\/Crkea-SPPM-16x12.jpeg 16w, https:\/\/zirzen.com\/wp-content\/uploads\/2023\/09\/Crkea-SPPM-1568x1176.jpeg 1568w\" sizes=\"auto, (max-width: 1024px) 100vw, 1024px\" \/><\/figure>\n<\/div><\/div>\n\n\n\n<p class=\"has-text-align-left has-small-font-size\"><strong>Time:<\/strong> 27 min <i class=\"fas fa-car\"><\/i><br><strong>Kids:<\/strong> Yes<br><strong>Dogs:<\/strong> Yes<\/p>\n\n\n\n<hr class=\"wp-block-separator has-alpha-channel-opacity\"\/>\n\n\n\n<div class=\"wp-block-buttons has-custom-font-size has-small-font-size agl agl-wipeCSS agl-in-distance-1 is-content-justification-center is-layout-flex wp-container-core-buttons-is-layout-a89b3969 wp-block-buttons-is-layout-flex\">\n<div class=\"wp-block-button is-style-fill\"><a class=\"wp-block-button__link has-foreground-color has-text-color has-background wp-element-button\" style=\"border-radius:16px;background-color:#d7d7d7;padding-top:10px;padding-right:10px;padding-bottom:10px;padding-left:10px\"><i class=\"fas fa-icicles\"><\/i><\/a><\/div>\n\n\n\n<div class=\"wp-block-button is-style-fill\"><a class=\"wp-block-button__link has-foreground-color has-text-color has-background wp-element-button\" style=\"border-radius:16px;background-color:#d7d7d7;padding-top:10px;padding-right:10px;padding-bottom:10px;padding-left:10px\"><i class=\"fas fa-church\"><\/i><\/a><\/div>\n<\/div>\n<\/div>\n\n\n\n<div class=\"wp-block-column is-layout-flow wp-block-column-is-layout-flow\" style=\"flex-basis:66.66%\">\n<p class=\"has-small-font-size\">When we talk about the stay of people in caves, we mostly mention millennia, so I will also say about this one that people took shelter in it and held holy masses at the end of the last millennium. Yes, it was during the Homeland War.<\/p>\n\n\n\n<p class=\"has-small-font-size\">The cave is really tiny and it doesn't seem to me that more people could have taken shelter in it than in a slightly larger basement, but in those days every shelter was worth its weight in gold. The interior is minimally decorated, as religious aesthetics dictates: a couple of rosaries, a crucifix, a holy picture, a few candles, the Croatian coat of arms and a plastic table and chairs.<\/p>\n\n\n\n<p class=\"has-small-font-size\">When they led me to the cave, they told me: \"But, you know, it's very small.\" That's why it's endearing. If you also know for what purposes the place was used, you should really visit it. There's something in that cave. It's not just a hole in the rock.<\/p>\n<\/div>\n<\/div>\n\n\n\n<div class=\"wp-block-group has-background has-small-font-size\" style=\"background-color:#f1f1f1\"><div class=\"wp-block-group__inner-container is-layout-constrained wp-block-group-is-layout-constrained\">\n<div class=\"leaflet-map WPLeafletMap\" style=\"height:450px; width:100%;\"><\/div><script>\nwindow.WPLeafletMapPlugin = window.WPLeafletMapPlugin || [];\nwindow.WPLeafletMapPlugin.push(function WPLeafletMapShortcode() {\/*<script>*\/\nvar baseUrl = atob('aHR0cHM6Ly97c30udGlsZS5vcGVuc3RyZWV0bWFwLm9yZy97en0ve3h9L3t5fS5wbmc=');\nvar base = (!baseUrl && window.MQ) ? \n    window.MQ.mapLayer() : L.tileLayer(baseUrl, \n        L.Util.extend({}, {\n            detectRetina: 0,\n        }, \n        {\"subdomains\":\"abc\",\"noWrap\":false}        )\n    );\n    var options = L.Util.extend({}, {\n        layers: [base],\n        attributionControl: false\n    }, \n    {\"zoomControl\":true,\"scrollWheelZoom\":true,\"doubleClickZoom\":false,\"fitBounds\":false,\"minZoom\":0,\"maxZoom\":19,\"maxBounds\":null,\"attribution\":\"<a href=\\\"http:\\\/\\\/leafletjs.com\\\" title=\\\"A JS library for interactive maps\\\">Leaflet<\\\/a>; \\u00a9 <a href=\\\"http:\\\/\\\/www.openstreetmap.org\\\/copyright\\\">OpenStreetMap<\\\/a> contributors\"}, \n    {});\nwindow.WPLeafletMapPlugin.createMap(options).setView([44.524390630364,15.438565067588],13);});<\/script>\n\n<script>\nwindow.WPLeafletMapPlugin = window.WPLeafletMapPlugin || [];\nwindow.WPLeafletMapPlugin.push(function WPLeafletMarkerShortcode() {\/*<script>*\/\nvar map = window.WPLeafletMapPlugin.getCurrentMap();\nvar group = window.WPLeafletMapPlugin.getCurrentGroup();\nvar marker_options = window.WPLeafletMapPlugin.getIconOptions({\"svg\":true,\"background\":\"green\",\"iconClass\":\"fas fa-icicles\",\"color\":\"white\"});\nvar marker = new L.SVGMarker(\n    [44.524390630364,15.438565067588], \n    marker_options\n);\nvar is_image = map.is_image_map;\nif (marker_options.draggable) {\n    marker.on('dragend', function () {\n        var latlng = this.getLatLng();\n        var lat = latlng.lat;\n        var lng = latlng.lng;\n        if (is_image) {\n            console.log('leaflet-marker y=' + lat + ' x=' + lng);\n        } else {\n            console.log('leaflet-marker lat=' + lat + ' lng=' + lng);\n        }\n    });\n}\nmarker.addTo( group );\nmarker.bindPopup(window.WPLeafletMapPlugin.unescape('Pe\u0107ina Sv. Stjepana Prvomu\u010denika')).openPopup();window.WPLeafletMapPlugin.markers.push( marker );\n        });<\/script>\n<\/div><\/div>","protected":false},"excerpt":{"rendered":"<p>Pe\u0107ina Sv. Stjepana Prvomu\u010denika Vrijeme: 27 min Klinci: DaPsi: Da Kad govorimo o boravku ljudi u pe\u0107inama, uglavnom spominjemo tisu\u0107lje\u0107a pa \u0107u i ja za ovu re\u0107i da su se u njoj ljudi sklanjali i odr\u017eavale svete mise krajem pro\u0161log tisu\u0107lje\u0107a. Da, bilo je to u vrijeme domovinskog rata. Pe\u0107ina je stvarno minijaturna i ne<a class=\"more-link\" href=\"https:\/\/zirzen.com\/en\/pecina-sv-stjepana-prvomucenika\/\">Continue reading <span class=\"screen-reader-text\">&#8220;Pe\u0107ina Sv. Stjepana Prvomu\u010denika&#8221;<\/span><\/a><\/p>","protected":false},"author":1,"featured_media":0,"parent":0,"menu_order":0,"comment_status":"closed","ping_status":"closed","template":"","meta":{"_monsterinsights_skip_tracking":false,"_monsterinsights_sitenote_active":false,"_monsterinsights_sitenote_note":"","_monsterinsights_sitenote_category":0,"footnotes":""},"class_list":["post-3734","page","type-page","status-publish","hentry","entry"],"yoast_head":"<!-- This site is optimized with the Yoast SEO plugin v20.13 - https:\/\/yoast.com\/wordpress\/plugins\/seo\/ -->\n<title>Pe\u0107ina Sv. Stjepana Prvomu\u010denika - Zir Zen<\/title>\n<meta name=\"robots\" content=\"index, follow, max-snippet:-1, max-image-preview:large, max-video-preview:-1\" \/>\n<link rel=\"canonical\" href=\"https:\/\/zirzen.com\/en\/pecina-sv-stjepana-prvomucenika\/\" \/>\n<meta property=\"og:locale\" content=\"en_US\" \/>\n<meta property=\"og:type\" content=\"article\" \/>\n<meta property=\"og:title\" content=\"Pe\u0107ina Sv. Stjepana Prvomu\u010denika - Zir Zen\" \/>\n<meta property=\"og:description\" content=\"Pe\u0107ina Sv. Stjepana Prvomu\u010denika Vrijeme: 27 min Klinci: DaPsi: Da Kad govorimo o boravku ljudi u pe\u0107inama, uglavnom spominjemo tisu\u0107lje\u0107a pa \u0107u i ja za ovu re\u0107i da su se u njoj ljudi sklanjali i odr\u017eavale svete mise krajem pro\u0161log tisu\u0107lje\u0107a. Da, bilo je to u vrijeme domovinskog rata. Pe\u0107ina je stvarno minijaturna i neContinue reading &quot;Pe\u0107ina Sv. Stjepana Prvomu\u010denika&quot;\" \/>\n<meta property=\"og:url\" content=\"https:\/\/zirzen.com\/en\/pecina-sv-stjepana-prvomucenika\/\" \/>\n<meta property=\"og:site_name\" content=\"Zir Zen\" \/>\n<meta property=\"article:modified_time\" content=\"2023-10-10T19:56:50+00:00\" \/>\n<meta property=\"og:image\" content=\"https:\/\/zirzen.com\/wp-content\/uploads\/2023\/09\/Crkea-SPPM-1024x768.jpeg\" \/>\n<meta name=\"twitter:card\" content=\"summary_large_image\" \/>\n<meta name=\"twitter:label1\" content=\"Est. reading time\" \/>\n\t<meta name=\"twitter:data1\" content=\"1 minute\" \/>\n<script type=\"application\/ld+json\" class=\"yoast-schema-graph\">{\"@context\":\"https:\/\/schema.org\",\"@graph\":[{\"@type\":\"WebPage\",\"@id\":\"https:\/\/zirzen.com\/pecina-sv-stjepana-prvomucenika\/\",\"url\":\"https:\/\/zirzen.com\/pecina-sv-stjepana-prvomucenika\/\",\"name\":\"Pe\u0107ina Sv. Stjepana Prvomu\u010denika - Zir Zen\",\"isPartOf\":{\"@id\":\"https:\/\/zirzen.com\/#website\"},\"datePublished\":\"2023-09-23T17:19:23+00:00\",\"dateModified\":\"2023-10-10T19:56:50+00:00\",\"breadcrumb\":{\"@id\":\"https:\/\/zirzen.com\/pecina-sv-stjepana-prvomucenika\/#breadcrumb\"},\"inLanguage\":\"en-US\",\"potentialAction\":[{\"@type\":\"ReadAction\",\"target\":[\"https:\/\/zirzen.com\/pecina-sv-stjepana-prvomucenika\/\"]}]},{\"@type\":\"BreadcrumbList\",\"@id\":\"https:\/\/zirzen.com\/pecina-sv-stjepana-prvomucenika\/#breadcrumb\",\"itemListElement\":[{\"@type\":\"ListItem\",\"position\":1,\"name\":\"Home\",\"item\":\"https:\/\/zirzen.com\/\"},{\"@type\":\"ListItem\",\"position\":2,\"name\":\"Pe\u0107ina Sv. Stjepana Prvomu\u010denika\"}]},{\"@type\":\"WebSite\",\"@id\":\"https:\/\/zirzen.com\/#website\",\"url\":\"https:\/\/zirzen.com\/\",\"name\":\"Zir Zen\",\"description\":\"Jebi ga, kad smo ve\u0107 u Lovincu\",\"publisher\":{\"@id\":\"https:\/\/zirzen.com\/#organization\"},\"potentialAction\":[{\"@type\":\"SearchAction\",\"target\":{\"@type\":\"EntryPoint\",\"urlTemplate\":\"https:\/\/zirzen.com\/?s={search_term_string}\"},\"query-input\":\"required name=search_term_string\"}],\"inLanguage\":\"en-US\"},{\"@type\":\"Organization\",\"@id\":\"https:\/\/zirzen.com\/#organization\",\"name\":\"Zir Zen\",\"url\":\"https:\/\/zirzen.com\/\",\"logo\":{\"@type\":\"ImageObject\",\"inLanguage\":\"en-US\",\"@id\":\"https:\/\/zirzen.com\/#\/schema\/logo\/image\/\",\"url\":\"https:\/\/zirzen.com\/wp-content\/uploads\/2023\/07\/cropped-Picture1.png\",\"contentUrl\":\"https:\/\/zirzen.com\/wp-content\/uploads\/2023\/07\/cropped-Picture1.png\",\"width\":512,\"height\":512,\"caption\":\"Zir Zen\"},\"image\":{\"@id\":\"https:\/\/zirzen.com\/#\/schema\/logo\/image\/\"}}]}<\/script>\n<!-- \/ Yoast SEO plugin. -->","yoast_head_json":{"title":"Pe\u0107ina Sv. Stjepana Prvomu\u010denika - Zir Zen","robots":{"index":"index","follow":"follow","max-snippet":"max-snippet:-1","max-image-preview":"max-image-preview:large","max-video-preview":"max-video-preview:-1"},"canonical":"https:\/\/zirzen.com\/en\/pecina-sv-stjepana-prvomucenika\/","og_locale":"en_US","og_type":"article","og_title":"Pe\u0107ina Sv. Stjepana Prvomu\u010denika - Zir Zen","og_description":"Pe\u0107ina Sv. Stjepana Prvomu\u010denika Vrijeme: 27 min Klinci: DaPsi: Da Kad govorimo o boravku ljudi u pe\u0107inama, uglavnom spominjemo tisu\u0107lje\u0107a pa \u0107u i ja za ovu re\u0107i da su se u njoj ljudi sklanjali i odr\u017eavale svete mise krajem pro\u0161log tisu\u0107lje\u0107a. Da, bilo je to u vrijeme domovinskog rata. Pe\u0107ina je stvarno minijaturna i neContinue reading \"Pe\u0107ina Sv. Stjepana Prvomu\u010denika\"","og_url":"https:\/\/zirzen.com\/en\/pecina-sv-stjepana-prvomucenika\/","og_site_name":"Zir Zen","article_modified_time":"2023-10-10T19:56:50+00:00","og_image":[{"url":"https:\/\/zirzen.com\/wp-content\/uploads\/2023\/09\/Crkea-SPPM-1024x768.jpeg"}],"twitter_card":"summary_large_image","twitter_misc":{"Est. reading time":"1 minute"},"schema":{"@context":"https:\/\/schema.org","@graph":[{"@type":"WebPage","@id":"https:\/\/zirzen.com\/pecina-sv-stjepana-prvomucenika\/","url":"https:\/\/zirzen.com\/pecina-sv-stjepana-prvomucenika\/","name":"Pe\u0107ina Sv. Stjepana Prvomu\u010denika - Zir Zen","isPartOf":{"@id":"https:\/\/zirzen.com\/#website"},"datePublished":"2023-09-23T17:19:23+00:00","dateModified":"2023-10-10T19:56:50+00:00","breadcrumb":{"@id":"https:\/\/zirzen.com\/pecina-sv-stjepana-prvomucenika\/#breadcrumb"},"inLanguage":"en-US","potentialAction":[{"@type":"ReadAction","target":["https:\/\/zirzen.com\/pecina-sv-stjepana-prvomucenika\/"]}]},{"@type":"BreadcrumbList","@id":"https:\/\/zirzen.com\/pecina-sv-stjepana-prvomucenika\/#breadcrumb","itemListElement":[{"@type":"ListItem","position":1,"name":"Home","item":"https:\/\/zirzen.com\/"},{"@type":"ListItem","position":2,"name":"Pe\u0107ina Sv. Stjepana Prvomu\u010denika"}]},{"@type":"WebSite","@id":"https:\/\/zirzen.com\/#website","url":"https:\/\/zirzen.com\/","name":"Zir Zen","description":"Jebi ga, kad smo ve\u0107 u Lovincu","publisher":{"@id":"https:\/\/zirzen.com\/#organization"},"potentialAction":[{"@type":"SearchAction","target":{"@type":"EntryPoint","urlTemplate":"https:\/\/zirzen.com\/?s={search_term_string}"},"query-input":"required name=search_term_string"}],"inLanguage":"en-US"},{"@type":"Organization","@id":"https:\/\/zirzen.com\/#organization","name":"Zir Zen","url":"https:\/\/zirzen.com\/","logo":{"@type":"ImageObject","inLanguage":"en-US","@id":"https:\/\/zirzen.com\/#\/schema\/logo\/image\/","url":"https:\/\/zirzen.com\/wp-content\/uploads\/2023\/07\/cropped-Picture1.png","contentUrl":"https:\/\/zirzen.com\/wp-content\/uploads\/2023\/07\/cropped-Picture1.png","width":512,"height":512,"caption":"Zir Zen"},"image":{"@id":"https:\/\/zirzen.com\/#\/schema\/logo\/image\/"}}]}},"_links":{"self":[{"href":"https:\/\/zirzen.com\/en\/wp-json\/wp\/v2\/pages\/3734","targetHints":{"allow":["GET"]}}],"collection":[{"href":"https:\/\/zirzen.com\/en\/wp-json\/wp\/v2\/pages"}],"about":[{"href":"https:\/\/zirzen.com\/en\/wp-json\/wp\/v2\/types\/page"}],"author":[{"embeddable":true,"href":"https:\/\/zirzen.com\/en\/wp-json\/wp\/v2\/users\/1"}],"replies":[{"embeddable":true,"href":"https:\/\/zirzen.com\/en\/wp-json\/wp\/v2\/comments?post=3734"}],"version-history":[{"count":9,"href":"https:\/\/zirzen.com\/en\/wp-json\/wp\/v2\/pages\/3734\/revisions"}],"predecessor-version":[{"id":4253,"href":"https:\/\/zirzen.com\/en\/wp-json\/wp\/v2\/pages\/3734\/revisions\/4253"}],"wp:attachment":[{"href":"https:\/\/zirzen.com\/en\/wp-json\/wp\/v2\/media?parent=3734"}],"curies":[{"name":"wp","href":"https:\/\/api.w.org\/{rel}","templated":true}]}}