{"id":3748,"date":"2023-09-24T12:48:47","date_gmt":"2023-09-24T10:48:47","guid":{"rendered":"https:\/\/zirzen.com\/?page_id=3748"},"modified":"2023-10-10T22:10:25","modified_gmt":"2023-10-10T20:10:25","slug":"visocica","status":"publish","type":"page","link":"https:\/\/zirzen.com\/en\/visocica\/","title":{"rendered":"Viso\u010dica"},"content":{"rendered":"<h2 class=\"wp-block-heading has-text-align-center\">Viso\u010dica<\/h2>\n\n\n\n<div class=\"wp-block-columns is-layout-flex wp-container-core-columns-is-layout-28f84493 wp-block-columns-is-layout-flex\">\n<div class=\"wp-block-column is-layout-flow wp-block-column-is-layout-flow\" style=\"flex-basis:33.33%\">\n<div class=\"wp-block-group attraction-left-side\"><div class=\"wp-block-group__inner-container is-layout-constrained wp-block-group-is-layout-constrained\">\n<figure class=\"wp-block-image size-large agl agl-fadeCSS agl-in-distance-1\"><img loading=\"lazy\" decoding=\"async\" width=\"1024\" height=\"768\" src=\"https:\/\/zirzen.com\/wp-content\/uploads\/2023\/09\/Visocica-1024x768.jpg\" alt=\"\" class=\"wp-image-3753\" srcset=\"https:\/\/zirzen.com\/wp-content\/uploads\/2023\/09\/Visocica-1024x768.jpg 1024w, https:\/\/zirzen.com\/wp-content\/uploads\/2023\/09\/Visocica-300x225.jpg 300w, https:\/\/zirzen.com\/wp-content\/uploads\/2023\/09\/Visocica-768x576.jpg 768w, https:\/\/zirzen.com\/wp-content\/uploads\/2023\/09\/Visocica-1536x1152.jpg 1536w, https:\/\/zirzen.com\/wp-content\/uploads\/2023\/09\/Visocica-2048x1536.jpg 2048w, https:\/\/zirzen.com\/wp-content\/uploads\/2023\/09\/Visocica-16x12.jpg 16w, https:\/\/zirzen.com\/wp-content\/uploads\/2023\/09\/Visocica-1568x1176.jpg 1568w\" sizes=\"auto, (max-width: 1024px) 100vw, 1024px\" \/><\/figure>\n\n\n\n<p class=\"has-text-align-center attraction-links has-small-font-size\"><a href=\"https:\/\/planinarenje.hr\/staze\/rizvanusa-cijevi-pod-pijeskom-visocica?odrediste=visocica-vrh\" target=\"_blank\" rel=\"noreferrer noopener\"><i class=\"fas fa-map-location-dot\"><\/i><\/a><\/p>\n<\/div><\/div>\n\n\n\n<p class=\"has-text-align-left has-small-font-size\"><strong>Time:<\/strong> 120 min <i class=\"fas fa-car\"><\/i> + 45 min <i class=\"fas fa-person-hiking\"><\/i><br><strong>Kids:<\/strong> Yes<br><strong>Dogs:<\/strong> Yes<\/p>\n\n\n\n<hr class=\"wp-block-separator has-alpha-channel-opacity\"\/>\n\n\n\n<div class=\"wp-block-buttons has-custom-font-size has-small-font-size agl agl-wipeCSS agl-in-distance-1 is-content-justification-center is-layout-flex wp-container-core-buttons-is-layout-a89b3969 wp-block-buttons-is-layout-flex\">\n<div class=\"wp-block-button is-style-fill\"><a class=\"wp-block-button__link has-foreground-color has-text-color has-background wp-element-button\" style=\"border-radius:16px;background-color:#d7d7d7;padding-top:10px;padding-right:10px;padding-bottom:10px;padding-left:10px\"><i class=\"fas fa-mountain-sun\"><\/i><\/a><\/div>\n\n\n\n<div class=\"wp-block-button is-style-fill\"><a class=\"wp-block-button__link has-foreground-color has-text-color has-background wp-element-button\" style=\"border-radius:16px;background-color:#d7d7d7;padding-top:10px;padding-right:10px;padding-bottom:10px;padding-left:10px\"><i class=\"fas fa-person-hiking\"><\/i><\/a><\/div>\n\n\n\n<div class=\"wp-block-button is-style-fill\"><a class=\"wp-block-button__link has-foreground-color has-text-color has-background wp-element-button\" style=\"border-radius:16px;background-color:#d7d7d7;padding-top:10px;padding-right:10px;padding-bottom:10px;padding-left:10px\"><i class=\"fas fa-camera\"><\/i><\/a><\/div>\n\n\n\n<div class=\"wp-block-button is-style-fill\"><a class=\"wp-block-button__link has-foreground-color has-text-color has-background wp-element-button\" style=\"border-radius:16px;background-color:#d7d7d7;padding-top:10px;padding-right:10px;padding-bottom:10px;padding-left:10px\"><i class=\"fas fa-eye\"><\/i><\/a><\/div>\n<\/div>\n<\/div>\n\n\n\n<div class=\"wp-block-column is-layout-flow wp-block-column-is-layout-flow\" style=\"flex-basis:66.66%\">\n<p class=\"has-small-font-size\">I am one of the lucky ones who flew 500 meters above Viso\u010dica with a paraglider, and I don't believe that something will so easily push that view off my top list. You don't need wings to enjoy the view. Only the legs are enough, because after Sveto Brdo, Viso\u010dica offers the most beautiful view on South Velebit.<\/p>\n\n\n\n<p class=\"has-small-font-size\">As a rule, paragliding equipment is heavy and when you hear that it is being flown from a peak, you can with a very high probability conclude that it can be reached by car or, as is the case here, that the climb is not too long and tiring.<\/p>\n\n\n\n<p class=\"has-small-font-size\">Although there are longer tours to this 1,615-meter-high peak, I always go by car to the bottom of the Jadrina poljana, and continue on foot. The ascent takes about 45 minutes, which should not be a problem for anyone. I once bivouaced on the summit, although there is no convenient flat spot that is not exposed to the wind. That night I enjoyed the view of the lights of Gospi\u0107 City.<\/p>\n<\/div>\n<\/div>\n\n\n\n<div class=\"wp-block-group has-background has-small-font-size\" style=\"background-color:#f1f1f1\"><div class=\"wp-block-group__inner-container is-layout-constrained wp-block-group-is-layout-constrained\">\n<div class=\"leaflet-map WPLeafletMap\" style=\"height:450px; width:100%;\"><\/div><script>\nwindow.WPLeafletMapPlugin = window.WPLeafletMapPlugin || [];\nwindow.WPLeafletMapPlugin.push(function WPLeafletMapShortcode() {\/*<script>*\/\nvar baseUrl = atob('aHR0cHM6Ly97c30udGlsZS5vcGVuc3RyZWV0bWFwLm9yZy97en0ve3h9L3t5fS5wbmc=');\nvar base = (!baseUrl && window.MQ) ? \n    window.MQ.mapLayer() : L.tileLayer(baseUrl, \n        L.Util.extend({}, {\n            detectRetina: 0,\n        }, \n        {\"subdomains\":\"abc\",\"noWrap\":false}        )\n    );\n    var options = L.Util.extend({}, {\n        layers: [base],\n        attributionControl: false\n    }, \n    {\"zoomControl\":true,\"scrollWheelZoom\":true,\"doubleClickZoom\":false,\"fitBounds\":false,\"minZoom\":0,\"maxZoom\":19,\"maxBounds\":null,\"attribution\":\"<a href=\\\"http:\\\/\\\/leafletjs.com\\\" title=\\\"A JS library for interactive maps\\\">Leaflet<\\\/a>; \\u00a9 <a href=\\\"http:\\\/\\\/www.openstreetmap.org\\\/copyright\\\">OpenStreetMap<\\\/a> contributors\"}, \n    {});\nwindow.WPLeafletMapPlugin.createMap(options).setView([44.42963,15.37144],12);});<\/script>\n\n<script>\nwindow.WPLeafletMapPlugin = window.WPLeafletMapPlugin || [];\nwindow.WPLeafletMapPlugin.push(function WPLeafletMarkerShortcode() {\/*<script>*\/\nvar map = window.WPLeafletMapPlugin.getCurrentMap();\nvar group = window.WPLeafletMapPlugin.getCurrentGroup();\nvar marker_options = window.WPLeafletMapPlugin.getIconOptions({\"svg\":true,\"background\":\"grey\",\"iconClass\":\"fas fa-parking\",\"color\":\"white\"});\nvar marker = new L.SVGMarker(\n    [44.438760741736,15.351799007424], \n    marker_options\n);\nvar is_image = map.is_image_map;\nif (marker_options.draggable) {\n    marker.on('dragend', function () {\n        var latlng = this.getLatLng();\n        var lat = latlng.lat;\n        var lng = latlng.lng;\n        if (is_image) {\n            console.log('leaflet-marker y=' + lat + ' x=' + lng);\n        } else {\n            console.log('leaflet-marker lat=' + lat + ' lng=' + lng);\n        }\n    });\n}\nmarker.addTo( group );\nmarker.bindPopup(window.WPLeafletMapPlugin.unescape('Parking Jadrina poljana'));window.WPLeafletMapPlugin.markers.push( marker );\n        });<\/script>  \n\n<script>\nwindow.WPLeafletMapPlugin = window.WPLeafletMapPlugin || [];\nwindow.WPLeafletMapPlugin.push(function WPLeafletMarkerShortcode() {\/*<script>*\/\nvar map = window.WPLeafletMapPlugin.getCurrentMap();\nvar group = window.WPLeafletMapPlugin.getCurrentGroup();\nvar marker_options = window.WPLeafletMapPlugin.getIconOptions({\"svg\":true,\"background\":\"grey\",\"iconClass\":\"fas fa-parking\",\"color\":\"white\"});\nvar marker = new L.SVGMarker(\n    [44.480125313427,15.312254945037], \n    marker_options\n);\nvar is_image = map.is_image_map;\nif (marker_options.draggable) {\n    marker.on('dragend', function () {\n        var latlng = this.getLatLng();\n        var lat = latlng.lat;\n        var lng = latlng.lng;\n        if (is_image) {\n            console.log('leaflet-marker y=' + lat + ' x=' + lng);\n        } else {\n            console.log('leaflet-marker lat=' + lat + ' lng=' + lng);\n        }\n    });\n}\nmarker.addTo( group );\nmarker.bindPopup(window.WPLeafletMapPlugin.unescape('Parking Rizvanu\u0161a'));window.WPLeafletMapPlugin.markers.push( marker );\n        });<\/script> \n\n<script>\nwindow.WPLeafletMapPlugin = window.WPLeafletMapPlugin || [];\nwindow.WPLeafletMapPlugin.push(function WPLeafletMarkerShortcode() {\/*<script>*\/\nvar map = window.WPLeafletMapPlugin.getCurrentMap();\nvar group = window.WPLeafletMapPlugin.getCurrentGroup();\nvar marker_options = window.WPLeafletMapPlugin.getIconOptions({\"svg\":true,\"background\":\"green\",\"iconClass\":\"fas fa-person-hiking\",\"color\":\"white\"});\nvar marker = new L.SVGMarker(\n    [44.42963,15.37144], \n    marker_options\n);\nvar is_image = map.is_image_map;\nif (marker_options.draggable) {\n    marker.on('dragend', function () {\n        var latlng = this.getLatLng();\n        var lat = latlng.lat;\n        var lng = latlng.lng;\n        if (is_image) {\n            console.log('leaflet-marker y=' + lat + ' x=' + lng);\n        } else {\n            console.log('leaflet-marker lat=' + lat + ' lng=' + lng);\n        }\n    });\n}\nmarker.addTo( group );\nmarker.bindPopup(window.WPLeafletMapPlugin.unescape('Viso\u010dica'));window.WPLeafletMapPlugin.markers.push( marker );\n        });<\/script> \n<\/div><\/div>","protected":false},"excerpt":{"rendered":"<p>Viso\u010dica Vrijeme: 120 min + 45 min Klinci: DaPsi: Da Jedan sam od sretnika koji su paragliderom letjeli 500 metara iznad Viso\u010dice i ne vjerujem da \u0107e ne\u0161to taj vidik tako lako izgurati s moje top ljestvice. Da bi u\u017eivali u pogledu nisu vam nu\u017ena krila. Dovoljne su samo noge, jer nakon Svetog Brda, Viso\u010dica<a class=\"more-link\" href=\"https:\/\/zirzen.com\/en\/visocica\/\">Continue reading <span class=\"screen-reader-text\">&#8220;Viso\u010dica&#8221;<\/span><\/a><\/p>","protected":false},"author":1,"featured_media":0,"parent":0,"menu_order":0,"comment_status":"closed","ping_status":"closed","template":"","meta":{"_monsterinsights_skip_tracking":false,"_monsterinsights_sitenote_active":false,"_monsterinsights_sitenote_note":"","_monsterinsights_sitenote_category":0,"footnotes":""},"class_list":["post-3748","page","type-page","status-publish","hentry","entry"],"yoast_head":"<!-- This site is optimized with the Yoast SEO plugin v20.13 - https:\/\/yoast.com\/wordpress\/plugins\/seo\/ -->\n<title>Viso\u010dica - Zir Zen<\/title>\n<meta name=\"robots\" content=\"index, follow, max-snippet:-1, max-image-preview:large, max-video-preview:-1\" \/>\n<link rel=\"canonical\" href=\"https:\/\/zirzen.com\/en\/visocica\/\" \/>\n<meta property=\"og:locale\" content=\"en_US\" \/>\n<meta property=\"og:type\" content=\"article\" \/>\n<meta property=\"og:title\" content=\"Viso\u010dica - Zir Zen\" \/>\n<meta property=\"og:description\" content=\"Viso\u010dica Vrijeme: 120 min + 45 min Klinci: DaPsi: Da Jedan sam od sretnika koji su paragliderom letjeli 500 metara iznad Viso\u010dice i ne vjerujem da \u0107e ne\u0161to taj vidik tako lako izgurati s moje top ljestvice. Da bi u\u017eivali u pogledu nisu vam nu\u017ena krila. Dovoljne su samo noge, jer nakon Svetog Brda, Viso\u010dicaContinue reading &quot;Viso\u010dica&quot;\" \/>\n<meta property=\"og:url\" content=\"https:\/\/zirzen.com\/en\/visocica\/\" \/>\n<meta property=\"og:site_name\" content=\"Zir Zen\" \/>\n<meta property=\"article:modified_time\" content=\"2023-10-10T20:10:25+00:00\" \/>\n<meta property=\"og:image\" content=\"https:\/\/zirzen.com\/wp-content\/uploads\/2023\/09\/Visocica-1024x768.jpg\" \/>\n<meta name=\"twitter:card\" content=\"summary_large_image\" \/>\n<meta name=\"twitter:label1\" content=\"Est. reading time\" \/>\n\t<meta name=\"twitter:data1\" content=\"2 minutes\" \/>\n<script type=\"application\/ld+json\" class=\"yoast-schema-graph\">{\"@context\":\"https:\/\/schema.org\",\"@graph\":[{\"@type\":\"WebPage\",\"@id\":\"https:\/\/zirzen.com\/visocica\/\",\"url\":\"https:\/\/zirzen.com\/visocica\/\",\"name\":\"Viso\u010dica - Zir Zen\",\"isPartOf\":{\"@id\":\"https:\/\/zirzen.com\/#website\"},\"datePublished\":\"2023-09-24T10:48:47+00:00\",\"dateModified\":\"2023-10-10T20:10:25+00:00\",\"breadcrumb\":{\"@id\":\"https:\/\/zirzen.com\/visocica\/#breadcrumb\"},\"inLanguage\":\"en-US\",\"potentialAction\":[{\"@type\":\"ReadAction\",\"target\":[\"https:\/\/zirzen.com\/visocica\/\"]}]},{\"@type\":\"BreadcrumbList\",\"@id\":\"https:\/\/zirzen.com\/visocica\/#breadcrumb\",\"itemListElement\":[{\"@type\":\"ListItem\",\"position\":1,\"name\":\"Home\",\"item\":\"https:\/\/zirzen.com\/\"},{\"@type\":\"ListItem\",\"position\":2,\"name\":\"Viso\u010dica\"}]},{\"@type\":\"WebSite\",\"@id\":\"https:\/\/zirzen.com\/#website\",\"url\":\"https:\/\/zirzen.com\/\",\"name\":\"Zir Zen\",\"description\":\"Jebi ga, kad smo ve\u0107 u Lovincu\",\"publisher\":{\"@id\":\"https:\/\/zirzen.com\/#organization\"},\"potentialAction\":[{\"@type\":\"SearchAction\",\"target\":{\"@type\":\"EntryPoint\",\"urlTemplate\":\"https:\/\/zirzen.com\/?s={search_term_string}\"},\"query-input\":\"required name=search_term_string\"}],\"inLanguage\":\"en-US\"},{\"@type\":\"Organization\",\"@id\":\"https:\/\/zirzen.com\/#organization\",\"name\":\"Zir Zen\",\"url\":\"https:\/\/zirzen.com\/\",\"logo\":{\"@type\":\"ImageObject\",\"inLanguage\":\"en-US\",\"@id\":\"https:\/\/zirzen.com\/#\/schema\/logo\/image\/\",\"url\":\"https:\/\/zirzen.com\/wp-content\/uploads\/2023\/07\/cropped-Picture1.png\",\"contentUrl\":\"https:\/\/zirzen.com\/wp-content\/uploads\/2023\/07\/cropped-Picture1.png\",\"width\":512,\"height\":512,\"caption\":\"Zir Zen\"},\"image\":{\"@id\":\"https:\/\/zirzen.com\/#\/schema\/logo\/image\/\"}}]}<\/script>\n<!-- \/ Yoast SEO plugin. -->","yoast_head_json":{"title":"Viso\u010dica - Zir Zen","robots":{"index":"index","follow":"follow","max-snippet":"max-snippet:-1","max-image-preview":"max-image-preview:large","max-video-preview":"max-video-preview:-1"},"canonical":"https:\/\/zirzen.com\/en\/visocica\/","og_locale":"en_US","og_type":"article","og_title":"Viso\u010dica - Zir Zen","og_description":"Viso\u010dica Vrijeme: 120 min + 45 min Klinci: DaPsi: Da Jedan sam od sretnika koji su paragliderom letjeli 500 metara iznad Viso\u010dice i ne vjerujem da \u0107e ne\u0161to taj vidik tako lako izgurati s moje top ljestvice. Da bi u\u017eivali u pogledu nisu vam nu\u017ena krila. Dovoljne su samo noge, jer nakon Svetog Brda, Viso\u010dicaContinue reading \"Viso\u010dica\"","og_url":"https:\/\/zirzen.com\/en\/visocica\/","og_site_name":"Zir Zen","article_modified_time":"2023-10-10T20:10:25+00:00","og_image":[{"url":"https:\/\/zirzen.com\/wp-content\/uploads\/2023\/09\/Visocica-1024x768.jpg"}],"twitter_card":"summary_large_image","twitter_misc":{"Est. reading time":"2 minutes"},"schema":{"@context":"https:\/\/schema.org","@graph":[{"@type":"WebPage","@id":"https:\/\/zirzen.com\/visocica\/","url":"https:\/\/zirzen.com\/visocica\/","name":"Viso\u010dica - Zir Zen","isPartOf":{"@id":"https:\/\/zirzen.com\/#website"},"datePublished":"2023-09-24T10:48:47+00:00","dateModified":"2023-10-10T20:10:25+00:00","breadcrumb":{"@id":"https:\/\/zirzen.com\/visocica\/#breadcrumb"},"inLanguage":"en-US","potentialAction":[{"@type":"ReadAction","target":["https:\/\/zirzen.com\/visocica\/"]}]},{"@type":"BreadcrumbList","@id":"https:\/\/zirzen.com\/visocica\/#breadcrumb","itemListElement":[{"@type":"ListItem","position":1,"name":"Home","item":"https:\/\/zirzen.com\/"},{"@type":"ListItem","position":2,"name":"Viso\u010dica"}]},{"@type":"WebSite","@id":"https:\/\/zirzen.com\/#website","url":"https:\/\/zirzen.com\/","name":"Zir Zen","description":"Jebi ga, kad smo ve\u0107 u Lovincu","publisher":{"@id":"https:\/\/zirzen.com\/#organization"},"potentialAction":[{"@type":"SearchAction","target":{"@type":"EntryPoint","urlTemplate":"https:\/\/zirzen.com\/?s={search_term_string}"},"query-input":"required name=search_term_string"}],"inLanguage":"en-US"},{"@type":"Organization","@id":"https:\/\/zirzen.com\/#organization","name":"Zir Zen","url":"https:\/\/zirzen.com\/","logo":{"@type":"ImageObject","inLanguage":"en-US","@id":"https:\/\/zirzen.com\/#\/schema\/logo\/image\/","url":"https:\/\/zirzen.com\/wp-content\/uploads\/2023\/07\/cropped-Picture1.png","contentUrl":"https:\/\/zirzen.com\/wp-content\/uploads\/2023\/07\/cropped-Picture1.png","width":512,"height":512,"caption":"Zir Zen"},"image":{"@id":"https:\/\/zirzen.com\/#\/schema\/logo\/image\/"}}]}},"_links":{"self":[{"href":"https:\/\/zirzen.com\/en\/wp-json\/wp\/v2\/pages\/3748","targetHints":{"allow":["GET"]}}],"collection":[{"href":"https:\/\/zirzen.com\/en\/wp-json\/wp\/v2\/pages"}],"about":[{"href":"https:\/\/zirzen.com\/en\/wp-json\/wp\/v2\/types\/page"}],"author":[{"embeddable":true,"href":"https:\/\/zirzen.com\/en\/wp-json\/wp\/v2\/users\/1"}],"replies":[{"embeddable":true,"href":"https:\/\/zirzen.com\/en\/wp-json\/wp\/v2\/comments?post=3748"}],"version-history":[{"count":10,"href":"https:\/\/zirzen.com\/en\/wp-json\/wp\/v2\/pages\/3748\/revisions"}],"predecessor-version":[{"id":4298,"href":"https:\/\/zirzen.com\/en\/wp-json\/wp\/v2\/pages\/3748\/revisions\/4298"}],"wp:attachment":[{"href":"https:\/\/zirzen.com\/en\/wp-json\/wp\/v2\/media?parent=3748"}],"curies":[{"name":"wp","href":"https:\/\/api.w.org\/{rel}","templated":true}]}}