{"id":3996,"date":"2023-10-02T15:53:39","date_gmt":"2023-10-02T13:53:39","guid":{"rendered":"https:\/\/zirzen.com\/?page_id=3996"},"modified":"2023-10-09T00:09:17","modified_gmt":"2023-10-08T22:09:17","slug":"vrbanova-spilja","status":"publish","type":"page","link":"https:\/\/zirzen.com\/en\/vrbanova-spilja\/","title":{"rendered":"Vrban's cave"},"content":{"rendered":"<h2 class=\"wp-block-heading has-text-align-center\">Vrban's cave<\/h2>\n\n\n\n<div class=\"wp-block-columns is-layout-flex wp-container-core-columns-is-layout-28f84493 wp-block-columns-is-layout-flex\">\n<div class=\"wp-block-column is-layout-flow wp-block-column-is-layout-flow\" style=\"flex-basis:33.33%\">\n<div class=\"wp-block-group attraction-left-side\"><div class=\"wp-block-group__inner-container is-layout-constrained wp-block-group-is-layout-constrained\">\n<figure class=\"wp-block-image size-large agl agl-fadeCSS agl-in-distance-1\"><img loading=\"lazy\" decoding=\"async\" width=\"1024\" height=\"768\" src=\"https:\/\/zirzen.com\/wp-content\/uploads\/2023\/10\/Vrbanova-spilja-01-1024x768.jpeg\" alt=\"\" class=\"wp-image-4002\" srcset=\"https:\/\/zirzen.com\/wp-content\/uploads\/2023\/10\/Vrbanova-spilja-01-1024x768.jpeg 1024w, https:\/\/zirzen.com\/wp-content\/uploads\/2023\/10\/Vrbanova-spilja-01-300x225.jpeg 300w, https:\/\/zirzen.com\/wp-content\/uploads\/2023\/10\/Vrbanova-spilja-01-768x576.jpeg 768w, https:\/\/zirzen.com\/wp-content\/uploads\/2023\/10\/Vrbanova-spilja-01-1536x1151.jpeg 1536w, https:\/\/zirzen.com\/wp-content\/uploads\/2023\/10\/Vrbanova-spilja-01-2048x1535.jpeg 2048w, https:\/\/zirzen.com\/wp-content\/uploads\/2023\/10\/Vrbanova-spilja-01-16x12.jpeg 16w, https:\/\/zirzen.com\/wp-content\/uploads\/2023\/10\/Vrbanova-spilja-01-1568x1175.jpeg 1568w\" sizes=\"auto, (max-width: 1024px) 100vw, 1024px\" \/><\/figure>\n<\/div><\/div>\n\n\n\n<p class=\"has-text-align-left has-small-font-size\"><strong>Time:<\/strong> 11 min <i class=\"fas fa-car\"><\/i> + 15 min <i class=\"fas fa-person-walking\"><\/i><br><strong>Kids:<\/strong> Yes<br><strong>Dogs:<\/strong> Yes<\/p>\n\n\n\n<hr class=\"wp-block-separator has-alpha-channel-opacity\"\/>\n\n\n\n<div class=\"wp-block-buttons has-custom-font-size has-small-font-size agl agl-wipeCSS agl-in-distance-1 is-content-justification-center is-layout-flex wp-container-core-buttons-is-layout-a89b3969 wp-block-buttons-is-layout-flex\">\n<div class=\"wp-block-button is-style-fill\"><a class=\"wp-block-button__link has-foreground-color has-text-color has-background wp-element-button\" style=\"border-radius:16px;background-color:#d7d7d7;padding-top:10px;padding-right:10px;padding-bottom:10px;padding-left:10px\"><i class=\"fas fa-icicles\"><\/i><\/a><\/div>\n\n\n\n<div class=\"wp-block-button is-style-fill\"><a class=\"wp-block-button__link has-foreground-color has-text-color has-background wp-element-button\" style=\"border-radius:16px;background-color:#d7d7d7;padding-top:10px;padding-right:10px;padding-bottom:10px;padding-left:10px\"><i class=\"fas fa-water\"><\/i><\/a><\/div>\n<\/div>\n<\/div>\n\n\n\n<div class=\"wp-block-column is-layout-flow wp-block-column-is-layout-flow\" style=\"flex-basis:66.66%\">\n<p class=\"has-small-font-size\">Vrban's cave (Vrbanova \u0161pilja) is a place that I managed to find only on the third attempt. I was thinking of giving up, because the photos I saw were not particularly interesting. It's a good thing that I persevered, because as a reward for the first time in my life I got the opportunity to take a look from the inside of the cave into which the river plunges.<\/p>\n\n\n\n<p class=\"has-small-font-size\">Usually people who live near caves know where they are, because most of them used to crawl there when they were still kids. This was not the case here. A few people who lived a kilometer or two from the cave had no idea what I was even looking for. Even Ksenija, who was there, could not remember exactly where the cave was and which way she got to it. But after a lot of effort and research, I now know how to get there, and that means, now you all know too.<\/p>\n\n\n\n<p class=\"has-small-font-size\">Park your Rimac Nevera in Vrbani, head east following the transmission line with concrete vultures. Very soon you will reach the old road and the river. Keep to the right bank and after a sharp right turn, the river disappears into the cave. I was there during the low water level and entered the cave only a few meters. It didn't seem dangerous to me, but be careful and make your own decisions about each step.<\/p>\n<\/div>\n<\/div>\n\n\n\n<div class=\"wp-block-group has-background has-small-font-size\" style=\"background-color:#f1f1f1\"><div class=\"wp-block-group__inner-container is-layout-constrained wp-block-group-is-layout-constrained\">\n<div class=\"leaflet-map WPLeafletMap\" style=\"height:450px; width:100%;\"><\/div><script>\nwindow.WPLeafletMapPlugin = window.WPLeafletMapPlugin || [];\nwindow.WPLeafletMapPlugin.push(function WPLeafletMapShortcode() {\/*<script>*\/\nvar baseUrl = atob('aHR0cHM6Ly97c30udGlsZS5vcGVuc3RyZWV0bWFwLm9yZy97en0ve3h9L3t5fS5wbmc=');\nvar base = (!baseUrl && window.MQ) ? \n    window.MQ.mapLayer() : L.tileLayer(baseUrl, \n        L.Util.extend({}, {\n            detectRetina: 0,\n        }, \n        {\"subdomains\":\"abc\",\"noWrap\":false}        )\n    );\n    var options = L.Util.extend({}, {\n        layers: [base],\n        attributionControl: false\n    }, \n    {\"zoomControl\":true,\"scrollWheelZoom\":true,\"doubleClickZoom\":false,\"fitBounds\":false,\"minZoom\":0,\"maxZoom\":19,\"maxBounds\":null,\"attribution\":\"<a href=\\\"http:\\\/\\\/leafletjs.com\\\" title=\\\"A JS library for interactive maps\\\">Leaflet<\\\/a>; \\u00a9 <a href=\\\"http:\\\/\\\/www.openstreetmap.org\\\/copyright\\\">OpenStreetMap<\\\/a> contributors\"}, \n    {});\nwindow.WPLeafletMapPlugin.createMap(options).setView([44.344417394392,15.654632988004],13);});<\/script>\n\n<script>\nwindow.WPLeafletMapPlugin = window.WPLeafletMapPlugin || [];\nwindow.WPLeafletMapPlugin.push(function WPLeafletMarkerShortcode() {\/*<script>*\/\nvar map = window.WPLeafletMapPlugin.getCurrentMap();\nvar group = window.WPLeafletMapPlugin.getCurrentGroup();\nvar marker_options = window.WPLeafletMapPlugin.getIconOptions({\"svg\":true,\"background\":\"grey\",\"iconClass\":\"fas fa-car\",\"color\":\"white\"});\nvar marker = new L.SVGMarker(\n    [44.344417394392,15.654632988004], \n    marker_options\n);\nvar is_image = map.is_image_map;\nif (marker_options.draggable) {\n    marker.on('dragend', function () {\n        var latlng = this.getLatLng();\n        var lat = latlng.lat;\n        var lng = latlng.lng;\n        if (is_image) {\n            console.log('leaflet-marker y=' + lat + ' x=' + lng);\n        } else {\n            console.log('leaflet-marker lat=' + lat + ' lng=' + lng);\n        }\n    });\n}\nmarker.addTo( group );\nmarker.bindPopup(window.WPLeafletMapPlugin.unescape('Parking'));window.WPLeafletMapPlugin.markers.push( marker );\n        });<\/script> \n\n<script>\nwindow.WPLeafletMapPlugin = window.WPLeafletMapPlugin || [];\nwindow.WPLeafletMapPlugin.push(function WPLeafletMarkerShortcode() {\/*<script>*\/\nvar map = window.WPLeafletMapPlugin.getCurrentMap();\nvar group = window.WPLeafletMapPlugin.getCurrentGroup();\nvar marker_options = window.WPLeafletMapPlugin.getIconOptions({\"svg\":true,\"background\":\"green\",\"iconClass\":\"fas fa-icicles\",\"color\":\"white\"});\nvar marker = new L.SVGMarker(\n    [44.341023970898,15.656915852434], \n    marker_options\n);\nvar is_image = map.is_image_map;\nif (marker_options.draggable) {\n    marker.on('dragend', function () {\n        var latlng = this.getLatLng();\n        var lat = latlng.lat;\n        var lng = latlng.lng;\n        if (is_image) {\n            console.log('leaflet-marker y=' + lat + ' x=' + lng);\n        } else {\n            console.log('leaflet-marker lat=' + lat + ' lng=' + lng);\n        }\n    });\n}\nmarker.addTo( group );\nmarker.bindPopup(window.WPLeafletMapPlugin.unescape('Vrbanova \u0161pilja'));window.WPLeafletMapPlugin.markers.push( marker );\n        });<\/script> \n<\/div><\/div>","protected":false},"excerpt":{"rendered":"<p>Vrbanova \u0161pilja Vrijeme: 11 min + 15 min Klinci: DaPsi: Da Vrbanova \u0161pilja je mjesto koje sam uspio prona\u0107i tek iz tre\u0107eg poku\u0161aja. Razmi\u0161ljao sam i da odustanem, jer fotografije koje sam vidio nisu bile posebno zanimljive. Dobro da sam ustrajao jer sam za nagradu prvi put u \u017eivotu dobio priliku baciti pogled iz unutra\u0161njosti<a class=\"more-link\" href=\"https:\/\/zirzen.com\/en\/vrbanova-spilja\/\">Continue reading <span class=\"screen-reader-text\">&#8220;Vrbanova \u0161pilja&#8221;<\/span><\/a><\/p>","protected":false},"author":1,"featured_media":0,"parent":0,"menu_order":0,"comment_status":"closed","ping_status":"closed","template":"","meta":{"_monsterinsights_skip_tracking":false,"_monsterinsights_sitenote_active":false,"_monsterinsights_sitenote_note":"","_monsterinsights_sitenote_category":0,"footnotes":""},"class_list":["post-3996","page","type-page","status-publish","hentry","entry"],"yoast_head":"<!-- This site is optimized with the Yoast SEO plugin v20.13 - https:\/\/yoast.com\/wordpress\/plugins\/seo\/ -->\n<title>Vrbanova \u0161pilja - Zir Zen<\/title>\n<meta name=\"robots\" content=\"index, follow, max-snippet:-1, max-image-preview:large, max-video-preview:-1\" \/>\n<link rel=\"canonical\" href=\"https:\/\/zirzen.com\/en\/vrbanova-spilja\/\" \/>\n<meta property=\"og:locale\" content=\"en_US\" \/>\n<meta property=\"og:type\" content=\"article\" \/>\n<meta property=\"og:title\" content=\"Vrbanova \u0161pilja - Zir Zen\" \/>\n<meta property=\"og:description\" content=\"Vrbanova \u0161pilja Vrijeme: 11 min + 15 min Klinci: DaPsi: Da Vrbanova \u0161pilja je mjesto koje sam uspio prona\u0107i tek iz tre\u0107eg poku\u0161aja. Razmi\u0161ljao sam i da odustanem, jer fotografije koje sam vidio nisu bile posebno zanimljive. Dobro da sam ustrajao jer sam za nagradu prvi put u \u017eivotu dobio priliku baciti pogled iz unutra\u0161njostiContinue reading &quot;Vrbanova \u0161pilja&quot;\" \/>\n<meta property=\"og:url\" content=\"https:\/\/zirzen.com\/en\/vrbanova-spilja\/\" \/>\n<meta property=\"og:site_name\" content=\"Zir Zen\" \/>\n<meta property=\"article:modified_time\" content=\"2023-10-08T22:09:17+00:00\" \/>\n<meta property=\"og:image\" content=\"https:\/\/zirzen.com\/wp-content\/uploads\/2023\/10\/Vrbanova-spilja-01-1024x768.jpeg\" \/>\n<meta name=\"twitter:card\" content=\"summary_large_image\" \/>\n<meta name=\"twitter:label1\" content=\"Est. reading time\" \/>\n\t<meta name=\"twitter:data1\" content=\"2 minutes\" \/>\n<script type=\"application\/ld+json\" class=\"yoast-schema-graph\">{\"@context\":\"https:\/\/schema.org\",\"@graph\":[{\"@type\":\"WebPage\",\"@id\":\"https:\/\/zirzen.com\/vrbanova-spilja\/\",\"url\":\"https:\/\/zirzen.com\/vrbanova-spilja\/\",\"name\":\"Vrbanova \u0161pilja - Zir Zen\",\"isPartOf\":{\"@id\":\"https:\/\/zirzen.com\/#website\"},\"datePublished\":\"2023-10-02T13:53:39+00:00\",\"dateModified\":\"2023-10-08T22:09:17+00:00\",\"breadcrumb\":{\"@id\":\"https:\/\/zirzen.com\/vrbanova-spilja\/#breadcrumb\"},\"inLanguage\":\"en-US\",\"potentialAction\":[{\"@type\":\"ReadAction\",\"target\":[\"https:\/\/zirzen.com\/vrbanova-spilja\/\"]}]},{\"@type\":\"BreadcrumbList\",\"@id\":\"https:\/\/zirzen.com\/vrbanova-spilja\/#breadcrumb\",\"itemListElement\":[{\"@type\":\"ListItem\",\"position\":1,\"name\":\"Home\",\"item\":\"https:\/\/zirzen.com\/\"},{\"@type\":\"ListItem\",\"position\":2,\"name\":\"Vrbanova \u0161pilja\"}]},{\"@type\":\"WebSite\",\"@id\":\"https:\/\/zirzen.com\/#website\",\"url\":\"https:\/\/zirzen.com\/\",\"name\":\"Zir Zen\",\"description\":\"Jebi ga, kad smo ve\u0107 u Lovincu\",\"publisher\":{\"@id\":\"https:\/\/zirzen.com\/#organization\"},\"potentialAction\":[{\"@type\":\"SearchAction\",\"target\":{\"@type\":\"EntryPoint\",\"urlTemplate\":\"https:\/\/zirzen.com\/?s={search_term_string}\"},\"query-input\":\"required name=search_term_string\"}],\"inLanguage\":\"en-US\"},{\"@type\":\"Organization\",\"@id\":\"https:\/\/zirzen.com\/#organization\",\"name\":\"Zir Zen\",\"url\":\"https:\/\/zirzen.com\/\",\"logo\":{\"@type\":\"ImageObject\",\"inLanguage\":\"en-US\",\"@id\":\"https:\/\/zirzen.com\/#\/schema\/logo\/image\/\",\"url\":\"https:\/\/zirzen.com\/wp-content\/uploads\/2023\/07\/cropped-Picture1.png\",\"contentUrl\":\"https:\/\/zirzen.com\/wp-content\/uploads\/2023\/07\/cropped-Picture1.png\",\"width\":512,\"height\":512,\"caption\":\"Zir Zen\"},\"image\":{\"@id\":\"https:\/\/zirzen.com\/#\/schema\/logo\/image\/\"}}]}<\/script>\n<!-- \/ Yoast SEO plugin. -->","yoast_head_json":{"title":"Vrbanova \u0161pilja - Zir Zen","robots":{"index":"index","follow":"follow","max-snippet":"max-snippet:-1","max-image-preview":"max-image-preview:large","max-video-preview":"max-video-preview:-1"},"canonical":"https:\/\/zirzen.com\/en\/vrbanova-spilja\/","og_locale":"en_US","og_type":"article","og_title":"Vrbanova \u0161pilja - Zir Zen","og_description":"Vrbanova \u0161pilja Vrijeme: 11 min + 15 min Klinci: DaPsi: Da Vrbanova \u0161pilja je mjesto koje sam uspio prona\u0107i tek iz tre\u0107eg poku\u0161aja. Razmi\u0161ljao sam i da odustanem, jer fotografije koje sam vidio nisu bile posebno zanimljive. Dobro da sam ustrajao jer sam za nagradu prvi put u \u017eivotu dobio priliku baciti pogled iz unutra\u0161njostiContinue reading \"Vrbanova \u0161pilja\"","og_url":"https:\/\/zirzen.com\/en\/vrbanova-spilja\/","og_site_name":"Zir Zen","article_modified_time":"2023-10-08T22:09:17+00:00","og_image":[{"url":"https:\/\/zirzen.com\/wp-content\/uploads\/2023\/10\/Vrbanova-spilja-01-1024x768.jpeg"}],"twitter_card":"summary_large_image","twitter_misc":{"Est. reading time":"2 minutes"},"schema":{"@context":"https:\/\/schema.org","@graph":[{"@type":"WebPage","@id":"https:\/\/zirzen.com\/vrbanova-spilja\/","url":"https:\/\/zirzen.com\/vrbanova-spilja\/","name":"Vrbanova \u0161pilja - Zir Zen","isPartOf":{"@id":"https:\/\/zirzen.com\/#website"},"datePublished":"2023-10-02T13:53:39+00:00","dateModified":"2023-10-08T22:09:17+00:00","breadcrumb":{"@id":"https:\/\/zirzen.com\/vrbanova-spilja\/#breadcrumb"},"inLanguage":"en-US","potentialAction":[{"@type":"ReadAction","target":["https:\/\/zirzen.com\/vrbanova-spilja\/"]}]},{"@type":"BreadcrumbList","@id":"https:\/\/zirzen.com\/vrbanova-spilja\/#breadcrumb","itemListElement":[{"@type":"ListItem","position":1,"name":"Home","item":"https:\/\/zirzen.com\/"},{"@type":"ListItem","position":2,"name":"Vrbanova \u0161pilja"}]},{"@type":"WebSite","@id":"https:\/\/zirzen.com\/#website","url":"https:\/\/zirzen.com\/","name":"Zir Zen","description":"Jebi ga, kad smo ve\u0107 u Lovincu","publisher":{"@id":"https:\/\/zirzen.com\/#organization"},"potentialAction":[{"@type":"SearchAction","target":{"@type":"EntryPoint","urlTemplate":"https:\/\/zirzen.com\/?s={search_term_string}"},"query-input":"required name=search_term_string"}],"inLanguage":"en-US"},{"@type":"Organization","@id":"https:\/\/zirzen.com\/#organization","name":"Zir Zen","url":"https:\/\/zirzen.com\/","logo":{"@type":"ImageObject","inLanguage":"en-US","@id":"https:\/\/zirzen.com\/#\/schema\/logo\/image\/","url":"https:\/\/zirzen.com\/wp-content\/uploads\/2023\/07\/cropped-Picture1.png","contentUrl":"https:\/\/zirzen.com\/wp-content\/uploads\/2023\/07\/cropped-Picture1.png","width":512,"height":512,"caption":"Zir Zen"},"image":{"@id":"https:\/\/zirzen.com\/#\/schema\/logo\/image\/"}}]}},"_links":{"self":[{"href":"https:\/\/zirzen.com\/en\/wp-json\/wp\/v2\/pages\/3996","targetHints":{"allow":["GET"]}}],"collection":[{"href":"https:\/\/zirzen.com\/en\/wp-json\/wp\/v2\/pages"}],"about":[{"href":"https:\/\/zirzen.com\/en\/wp-json\/wp\/v2\/types\/page"}],"author":[{"embeddable":true,"href":"https:\/\/zirzen.com\/en\/wp-json\/wp\/v2\/users\/1"}],"replies":[{"embeddable":true,"href":"https:\/\/zirzen.com\/en\/wp-json\/wp\/v2\/comments?post=3996"}],"version-history":[{"count":11,"href":"https:\/\/zirzen.com\/en\/wp-json\/wp\/v2\/pages\/3996\/revisions"}],"predecessor-version":[{"id":4223,"href":"https:\/\/zirzen.com\/en\/wp-json\/wp\/v2\/pages\/3996\/revisions\/4223"}],"wp:attachment":[{"href":"https:\/\/zirzen.com\/en\/wp-json\/wp\/v2\/media?parent=3996"}],"curies":[{"name":"wp","href":"https:\/\/api.w.org\/{rel}","templated":true}]}}