{"id":4026,"date":"2023-10-03T18:44:57","date_gmt":"2023-10-03T16:44:57","guid":{"rendered":"https:\/\/zirzen.com\/?page_id=4026"},"modified":"2023-11-06T18:47:50","modified_gmt":"2023-11-06T16:47:50","slug":"kosinjska-tiskara","status":"publish","type":"page","link":"https:\/\/zirzen.com\/en\/kosinjska-tiskara\/","title":{"rendered":"Kosinj printing house"},"content":{"rendered":"<h2 class=\"wp-block-heading has-text-align-center\">Kosinj printing house<\/h2>\n\n\n\n<div class=\"wp-block-columns is-layout-flex wp-container-core-columns-is-layout-28f84493 wp-block-columns-is-layout-flex\">\n<div class=\"wp-block-column is-layout-flow wp-block-column-is-layout-flow\" style=\"flex-basis:33.33%\">\n<div class=\"wp-block-group attraction-left-side\"><div class=\"wp-block-group__inner-container is-layout-constrained wp-block-group-is-layout-constrained\">\n<figure class=\"wp-block-image size-large agl agl-fadeCSS agl-in-distance-1\"><img loading=\"lazy\" decoding=\"async\" width=\"1024\" height=\"767\" src=\"https:\/\/zirzen.com\/wp-content\/uploads\/2023\/10\/Kosinjska-tiskara-1024x767.jpeg\" alt=\"\" class=\"wp-image-4031\" srcset=\"https:\/\/zirzen.com\/wp-content\/uploads\/2023\/10\/Kosinjska-tiskara-1024x767.jpeg 1024w, https:\/\/zirzen.com\/wp-content\/uploads\/2023\/10\/Kosinjska-tiskara-300x225.jpeg 300w, https:\/\/zirzen.com\/wp-content\/uploads\/2023\/10\/Kosinjska-tiskara-768x575.jpeg 768w, https:\/\/zirzen.com\/wp-content\/uploads\/2023\/10\/Kosinjska-tiskara-1536x1150.jpeg 1536w, https:\/\/zirzen.com\/wp-content\/uploads\/2023\/10\/Kosinjska-tiskara-2048x1533.jpeg 2048w, https:\/\/zirzen.com\/wp-content\/uploads\/2023\/10\/Kosinjska-tiskara-16x12.jpeg 16w, https:\/\/zirzen.com\/wp-content\/uploads\/2023\/10\/Kosinjska-tiskara-1568x1174.jpeg 1568w\" sizes=\"auto, (max-width: 1024px) 100vw, 1024px\" \/><\/figure>\n<\/div><\/div>\n\n\n\n<p class=\"has-text-align-left has-small-font-size\"><strong>Time:<\/strong> 67 min <i class=\"fas fa-car\"><\/i> + 4 min <i class=\"fas fa-person-walking\"><\/i><br><strong>Kids:<\/strong> Yes<br><strong>Dogs:<\/strong> Yes<\/p>\n\n\n\n<hr class=\"wp-block-separator has-alpha-channel-opacity\"\/>\n\n\n\n<div class=\"wp-block-buttons has-custom-font-size has-small-font-size agl agl-wipeCSS agl-in-distance-1 is-content-justification-center is-layout-flex wp-container-core-buttons-is-layout-a89b3969 wp-block-buttons-is-layout-flex\">\n<div class=\"wp-block-button is-style-fill\"><a class=\"wp-block-button__link has-foreground-color has-text-color has-background wp-element-button\" style=\"border-radius:16px;background-color:#d7d7d7;padding-top:10px;padding-right:10px;padding-bottom:10px;padding-left:10px\"><i class=\"fas fa-clock-rotate-left\"><\/i><\/a><\/div>\n<\/div>\n<\/div>\n\n\n\n<div class=\"wp-block-column is-layout-flow wp-block-column-is-layout-flow\" style=\"flex-basis:66.66%\">\n<p class=\"has-small-font-size\">Only 27 years after the Bible published by Mr. Gutenberg came out of the press, the family of An\u017e Frankopan founded the first printing house in Croatia in this locality. Moreover, it was probably the first printing house among the southern Slavs.<\/p>\n\n\n\n<p class=\"has-small-font-size\">And that, historically speaking, is more or less all you should know. Because of this printing house, Kosinj flaunts itself on the map of the first printing houses in the Gutenberg Museum in Mainz. Another interesting thing is that it is not clear what the exact name of the place where the printing press was located was. At least it's not clear to me.<\/p>\n\n\n\n<p class=\"has-small-font-size\">There are several contradictory info boards on the site, two of which were put up by \"Dru\u0161tvo Hrvat\" and \"\u010cakavska katedra \u0160opron\". On the first info board it says: \"In this place in the Kosinj valley, in the town of Ribnik, the Frankopan family founded the first printing house 540 years ago...\" When is it \"540 years ago\"? On another info board it is written: \"The locality of Kosinjski Ribnik is a modern-day name for this area\" and \"however, the correct name of this burg and the micro-locality of our first printing house is: the city of Kosinj.\"<\/p>\n\n\n\n<p class=\"has-small-font-size\">So maybe Ribnik, maybe Kosinj or maybe a combination of Kosinjski Ribnik?<\/p>\n<\/div>\n<\/div>\n\n\n\n<div class=\"wp-block-group has-background has-small-font-size\" style=\"background-color:#f1f1f1\"><div class=\"wp-block-group__inner-container is-layout-constrained wp-block-group-is-layout-constrained\">\n<div class=\"leaflet-map WPLeafletMap\" style=\"height:450px; width:100%;\"><\/div><script>\nwindow.WPLeafletMapPlugin = window.WPLeafletMapPlugin || [];\nwindow.WPLeafletMapPlugin.push(function WPLeafletMapShortcode() {\/*<script>*\/\nvar baseUrl = atob('aHR0cHM6Ly97c30udGlsZS5vcGVuc3RyZWV0bWFwLm9yZy97en0ve3h9L3t5fS5wbmc=');\nvar base = (!baseUrl && window.MQ) ? \n    window.MQ.mapLayer() : L.tileLayer(baseUrl, \n        L.Util.extend({}, {\n            detectRetina: 0,\n        }, \n        {\"subdomains\":\"abc\",\"noWrap\":false}        )\n    );\n    var options = L.Util.extend({}, {\n        layers: [base],\n        attributionControl: false\n    }, \n    {\"zoomControl\":true,\"scrollWheelZoom\":true,\"doubleClickZoom\":false,\"fitBounds\":false,\"minZoom\":0,\"maxZoom\":19,\"maxBounds\":null,\"attribution\":\"<a href=\\\"http:\\\/\\\/leafletjs.com\\\" title=\\\"A JS library for interactive maps\\\">Leaflet<\\\/a>; \\u00a9 <a href=\\\"http:\\\/\\\/www.openstreetmap.org\\\/copyright\\\">OpenStreetMap<\\\/a> contributors\"}, \n    {});\nwindow.WPLeafletMapPlugin.createMap(options).setView([44.701451644336,15.213416766341],13);});<\/script>\n\n<script>\nwindow.WPLeafletMapPlugin = window.WPLeafletMapPlugin || [];\nwindow.WPLeafletMapPlugin.push(function WPLeafletMarkerShortcode() {\/*<script>*\/\nvar map = window.WPLeafletMapPlugin.getCurrentMap();\nvar group = window.WPLeafletMapPlugin.getCurrentGroup();\nvar marker_options = window.WPLeafletMapPlugin.getIconOptions({\"svg\":true,\"background\":\"grey\",\"iconClass\":\"fas fa-parking\",\"color\":\"white\"});\nvar marker = new L.SVGMarker(\n    [44.703547102402,15.219890811247], \n    marker_options\n);\nvar is_image = map.is_image_map;\nif (marker_options.draggable) {\n    marker.on('dragend', function () {\n        var latlng = this.getLatLng();\n        var lat = latlng.lat;\n        var lng = latlng.lng;\n        if (is_image) {\n            console.log('leaflet-marker y=' + lat + ' x=' + lng);\n        } else {\n            console.log('leaflet-marker lat=' + lat + ' lng=' + lng);\n        }\n    });\n}\nmarker.addTo( group );\nmarker.bindPopup(window.WPLeafletMapPlugin.unescape('Parking Ribnik'));window.WPLeafletMapPlugin.markers.push( marker );\n        });<\/script> \n\n<script>\nwindow.WPLeafletMapPlugin = window.WPLeafletMapPlugin || [];\nwindow.WPLeafletMapPlugin.push(function WPLeafletMarkerShortcode() {\/*<script>*\/\nvar map = window.WPLeafletMapPlugin.getCurrentMap();\nvar group = window.WPLeafletMapPlugin.getCurrentGroup();\nvar marker_options = window.WPLeafletMapPlugin.getIconOptions({\"svg\":true,\"background\":\"brown\",\"iconClass\":\"fas fa-clock-rotate-left\",\"color\":\"white\"});\nvar marker = new L.SVGMarker(\n    [44.701451644336,15.213416766341], \n    marker_options\n);\nvar is_image = map.is_image_map;\nif (marker_options.draggable) {\n    marker.on('dragend', function () {\n        var latlng = this.getLatLng();\n        var lat = latlng.lat;\n        var lng = latlng.lng;\n        if (is_image) {\n            console.log('leaflet-marker y=' + lat + ' x=' + lng);\n        } else {\n            console.log('leaflet-marker lat=' + lat + ' lng=' + lng);\n        }\n    });\n}\nmarker.addTo( group );\nmarker.bindPopup(window.WPLeafletMapPlugin.unescape('Kosinjska tiskara'));window.WPLeafletMapPlugin.markers.push( marker );\n        });<\/script> \n<\/div><\/div>","protected":false},"excerpt":{"rendered":"<p>Kosinjska tiskara Vrijeme: 67 min + 4 min Klinci: DaPsi: Da Samo 27 godina nakon \u0161to je iz tiska iza\u0161la Biblija u izdanju gospodina Gutenberga, obitelj An\u017ea Frankopana na ovom je lokalitetu osnovala prvu tiskaru na podru\u010dju Hrvatske. \u0160tovi\u0161e, vjerojatno se radilo i o prvoj tiskari me\u0111u ju\u017enim Slavenima. I to je, povijesno gledano, vi\u0161e<a class=\"more-link\" href=\"https:\/\/zirzen.com\/en\/kosinjska-tiskara\/\">Continue reading <span class=\"screen-reader-text\">&#8220;Kosinjska tiskara&#8221;<\/span><\/a><\/p>","protected":false},"author":1,"featured_media":0,"parent":0,"menu_order":0,"comment_status":"closed","ping_status":"closed","template":"","meta":{"_monsterinsights_skip_tracking":false,"_monsterinsights_sitenote_active":false,"_monsterinsights_sitenote_note":"","_monsterinsights_sitenote_category":0,"footnotes":""},"class_list":["post-4026","page","type-page","status-publish","hentry","entry"],"yoast_head":"<!-- This site is optimized with the Yoast SEO plugin v20.13 - https:\/\/yoast.com\/wordpress\/plugins\/seo\/ -->\n<title>Kosinjska tiskara - Zir Zen<\/title>\n<meta name=\"robots\" content=\"index, follow, max-snippet:-1, max-image-preview:large, max-video-preview:-1\" \/>\n<link rel=\"canonical\" href=\"https:\/\/zirzen.com\/en\/kosinjska-tiskara\/\" \/>\n<meta property=\"og:locale\" content=\"en_US\" \/>\n<meta property=\"og:type\" content=\"article\" \/>\n<meta property=\"og:title\" content=\"Kosinjska tiskara - Zir Zen\" \/>\n<meta property=\"og:description\" content=\"Kosinjska tiskara Vrijeme: 67 min + 4 min Klinci: DaPsi: Da Samo 27 godina nakon \u0161to je iz tiska iza\u0161la Biblija u izdanju gospodina Gutenberga, obitelj An\u017ea Frankopana na ovom je lokalitetu osnovala prvu tiskaru na podru\u010dju Hrvatske. \u0160tovi\u0161e, vjerojatno se radilo i o prvoj tiskari me\u0111u ju\u017enim Slavenima. I to je, povijesno gledano, vi\u0161eContinue reading &quot;Kosinjska tiskara&quot;\" \/>\n<meta property=\"og:url\" content=\"https:\/\/zirzen.com\/en\/kosinjska-tiskara\/\" \/>\n<meta property=\"og:site_name\" content=\"Zir Zen\" \/>\n<meta property=\"article:modified_time\" content=\"2023-11-06T16:47:50+00:00\" \/>\n<meta property=\"og:image\" content=\"https:\/\/zirzen.com\/wp-content\/uploads\/2023\/10\/Kosinjska-tiskara-1024x767.jpeg\" \/>\n<meta name=\"twitter:card\" content=\"summary_large_image\" \/>\n<meta name=\"twitter:label1\" content=\"Est. reading time\" \/>\n\t<meta name=\"twitter:data1\" content=\"2 minutes\" \/>\n<script type=\"application\/ld+json\" class=\"yoast-schema-graph\">{\"@context\":\"https:\/\/schema.org\",\"@graph\":[{\"@type\":\"WebPage\",\"@id\":\"https:\/\/zirzen.com\/kosinjska-tiskara\/\",\"url\":\"https:\/\/zirzen.com\/kosinjska-tiskara\/\",\"name\":\"Kosinjska tiskara - Zir Zen\",\"isPartOf\":{\"@id\":\"https:\/\/zirzen.com\/#website\"},\"datePublished\":\"2023-10-03T16:44:57+00:00\",\"dateModified\":\"2023-11-06T16:47:50+00:00\",\"breadcrumb\":{\"@id\":\"https:\/\/zirzen.com\/kosinjska-tiskara\/#breadcrumb\"},\"inLanguage\":\"en-US\",\"potentialAction\":[{\"@type\":\"ReadAction\",\"target\":[\"https:\/\/zirzen.com\/kosinjska-tiskara\/\"]}]},{\"@type\":\"BreadcrumbList\",\"@id\":\"https:\/\/zirzen.com\/kosinjska-tiskara\/#breadcrumb\",\"itemListElement\":[{\"@type\":\"ListItem\",\"position\":1,\"name\":\"Home\",\"item\":\"https:\/\/zirzen.com\/\"},{\"@type\":\"ListItem\",\"position\":2,\"name\":\"Kosinjska tiskara\"}]},{\"@type\":\"WebSite\",\"@id\":\"https:\/\/zirzen.com\/#website\",\"url\":\"https:\/\/zirzen.com\/\",\"name\":\"Zir Zen\",\"description\":\"Jebi ga, kad smo ve\u0107 u Lovincu\",\"publisher\":{\"@id\":\"https:\/\/zirzen.com\/#organization\"},\"potentialAction\":[{\"@type\":\"SearchAction\",\"target\":{\"@type\":\"EntryPoint\",\"urlTemplate\":\"https:\/\/zirzen.com\/?s={search_term_string}\"},\"query-input\":\"required name=search_term_string\"}],\"inLanguage\":\"en-US\"},{\"@type\":\"Organization\",\"@id\":\"https:\/\/zirzen.com\/#organization\",\"name\":\"Zir Zen\",\"url\":\"https:\/\/zirzen.com\/\",\"logo\":{\"@type\":\"ImageObject\",\"inLanguage\":\"en-US\",\"@id\":\"https:\/\/zirzen.com\/#\/schema\/logo\/image\/\",\"url\":\"https:\/\/zirzen.com\/wp-content\/uploads\/2023\/07\/cropped-Picture1.png\",\"contentUrl\":\"https:\/\/zirzen.com\/wp-content\/uploads\/2023\/07\/cropped-Picture1.png\",\"width\":512,\"height\":512,\"caption\":\"Zir Zen\"},\"image\":{\"@id\":\"https:\/\/zirzen.com\/#\/schema\/logo\/image\/\"}}]}<\/script>\n<!-- \/ Yoast SEO plugin. -->","yoast_head_json":{"title":"Kosinjska tiskara - Zir Zen","robots":{"index":"index","follow":"follow","max-snippet":"max-snippet:-1","max-image-preview":"max-image-preview:large","max-video-preview":"max-video-preview:-1"},"canonical":"https:\/\/zirzen.com\/en\/kosinjska-tiskara\/","og_locale":"en_US","og_type":"article","og_title":"Kosinjska tiskara - Zir Zen","og_description":"Kosinjska tiskara Vrijeme: 67 min + 4 min Klinci: DaPsi: Da Samo 27 godina nakon \u0161to je iz tiska iza\u0161la Biblija u izdanju gospodina Gutenberga, obitelj An\u017ea Frankopana na ovom je lokalitetu osnovala prvu tiskaru na podru\u010dju Hrvatske. \u0160tovi\u0161e, vjerojatno se radilo i o prvoj tiskari me\u0111u ju\u017enim Slavenima. I to je, povijesno gledano, vi\u0161eContinue reading \"Kosinjska tiskara\"","og_url":"https:\/\/zirzen.com\/en\/kosinjska-tiskara\/","og_site_name":"Zir Zen","article_modified_time":"2023-11-06T16:47:50+00:00","og_image":[{"url":"https:\/\/zirzen.com\/wp-content\/uploads\/2023\/10\/Kosinjska-tiskara-1024x767.jpeg"}],"twitter_card":"summary_large_image","twitter_misc":{"Est. reading time":"2 minutes"},"schema":{"@context":"https:\/\/schema.org","@graph":[{"@type":"WebPage","@id":"https:\/\/zirzen.com\/kosinjska-tiskara\/","url":"https:\/\/zirzen.com\/kosinjska-tiskara\/","name":"Kosinjska tiskara - Zir Zen","isPartOf":{"@id":"https:\/\/zirzen.com\/#website"},"datePublished":"2023-10-03T16:44:57+00:00","dateModified":"2023-11-06T16:47:50+00:00","breadcrumb":{"@id":"https:\/\/zirzen.com\/kosinjska-tiskara\/#breadcrumb"},"inLanguage":"en-US","potentialAction":[{"@type":"ReadAction","target":["https:\/\/zirzen.com\/kosinjska-tiskara\/"]}]},{"@type":"BreadcrumbList","@id":"https:\/\/zirzen.com\/kosinjska-tiskara\/#breadcrumb","itemListElement":[{"@type":"ListItem","position":1,"name":"Home","item":"https:\/\/zirzen.com\/"},{"@type":"ListItem","position":2,"name":"Kosinjska tiskara"}]},{"@type":"WebSite","@id":"https:\/\/zirzen.com\/#website","url":"https:\/\/zirzen.com\/","name":"Zir Zen","description":"Jebi ga, kad smo ve\u0107 u Lovincu","publisher":{"@id":"https:\/\/zirzen.com\/#organization"},"potentialAction":[{"@type":"SearchAction","target":{"@type":"EntryPoint","urlTemplate":"https:\/\/zirzen.com\/?s={search_term_string}"},"query-input":"required name=search_term_string"}],"inLanguage":"en-US"},{"@type":"Organization","@id":"https:\/\/zirzen.com\/#organization","name":"Zir Zen","url":"https:\/\/zirzen.com\/","logo":{"@type":"ImageObject","inLanguage":"en-US","@id":"https:\/\/zirzen.com\/#\/schema\/logo\/image\/","url":"https:\/\/zirzen.com\/wp-content\/uploads\/2023\/07\/cropped-Picture1.png","contentUrl":"https:\/\/zirzen.com\/wp-content\/uploads\/2023\/07\/cropped-Picture1.png","width":512,"height":512,"caption":"Zir Zen"},"image":{"@id":"https:\/\/zirzen.com\/#\/schema\/logo\/image\/"}}]}},"_links":{"self":[{"href":"https:\/\/zirzen.com\/en\/wp-json\/wp\/v2\/pages\/4026","targetHints":{"allow":["GET"]}}],"collection":[{"href":"https:\/\/zirzen.com\/en\/wp-json\/wp\/v2\/pages"}],"about":[{"href":"https:\/\/zirzen.com\/en\/wp-json\/wp\/v2\/types\/page"}],"author":[{"embeddable":true,"href":"https:\/\/zirzen.com\/en\/wp-json\/wp\/v2\/users\/1"}],"replies":[{"embeddable":true,"href":"https:\/\/zirzen.com\/en\/wp-json\/wp\/v2\/comments?post=4026"}],"version-history":[{"count":10,"href":"https:\/\/zirzen.com\/en\/wp-json\/wp\/v2\/pages\/4026\/revisions"}],"predecessor-version":[{"id":4452,"href":"https:\/\/zirzen.com\/en\/wp-json\/wp\/v2\/pages\/4026\/revisions\/4452"}],"wp:attachment":[{"href":"https:\/\/zirzen.com\/en\/wp-json\/wp\/v2\/media?parent=4026"}],"curies":[{"name":"wp","href":"https:\/\/api.w.org\/{rel}","templated":true}]}}