{"id":4128,"date":"2023-10-05T23:20:18","date_gmt":"2023-10-05T21:20:18","guid":{"rendered":"https:\/\/zirzen.com\/?page_id=4128"},"modified":"2023-11-06T18:36:27","modified_gmt":"2023-11-06T16:36:27","slug":"crkva-uspenja-presvete-bogorodice","status":"publish","type":"page","link":"https:\/\/zirzen.com\/en\/crkva-uspenja-presvete-bogorodice\/","title":{"rendered":"Church of the Assumption of the Blessed Madonna"},"content":{"rendered":"<h2 class=\"wp-block-heading has-text-align-center\">Church of the Assumption of the Blessed Madonna<\/h2>\n\n\n\n<div class=\"wp-block-columns is-layout-flex wp-container-core-columns-is-layout-28f84493 wp-block-columns-is-layout-flex\">\n<div class=\"wp-block-column is-layout-flow wp-block-column-is-layout-flow\" style=\"flex-basis:33.33%\">\n<figure class=\"wp-block-image size-large is-style-default agl agl-fadeCSS agl-in-distance-1\"><img loading=\"lazy\" decoding=\"async\" width=\"1024\" height=\"768\" src=\"https:\/\/zirzen.com\/wp-content\/uploads\/2023\/10\/Crkve-Uspenja-PB-01-1024x768.jpeg\" alt=\"Crkva Uspenja Presvete Bogorodice\" class=\"wp-image-4132\" srcset=\"https:\/\/zirzen.com\/wp-content\/uploads\/2023\/10\/Crkve-Uspenja-PB-01-1024x768.jpeg 1024w, https:\/\/zirzen.com\/wp-content\/uploads\/2023\/10\/Crkve-Uspenja-PB-01-300x225.jpeg 300w, https:\/\/zirzen.com\/wp-content\/uploads\/2023\/10\/Crkve-Uspenja-PB-01-768x576.jpeg 768w, https:\/\/zirzen.com\/wp-content\/uploads\/2023\/10\/Crkve-Uspenja-PB-01-1536x1152.jpeg 1536w, https:\/\/zirzen.com\/wp-content\/uploads\/2023\/10\/Crkve-Uspenja-PB-01-2048x1536.jpeg 2048w, https:\/\/zirzen.com\/wp-content\/uploads\/2023\/10\/Crkve-Uspenja-PB-01-16x12.jpeg 16w, https:\/\/zirzen.com\/wp-content\/uploads\/2023\/10\/Crkve-Uspenja-PB-01-1568x1176.jpeg 1568w\" sizes=\"auto, (max-width: 1024px) 100vw, 1024px\" \/><\/figure>\n\n\n\n<p class=\"has-text-align-left has-small-font-size\"><strong>Time:<\/strong> 26 min <i class=\"fas fa-car\"><\/i><br><strong>Kids:<\/strong> Yes<br><strong>Dogs:<\/strong> Yes<\/p>\n\n\n\n<hr class=\"wp-block-separator has-alpha-channel-opacity\"\/>\n\n\n\n<div class=\"wp-block-buttons has-custom-font-size has-small-font-size agl agl-wipeCSS agl-in-distance-1 is-content-justification-center is-layout-flex wp-container-core-buttons-is-layout-a89b3969 wp-block-buttons-is-layout-flex\">\n<div class=\"wp-block-button is-style-fill\"><a class=\"wp-block-button__link has-foreground-color has-text-color has-background wp-element-button\" style=\"border-radius:16px;background-color:#d7d7d7;padding-top:10px;padding-right:10px;padding-bottom:10px;padding-left:10px\"><i class=\"fas fa-church\"><\/i><\/a><\/div>\n\n\n\n<div class=\"wp-block-button is-style-fill\"><a class=\"wp-block-button__link has-foreground-color has-text-color has-background wp-element-button\" style=\"border-radius:16px;background-color:#d7d7d7;padding-top:10px;padding-right:10px;padding-bottom:10px;padding-left:10px\"><i class=\"fas fa-clock-rotate-left\"><\/i><\/a><\/div>\n\n\n\n<div class=\"wp-block-button is-style-fill\"><a class=\"wp-block-button__link has-foreground-color has-text-color has-background wp-element-button\" style=\"border-radius:16px;background-color:#d7d7d7;padding-top:10px;padding-right:10px;padding-bottom:10px;padding-left:10px\"><i class=\"fas fa-camera\"><\/i><\/a><\/div>\n<\/div>\n<\/div>\n\n\n\n<div class=\"wp-block-column is-layout-flow wp-block-column-is-layout-flow\" style=\"flex-basis:66.66%\">\n<p class=\"has-small-font-size\">The Church of the Assumption of the Blessed Madonna in Deringaj was destroyed in the Second World War and I hope that it will soon see the day of restoration. Maybe then I will remove it from the guide because it will be just one of many similar churches. Like this, with a bare stone skeleton, it is special.<\/p>\n\n\n\n<p class=\"has-small-font-size\">In fact, it might not be one of the many, not so much because of itself, but because of where it is. It is in the company of beautiful linden trees, which to my completely unprofessional eye look as old as the church itself. I think they sprouted somewhere around 1863. Behind the church there are monuments to Toma Mandi\u0107, Nikola Mandi\u0107 and another Toma Mandi\u0107. The last name probably doesn't mean anything to you, but they are Nikola Tesla's great-grandfather, grandfather and uncle. His mother's name was \u0110uka Mandi\u0107.<\/p>\n\n\n\n<p class=\"has-small-font-size\">The river Trebi\u017eat sinks and rises again several times, so it has as many as nine different names. Otu\u010da sinks only once and is reborn as Krupa. Admittedly, she has another name. On the board in front of the bridge next to the church its name is written as Otu\u0107a.\"<\/p>\n<\/div>\n<\/div>\n\n\n\n<div class=\"wp-block-group has-background has-small-font-size\" style=\"background-color:#f1f1f1\"><div class=\"wp-block-group__inner-container is-layout-constrained wp-block-group-is-layout-constrained\">\n<div class=\"leaflet-map WPLeafletMap\" style=\"height:450px; width:100%;\"><\/div><script>\nwindow.WPLeafletMapPlugin = window.WPLeafletMapPlugin || [];\nwindow.WPLeafletMapPlugin.push(function WPLeafletMapShortcode() {\/*<script>*\/\nvar baseUrl = atob('aHR0cHM6Ly97c30udGlsZS5vcGVuc3RyZWV0bWFwLm9yZy97en0ve3h9L3t5fS5wbmc=');\nvar base = (!baseUrl && window.MQ) ? \n    window.MQ.mapLayer() : L.tileLayer(baseUrl, \n        L.Util.extend({}, {\n            detectRetina: 0,\n        }, \n        {\"subdomains\":\"abc\",\"noWrap\":false}        )\n    );\n    var options = L.Util.extend({}, {\n        layers: [base],\n        attributionControl: false\n    }, \n    {\"zoomControl\":true,\"scrollWheelZoom\":true,\"doubleClickZoom\":false,\"fitBounds\":true,\"minZoom\":0,\"maxZoom\":19,\"maxBounds\":null,\"attribution\":\"<a href=\\\"http:\\\/\\\/leafletjs.com\\\" title=\\\"A JS library for interactive maps\\\">Leaflet<\\\/a>; \\u00a9 <a href=\\\"http:\\\/\\\/www.openstreetmap.org\\\/copyright\\\">OpenStreetMap<\\\/a> contributors\"}, \n    {});\nwindow.WPLeafletMapPlugin.createMap(options).setView([44.347103447029,15.874350400123],13);});<\/script>\n\n<script>\nwindow.WPLeafletMapPlugin = window.WPLeafletMapPlugin || [];\nwindow.WPLeafletMapPlugin.push(function WPLeafletMarkerShortcode() {\/*<script>*\/\nvar map = window.WPLeafletMapPlugin.getCurrentMap();\nvar group = window.WPLeafletMapPlugin.getCurrentGroup();\nvar marker_options = window.WPLeafletMapPlugin.getIconOptions({\"svg\":true,\"background\":\"brown\",\"iconClass\":\"fas fa-church\",\"color\":\"white\"});\nvar marker = new L.SVGMarker(\n    [44.347103447029,15.874350400123], \n    marker_options\n);\nvar is_image = map.is_image_map;\nif (marker_options.draggable) {\n    marker.on('dragend', function () {\n        var latlng = this.getLatLng();\n        var lat = latlng.lat;\n        var lng = latlng.lng;\n        if (is_image) {\n            console.log('leaflet-marker y=' + lat + ' x=' + lng);\n        } else {\n            console.log('leaflet-marker lat=' + lat + ' lng=' + lng);\n        }\n    });\n}\nmarker.addTo( group );\nmarker.bindPopup(window.WPLeafletMapPlugin.unescape('Crkva Uspenja Presvete Bogorodice')).openPopup();window.WPLeafletMapPlugin.markers.push( marker );\n        });<\/script>\n<\/div><\/div>","protected":false},"excerpt":{"rendered":"<p>Crkva Uspenja Presvete Bogorodice Vrijeme: 26 min Klinci: DaPsi: Da Crkva Uspenja Presvete Bogorodice u Deringaju uni\u0161tena je u drugom svjetskom ratu i nadam se da \u0107e uskoro do\u010dekati dan obnove. Mo\u017eda \u0107u ju tada maknuti iz vodi\u010da jer \u0107e biti samo jedna od mnogih sli\u010dnih crkava. Ovako, s ogoljenim kamenim kosturom, posebna je. Zapravo,<a class=\"more-link\" href=\"https:\/\/zirzen.com\/en\/crkva-uspenja-presvete-bogorodice\/\">Continue reading <span class=\"screen-reader-text\">&#8220;Crkva Uspenja Presvete Bogorodice&#8221;<\/span><\/a><\/p>","protected":false},"author":1,"featured_media":0,"parent":0,"menu_order":0,"comment_status":"closed","ping_status":"closed","template":"","meta":{"_monsterinsights_skip_tracking":false,"_monsterinsights_sitenote_active":false,"_monsterinsights_sitenote_note":"","_monsterinsights_sitenote_category":0,"footnotes":""},"class_list":["post-4128","page","type-page","status-publish","hentry","entry"],"yoast_head":"<!-- This site is optimized with the Yoast SEO plugin v20.13 - https:\/\/yoast.com\/wordpress\/plugins\/seo\/ -->\n<title>Crkva Uspenja Presvete Bogorodice - Zir Zen<\/title>\n<meta name=\"robots\" content=\"index, follow, max-snippet:-1, max-image-preview:large, max-video-preview:-1\" \/>\n<link rel=\"canonical\" href=\"https:\/\/zirzen.com\/en\/crkva-uspenja-presvete-bogorodice\/\" \/>\n<meta property=\"og:locale\" content=\"en_US\" \/>\n<meta property=\"og:type\" content=\"article\" \/>\n<meta property=\"og:title\" content=\"Crkva Uspenja Presvete Bogorodice - Zir Zen\" \/>\n<meta property=\"og:description\" content=\"Crkva Uspenja Presvete Bogorodice Vrijeme: 26 min Klinci: DaPsi: Da Crkva Uspenja Presvete Bogorodice u Deringaju uni\u0161tena je u drugom svjetskom ratu i nadam se da \u0107e uskoro do\u010dekati dan obnove. Mo\u017eda \u0107u ju tada maknuti iz vodi\u010da jer \u0107e biti samo jedna od mnogih sli\u010dnih crkava. Ovako, s ogoljenim kamenim kosturom, posebna je. Zapravo,Continue reading &quot;Crkva Uspenja Presvete Bogorodice&quot;\" \/>\n<meta property=\"og:url\" content=\"https:\/\/zirzen.com\/en\/crkva-uspenja-presvete-bogorodice\/\" \/>\n<meta property=\"og:site_name\" content=\"Zir Zen\" \/>\n<meta property=\"article:modified_time\" content=\"2023-11-06T16:36:27+00:00\" \/>\n<meta property=\"og:image\" content=\"https:\/\/zirzen.com\/wp-content\/uploads\/2023\/10\/Crkve-Uspenja-PB-01-1024x768.jpeg\" \/>\n<meta name=\"twitter:card\" content=\"summary_large_image\" \/>\n<meta name=\"twitter:label1\" content=\"Est. reading time\" \/>\n\t<meta name=\"twitter:data1\" content=\"2 minutes\" \/>\n<script type=\"application\/ld+json\" class=\"yoast-schema-graph\">{\"@context\":\"https:\/\/schema.org\",\"@graph\":[{\"@type\":\"WebPage\",\"@id\":\"https:\/\/zirzen.com\/crkva-uspenja-presvete-bogorodice\/\",\"url\":\"https:\/\/zirzen.com\/crkva-uspenja-presvete-bogorodice\/\",\"name\":\"Crkva Uspenja Presvete Bogorodice - Zir Zen\",\"isPartOf\":{\"@id\":\"https:\/\/zirzen.com\/#website\"},\"datePublished\":\"2023-10-05T21:20:18+00:00\",\"dateModified\":\"2023-11-06T16:36:27+00:00\",\"breadcrumb\":{\"@id\":\"https:\/\/zirzen.com\/crkva-uspenja-presvete-bogorodice\/#breadcrumb\"},\"inLanguage\":\"en-US\",\"potentialAction\":[{\"@type\":\"ReadAction\",\"target\":[\"https:\/\/zirzen.com\/crkva-uspenja-presvete-bogorodice\/\"]}]},{\"@type\":\"BreadcrumbList\",\"@id\":\"https:\/\/zirzen.com\/crkva-uspenja-presvete-bogorodice\/#breadcrumb\",\"itemListElement\":[{\"@type\":\"ListItem\",\"position\":1,\"name\":\"Home\",\"item\":\"https:\/\/zirzen.com\/\"},{\"@type\":\"ListItem\",\"position\":2,\"name\":\"Crkva Uspenja Presvete Bogorodice\"}]},{\"@type\":\"WebSite\",\"@id\":\"https:\/\/zirzen.com\/#website\",\"url\":\"https:\/\/zirzen.com\/\",\"name\":\"Zir Zen\",\"description\":\"Jebi ga, kad smo ve\u0107 u Lovincu\",\"publisher\":{\"@id\":\"https:\/\/zirzen.com\/#organization\"},\"potentialAction\":[{\"@type\":\"SearchAction\",\"target\":{\"@type\":\"EntryPoint\",\"urlTemplate\":\"https:\/\/zirzen.com\/?s={search_term_string}\"},\"query-input\":\"required name=search_term_string\"}],\"inLanguage\":\"en-US\"},{\"@type\":\"Organization\",\"@id\":\"https:\/\/zirzen.com\/#organization\",\"name\":\"Zir Zen\",\"url\":\"https:\/\/zirzen.com\/\",\"logo\":{\"@type\":\"ImageObject\",\"inLanguage\":\"en-US\",\"@id\":\"https:\/\/zirzen.com\/#\/schema\/logo\/image\/\",\"url\":\"https:\/\/zirzen.com\/wp-content\/uploads\/2023\/07\/cropped-Picture1.png\",\"contentUrl\":\"https:\/\/zirzen.com\/wp-content\/uploads\/2023\/07\/cropped-Picture1.png\",\"width\":512,\"height\":512,\"caption\":\"Zir Zen\"},\"image\":{\"@id\":\"https:\/\/zirzen.com\/#\/schema\/logo\/image\/\"}}]}<\/script>\n<!-- \/ Yoast SEO plugin. -->","yoast_head_json":{"title":"Crkva Uspenja Presvete Bogorodice - Zir Zen","robots":{"index":"index","follow":"follow","max-snippet":"max-snippet:-1","max-image-preview":"max-image-preview:large","max-video-preview":"max-video-preview:-1"},"canonical":"https:\/\/zirzen.com\/en\/crkva-uspenja-presvete-bogorodice\/","og_locale":"en_US","og_type":"article","og_title":"Crkva Uspenja Presvete Bogorodice - Zir Zen","og_description":"Crkva Uspenja Presvete Bogorodice Vrijeme: 26 min Klinci: DaPsi: Da Crkva Uspenja Presvete Bogorodice u Deringaju uni\u0161tena je u drugom svjetskom ratu i nadam se da \u0107e uskoro do\u010dekati dan obnove. Mo\u017eda \u0107u ju tada maknuti iz vodi\u010da jer \u0107e biti samo jedna od mnogih sli\u010dnih crkava. Ovako, s ogoljenim kamenim kosturom, posebna je. Zapravo,Continue reading \"Crkva Uspenja Presvete Bogorodice\"","og_url":"https:\/\/zirzen.com\/en\/crkva-uspenja-presvete-bogorodice\/","og_site_name":"Zir Zen","article_modified_time":"2023-11-06T16:36:27+00:00","og_image":[{"url":"https:\/\/zirzen.com\/wp-content\/uploads\/2023\/10\/Crkve-Uspenja-PB-01-1024x768.jpeg"}],"twitter_card":"summary_large_image","twitter_misc":{"Est. reading time":"2 minutes"},"schema":{"@context":"https:\/\/schema.org","@graph":[{"@type":"WebPage","@id":"https:\/\/zirzen.com\/crkva-uspenja-presvete-bogorodice\/","url":"https:\/\/zirzen.com\/crkva-uspenja-presvete-bogorodice\/","name":"Crkva Uspenja Presvete Bogorodice - Zir Zen","isPartOf":{"@id":"https:\/\/zirzen.com\/#website"},"datePublished":"2023-10-05T21:20:18+00:00","dateModified":"2023-11-06T16:36:27+00:00","breadcrumb":{"@id":"https:\/\/zirzen.com\/crkva-uspenja-presvete-bogorodice\/#breadcrumb"},"inLanguage":"en-US","potentialAction":[{"@type":"ReadAction","target":["https:\/\/zirzen.com\/crkva-uspenja-presvete-bogorodice\/"]}]},{"@type":"BreadcrumbList","@id":"https:\/\/zirzen.com\/crkva-uspenja-presvete-bogorodice\/#breadcrumb","itemListElement":[{"@type":"ListItem","position":1,"name":"Home","item":"https:\/\/zirzen.com\/"},{"@type":"ListItem","position":2,"name":"Crkva Uspenja Presvete Bogorodice"}]},{"@type":"WebSite","@id":"https:\/\/zirzen.com\/#website","url":"https:\/\/zirzen.com\/","name":"Zir Zen","description":"Jebi ga, kad smo ve\u0107 u Lovincu","publisher":{"@id":"https:\/\/zirzen.com\/#organization"},"potentialAction":[{"@type":"SearchAction","target":{"@type":"EntryPoint","urlTemplate":"https:\/\/zirzen.com\/?s={search_term_string}"},"query-input":"required name=search_term_string"}],"inLanguage":"en-US"},{"@type":"Organization","@id":"https:\/\/zirzen.com\/#organization","name":"Zir Zen","url":"https:\/\/zirzen.com\/","logo":{"@type":"ImageObject","inLanguage":"en-US","@id":"https:\/\/zirzen.com\/#\/schema\/logo\/image\/","url":"https:\/\/zirzen.com\/wp-content\/uploads\/2023\/07\/cropped-Picture1.png","contentUrl":"https:\/\/zirzen.com\/wp-content\/uploads\/2023\/07\/cropped-Picture1.png","width":512,"height":512,"caption":"Zir Zen"},"image":{"@id":"https:\/\/zirzen.com\/#\/schema\/logo\/image\/"}}]}},"_links":{"self":[{"href":"https:\/\/zirzen.com\/en\/wp-json\/wp\/v2\/pages\/4128","targetHints":{"allow":["GET"]}}],"collection":[{"href":"https:\/\/zirzen.com\/en\/wp-json\/wp\/v2\/pages"}],"about":[{"href":"https:\/\/zirzen.com\/en\/wp-json\/wp\/v2\/types\/page"}],"author":[{"embeddable":true,"href":"https:\/\/zirzen.com\/en\/wp-json\/wp\/v2\/users\/1"}],"replies":[{"embeddable":true,"href":"https:\/\/zirzen.com\/en\/wp-json\/wp\/v2\/comments?post=4128"}],"version-history":[{"count":5,"href":"https:\/\/zirzen.com\/en\/wp-json\/wp\/v2\/pages\/4128\/revisions"}],"predecessor-version":[{"id":4449,"href":"https:\/\/zirzen.com\/en\/wp-json\/wp\/v2\/pages\/4128\/revisions\/4449"}],"wp:attachment":[{"href":"https:\/\/zirzen.com\/en\/wp-json\/wp\/v2\/media?parent=4128"}],"curies":[{"name":"wp","href":"https:\/\/api.w.org\/{rel}","templated":true}]}}