{"id":4226,"date":"2023-10-10T21:49:46","date_gmt":"2023-10-10T19:49:46","guid":{"rendered":"https:\/\/zirzen.com\/?page_id=4226"},"modified":"2023-10-10T23:36:30","modified_gmt":"2023-10-10T21:36:30","slug":"spomen-dom-dr-ante-starcevica","status":"publish","type":"page","link":"https:\/\/zirzen.com\/en\/spomen-dom-dr-ante-starcevica\/","title":{"rendered":"Dr. Ante Star\u010devi\u0107 Memorial Home"},"content":{"rendered":"<h2 class=\"wp-block-heading has-text-align-center\">Dr. Ante Star\u010devi\u0107 Memorial Home<\/h2>\n\n\n\n<div class=\"wp-block-columns is-layout-flex wp-container-core-columns-is-layout-28f84493 wp-block-columns-is-layout-flex\">\n<div class=\"wp-block-column is-layout-flow wp-block-column-is-layout-flow\" style=\"flex-basis:33.33%\">\n<div class=\"wp-block-group attraction-left-side\"><div class=\"wp-block-group__inner-container is-layout-constrained wp-block-group-is-layout-constrained\">\n<figure class=\"wp-block-image size-large agl agl-fadeCSS agl-in-distance-1\"><img loading=\"lazy\" decoding=\"async\" width=\"1024\" height=\"768\" src=\"https:\/\/zirzen.com\/wp-content\/uploads\/2023\/10\/Spomen-dom-Ante-Starcevic-02-1024x768.jpeg\" alt=\"Spomen-dom dr. Ante Star\u010devi\u0107\" class=\"wp-image-4228\" srcset=\"https:\/\/zirzen.com\/wp-content\/uploads\/2023\/10\/Spomen-dom-Ante-Starcevic-02-1024x768.jpeg 1024w, https:\/\/zirzen.com\/wp-content\/uploads\/2023\/10\/Spomen-dom-Ante-Starcevic-02-300x225.jpeg 300w, https:\/\/zirzen.com\/wp-content\/uploads\/2023\/10\/Spomen-dom-Ante-Starcevic-02-768x576.jpeg 768w, https:\/\/zirzen.com\/wp-content\/uploads\/2023\/10\/Spomen-dom-Ante-Starcevic-02-1536x1152.jpeg 1536w, https:\/\/zirzen.com\/wp-content\/uploads\/2023\/10\/Spomen-dom-Ante-Starcevic-02-2048x1537.jpeg 2048w, https:\/\/zirzen.com\/wp-content\/uploads\/2023\/10\/Spomen-dom-Ante-Starcevic-02-16x12.jpeg 16w, https:\/\/zirzen.com\/wp-content\/uploads\/2023\/10\/Spomen-dom-Ante-Starcevic-02-1568x1176.jpeg 1568w\" sizes=\"auto, (max-width: 1024px) 100vw, 1024px\" \/><\/figure>\n\n\n\n<p class=\"has-text-align-center attraction-links has-small-font-size\"><a href=\"https:\/\/arhiv-gospic.hr\/spomen-dom-dr-ante-starcevica\/\" target=\"_blank\" rel=\"noreferrer noopener\"><i class=\"fas fa-earth-americas\"><\/i><\/a><\/p>\n<\/div><\/div>\n\n\n\n<p class=\"has-text-align-left has-small-font-size\"><strong>Time:<\/strong> 38 min <i class=\"fas fa-car\"><\/i><br><strong>Kids:<\/strong> Yes<br><strong>Dogs:<\/strong> Yes<\/p>\n\n\n\n<hr class=\"wp-block-separator has-alpha-channel-opacity\"\/>\n\n\n\n<div class=\"wp-block-buttons has-custom-font-size has-small-font-size agl agl-wipeCSS agl-in-distance-1 is-content-justification-center is-layout-flex wp-container-core-buttons-is-layout-a89b3969 wp-block-buttons-is-layout-flex\">\n<div class=\"wp-block-button is-style-fill\"><a class=\"wp-block-button__link has-foreground-color has-text-color has-background wp-element-button\" style=\"border-radius:16px;background-color:#d7d7d7;padding-top:10px;padding-right:10px;padding-bottom:10px;padding-left:10px\"><i class=\"fas fa-building-columns\"><\/i><\/a><\/div>\n\n\n\n<div class=\"wp-block-button is-style-fill\"><a class=\"wp-block-button__link has-foreground-color has-text-color has-background wp-element-button\" style=\"border-radius:16px;background-color:#d7d7d7;padding-top:10px;padding-right:10px;padding-bottom:10px;padding-left:10px\"><i class=\"fas fa-clock-rotate-left\"><\/i><\/a><\/div>\n<\/div>\n<\/div>\n\n\n\n<div class=\"wp-block-column is-layout-flow wp-block-column-is-layout-flow\" style=\"flex-basis:66.66%\">\n<p class=\"has-small-font-size\">The memorial home is managed by the State Archives in Gospi\u0107 and in this case, that is perfectly enough to correctly conclude what awaits you there. I've convinced myself many times that knowledge doesn't have to be boring at all, but here it is, so high school boring.<\/p>\n\n\n\n<p class=\"has-small-font-size\">In which house this famous Croatian politician (Father of the motherland) was born and spent the first years of his life, it is not known for sure, but it was certainly not in this one, because it was built only in 1998. Upstairs there is a multimedia hall where you can watch a documentary about, guess who? The ground floor was once decorated like a traditional Lika house, but now only archival material about the man the film is about is presented there.<\/p>\n\n\n\n<p class=\"has-small-font-size\">As Ante Star\u010devi\u0107 is not Freddie Mercury or Howard Huges, I didn't feel like reading a bunch of the same panels at first glance, so I asked the gentleman from the State Archives to show me some interesting part and he separated the bill with the costs of Star\u010devi\u0107's funeral. So, there's still a chance you'll find something interesting, but if you don't love Anta like I love eels and frogs, maybe there's no need to come.<\/p>\n\n\n\n<p class=\"has-small-font-size\">As the memorial home does not have working hours, it is necessary to announce your arrival at the State Archives in Gospi\u0107.<\/p>\n<\/div>\n<\/div>\n\n\n\n<div class=\"wp-block-group has-background has-small-font-size\" style=\"background-color:#f1f1f1\"><div class=\"wp-block-group__inner-container is-layout-constrained wp-block-group-is-layout-constrained\">\n<div class=\"leaflet-map WPLeafletMap\" style=\"height:450px; width:100%;\"><\/div><script>\nwindow.WPLeafletMapPlugin = window.WPLeafletMapPlugin || [];\nwindow.WPLeafletMapPlugin.push(function WPLeafletMapShortcode() {\/*<script>*\/\nvar baseUrl = atob('aHR0cHM6Ly97c30udGlsZS5vcGVuc3RyZWV0bWFwLm9yZy97en0ve3h9L3t5fS5wbmc=');\nvar base = (!baseUrl && window.MQ) ? \n    window.MQ.mapLayer() : L.tileLayer(baseUrl, \n        L.Util.extend({}, {\n            detectRetina: 0,\n        }, \n        {\"subdomains\":\"abc\",\"noWrap\":false}        )\n    );\n    var options = L.Util.extend({}, {\n        layers: [base],\n        attributionControl: false\n    }, \n    {\"zoomControl\":true,\"scrollWheelZoom\":true,\"doubleClickZoom\":false,\"fitBounds\":false,\"minZoom\":0,\"maxZoom\":19,\"maxBounds\":null,\"attribution\":\"<a href=\\\"http:\\\/\\\/leafletjs.com\\\" title=\\\"A JS library for interactive maps\\\">Leaflet<\\\/a>; \\u00a9 <a href=\\\"http:\\\/\\\/www.openstreetmap.org\\\/copyright\\\">OpenStreetMap<\\\/a> contributors\"}, \n    {});\nwindow.WPLeafletMapPlugin.createMap(options).setView([44.596013768051,15.343214075881],13);});<\/script>\n\n<script>\nwindow.WPLeafletMapPlugin = window.WPLeafletMapPlugin || [];\nwindow.WPLeafletMapPlugin.push(function WPLeafletMarkerShortcode() {\/*<script>*\/\nvar map = window.WPLeafletMapPlugin.getCurrentMap();\nvar group = window.WPLeafletMapPlugin.getCurrentGroup();\nvar marker_options = window.WPLeafletMapPlugin.getIconOptions({\"svg\":true,\"background\":\"brown\",\"iconClass\":\"fas fa-building-columns\",\"color\":\"white\"});\nvar marker = new L.SVGMarker(\n    [44.596013768051,15.343214075881], \n    marker_options\n);\nvar is_image = map.is_image_map;\nif (marker_options.draggable) {\n    marker.on('dragend', function () {\n        var latlng = this.getLatLng();\n        var lat = latlng.lat;\n        var lng = latlng.lng;\n        if (is_image) {\n            console.log('leaflet-marker y=' + lat + ' x=' + lng);\n        } else {\n            console.log('leaflet-marker lat=' + lat + ' lng=' + lng);\n        }\n    });\n}\nmarker.addTo( group );\nmarker.bindPopup(window.WPLeafletMapPlugin.unescape('Spomen-dom dr. Ante Star\u010devi\u0107a'));window.WPLeafletMapPlugin.markers.push( marker );\n        });<\/script>\n<\/div><\/div>","protected":false},"excerpt":{"rendered":"<p>Spomen-dom dr. Ante Star\u010devi\u0107a Vrijeme: 38 min Klinci: DaPsi: Da Spomen-domom upravlja Dr\u017eavni arhiv u Gospi\u0107u i u ovom slu\u010daju, to je savr\u0161eno dovoljno da ispravno zaklju\u010dite \u0161to vas tamo o\u010dekuje. Puno sam se puta uvjerio da znanje uop\u0107e ne mora biti dosadno, ali ovdje je, i to, ba\u0161, onako, srednjo\u0161kolski dosadno. U kojoj ku\u0107i<a class=\"more-link\" href=\"https:\/\/zirzen.com\/en\/spomen-dom-dr-ante-starcevica\/\">Continue reading <span class=\"screen-reader-text\">&#8220;Spomen-dom dr. Ante Star\u010devi\u0107a&#8221;<\/span><\/a><\/p>","protected":false},"author":1,"featured_media":0,"parent":0,"menu_order":0,"comment_status":"closed","ping_status":"closed","template":"","meta":{"_monsterinsights_skip_tracking":false,"_monsterinsights_sitenote_active":false,"_monsterinsights_sitenote_note":"","_monsterinsights_sitenote_category":0,"footnotes":""},"class_list":["post-4226","page","type-page","status-publish","hentry","entry"],"yoast_head":"<!-- This site is optimized with the Yoast SEO plugin v20.13 - https:\/\/yoast.com\/wordpress\/plugins\/seo\/ -->\n<title>Spomen-dom dr. Ante Star\u010devi\u0107a - Zir Zen<\/title>\n<meta name=\"robots\" content=\"index, follow, max-snippet:-1, max-image-preview:large, max-video-preview:-1\" \/>\n<link rel=\"canonical\" href=\"https:\/\/zirzen.com\/en\/spomen-dom-dr-ante-starcevica\/\" \/>\n<meta property=\"og:locale\" content=\"en_US\" \/>\n<meta property=\"og:type\" content=\"article\" \/>\n<meta property=\"og:title\" content=\"Spomen-dom dr. Ante Star\u010devi\u0107a - Zir Zen\" \/>\n<meta property=\"og:description\" content=\"Spomen-dom dr. Ante Star\u010devi\u0107a Vrijeme: 38 min Klinci: DaPsi: Da Spomen-domom upravlja Dr\u017eavni arhiv u Gospi\u0107u i u ovom slu\u010daju, to je savr\u0161eno dovoljno da ispravno zaklju\u010dite \u0161to vas tamo o\u010dekuje. Puno sam se puta uvjerio da znanje uop\u0107e ne mora biti dosadno, ali ovdje je, i to, ba\u0161, onako, srednjo\u0161kolski dosadno. U kojoj ku\u0107iContinue reading &quot;Spomen-dom dr. Ante Star\u010devi\u0107a&quot;\" \/>\n<meta property=\"og:url\" content=\"https:\/\/zirzen.com\/en\/spomen-dom-dr-ante-starcevica\/\" \/>\n<meta property=\"og:site_name\" content=\"Zir Zen\" \/>\n<meta property=\"article:modified_time\" content=\"2023-10-10T21:36:30+00:00\" \/>\n<meta property=\"og:image\" content=\"https:\/\/zirzen.com\/wp-content\/uploads\/2023\/10\/Spomen-dom-Ante-Starcevic-02-1024x768.jpeg\" \/>\n<meta name=\"twitter:card\" content=\"summary_large_image\" \/>\n<meta name=\"twitter:label1\" content=\"Est. reading time\" \/>\n\t<meta name=\"twitter:data1\" content=\"2 minutes\" \/>\n<script type=\"application\/ld+json\" class=\"yoast-schema-graph\">{\"@context\":\"https:\/\/schema.org\",\"@graph\":[{\"@type\":\"WebPage\",\"@id\":\"https:\/\/zirzen.com\/spomen-dom-dr-ante-starcevica\/\",\"url\":\"https:\/\/zirzen.com\/spomen-dom-dr-ante-starcevica\/\",\"name\":\"Spomen-dom dr. Ante Star\u010devi\u0107a - Zir Zen\",\"isPartOf\":{\"@id\":\"https:\/\/zirzen.com\/#website\"},\"datePublished\":\"2023-10-10T19:49:46+00:00\",\"dateModified\":\"2023-10-10T21:36:30+00:00\",\"breadcrumb\":{\"@id\":\"https:\/\/zirzen.com\/spomen-dom-dr-ante-starcevica\/#breadcrumb\"},\"inLanguage\":\"en-US\",\"potentialAction\":[{\"@type\":\"ReadAction\",\"target\":[\"https:\/\/zirzen.com\/spomen-dom-dr-ante-starcevica\/\"]}]},{\"@type\":\"BreadcrumbList\",\"@id\":\"https:\/\/zirzen.com\/spomen-dom-dr-ante-starcevica\/#breadcrumb\",\"itemListElement\":[{\"@type\":\"ListItem\",\"position\":1,\"name\":\"Home\",\"item\":\"https:\/\/zirzen.com\/\"},{\"@type\":\"ListItem\",\"position\":2,\"name\":\"Spomen-dom dr. Ante Star\u010devi\u0107a\"}]},{\"@type\":\"WebSite\",\"@id\":\"https:\/\/zirzen.com\/#website\",\"url\":\"https:\/\/zirzen.com\/\",\"name\":\"Zir Zen\",\"description\":\"Jebi ga, kad smo ve\u0107 u Lovincu\",\"publisher\":{\"@id\":\"https:\/\/zirzen.com\/#organization\"},\"potentialAction\":[{\"@type\":\"SearchAction\",\"target\":{\"@type\":\"EntryPoint\",\"urlTemplate\":\"https:\/\/zirzen.com\/?s={search_term_string}\"},\"query-input\":\"required name=search_term_string\"}],\"inLanguage\":\"en-US\"},{\"@type\":\"Organization\",\"@id\":\"https:\/\/zirzen.com\/#organization\",\"name\":\"Zir Zen\",\"url\":\"https:\/\/zirzen.com\/\",\"logo\":{\"@type\":\"ImageObject\",\"inLanguage\":\"en-US\",\"@id\":\"https:\/\/zirzen.com\/#\/schema\/logo\/image\/\",\"url\":\"https:\/\/zirzen.com\/wp-content\/uploads\/2023\/07\/cropped-Picture1.png\",\"contentUrl\":\"https:\/\/zirzen.com\/wp-content\/uploads\/2023\/07\/cropped-Picture1.png\",\"width\":512,\"height\":512,\"caption\":\"Zir Zen\"},\"image\":{\"@id\":\"https:\/\/zirzen.com\/#\/schema\/logo\/image\/\"}}]}<\/script>\n<!-- \/ Yoast SEO plugin. -->","yoast_head_json":{"title":"Spomen-dom dr. Ante Star\u010devi\u0107a - Zir Zen","robots":{"index":"index","follow":"follow","max-snippet":"max-snippet:-1","max-image-preview":"max-image-preview:large","max-video-preview":"max-video-preview:-1"},"canonical":"https:\/\/zirzen.com\/en\/spomen-dom-dr-ante-starcevica\/","og_locale":"en_US","og_type":"article","og_title":"Spomen-dom dr. Ante Star\u010devi\u0107a - Zir Zen","og_description":"Spomen-dom dr. Ante Star\u010devi\u0107a Vrijeme: 38 min Klinci: DaPsi: Da Spomen-domom upravlja Dr\u017eavni arhiv u Gospi\u0107u i u ovom slu\u010daju, to je savr\u0161eno dovoljno da ispravno zaklju\u010dite \u0161to vas tamo o\u010dekuje. Puno sam se puta uvjerio da znanje uop\u0107e ne mora biti dosadno, ali ovdje je, i to, ba\u0161, onako, srednjo\u0161kolski dosadno. U kojoj ku\u0107iContinue reading \"Spomen-dom dr. Ante Star\u010devi\u0107a\"","og_url":"https:\/\/zirzen.com\/en\/spomen-dom-dr-ante-starcevica\/","og_site_name":"Zir Zen","article_modified_time":"2023-10-10T21:36:30+00:00","og_image":[{"url":"https:\/\/zirzen.com\/wp-content\/uploads\/2023\/10\/Spomen-dom-Ante-Starcevic-02-1024x768.jpeg"}],"twitter_card":"summary_large_image","twitter_misc":{"Est. reading time":"2 minutes"},"schema":{"@context":"https:\/\/schema.org","@graph":[{"@type":"WebPage","@id":"https:\/\/zirzen.com\/spomen-dom-dr-ante-starcevica\/","url":"https:\/\/zirzen.com\/spomen-dom-dr-ante-starcevica\/","name":"Spomen-dom dr. Ante Star\u010devi\u0107a - Zir Zen","isPartOf":{"@id":"https:\/\/zirzen.com\/#website"},"datePublished":"2023-10-10T19:49:46+00:00","dateModified":"2023-10-10T21:36:30+00:00","breadcrumb":{"@id":"https:\/\/zirzen.com\/spomen-dom-dr-ante-starcevica\/#breadcrumb"},"inLanguage":"en-US","potentialAction":[{"@type":"ReadAction","target":["https:\/\/zirzen.com\/spomen-dom-dr-ante-starcevica\/"]}]},{"@type":"BreadcrumbList","@id":"https:\/\/zirzen.com\/spomen-dom-dr-ante-starcevica\/#breadcrumb","itemListElement":[{"@type":"ListItem","position":1,"name":"Home","item":"https:\/\/zirzen.com\/"},{"@type":"ListItem","position":2,"name":"Spomen-dom dr. Ante Star\u010devi\u0107a"}]},{"@type":"WebSite","@id":"https:\/\/zirzen.com\/#website","url":"https:\/\/zirzen.com\/","name":"Zir Zen","description":"Jebi ga, kad smo ve\u0107 u Lovincu","publisher":{"@id":"https:\/\/zirzen.com\/#organization"},"potentialAction":[{"@type":"SearchAction","target":{"@type":"EntryPoint","urlTemplate":"https:\/\/zirzen.com\/?s={search_term_string}"},"query-input":"required name=search_term_string"}],"inLanguage":"en-US"},{"@type":"Organization","@id":"https:\/\/zirzen.com\/#organization","name":"Zir Zen","url":"https:\/\/zirzen.com\/","logo":{"@type":"ImageObject","inLanguage":"en-US","@id":"https:\/\/zirzen.com\/#\/schema\/logo\/image\/","url":"https:\/\/zirzen.com\/wp-content\/uploads\/2023\/07\/cropped-Picture1.png","contentUrl":"https:\/\/zirzen.com\/wp-content\/uploads\/2023\/07\/cropped-Picture1.png","width":512,"height":512,"caption":"Zir Zen"},"image":{"@id":"https:\/\/zirzen.com\/#\/schema\/logo\/image\/"}}]}},"_links":{"self":[{"href":"https:\/\/zirzen.com\/en\/wp-json\/wp\/v2\/pages\/4226","targetHints":{"allow":["GET"]}}],"collection":[{"href":"https:\/\/zirzen.com\/en\/wp-json\/wp\/v2\/pages"}],"about":[{"href":"https:\/\/zirzen.com\/en\/wp-json\/wp\/v2\/types\/page"}],"author":[{"embeddable":true,"href":"https:\/\/zirzen.com\/en\/wp-json\/wp\/v2\/users\/1"}],"replies":[{"embeddable":true,"href":"https:\/\/zirzen.com\/en\/wp-json\/wp\/v2\/comments?post=4226"}],"version-history":[{"count":8,"href":"https:\/\/zirzen.com\/en\/wp-json\/wp\/v2\/pages\/4226\/revisions"}],"predecessor-version":[{"id":4304,"href":"https:\/\/zirzen.com\/en\/wp-json\/wp\/v2\/pages\/4226\/revisions\/4304"}],"wp:attachment":[{"href":"https:\/\/zirzen.com\/en\/wp-json\/wp\/v2\/media?parent=4226"}],"curies":[{"name":"wp","href":"https:\/\/api.w.org\/{rel}","templated":true}]}}