{"id":4335,"date":"2023-10-14T00:14:02","date_gmt":"2023-10-13T22:14:02","guid":{"rendered":"https:\/\/zirzen.com\/?page_id=4335"},"modified":"2023-10-15T00:27:20","modified_gmt":"2023-10-14T22:27:20","slug":"vidikovac-na-poucnoj-stazi-covjek-i-krs","status":"publish","type":"page","link":"https:\/\/zirzen.com\/en\/vidikovac-na-poucnoj-stazi-covjek-i-krs\/","title":{"rendered":"Vidikovac na pou\u010dnoj stazi \u010covjek i kr\u0161"},"content":{"rendered":"<h2 class=\"wp-block-heading has-text-align-center\">Viewpoint on the Educational Path Man and Karst<\/h2>\n\n\n\n<div class=\"wp-block-columns is-layout-flex wp-container-core-columns-is-layout-28f84493 wp-block-columns-is-layout-flex\">\n<div class=\"wp-block-column is-layout-flow wp-block-column-is-layout-flow\" style=\"flex-basis:33.33%\">\n<div class=\"wp-block-group attraction-left-side\"><div class=\"wp-block-group__inner-container is-layout-constrained wp-block-group-is-layout-constrained\">\n<figure class=\"wp-block-image size-large agl agl-fadeCSS agl-in-distance-1\"><img loading=\"lazy\" decoding=\"async\" width=\"1024\" height=\"768\" src=\"https:\/\/zirzen.com\/wp-content\/uploads\/2023\/10\/Vidikovac-Covjek-i-krs-01-1024x768.jpg\" alt=\"\" class=\"wp-image-4340\" srcset=\"https:\/\/zirzen.com\/wp-content\/uploads\/2023\/10\/Vidikovac-Covjek-i-krs-01-1024x768.jpg 1024w, https:\/\/zirzen.com\/wp-content\/uploads\/2023\/10\/Vidikovac-Covjek-i-krs-01-300x225.jpg 300w, https:\/\/zirzen.com\/wp-content\/uploads\/2023\/10\/Vidikovac-Covjek-i-krs-01-768x576.jpg 768w, https:\/\/zirzen.com\/wp-content\/uploads\/2023\/10\/Vidikovac-Covjek-i-krs-01-1536x1152.jpg 1536w, https:\/\/zirzen.com\/wp-content\/uploads\/2023\/10\/Vidikovac-Covjek-i-krs-01-2048x1536.jpg 2048w, https:\/\/zirzen.com\/wp-content\/uploads\/2023\/10\/Vidikovac-Covjek-i-krs-01-16x12.jpg 16w, https:\/\/zirzen.com\/wp-content\/uploads\/2023\/10\/Vidikovac-Covjek-i-krs-01-1568x1176.jpg 1568w\" sizes=\"auto, (max-width: 1024px) 100vw, 1024px\" \/><\/figure>\n<\/div><\/div>\n\n\n\n<p class=\"has-text-align-left has-small-font-size\"><strong>Time:<\/strong> 40 min <i class=\"fas fa-car\"><\/i> + 25 min <i class=\"fas fa-person-hiking\"><\/i><br><strong>Kids:<\/strong> Yes<br><strong>Dogs:<\/strong> Yes<\/p>\n\n\n\n<hr class=\"wp-block-separator has-alpha-channel-opacity\"\/>\n\n\n\n<div class=\"wp-block-buttons has-custom-font-size has-small-font-size agl agl-wipeCSS agl-in-distance-1 is-content-justification-center is-layout-flex wp-container-core-buttons-is-layout-a89b3969 wp-block-buttons-is-layout-flex\">\n<div class=\"wp-block-button is-style-fill\"><a class=\"wp-block-button__link has-foreground-color has-text-color has-background wp-element-button\" style=\"border-radius:16px;background-color:#d7d7d7;padding-top:10px;padding-right:10px;padding-bottom:10px;padding-left:10px\"><i class=\"fas fa-eye\"><\/i><\/a><\/div>\n\n\n\n<div class=\"wp-block-button is-style-fill\"><a class=\"wp-block-button__link has-foreground-color has-text-color has-background wp-element-button\" style=\"border-radius:16px;background-color:#d7d7d7;padding-top:10px;padding-right:10px;padding-bottom:10px;padding-left:10px\"><i class=\"fas fa-user-graduate\"><\/i><\/a><\/div>\n<\/div>\n<\/div>\n\n\n\n<div class=\"wp-block-column is-layout-flow wp-block-column-is-layout-flow\" style=\"flex-basis:66.66%\">\n<p class=\"has-small-font-size\">A viewpoint that does not have an unobstructed view of all sides of the world cannot get a perfect five. However, I'm going to make an exception for this one and put it at the very top because, in addition to having an easy approach, it also has a great foreground. Let me explain.<\/p>\n\n\n\n<p class=\"has-small-font-size\">When you want to take a photo of a viewpoint, you will most likely have to choose between photographing the viewpoint itself or the view it offers. Rarely can you have both. The fence and trees at this viewpoint are the perfect foreground, and I can't think of any Lika viewpoint that is better in this regard. Move into the forest and then take a photo. What is true for a photograph is also true for a view.<\/p>\n\n\n\n<p class=\"has-small-font-size\">You can also come to the viewpoint when Grabova\u010da Cave Park is closed. People usually come before sunset, because the view is towards the west, but I have convinced myself many times that the sunrise can be beautiful even if you don't look to the east. Come early in the morning and with a bit of luck or an accurate forecast, enjoy the sea of \u200b\u200bfog that spreads below you.<\/p>\n<\/div>\n<\/div>\n\n\n\n<div class=\"wp-block-group has-background has-small-font-size\" style=\"background-color:#f1f1f1\"><div class=\"wp-block-group__inner-container is-layout-constrained wp-block-group-is-layout-constrained\">\n<div class=\"leaflet-map WPLeafletMap\" style=\"height:450px; width:100%;\"><\/div><script>\nwindow.WPLeafletMapPlugin = window.WPLeafletMapPlugin || [];\nwindow.WPLeafletMapPlugin.push(function WPLeafletMapShortcode() {\/*<script>*\/\nvar baseUrl = atob('aHR0cHM6Ly97c30udGlsZS5vcGVuc3RyZWV0bWFwLm9yZy97en0ve3h9L3t5fS5wbmc=');\nvar base = (!baseUrl && window.MQ) ? \n    window.MQ.mapLayer() : L.tileLayer(baseUrl, \n        L.Util.extend({}, {\n            detectRetina: 0,\n        }, \n        {\"subdomains\":\"abc\",\"noWrap\":false}        )\n    );\n    var options = L.Util.extend({}, {\n        layers: [base],\n        attributionControl: false\n    }, \n    {\"zoomControl\":true,\"scrollWheelZoom\":true,\"doubleClickZoom\":false,\"fitBounds\":false,\"minZoom\":0,\"maxZoom\":19,\"maxBounds\":null,\"attribution\":\"<a href=\\\"http:\\\/\\\/leafletjs.com\\\" title=\\\"A JS library for interactive maps\\\">Leaflet<\\\/a>; \\u00a9 <a href=\\\"http:\\\/\\\/www.openstreetmap.org\\\/copyright\\\">OpenStreetMap<\\\/a> contributors\"}, \n    {});\nwindow.WPLeafletMapPlugin.createMap(options).setView([44.6426,15.35],13);});<\/script>\n\n<script>\nwindow.WPLeafletMapPlugin = window.WPLeafletMapPlugin || [];\nwindow.WPLeafletMapPlugin.push(function WPLeafletMarkerShortcode() {\/*<script>*\/\nvar map = window.WPLeafletMapPlugin.getCurrentMap();\nvar group = window.WPLeafletMapPlugin.getCurrentGroup();\nvar marker_options = window.WPLeafletMapPlugin.getIconOptions({\"svg\":true,\"background\":\"green\",\"iconClass\":\"fas fa-eye\",\"color\":\"white\"});\nvar marker = new L.SVGMarker(\n    [44.6426,15.35], \n    marker_options\n);\nvar is_image = map.is_image_map;\nif (marker_options.draggable) {\n    marker.on('dragend', function () {\n        var latlng = this.getLatLng();\n        var lat = latlng.lat;\n        var lng = latlng.lng;\n        if (is_image) {\n            console.log('leaflet-marker y=' + lat + ' x=' + lng);\n        } else {\n            console.log('leaflet-marker lat=' + lat + ' lng=' + lng);\n        }\n    });\n}\nmarker.addTo( group );\nmarker.bindPopup(window.WPLeafletMapPlugin.unescape('Vidikovac na Pou\u010dnoj stazi \u010covjek i kr\u0161'));window.WPLeafletMapPlugin.markers.push( marker );\n        });<\/script>\n<\/div><\/div>","protected":false},"excerpt":{"rendered":"<p>Vidikovac na Pou\u010dnoj stazi \u010covjek i kr\u0161 Vrijeme: 40 min + 25 min Klinci: DaPsi: Da Vidikovac koji nema neometan pogled na sve strane svijeta ne mo\u017ee dobiti \u010distu peticu. Me\u0111utim, za ovaj \u0107u napraviti izuzetak i staviti ga u sam vrh jer, osim \u0161to ima jednostavan pristup, ima i izvrstan prvi plan. Dopustite da<a class=\"more-link\" href=\"https:\/\/zirzen.com\/en\/vidikovac-na-poucnoj-stazi-covjek-i-krs\/\">Continue reading <span class=\"screen-reader-text\">&#8220;Vidikovac na pou\u010dnoj stazi \u010covjek i kr\u0161&#8221;<\/span><\/a><\/p>","protected":false},"author":1,"featured_media":0,"parent":0,"menu_order":0,"comment_status":"closed","ping_status":"closed","template":"","meta":{"_monsterinsights_skip_tracking":false,"_monsterinsights_sitenote_active":false,"_monsterinsights_sitenote_note":"","_monsterinsights_sitenote_category":0,"footnotes":""},"class_list":["post-4335","page","type-page","status-publish","hentry","entry"],"yoast_head":"<!-- This site is optimized with the Yoast SEO plugin v20.13 - https:\/\/yoast.com\/wordpress\/plugins\/seo\/ -->\n<title>Vidikovac na pou\u010dnoj stazi \u010covjek i kr\u0161 - Zir Zen<\/title>\n<meta name=\"robots\" content=\"index, follow, max-snippet:-1, max-image-preview:large, max-video-preview:-1\" \/>\n<link rel=\"canonical\" href=\"https:\/\/zirzen.com\/en\/vidikovac-na-poucnoj-stazi-covjek-i-krs\/\" \/>\n<meta property=\"og:locale\" content=\"en_US\" \/>\n<meta property=\"og:type\" content=\"article\" \/>\n<meta property=\"og:title\" content=\"Vidikovac na pou\u010dnoj stazi \u010covjek i kr\u0161 - Zir Zen\" \/>\n<meta property=\"og:description\" content=\"Vidikovac na Pou\u010dnoj stazi \u010covjek i kr\u0161 Vrijeme: 40 min + 25 min Klinci: DaPsi: Da Vidikovac koji nema neometan pogled na sve strane svijeta ne mo\u017ee dobiti \u010distu peticu. Me\u0111utim, za ovaj \u0107u napraviti izuzetak i staviti ga u sam vrh jer, osim \u0161to ima jednostavan pristup, ima i izvrstan prvi plan. Dopustite daContinue reading &quot;Vidikovac na pou\u010dnoj stazi \u010covjek i kr\u0161&quot;\" \/>\n<meta property=\"og:url\" content=\"https:\/\/zirzen.com\/en\/vidikovac-na-poucnoj-stazi-covjek-i-krs\/\" \/>\n<meta property=\"og:site_name\" content=\"Zir Zen\" \/>\n<meta property=\"article:modified_time\" content=\"2023-10-14T22:27:20+00:00\" \/>\n<meta property=\"og:image\" content=\"https:\/\/zirzen.com\/wp-content\/uploads\/2023\/10\/Vidikovac-Covjek-i-krs-01-1024x768.jpg\" \/>\n<meta name=\"twitter:card\" content=\"summary_large_image\" \/>\n<meta name=\"twitter:label1\" content=\"Est. reading time\" \/>\n\t<meta name=\"twitter:data1\" content=\"2 minutes\" \/>\n<script type=\"application\/ld+json\" class=\"yoast-schema-graph\">{\"@context\":\"https:\/\/schema.org\",\"@graph\":[{\"@type\":\"WebPage\",\"@id\":\"https:\/\/zirzen.com\/vidikovac-na-poucnoj-stazi-covjek-i-krs\/\",\"url\":\"https:\/\/zirzen.com\/vidikovac-na-poucnoj-stazi-covjek-i-krs\/\",\"name\":\"Vidikovac na pou\u010dnoj stazi \u010covjek i kr\u0161 - Zir Zen\",\"isPartOf\":{\"@id\":\"https:\/\/zirzen.com\/#website\"},\"datePublished\":\"2023-10-13T22:14:02+00:00\",\"dateModified\":\"2023-10-14T22:27:20+00:00\",\"breadcrumb\":{\"@id\":\"https:\/\/zirzen.com\/vidikovac-na-poucnoj-stazi-covjek-i-krs\/#breadcrumb\"},\"inLanguage\":\"en-US\",\"potentialAction\":[{\"@type\":\"ReadAction\",\"target\":[\"https:\/\/zirzen.com\/vidikovac-na-poucnoj-stazi-covjek-i-krs\/\"]}]},{\"@type\":\"BreadcrumbList\",\"@id\":\"https:\/\/zirzen.com\/vidikovac-na-poucnoj-stazi-covjek-i-krs\/#breadcrumb\",\"itemListElement\":[{\"@type\":\"ListItem\",\"position\":1,\"name\":\"Home\",\"item\":\"https:\/\/zirzen.com\/\"},{\"@type\":\"ListItem\",\"position\":2,\"name\":\"Vidikovac na pou\u010dnoj stazi \u010covjek i kr\u0161\"}]},{\"@type\":\"WebSite\",\"@id\":\"https:\/\/zirzen.com\/#website\",\"url\":\"https:\/\/zirzen.com\/\",\"name\":\"Zir Zen\",\"description\":\"Jebi ga, kad smo ve\u0107 u Lovincu\",\"publisher\":{\"@id\":\"https:\/\/zirzen.com\/#organization\"},\"potentialAction\":[{\"@type\":\"SearchAction\",\"target\":{\"@type\":\"EntryPoint\",\"urlTemplate\":\"https:\/\/zirzen.com\/?s={search_term_string}\"},\"query-input\":\"required name=search_term_string\"}],\"inLanguage\":\"en-US\"},{\"@type\":\"Organization\",\"@id\":\"https:\/\/zirzen.com\/#organization\",\"name\":\"Zir Zen\",\"url\":\"https:\/\/zirzen.com\/\",\"logo\":{\"@type\":\"ImageObject\",\"inLanguage\":\"en-US\",\"@id\":\"https:\/\/zirzen.com\/#\/schema\/logo\/image\/\",\"url\":\"https:\/\/zirzen.com\/wp-content\/uploads\/2023\/07\/cropped-Picture1.png\",\"contentUrl\":\"https:\/\/zirzen.com\/wp-content\/uploads\/2023\/07\/cropped-Picture1.png\",\"width\":512,\"height\":512,\"caption\":\"Zir Zen\"},\"image\":{\"@id\":\"https:\/\/zirzen.com\/#\/schema\/logo\/image\/\"}}]}<\/script>\n<!-- \/ Yoast SEO plugin. -->","yoast_head_json":{"title":"Vidikovac na pou\u010dnoj stazi \u010covjek i kr\u0161 - Zir Zen","robots":{"index":"index","follow":"follow","max-snippet":"max-snippet:-1","max-image-preview":"max-image-preview:large","max-video-preview":"max-video-preview:-1"},"canonical":"https:\/\/zirzen.com\/en\/vidikovac-na-poucnoj-stazi-covjek-i-krs\/","og_locale":"en_US","og_type":"article","og_title":"Vidikovac na pou\u010dnoj stazi \u010covjek i kr\u0161 - Zir Zen","og_description":"Vidikovac na Pou\u010dnoj stazi \u010covjek i kr\u0161 Vrijeme: 40 min + 25 min Klinci: DaPsi: Da Vidikovac koji nema neometan pogled na sve strane svijeta ne mo\u017ee dobiti \u010distu peticu. Me\u0111utim, za ovaj \u0107u napraviti izuzetak i staviti ga u sam vrh jer, osim \u0161to ima jednostavan pristup, ima i izvrstan prvi plan. Dopustite daContinue reading \"Vidikovac na pou\u010dnoj stazi \u010covjek i kr\u0161\"","og_url":"https:\/\/zirzen.com\/en\/vidikovac-na-poucnoj-stazi-covjek-i-krs\/","og_site_name":"Zir Zen","article_modified_time":"2023-10-14T22:27:20+00:00","og_image":[{"url":"https:\/\/zirzen.com\/wp-content\/uploads\/2023\/10\/Vidikovac-Covjek-i-krs-01-1024x768.jpg"}],"twitter_card":"summary_large_image","twitter_misc":{"Est. reading time":"2 minutes"},"schema":{"@context":"https:\/\/schema.org","@graph":[{"@type":"WebPage","@id":"https:\/\/zirzen.com\/vidikovac-na-poucnoj-stazi-covjek-i-krs\/","url":"https:\/\/zirzen.com\/vidikovac-na-poucnoj-stazi-covjek-i-krs\/","name":"Vidikovac na pou\u010dnoj stazi \u010covjek i kr\u0161 - Zir Zen","isPartOf":{"@id":"https:\/\/zirzen.com\/#website"},"datePublished":"2023-10-13T22:14:02+00:00","dateModified":"2023-10-14T22:27:20+00:00","breadcrumb":{"@id":"https:\/\/zirzen.com\/vidikovac-na-poucnoj-stazi-covjek-i-krs\/#breadcrumb"},"inLanguage":"en-US","potentialAction":[{"@type":"ReadAction","target":["https:\/\/zirzen.com\/vidikovac-na-poucnoj-stazi-covjek-i-krs\/"]}]},{"@type":"BreadcrumbList","@id":"https:\/\/zirzen.com\/vidikovac-na-poucnoj-stazi-covjek-i-krs\/#breadcrumb","itemListElement":[{"@type":"ListItem","position":1,"name":"Home","item":"https:\/\/zirzen.com\/"},{"@type":"ListItem","position":2,"name":"Vidikovac na pou\u010dnoj stazi \u010covjek i kr\u0161"}]},{"@type":"WebSite","@id":"https:\/\/zirzen.com\/#website","url":"https:\/\/zirzen.com\/","name":"Zir Zen","description":"Jebi ga, kad smo ve\u0107 u Lovincu","publisher":{"@id":"https:\/\/zirzen.com\/#organization"},"potentialAction":[{"@type":"SearchAction","target":{"@type":"EntryPoint","urlTemplate":"https:\/\/zirzen.com\/?s={search_term_string}"},"query-input":"required name=search_term_string"}],"inLanguage":"en-US"},{"@type":"Organization","@id":"https:\/\/zirzen.com\/#organization","name":"Zir Zen","url":"https:\/\/zirzen.com\/","logo":{"@type":"ImageObject","inLanguage":"en-US","@id":"https:\/\/zirzen.com\/#\/schema\/logo\/image\/","url":"https:\/\/zirzen.com\/wp-content\/uploads\/2023\/07\/cropped-Picture1.png","contentUrl":"https:\/\/zirzen.com\/wp-content\/uploads\/2023\/07\/cropped-Picture1.png","width":512,"height":512,"caption":"Zir Zen"},"image":{"@id":"https:\/\/zirzen.com\/#\/schema\/logo\/image\/"}}]}},"_links":{"self":[{"href":"https:\/\/zirzen.com\/en\/wp-json\/wp\/v2\/pages\/4335","targetHints":{"allow":["GET"]}}],"collection":[{"href":"https:\/\/zirzen.com\/en\/wp-json\/wp\/v2\/pages"}],"about":[{"href":"https:\/\/zirzen.com\/en\/wp-json\/wp\/v2\/types\/page"}],"author":[{"embeddable":true,"href":"https:\/\/zirzen.com\/en\/wp-json\/wp\/v2\/users\/1"}],"replies":[{"embeddable":true,"href":"https:\/\/zirzen.com\/en\/wp-json\/wp\/v2\/comments?post=4335"}],"version-history":[{"count":7,"href":"https:\/\/zirzen.com\/en\/wp-json\/wp\/v2\/pages\/4335\/revisions"}],"predecessor-version":[{"id":4386,"href":"https:\/\/zirzen.com\/en\/wp-json\/wp\/v2\/pages\/4335\/revisions\/4386"}],"wp:attachment":[{"href":"https:\/\/zirzen.com\/en\/wp-json\/wp\/v2\/media?parent=4335"}],"curies":[{"name":"wp","href":"https:\/\/api.w.org\/{rel}","templated":true}]}}