{"id":4347,"date":"2023-10-14T11:10:11","date_gmt":"2023-10-14T09:10:11","guid":{"rendered":"https:\/\/zirzen.com\/?page_id=4347"},"modified":"2023-10-15T00:29:36","modified_gmt":"2023-10-14T22:29:36","slug":"kuca-velebita","status":"publish","type":"page","link":"https:\/\/zirzen.com\/en\/kuca-velebita\/","title":{"rendered":"Velebit House"},"content":{"rendered":"<h2 class=\"wp-block-heading has-text-align-center\">Velebit House<\/h2>\n\n\n\n<div class=\"wp-block-columns is-layout-flex wp-container-core-columns-is-layout-28f84493 wp-block-columns-is-layout-flex\">\n<div class=\"wp-block-column is-layout-flow wp-block-column-is-layout-flow\" style=\"flex-basis:33.33%\">\n<div class=\"wp-block-group attraction-left-side\"><div class=\"wp-block-group__inner-container is-layout-constrained wp-block-group-is-layout-constrained\">\n<div class=\"wp-block-group attraction-left-side\"><div class=\"wp-block-group__inner-container is-layout-constrained wp-block-group-is-layout-constrained\">\n<div class=\"wp-block-group attraction-left-side\"><div class=\"wp-block-group__inner-container is-layout-constrained wp-block-group-is-layout-constrained\">\n<figure class=\"wp-block-image size-large agl agl-fadeCSS agl-in-distance-1\"><img loading=\"lazy\" decoding=\"async\" width=\"1024\" height=\"769\" src=\"https:\/\/zirzen.com\/wp-content\/uploads\/2023\/10\/Kuca-Velebita-01-1024x769.jpg\" alt=\"Buromat\" class=\"wp-image-4349\" srcset=\"https:\/\/zirzen.com\/wp-content\/uploads\/2023\/10\/Kuca-Velebita-01-1024x769.jpg 1024w, https:\/\/zirzen.com\/wp-content\/uploads\/2023\/10\/Kuca-Velebita-01-300x225.jpg 300w, https:\/\/zirzen.com\/wp-content\/uploads\/2023\/10\/Kuca-Velebita-01-768x576.jpg 768w, https:\/\/zirzen.com\/wp-content\/uploads\/2023\/10\/Kuca-Velebita-01-16x12.jpg 16w, https:\/\/zirzen.com\/wp-content\/uploads\/2023\/10\/Kuca-Velebita-01.jpg 1439w\" sizes=\"auto, (max-width: 1024px) 100vw, 1024px\" \/><\/figure>\n\n\n\n<p class=\"has-text-align-center attraction-links has-small-font-size\"><a href=\"https:\/\/www.instagram.com\/npsjevernivelebit\/\" target=\"_blank\" rel=\"noreferrer noopener\"><i class=\"fab fa-square-instagram\"><\/i><\/a> <a href=\"https:\/\/kuca-velebita.np-sjeverni-velebit.hr\/\" target=\"_blank\" rel=\"noreferrer noopener\"><i class=\"fas fa-earth-americas\"><\/i><\/a> <a href=\"https:\/\/www.facebook.com\/sjevernivelebit\" target=\"_blank\" rel=\"noreferrer noopener\"><i class=\"fab fa-facebook\"><\/i><\/a><\/p>\n<\/div><\/div>\n<\/div><\/div>\n<\/div><\/div>\n\n\n\n<p class=\"has-text-align-left has-small-font-size\"><strong>Time:<\/strong> 70 min <i class=\"fas fa-car\"><\/i><br><strong>Kids:<\/strong> Yes<br><strong>Dogs:<\/strong> Yes<\/p>\n\n\n\n<hr class=\"wp-block-separator has-alpha-channel-opacity\"\/>\n\n\n\n<div class=\"wp-block-buttons has-custom-font-size has-small-font-size agl agl-wipeCSS agl-in-distance-1 is-content-justification-center is-layout-flex wp-container-core-buttons-is-layout-a89b3969 wp-block-buttons-is-layout-flex\">\n<div class=\"wp-block-button is-style-fill\"><a class=\"wp-block-button__link has-foreground-color has-text-color has-background wp-element-button\" style=\"border-radius:16px;background-color:#d7d7d7;padding-top:10px;padding-right:10px;padding-bottom:10px;padding-left:10px\"><i class=\"fas fa-building-columns\"><\/i><\/a><\/div>\n<\/div>\n<\/div>\n\n\n\n<div class=\"wp-block-column is-layout-flow wp-block-column-is-layout-flow\" style=\"flex-basis:66.66%\">\n<p class=\"has-small-font-size\">House Velebit is a wonderful example of how, with a lot of creativity, the use of modern technologies and various forms of presentation, you can create a place where you can learn a lot while having fun and activating all your senses. I have been here three times already.<\/p>\n\n\n\n<p class=\"has-small-font-size\">Formally, this is a visitor and information center for visitors to the Northern Velebit National Park, and informally, a very cool classroom. The topic is, of course, Velebit and everything that is on it, but the focus is still on what is in its bowels. That's why they highlight the speleo lift as a special feature of the house, but for me the most fun thing is the one in front of the house, a buromat with which you can feel the gusts of wind of 110 kilometers per hour on your own skin.<\/p>\n\n\n\n<p class=\"has-small-font-size\">Right next to the House of Velebit is the Interpretation Center Krasno and you must visit it. You will realize that there is a time gap between these two houses, which are only a few meters apart, and that they are, in fact, in two different centuries.<\/p>\n<\/div>\n<\/div>\n\n\n\n<div class=\"wp-block-group has-background has-small-font-size\" style=\"background-color:#f1f1f1\"><div class=\"wp-block-group__inner-container is-layout-constrained wp-block-group-is-layout-constrained\">\n<div class=\"leaflet-map WPLeafletMap\" style=\"height:450px; width:100%;\"><\/div><script>\nwindow.WPLeafletMapPlugin = window.WPLeafletMapPlugin || [];\nwindow.WPLeafletMapPlugin.push(function WPLeafletMapShortcode() {\/*<script>*\/\nvar baseUrl = atob('aHR0cHM6Ly97c30udGlsZS5vcGVuc3RyZWV0bWFwLm9yZy97en0ve3h9L3t5fS5wbmc=');\nvar base = (!baseUrl && window.MQ) ? \n    window.MQ.mapLayer() : L.tileLayer(baseUrl, \n        L.Util.extend({}, {\n            detectRetina: 0,\n        }, \n        {\"subdomains\":\"abc\",\"noWrap\":false}        )\n    );\n    var options = L.Util.extend({}, {\n        layers: [base],\n        attributionControl: false\n    }, \n    {\"zoomControl\":true,\"scrollWheelZoom\":true,\"doubleClickZoom\":false,\"fitBounds\":false,\"minZoom\":0,\"maxZoom\":19,\"maxBounds\":null,\"attribution\":\"<a href=\\\"http:\\\/\\\/leafletjs.com\\\" title=\\\"A JS library for interactive maps\\\">Leaflet<\\\/a>; \\u00a9 <a href=\\\"http:\\\/\\\/www.openstreetmap.org\\\/copyright\\\">OpenStreetMap<\\\/a> contributors\"}, \n    {});\nwindow.WPLeafletMapPlugin.createMap(options).setView([44.820226687153,15.070994435032],13);});<\/script>\n\n<script>\nwindow.WPLeafletMapPlugin = window.WPLeafletMapPlugin || [];\nwindow.WPLeafletMapPlugin.push(function WPLeafletMarkerShortcode() {\/*<script>*\/\nvar map = window.WPLeafletMapPlugin.getCurrentMap();\nvar group = window.WPLeafletMapPlugin.getCurrentGroup();\nvar marker_options = window.WPLeafletMapPlugin.getIconOptions({\"svg\":true,\"background\":\"brown\",\"iconClass\":\"fas fa-building-columns\",\"color\":\"white\"});\nvar marker = new L.SVGMarker(\n    [44.820226687153,15.070994435032], \n    marker_options\n);\nvar is_image = map.is_image_map;\nif (marker_options.draggable) {\n    marker.on('dragend', function () {\n        var latlng = this.getLatLng();\n        var lat = latlng.lat;\n        var lng = latlng.lng;\n        if (is_image) {\n            console.log('leaflet-marker y=' + lat + ' x=' + lng);\n        } else {\n            console.log('leaflet-marker lat=' + lat + ' lng=' + lng);\n        }\n    });\n}\nmarker.addTo( group );\nmarker.bindPopup(window.WPLeafletMapPlugin.unescape('Ku\u0107a Velebita'));window.WPLeafletMapPlugin.markers.push( marker );\n        });<\/script>\n<\/div><\/div>","protected":false},"excerpt":{"rendered":"<p>Ku\u0107a Velebita Vrijeme: 70 min Klinci: DaPsi: Da Ku\u0107a Velebita je predivan primjer kako se uz puno kreativnosti, kori\u0161tenje modernih tehnologija i raznih oblika prezentacije, mo\u017ee stvoriti mjesto u kojem \u0107ete uz zabavu i aktivaciju ba\u0161 svih osjetila mnogo toga nau\u010diti. Ja sam u\u010dio ve\u0107 tri puta. Formalno, ovo je posjetiteljski i informacijski centar za<a class=\"more-link\" href=\"https:\/\/zirzen.com\/en\/kuca-velebita\/\">Continue reading <span class=\"screen-reader-text\">&#8220;Ku\u0107a Velebita&#8221;<\/span><\/a><\/p>","protected":false},"author":1,"featured_media":0,"parent":0,"menu_order":0,"comment_status":"closed","ping_status":"closed","template":"","meta":{"_monsterinsights_skip_tracking":false,"_monsterinsights_sitenote_active":false,"_monsterinsights_sitenote_note":"","_monsterinsights_sitenote_category":0,"footnotes":""},"class_list":["post-4347","page","type-page","status-publish","hentry","entry"],"yoast_head":"<!-- This site is optimized with the Yoast SEO plugin v20.13 - https:\/\/yoast.com\/wordpress\/plugins\/seo\/ -->\n<title>Ku\u0107a Velebita - Zir Zen<\/title>\n<meta name=\"robots\" content=\"index, follow, max-snippet:-1, max-image-preview:large, max-video-preview:-1\" \/>\n<link rel=\"canonical\" href=\"https:\/\/zirzen.com\/en\/kuca-velebita\/\" \/>\n<meta property=\"og:locale\" content=\"en_US\" \/>\n<meta property=\"og:type\" content=\"article\" \/>\n<meta property=\"og:title\" content=\"Ku\u0107a Velebita - Zir Zen\" \/>\n<meta property=\"og:description\" content=\"Ku\u0107a Velebita Vrijeme: 70 min Klinci: DaPsi: Da Ku\u0107a Velebita je predivan primjer kako se uz puno kreativnosti, kori\u0161tenje modernih tehnologija i raznih oblika prezentacije, mo\u017ee stvoriti mjesto u kojem \u0107ete uz zabavu i aktivaciju ba\u0161 svih osjetila mnogo toga nau\u010diti. Ja sam u\u010dio ve\u0107 tri puta. Formalno, ovo je posjetiteljski i informacijski centar zaContinue reading &quot;Ku\u0107a Velebita&quot;\" \/>\n<meta property=\"og:url\" content=\"https:\/\/zirzen.com\/en\/kuca-velebita\/\" \/>\n<meta property=\"og:site_name\" content=\"Zir Zen\" \/>\n<meta property=\"article:modified_time\" content=\"2023-10-14T22:29:36+00:00\" \/>\n<meta property=\"og:image\" content=\"https:\/\/zirzen.com\/wp-content\/uploads\/2023\/10\/Kuca-Velebita-01-1024x769.jpg\" \/>\n<meta name=\"twitter:card\" content=\"summary_large_image\" \/>\n<meta name=\"twitter:label1\" content=\"Est. reading time\" \/>\n\t<meta name=\"twitter:data1\" content=\"2 minutes\" \/>\n<script type=\"application\/ld+json\" class=\"yoast-schema-graph\">{\"@context\":\"https:\/\/schema.org\",\"@graph\":[{\"@type\":\"WebPage\",\"@id\":\"https:\/\/zirzen.com\/kuca-velebita\/\",\"url\":\"https:\/\/zirzen.com\/kuca-velebita\/\",\"name\":\"Ku\u0107a Velebita - Zir Zen\",\"isPartOf\":{\"@id\":\"https:\/\/zirzen.com\/#website\"},\"datePublished\":\"2023-10-14T09:10:11+00:00\",\"dateModified\":\"2023-10-14T22:29:36+00:00\",\"breadcrumb\":{\"@id\":\"https:\/\/zirzen.com\/kuca-velebita\/#breadcrumb\"},\"inLanguage\":\"en-US\",\"potentialAction\":[{\"@type\":\"ReadAction\",\"target\":[\"https:\/\/zirzen.com\/kuca-velebita\/\"]}]},{\"@type\":\"BreadcrumbList\",\"@id\":\"https:\/\/zirzen.com\/kuca-velebita\/#breadcrumb\",\"itemListElement\":[{\"@type\":\"ListItem\",\"position\":1,\"name\":\"Home\",\"item\":\"https:\/\/zirzen.com\/\"},{\"@type\":\"ListItem\",\"position\":2,\"name\":\"Ku\u0107a Velebita\"}]},{\"@type\":\"WebSite\",\"@id\":\"https:\/\/zirzen.com\/#website\",\"url\":\"https:\/\/zirzen.com\/\",\"name\":\"Zir Zen\",\"description\":\"Jebi ga, kad smo ve\u0107 u Lovincu\",\"publisher\":{\"@id\":\"https:\/\/zirzen.com\/#organization\"},\"potentialAction\":[{\"@type\":\"SearchAction\",\"target\":{\"@type\":\"EntryPoint\",\"urlTemplate\":\"https:\/\/zirzen.com\/?s={search_term_string}\"},\"query-input\":\"required name=search_term_string\"}],\"inLanguage\":\"en-US\"},{\"@type\":\"Organization\",\"@id\":\"https:\/\/zirzen.com\/#organization\",\"name\":\"Zir Zen\",\"url\":\"https:\/\/zirzen.com\/\",\"logo\":{\"@type\":\"ImageObject\",\"inLanguage\":\"en-US\",\"@id\":\"https:\/\/zirzen.com\/#\/schema\/logo\/image\/\",\"url\":\"https:\/\/zirzen.com\/wp-content\/uploads\/2023\/07\/cropped-Picture1.png\",\"contentUrl\":\"https:\/\/zirzen.com\/wp-content\/uploads\/2023\/07\/cropped-Picture1.png\",\"width\":512,\"height\":512,\"caption\":\"Zir Zen\"},\"image\":{\"@id\":\"https:\/\/zirzen.com\/#\/schema\/logo\/image\/\"}}]}<\/script>\n<!-- \/ Yoast SEO plugin. -->","yoast_head_json":{"title":"Ku\u0107a Velebita - Zir Zen","robots":{"index":"index","follow":"follow","max-snippet":"max-snippet:-1","max-image-preview":"max-image-preview:large","max-video-preview":"max-video-preview:-1"},"canonical":"https:\/\/zirzen.com\/en\/kuca-velebita\/","og_locale":"en_US","og_type":"article","og_title":"Ku\u0107a Velebita - Zir Zen","og_description":"Ku\u0107a Velebita Vrijeme: 70 min Klinci: DaPsi: Da Ku\u0107a Velebita je predivan primjer kako se uz puno kreativnosti, kori\u0161tenje modernih tehnologija i raznih oblika prezentacije, mo\u017ee stvoriti mjesto u kojem \u0107ete uz zabavu i aktivaciju ba\u0161 svih osjetila mnogo toga nau\u010diti. Ja sam u\u010dio ve\u0107 tri puta. Formalno, ovo je posjetiteljski i informacijski centar zaContinue reading \"Ku\u0107a Velebita\"","og_url":"https:\/\/zirzen.com\/en\/kuca-velebita\/","og_site_name":"Zir Zen","article_modified_time":"2023-10-14T22:29:36+00:00","og_image":[{"url":"https:\/\/zirzen.com\/wp-content\/uploads\/2023\/10\/Kuca-Velebita-01-1024x769.jpg"}],"twitter_card":"summary_large_image","twitter_misc":{"Est. reading time":"2 minutes"},"schema":{"@context":"https:\/\/schema.org","@graph":[{"@type":"WebPage","@id":"https:\/\/zirzen.com\/kuca-velebita\/","url":"https:\/\/zirzen.com\/kuca-velebita\/","name":"Ku\u0107a Velebita - Zir Zen","isPartOf":{"@id":"https:\/\/zirzen.com\/#website"},"datePublished":"2023-10-14T09:10:11+00:00","dateModified":"2023-10-14T22:29:36+00:00","breadcrumb":{"@id":"https:\/\/zirzen.com\/kuca-velebita\/#breadcrumb"},"inLanguage":"en-US","potentialAction":[{"@type":"ReadAction","target":["https:\/\/zirzen.com\/kuca-velebita\/"]}]},{"@type":"BreadcrumbList","@id":"https:\/\/zirzen.com\/kuca-velebita\/#breadcrumb","itemListElement":[{"@type":"ListItem","position":1,"name":"Home","item":"https:\/\/zirzen.com\/"},{"@type":"ListItem","position":2,"name":"Ku\u0107a Velebita"}]},{"@type":"WebSite","@id":"https:\/\/zirzen.com\/#website","url":"https:\/\/zirzen.com\/","name":"Zir Zen","description":"Jebi ga, kad smo ve\u0107 u Lovincu","publisher":{"@id":"https:\/\/zirzen.com\/#organization"},"potentialAction":[{"@type":"SearchAction","target":{"@type":"EntryPoint","urlTemplate":"https:\/\/zirzen.com\/?s={search_term_string}"},"query-input":"required name=search_term_string"}],"inLanguage":"en-US"},{"@type":"Organization","@id":"https:\/\/zirzen.com\/#organization","name":"Zir Zen","url":"https:\/\/zirzen.com\/","logo":{"@type":"ImageObject","inLanguage":"en-US","@id":"https:\/\/zirzen.com\/#\/schema\/logo\/image\/","url":"https:\/\/zirzen.com\/wp-content\/uploads\/2023\/07\/cropped-Picture1.png","contentUrl":"https:\/\/zirzen.com\/wp-content\/uploads\/2023\/07\/cropped-Picture1.png","width":512,"height":512,"caption":"Zir Zen"},"image":{"@id":"https:\/\/zirzen.com\/#\/schema\/logo\/image\/"}}]}},"_links":{"self":[{"href":"https:\/\/zirzen.com\/en\/wp-json\/wp\/v2\/pages\/4347","targetHints":{"allow":["GET"]}}],"collection":[{"href":"https:\/\/zirzen.com\/en\/wp-json\/wp\/v2\/pages"}],"about":[{"href":"https:\/\/zirzen.com\/en\/wp-json\/wp\/v2\/types\/page"}],"author":[{"embeddable":true,"href":"https:\/\/zirzen.com\/en\/wp-json\/wp\/v2\/users\/1"}],"replies":[{"embeddable":true,"href":"https:\/\/zirzen.com\/en\/wp-json\/wp\/v2\/comments?post=4347"}],"version-history":[{"count":10,"href":"https:\/\/zirzen.com\/en\/wp-json\/wp\/v2\/pages\/4347\/revisions"}],"predecessor-version":[{"id":4380,"href":"https:\/\/zirzen.com\/en\/wp-json\/wp\/v2\/pages\/4347\/revisions\/4380"}],"wp:attachment":[{"href":"https:\/\/zirzen.com\/en\/wp-json\/wp\/v2\/media?parent=4347"}],"curies":[{"name":"wp","href":"https:\/\/api.w.org\/{rel}","templated":true}]}}