{"id":4355,"date":"2023-10-14T12:37:25","date_gmt":"2023-10-14T10:37:25","guid":{"rendered":"https:\/\/zirzen.com\/?page_id=4355"},"modified":"2023-10-15T00:39:55","modified_gmt":"2023-10-14T22:39:55","slug":"interpretacijski-centar-krasno","status":"publish","type":"page","link":"https:\/\/zirzen.com\/en\/interpretacijski-centar-krasno\/","title":{"rendered":"Interpretation Center Krasno"},"content":{"rendered":"<h2 class=\"wp-block-heading has-text-align-center\">Interpretation Center Krasno<\/h2>\n\n\n\n<div class=\"wp-block-columns is-layout-flex wp-container-core-columns-is-layout-28f84493 wp-block-columns-is-layout-flex\">\n<div class=\"wp-block-column is-layout-flow wp-block-column-is-layout-flow\" style=\"flex-basis:33.33%\">\n<div class=\"wp-block-group attraction-left-side\"><div class=\"wp-block-group__inner-container is-layout-constrained wp-block-group-is-layout-constrained\">\n<div class=\"wp-block-group attraction-left-side\"><div class=\"wp-block-group__inner-container is-layout-constrained wp-block-group-is-layout-constrained\">\n<figure class=\"wp-block-image size-large agl agl-fadeCSS agl-in-distance-1\"><img loading=\"lazy\" decoding=\"async\" width=\"1024\" height=\"768\" src=\"https:\/\/zirzen.com\/wp-content\/uploads\/2023\/10\/Interpretacijski-centar-01-1024x768.jpeg\" alt=\"Interpretacijski centar Krasno\" class=\"wp-image-4356\" srcset=\"https:\/\/zirzen.com\/wp-content\/uploads\/2023\/10\/Interpretacijski-centar-01-1024x768.jpeg 1024w, https:\/\/zirzen.com\/wp-content\/uploads\/2023\/10\/Interpretacijski-centar-01-300x225.jpeg 300w, https:\/\/zirzen.com\/wp-content\/uploads\/2023\/10\/Interpretacijski-centar-01-768x576.jpeg 768w, https:\/\/zirzen.com\/wp-content\/uploads\/2023\/10\/Interpretacijski-centar-01-1536x1152.jpeg 1536w, https:\/\/zirzen.com\/wp-content\/uploads\/2023\/10\/Interpretacijski-centar-01-2048x1536.jpeg 2048w, https:\/\/zirzen.com\/wp-content\/uploads\/2023\/10\/Interpretacijski-centar-01-16x12.jpeg 16w, https:\/\/zirzen.com\/wp-content\/uploads\/2023\/10\/Interpretacijski-centar-01-1568x1176.jpeg 1568w\" sizes=\"auto, (max-width: 1024px) 100vw, 1024px\" \/><\/figure>\n\n\n\n<p class=\"has-text-align-center attraction-links has-small-font-size\"><a href=\"https:\/\/www.hrsume.hr\/turizam\/muzej\/interpretacijski-centar-krasno\/\" target=\"_blank\" rel=\"noreferrer noopener\"><i class=\"fas fa-earth-americas\"><\/i><\/a><\/p>\n<\/div><\/div>\n<\/div><\/div>\n\n\n\n<p class=\"has-text-align-left has-small-font-size\"><strong>Time:<\/strong> 70 min <i class=\"fas fa-car\"><\/i><br><strong>Kids:<\/strong> Yes<br><strong>Dogs:<\/strong> Yes<\/p>\n\n\n\n<hr class=\"wp-block-separator has-alpha-channel-opacity\"\/>\n\n\n\n<div class=\"wp-block-buttons has-custom-font-size has-small-font-size agl agl-wipeCSS agl-in-distance-1 is-content-justification-center is-layout-flex wp-container-core-buttons-is-layout-a89b3969 wp-block-buttons-is-layout-flex\">\n<div class=\"wp-block-button is-style-fill\"><a class=\"wp-block-button__link has-foreground-color has-text-color has-background wp-element-button\" style=\"border-radius:16px;background-color:#d7d7d7;padding-top:10px;padding-right:10px;padding-bottom:10px;padding-left:10px\"><i class=\"fas fa-building-columns\"><\/i><\/a><\/div>\n<\/div>\n<\/div>\n\n\n\n<div class=\"wp-block-column is-layout-flow wp-block-column-is-layout-flow\" style=\"flex-basis:66.66%\">\n<p class=\"has-small-font-size\">If you pass through Krasno and don't visit the Interpretation Center, you don't know what you're missing. I'm not saying you'll regret missing out, just that you don't know what you're missing. This is a place that got tangled in time, somewhere a hundred years ago.<\/p>\n\n\n\n<p class=\"has-small-font-size\">To make it clear right away, I find the exhibits interesting, and the lady who took me through it deserves a high five for her effort and dedication. I have absolutely no objections, but the way in which the show is presented is so outdated that it should be left as such for the ages. This is a historical value in itself.<\/p>\n\n\n\n<p class=\"has-small-font-size\">\"On my right you see a two-year-old stuffed bear, a four-month-old bear, a two-month-old bear and a one-day-old bear.\" Whaaaaat? Yes, yes, that's what it looks like. In addition to stuffed animals, you can also see a mountain of forestry equipment.<\/p>\n\n\n\n<p class=\"has-small-font-size\">You must announce your visit, and buy a ticket at the House of Velebit, a few meters away. When they give you the ticket, they stamp it with the date. I saw that I was the first visitor after nine days.<\/p>\n<\/div>\n<\/div>\n\n\n\n<div class=\"wp-block-group has-background has-small-font-size\" style=\"background-color:#f1f1f1\"><div class=\"wp-block-group__inner-container is-layout-constrained wp-block-group-is-layout-constrained\">\n<div class=\"leaflet-map WPLeafletMap\" style=\"height:450px; width:100%;\"><\/div><script>\nwindow.WPLeafletMapPlugin = window.WPLeafletMapPlugin || [];\nwindow.WPLeafletMapPlugin.push(function WPLeafletMapShortcode() {\/*<script>*\/\nvar baseUrl = atob('aHR0cHM6Ly97c30udGlsZS5vcGVuc3RyZWV0bWFwLm9yZy97en0ve3h9L3t5fS5wbmc=');\nvar base = (!baseUrl && window.MQ) ? \n    window.MQ.mapLayer() : L.tileLayer(baseUrl, \n        L.Util.extend({}, {\n            detectRetina: 0,\n        }, \n        {\"subdomains\":\"abc\",\"noWrap\":false}        )\n    );\n    var options = L.Util.extend({}, {\n        layers: [base],\n        attributionControl: false\n    }, \n    {\"zoomControl\":true,\"scrollWheelZoom\":true,\"doubleClickZoom\":false,\"fitBounds\":false,\"minZoom\":0,\"maxZoom\":19,\"maxBounds\":null,\"attribution\":\"<a href=\\\"http:\\\/\\\/leafletjs.com\\\" title=\\\"A JS library for interactive maps\\\">Leaflet<\\\/a>; \\u00a9 <a href=\\\"http:\\\/\\\/www.openstreetmap.org\\\/copyright\\\">OpenStreetMap<\\\/a> contributors\"}, \n    {});\nwindow.WPLeafletMapPlugin.createMap(options).setView([44.820267412599,15.070421883534],13);});<\/script>\n\n<script>\nwindow.WPLeafletMapPlugin = window.WPLeafletMapPlugin || [];\nwindow.WPLeafletMapPlugin.push(function WPLeafletMarkerShortcode() {\/*<script>*\/\nvar map = window.WPLeafletMapPlugin.getCurrentMap();\nvar group = window.WPLeafletMapPlugin.getCurrentGroup();\nvar marker_options = window.WPLeafletMapPlugin.getIconOptions({\"svg\":true,\"background\":\"brown\",\"iconClass\":\"fas fa-building-columns\",\"color\":\"white\"});\nvar marker = new L.SVGMarker(\n    [44.820267412599,15.070421883534], \n    marker_options\n);\nvar is_image = map.is_image_map;\nif (marker_options.draggable) {\n    marker.on('dragend', function () {\n        var latlng = this.getLatLng();\n        var lat = latlng.lat;\n        var lng = latlng.lng;\n        if (is_image) {\n            console.log('leaflet-marker y=' + lat + ' x=' + lng);\n        } else {\n            console.log('leaflet-marker lat=' + lat + ' lng=' + lng);\n        }\n    });\n}\nmarker.addTo( group );\nmarker.bindPopup(window.WPLeafletMapPlugin.unescape('Interpretacijski centar Krasno'));window.WPLeafletMapPlugin.markers.push( marker );\n        });<\/script>\n<\/div><\/div>","protected":false},"excerpt":{"rendered":"<p>Interpretacijski centar Krasno Vrijeme: 70 min Klinci: DaPsi: Da Pro\u0111ete li kroz Krasno, a ne posjetite Interpretacijski centar, ne znate \u0161to propu\u0161tate. Ne ka\u017eem da \u0107e vam biti \u017eao \u0161to ste propustili, nego samo da ne znate \u0161to propu\u0161tate. Ovo je mjesto koje se zapetljalo u vremenu, negdje prije stotinu godina. Da odmah bude jasno,<a class=\"more-link\" href=\"https:\/\/zirzen.com\/en\/interpretacijski-centar-krasno\/\">Continue reading <span class=\"screen-reader-text\">&#8220;Interpretacijski centar Krasno&#8221;<\/span><\/a><\/p>","protected":false},"author":1,"featured_media":0,"parent":0,"menu_order":0,"comment_status":"closed","ping_status":"closed","template":"","meta":{"_monsterinsights_skip_tracking":false,"_monsterinsights_sitenote_active":false,"_monsterinsights_sitenote_note":"","_monsterinsights_sitenote_category":0,"footnotes":""},"class_list":["post-4355","page","type-page","status-publish","hentry","entry"],"yoast_head":"<!-- This site is optimized with the Yoast SEO plugin v20.13 - https:\/\/yoast.com\/wordpress\/plugins\/seo\/ -->\n<title>Interpretacijski centar Krasno - Zir Zen<\/title>\n<meta name=\"robots\" content=\"index, follow, max-snippet:-1, max-image-preview:large, max-video-preview:-1\" \/>\n<link rel=\"canonical\" href=\"https:\/\/zirzen.com\/en\/interpretacijski-centar-krasno\/\" \/>\n<meta property=\"og:locale\" content=\"en_US\" \/>\n<meta property=\"og:type\" content=\"article\" \/>\n<meta property=\"og:title\" content=\"Interpretacijski centar Krasno - Zir Zen\" \/>\n<meta property=\"og:description\" content=\"Interpretacijski centar Krasno Vrijeme: 70 min Klinci: DaPsi: Da Pro\u0111ete li kroz Krasno, a ne posjetite Interpretacijski centar, ne znate \u0161to propu\u0161tate. Ne ka\u017eem da \u0107e vam biti \u017eao \u0161to ste propustili, nego samo da ne znate \u0161to propu\u0161tate. Ovo je mjesto koje se zapetljalo u vremenu, negdje prije stotinu godina. Da odmah bude jasno,Continue reading &quot;Interpretacijski centar Krasno&quot;\" \/>\n<meta property=\"og:url\" content=\"https:\/\/zirzen.com\/en\/interpretacijski-centar-krasno\/\" \/>\n<meta property=\"og:site_name\" content=\"Zir Zen\" \/>\n<meta property=\"article:modified_time\" content=\"2023-10-14T22:39:55+00:00\" \/>\n<meta property=\"og:image\" content=\"https:\/\/zirzen.com\/wp-content\/uploads\/2023\/10\/Interpretacijski-centar-01-1024x768.jpeg\" \/>\n<meta name=\"twitter:card\" content=\"summary_large_image\" \/>\n<meta name=\"twitter:label1\" content=\"Est. reading time\" \/>\n\t<meta name=\"twitter:data1\" content=\"2 minutes\" \/>\n<script type=\"application\/ld+json\" class=\"yoast-schema-graph\">{\"@context\":\"https:\/\/schema.org\",\"@graph\":[{\"@type\":\"WebPage\",\"@id\":\"https:\/\/zirzen.com\/interpretacijski-centar-krasno\/\",\"url\":\"https:\/\/zirzen.com\/interpretacijski-centar-krasno\/\",\"name\":\"Interpretacijski centar Krasno - Zir Zen\",\"isPartOf\":{\"@id\":\"https:\/\/zirzen.com\/#website\"},\"datePublished\":\"2023-10-14T10:37:25+00:00\",\"dateModified\":\"2023-10-14T22:39:55+00:00\",\"breadcrumb\":{\"@id\":\"https:\/\/zirzen.com\/interpretacijski-centar-krasno\/#breadcrumb\"},\"inLanguage\":\"en-US\",\"potentialAction\":[{\"@type\":\"ReadAction\",\"target\":[\"https:\/\/zirzen.com\/interpretacijski-centar-krasno\/\"]}]},{\"@type\":\"BreadcrumbList\",\"@id\":\"https:\/\/zirzen.com\/interpretacijski-centar-krasno\/#breadcrumb\",\"itemListElement\":[{\"@type\":\"ListItem\",\"position\":1,\"name\":\"Home\",\"item\":\"https:\/\/zirzen.com\/\"},{\"@type\":\"ListItem\",\"position\":2,\"name\":\"Interpretacijski centar Krasno\"}]},{\"@type\":\"WebSite\",\"@id\":\"https:\/\/zirzen.com\/#website\",\"url\":\"https:\/\/zirzen.com\/\",\"name\":\"Zir Zen\",\"description\":\"Jebi ga, kad smo ve\u0107 u Lovincu\",\"publisher\":{\"@id\":\"https:\/\/zirzen.com\/#organization\"},\"potentialAction\":[{\"@type\":\"SearchAction\",\"target\":{\"@type\":\"EntryPoint\",\"urlTemplate\":\"https:\/\/zirzen.com\/?s={search_term_string}\"},\"query-input\":\"required name=search_term_string\"}],\"inLanguage\":\"en-US\"},{\"@type\":\"Organization\",\"@id\":\"https:\/\/zirzen.com\/#organization\",\"name\":\"Zir Zen\",\"url\":\"https:\/\/zirzen.com\/\",\"logo\":{\"@type\":\"ImageObject\",\"inLanguage\":\"en-US\",\"@id\":\"https:\/\/zirzen.com\/#\/schema\/logo\/image\/\",\"url\":\"https:\/\/zirzen.com\/wp-content\/uploads\/2023\/07\/cropped-Picture1.png\",\"contentUrl\":\"https:\/\/zirzen.com\/wp-content\/uploads\/2023\/07\/cropped-Picture1.png\",\"width\":512,\"height\":512,\"caption\":\"Zir Zen\"},\"image\":{\"@id\":\"https:\/\/zirzen.com\/#\/schema\/logo\/image\/\"}}]}<\/script>\n<!-- \/ Yoast SEO plugin. -->","yoast_head_json":{"title":"Interpretacijski centar Krasno - Zir Zen","robots":{"index":"index","follow":"follow","max-snippet":"max-snippet:-1","max-image-preview":"max-image-preview:large","max-video-preview":"max-video-preview:-1"},"canonical":"https:\/\/zirzen.com\/en\/interpretacijski-centar-krasno\/","og_locale":"en_US","og_type":"article","og_title":"Interpretacijski centar Krasno - Zir Zen","og_description":"Interpretacijski centar Krasno Vrijeme: 70 min Klinci: DaPsi: Da Pro\u0111ete li kroz Krasno, a ne posjetite Interpretacijski centar, ne znate \u0161to propu\u0161tate. Ne ka\u017eem da \u0107e vam biti \u017eao \u0161to ste propustili, nego samo da ne znate \u0161to propu\u0161tate. Ovo je mjesto koje se zapetljalo u vremenu, negdje prije stotinu godina. Da odmah bude jasno,Continue reading \"Interpretacijski centar Krasno\"","og_url":"https:\/\/zirzen.com\/en\/interpretacijski-centar-krasno\/","og_site_name":"Zir Zen","article_modified_time":"2023-10-14T22:39:55+00:00","og_image":[{"url":"https:\/\/zirzen.com\/wp-content\/uploads\/2023\/10\/Interpretacijski-centar-01-1024x768.jpeg"}],"twitter_card":"summary_large_image","twitter_misc":{"Est. reading time":"2 minutes"},"schema":{"@context":"https:\/\/schema.org","@graph":[{"@type":"WebPage","@id":"https:\/\/zirzen.com\/interpretacijski-centar-krasno\/","url":"https:\/\/zirzen.com\/interpretacijski-centar-krasno\/","name":"Interpretacijski centar Krasno - Zir Zen","isPartOf":{"@id":"https:\/\/zirzen.com\/#website"},"datePublished":"2023-10-14T10:37:25+00:00","dateModified":"2023-10-14T22:39:55+00:00","breadcrumb":{"@id":"https:\/\/zirzen.com\/interpretacijski-centar-krasno\/#breadcrumb"},"inLanguage":"en-US","potentialAction":[{"@type":"ReadAction","target":["https:\/\/zirzen.com\/interpretacijski-centar-krasno\/"]}]},{"@type":"BreadcrumbList","@id":"https:\/\/zirzen.com\/interpretacijski-centar-krasno\/#breadcrumb","itemListElement":[{"@type":"ListItem","position":1,"name":"Home","item":"https:\/\/zirzen.com\/"},{"@type":"ListItem","position":2,"name":"Interpretacijski centar Krasno"}]},{"@type":"WebSite","@id":"https:\/\/zirzen.com\/#website","url":"https:\/\/zirzen.com\/","name":"Zir Zen","description":"Jebi ga, kad smo ve\u0107 u Lovincu","publisher":{"@id":"https:\/\/zirzen.com\/#organization"},"potentialAction":[{"@type":"SearchAction","target":{"@type":"EntryPoint","urlTemplate":"https:\/\/zirzen.com\/?s={search_term_string}"},"query-input":"required name=search_term_string"}],"inLanguage":"en-US"},{"@type":"Organization","@id":"https:\/\/zirzen.com\/#organization","name":"Zir Zen","url":"https:\/\/zirzen.com\/","logo":{"@type":"ImageObject","inLanguage":"en-US","@id":"https:\/\/zirzen.com\/#\/schema\/logo\/image\/","url":"https:\/\/zirzen.com\/wp-content\/uploads\/2023\/07\/cropped-Picture1.png","contentUrl":"https:\/\/zirzen.com\/wp-content\/uploads\/2023\/07\/cropped-Picture1.png","width":512,"height":512,"caption":"Zir Zen"},"image":{"@id":"https:\/\/zirzen.com\/#\/schema\/logo\/image\/"}}]}},"_links":{"self":[{"href":"https:\/\/zirzen.com\/en\/wp-json\/wp\/v2\/pages\/4355","targetHints":{"allow":["GET"]}}],"collection":[{"href":"https:\/\/zirzen.com\/en\/wp-json\/wp\/v2\/pages"}],"about":[{"href":"https:\/\/zirzen.com\/en\/wp-json\/wp\/v2\/types\/page"}],"author":[{"embeddable":true,"href":"https:\/\/zirzen.com\/en\/wp-json\/wp\/v2\/users\/1"}],"replies":[{"embeddable":true,"href":"https:\/\/zirzen.com\/en\/wp-json\/wp\/v2\/comments?post=4355"}],"version-history":[{"count":6,"href":"https:\/\/zirzen.com\/en\/wp-json\/wp\/v2\/pages\/4355\/revisions"}],"predecessor-version":[{"id":4371,"href":"https:\/\/zirzen.com\/en\/wp-json\/wp\/v2\/pages\/4355\/revisions\/4371"}],"wp:attachment":[{"href":"https:\/\/zirzen.com\/en\/wp-json\/wp\/v2\/media?parent=4355"}],"curies":[{"name":"wp","href":"https:\/\/api.w.org\/{rel}","templated":true}]}}