{"id":4393,"date":"2023-11-04T23:50:08","date_gmt":"2023-11-04T21:50:08","guid":{"rendered":"https:\/\/zirzen.com\/?page_id=4393"},"modified":"2023-11-08T20:26:05","modified_gmt":"2023-11-08T18:26:05","slug":"park-suma-jasikovac","status":"publish","type":"page","link":"https:\/\/zirzen.com\/en\/park-suma-jasikovac\/","title":{"rendered":"Jasikovac Forest Park"},"content":{"rendered":"<h2 class=\"wp-block-heading has-text-align-center\">Jasikovac Forest Park<\/h2>\n\n\n\n<div class=\"wp-block-columns is-layout-flex wp-container-core-columns-is-layout-28f84493 wp-block-columns-is-layout-flex\">\n<div class=\"wp-block-column is-layout-flow wp-block-column-is-layout-flow\" style=\"flex-basis:33.33%\">\n<div class=\"wp-block-group attraction-left-side\"><div class=\"wp-block-group__inner-container is-layout-constrained wp-block-group-is-layout-constrained\">\n<figure class=\"wp-block-image size-large agl agl-fadeCSS agl-in-distance-1\"><img loading=\"lazy\" decoding=\"async\" width=\"1024\" height=\"768\" src=\"https:\/\/zirzen.com\/wp-content\/uploads\/2023\/11\/Jasikovac-1024x768.jpeg\" alt=\"\" class=\"wp-image-4400\" srcset=\"https:\/\/zirzen.com\/wp-content\/uploads\/2023\/11\/Jasikovac-1024x768.jpeg 1024w, https:\/\/zirzen.com\/wp-content\/uploads\/2023\/11\/Jasikovac-300x225.jpeg 300w, https:\/\/zirzen.com\/wp-content\/uploads\/2023\/11\/Jasikovac-768x576.jpeg 768w, https:\/\/zirzen.com\/wp-content\/uploads\/2023\/11\/Jasikovac-1536x1152.jpeg 1536w, https:\/\/zirzen.com\/wp-content\/uploads\/2023\/11\/Jasikovac-2048x1536.jpeg 2048w, https:\/\/zirzen.com\/wp-content\/uploads\/2023\/11\/Jasikovac-16x12.jpeg 16w, https:\/\/zirzen.com\/wp-content\/uploads\/2023\/11\/Jasikovac-1568x1176.jpeg 1568w\" sizes=\"auto, (max-width: 1024px) 100vw, 1024px\" \/><\/figure>\n<\/div><\/div>\n\n\n\n<p class=\"has-text-align-left has-small-font-size\"><strong>Time:<\/strong> 30 min <i class=\"fas fa-car\"><\/i> <br><strong>Kids:<\/strong> Yes<br><strong>Dogs:<\/strong> Yes<\/p>\n\n\n\n<hr class=\"wp-block-separator has-alpha-channel-opacity\"\/>\n\n\n\n<div class=\"wp-block-buttons has-custom-font-size has-small-font-size agl agl-wipeCSS agl-in-distance-1 is-content-justification-center is-layout-flex wp-container-core-buttons-is-layout-a89b3969 wp-block-buttons-is-layout-flex\">\n<div class=\"wp-block-button is-style-fill\"><a class=\"wp-block-button__link has-foreground-color has-text-color has-background wp-element-button\" style=\"border-radius:16px;background-color:#d7d7d7;padding-top:10px;padding-right:10px;padding-bottom:10px;padding-left:10px\"><i class=\"fas fa-tree\"><\/i><\/a><\/div>\n<\/div>\n<\/div>\n\n\n\n<div class=\"wp-block-column is-layout-flow wp-block-column-is-layout-flow\" style=\"flex-basis:66.66%\">\n<p class=\"has-small-font-size\">Forests and parks are the lungs of the city, but for the lungs you also need a heart. Gospi\u0107's heart is not big enough for such a large park. Jasikovac with its 80 hectares needs a lot of love and attention, and from what I've seen, both are chronically lacking.<\/p>\n\n\n\n<p class=\"has-small-font-size\">To make sure there is no confusion, it is obvious that a lot of money, effort and creativity have been invested in the arrangement of this forest park. In addition to classic park equipment, you can find gazebos, equipment for playing and exercising, and even a rock for climbing. However, all this needs to be preserved and maintained, and I think that this is exactly where Gospi\u0107 and the people of Gospi\u0107 fail the test here. <\/p>\n\n\n\n<p class=\"has-small-font-size\">The forest park was named after the Austrian general Jasyk, who became its proud father at the beginning of the 19th century. For a while it was a favorite picnic spot for the people of Gospi\u0107, but over time it slowly lost its luster. The most damage was done by the Italians in 1943, and this is the second case I have come across in Lika, where they cut down a valuable forest. It seems that they have been used to stealing our wood since the time of Venice. We need to go to war with them again.<\/p>\n<\/div>\n<\/div>\n\n\n\n<div class=\"wp-block-group has-background has-small-font-size\" style=\"background-color:#f1f1f1\"><div class=\"wp-block-group__inner-container is-layout-constrained wp-block-group-is-layout-constrained\">\n<div class=\"leaflet-map WPLeafletMap\" style=\"height:450px; width:100%;\"><\/div><script>\nwindow.WPLeafletMapPlugin = window.WPLeafletMapPlugin || [];\nwindow.WPLeafletMapPlugin.push(function WPLeafletMapShortcode() {\/*<script>*\/\nvar baseUrl = atob('aHR0cHM6Ly97c30udGlsZS5vcGVuc3RyZWV0bWFwLm9yZy97en0ve3h9L3t5fS5wbmc=');\nvar base = (!baseUrl && window.MQ) ? \n    window.MQ.mapLayer() : L.tileLayer(baseUrl, \n        L.Util.extend({}, {\n            detectRetina: 0,\n        }, \n        {\"subdomains\":\"abc\",\"noWrap\":false}        )\n    );\n    var options = L.Util.extend({}, {\n        layers: [base],\n        attributionControl: false\n    }, \n    {\"zoomControl\":true,\"scrollWheelZoom\":true,\"doubleClickZoom\":false,\"fitBounds\":false,\"minZoom\":0,\"maxZoom\":19,\"maxBounds\":null,\"attribution\":\"<a href=\\\"http:\\\/\\\/leafletjs.com\\\" title=\\\"A JS library for interactive maps\\\">Leaflet<\\\/a>; \\u00a9 <a href=\\\"http:\\\/\\\/www.openstreetmap.org\\\/copyright\\\">OpenStreetMap<\\\/a> contributors\"}, \n    {});\nwindow.WPLeafletMapPlugin.createMap(options).setView([44.530862236012,15.374676165721],13);});<\/script>\n\n<script>\nwindow.WPLeafletMapPlugin = window.WPLeafletMapPlugin || [];\nwindow.WPLeafletMapPlugin.push(function WPLeafletMarkerShortcode() {\/*<script>*\/\nvar map = window.WPLeafletMapPlugin.getCurrentMap();\nvar group = window.WPLeafletMapPlugin.getCurrentGroup();\nvar marker_options = window.WPLeafletMapPlugin.getIconOptions({\"svg\":true,\"background\":\"green\",\"iconClass\":\"fas fa-tree\",\"color\":\"white\"});\nvar marker = new L.SVGMarker(\n    [44.530862236012,15.374676165721], \n    marker_options\n);\nvar is_image = map.is_image_map;\nif (marker_options.draggable) {\n    marker.on('dragend', function () {\n        var latlng = this.getLatLng();\n        var lat = latlng.lat;\n        var lng = latlng.lng;\n        if (is_image) {\n            console.log('leaflet-marker y=' + lat + ' x=' + lng);\n        } else {\n            console.log('leaflet-marker lat=' + lat + ' lng=' + lng);\n        }\n    });\n}\nmarker.addTo( group );\nmarker.bindPopup(window.WPLeafletMapPlugin.unescape('Park \u0161uma Jasikovac'));window.WPLeafletMapPlugin.markers.push( marker );\n        });<\/script>\n<\/div><\/div>","protected":false},"excerpt":{"rendered":"<p>Park \u0161uma Jasikovac Vrijeme: 30 min Klinci: DaPsi: Da \u0160ume i parkovi su plu\u0107a grada, ali za plu\u0107a treba imati i srce. Gospi\u0107ko srce nije dovoljno veliko za ovako veliki park. Jasikovac sa svojih 80-ak hektara treba jako puno ljubavi i pa\u017enje, a po onome \u0161to sam vidio, kroni\u010dno nedostaje i jednog i drugog. Da<a class=\"more-link\" href=\"https:\/\/zirzen.com\/en\/park-suma-jasikovac\/\">Continue reading <span class=\"screen-reader-text\">&#8220;Park \u0161uma Jasikovac&#8221;<\/span><\/a><\/p>","protected":false},"author":1,"featured_media":0,"parent":0,"menu_order":0,"comment_status":"closed","ping_status":"closed","template":"","meta":{"_monsterinsights_skip_tracking":false,"_monsterinsights_sitenote_active":false,"_monsterinsights_sitenote_note":"","_monsterinsights_sitenote_category":0,"footnotes":""},"class_list":["post-4393","page","type-page","status-publish","hentry","entry"],"yoast_head":"<!-- This site is optimized with the Yoast SEO plugin v20.13 - https:\/\/yoast.com\/wordpress\/plugins\/seo\/ -->\n<title>Park \u0161uma Jasikovac - Zir Zen<\/title>\n<meta name=\"robots\" content=\"index, follow, max-snippet:-1, max-image-preview:large, max-video-preview:-1\" \/>\n<link rel=\"canonical\" href=\"https:\/\/zirzen.com\/en\/park-suma-jasikovac\/\" \/>\n<meta property=\"og:locale\" content=\"en_US\" \/>\n<meta property=\"og:type\" content=\"article\" \/>\n<meta property=\"og:title\" content=\"Park \u0161uma Jasikovac - Zir Zen\" \/>\n<meta property=\"og:description\" content=\"Park \u0161uma Jasikovac Vrijeme: 30 min Klinci: DaPsi: Da \u0160ume i parkovi su plu\u0107a grada, ali za plu\u0107a treba imati i srce. Gospi\u0107ko srce nije dovoljno veliko za ovako veliki park. Jasikovac sa svojih 80-ak hektara treba jako puno ljubavi i pa\u017enje, a po onome \u0161to sam vidio, kroni\u010dno nedostaje i jednog i drugog. DaContinue reading &quot;Park \u0161uma Jasikovac&quot;\" \/>\n<meta property=\"og:url\" content=\"https:\/\/zirzen.com\/en\/park-suma-jasikovac\/\" \/>\n<meta property=\"og:site_name\" content=\"Zir Zen\" \/>\n<meta property=\"article:modified_time\" content=\"2023-11-08T18:26:05+00:00\" \/>\n<meta property=\"og:image\" content=\"https:\/\/zirzen.com\/wp-content\/uploads\/2023\/11\/Jasikovac-1024x768.jpeg\" \/>\n<meta name=\"twitter:card\" content=\"summary_large_image\" \/>\n<meta name=\"twitter:label1\" content=\"Est. reading time\" \/>\n\t<meta name=\"twitter:data1\" content=\"2 minutes\" \/>\n<script type=\"application\/ld+json\" class=\"yoast-schema-graph\">{\"@context\":\"https:\/\/schema.org\",\"@graph\":[{\"@type\":\"WebPage\",\"@id\":\"https:\/\/zirzen.com\/park-suma-jasikovac\/\",\"url\":\"https:\/\/zirzen.com\/park-suma-jasikovac\/\",\"name\":\"Park \u0161uma Jasikovac - Zir Zen\",\"isPartOf\":{\"@id\":\"https:\/\/zirzen.com\/#website\"},\"datePublished\":\"2023-11-04T21:50:08+00:00\",\"dateModified\":\"2023-11-08T18:26:05+00:00\",\"breadcrumb\":{\"@id\":\"https:\/\/zirzen.com\/park-suma-jasikovac\/#breadcrumb\"},\"inLanguage\":\"en-US\",\"potentialAction\":[{\"@type\":\"ReadAction\",\"target\":[\"https:\/\/zirzen.com\/park-suma-jasikovac\/\"]}]},{\"@type\":\"BreadcrumbList\",\"@id\":\"https:\/\/zirzen.com\/park-suma-jasikovac\/#breadcrumb\",\"itemListElement\":[{\"@type\":\"ListItem\",\"position\":1,\"name\":\"Home\",\"item\":\"https:\/\/zirzen.com\/\"},{\"@type\":\"ListItem\",\"position\":2,\"name\":\"Park \u0161uma Jasikovac\"}]},{\"@type\":\"WebSite\",\"@id\":\"https:\/\/zirzen.com\/#website\",\"url\":\"https:\/\/zirzen.com\/\",\"name\":\"Zir Zen\",\"description\":\"Jebi ga, kad smo ve\u0107 u Lovincu\",\"publisher\":{\"@id\":\"https:\/\/zirzen.com\/#organization\"},\"potentialAction\":[{\"@type\":\"SearchAction\",\"target\":{\"@type\":\"EntryPoint\",\"urlTemplate\":\"https:\/\/zirzen.com\/?s={search_term_string}\"},\"query-input\":\"required name=search_term_string\"}],\"inLanguage\":\"en-US\"},{\"@type\":\"Organization\",\"@id\":\"https:\/\/zirzen.com\/#organization\",\"name\":\"Zir Zen\",\"url\":\"https:\/\/zirzen.com\/\",\"logo\":{\"@type\":\"ImageObject\",\"inLanguage\":\"en-US\",\"@id\":\"https:\/\/zirzen.com\/#\/schema\/logo\/image\/\",\"url\":\"https:\/\/zirzen.com\/wp-content\/uploads\/2023\/07\/cropped-Picture1.png\",\"contentUrl\":\"https:\/\/zirzen.com\/wp-content\/uploads\/2023\/07\/cropped-Picture1.png\",\"width\":512,\"height\":512,\"caption\":\"Zir Zen\"},\"image\":{\"@id\":\"https:\/\/zirzen.com\/#\/schema\/logo\/image\/\"}}]}<\/script>\n<!-- \/ Yoast SEO plugin. -->","yoast_head_json":{"title":"Park \u0161uma Jasikovac - Zir Zen","robots":{"index":"index","follow":"follow","max-snippet":"max-snippet:-1","max-image-preview":"max-image-preview:large","max-video-preview":"max-video-preview:-1"},"canonical":"https:\/\/zirzen.com\/en\/park-suma-jasikovac\/","og_locale":"en_US","og_type":"article","og_title":"Park \u0161uma Jasikovac - Zir Zen","og_description":"Park \u0161uma Jasikovac Vrijeme: 30 min Klinci: DaPsi: Da \u0160ume i parkovi su plu\u0107a grada, ali za plu\u0107a treba imati i srce. Gospi\u0107ko srce nije dovoljno veliko za ovako veliki park. Jasikovac sa svojih 80-ak hektara treba jako puno ljubavi i pa\u017enje, a po onome \u0161to sam vidio, kroni\u010dno nedostaje i jednog i drugog. DaContinue reading \"Park \u0161uma Jasikovac\"","og_url":"https:\/\/zirzen.com\/en\/park-suma-jasikovac\/","og_site_name":"Zir Zen","article_modified_time":"2023-11-08T18:26:05+00:00","og_image":[{"url":"https:\/\/zirzen.com\/wp-content\/uploads\/2023\/11\/Jasikovac-1024x768.jpeg"}],"twitter_card":"summary_large_image","twitter_misc":{"Est. reading time":"2 minutes"},"schema":{"@context":"https:\/\/schema.org","@graph":[{"@type":"WebPage","@id":"https:\/\/zirzen.com\/park-suma-jasikovac\/","url":"https:\/\/zirzen.com\/park-suma-jasikovac\/","name":"Park \u0161uma Jasikovac - Zir Zen","isPartOf":{"@id":"https:\/\/zirzen.com\/#website"},"datePublished":"2023-11-04T21:50:08+00:00","dateModified":"2023-11-08T18:26:05+00:00","breadcrumb":{"@id":"https:\/\/zirzen.com\/park-suma-jasikovac\/#breadcrumb"},"inLanguage":"en-US","potentialAction":[{"@type":"ReadAction","target":["https:\/\/zirzen.com\/park-suma-jasikovac\/"]}]},{"@type":"BreadcrumbList","@id":"https:\/\/zirzen.com\/park-suma-jasikovac\/#breadcrumb","itemListElement":[{"@type":"ListItem","position":1,"name":"Home","item":"https:\/\/zirzen.com\/"},{"@type":"ListItem","position":2,"name":"Park \u0161uma Jasikovac"}]},{"@type":"WebSite","@id":"https:\/\/zirzen.com\/#website","url":"https:\/\/zirzen.com\/","name":"Zir Zen","description":"Jebi ga, kad smo ve\u0107 u Lovincu","publisher":{"@id":"https:\/\/zirzen.com\/#organization"},"potentialAction":[{"@type":"SearchAction","target":{"@type":"EntryPoint","urlTemplate":"https:\/\/zirzen.com\/?s={search_term_string}"},"query-input":"required name=search_term_string"}],"inLanguage":"en-US"},{"@type":"Organization","@id":"https:\/\/zirzen.com\/#organization","name":"Zir Zen","url":"https:\/\/zirzen.com\/","logo":{"@type":"ImageObject","inLanguage":"en-US","@id":"https:\/\/zirzen.com\/#\/schema\/logo\/image\/","url":"https:\/\/zirzen.com\/wp-content\/uploads\/2023\/07\/cropped-Picture1.png","contentUrl":"https:\/\/zirzen.com\/wp-content\/uploads\/2023\/07\/cropped-Picture1.png","width":512,"height":512,"caption":"Zir Zen"},"image":{"@id":"https:\/\/zirzen.com\/#\/schema\/logo\/image\/"}}]}},"_links":{"self":[{"href":"https:\/\/zirzen.com\/en\/wp-json\/wp\/v2\/pages\/4393","targetHints":{"allow":["GET"]}}],"collection":[{"href":"https:\/\/zirzen.com\/en\/wp-json\/wp\/v2\/pages"}],"about":[{"href":"https:\/\/zirzen.com\/en\/wp-json\/wp\/v2\/types\/page"}],"author":[{"embeddable":true,"href":"https:\/\/zirzen.com\/en\/wp-json\/wp\/v2\/users\/1"}],"replies":[{"embeddable":true,"href":"https:\/\/zirzen.com\/en\/wp-json\/wp\/v2\/comments?post=4393"}],"version-history":[{"count":11,"href":"https:\/\/zirzen.com\/en\/wp-json\/wp\/v2\/pages\/4393\/revisions"}],"predecessor-version":[{"id":4488,"href":"https:\/\/zirzen.com\/en\/wp-json\/wp\/v2\/pages\/4393\/revisions\/4488"}],"wp:attachment":[{"href":"https:\/\/zirzen.com\/en\/wp-json\/wp\/v2\/media?parent=4393"}],"curies":[{"name":"wp","href":"https:\/\/api.w.org\/{rel}","templated":true}]}}