{"id":4424,"date":"2023-11-05T12:06:06","date_gmt":"2023-11-05T10:06:06","guid":{"rendered":"https:\/\/zirzen.com\/?page_id=4424"},"modified":"2023-11-08T20:14:46","modified_gmt":"2023-11-08T18:14:46","slug":"rizvan-city","status":"publish","type":"page","link":"https:\/\/zirzen.com\/en\/rizvan-city\/","title":{"rendered":"Rizvan City"},"content":{"rendered":"<h2 class=\"wp-block-heading has-text-align-center\">Rizvan City<\/h2>\n\n\n\n<div class=\"wp-block-columns is-layout-flex wp-container-core-columns-is-layout-28f84493 wp-block-columns-is-layout-flex\">\n<div class=\"wp-block-column is-layout-flow wp-block-column-is-layout-flow\" style=\"flex-basis:33.33%\">\n<div class=\"wp-block-group attraction-left-side\"><div class=\"wp-block-group__inner-container is-layout-constrained wp-block-group-is-layout-constrained\">\n<figure class=\"wp-block-image size-large agl agl-fadeCSS agl-in-distance-1\"><img loading=\"lazy\" decoding=\"async\" width=\"1024\" height=\"769\" src=\"https:\/\/zirzen.com\/wp-content\/uploads\/2023\/11\/Rizvan-City-1024x769.jpeg\" alt=\"\" class=\"wp-image-4430\" srcset=\"https:\/\/zirzen.com\/wp-content\/uploads\/2023\/11\/Rizvan-City-1024x769.jpeg 1024w, https:\/\/zirzen.com\/wp-content\/uploads\/2023\/11\/Rizvan-City-300x225.jpeg 300w, https:\/\/zirzen.com\/wp-content\/uploads\/2023\/11\/Rizvan-City-768x577.jpeg 768w, https:\/\/zirzen.com\/wp-content\/uploads\/2023\/11\/Rizvan-City-1536x1154.jpeg 1536w, https:\/\/zirzen.com\/wp-content\/uploads\/2023\/11\/Rizvan-City-2048x1538.jpeg 2048w, https:\/\/zirzen.com\/wp-content\/uploads\/2023\/11\/Rizvan-City-16x12.jpeg 16w, https:\/\/zirzen.com\/wp-content\/uploads\/2023\/11\/Rizvan-City-1568x1178.jpeg 1568w\" sizes=\"auto, (max-width: 1024px) 100vw, 1024px\" \/><\/figure>\n\n\n\n<p class=\"has-text-align-center attraction-links has-small-font-size\"><a href=\"https:\/\/adria-velebitica.hr\/hr\/\" target=\"_blank\" rel=\"noreferrer noopener\"><i class=\"fas fa-earth-americas\"><\/i><\/a> <a href=\"https:\/\/www.facebook.com\/RizvanCity\/\" target=\"_blank\" rel=\"noreferrer noopener\"><i class=\"fab fa-facebook\"><\/i><\/a><\/p>\n<\/div><\/div>\n\n\n\n<p class=\"has-text-align-left has-small-font-size\"><strong>Time:<\/strong> 40 min <i class=\"fas fa-car\"><\/i><br><strong>Kids:<\/strong> Yes<br><strong>Dogs:<\/strong> Yes<\/p>\n\n\n\n<hr class=\"wp-block-separator has-alpha-channel-opacity\"\/>\n\n\n\n<div class=\"wp-block-buttons has-custom-font-size has-small-font-size agl agl-wipeCSS agl-in-distance-1 is-content-justification-center is-layout-flex wp-container-core-buttons-is-layout-a89b3969 wp-block-buttons-is-layout-flex\">\n<div class=\"wp-block-button is-style-fill\"><a class=\"wp-block-button__link has-foreground-color has-text-color has-background wp-element-button\" style=\"border-radius:16px;background-color:#d7d7d7;padding-top:10px;padding-right:10px;padding-bottom:10px;padding-left:10px\"><i class=\"fas fa-rocket\"><\/i><\/a><\/div>\n<\/div>\n<\/div>\n\n\n\n<div class=\"wp-block-column is-layout-flow wp-block-column-is-layout-flow\" style=\"flex-basis:66.66%\">\n<p class=\"has-small-font-size\">Although there are other exciting places, the synonym for adrenaline experience in Lika is, without any doubt, Rizvan City. The title is fully deserved, not only because they were pioneers in their work, but also because they are not living on their old glory.<\/p>\n\n\n\n<p class=\"has-small-font-size\">I was pleasantly surprised when, before we even reached the reception, they stopped us, asked who we were, checked the agreed attractions and immediately directed us where to go. So, from the first contact, they functioned like a very well-oiled machine.<\/p>\n\n\n\n<p class=\"has-small-font-size\">There are programs available for individuals or groups, and in addition to classic attractions such as an adrenaline park, rock climbing, zipline, paintball, archery and human table football, they also have a giant swing that I have not seen anywhere else. My 11 year old son's comment on the swing was \"wouldn't recommend\" and my 9 year old daughter's was \"let's go again\".<\/p>\n<\/div>\n<\/div>\n\n\n\n<div class=\"wp-block-group has-background has-small-font-size\" style=\"background-color:#f1f1f1\"><div class=\"wp-block-group__inner-container is-layout-constrained wp-block-group-is-layout-constrained\">\n<div class=\"leaflet-map WPLeafletMap\" style=\"height:450px; width:100%;\"><\/div><script>\nwindow.WPLeafletMapPlugin = window.WPLeafletMapPlugin || [];\nwindow.WPLeafletMapPlugin.push(function WPLeafletMapShortcode() {\/*<script>*\/\nvar baseUrl = atob('aHR0cHM6Ly97c30udGlsZS5vcGVuc3RyZWV0bWFwLm9yZy97en0ve3h9L3t5fS5wbmc=');\nvar base = (!baseUrl && window.MQ) ? \n    window.MQ.mapLayer() : L.tileLayer(baseUrl, \n        L.Util.extend({}, {\n            detectRetina: 0,\n        }, \n        {\"subdomains\":\"abc\",\"noWrap\":false}        )\n    );\n    var options = L.Util.extend({}, {\n        layers: [base],\n        attributionControl: false\n    }, \n    {\"zoomControl\":true,\"scrollWheelZoom\":true,\"doubleClickZoom\":false,\"fitBounds\":false,\"minZoom\":0,\"maxZoom\":19,\"maxBounds\":null,\"attribution\":\"<a href=\\\"http:\\\/\\\/leafletjs.com\\\" title=\\\"A JS library for interactive maps\\\">Leaflet<\\\/a>; \\u00a9 <a href=\\\"http:\\\/\\\/www.openstreetmap.org\\\/copyright\\\">OpenStreetMap<\\\/a> contributors\"}, \n    {});\nwindow.WPLeafletMapPlugin.createMap(options).setView([44.496143452407,15.291474596768],13);});<\/script>\n\n<script>\nwindow.WPLeafletMapPlugin = window.WPLeafletMapPlugin || [];\nwindow.WPLeafletMapPlugin.push(function WPLeafletMarkerShortcode() {\/*<script>*\/\nvar map = window.WPLeafletMapPlugin.getCurrentMap();\nvar group = window.WPLeafletMapPlugin.getCurrentGroup();\nvar marker_options = window.WPLeafletMapPlugin.getIconOptions({\"svg\":true,\"background\":\"black\",\"iconClass\":\"fas fa-rocket\",\"color\":\"white\"});\nvar marker = new L.SVGMarker(\n    [44.496143452407,15.291474596768], \n    marker_options\n);\nvar is_image = map.is_image_map;\nif (marker_options.draggable) {\n    marker.on('dragend', function () {\n        var latlng = this.getLatLng();\n        var lat = latlng.lat;\n        var lng = latlng.lng;\n        if (is_image) {\n            console.log('leaflet-marker y=' + lat + ' x=' + lng);\n        } else {\n            console.log('leaflet-marker lat=' + lat + ' lng=' + lng);\n        }\n    });\n}\nmarker.addTo( group );\nmarker.bindPopup(window.WPLeafletMapPlugin.unescape('Zipline &amp;#8220;Pazi medo&amp;#8221;'));window.WPLeafletMapPlugin.markers.push( marker );\n        });<\/script>\n<\/div><\/div>","protected":false},"excerpt":{"rendered":"<p>Rizvan City Vrijeme: 40 min Klinci: DaPsi: Da Iako postoje i druga uzbudljiva mjesta, sinonim za adrenalinsko iskustvo u Lici je, bez ikakve dvojbe, Rizvan City. Titula je potpuno zaslu\u017eena, ne samo zbog toga \u0161to su bili pioniri u svom poslu, nego i zbog toga \u0161to ne \u017eive na staroj slavi. Ostao sam ugodno iznena\u0111en<a class=\"more-link\" href=\"https:\/\/zirzen.com\/en\/rizvan-city\/\">Continue reading <span class=\"screen-reader-text\">&#8220;Rizvan City&#8221;<\/span><\/a><\/p>","protected":false},"author":1,"featured_media":0,"parent":0,"menu_order":0,"comment_status":"closed","ping_status":"closed","template":"","meta":{"_monsterinsights_skip_tracking":false,"_monsterinsights_sitenote_active":false,"_monsterinsights_sitenote_note":"","_monsterinsights_sitenote_category":0,"footnotes":""},"class_list":["post-4424","page","type-page","status-publish","hentry","entry"],"yoast_head":"<!-- This site is optimized with the Yoast SEO plugin v20.13 - https:\/\/yoast.com\/wordpress\/plugins\/seo\/ -->\n<title>Rizvan City - Zir Zen<\/title>\n<meta name=\"robots\" content=\"index, follow, max-snippet:-1, max-image-preview:large, max-video-preview:-1\" \/>\n<link rel=\"canonical\" href=\"https:\/\/zirzen.com\/en\/rizvan-city\/\" \/>\n<meta property=\"og:locale\" content=\"en_US\" \/>\n<meta property=\"og:type\" content=\"article\" \/>\n<meta property=\"og:title\" content=\"Rizvan City - Zir Zen\" \/>\n<meta property=\"og:description\" content=\"Rizvan City Vrijeme: 40 min Klinci: DaPsi: Da Iako postoje i druga uzbudljiva mjesta, sinonim za adrenalinsko iskustvo u Lici je, bez ikakve dvojbe, Rizvan City. Titula je potpuno zaslu\u017eena, ne samo zbog toga \u0161to su bili pioniri u svom poslu, nego i zbog toga \u0161to ne \u017eive na staroj slavi. Ostao sam ugodno iznena\u0111enContinue reading &quot;Rizvan City&quot;\" \/>\n<meta property=\"og:url\" content=\"https:\/\/zirzen.com\/en\/rizvan-city\/\" \/>\n<meta property=\"og:site_name\" content=\"Zir Zen\" \/>\n<meta property=\"article:modified_time\" content=\"2023-11-08T18:14:46+00:00\" \/>\n<meta property=\"og:image\" content=\"https:\/\/zirzen.com\/wp-content\/uploads\/2023\/11\/Rizvan-City-1024x769.jpeg\" \/>\n<meta name=\"twitter:card\" content=\"summary_large_image\" \/>\n<meta name=\"twitter:label1\" content=\"Est. reading time\" \/>\n\t<meta name=\"twitter:data1\" content=\"1 minute\" \/>\n<script type=\"application\/ld+json\" class=\"yoast-schema-graph\">{\"@context\":\"https:\/\/schema.org\",\"@graph\":[{\"@type\":\"WebPage\",\"@id\":\"https:\/\/zirzen.com\/rizvan-city\/\",\"url\":\"https:\/\/zirzen.com\/rizvan-city\/\",\"name\":\"Rizvan City - Zir Zen\",\"isPartOf\":{\"@id\":\"https:\/\/zirzen.com\/#website\"},\"datePublished\":\"2023-11-05T10:06:06+00:00\",\"dateModified\":\"2023-11-08T18:14:46+00:00\",\"breadcrumb\":{\"@id\":\"https:\/\/zirzen.com\/rizvan-city\/#breadcrumb\"},\"inLanguage\":\"en-US\",\"potentialAction\":[{\"@type\":\"ReadAction\",\"target\":[\"https:\/\/zirzen.com\/rizvan-city\/\"]}]},{\"@type\":\"BreadcrumbList\",\"@id\":\"https:\/\/zirzen.com\/rizvan-city\/#breadcrumb\",\"itemListElement\":[{\"@type\":\"ListItem\",\"position\":1,\"name\":\"Home\",\"item\":\"https:\/\/zirzen.com\/\"},{\"@type\":\"ListItem\",\"position\":2,\"name\":\"Rizvan City\"}]},{\"@type\":\"WebSite\",\"@id\":\"https:\/\/zirzen.com\/#website\",\"url\":\"https:\/\/zirzen.com\/\",\"name\":\"Zir Zen\",\"description\":\"Jebi ga, kad smo ve\u0107 u Lovincu\",\"publisher\":{\"@id\":\"https:\/\/zirzen.com\/#organization\"},\"potentialAction\":[{\"@type\":\"SearchAction\",\"target\":{\"@type\":\"EntryPoint\",\"urlTemplate\":\"https:\/\/zirzen.com\/?s={search_term_string}\"},\"query-input\":\"required name=search_term_string\"}],\"inLanguage\":\"en-US\"},{\"@type\":\"Organization\",\"@id\":\"https:\/\/zirzen.com\/#organization\",\"name\":\"Zir Zen\",\"url\":\"https:\/\/zirzen.com\/\",\"logo\":{\"@type\":\"ImageObject\",\"inLanguage\":\"en-US\",\"@id\":\"https:\/\/zirzen.com\/#\/schema\/logo\/image\/\",\"url\":\"https:\/\/zirzen.com\/wp-content\/uploads\/2023\/07\/cropped-Picture1.png\",\"contentUrl\":\"https:\/\/zirzen.com\/wp-content\/uploads\/2023\/07\/cropped-Picture1.png\",\"width\":512,\"height\":512,\"caption\":\"Zir Zen\"},\"image\":{\"@id\":\"https:\/\/zirzen.com\/#\/schema\/logo\/image\/\"}}]}<\/script>\n<!-- \/ Yoast SEO plugin. -->","yoast_head_json":{"title":"Rizvan City - Zir Zen","robots":{"index":"index","follow":"follow","max-snippet":"max-snippet:-1","max-image-preview":"max-image-preview:large","max-video-preview":"max-video-preview:-1"},"canonical":"https:\/\/zirzen.com\/en\/rizvan-city\/","og_locale":"en_US","og_type":"article","og_title":"Rizvan City - Zir Zen","og_description":"Rizvan City Vrijeme: 40 min Klinci: DaPsi: Da Iako postoje i druga uzbudljiva mjesta, sinonim za adrenalinsko iskustvo u Lici je, bez ikakve dvojbe, Rizvan City. Titula je potpuno zaslu\u017eena, ne samo zbog toga \u0161to su bili pioniri u svom poslu, nego i zbog toga \u0161to ne \u017eive na staroj slavi. Ostao sam ugodno iznena\u0111enContinue reading \"Rizvan City\"","og_url":"https:\/\/zirzen.com\/en\/rizvan-city\/","og_site_name":"Zir Zen","article_modified_time":"2023-11-08T18:14:46+00:00","og_image":[{"url":"https:\/\/zirzen.com\/wp-content\/uploads\/2023\/11\/Rizvan-City-1024x769.jpeg"}],"twitter_card":"summary_large_image","twitter_misc":{"Est. reading time":"1 minute"},"schema":{"@context":"https:\/\/schema.org","@graph":[{"@type":"WebPage","@id":"https:\/\/zirzen.com\/rizvan-city\/","url":"https:\/\/zirzen.com\/rizvan-city\/","name":"Rizvan City - Zir Zen","isPartOf":{"@id":"https:\/\/zirzen.com\/#website"},"datePublished":"2023-11-05T10:06:06+00:00","dateModified":"2023-11-08T18:14:46+00:00","breadcrumb":{"@id":"https:\/\/zirzen.com\/rizvan-city\/#breadcrumb"},"inLanguage":"en-US","potentialAction":[{"@type":"ReadAction","target":["https:\/\/zirzen.com\/rizvan-city\/"]}]},{"@type":"BreadcrumbList","@id":"https:\/\/zirzen.com\/rizvan-city\/#breadcrumb","itemListElement":[{"@type":"ListItem","position":1,"name":"Home","item":"https:\/\/zirzen.com\/"},{"@type":"ListItem","position":2,"name":"Rizvan City"}]},{"@type":"WebSite","@id":"https:\/\/zirzen.com\/#website","url":"https:\/\/zirzen.com\/","name":"Zir Zen","description":"Jebi ga, kad smo ve\u0107 u Lovincu","publisher":{"@id":"https:\/\/zirzen.com\/#organization"},"potentialAction":[{"@type":"SearchAction","target":{"@type":"EntryPoint","urlTemplate":"https:\/\/zirzen.com\/?s={search_term_string}"},"query-input":"required name=search_term_string"}],"inLanguage":"en-US"},{"@type":"Organization","@id":"https:\/\/zirzen.com\/#organization","name":"Zir Zen","url":"https:\/\/zirzen.com\/","logo":{"@type":"ImageObject","inLanguage":"en-US","@id":"https:\/\/zirzen.com\/#\/schema\/logo\/image\/","url":"https:\/\/zirzen.com\/wp-content\/uploads\/2023\/07\/cropped-Picture1.png","contentUrl":"https:\/\/zirzen.com\/wp-content\/uploads\/2023\/07\/cropped-Picture1.png","width":512,"height":512,"caption":"Zir Zen"},"image":{"@id":"https:\/\/zirzen.com\/#\/schema\/logo\/image\/"}}]}},"_links":{"self":[{"href":"https:\/\/zirzen.com\/en\/wp-json\/wp\/v2\/pages\/4424","targetHints":{"allow":["GET"]}}],"collection":[{"href":"https:\/\/zirzen.com\/en\/wp-json\/wp\/v2\/pages"}],"about":[{"href":"https:\/\/zirzen.com\/en\/wp-json\/wp\/v2\/types\/page"}],"author":[{"embeddable":true,"href":"https:\/\/zirzen.com\/en\/wp-json\/wp\/v2\/users\/1"}],"replies":[{"embeddable":true,"href":"https:\/\/zirzen.com\/en\/wp-json\/wp\/v2\/comments?post=4424"}],"version-history":[{"count":4,"href":"https:\/\/zirzen.com\/en\/wp-json\/wp\/v2\/pages\/4424\/revisions"}],"predecessor-version":[{"id":4486,"href":"https:\/\/zirzen.com\/en\/wp-json\/wp\/v2\/pages\/4424\/revisions\/4486"}],"wp:attachment":[{"href":"https:\/\/zirzen.com\/en\/wp-json\/wp\/v2\/media?parent=4424"}],"curies":[{"name":"wp","href":"https:\/\/api.w.org\/{rel}","templated":true}]}}