{"id":4494,"date":"2023-12-19T19:19:09","date_gmt":"2023-12-19T17:19:09","guid":{"rendered":"https:\/\/zirzen.com\/?page_id=4494"},"modified":"2023-12-21T10:18:05","modified_gmt":"2023-12-21T08:18:05","slug":"svetiste-majke-bozje-od-krasna","status":"publish","type":"page","link":"https:\/\/zirzen.com\/en\/svetiste-majke-bozje-od-krasna\/","title":{"rendered":"Sanctuary of Our Lady of Krasno"},"content":{"rendered":"<h2 class=\"wp-block-heading has-text-align-center\">Sanctuary of Our Lady of Krasno<\/h2>\n\n\n\n<div class=\"wp-block-columns is-layout-flex wp-container-core-columns-is-layout-28f84493 wp-block-columns-is-layout-flex\">\n<div class=\"wp-block-column is-layout-flow wp-block-column-is-layout-flow\" style=\"flex-basis:33.33%\">\n<figure class=\"wp-block-image size-large is-style-default agl agl-fadeCSS agl-in-distance-1\"><img loading=\"lazy\" decoding=\"async\" width=\"1024\" height=\"768\" src=\"https:\/\/zirzen.com\/wp-content\/uploads\/2023\/12\/Svetiste_Majke_Bozje_Krasno_01-1-1024x768.jpeg\" alt=\"\" class=\"wp-image-4498\" srcset=\"https:\/\/zirzen.com\/wp-content\/uploads\/2023\/12\/Svetiste_Majke_Bozje_Krasno_01-1-1024x768.jpeg 1024w, https:\/\/zirzen.com\/wp-content\/uploads\/2023\/12\/Svetiste_Majke_Bozje_Krasno_01-1-300x225.jpeg 300w, https:\/\/zirzen.com\/wp-content\/uploads\/2023\/12\/Svetiste_Majke_Bozje_Krasno_01-1-768x576.jpeg 768w, https:\/\/zirzen.com\/wp-content\/uploads\/2023\/12\/Svetiste_Majke_Bozje_Krasno_01-1-1536x1152.jpeg 1536w, https:\/\/zirzen.com\/wp-content\/uploads\/2023\/12\/Svetiste_Majke_Bozje_Krasno_01-1-2048x1536.jpeg 2048w, https:\/\/zirzen.com\/wp-content\/uploads\/2023\/12\/Svetiste_Majke_Bozje_Krasno_01-1-16x12.jpeg 16w, https:\/\/zirzen.com\/wp-content\/uploads\/2023\/12\/Svetiste_Majke_Bozje_Krasno_01-1-1568x1176.jpeg 1568w\" sizes=\"auto, (max-width: 1024px) 100vw, 1024px\" \/><\/figure>\n\n\n\n<p class=\"has-text-align-left has-small-font-size\"><strong>Time:<\/strong> 75 min <i class=\"fas fa-car\"><\/i><br><strong>Kids:<\/strong> Yes<br><strong>Dogs:<\/strong> Yes<\/p>\n\n\n\n<hr class=\"wp-block-separator has-alpha-channel-opacity\"\/>\n\n\n\n<div class=\"wp-block-buttons has-custom-font-size has-small-font-size agl agl-wipeCSS agl-in-distance-1 is-content-justification-center is-layout-flex wp-container-core-buttons-is-layout-a89b3969 wp-block-buttons-is-layout-flex\">\n<div class=\"wp-block-button is-style-fill\"><a class=\"wp-block-button__link has-foreground-color has-text-color has-background wp-element-button\" style=\"border-radius:16px;background-color:#d7d7d7;padding-top:10px;padding-right:10px;padding-bottom:10px;padding-left:10px\"><i class=\"fas fa-church\"><\/i><\/a><\/div>\n<\/div>\n<\/div>\n\n\n\n<div class=\"wp-block-column is-layout-flow wp-block-column-is-layout-flow\" style=\"flex-basis:66.66%\">\n<p class=\"has-small-font-size\">At the beginning of the thirteenth century, the Mother of God appeared in a flower on a tree stump. The shepherds noticed it and, of course, immediately tore off the flower and took it to the chapel in Krasno polje, because why should it grow when they can kill it. But the flower had other plans and returned to the forest.<\/p>\n\n\n\n<p class=\"has-small-font-size\">Instead of carrying it to the chapel and having it keep coming back, they remembered the old Catholic proverb \"If Muhammad will not come to the hill, the hill will come to Muhammad\" and built a church in the place where they found it. And God saw that it was good, so the Sanctuary of the Mother of God from Krasno still stands there to this day.<\/p>\n\n\n\n<p class=\"has-small-font-size\">When you enter the church, look up, because the vault is really interesting and original. Most of the rest of the sanctuary is just an example of classical religious aesthetics. If you need to stock up on holy water, because the devil never sleeps, there is always at least 100 liters in the stainless steel tank.<\/p>\n\n\n\n<p class=\"has-small-font-size\"> <\/p>\n<\/div>\n<\/div>\n\n\n\n<div class=\"wp-block-group has-background has-small-font-size\" style=\"background-color:#f1f1f1\"><div class=\"wp-block-group__inner-container is-layout-constrained wp-block-group-is-layout-constrained\">\n<div class=\"leaflet-map WPLeafletMap\" style=\"height:450px; width:100%;\"><\/div><script>\nwindow.WPLeafletMapPlugin = window.WPLeafletMapPlugin || [];\nwindow.WPLeafletMapPlugin.push(function WPLeafletMapShortcode() {\/*<script>*\/\nvar baseUrl = atob('aHR0cHM6Ly97c30udGlsZS5vcGVuc3RyZWV0bWFwLm9yZy97en0ve3h9L3t5fS5wbmc=');\nvar base = (!baseUrl && window.MQ) ? \n    window.MQ.mapLayer() : L.tileLayer(baseUrl, \n        L.Util.extend({}, {\n            detectRetina: 0,\n        }, \n        {\"subdomains\":\"abc\",\"noWrap\":false}        )\n    );\n    var options = L.Util.extend({}, {\n        layers: [base],\n        attributionControl: false\n    }, \n    {\"zoomControl\":true,\"scrollWheelZoom\":true,\"doubleClickZoom\":false,\"fitBounds\":true,\"minZoom\":0,\"maxZoom\":19,\"maxBounds\":null,\"attribution\":\"<a href=\\\"http:\\\/\\\/leafletjs.com\\\" title=\\\"A JS library for interactive maps\\\">Leaflet<\\\/a>; \\u00a9 <a href=\\\"http:\\\/\\\/www.openstreetmap.org\\\/copyright\\\">OpenStreetMap<\\\/a> contributors\"}, \n    {});\nwindow.WPLeafletMapPlugin.createMap(options).setView([44.42574,15.640728],13);});<\/script>\n\n<script>\nwindow.WPLeafletMapPlugin = window.WPLeafletMapPlugin || [];\nwindow.WPLeafletMapPlugin.push(function WPLeafletMarkerShortcode() {\/*<script>*\/\nvar map = window.WPLeafletMapPlugin.getCurrentMap();\nvar group = window.WPLeafletMapPlugin.getCurrentGroup();\nvar marker_options = window.WPLeafletMapPlugin.getIconOptions({\"svg\":true,\"background\":\"brown\",\"iconClass\":\"fas fa-church\",\"color\":\"white\"});\nvar marker = new L.SVGMarker(\n    [44.827525826107,15.089243715035], \n    marker_options\n);\nvar is_image = map.is_image_map;\nif (marker_options.draggable) {\n    marker.on('dragend', function () {\n        var latlng = this.getLatLng();\n        var lat = latlng.lat;\n        var lng = latlng.lng;\n        if (is_image) {\n            console.log('leaflet-marker y=' + lat + ' x=' + lng);\n        } else {\n            console.log('leaflet-marker lat=' + lat + ' lng=' + lng);\n        }\n    });\n}\nmarker.addTo( group );\nmarker.bindPopup(window.WPLeafletMapPlugin.unescape('Sveti\u0161te Majke Bo\u017eje od Krasna')).openPopup();window.WPLeafletMapPlugin.markers.push( marker );\n        });<\/script>\n<\/div><\/div>","protected":false},"excerpt":{"rendered":"<p>Sveti\u0161te Majke Bo\u017eje od Krasna Vrijeme: 75 min Klinci: DaPsi: Da Majka Bo\u017eja se po\u010detkom trinaestog stolje\u0107a ukazala u cvijetu na panju. Pastiri su ju spazili i naravno, odmah otrgnuli cvijet i odnijeli u kapelicu u Krasnom polju, jer za\u0161to da raste kada ga mogu ubiti. No, cvijet je imao druge planove i vratio se<a class=\"more-link\" href=\"https:\/\/zirzen.com\/en\/svetiste-majke-bozje-od-krasna\/\">Continue reading <span class=\"screen-reader-text\">&#8220;Sveti\u0161te Majke Bo\u017eje od Krasna&#8221;<\/span><\/a><\/p>","protected":false},"author":1,"featured_media":0,"parent":0,"menu_order":0,"comment_status":"closed","ping_status":"closed","template":"","meta":{"_monsterinsights_skip_tracking":false,"_monsterinsights_sitenote_active":false,"_monsterinsights_sitenote_note":"","_monsterinsights_sitenote_category":0,"footnotes":""},"class_list":["post-4494","page","type-page","status-publish","hentry","entry"],"yoast_head":"<!-- This site is optimized with the Yoast SEO plugin v20.13 - https:\/\/yoast.com\/wordpress\/plugins\/seo\/ -->\n<title>Sveti\u0161te Majke Bo\u017eje od Krasna - Zir Zen<\/title>\n<meta name=\"robots\" content=\"index, follow, max-snippet:-1, max-image-preview:large, max-video-preview:-1\" \/>\n<link rel=\"canonical\" href=\"https:\/\/zirzen.com\/en\/svetiste-majke-bozje-od-krasna\/\" \/>\n<meta property=\"og:locale\" content=\"en_US\" \/>\n<meta property=\"og:type\" content=\"article\" \/>\n<meta property=\"og:title\" content=\"Sveti\u0161te Majke Bo\u017eje od Krasna - Zir Zen\" \/>\n<meta property=\"og:description\" content=\"Sveti\u0161te Majke Bo\u017eje od Krasna Vrijeme: 75 min Klinci: DaPsi: Da Majka Bo\u017eja se po\u010detkom trinaestog stolje\u0107a ukazala u cvijetu na panju. Pastiri su ju spazili i naravno, odmah otrgnuli cvijet i odnijeli u kapelicu u Krasnom polju, jer za\u0161to da raste kada ga mogu ubiti. No, cvijet je imao druge planove i vratio seContinue reading &quot;Sveti\u0161te Majke Bo\u017eje od Krasna&quot;\" \/>\n<meta property=\"og:url\" content=\"https:\/\/zirzen.com\/en\/svetiste-majke-bozje-od-krasna\/\" \/>\n<meta property=\"og:site_name\" content=\"Zir Zen\" \/>\n<meta property=\"article:modified_time\" content=\"2023-12-21T08:18:05+00:00\" \/>\n<meta property=\"og:image\" content=\"https:\/\/zirzen.com\/wp-content\/uploads\/2023\/12\/Svetiste_Majke_Bozje_Krasno_01-1-1024x768.jpeg\" \/>\n<meta name=\"twitter:card\" content=\"summary_large_image\" \/>\n<meta name=\"twitter:label1\" content=\"Est. reading time\" \/>\n\t<meta name=\"twitter:data1\" content=\"1 minute\" \/>\n<script type=\"application\/ld+json\" class=\"yoast-schema-graph\">{\"@context\":\"https:\/\/schema.org\",\"@graph\":[{\"@type\":\"WebPage\",\"@id\":\"https:\/\/zirzen.com\/svetiste-majke-bozje-od-krasna\/\",\"url\":\"https:\/\/zirzen.com\/svetiste-majke-bozje-od-krasna\/\",\"name\":\"Sveti\u0161te Majke Bo\u017eje od Krasna - Zir Zen\",\"isPartOf\":{\"@id\":\"https:\/\/zirzen.com\/#website\"},\"datePublished\":\"2023-12-19T17:19:09+00:00\",\"dateModified\":\"2023-12-21T08:18:05+00:00\",\"breadcrumb\":{\"@id\":\"https:\/\/zirzen.com\/svetiste-majke-bozje-od-krasna\/#breadcrumb\"},\"inLanguage\":\"en-US\",\"potentialAction\":[{\"@type\":\"ReadAction\",\"target\":[\"https:\/\/zirzen.com\/svetiste-majke-bozje-od-krasna\/\"]}]},{\"@type\":\"BreadcrumbList\",\"@id\":\"https:\/\/zirzen.com\/svetiste-majke-bozje-od-krasna\/#breadcrumb\",\"itemListElement\":[{\"@type\":\"ListItem\",\"position\":1,\"name\":\"Home\",\"item\":\"https:\/\/zirzen.com\/\"},{\"@type\":\"ListItem\",\"position\":2,\"name\":\"Sveti\u0161te Majke Bo\u017eje od Krasna\"}]},{\"@type\":\"WebSite\",\"@id\":\"https:\/\/zirzen.com\/#website\",\"url\":\"https:\/\/zirzen.com\/\",\"name\":\"Zir Zen\",\"description\":\"Jebi ga, kad smo ve\u0107 u Lovincu\",\"publisher\":{\"@id\":\"https:\/\/zirzen.com\/#organization\"},\"potentialAction\":[{\"@type\":\"SearchAction\",\"target\":{\"@type\":\"EntryPoint\",\"urlTemplate\":\"https:\/\/zirzen.com\/?s={search_term_string}\"},\"query-input\":\"required name=search_term_string\"}],\"inLanguage\":\"en-US\"},{\"@type\":\"Organization\",\"@id\":\"https:\/\/zirzen.com\/#organization\",\"name\":\"Zir Zen\",\"url\":\"https:\/\/zirzen.com\/\",\"logo\":{\"@type\":\"ImageObject\",\"inLanguage\":\"en-US\",\"@id\":\"https:\/\/zirzen.com\/#\/schema\/logo\/image\/\",\"url\":\"https:\/\/zirzen.com\/wp-content\/uploads\/2023\/07\/cropped-Picture1.png\",\"contentUrl\":\"https:\/\/zirzen.com\/wp-content\/uploads\/2023\/07\/cropped-Picture1.png\",\"width\":512,\"height\":512,\"caption\":\"Zir Zen\"},\"image\":{\"@id\":\"https:\/\/zirzen.com\/#\/schema\/logo\/image\/\"}}]}<\/script>\n<!-- \/ Yoast SEO plugin. -->","yoast_head_json":{"title":"Sveti\u0161te Majke Bo\u017eje od Krasna - Zir Zen","robots":{"index":"index","follow":"follow","max-snippet":"max-snippet:-1","max-image-preview":"max-image-preview:large","max-video-preview":"max-video-preview:-1"},"canonical":"https:\/\/zirzen.com\/en\/svetiste-majke-bozje-od-krasna\/","og_locale":"en_US","og_type":"article","og_title":"Sveti\u0161te Majke Bo\u017eje od Krasna - Zir Zen","og_description":"Sveti\u0161te Majke Bo\u017eje od Krasna Vrijeme: 75 min Klinci: DaPsi: Da Majka Bo\u017eja se po\u010detkom trinaestog stolje\u0107a ukazala u cvijetu na panju. Pastiri su ju spazili i naravno, odmah otrgnuli cvijet i odnijeli u kapelicu u Krasnom polju, jer za\u0161to da raste kada ga mogu ubiti. No, cvijet je imao druge planove i vratio seContinue reading \"Sveti\u0161te Majke Bo\u017eje od Krasna\"","og_url":"https:\/\/zirzen.com\/en\/svetiste-majke-bozje-od-krasna\/","og_site_name":"Zir Zen","article_modified_time":"2023-12-21T08:18:05+00:00","og_image":[{"url":"https:\/\/zirzen.com\/wp-content\/uploads\/2023\/12\/Svetiste_Majke_Bozje_Krasno_01-1-1024x768.jpeg"}],"twitter_card":"summary_large_image","twitter_misc":{"Est. reading time":"1 minute"},"schema":{"@context":"https:\/\/schema.org","@graph":[{"@type":"WebPage","@id":"https:\/\/zirzen.com\/svetiste-majke-bozje-od-krasna\/","url":"https:\/\/zirzen.com\/svetiste-majke-bozje-od-krasna\/","name":"Sveti\u0161te Majke Bo\u017eje od Krasna - Zir Zen","isPartOf":{"@id":"https:\/\/zirzen.com\/#website"},"datePublished":"2023-12-19T17:19:09+00:00","dateModified":"2023-12-21T08:18:05+00:00","breadcrumb":{"@id":"https:\/\/zirzen.com\/svetiste-majke-bozje-od-krasna\/#breadcrumb"},"inLanguage":"en-US","potentialAction":[{"@type":"ReadAction","target":["https:\/\/zirzen.com\/svetiste-majke-bozje-od-krasna\/"]}]},{"@type":"BreadcrumbList","@id":"https:\/\/zirzen.com\/svetiste-majke-bozje-od-krasna\/#breadcrumb","itemListElement":[{"@type":"ListItem","position":1,"name":"Home","item":"https:\/\/zirzen.com\/"},{"@type":"ListItem","position":2,"name":"Sveti\u0161te Majke Bo\u017eje od Krasna"}]},{"@type":"WebSite","@id":"https:\/\/zirzen.com\/#website","url":"https:\/\/zirzen.com\/","name":"Zir Zen","description":"Jebi ga, kad smo ve\u0107 u Lovincu","publisher":{"@id":"https:\/\/zirzen.com\/#organization"},"potentialAction":[{"@type":"SearchAction","target":{"@type":"EntryPoint","urlTemplate":"https:\/\/zirzen.com\/?s={search_term_string}"},"query-input":"required name=search_term_string"}],"inLanguage":"en-US"},{"@type":"Organization","@id":"https:\/\/zirzen.com\/#organization","name":"Zir Zen","url":"https:\/\/zirzen.com\/","logo":{"@type":"ImageObject","inLanguage":"en-US","@id":"https:\/\/zirzen.com\/#\/schema\/logo\/image\/","url":"https:\/\/zirzen.com\/wp-content\/uploads\/2023\/07\/cropped-Picture1.png","contentUrl":"https:\/\/zirzen.com\/wp-content\/uploads\/2023\/07\/cropped-Picture1.png","width":512,"height":512,"caption":"Zir Zen"},"image":{"@id":"https:\/\/zirzen.com\/#\/schema\/logo\/image\/"}}]}},"_links":{"self":[{"href":"https:\/\/zirzen.com\/en\/wp-json\/wp\/v2\/pages\/4494","targetHints":{"allow":["GET"]}}],"collection":[{"href":"https:\/\/zirzen.com\/en\/wp-json\/wp\/v2\/pages"}],"about":[{"href":"https:\/\/zirzen.com\/en\/wp-json\/wp\/v2\/types\/page"}],"author":[{"embeddable":true,"href":"https:\/\/zirzen.com\/en\/wp-json\/wp\/v2\/users\/1"}],"replies":[{"embeddable":true,"href":"https:\/\/zirzen.com\/en\/wp-json\/wp\/v2\/comments?post=4494"}],"version-history":[{"count":3,"href":"https:\/\/zirzen.com\/en\/wp-json\/wp\/v2\/pages\/4494\/revisions"}],"predecessor-version":[{"id":4509,"href":"https:\/\/zirzen.com\/en\/wp-json\/wp\/v2\/pages\/4494\/revisions\/4509"}],"wp:attachment":[{"href":"https:\/\/zirzen.com\/en\/wp-json\/wp\/v2\/media?parent=4494"}],"curies":[{"name":"wp","href":"https:\/\/api.w.org\/{rel}","templated":true}]}}