{"id":608,"date":"2023-07-17T15:51:19","date_gmt":"2023-07-17T13:51:19","guid":{"rendered":"http:\/\/localhost\/wordpress\/?page_id=608"},"modified":"2023-10-07T22:18:10","modified_gmt":"2023-10-07T20:18:10","slug":"jezero-sveti-rok-lovinac","status":"publish","type":"page","link":"https:\/\/zirzen.com\/en\/jezero-sveti-rok-lovinac\/","title":{"rendered":"Lake Opsenica"},"content":{"rendered":"<h2 class=\"wp-block-heading has-text-align-center\">Lake Opsenica<\/h2>\n\n\n\n<div class=\"wp-block-columns is-layout-flex wp-container-core-columns-is-layout-28f84493 wp-block-columns-is-layout-flex\">\n<div class=\"wp-block-column is-layout-flow wp-block-column-is-layout-flow\" style=\"flex-basis:33.33%\">\n<figure class=\"wp-block-image size-large agl agl-fadeCSS agl-in-distance-1\"><img loading=\"lazy\" decoding=\"async\" width=\"1024\" height=\"767\" src=\"https:\/\/zirzen.com\/wp-content\/uploads\/2023\/08\/Jezero-Opsenica-1024x767.jpeg\" alt=\"Jezero Opsenica\" class=\"wp-image-3198\" srcset=\"https:\/\/zirzen.com\/wp-content\/uploads\/2023\/08\/Jezero-Opsenica-1024x767.jpeg 1024w, https:\/\/zirzen.com\/wp-content\/uploads\/2023\/08\/Jezero-Opsenica-300x225.jpeg 300w, https:\/\/zirzen.com\/wp-content\/uploads\/2023\/08\/Jezero-Opsenica-768x575.jpeg 768w, https:\/\/zirzen.com\/wp-content\/uploads\/2023\/08\/Jezero-Opsenica-1536x1150.jpeg 1536w, https:\/\/zirzen.com\/wp-content\/uploads\/2023\/08\/Jezero-Opsenica-2048x1533.jpeg 2048w, https:\/\/zirzen.com\/wp-content\/uploads\/2023\/08\/Jezero-Opsenica-16x12.jpeg 16w, https:\/\/zirzen.com\/wp-content\/uploads\/2023\/08\/Jezero-Opsenica-1568x1174.jpeg 1568w\" sizes=\"auto, (max-width: 1024px) 100vw, 1024px\" \/><\/figure>\n\n\n\n<p class=\"has-text-align-left has-small-font-size\"><strong>Time:<\/strong> 6 min <i class=\"fas fa-car\"><\/i><br><strong>Kids:<\/strong> Yes<br><strong>Dogs:<\/strong> Yes<\/p>\n\n\n\n<hr class=\"wp-block-separator has-alpha-channel-opacity\"\/>\n\n\n\n<div class=\"wp-block-buttons has-custom-font-size has-small-font-size agl agl-wipeCSS agl-in-distance-1 is-content-justification-center is-layout-flex wp-container-core-buttons-is-layout-a89b3969 wp-block-buttons-is-layout-flex\">\n<div class=\"wp-block-button is-style-fill\"><a class=\"wp-block-button__link has-foreground-color has-text-color has-background wp-element-button\" style=\"border-radius:16px;background-color:#d7d7d7;padding-top:10px;padding-right:10px;padding-bottom:10px;padding-left:10px\"><i class=\"fas fa-person-swimming\"><\/i><\/a><\/div>\n\n\n\n<div class=\"wp-block-button is-style-fill\"><a class=\"wp-block-button__link has-foreground-color has-text-color has-background wp-element-button\" style=\"border-radius:16px;background-color:#d7d7d7;padding-top:10px;padding-right:10px;padding-bottom:10px;padding-left:10px\"><i class=\"fas fa-umbrella-beach\"><\/i><\/a><\/div>\n<\/div>\n<\/div>\n\n\n\n<div class=\"wp-block-column is-layout-flow wp-block-column-is-layout-flow\" style=\"flex-basis:66.66%\">\n<p class=\"has-small-font-size\">Lake Opsenica, better known as Lake Sveti Rok, is nothing special, but still a nice enough lake for a short visit. When the water level is not too low, it is convenient for swimming, especially if you like to do it in the company of frogs. <\/p>\n\n\n\n<p class=\"has-small-font-size\">The lake was recently remodeled in such a way that the eastern side is deeper and looks the way a reservoir should look and is a place where people gather. The western side is left in a somewhat more natural state, so birds gather there. I don't know if there is a need for it, but somehow I always avoid the western part so as not to disturb the birds.<\/p>\n\n\n\n<p class=\"has-small-font-size\">The lake has one unusual feature. Otherwise, if you urinate in the place where you bathe, the water around you becomes murkier and warmer. However, in summer, when the water level is low and the lake is warmed by the sun, when you urinate in it, the water around you becomes cooler and clearer. Isn't that fascinating? My kids never minded it for swimming, and the frogs are just bonus fun.<\/p>\n<\/div>\n<\/div>\n\n\n\n<div class=\"wp-block-group has-background has-small-font-size\" style=\"background-color:#f1f1f1\"><div class=\"wp-block-group__inner-container is-layout-constrained wp-block-group-is-layout-constrained\">\n<div class=\"leaflet-map WPLeafletMap\" style=\"height:450px; width:100%;\"><\/div><script>\nwindow.WPLeafletMapPlugin = window.WPLeafletMapPlugin || [];\nwindow.WPLeafletMapPlugin.push(function WPLeafletMapShortcode() {\/*<script>*\/\nvar baseUrl = atob('aHR0cHM6Ly97c30udGlsZS5vcGVuc3RyZWV0bWFwLm9yZy97en0ve3h9L3t5fS5wbmc=');\nvar base = (!baseUrl && window.MQ) ? \n    window.MQ.mapLayer() : L.tileLayer(baseUrl, \n        L.Util.extend({}, {\n            detectRetina: 0,\n        }, \n        {\"subdomains\":\"abc\",\"noWrap\":false}        )\n    );\n    var options = L.Util.extend({}, {\n        layers: [base],\n        attributionControl: false\n    }, \n    {\"zoomControl\":true,\"scrollWheelZoom\":true,\"doubleClickZoom\":false,\"fitBounds\":false,\"minZoom\":0,\"maxZoom\":19,\"maxBounds\":null,\"attribution\":\"<a href=\\\"http:\\\/\\\/leafletjs.com\\\" title=\\\"A JS library for interactive maps\\\">Leaflet<\\\/a>; \\u00a9 <a href=\\\"http:\\\/\\\/www.openstreetmap.org\\\/copyright\\\">OpenStreetMap<\\\/a> contributors\"}, \n    {});\nwindow.WPLeafletMapPlugin.createMap(options).setView([44.367008,15.661216],13);});<\/script>\n\n<script>\nwindow.WPLeafletMapPlugin = window.WPLeafletMapPlugin || [];\nwindow.WPLeafletMapPlugin.push(function WPLeafletMarkerShortcode() {\/*<script>*\/\nvar map = window.WPLeafletMapPlugin.getCurrentMap();\nvar group = window.WPLeafletMapPlugin.getCurrentGroup();\nvar marker_options = window.WPLeafletMapPlugin.getIconOptions({\"svg\":true,\"background\":\"blue\",\"iconClass\":\"fas fa-person-swimming\",\"color\":\"white\"});\nvar marker = new L.SVGMarker(\n    [44.367008,15.661216], \n    marker_options\n);\nvar is_image = map.is_image_map;\nif (marker_options.draggable) {\n    marker.on('dragend', function () {\n        var latlng = this.getLatLng();\n        var lat = latlng.lat;\n        var lng = latlng.lng;\n        if (is_image) {\n            console.log('leaflet-marker y=' + lat + ' x=' + lng);\n        } else {\n            console.log('leaflet-marker lat=' + lat + ' lng=' + lng);\n        }\n    });\n}\nmarker.addTo( group );\nmarker.bindPopup(window.WPLeafletMapPlugin.unescape('Jezero Opsenica')).openPopup();window.WPLeafletMapPlugin.markers.push( marker );\n        });<\/script>\n<\/div><\/div>","protected":false},"excerpt":{"rendered":"<p>Jezero Opsenica Vrijeme: 6 min Klinci: DaPsi: Da Jezero Opsenica poznatije kao jezero Sveti Rok ni po \u010demu nije posebno, ali je ipak dovoljno simpati\u010dno jezero za kra\u0107i posjet. Kada vodostaj nije prenizak, zgodno je za kupanje, pogotovo ako volite da vam dru\u0161tvo \u010dine \u017eabe. Jezero je nedavno izmuljeno i to na na\u010din da je<a class=\"more-link\" href=\"https:\/\/zirzen.com\/en\/jezero-sveti-rok-lovinac\/\">Continue reading <span class=\"screen-reader-text\">&#8220;Jezero Opsenica&#8221;<\/span><\/a><\/p>","protected":false},"author":2,"featured_media":0,"parent":0,"menu_order":0,"comment_status":"closed","ping_status":"closed","template":"","meta":{"_monsterinsights_skip_tracking":false,"_monsterinsights_sitenote_active":false,"_monsterinsights_sitenote_note":"","_monsterinsights_sitenote_category":0,"footnotes":""},"class_list":["post-608","page","type-page","status-publish","hentry","entry"],"yoast_head":"<!-- This site is optimized with the Yoast SEO plugin v20.13 - https:\/\/yoast.com\/wordpress\/plugins\/seo\/ -->\n<title>Jezero Opsenica - Zir Zen<\/title>\n<meta name=\"robots\" content=\"index, follow, max-snippet:-1, max-image-preview:large, max-video-preview:-1\" \/>\n<link rel=\"canonical\" href=\"https:\/\/zirzen.com\/en\/jezero-sveti-rok-lovinac\/\" \/>\n<meta property=\"og:locale\" content=\"en_US\" \/>\n<meta property=\"og:type\" content=\"article\" \/>\n<meta property=\"og:title\" content=\"Jezero Opsenica - Zir Zen\" \/>\n<meta property=\"og:description\" content=\"Jezero Opsenica Vrijeme: 6 min Klinci: DaPsi: Da Jezero Opsenica poznatije kao jezero Sveti Rok ni po \u010demu nije posebno, ali je ipak dovoljno simpati\u010dno jezero za kra\u0107i posjet. Kada vodostaj nije prenizak, zgodno je za kupanje, pogotovo ako volite da vam dru\u0161tvo \u010dine \u017eabe. Jezero je nedavno izmuljeno i to na na\u010din da jeContinue reading &quot;Jezero Opsenica&quot;\" \/>\n<meta property=\"og:url\" content=\"https:\/\/zirzen.com\/en\/jezero-sveti-rok-lovinac\/\" \/>\n<meta property=\"og:site_name\" content=\"Zir Zen\" \/>\n<meta property=\"article:modified_time\" content=\"2023-10-07T20:18:10+00:00\" \/>\n<meta property=\"og:image\" content=\"https:\/\/zirzen.com\/wp-content\/uploads\/2023\/08\/Jezero-Opsenica-1024x767.jpeg\" \/>\n<meta name=\"twitter:card\" content=\"summary_large_image\" \/>\n<meta name=\"twitter:label1\" content=\"Est. reading time\" \/>\n\t<meta name=\"twitter:data1\" content=\"2 minutes\" \/>\n<script type=\"application\/ld+json\" class=\"yoast-schema-graph\">{\"@context\":\"https:\/\/schema.org\",\"@graph\":[{\"@type\":\"WebPage\",\"@id\":\"https:\/\/zirzen.com\/jezero-sveti-rok-lovinac\/\",\"url\":\"https:\/\/zirzen.com\/jezero-sveti-rok-lovinac\/\",\"name\":\"Jezero Opsenica - Zir Zen\",\"isPartOf\":{\"@id\":\"https:\/\/zirzen.com\/#website\"},\"datePublished\":\"2023-07-17T13:51:19+00:00\",\"dateModified\":\"2023-10-07T20:18:10+00:00\",\"breadcrumb\":{\"@id\":\"https:\/\/zirzen.com\/jezero-sveti-rok-lovinac\/#breadcrumb\"},\"inLanguage\":\"en-US\",\"potentialAction\":[{\"@type\":\"ReadAction\",\"target\":[\"https:\/\/zirzen.com\/jezero-sveti-rok-lovinac\/\"]}]},{\"@type\":\"BreadcrumbList\",\"@id\":\"https:\/\/zirzen.com\/jezero-sveti-rok-lovinac\/#breadcrumb\",\"itemListElement\":[{\"@type\":\"ListItem\",\"position\":1,\"name\":\"Home\",\"item\":\"https:\/\/zirzen.com\/\"},{\"@type\":\"ListItem\",\"position\":2,\"name\":\"Jezero Opsenica\"}]},{\"@type\":\"WebSite\",\"@id\":\"https:\/\/zirzen.com\/#website\",\"url\":\"https:\/\/zirzen.com\/\",\"name\":\"Zir Zen\",\"description\":\"Jebi ga, kad smo ve\u0107 u Lovincu\",\"publisher\":{\"@id\":\"https:\/\/zirzen.com\/#organization\"},\"potentialAction\":[{\"@type\":\"SearchAction\",\"target\":{\"@type\":\"EntryPoint\",\"urlTemplate\":\"https:\/\/zirzen.com\/?s={search_term_string}\"},\"query-input\":\"required name=search_term_string\"}],\"inLanguage\":\"en-US\"},{\"@type\":\"Organization\",\"@id\":\"https:\/\/zirzen.com\/#organization\",\"name\":\"Zir Zen\",\"url\":\"https:\/\/zirzen.com\/\",\"logo\":{\"@type\":\"ImageObject\",\"inLanguage\":\"en-US\",\"@id\":\"https:\/\/zirzen.com\/#\/schema\/logo\/image\/\",\"url\":\"https:\/\/zirzen.com\/wp-content\/uploads\/2023\/07\/cropped-Picture1.png\",\"contentUrl\":\"https:\/\/zirzen.com\/wp-content\/uploads\/2023\/07\/cropped-Picture1.png\",\"width\":512,\"height\":512,\"caption\":\"Zir Zen\"},\"image\":{\"@id\":\"https:\/\/zirzen.com\/#\/schema\/logo\/image\/\"}}]}<\/script>\n<!-- \/ Yoast SEO plugin. -->","yoast_head_json":{"title":"Jezero Opsenica - Zir Zen","robots":{"index":"index","follow":"follow","max-snippet":"max-snippet:-1","max-image-preview":"max-image-preview:large","max-video-preview":"max-video-preview:-1"},"canonical":"https:\/\/zirzen.com\/en\/jezero-sveti-rok-lovinac\/","og_locale":"en_US","og_type":"article","og_title":"Jezero Opsenica - Zir Zen","og_description":"Jezero Opsenica Vrijeme: 6 min Klinci: DaPsi: Da Jezero Opsenica poznatije kao jezero Sveti Rok ni po \u010demu nije posebno, ali je ipak dovoljno simpati\u010dno jezero za kra\u0107i posjet. Kada vodostaj nije prenizak, zgodno je za kupanje, pogotovo ako volite da vam dru\u0161tvo \u010dine \u017eabe. Jezero je nedavno izmuljeno i to na na\u010din da jeContinue reading \"Jezero Opsenica\"","og_url":"https:\/\/zirzen.com\/en\/jezero-sveti-rok-lovinac\/","og_site_name":"Zir Zen","article_modified_time":"2023-10-07T20:18:10+00:00","og_image":[{"url":"https:\/\/zirzen.com\/wp-content\/uploads\/2023\/08\/Jezero-Opsenica-1024x767.jpeg"}],"twitter_card":"summary_large_image","twitter_misc":{"Est. reading time":"2 minutes"},"schema":{"@context":"https:\/\/schema.org","@graph":[{"@type":"WebPage","@id":"https:\/\/zirzen.com\/jezero-sveti-rok-lovinac\/","url":"https:\/\/zirzen.com\/jezero-sveti-rok-lovinac\/","name":"Jezero Opsenica - Zir Zen","isPartOf":{"@id":"https:\/\/zirzen.com\/#website"},"datePublished":"2023-07-17T13:51:19+00:00","dateModified":"2023-10-07T20:18:10+00:00","breadcrumb":{"@id":"https:\/\/zirzen.com\/jezero-sveti-rok-lovinac\/#breadcrumb"},"inLanguage":"en-US","potentialAction":[{"@type":"ReadAction","target":["https:\/\/zirzen.com\/jezero-sveti-rok-lovinac\/"]}]},{"@type":"BreadcrumbList","@id":"https:\/\/zirzen.com\/jezero-sveti-rok-lovinac\/#breadcrumb","itemListElement":[{"@type":"ListItem","position":1,"name":"Home","item":"https:\/\/zirzen.com\/"},{"@type":"ListItem","position":2,"name":"Jezero Opsenica"}]},{"@type":"WebSite","@id":"https:\/\/zirzen.com\/#website","url":"https:\/\/zirzen.com\/","name":"Zir Zen","description":"Jebi ga, kad smo ve\u0107 u Lovincu","publisher":{"@id":"https:\/\/zirzen.com\/#organization"},"potentialAction":[{"@type":"SearchAction","target":{"@type":"EntryPoint","urlTemplate":"https:\/\/zirzen.com\/?s={search_term_string}"},"query-input":"required name=search_term_string"}],"inLanguage":"en-US"},{"@type":"Organization","@id":"https:\/\/zirzen.com\/#organization","name":"Zir Zen","url":"https:\/\/zirzen.com\/","logo":{"@type":"ImageObject","inLanguage":"en-US","@id":"https:\/\/zirzen.com\/#\/schema\/logo\/image\/","url":"https:\/\/zirzen.com\/wp-content\/uploads\/2023\/07\/cropped-Picture1.png","contentUrl":"https:\/\/zirzen.com\/wp-content\/uploads\/2023\/07\/cropped-Picture1.png","width":512,"height":512,"caption":"Zir Zen"},"image":{"@id":"https:\/\/zirzen.com\/#\/schema\/logo\/image\/"}}]}},"_links":{"self":[{"href":"https:\/\/zirzen.com\/en\/wp-json\/wp\/v2\/pages\/608","targetHints":{"allow":["GET"]}}],"collection":[{"href":"https:\/\/zirzen.com\/en\/wp-json\/wp\/v2\/pages"}],"about":[{"href":"https:\/\/zirzen.com\/en\/wp-json\/wp\/v2\/types\/page"}],"author":[{"embeddable":true,"href":"https:\/\/zirzen.com\/en\/wp-json\/wp\/v2\/users\/2"}],"replies":[{"embeddable":true,"href":"https:\/\/zirzen.com\/en\/wp-json\/wp\/v2\/comments?post=608"}],"version-history":[{"count":26,"href":"https:\/\/zirzen.com\/en\/wp-json\/wp\/v2\/pages\/608\/revisions"}],"predecessor-version":[{"id":4216,"href":"https:\/\/zirzen.com\/en\/wp-json\/wp\/v2\/pages\/608\/revisions\/4216"}],"wp:attachment":[{"href":"https:\/\/zirzen.com\/en\/wp-json\/wp\/v2\/media?parent=608"}],"curies":[{"name":"wp","href":"https:\/\/api.w.org\/{rel}","templated":true}]}}