{"id":620,"date":"2023-07-17T16:29:03","date_gmt":"2023-07-17T14:29:03","guid":{"rendered":"http:\/\/localhost\/wordpress\/?page_id=620"},"modified":"2023-11-06T18:22:27","modified_gmt":"2023-11-06T16:22:27","slug":"hostel-sveti-rok-lovinac","status":"publish","type":"page","link":"https:\/\/zirzen.com\/en\/hostel-sveti-rok-lovinac\/","title":{"rendered":"Hostel Sveti Rok"},"content":{"rendered":"<h2 class=\"wp-block-heading has-text-align-center has-large-font-size\" id=\"block-f47c21a9-3519-4ce5-8fcd-a6b660ae2c3b\">Hostel Sveti Rok<\/h2>\n\n\n\n<div class=\"wp-block-columns is-layout-flex wp-container-core-columns-is-layout-28f84493 wp-block-columns-is-layout-flex\">\n<div class=\"wp-block-column is-layout-flow wp-block-column-is-layout-flow\" style=\"flex-basis:33.33%\">\n<div class=\"wp-block-group attraction-left-side\"><div class=\"wp-block-group__inner-container is-layout-constrained wp-block-group-is-layout-constrained\">\n<figure class=\"wp-block-image size-large agl agl-fadeCSS agl-in-distance-1\"><img loading=\"lazy\" decoding=\"async\" width=\"1024\" height=\"768\" src=\"https:\/\/zirzen.com\/wp-content\/uploads\/2023\/09\/Hostel-Sveti-Rok-1024x768.jpeg\" alt=\"\" class=\"wp-image-3346\" srcset=\"https:\/\/zirzen.com\/wp-content\/uploads\/2023\/09\/Hostel-Sveti-Rok-1024x768.jpeg 1024w, https:\/\/zirzen.com\/wp-content\/uploads\/2023\/09\/Hostel-Sveti-Rok-300x225.jpeg 300w, https:\/\/zirzen.com\/wp-content\/uploads\/2023\/09\/Hostel-Sveti-Rok-768x576.jpeg 768w, https:\/\/zirzen.com\/wp-content\/uploads\/2023\/09\/Hostel-Sveti-Rok-1536x1152.jpeg 1536w, https:\/\/zirzen.com\/wp-content\/uploads\/2023\/09\/Hostel-Sveti-Rok-16x12.jpeg 16w, https:\/\/zirzen.com\/wp-content\/uploads\/2023\/09\/Hostel-Sveti-Rok-1568x1176.jpeg 1568w, https:\/\/zirzen.com\/wp-content\/uploads\/2023\/09\/Hostel-Sveti-Rok.jpeg 1906w\" sizes=\"auto, (max-width: 1024px) 100vw, 1024px\" \/><\/figure>\n\n\n\n<p class=\"has-text-align-center attraction-links has-small-font-size\"><a rel=\"noreferrer noopener\" href=\"https:\/\/www.instagram.com\/hostelsvrok\/\" target=\"_blank\"><i class=\"fab fa-square-instagram\"><\/i><\/a> <a href=\"https:\/\/www.hostelsvetirok.com\/\" data-type=\"URL\" data-id=\"https:\/\/www.hostelsvetirok.com\/\" target=\"_blank\" rel=\"noreferrer noopener\"><i class=\"fas fa-earth-americas\"><\/i><\/a> <a rel=\"noreferrer noopener\" href=\"https:\/\/hr-hr.facebook.com\/hostelsvrok\/\" data-type=\"URL\" data-id=\"https:\/\/hr-hr.facebook.com\/hostelsvrok\/\" target=\"_blank\"><i class=\"fab fa-facebook\"><\/i><\/a><\/p>\n<\/div><\/div>\n\n\n\n<p class=\"has-text-align-left has-small-font-size\"><strong>Time:<\/strong> 8 min <i class=\"fas fa-car\"><\/i><br><strong>Kids:<\/strong> Yes<br><strong>Dogs:<\/strong> Yes<\/p>\n\n\n\n<hr class=\"wp-block-separator has-alpha-channel-opacity\"\/>\n\n\n\n<div class=\"wp-block-buttons has-custom-font-size has-small-font-size agl agl-wipeCSS agl-in-distance-1 is-content-justification-center is-layout-flex wp-container-core-buttons-is-layout-a89b3969 wp-block-buttons-is-layout-flex\">\n<div class=\"wp-block-button is-style-fill\"><a class=\"wp-block-button__link has-foreground-color has-text-color has-background wp-element-button\" style=\"border-radius:16px;background-color:#d7d7d7;padding-top:10px;padding-right:10px;padding-bottom:10px;padding-left:10px\"><i class=\"fas fa-utensils\"><\/i><\/a><\/div>\n\n\n\n<div class=\"wp-block-button is-style-fill\"><a class=\"wp-block-button__link has-foreground-color has-text-color has-background wp-element-button\" style=\"border-radius:16px;background-color:#d7d7d7;padding-top:10px;padding-right:10px;padding-bottom:10px;padding-left:10px\"><i class=\"fas fa-charging-station\"><\/i><\/a><\/div>\n<\/div>\n<\/div>\n\n\n\n<div class=\"wp-block-column is-layout-flow wp-block-column-is-layout-flow\" style=\"flex-basis:66.66%\">\n<p class=\"has-small-font-size\">Hostel Sveti Rok is a pioneer of tourism in the municipality of Lovinac. I remember that I was very skeptical about its future, but the hostel is working cheerfully and happily to this day. It is also the only place in the vicinity where you can bring a large number of people to stay. <\/p>\n\n\n\n<p class=\"has-small-font-size\">There are currently only two places where you can eat well in Lovinac. Except <a href=\"https:\/\/zirzen.com\/en\/izletiste-cvitusa-lovinac\/\">Cvitu\u0161a<\/a>, the only other place you can go is Hostel Sveti Rok. <\/p>\n\n\n\n<p class=\"has-small-font-size\">Given that the hostel is located along the Majstorska road, it is an ideal place to start or end a cycling tour across the Velebit. Frequent guests are also owners of electric cars, because behind the hostel, for now, is the only charging station for electric cars in the vicinity.<\/p>\n<\/div>\n<\/div>\n\n\n\n<div class=\"wp-block-group alignfull align-max has-background-background-color has-background\"><div class=\"wp-block-group__inner-container is-layout-flow wp-block-group-is-layout-flow\">\n<div class=\"wp-block-group has-background has-small-font-size\" style=\"background-color:#f1f1f1\"><div class=\"wp-block-group__inner-container is-layout-constrained wp-block-group-is-layout-constrained\">\n<div class=\"leaflet-map WPLeafletMap\" style=\"height:450px; width:100%;\"><\/div><script>\nwindow.WPLeafletMapPlugin = window.WPLeafletMapPlugin || [];\nwindow.WPLeafletMapPlugin.push(function WPLeafletMapShortcode() {\/*<script>*\/\nvar baseUrl = atob('aHR0cHM6Ly97c30udGlsZS5vcGVuc3RyZWV0bWFwLm9yZy97en0ve3h9L3t5fS5wbmc=');\nvar base = (!baseUrl && window.MQ) ? \n    window.MQ.mapLayer() : L.tileLayer(baseUrl, \n        L.Util.extend({}, {\n            detectRetina: 0,\n        }, \n        {\"subdomains\":\"abc\",\"noWrap\":false}        )\n    );\n    var options = L.Util.extend({}, {\n        layers: [base],\n        attributionControl: false\n    }, \n    {\"zoomControl\":true,\"scrollWheelZoom\":true,\"doubleClickZoom\":false,\"fitBounds\":false,\"minZoom\":0,\"maxZoom\":19,\"maxBounds\":null,\"attribution\":\"<a href=\\\"http:\\\/\\\/leafletjs.com\\\" title=\\\"A JS library for interactive maps\\\">Leaflet<\\\/a>; \\u00a9 <a href=\\\"http:\\\/\\\/www.openstreetmap.org\\\/copyright\\\">OpenStreetMap<\\\/a> contributors\"}, \n    {});\nwindow.WPLeafletMapPlugin.createMap(options).setView([44.362406,15.653133],13);});<\/script>\n\n<script>\nwindow.WPLeafletMapPlugin = window.WPLeafletMapPlugin || [];\nwindow.WPLeafletMapPlugin.push(function WPLeafletMarkerShortcode() {\/*<script>*\/\nvar map = window.WPLeafletMapPlugin.getCurrentMap();\nvar group = window.WPLeafletMapPlugin.getCurrentGroup();\nvar marker_options = window.WPLeafletMapPlugin.getIconOptions({\"svg\":true,\"background\":\"red\",\"iconClass\":\"fas fa-utensils\",\"color\":\"white\"});\nvar marker = new L.SVGMarker(\n    [44.362406,15.653133], \n    marker_options\n);\nvar is_image = map.is_image_map;\nif (marker_options.draggable) {\n    marker.on('dragend', function () {\n        var latlng = this.getLatLng();\n        var lat = latlng.lat;\n        var lng = latlng.lng;\n        if (is_image) {\n            console.log('leaflet-marker y=' + lat + ' x=' + lng);\n        } else {\n            console.log('leaflet-marker lat=' + lat + ' lng=' + lng);\n        }\n    });\n}\nmarker.addTo( group );\nmarker.bindPopup(window.WPLeafletMapPlugin.unescape('Hostel Sveti Rok'));window.WPLeafletMapPlugin.markers.push( marker );\n        });<\/script>\n<\/div><\/div>\n<\/div><\/div>","protected":false},"excerpt":{"rendered":"<p>Hostel Sveti Rok Vrijeme: 8 min Klinci: DaPsi: Da Hostel Sveti Rok je pionir turizma u op\u0107ini Lovinac. Sje\u0107am se da sam bio jako skepti\u010dan oko njegove budu\u0107nosti. Ipak, hostel veselo i sretno radi i dan-danas. To je ujedno i jedino mjesto u blizini na kojem mo\u017eete na konak dovesti ve\u0107i broj ljudi. U Lovincu<a class=\"more-link\" href=\"https:\/\/zirzen.com\/en\/hostel-sveti-rok-lovinac\/\">Continue reading <span class=\"screen-reader-text\">&#8220;Hostel Sveti Rok&#8221;<\/span><\/a><\/p>","protected":false},"author":2,"featured_media":0,"parent":0,"menu_order":0,"comment_status":"closed","ping_status":"closed","template":"","meta":{"_monsterinsights_skip_tracking":false,"_monsterinsights_sitenote_active":false,"_monsterinsights_sitenote_note":"","_monsterinsights_sitenote_category":0,"footnotes":""},"class_list":["post-620","page","type-page","status-publish","hentry","entry"],"yoast_head":"<!-- This site is optimized with the Yoast SEO plugin v20.13 - https:\/\/yoast.com\/wordpress\/plugins\/seo\/ -->\n<title>Hostel Sveti Rok - Zir Zen<\/title>\n<meta name=\"robots\" content=\"index, follow, max-snippet:-1, max-image-preview:large, max-video-preview:-1\" \/>\n<link rel=\"canonical\" href=\"https:\/\/zirzen.com\/en\/hostel-sveti-rok-lovinac\/\" \/>\n<meta property=\"og:locale\" content=\"en_US\" \/>\n<meta property=\"og:type\" content=\"article\" \/>\n<meta property=\"og:title\" content=\"Hostel Sveti Rok - Zir Zen\" \/>\n<meta property=\"og:description\" content=\"Hostel Sveti Rok Vrijeme: 8 min Klinci: DaPsi: Da Hostel Sveti Rok je pionir turizma u op\u0107ini Lovinac. Sje\u0107am se da sam bio jako skepti\u010dan oko njegove budu\u0107nosti. Ipak, hostel veselo i sretno radi i dan-danas. To je ujedno i jedino mjesto u blizini na kojem mo\u017eete na konak dovesti ve\u0107i broj ljudi. U LovincuContinue reading &quot;Hostel Sveti Rok&quot;\" \/>\n<meta property=\"og:url\" content=\"https:\/\/zirzen.com\/en\/hostel-sveti-rok-lovinac\/\" \/>\n<meta property=\"og:site_name\" content=\"Zir Zen\" \/>\n<meta property=\"article:modified_time\" content=\"2023-11-06T16:22:27+00:00\" \/>\n<meta property=\"og:image\" content=\"https:\/\/zirzen.com\/wp-content\/uploads\/2023\/09\/Hostel-Sveti-Rok-1024x768.jpeg\" \/>\n<meta name=\"twitter:card\" content=\"summary_large_image\" \/>\n<meta name=\"twitter:label1\" content=\"Est. reading time\" \/>\n\t<meta name=\"twitter:data1\" content=\"1 minute\" \/>\n<script type=\"application\/ld+json\" class=\"yoast-schema-graph\">{\"@context\":\"https:\/\/schema.org\",\"@graph\":[{\"@type\":\"WebPage\",\"@id\":\"https:\/\/zirzen.com\/hostel-sveti-rok-lovinac\/\",\"url\":\"https:\/\/zirzen.com\/hostel-sveti-rok-lovinac\/\",\"name\":\"Hostel Sveti Rok - Zir Zen\",\"isPartOf\":{\"@id\":\"https:\/\/zirzen.com\/#website\"},\"datePublished\":\"2023-07-17T14:29:03+00:00\",\"dateModified\":\"2023-11-06T16:22:27+00:00\",\"breadcrumb\":{\"@id\":\"https:\/\/zirzen.com\/hostel-sveti-rok-lovinac\/#breadcrumb\"},\"inLanguage\":\"en-US\",\"potentialAction\":[{\"@type\":\"ReadAction\",\"target\":[\"https:\/\/zirzen.com\/hostel-sveti-rok-lovinac\/\"]}]},{\"@type\":\"BreadcrumbList\",\"@id\":\"https:\/\/zirzen.com\/hostel-sveti-rok-lovinac\/#breadcrumb\",\"itemListElement\":[{\"@type\":\"ListItem\",\"position\":1,\"name\":\"Home\",\"item\":\"https:\/\/zirzen.com\/\"},{\"@type\":\"ListItem\",\"position\":2,\"name\":\"Hostel Sveti Rok\"}]},{\"@type\":\"WebSite\",\"@id\":\"https:\/\/zirzen.com\/#website\",\"url\":\"https:\/\/zirzen.com\/\",\"name\":\"Zir Zen\",\"description\":\"Jebi ga, kad smo ve\u0107 u Lovincu\",\"publisher\":{\"@id\":\"https:\/\/zirzen.com\/#organization\"},\"potentialAction\":[{\"@type\":\"SearchAction\",\"target\":{\"@type\":\"EntryPoint\",\"urlTemplate\":\"https:\/\/zirzen.com\/?s={search_term_string}\"},\"query-input\":\"required name=search_term_string\"}],\"inLanguage\":\"en-US\"},{\"@type\":\"Organization\",\"@id\":\"https:\/\/zirzen.com\/#organization\",\"name\":\"Zir Zen\",\"url\":\"https:\/\/zirzen.com\/\",\"logo\":{\"@type\":\"ImageObject\",\"inLanguage\":\"en-US\",\"@id\":\"https:\/\/zirzen.com\/#\/schema\/logo\/image\/\",\"url\":\"https:\/\/zirzen.com\/wp-content\/uploads\/2023\/07\/cropped-Picture1.png\",\"contentUrl\":\"https:\/\/zirzen.com\/wp-content\/uploads\/2023\/07\/cropped-Picture1.png\",\"width\":512,\"height\":512,\"caption\":\"Zir Zen\"},\"image\":{\"@id\":\"https:\/\/zirzen.com\/#\/schema\/logo\/image\/\"}}]}<\/script>\n<!-- \/ Yoast SEO plugin. -->","yoast_head_json":{"title":"Hostel Sveti Rok - Zir Zen","robots":{"index":"index","follow":"follow","max-snippet":"max-snippet:-1","max-image-preview":"max-image-preview:large","max-video-preview":"max-video-preview:-1"},"canonical":"https:\/\/zirzen.com\/en\/hostel-sveti-rok-lovinac\/","og_locale":"en_US","og_type":"article","og_title":"Hostel Sveti Rok - Zir Zen","og_description":"Hostel Sveti Rok Vrijeme: 8 min Klinci: DaPsi: Da Hostel Sveti Rok je pionir turizma u op\u0107ini Lovinac. Sje\u0107am se da sam bio jako skepti\u010dan oko njegove budu\u0107nosti. Ipak, hostel veselo i sretno radi i dan-danas. To je ujedno i jedino mjesto u blizini na kojem mo\u017eete na konak dovesti ve\u0107i broj ljudi. U LovincuContinue reading \"Hostel Sveti Rok\"","og_url":"https:\/\/zirzen.com\/en\/hostel-sveti-rok-lovinac\/","og_site_name":"Zir Zen","article_modified_time":"2023-11-06T16:22:27+00:00","og_image":[{"url":"https:\/\/zirzen.com\/wp-content\/uploads\/2023\/09\/Hostel-Sveti-Rok-1024x768.jpeg"}],"twitter_card":"summary_large_image","twitter_misc":{"Est. reading time":"1 minute"},"schema":{"@context":"https:\/\/schema.org","@graph":[{"@type":"WebPage","@id":"https:\/\/zirzen.com\/hostel-sveti-rok-lovinac\/","url":"https:\/\/zirzen.com\/hostel-sveti-rok-lovinac\/","name":"Hostel Sveti Rok - Zir Zen","isPartOf":{"@id":"https:\/\/zirzen.com\/#website"},"datePublished":"2023-07-17T14:29:03+00:00","dateModified":"2023-11-06T16:22:27+00:00","breadcrumb":{"@id":"https:\/\/zirzen.com\/hostel-sveti-rok-lovinac\/#breadcrumb"},"inLanguage":"en-US","potentialAction":[{"@type":"ReadAction","target":["https:\/\/zirzen.com\/hostel-sveti-rok-lovinac\/"]}]},{"@type":"BreadcrumbList","@id":"https:\/\/zirzen.com\/hostel-sveti-rok-lovinac\/#breadcrumb","itemListElement":[{"@type":"ListItem","position":1,"name":"Home","item":"https:\/\/zirzen.com\/"},{"@type":"ListItem","position":2,"name":"Hostel Sveti Rok"}]},{"@type":"WebSite","@id":"https:\/\/zirzen.com\/#website","url":"https:\/\/zirzen.com\/","name":"Zir Zen","description":"Jebi ga, kad smo ve\u0107 u Lovincu","publisher":{"@id":"https:\/\/zirzen.com\/#organization"},"potentialAction":[{"@type":"SearchAction","target":{"@type":"EntryPoint","urlTemplate":"https:\/\/zirzen.com\/?s={search_term_string}"},"query-input":"required name=search_term_string"}],"inLanguage":"en-US"},{"@type":"Organization","@id":"https:\/\/zirzen.com\/#organization","name":"Zir Zen","url":"https:\/\/zirzen.com\/","logo":{"@type":"ImageObject","inLanguage":"en-US","@id":"https:\/\/zirzen.com\/#\/schema\/logo\/image\/","url":"https:\/\/zirzen.com\/wp-content\/uploads\/2023\/07\/cropped-Picture1.png","contentUrl":"https:\/\/zirzen.com\/wp-content\/uploads\/2023\/07\/cropped-Picture1.png","width":512,"height":512,"caption":"Zir Zen"},"image":{"@id":"https:\/\/zirzen.com\/#\/schema\/logo\/image\/"}}]}},"_links":{"self":[{"href":"https:\/\/zirzen.com\/en\/wp-json\/wp\/v2\/pages\/620","targetHints":{"allow":["GET"]}}],"collection":[{"href":"https:\/\/zirzen.com\/en\/wp-json\/wp\/v2\/pages"}],"about":[{"href":"https:\/\/zirzen.com\/en\/wp-json\/wp\/v2\/types\/page"}],"author":[{"embeddable":true,"href":"https:\/\/zirzen.com\/en\/wp-json\/wp\/v2\/users\/2"}],"replies":[{"embeddable":true,"href":"https:\/\/zirzen.com\/en\/wp-json\/wp\/v2\/comments?post=620"}],"version-history":[{"count":35,"href":"https:\/\/zirzen.com\/en\/wp-json\/wp\/v2\/pages\/620\/revisions"}],"predecessor-version":[{"id":4446,"href":"https:\/\/zirzen.com\/en\/wp-json\/wp\/v2\/pages\/620\/revisions\/4446"}],"wp:attachment":[{"href":"https:\/\/zirzen.com\/en\/wp-json\/wp\/v2\/media?parent=620"}],"curies":[{"name":"wp","href":"https:\/\/api.w.org\/{rel}","templated":true}]}}