{"id":633,"date":"2023-07-17T16:46:52","date_gmt":"2023-07-17T14:46:52","guid":{"rendered":"http:\/\/localhost\/wordpress\/?page_id=633"},"modified":"2023-10-10T21:55:34","modified_gmt":"2023-10-10T19:55:34","slug":"ranc-velki-mlin-licki-ribnik","status":"publish","type":"page","link":"https:\/\/zirzen.com\/en\/ranc-velki-mlin-licki-ribnik\/","title":{"rendered":"Ranch Vel\u2019ki mlin"},"content":{"rendered":"<h2 class=\"wp-block-heading has-text-align-center\">Ranch Vel\u2019ki mlin<\/h2>\n\n\n\n<div class=\"wp-block-columns is-layout-flex wp-container-core-columns-is-layout-28f84493 wp-block-columns-is-layout-flex\">\n<div class=\"wp-block-column is-layout-flow wp-block-column-is-layout-flow\" style=\"flex-basis:33.33%\">\n<div class=\"wp-block-group attraction-left-side\"><div class=\"wp-block-group__inner-container is-layout-constrained wp-block-group-is-layout-constrained\">\n<figure class=\"wp-block-image size-large agl agl-fadeCSS agl-in-distance-1\"><img loading=\"lazy\" decoding=\"async\" width=\"1024\" height=\"768\" src=\"https:\/\/zirzen.com\/wp-content\/uploads\/2023\/09\/Velki-mlin-1024x768.jpeg\" alt=\"\" class=\"wp-image-3316\" srcset=\"https:\/\/zirzen.com\/wp-content\/uploads\/2023\/09\/Velki-mlin-1024x768.jpeg 1024w, https:\/\/zirzen.com\/wp-content\/uploads\/2023\/09\/Velki-mlin-300x225.jpeg 300w, https:\/\/zirzen.com\/wp-content\/uploads\/2023\/09\/Velki-mlin-768x576.jpeg 768w, https:\/\/zirzen.com\/wp-content\/uploads\/2023\/09\/Velki-mlin-1536x1152.jpeg 1536w, https:\/\/zirzen.com\/wp-content\/uploads\/2023\/09\/Velki-mlin-2048x1535.jpeg 2048w, https:\/\/zirzen.com\/wp-content\/uploads\/2023\/09\/Velki-mlin-16x12.jpeg 16w, https:\/\/zirzen.com\/wp-content\/uploads\/2023\/09\/Velki-mlin-1568x1176.jpeg 1568w\" sizes=\"auto, (max-width: 1024px) 100vw, 1024px\" \/><\/figure>\n\n\n\n<p class=\"has-text-align-center attraction-links has-small-font-size\"><a rel=\"noreferrer noopener\" href=\"https:\/\/www.instagram.com\/ranc_velki_mlin\/\" target=\"_blank\"><i class=\"fab fa-square-instagram\"><\/i><\/a> <a rel=\"noreferrer noopener\" href=\"https:\/\/m.facebook.com\/p\/OPG-Grguri%C4%87-Ranch-Velki-Mlin-100071203034999\/\" data-type=\"URL\" data-id=\"https:\/\/hr-hr.facebook.com\/hostelsvrok\/\" target=\"_blank\"><i class=\"fab fa-facebook\"><\/i><\/a><\/p>\n<\/div><\/div>\n\n\n\n<p class=\"has-text-align-left has-small-font-size\"><strong>Time:<\/strong> 25 min <i class=\"fas fa-car\"><\/i><br><strong>Kids:<\/strong> Yes<br><strong>Dogs:<\/strong> Yes<\/p>\n\n\n\n<hr class=\"wp-block-separator has-alpha-channel-opacity\"\/>\n\n\n\n<div class=\"wp-block-buttons has-custom-font-size has-small-font-size agl agl-wipeCSS agl-in-distance-1 is-content-justification-center is-layout-flex wp-container-core-buttons-is-layout-a89b3969 wp-block-buttons-is-layout-flex\">\n<div class=\"wp-block-button is-style-fill\"><a class=\"wp-block-button__link has-foreground-color has-text-color has-background wp-element-button\" style=\"border-radius:16px;background-color:#d7d7d7;padding-top:10px;padding-right:10px;padding-bottom:10px;padding-left:10px\"><i class=\"fas fa-horse\"><\/i><\/a><\/div>\n<\/div>\n<\/div>\n\n\n\n<div class=\"wp-block-column is-layout-flow wp-block-column-is-layout-flow\" style=\"flex-basis:66.66%\">\n<p class=\"has-small-font-size\">I'm still strong enough for my 40kg kid to literally ride me when we're at home. There are much better options in Lika than my back. Here you can ride all year round, and in the summer, when it's warmer, you can also ride through the Lika river itself.<\/p>\n\n\n\n<p class=\"has-small-font-size\">The bad news is that, for now, you cannot buy anything to eat at the ranch, but the good news is that you are free to bring your own food and the owner will be happy to give you a place to grill. If you are in a group, buy a lamb somewhere.<\/p>\n\n\n\n<p class=\"has-small-font-size\">By the way, I know women who find it an absolute \"deal breaker\" when a man doesn't put a space after a comma. For them, spelling is definitely one of the sexiest things a man can have. I understand them because I highly appreciate the very use of apostrophes in the Croatian language. I don't know of any other example where someone used an apostrophe in the name itself, and that's why big praise for Vel'ki mlin.<\/p>\n<\/div>\n<\/div>\n\n\n\n<div class=\"wp-block-group has-background has-small-font-size\" style=\"background-color:#f1f1f1\"><div class=\"wp-block-group__inner-container is-layout-constrained wp-block-group-is-layout-constrained\">\n<div class=\"leaflet-map WPLeafletMap\" style=\"height:450px; width:100%;\"><\/div><script>\nwindow.WPLeafletMapPlugin = window.WPLeafletMapPlugin || [];\nwindow.WPLeafletMapPlugin.push(function WPLeafletMapShortcode() {\/*<script>*\/\nvar baseUrl = atob('aHR0cHM6Ly97c30udGlsZS5vcGVuc3RyZWV0bWFwLm9yZy97en0ve3h9L3t5fS5wbmc=');\nvar base = (!baseUrl && window.MQ) ? \n    window.MQ.mapLayer() : L.tileLayer(baseUrl, \n        L.Util.extend({}, {\n            detectRetina: 0,\n        }, \n        {\"subdomains\":\"abc\",\"noWrap\":false}        )\n    );\n    var options = L.Util.extend({}, {\n        layers: [base],\n        attributionControl: false\n    }, \n    {\"zoomControl\":true,\"scrollWheelZoom\":true,\"doubleClickZoom\":false,\"fitBounds\":true,\"minZoom\":0,\"maxZoom\":19,\"maxBounds\":null,\"attribution\":\"<a href=\\\"http:\\\/\\\/leafletjs.com\\\" title=\\\"A JS library for interactive maps\\\">Leaflet<\\\/a>; \\u00a9 <a href=\\\"http:\\\/\\\/www.openstreetmap.org\\\/copyright\\\">OpenStreetMap<\\\/a> contributors\"}, \n    {});\nwindow.WPLeafletMapPlugin.createMap(options).setView([44.500013,15.444113],13);});<\/script>\n\n<script>\nwindow.WPLeafletMapPlugin = window.WPLeafletMapPlugin || [];\nwindow.WPLeafletMapPlugin.push(function WPLeafletMarkerShortcode() {\/*<script>*\/\nvar map = window.WPLeafletMapPlugin.getCurrentMap();\nvar group = window.WPLeafletMapPlugin.getCurrentGroup();\nvar marker_options = window.WPLeafletMapPlugin.getIconOptions({\"svg\":true,\"background\":\"black\",\"iconClass\":\"fas fa-horse\",\"color\":\"white\"});\nvar marker = new L.SVGMarker(\n    [44.500013,15.444113], \n    marker_options\n);\nvar is_image = map.is_image_map;\nif (marker_options.draggable) {\n    marker.on('dragend', function () {\n        var latlng = this.getLatLng();\n        var lat = latlng.lat;\n        var lng = latlng.lng;\n        if (is_image) {\n            console.log('leaflet-marker y=' + lat + ' x=' + lng);\n        } else {\n            console.log('leaflet-marker lat=' + lat + ' lng=' + lng);\n        }\n    });\n}\nmarker.addTo( group );\nmarker.bindPopup(window.WPLeafletMapPlugin.unescape('Ran\u010d Vel&amp;#8217;ki mlin')).openPopup();window.WPLeafletMapPlugin.markers.push( marker );\n        });<\/script>\n<\/div><\/div>","protected":false},"excerpt":{"rendered":"<p>Ran\u010d Vel&#8217;ki mlin Vrijeme: 25 min Klinci: DaPsi: Da Jo\u0161 sam uvijek dovoljno jak da moj klinac od 40 kg \u017eive vage doslovno ja\u0161i na meni kada smo kod ku\u0107e. U Lici ima puno boljih opcija od mojih le\u0111a. Ovdje mo\u017eete jahati kroz \u010ditavu godinu, a ljeti, kada je toplije i kroz samu rijeku Liku.<a class=\"more-link\" href=\"https:\/\/zirzen.com\/en\/ranc-velki-mlin-licki-ribnik\/\">Continue reading <span class=\"screen-reader-text\">&#8220;Ran\u010d Vel&#8217;ki mlin&#8221;<\/span><\/a><\/p>","protected":false},"author":2,"featured_media":0,"parent":0,"menu_order":0,"comment_status":"closed","ping_status":"closed","template":"","meta":{"_monsterinsights_skip_tracking":false,"_monsterinsights_sitenote_active":false,"_monsterinsights_sitenote_note":"","_monsterinsights_sitenote_category":0,"footnotes":""},"class_list":["post-633","page","type-page","status-publish","hentry","entry"],"yoast_head":"<!-- This site is optimized with the Yoast SEO plugin v20.13 - https:\/\/yoast.com\/wordpress\/plugins\/seo\/ -->\n<title>Ran\u010d Vel&#039;ki mlin - Zir Zen<\/title>\n<meta name=\"robots\" content=\"index, follow, max-snippet:-1, max-image-preview:large, max-video-preview:-1\" \/>\n<link rel=\"canonical\" href=\"https:\/\/zirzen.com\/en\/ranc-velki-mlin-licki-ribnik\/\" \/>\n<meta property=\"og:locale\" content=\"en_US\" \/>\n<meta property=\"og:type\" content=\"article\" \/>\n<meta property=\"og:title\" content=\"Ran\u010d Vel&#039;ki mlin - Zir Zen\" \/>\n<meta property=\"og:description\" content=\"Ran\u010d Vel&#8217;ki mlin Vrijeme: 25 min Klinci: DaPsi: Da Jo\u0161 sam uvijek dovoljno jak da moj klinac od 40 kg \u017eive vage doslovno ja\u0161i na meni kada smo kod ku\u0107e. U Lici ima puno boljih opcija od mojih le\u0111a. Ovdje mo\u017eete jahati kroz \u010ditavu godinu, a ljeti, kada je toplije i kroz samu rijeku Liku.Continue reading &quot;Ran\u010d Vel&#8217;ki mlin&quot;\" \/>\n<meta property=\"og:url\" content=\"https:\/\/zirzen.com\/en\/ranc-velki-mlin-licki-ribnik\/\" \/>\n<meta property=\"og:site_name\" content=\"Zir Zen\" \/>\n<meta property=\"article:modified_time\" content=\"2023-10-10T19:55:34+00:00\" \/>\n<meta property=\"og:image\" content=\"https:\/\/zirzen.com\/wp-content\/uploads\/2023\/09\/Velki-mlin-1024x768.jpeg\" \/>\n<meta name=\"twitter:card\" content=\"summary_large_image\" \/>\n<meta name=\"twitter:label1\" content=\"Est. reading time\" \/>\n\t<meta name=\"twitter:data1\" content=\"2 minutes\" \/>\n<script type=\"application\/ld+json\" class=\"yoast-schema-graph\">{\"@context\":\"https:\/\/schema.org\",\"@graph\":[{\"@type\":\"WebPage\",\"@id\":\"https:\/\/zirzen.com\/ranc-velki-mlin-licki-ribnik\/\",\"url\":\"https:\/\/zirzen.com\/ranc-velki-mlin-licki-ribnik\/\",\"name\":\"Ran\u010d Vel'ki mlin - Zir Zen\",\"isPartOf\":{\"@id\":\"https:\/\/zirzen.com\/#website\"},\"datePublished\":\"2023-07-17T14:46:52+00:00\",\"dateModified\":\"2023-10-10T19:55:34+00:00\",\"breadcrumb\":{\"@id\":\"https:\/\/zirzen.com\/ranc-velki-mlin-licki-ribnik\/#breadcrumb\"},\"inLanguage\":\"en-US\",\"potentialAction\":[{\"@type\":\"ReadAction\",\"target\":[\"https:\/\/zirzen.com\/ranc-velki-mlin-licki-ribnik\/\"]}]},{\"@type\":\"BreadcrumbList\",\"@id\":\"https:\/\/zirzen.com\/ranc-velki-mlin-licki-ribnik\/#breadcrumb\",\"itemListElement\":[{\"@type\":\"ListItem\",\"position\":1,\"name\":\"Home\",\"item\":\"https:\/\/zirzen.com\/\"},{\"@type\":\"ListItem\",\"position\":2,\"name\":\"Ran\u010d Vel&#8217;ki mlin\"}]},{\"@type\":\"WebSite\",\"@id\":\"https:\/\/zirzen.com\/#website\",\"url\":\"https:\/\/zirzen.com\/\",\"name\":\"Zir Zen\",\"description\":\"Jebi ga, kad smo ve\u0107 u Lovincu\",\"publisher\":{\"@id\":\"https:\/\/zirzen.com\/#organization\"},\"potentialAction\":[{\"@type\":\"SearchAction\",\"target\":{\"@type\":\"EntryPoint\",\"urlTemplate\":\"https:\/\/zirzen.com\/?s={search_term_string}\"},\"query-input\":\"required name=search_term_string\"}],\"inLanguage\":\"en-US\"},{\"@type\":\"Organization\",\"@id\":\"https:\/\/zirzen.com\/#organization\",\"name\":\"Zir Zen\",\"url\":\"https:\/\/zirzen.com\/\",\"logo\":{\"@type\":\"ImageObject\",\"inLanguage\":\"en-US\",\"@id\":\"https:\/\/zirzen.com\/#\/schema\/logo\/image\/\",\"url\":\"https:\/\/zirzen.com\/wp-content\/uploads\/2023\/07\/cropped-Picture1.png\",\"contentUrl\":\"https:\/\/zirzen.com\/wp-content\/uploads\/2023\/07\/cropped-Picture1.png\",\"width\":512,\"height\":512,\"caption\":\"Zir Zen\"},\"image\":{\"@id\":\"https:\/\/zirzen.com\/#\/schema\/logo\/image\/\"}}]}<\/script>\n<!-- \/ Yoast SEO plugin. -->","yoast_head_json":{"title":"Ran\u010d Vel'ki mlin - Zir Zen","robots":{"index":"index","follow":"follow","max-snippet":"max-snippet:-1","max-image-preview":"max-image-preview:large","max-video-preview":"max-video-preview:-1"},"canonical":"https:\/\/zirzen.com\/en\/ranc-velki-mlin-licki-ribnik\/","og_locale":"en_US","og_type":"article","og_title":"Ran\u010d Vel'ki mlin - Zir Zen","og_description":"Ran\u010d Vel&#8217;ki mlin Vrijeme: 25 min Klinci: DaPsi: Da Jo\u0161 sam uvijek dovoljno jak da moj klinac od 40 kg \u017eive vage doslovno ja\u0161i na meni kada smo kod ku\u0107e. U Lici ima puno boljih opcija od mojih le\u0111a. Ovdje mo\u017eete jahati kroz \u010ditavu godinu, a ljeti, kada je toplije i kroz samu rijeku Liku.Continue reading \"Ran\u010d Vel&#8217;ki mlin\"","og_url":"https:\/\/zirzen.com\/en\/ranc-velki-mlin-licki-ribnik\/","og_site_name":"Zir Zen","article_modified_time":"2023-10-10T19:55:34+00:00","og_image":[{"url":"https:\/\/zirzen.com\/wp-content\/uploads\/2023\/09\/Velki-mlin-1024x768.jpeg"}],"twitter_card":"summary_large_image","twitter_misc":{"Est. reading time":"2 minutes"},"schema":{"@context":"https:\/\/schema.org","@graph":[{"@type":"WebPage","@id":"https:\/\/zirzen.com\/ranc-velki-mlin-licki-ribnik\/","url":"https:\/\/zirzen.com\/ranc-velki-mlin-licki-ribnik\/","name":"Ran\u010d Vel'ki mlin - Zir Zen","isPartOf":{"@id":"https:\/\/zirzen.com\/#website"},"datePublished":"2023-07-17T14:46:52+00:00","dateModified":"2023-10-10T19:55:34+00:00","breadcrumb":{"@id":"https:\/\/zirzen.com\/ranc-velki-mlin-licki-ribnik\/#breadcrumb"},"inLanguage":"en-US","potentialAction":[{"@type":"ReadAction","target":["https:\/\/zirzen.com\/ranc-velki-mlin-licki-ribnik\/"]}]},{"@type":"BreadcrumbList","@id":"https:\/\/zirzen.com\/ranc-velki-mlin-licki-ribnik\/#breadcrumb","itemListElement":[{"@type":"ListItem","position":1,"name":"Home","item":"https:\/\/zirzen.com\/"},{"@type":"ListItem","position":2,"name":"Ran\u010d Vel&#8217;ki mlin"}]},{"@type":"WebSite","@id":"https:\/\/zirzen.com\/#website","url":"https:\/\/zirzen.com\/","name":"Zir Zen","description":"Jebi ga, kad smo ve\u0107 u Lovincu","publisher":{"@id":"https:\/\/zirzen.com\/#organization"},"potentialAction":[{"@type":"SearchAction","target":{"@type":"EntryPoint","urlTemplate":"https:\/\/zirzen.com\/?s={search_term_string}"},"query-input":"required name=search_term_string"}],"inLanguage":"en-US"},{"@type":"Organization","@id":"https:\/\/zirzen.com\/#organization","name":"Zir Zen","url":"https:\/\/zirzen.com\/","logo":{"@type":"ImageObject","inLanguage":"en-US","@id":"https:\/\/zirzen.com\/#\/schema\/logo\/image\/","url":"https:\/\/zirzen.com\/wp-content\/uploads\/2023\/07\/cropped-Picture1.png","contentUrl":"https:\/\/zirzen.com\/wp-content\/uploads\/2023\/07\/cropped-Picture1.png","width":512,"height":512,"caption":"Zir Zen"},"image":{"@id":"https:\/\/zirzen.com\/#\/schema\/logo\/image\/"}}]}},"_links":{"self":[{"href":"https:\/\/zirzen.com\/en\/wp-json\/wp\/v2\/pages\/633","targetHints":{"allow":["GET"]}}],"collection":[{"href":"https:\/\/zirzen.com\/en\/wp-json\/wp\/v2\/pages"}],"about":[{"href":"https:\/\/zirzen.com\/en\/wp-json\/wp\/v2\/types\/page"}],"author":[{"embeddable":true,"href":"https:\/\/zirzen.com\/en\/wp-json\/wp\/v2\/users\/2"}],"replies":[{"embeddable":true,"href":"https:\/\/zirzen.com\/en\/wp-json\/wp\/v2\/comments?post=633"}],"version-history":[{"count":19,"href":"https:\/\/zirzen.com\/en\/wp-json\/wp\/v2\/pages\/633\/revisions"}],"predecessor-version":[{"id":4248,"href":"https:\/\/zirzen.com\/en\/wp-json\/wp\/v2\/pages\/633\/revisions\/4248"}],"wp:attachment":[{"href":"https:\/\/zirzen.com\/en\/wp-json\/wp\/v2\/media?parent=633"}],"curies":[{"name":"wp","href":"https:\/\/api.w.org\/{rel}","templated":true}]}}