{"id":67,"date":"2023-07-02T17:25:37","date_gmt":"2023-07-02T15:25:37","guid":{"rendered":"https:\/\/lovinaczirzen.wordpress.com\/?page_id=67"},"modified":"2025-05-02T17:12:21","modified_gmt":"2025-05-02T15:12:21","slug":"home","status":"publish","type":"page","link":"https:\/\/zirzen.com\/en\/","title":{"rendered":"Home"},"content":{"rendered":"<div class=\"wp-block-cover alignfull\"><img decoding=\"async\" class=\"wp-block-cover__image-background wp-image-882\" alt=\"\" src=\"https:\/\/zirzen.com\/wp-content\/uploads\/2023\/07\/Zir-zalazak-1-scaled.jpg\" data-object-fit=\"cover\"\/><span aria-hidden=\"true\" class=\"wp-block-cover__background has-background-dim-10 has-background-dim\"><\/span><div class=\"wp-block-cover__inner-container is-layout-flow wp-block-cover-is-layout-flow\">\n<div class=\"wp-block-group agl agl-fadeCSSUp agl-in-distance-1\"><div class=\"wp-block-group__inner-container is-layout-constrained wp-block-group-is-layout-constrained\">\n<div class=\"wp-block-group\"><div class=\"wp-block-group__inner-container is-layout-constrained wp-block-group-is-layout-constrained\">\n<h2 class=\"wp-block-heading has-text-align-center has-background-color has-text-color agl agl-fadeCSSUp agl-in-distance-1\">Damn, we are in Lovinac! What to do now?<\/h2>\n\n\n\n<p class=\"has-text-align-center has-background-color has-text-color agl agl-fadeCSSUp agl-in-distance-1\">A short guide for current fans and future connoisseurs of the Lovinac area<\/p>\n\n\n\n<div class=\"wp-block-buttons agl agl-zoomInCSS agl-in-distance-1 is-content-justification-center is-layout-flex wp-container-core-buttons-is-layout-a89b3969 wp-block-buttons-is-layout-flex\">\n<div class=\"wp-block-button is-style-fill\"><a class=\"wp-block-button__link has-background-color has-text-color has-background wp-element-button\" href=\"https:\/\/zirlynx.com\/card_list?lat=44.38641548216999&amp;lng=15.67826271057129&amp;radius=50\" style=\"background-color:#000641\" rel=\"#contact\">Explore<\/a><\/div>\n<\/div>\n<\/div><\/div>\n<\/div><\/div>\n<\/div><\/div>\n\n\n\n<hr class=\"wp-block-separator has-alpha-channel-opacity\"\/>\n\n\n\n<div class=\"wp-block-cover alignfull\"><img decoding=\"async\" class=\"wp-block-cover__image-background wp-image-900\" alt=\"\" src=\"https:\/\/zirzen.com\/wp-content\/uploads\/2023\/07\/Jesen-scaled.jpg\" data-object-fit=\"cover\"\/><span aria-hidden=\"true\" class=\"wp-block-cover__background has-background-dim-10 has-background-dim\"><\/span><div class=\"wp-block-cover__inner-container is-layout-flow wp-block-cover-is-layout-flow\">\n<div class=\"wp-block-group agl agl-fadeCSS agl-in-distance-1\"><div class=\"wp-block-group__inner-container is-layout-constrained wp-block-group-is-layout-constrained\">\n<h2 class=\"wp-block-heading has-text-align-center has-background-color has-text-color agl agl-fadeCSSUp agl-in-distance-1\">Special for what it doesn't have!<\/h2>\n\n\n\n<p class=\"has-text-align-center has-background-color has-text-color agl agl-fadeCSSUp agl-in-distance-1\">There is no electricity, water, neighbors, traffic, noise... <\/p>\n\n\n\n<div class=\"wp-block-buttons agl agl-zoomInCSS agl-in-distance-1 is-content-justification-center is-layout-flex wp-container-core-buttons-is-layout-a89b3969 wp-block-buttons-is-layout-flex\">\n<div class=\"wp-block-button is-style-fill agl agl-zoomInCSS agl-in-distance-1\"><a class=\"wp-block-button__link has-background-color has-text-color has-background wp-element-button\" href=\"https:\/\/zirzen.com\/en\/zir-zen\/\" style=\"background-color:#000641\" rel=\"#contact\">Explore<\/a><\/div>\n<\/div>\n<\/div><\/div>\n<\/div><\/div>","protected":false},"excerpt":{"rendered":"","protected":false},"author":2,"featured_media":2675,"parent":0,"menu_order":0,"comment_status":"closed","ping_status":"closed","template":"","meta":{"_monsterinsights_skip_tracking":false,"_monsterinsights_sitenote_active":false,"_monsterinsights_sitenote_note":"","_monsterinsights_sitenote_category":0,"footnotes":""},"class_list":["post-67","page","type-page","status-publish","has-post-thumbnail","hentry","entry"],"yoast_head":"<!-- This site is optimized with the Yoast SEO plugin v20.13 - https:\/\/yoast.com\/wordpress\/plugins\/seo\/ -->\n<title>Zir Zen<\/title>\n<meta name=\"description\" content=\"Kratki vodi\u010d za sada\u0161nje ljubitelje i budu\u0107e poznavatelje okolice Lovinca.\" \/>\n<meta name=\"robots\" content=\"index, follow, max-snippet:-1, max-image-preview:large, max-video-preview:-1\" \/>\n<link rel=\"canonical\" href=\"https:\/\/zirzen.com\/en\/\" \/>\n<meta property=\"og:locale\" content=\"en_US\" \/>\n<meta property=\"og:type\" content=\"article\" \/>\n<meta property=\"og:title\" content=\"Zir Zen\" \/>\n<meta property=\"og:description\" content=\"Kratki vodi\u010d za sada\u0161nje ljubitelje i budu\u0107e poznavatelje okolice Lovinca.\" \/>\n<meta property=\"og:url\" content=\"https:\/\/zirzen.com\/en\/\" \/>\n<meta property=\"og:site_name\" content=\"Zir Zen\" \/>\n<meta property=\"article:modified_time\" content=\"2025-05-02T15:12:21+00:00\" \/>\n<meta property=\"og:image\" content=\"https:\/\/zirzen.com\/wp-content\/uploads\/2023\/08\/Vrh-Zira.jpeg\" \/>\n\t<meta property=\"og:image:width\" content=\"2547\" \/>\n\t<meta property=\"og:image:height\" content=\"1907\" \/>\n\t<meta property=\"og:image:type\" content=\"image\/jpeg\" \/>\n<meta name=\"twitter:card\" content=\"summary_large_image\" \/>\n<meta name=\"twitter:title\" content=\"Zir Zen\" \/>\n<meta name=\"twitter:description\" content=\"Kratki vodi\u010d za sada\u0161nje ljubitelje i budu\u0107e poznavatelje okolice Lovinca.\" \/>\n<meta name=\"twitter:image\" content=\"https:\/\/zirzen.com\/wp-content\/uploads\/2023\/08\/Vrh-Zira.jpeg\" \/>\n<meta name=\"twitter:label1\" content=\"Est. reading time\" \/>\n\t<meta name=\"twitter:data1\" content=\"1 minute\" \/>\n<script type=\"application\/ld+json\" class=\"yoast-schema-graph\">{\"@context\":\"https:\/\/schema.org\",\"@graph\":[{\"@type\":\"WebPage\",\"@id\":\"https:\/\/zirzen.com\/\",\"url\":\"https:\/\/zirzen.com\/\",\"name\":\"Zir Zen\",\"isPartOf\":{\"@id\":\"https:\/\/zirzen.com\/#website\"},\"datePublished\":\"2023-07-02T15:25:37+00:00\",\"dateModified\":\"2025-05-02T15:12:21+00:00\",\"description\":\"Kratki vodi\u010d za sada\u0161nje ljubitelje i budu\u0107e poznavatelje okolice Lovinca.\",\"breadcrumb\":{\"@id\":\"https:\/\/zirzen.com\/#breadcrumb\"},\"inLanguage\":\"en-US\",\"potentialAction\":[{\"@type\":\"ReadAction\",\"target\":[\"https:\/\/zirzen.com\/\"]}]},{\"@type\":\"BreadcrumbList\",\"@id\":\"https:\/\/zirzen.com\/#breadcrumb\",\"itemListElement\":[{\"@type\":\"ListItem\",\"position\":1,\"name\":\"Home\",\"item\":\"https:\/\/zirzen.com\/\"},{\"@type\":\"ListItem\",\"position\":2,\"name\":\"Home\"}]},{\"@type\":\"WebSite\",\"@id\":\"https:\/\/zirzen.com\/#website\",\"url\":\"https:\/\/zirzen.com\/\",\"name\":\"Zir Zen\",\"description\":\"Jebi ga, kad smo ve\u0107 u Lovincu\",\"publisher\":{\"@id\":\"https:\/\/zirzen.com\/#organization\"},\"potentialAction\":[{\"@type\":\"SearchAction\",\"target\":{\"@type\":\"EntryPoint\",\"urlTemplate\":\"https:\/\/zirzen.com\/?s={search_term_string}\"},\"query-input\":\"required name=search_term_string\"}],\"inLanguage\":\"en-US\"},{\"@type\":\"Organization\",\"@id\":\"https:\/\/zirzen.com\/#organization\",\"name\":\"Zir Zen\",\"url\":\"https:\/\/zirzen.com\/\",\"logo\":{\"@type\":\"ImageObject\",\"inLanguage\":\"en-US\",\"@id\":\"https:\/\/zirzen.com\/#\/schema\/logo\/image\/\",\"url\":\"https:\/\/zirzen.com\/wp-content\/uploads\/2023\/07\/cropped-Picture1.png\",\"contentUrl\":\"https:\/\/zirzen.com\/wp-content\/uploads\/2023\/07\/cropped-Picture1.png\",\"width\":512,\"height\":512,\"caption\":\"Zir Zen\"},\"image\":{\"@id\":\"https:\/\/zirzen.com\/#\/schema\/logo\/image\/\"}}]}<\/script>\n<!-- \/ Yoast SEO plugin. -->","yoast_head_json":{"title":"Zir Zen","description":"Kratki vodi\u010d za sada\u0161nje ljubitelje i budu\u0107e poznavatelje okolice Lovinca.","robots":{"index":"index","follow":"follow","max-snippet":"max-snippet:-1","max-image-preview":"max-image-preview:large","max-video-preview":"max-video-preview:-1"},"canonical":"https:\/\/zirzen.com\/en\/","og_locale":"en_US","og_type":"article","og_title":"Zir Zen","og_description":"Kratki vodi\u010d za sada\u0161nje ljubitelje i budu\u0107e poznavatelje okolice Lovinca.","og_url":"https:\/\/zirzen.com\/en\/","og_site_name":"Zir Zen","article_modified_time":"2025-05-02T15:12:21+00:00","og_image":[{"width":2547,"height":1907,"url":"https:\/\/zirzen.com\/wp-content\/uploads\/2023\/08\/Vrh-Zira.jpeg","type":"image\/jpeg"}],"twitter_card":"summary_large_image","twitter_title":"Zir Zen","twitter_description":"Kratki vodi\u010d za sada\u0161nje ljubitelje i budu\u0107e poznavatelje okolice Lovinca.","twitter_image":"https:\/\/zirzen.com\/wp-content\/uploads\/2023\/08\/Vrh-Zira.jpeg","twitter_misc":{"Est. reading time":"1 minute"},"schema":{"@context":"https:\/\/schema.org","@graph":[{"@type":"WebPage","@id":"https:\/\/zirzen.com\/","url":"https:\/\/zirzen.com\/","name":"Zir Zen","isPartOf":{"@id":"https:\/\/zirzen.com\/#website"},"datePublished":"2023-07-02T15:25:37+00:00","dateModified":"2025-05-02T15:12:21+00:00","description":"Kratki vodi\u010d za sada\u0161nje ljubitelje i budu\u0107e poznavatelje okolice Lovinca.","breadcrumb":{"@id":"https:\/\/zirzen.com\/#breadcrumb"},"inLanguage":"en-US","potentialAction":[{"@type":"ReadAction","target":["https:\/\/zirzen.com\/"]}]},{"@type":"BreadcrumbList","@id":"https:\/\/zirzen.com\/#breadcrumb","itemListElement":[{"@type":"ListItem","position":1,"name":"Home","item":"https:\/\/zirzen.com\/"},{"@type":"ListItem","position":2,"name":"Home"}]},{"@type":"WebSite","@id":"https:\/\/zirzen.com\/#website","url":"https:\/\/zirzen.com\/","name":"Zir Zen","description":"Jebi ga, kad smo ve\u0107 u Lovincu","publisher":{"@id":"https:\/\/zirzen.com\/#organization"},"potentialAction":[{"@type":"SearchAction","target":{"@type":"EntryPoint","urlTemplate":"https:\/\/zirzen.com\/?s={search_term_string}"},"query-input":"required name=search_term_string"}],"inLanguage":"en-US"},{"@type":"Organization","@id":"https:\/\/zirzen.com\/#organization","name":"Zir Zen","url":"https:\/\/zirzen.com\/","logo":{"@type":"ImageObject","inLanguage":"en-US","@id":"https:\/\/zirzen.com\/#\/schema\/logo\/image\/","url":"https:\/\/zirzen.com\/wp-content\/uploads\/2023\/07\/cropped-Picture1.png","contentUrl":"https:\/\/zirzen.com\/wp-content\/uploads\/2023\/07\/cropped-Picture1.png","width":512,"height":512,"caption":"Zir Zen"},"image":{"@id":"https:\/\/zirzen.com\/#\/schema\/logo\/image\/"}}]}},"_links":{"self":[{"href":"https:\/\/zirzen.com\/en\/wp-json\/wp\/v2\/pages\/67","targetHints":{"allow":["GET"]}}],"collection":[{"href":"https:\/\/zirzen.com\/en\/wp-json\/wp\/v2\/pages"}],"about":[{"href":"https:\/\/zirzen.com\/en\/wp-json\/wp\/v2\/types\/page"}],"author":[{"embeddable":true,"href":"https:\/\/zirzen.com\/en\/wp-json\/wp\/v2\/users\/2"}],"replies":[{"embeddable":true,"href":"https:\/\/zirzen.com\/en\/wp-json\/wp\/v2\/comments?post=67"}],"version-history":[{"count":25,"href":"https:\/\/zirzen.com\/en\/wp-json\/wp\/v2\/pages\/67\/revisions"}],"predecessor-version":[{"id":4525,"href":"https:\/\/zirzen.com\/en\/wp-json\/wp\/v2\/pages\/67\/revisions\/4525"}],"wp:featuredmedia":[{"embeddable":true,"href":"https:\/\/zirzen.com\/en\/wp-json\/wp\/v2\/media\/2675"}],"wp:attachment":[{"href":"https:\/\/zirzen.com\/en\/wp-json\/wp\/v2\/media?parent=67"}],"curies":[{"name":"wp","href":"https:\/\/api.w.org\/{rel}","templated":true}]}}