{"id":708,"date":"2023-07-19T10:30:15","date_gmt":"2023-07-19T08:30:15","guid":{"rendered":"http:\/\/localhost\/wordpress\/?page_id=708"},"modified":"2023-10-10T21:52:09","modified_gmt":"2023-10-10T19:52:09","slug":"majstorska-cesta-velebit","status":"publish","type":"page","link":"https:\/\/zirzen.com\/en\/majstorska-cesta-velebit\/","title":{"rendered":"Master's Road"},"content":{"rendered":"<h2 class=\"wp-block-heading has-text-align-center\">Master's Road<\/h2>\n\n\n\n<div class=\"wp-block-columns is-layout-flex wp-container-core-columns-is-layout-28f84493 wp-block-columns-is-layout-flex\">\n<div class=\"wp-block-column is-layout-flow wp-block-column-is-layout-flow\" style=\"flex-basis:33.33%\">\n<figure class=\"wp-block-image size-large agl agl-fadeCSS agl-in-distance-1\"><img loading=\"lazy\" decoding=\"async\" width=\"1024\" height=\"768\" src=\"https:\/\/zirzen.com\/wp-content\/uploads\/2023\/09\/Majstorska-cesta-1024x768.jpeg\" alt=\"\" class=\"wp-image-3350\" srcset=\"https:\/\/zirzen.com\/wp-content\/uploads\/2023\/09\/Majstorska-cesta-1024x768.jpeg 1024w, https:\/\/zirzen.com\/wp-content\/uploads\/2023\/09\/Majstorska-cesta-300x225.jpeg 300w, https:\/\/zirzen.com\/wp-content\/uploads\/2023\/09\/Majstorska-cesta-768x576.jpeg 768w, https:\/\/zirzen.com\/wp-content\/uploads\/2023\/09\/Majstorska-cesta-1536x1151.jpeg 1536w, https:\/\/zirzen.com\/wp-content\/uploads\/2023\/09\/Majstorska-cesta-2048x1535.jpeg 2048w, https:\/\/zirzen.com\/wp-content\/uploads\/2023\/09\/Majstorska-cesta-16x12.jpeg 16w, https:\/\/zirzen.com\/wp-content\/uploads\/2023\/09\/Majstorska-cesta-1568x1175.jpeg 1568w\" sizes=\"auto, (max-width: 1024px) 100vw, 1024px\" \/><\/figure>\n\n\n\n<p class=\"has-text-align-left has-small-font-size\"><strong>Time:<\/strong> 8 min <i class=\"fas fa-car\"><\/i><br><strong>Kids:<\/strong> Yes<br><strong>Dogs:<\/strong> Yes<\/p>\n\n\n\n<hr class=\"wp-block-separator has-alpha-channel-opacity\"\/>\n\n\n\n<div class=\"wp-block-buttons has-custom-font-size has-small-font-size agl agl-wipeCSS agl-in-distance-1 is-content-justification-center is-layout-flex wp-container-core-buttons-is-layout-a89b3969 wp-block-buttons-is-layout-flex\">\n<div class=\"wp-block-button is-style-fill\"><a class=\"wp-block-button__link has-foreground-color has-text-color has-background wp-element-button\" style=\"border-radius:16px;background-color:#d7d7d7;padding-top:10px;padding-right:10px;padding-bottom:10px;padding-left:10px\"><i class=\"fas fa-road\"><\/i><\/a><\/div>\n\n\n\n<div class=\"wp-block-button is-style-fill\"><a class=\"wp-block-button__link has-foreground-color has-text-color has-background wp-element-button\" style=\"border-radius:16px;background-color:#d7d7d7;padding-top:10px;padding-right:10px;padding-bottom:10px;padding-left:10px\"><i class=\"fas fa-bicycle\"><\/i>  <\/a><\/div>\n\n\n\n<div class=\"wp-block-button is-style-fill\"><a class=\"wp-block-button__link has-foreground-color has-text-color has-background wp-element-button\" style=\"border-radius:16px;background-color:#d7d7d7;padding-top:10px;padding-right:10px;padding-bottom:10px;padding-left:10px\"><i class=\"fas fa-eye\"><\/i><\/a><\/div>\n<\/div>\n<\/div>\n\n\n\n<div class=\"wp-block-column is-layout-flow wp-block-column-is-layout-flow\" style=\"flex-basis:66.66%\">\n<p class=\"has-small-font-size\">I have traveled the Master's Road (Majstorska cesta) several times by car, bicycle, and parts of it on foot, and for me it is, without any doubt, the most beautiful macadam road in Croatia. Given that it is protected as a cultural asset, it will remain so, beautiful and unpaved.<\/p>\n\n\n\n<p class=\"has-small-font-size\">The Wikipedia article states that it is a road with \"numerous\" serpentines. Not really! The descent towards Obrovac has several serpentines, and the one from Alan to Sveti Rok (section 17 km long) has exactly one serpentine. Considering its length, hard terrain it passes through and the gradient of only about 5.5%, Majstorska cesta has extremely few serpentines, and the reason is that it was masterfully planned.<\/p>\n\n\n\n<p class=\"has-small-font-size\">I assume that it is not necessary to emphasize that the location of the master road on the attached map is only its beginning and there are many kilometers ahead of you.<\/p>\n<\/div>\n<\/div>\n\n\n\n<div class=\"wp-block-group has-background has-small-font-size\" style=\"background-color:#f1f1f1\"><div class=\"wp-block-group__inner-container is-layout-constrained wp-block-group-is-layout-constrained\">\n<div class=\"leaflet-map WPLeafletMap\" style=\"height:450px; width:100%;\"><\/div><script>\nwindow.WPLeafletMapPlugin = window.WPLeafletMapPlugin || [];\nwindow.WPLeafletMapPlugin.push(function WPLeafletMapShortcode() {\/*<script>*\/\nvar baseUrl = atob('aHR0cHM6Ly97c30udGlsZS5vcGVuc3RyZWV0bWFwLm9yZy97en0ve3h9L3t5fS5wbmc=');\nvar base = (!baseUrl && window.MQ) ? \n    window.MQ.mapLayer() : L.tileLayer(baseUrl, \n        L.Util.extend({}, {\n            detectRetina: 0,\n        }, \n        {\"subdomains\":\"abc\",\"noWrap\":false}        )\n    );\n    var options = L.Util.extend({}, {\n        layers: [base],\n        attributionControl: false\n    }, \n    {\"zoomControl\":true,\"scrollWheelZoom\":true,\"doubleClickZoom\":false,\"fitBounds\":true,\"minZoom\":0,\"maxZoom\":19,\"maxBounds\":null,\"attribution\":\"<a href=\\\"http:\\\/\\\/leafletjs.com\\\" title=\\\"A JS library for interactive maps\\\">Leaflet<\\\/a>; \\u00a9 <a href=\\\"http:\\\/\\\/www.openstreetmap.org\\\/copyright\\\">OpenStreetMap<\\\/a> contributors\"}, \n    {});\nwindow.WPLeafletMapPlugin.createMap(options).setView([44.361421,15.653666],13);});<\/script>\n\n<script>\nwindow.WPLeafletMapPlugin = window.WPLeafletMapPlugin || [];\nwindow.WPLeafletMapPlugin.push(function WPLeafletMarkerShortcode() {\/*<script>*\/\nvar map = window.WPLeafletMapPlugin.getCurrentMap();\nvar group = window.WPLeafletMapPlugin.getCurrentGroup();\nvar marker_options = window.WPLeafletMapPlugin.getIconOptions({\"svg\":true,\"background\":\"brown\",\"iconClass\":\"fas fa-road\",\"color\":\"white\"});\nvar marker = new L.SVGMarker(\n    [44.361421,15.653666], \n    marker_options\n);\nvar is_image = map.is_image_map;\nif (marker_options.draggable) {\n    marker.on('dragend', function () {\n        var latlng = this.getLatLng();\n        var lat = latlng.lat;\n        var lng = latlng.lng;\n        if (is_image) {\n            console.log('leaflet-marker y=' + lat + ' x=' + lng);\n        } else {\n            console.log('leaflet-marker lat=' + lat + ' lng=' + lng);\n        }\n    });\n}\nmarker.addTo( group );\nmarker.bindPopup(window.WPLeafletMapPlugin.unescape('Majstorska cesta')).openPopup();window.WPLeafletMapPlugin.markers.push( marker );\n        });<\/script>\n<\/div><\/div>","protected":false},"excerpt":{"rendered":"<p>Majstorska cesta Vrijeme: 8 min Klinci: DaPsi: Da Majstorsku cestu sam vi\u0161e puta pro\u0161ao automobilom, biciklom, a dijelove i pje\u0161ice i to je za mene, bez ikakve dvojbe, najljep\u0161a makadamska cesta u Hrvatskoj. S obzirom da je za\u0161ti\u0107ena kao kulturno dobro, takva \u0107e i ostati, lijepa i neasfaltirana. U \u010dlanku na Wikipediji stoji kako je<a class=\"more-link\" href=\"https:\/\/zirzen.com\/en\/majstorska-cesta-velebit\/\">Continue reading <span class=\"screen-reader-text\">&#8220;Majstorska cesta&#8221;<\/span><\/a><\/p>","protected":false},"author":2,"featured_media":0,"parent":0,"menu_order":0,"comment_status":"closed","ping_status":"closed","template":"","meta":{"_monsterinsights_skip_tracking":false,"_monsterinsights_sitenote_active":false,"_monsterinsights_sitenote_note":"","_monsterinsights_sitenote_category":0,"footnotes":""},"class_list":["post-708","page","type-page","status-publish","hentry","entry"],"yoast_head":"<!-- This site is optimized with the Yoast SEO plugin v20.13 - https:\/\/yoast.com\/wordpress\/plugins\/seo\/ -->\n<title>Majstorska cesta - Zir Zen<\/title>\n<meta name=\"robots\" content=\"index, follow, max-snippet:-1, max-image-preview:large, max-video-preview:-1\" \/>\n<link rel=\"canonical\" href=\"https:\/\/zirzen.com\/en\/majstorska-cesta-velebit\/\" \/>\n<meta property=\"og:locale\" content=\"en_US\" \/>\n<meta property=\"og:type\" content=\"article\" \/>\n<meta property=\"og:title\" content=\"Majstorska cesta - Zir Zen\" \/>\n<meta property=\"og:description\" content=\"Majstorska cesta Vrijeme: 8 min Klinci: DaPsi: Da Majstorsku cestu sam vi\u0161e puta pro\u0161ao automobilom, biciklom, a dijelove i pje\u0161ice i to je za mene, bez ikakve dvojbe, najljep\u0161a makadamska cesta u Hrvatskoj. S obzirom da je za\u0161ti\u0107ena kao kulturno dobro, takva \u0107e i ostati, lijepa i neasfaltirana. U \u010dlanku na Wikipediji stoji kako jeContinue reading &quot;Majstorska cesta&quot;\" \/>\n<meta property=\"og:url\" content=\"https:\/\/zirzen.com\/en\/majstorska-cesta-velebit\/\" \/>\n<meta property=\"og:site_name\" content=\"Zir Zen\" \/>\n<meta property=\"article:modified_time\" content=\"2023-10-10T19:52:09+00:00\" \/>\n<meta property=\"og:image\" content=\"https:\/\/zirzen.com\/wp-content\/uploads\/2023\/09\/Majstorska-cesta-1024x768.jpeg\" \/>\n<meta name=\"twitter:card\" content=\"summary_large_image\" \/>\n<meta name=\"twitter:label1\" content=\"Est. reading time\" \/>\n\t<meta name=\"twitter:data1\" content=\"1 minute\" \/>\n<script type=\"application\/ld+json\" class=\"yoast-schema-graph\">{\"@context\":\"https:\/\/schema.org\",\"@graph\":[{\"@type\":\"WebPage\",\"@id\":\"https:\/\/zirzen.com\/majstorska-cesta-velebit\/\",\"url\":\"https:\/\/zirzen.com\/majstorska-cesta-velebit\/\",\"name\":\"Majstorska cesta - Zir Zen\",\"isPartOf\":{\"@id\":\"https:\/\/zirzen.com\/#website\"},\"datePublished\":\"2023-07-19T08:30:15+00:00\",\"dateModified\":\"2023-10-10T19:52:09+00:00\",\"breadcrumb\":{\"@id\":\"https:\/\/zirzen.com\/majstorska-cesta-velebit\/#breadcrumb\"},\"inLanguage\":\"en-US\",\"potentialAction\":[{\"@type\":\"ReadAction\",\"target\":[\"https:\/\/zirzen.com\/majstorska-cesta-velebit\/\"]}]},{\"@type\":\"BreadcrumbList\",\"@id\":\"https:\/\/zirzen.com\/majstorska-cesta-velebit\/#breadcrumb\",\"itemListElement\":[{\"@type\":\"ListItem\",\"position\":1,\"name\":\"Home\",\"item\":\"https:\/\/zirzen.com\/\"},{\"@type\":\"ListItem\",\"position\":2,\"name\":\"Majstorska cesta\"}]},{\"@type\":\"WebSite\",\"@id\":\"https:\/\/zirzen.com\/#website\",\"url\":\"https:\/\/zirzen.com\/\",\"name\":\"Zir Zen\",\"description\":\"Jebi ga, kad smo ve\u0107 u Lovincu\",\"publisher\":{\"@id\":\"https:\/\/zirzen.com\/#organization\"},\"potentialAction\":[{\"@type\":\"SearchAction\",\"target\":{\"@type\":\"EntryPoint\",\"urlTemplate\":\"https:\/\/zirzen.com\/?s={search_term_string}\"},\"query-input\":\"required name=search_term_string\"}],\"inLanguage\":\"en-US\"},{\"@type\":\"Organization\",\"@id\":\"https:\/\/zirzen.com\/#organization\",\"name\":\"Zir Zen\",\"url\":\"https:\/\/zirzen.com\/\",\"logo\":{\"@type\":\"ImageObject\",\"inLanguage\":\"en-US\",\"@id\":\"https:\/\/zirzen.com\/#\/schema\/logo\/image\/\",\"url\":\"https:\/\/zirzen.com\/wp-content\/uploads\/2023\/07\/cropped-Picture1.png\",\"contentUrl\":\"https:\/\/zirzen.com\/wp-content\/uploads\/2023\/07\/cropped-Picture1.png\",\"width\":512,\"height\":512,\"caption\":\"Zir Zen\"},\"image\":{\"@id\":\"https:\/\/zirzen.com\/#\/schema\/logo\/image\/\"}}]}<\/script>\n<!-- \/ Yoast SEO plugin. -->","yoast_head_json":{"title":"Majstorska cesta - Zir Zen","robots":{"index":"index","follow":"follow","max-snippet":"max-snippet:-1","max-image-preview":"max-image-preview:large","max-video-preview":"max-video-preview:-1"},"canonical":"https:\/\/zirzen.com\/en\/majstorska-cesta-velebit\/","og_locale":"en_US","og_type":"article","og_title":"Majstorska cesta - Zir Zen","og_description":"Majstorska cesta Vrijeme: 8 min Klinci: DaPsi: Da Majstorsku cestu sam vi\u0161e puta pro\u0161ao automobilom, biciklom, a dijelove i pje\u0161ice i to je za mene, bez ikakve dvojbe, najljep\u0161a makadamska cesta u Hrvatskoj. S obzirom da je za\u0161ti\u0107ena kao kulturno dobro, takva \u0107e i ostati, lijepa i neasfaltirana. U \u010dlanku na Wikipediji stoji kako jeContinue reading \"Majstorska cesta\"","og_url":"https:\/\/zirzen.com\/en\/majstorska-cesta-velebit\/","og_site_name":"Zir Zen","article_modified_time":"2023-10-10T19:52:09+00:00","og_image":[{"url":"https:\/\/zirzen.com\/wp-content\/uploads\/2023\/09\/Majstorska-cesta-1024x768.jpeg"}],"twitter_card":"summary_large_image","twitter_misc":{"Est. reading time":"1 minute"},"schema":{"@context":"https:\/\/schema.org","@graph":[{"@type":"WebPage","@id":"https:\/\/zirzen.com\/majstorska-cesta-velebit\/","url":"https:\/\/zirzen.com\/majstorska-cesta-velebit\/","name":"Majstorska cesta - Zir Zen","isPartOf":{"@id":"https:\/\/zirzen.com\/#website"},"datePublished":"2023-07-19T08:30:15+00:00","dateModified":"2023-10-10T19:52:09+00:00","breadcrumb":{"@id":"https:\/\/zirzen.com\/majstorska-cesta-velebit\/#breadcrumb"},"inLanguage":"en-US","potentialAction":[{"@type":"ReadAction","target":["https:\/\/zirzen.com\/majstorska-cesta-velebit\/"]}]},{"@type":"BreadcrumbList","@id":"https:\/\/zirzen.com\/majstorska-cesta-velebit\/#breadcrumb","itemListElement":[{"@type":"ListItem","position":1,"name":"Home","item":"https:\/\/zirzen.com\/"},{"@type":"ListItem","position":2,"name":"Majstorska cesta"}]},{"@type":"WebSite","@id":"https:\/\/zirzen.com\/#website","url":"https:\/\/zirzen.com\/","name":"Zir Zen","description":"Jebi ga, kad smo ve\u0107 u Lovincu","publisher":{"@id":"https:\/\/zirzen.com\/#organization"},"potentialAction":[{"@type":"SearchAction","target":{"@type":"EntryPoint","urlTemplate":"https:\/\/zirzen.com\/?s={search_term_string}"},"query-input":"required name=search_term_string"}],"inLanguage":"en-US"},{"@type":"Organization","@id":"https:\/\/zirzen.com\/#organization","name":"Zir Zen","url":"https:\/\/zirzen.com\/","logo":{"@type":"ImageObject","inLanguage":"en-US","@id":"https:\/\/zirzen.com\/#\/schema\/logo\/image\/","url":"https:\/\/zirzen.com\/wp-content\/uploads\/2023\/07\/cropped-Picture1.png","contentUrl":"https:\/\/zirzen.com\/wp-content\/uploads\/2023\/07\/cropped-Picture1.png","width":512,"height":512,"caption":"Zir Zen"},"image":{"@id":"https:\/\/zirzen.com\/#\/schema\/logo\/image\/"}}]}},"_links":{"self":[{"href":"https:\/\/zirzen.com\/en\/wp-json\/wp\/v2\/pages\/708","targetHints":{"allow":["GET"]}}],"collection":[{"href":"https:\/\/zirzen.com\/en\/wp-json\/wp\/v2\/pages"}],"about":[{"href":"https:\/\/zirzen.com\/en\/wp-json\/wp\/v2\/types\/page"}],"author":[{"embeddable":true,"href":"https:\/\/zirzen.com\/en\/wp-json\/wp\/v2\/users\/2"}],"replies":[{"embeddable":true,"href":"https:\/\/zirzen.com\/en\/wp-json\/wp\/v2\/comments?post=708"}],"version-history":[{"count":21,"href":"https:\/\/zirzen.com\/en\/wp-json\/wp\/v2\/pages\/708\/revisions"}],"predecessor-version":[{"id":4237,"href":"https:\/\/zirzen.com\/en\/wp-json\/wp\/v2\/pages\/708\/revisions\/4237"}],"wp:attachment":[{"href":"https:\/\/zirzen.com\/en\/wp-json\/wp\/v2\/media?parent=708"}],"curies":[{"name":"wp","href":"https:\/\/api.w.org\/{rel}","templated":true}]}}