{"id":713,"date":"2023-07-19T10:36:37","date_gmt":"2023-07-19T08:36:37","guid":{"rendered":"http:\/\/localhost\/wordpress\/?page_id=713"},"modified":"2023-10-10T21:57:30","modified_gmt":"2023-10-10T19:57:30","slug":"memorijalni-centar-nikola-tesla-smiljan","status":"publish","type":"page","link":"https:\/\/zirzen.com\/en\/memorijalni-centar-nikola-tesla-smiljan\/","title":{"rendered":"Memorijalni centar Nikola Tesla"},"content":{"rendered":"<h2 class=\"wp-block-heading has-text-align-center has-large-font-size\" id=\"block-f47c21a9-3519-4ce5-8fcd-a6b660ae2c3b\">Memorial Center \"Nikola Tesla\"<\/h2>\n\n\n\n<div class=\"wp-block-columns is-layout-flex wp-container-core-columns-is-layout-28f84493 wp-block-columns-is-layout-flex\">\n<div class=\"wp-block-column is-layout-flow wp-block-column-is-layout-flow\" style=\"flex-basis:33.33%\">\n<div class=\"wp-block-group attraction-left-side\"><div class=\"wp-block-group__inner-container is-layout-constrained wp-block-group-is-layout-constrained\">\n<figure class=\"wp-block-image size-large agl agl-fadeCSS agl-in-distance-1\"><img decoding=\"async\" src=\"https:\/\/zirzen.com\/wp-content\/uploads\/2023\/08\/Nikola-Tesla-1024x770.jpeg\" alt=\"\" class=\"wp-image-2257\"\/><\/figure>\n\n\n\n<p class=\"has-text-align-center attraction-links has-small-font-size\"><a href=\"https:\/\/www.instagram.com\/mcnikolatesla\/\" target=\"_blank\" rel=\"noreferrer noopener\"><i class=\"fab fa-square-instagram\"><\/i><\/a> <a href=\"https:\/\/mcnikolatesla.hr\/\" data-type=\"URL\" data-id=\"https:\/\/www.hostelsvetirok.com\/\" target=\"_blank\" rel=\"noreferrer noopener\"><i class=\"fas fa-earth-americas\"><\/i><\/a> <a href=\"https:\/\/www.facebook.com\/mcentar\/\" data-type=\"URL\" data-id=\"https:\/\/hr-hr.facebook.com\/hostelsvrok\/\" target=\"_blank\" rel=\"noreferrer noopener\"><i class=\"fab fa-facebook\"><\/i><\/a><\/p>\n<\/div><\/div>\n\n\n\n<p class=\"has-text-align-left has-small-font-size\"><strong>Time:<\/strong> 35 min <i class=\"fas fa-car\"><\/i><br><strong>Kids:<\/strong> Yes<br><strong>Dogs:<\/strong> Yes<\/p>\n\n\n\n<hr class=\"wp-block-separator has-alpha-channel-opacity\"\/>\n\n\n\n<div class=\"wp-block-buttons has-custom-font-size has-small-font-size agl agl-wipeCSS agl-in-distance-1 is-content-justification-center is-layout-flex wp-container-core-buttons-is-layout-a89b3969 wp-block-buttons-is-layout-flex\">\n<div class=\"wp-block-button is-style-fill\"><a class=\"wp-block-button__link has-foreground-color has-text-color has-background wp-element-button\" style=\"border-radius:16px;background-color:#d7d7d7;padding-top:10px;padding-right:10px;padding-bottom:10px;padding-left:10px\"><i class=\"fas fa-building-columns\"><\/i><\/a><\/div>\n\n\n\n<div class=\"wp-block-button is-style-fill\"><a class=\"wp-block-button__link has-foreground-color has-text-color has-background wp-element-button\" style=\"border-radius:16px;background-color:#d7d7d7;padding-top:10px;padding-right:10px;padding-bottom:10px;padding-left:10px\"><i class=\"fas fa-clock-rotate-left\"><\/i><\/a><\/div>\n\n\n\n<div class=\"wp-block-button is-style-fill\"><a class=\"wp-block-button__link has-foreground-color has-text-color has-background wp-element-button\" style=\"border-radius:16px;background-color:#d7d7d7;padding-top:10px;padding-right:10px;padding-bottom:10px;padding-left:10px\"><i class=\"fas fa-charging-station\"><\/i><\/a><\/div>\n<\/div>\n<\/div>\n\n\n\n<div class=\"wp-block-column is-layout-flow wp-block-column-is-layout-flow\" style=\"flex-basis:66.66%\">\n<p class=\"has-small-font-size\">It would really be a shame to spend a day in Lika without visiting the Memorial Center \"Nikola Tesla\" in Smiljan. You can easily spend (or rather earn) an hour or two, and it will be interesting for the kids as well. <\/p>\n\n\n\n<p class=\"has-small-font-size\">The first thing I read in the museum was this: \u201cThe frog hook is one of my first practical inventions. I would swing my invention on the stream and with an infallible method, the frogs were defeated.\" Since I'm from the Neretva Valley and I spent probably more time hunting and eating frogs than Nikola, I think I'm better than him in that field.<\/p>\n\n\n\n<p class=\"has-small-font-size\">As a kid, Nikola jumped from the stable with an umbrella and broke his arm and leg. In the audio guide, they say that this is why he was a visionary. I jumped off a balcony with an umbrella without breaking an arm and a leg and my father said I was an idiot, not a visionary.<\/p>\n\n\n\n<p class=\"has-small-font-size\">And therein lies the main difference between Nikola and me. If I had such support from my family as he did, there would probably be a factory of electric cars or at least bicycles in Croatia now. Since I'm from Neretva, it would probably be called Mandarina, Lemon, <a href=\"https:\/\/www.greyp.com\/en\/\" target=\"_blank\" rel=\"noreferrer noopener\">Greyp<\/a> or something like that.<\/p>\n\n\n\n<p class=\"has-small-font-size\">Winter working hours are short, so inform yourself before arriving.<\/p>\n<\/div>\n<\/div>\n\n\n\n<div class=\"wp-block-group has-background has-small-font-size\" style=\"background-color:#f1f1f1\"><div class=\"wp-block-group__inner-container is-layout-constrained wp-block-group-is-layout-constrained\">\n<div class=\"leaflet-map WPLeafletMap\" style=\"height:450px; width:100%;\"><\/div><script>\nwindow.WPLeafletMapPlugin = window.WPLeafletMapPlugin || [];\nwindow.WPLeafletMapPlugin.push(function WPLeafletMapShortcode() {\/*<script>*\/\nvar baseUrl = atob('aHR0cHM6Ly97c30udGlsZS5vcGVuc3RyZWV0bWFwLm9yZy97en0ve3h9L3t5fS5wbmc=');\nvar base = (!baseUrl && window.MQ) ? \n    window.MQ.mapLayer() : L.tileLayer(baseUrl, \n        L.Util.extend({}, {\n            detectRetina: 0,\n        }, \n        {\"subdomains\":\"abc\",\"noWrap\":false}        )\n    );\n    var options = L.Util.extend({}, {\n        layers: [base],\n        attributionControl: false\n    }, \n    {\"zoomControl\":true,\"scrollWheelZoom\":true,\"doubleClickZoom\":false,\"fitBounds\":false,\"minZoom\":0,\"maxZoom\":19,\"maxBounds\":null,\"attribution\":\"<a href=\\\"http:\\\/\\\/leafletjs.com\\\" title=\\\"A JS library for interactive maps\\\">Leaflet<\\\/a>; \\u00a9 <a href=\\\"http:\\\/\\\/www.openstreetmap.org\\\/copyright\\\">OpenStreetMap<\\\/a> contributors\"}, \n    {});\nwindow.WPLeafletMapPlugin.createMap(options).setView([44.560339,15.307937],13);});<\/script>\n\n<script>\nwindow.WPLeafletMapPlugin = window.WPLeafletMapPlugin || [];\nwindow.WPLeafletMapPlugin.push(function WPLeafletMarkerShortcode() {\/*<script>*\/\nvar map = window.WPLeafletMapPlugin.getCurrentMap();\nvar group = window.WPLeafletMapPlugin.getCurrentGroup();\nvar marker_options = window.WPLeafletMapPlugin.getIconOptions({\"svg\":true,\"background\":\"brown\",\"iconClass\":\"fas fa-building-columns\",\"color\":\"white\"});\nvar marker = new L.SVGMarker(\n    [44.560339,15.307937], \n    marker_options\n);\nvar is_image = map.is_image_map;\nif (marker_options.draggable) {\n    marker.on('dragend', function () {\n        var latlng = this.getLatLng();\n        var lat = latlng.lat;\n        var lng = latlng.lng;\n        if (is_image) {\n            console.log('leaflet-marker y=' + lat + ' x=' + lng);\n        } else {\n            console.log('leaflet-marker lat=' + lat + ' lng=' + lng);\n        }\n    });\n}\nmarker.addTo( group );\nmarker.bindPopup(window.WPLeafletMapPlugin.unescape('Memorijalni centar &amp;#8220;Nikola Tesla&amp;#8221;'));window.WPLeafletMapPlugin.markers.push( marker );\n        });<\/script>\n<\/div><\/div>","protected":false},"excerpt":{"rendered":"<p>Memorijalni centar &#8220;Nikola Tesla&#8221; Vrijeme: 35 min Klinci: DaPsi: Da Stvarno bi bilo \u0161teta da provedete koji dan u Lici, a da pri tom ne posjetite Memorijalni centar &#8220;Nikola Tesla&#8221; u Smiljanu. Bez problema se mo\u017ee potro\u0161iti (bolje re\u0107i zaraditi) sat &#8211; dva, a zanimljivo \u0107e biti i klincima. Prvo \u0161to sam pro\u010ditao u muzeju<a class=\"more-link\" href=\"https:\/\/zirzen.com\/en\/memorijalni-centar-nikola-tesla-smiljan\/\">Continue reading <span class=\"screen-reader-text\">&#8220;Memorijalni centar Nikola Tesla&#8221;<\/span><\/a><\/p>","protected":false},"author":2,"featured_media":0,"parent":0,"menu_order":0,"comment_status":"closed","ping_status":"closed","template":"","meta":{"_monsterinsights_skip_tracking":false,"_monsterinsights_sitenote_active":false,"_monsterinsights_sitenote_note":"","_monsterinsights_sitenote_category":0,"footnotes":""},"class_list":["post-713","page","type-page","status-publish","hentry","entry"],"yoast_head":"<!-- This site is optimized with the Yoast SEO plugin v20.13 - https:\/\/yoast.com\/wordpress\/plugins\/seo\/ -->\n<title>Memorijalni centar Nikola Tesla - Zir Zen<\/title>\n<meta name=\"robots\" content=\"index, follow, max-snippet:-1, max-image-preview:large, max-video-preview:-1\" \/>\n<link rel=\"canonical\" href=\"https:\/\/zirzen.com\/en\/memorijalni-centar-nikola-tesla-smiljan\/\" \/>\n<meta property=\"og:locale\" content=\"en_US\" \/>\n<meta property=\"og:type\" content=\"article\" \/>\n<meta property=\"og:title\" content=\"Memorijalni centar Nikola Tesla - Zir Zen\" \/>\n<meta property=\"og:description\" content=\"Memorijalni centar &#8220;Nikola Tesla&#8221; Vrijeme: 35 min Klinci: DaPsi: Da Stvarno bi bilo \u0161teta da provedete koji dan u Lici, a da pri tom ne posjetite Memorijalni centar &#8220;Nikola Tesla&#8221; u Smiljanu. Bez problema se mo\u017ee potro\u0161iti (bolje re\u0107i zaraditi) sat &#8211; dva, a zanimljivo \u0107e biti i klincima. Prvo \u0161to sam pro\u010ditao u muzejuContinue reading &quot;Memorijalni centar Nikola Tesla&quot;\" \/>\n<meta property=\"og:url\" content=\"https:\/\/zirzen.com\/en\/memorijalni-centar-nikola-tesla-smiljan\/\" \/>\n<meta property=\"og:site_name\" content=\"Zir Zen\" \/>\n<meta property=\"article:modified_time\" content=\"2023-10-10T19:57:30+00:00\" \/>\n<meta property=\"og:image\" content=\"https:\/\/zirzen.com\/wp-content\/uploads\/2023\/08\/Nikola-Tesla-1024x770.jpeg\" \/>\n<meta name=\"twitter:card\" content=\"summary_large_image\" \/>\n<meta name=\"twitter:label1\" content=\"Est. reading time\" \/>\n\t<meta name=\"twitter:data1\" content=\"2 minutes\" \/>\n<script type=\"application\/ld+json\" class=\"yoast-schema-graph\">{\"@context\":\"https:\/\/schema.org\",\"@graph\":[{\"@type\":\"WebPage\",\"@id\":\"https:\/\/zirzen.com\/memorijalni-centar-nikola-tesla-smiljan\/\",\"url\":\"https:\/\/zirzen.com\/memorijalni-centar-nikola-tesla-smiljan\/\",\"name\":\"Memorijalni centar Nikola Tesla - Zir Zen\",\"isPartOf\":{\"@id\":\"https:\/\/zirzen.com\/#website\"},\"datePublished\":\"2023-07-19T08:36:37+00:00\",\"dateModified\":\"2023-10-10T19:57:30+00:00\",\"breadcrumb\":{\"@id\":\"https:\/\/zirzen.com\/memorijalni-centar-nikola-tesla-smiljan\/#breadcrumb\"},\"inLanguage\":\"en-US\",\"potentialAction\":[{\"@type\":\"ReadAction\",\"target\":[\"https:\/\/zirzen.com\/memorijalni-centar-nikola-tesla-smiljan\/\"]}]},{\"@type\":\"BreadcrumbList\",\"@id\":\"https:\/\/zirzen.com\/memorijalni-centar-nikola-tesla-smiljan\/#breadcrumb\",\"itemListElement\":[{\"@type\":\"ListItem\",\"position\":1,\"name\":\"Home\",\"item\":\"https:\/\/zirzen.com\/\"},{\"@type\":\"ListItem\",\"position\":2,\"name\":\"Memorijalni centar Nikola Tesla\"}]},{\"@type\":\"WebSite\",\"@id\":\"https:\/\/zirzen.com\/#website\",\"url\":\"https:\/\/zirzen.com\/\",\"name\":\"Zir Zen\",\"description\":\"Jebi ga, kad smo ve\u0107 u Lovincu\",\"publisher\":{\"@id\":\"https:\/\/zirzen.com\/#organization\"},\"potentialAction\":[{\"@type\":\"SearchAction\",\"target\":{\"@type\":\"EntryPoint\",\"urlTemplate\":\"https:\/\/zirzen.com\/?s={search_term_string}\"},\"query-input\":\"required name=search_term_string\"}],\"inLanguage\":\"en-US\"},{\"@type\":\"Organization\",\"@id\":\"https:\/\/zirzen.com\/#organization\",\"name\":\"Zir Zen\",\"url\":\"https:\/\/zirzen.com\/\",\"logo\":{\"@type\":\"ImageObject\",\"inLanguage\":\"en-US\",\"@id\":\"https:\/\/zirzen.com\/#\/schema\/logo\/image\/\",\"url\":\"https:\/\/zirzen.com\/wp-content\/uploads\/2023\/07\/cropped-Picture1.png\",\"contentUrl\":\"https:\/\/zirzen.com\/wp-content\/uploads\/2023\/07\/cropped-Picture1.png\",\"width\":512,\"height\":512,\"caption\":\"Zir Zen\"},\"image\":{\"@id\":\"https:\/\/zirzen.com\/#\/schema\/logo\/image\/\"}}]}<\/script>\n<!-- \/ Yoast SEO plugin. -->","yoast_head_json":{"title":"Memorijalni centar Nikola Tesla - Zir Zen","robots":{"index":"index","follow":"follow","max-snippet":"max-snippet:-1","max-image-preview":"max-image-preview:large","max-video-preview":"max-video-preview:-1"},"canonical":"https:\/\/zirzen.com\/en\/memorijalni-centar-nikola-tesla-smiljan\/","og_locale":"en_US","og_type":"article","og_title":"Memorijalni centar Nikola Tesla - Zir Zen","og_description":"Memorijalni centar &#8220;Nikola Tesla&#8221; Vrijeme: 35 min Klinci: DaPsi: Da Stvarno bi bilo \u0161teta da provedete koji dan u Lici, a da pri tom ne posjetite Memorijalni centar &#8220;Nikola Tesla&#8221; u Smiljanu. Bez problema se mo\u017ee potro\u0161iti (bolje re\u0107i zaraditi) sat &#8211; dva, a zanimljivo \u0107e biti i klincima. Prvo \u0161to sam pro\u010ditao u muzejuContinue reading \"Memorijalni centar Nikola Tesla\"","og_url":"https:\/\/zirzen.com\/en\/memorijalni-centar-nikola-tesla-smiljan\/","og_site_name":"Zir Zen","article_modified_time":"2023-10-10T19:57:30+00:00","og_image":[{"url":"https:\/\/zirzen.com\/wp-content\/uploads\/2023\/08\/Nikola-Tesla-1024x770.jpeg"}],"twitter_card":"summary_large_image","twitter_misc":{"Est. reading time":"2 minutes"},"schema":{"@context":"https:\/\/schema.org","@graph":[{"@type":"WebPage","@id":"https:\/\/zirzen.com\/memorijalni-centar-nikola-tesla-smiljan\/","url":"https:\/\/zirzen.com\/memorijalni-centar-nikola-tesla-smiljan\/","name":"Memorijalni centar Nikola Tesla - Zir Zen","isPartOf":{"@id":"https:\/\/zirzen.com\/#website"},"datePublished":"2023-07-19T08:36:37+00:00","dateModified":"2023-10-10T19:57:30+00:00","breadcrumb":{"@id":"https:\/\/zirzen.com\/memorijalni-centar-nikola-tesla-smiljan\/#breadcrumb"},"inLanguage":"en-US","potentialAction":[{"@type":"ReadAction","target":["https:\/\/zirzen.com\/memorijalni-centar-nikola-tesla-smiljan\/"]}]},{"@type":"BreadcrumbList","@id":"https:\/\/zirzen.com\/memorijalni-centar-nikola-tesla-smiljan\/#breadcrumb","itemListElement":[{"@type":"ListItem","position":1,"name":"Home","item":"https:\/\/zirzen.com\/"},{"@type":"ListItem","position":2,"name":"Memorijalni centar Nikola Tesla"}]},{"@type":"WebSite","@id":"https:\/\/zirzen.com\/#website","url":"https:\/\/zirzen.com\/","name":"Zir Zen","description":"Jebi ga, kad smo ve\u0107 u Lovincu","publisher":{"@id":"https:\/\/zirzen.com\/#organization"},"potentialAction":[{"@type":"SearchAction","target":{"@type":"EntryPoint","urlTemplate":"https:\/\/zirzen.com\/?s={search_term_string}"},"query-input":"required name=search_term_string"}],"inLanguage":"en-US"},{"@type":"Organization","@id":"https:\/\/zirzen.com\/#organization","name":"Zir Zen","url":"https:\/\/zirzen.com\/","logo":{"@type":"ImageObject","inLanguage":"en-US","@id":"https:\/\/zirzen.com\/#\/schema\/logo\/image\/","url":"https:\/\/zirzen.com\/wp-content\/uploads\/2023\/07\/cropped-Picture1.png","contentUrl":"https:\/\/zirzen.com\/wp-content\/uploads\/2023\/07\/cropped-Picture1.png","width":512,"height":512,"caption":"Zir Zen"},"image":{"@id":"https:\/\/zirzen.com\/#\/schema\/logo\/image\/"}}]}},"_links":{"self":[{"href":"https:\/\/zirzen.com\/en\/wp-json\/wp\/v2\/pages\/713","targetHints":{"allow":["GET"]}}],"collection":[{"href":"https:\/\/zirzen.com\/en\/wp-json\/wp\/v2\/pages"}],"about":[{"href":"https:\/\/zirzen.com\/en\/wp-json\/wp\/v2\/types\/page"}],"author":[{"embeddable":true,"href":"https:\/\/zirzen.com\/en\/wp-json\/wp\/v2\/users\/2"}],"replies":[{"embeddable":true,"href":"https:\/\/zirzen.com\/en\/wp-json\/wp\/v2\/comments?post=713"}],"version-history":[{"count":22,"href":"https:\/\/zirzen.com\/en\/wp-json\/wp\/v2\/pages\/713\/revisions"}],"predecessor-version":[{"id":4256,"href":"https:\/\/zirzen.com\/en\/wp-json\/wp\/v2\/pages\/713\/revisions\/4256"}],"wp:attachment":[{"href":"https:\/\/zirzen.com\/en\/wp-json\/wp\/v2\/media?parent=713"}],"curies":[{"name":"wp","href":"https:\/\/api.w.org\/{rel}","templated":true}]}}