{"id":724,"date":"2023-07-19T10:54:28","date_gmt":"2023-07-19T08:54:28","guid":{"rendered":"http:\/\/localhost\/wordpress\/?page_id=724"},"modified":"2023-10-10T22:02:05","modified_gmt":"2023-10-10T20:02:05","slug":"pueblo-jasenice","status":"publish","type":"page","link":"https:\/\/zirzen.com\/en\/pueblo-jasenice\/","title":{"rendered":"Pueblo"},"content":{"rendered":"<h2 class=\"wp-block-heading has-text-align-center\">Pueblo<\/h2>\n\n\n\n<div class=\"wp-block-columns is-layout-flex wp-container-core-columns-is-layout-28f84493 wp-block-columns-is-layout-flex\">\n<div class=\"wp-block-column is-layout-flow wp-block-column-is-layout-flow\" style=\"flex-basis:33.33%\">\n<figure class=\"wp-block-image size-large is-style-default agl agl-fadeCSS agl-in-distance-1\"><img loading=\"lazy\" decoding=\"async\" width=\"1024\" height=\"768\" src=\"https:\/\/zirzen.com\/wp-content\/uploads\/2023\/08\/Pueblojpeg-1024x768.jpeg\" alt=\"\" class=\"wp-image-2662\" srcset=\"https:\/\/zirzen.com\/wp-content\/uploads\/2023\/08\/Pueblojpeg-1024x768.jpeg 1024w, https:\/\/zirzen.com\/wp-content\/uploads\/2023\/08\/Pueblojpeg-300x225.jpeg 300w, https:\/\/zirzen.com\/wp-content\/uploads\/2023\/08\/Pueblojpeg-768x576.jpeg 768w, https:\/\/zirzen.com\/wp-content\/uploads\/2023\/08\/Pueblojpeg-1536x1152.jpeg 1536w, https:\/\/zirzen.com\/wp-content\/uploads\/2023\/08\/Pueblojpeg-2048x1535.jpeg 2048w, https:\/\/zirzen.com\/wp-content\/uploads\/2023\/08\/Pueblojpeg-16x12.jpeg 16w, https:\/\/zirzen.com\/wp-content\/uploads\/2023\/08\/Pueblojpeg-1568x1176.jpeg 1568w, https:\/\/zirzen.com\/wp-content\/uploads\/2023\/08\/Pueblojpeg-1600x1199.jpeg 1600w, https:\/\/zirzen.com\/wp-content\/uploads\/2023\/08\/Pueblojpeg-1200x899.jpeg 1200w, https:\/\/zirzen.com\/wp-content\/uploads\/2023\/08\/Pueblojpeg-620x465.jpeg 620w, https:\/\/zirzen.com\/wp-content\/uploads\/2023\/08\/Pueblojpeg-400x300.jpeg 400w\" sizes=\"auto, (max-width: 1024px) 100vw, 1024px\" \/><\/figure>\n\n\n\n<p class=\"has-text-align-left has-small-font-size\"><strong>Time:<\/strong> 45 min <i class=\"fas fa-car\"><\/i><br><strong>Kids:<\/strong> Yes<br><strong>Dogs:<\/strong> Yes<\/p>\n\n\n\n<hr class=\"wp-block-separator has-alpha-channel-opacity\"\/>\n\n\n\n<div class=\"wp-block-buttons has-custom-font-size has-small-font-size agl agl-wipeCSS agl-in-distance-1 is-content-justification-center is-layout-flex wp-container-core-buttons-is-layout-a89b3969 wp-block-buttons-is-layout-flex\">\n<div class=\"wp-block-button is-style-fill\"><a class=\"wp-block-button__link has-foreground-color has-text-color has-background wp-element-button\" style=\"border-radius:16px;background-color:#d7d7d7;padding-top:10px;padding-right:10px;padding-bottom:10px;padding-left:10px\"><i class=\"fas fa-camera\"><\/i><\/a><\/div>\n\n\n\n<div class=\"wp-block-button is-style-fill\"><a class=\"wp-block-button__link has-foreground-color has-text-color has-background wp-element-button\" style=\"border-radius:16px;background-color:#d7d7d7;padding-top:10px;padding-right:10px;padding-bottom:10px;padding-left:10px\"><i class=\"fas fa-eye\"><\/i><\/a><\/div>\n<\/div>\n<\/div>\n\n\n\n<div class=\"wp-block-column is-layout-flow wp-block-column-is-layout-flow\" style=\"flex-basis:66.66%\">\n<p class=\"has-small-font-size\">This is a mandatory influencer position for taking photos. You don't have to take more than a hundred steps, so you can leave the car in sandals and a colorful dress. And, just so you know, Pueblo's real name is Pari\u017eeva\u010dka glavica.<\/p>\n\n\n\n<p class=\"has-small-font-size\">If you happen to be a German of about 70 years old, and you travel around this area, you might think that some of the places are like something out of a movie about cowboys and Indians. Well, it's because you were a teenager at the time when the most popular German film series of all time, the one about Winneto, was shown. His native village, Rio Pecos was located right there.<\/p>\n\n\n\n<p class=\"has-small-font-size\">A large number of film fans, especially from Germany, come to Croatia exclusively to visit the locations where the film was shot. I think it's not a bad idea to get informed and visit some of the locations yourself. <\/p>\n<\/div>\n<\/div>\n\n\n\n<div class=\"wp-block-group has-background has-small-font-size\" style=\"background-color:#f1f1f1\"><div class=\"wp-block-group__inner-container is-layout-constrained wp-block-group-is-layout-constrained\">\n<div class=\"leaflet-map WPLeafletMap\" style=\"height:450px; width:100%;\"><\/div><script>\nwindow.WPLeafletMapPlugin = window.WPLeafletMapPlugin || [];\nwindow.WPLeafletMapPlugin.push(function WPLeafletMapShortcode() {\/*<script>*\/\nvar baseUrl = atob('aHR0cHM6Ly97c30udGlsZS5vcGVuc3RyZWV0bWFwLm9yZy97en0ve3h9L3t5fS5wbmc=');\nvar base = (!baseUrl && window.MQ) ? \n    window.MQ.mapLayer() : L.tileLayer(baseUrl, \n        L.Util.extend({}, {\n            detectRetina: 0,\n        }, \n        {\"subdomains\":\"abc\",\"noWrap\":false}        )\n    );\n    var options = L.Util.extend({}, {\n        layers: [base],\n        attributionControl: false\n    }, \n    {\"zoomControl\":true,\"scrollWheelZoom\":true,\"doubleClickZoom\":false,\"fitBounds\":true,\"minZoom\":0,\"maxZoom\":19,\"maxBounds\":null,\"attribution\":\"<a href=\\\"http:\\\/\\\/leafletjs.com\\\" title=\\\"A JS library for interactive maps\\\">Leaflet<\\\/a>; \\u00a9 <a href=\\\"http:\\\/\\\/www.openstreetmap.org\\\/copyright\\\">OpenStreetMap<\\\/a> contributors\"}, \n    {});\nwindow.WPLeafletMapPlugin.createMap(options).setView([44.222716,15.613851],13);});<\/script>\n\n<script>\nwindow.WPLeafletMapPlugin = window.WPLeafletMapPlugin || [];\nwindow.WPLeafletMapPlugin.push(function WPLeafletMarkerShortcode() {\/*<script>*\/\nvar map = window.WPLeafletMapPlugin.getCurrentMap();\nvar group = window.WPLeafletMapPlugin.getCurrentGroup();\nvar marker_options = window.WPLeafletMapPlugin.getIconOptions({\"svg\":true,\"background\":\"brown\",\"iconClass\":\"fas fa-camera\",\"color\":\"white\"});\nvar marker = new L.SVGMarker(\n    [44.222716,15.613851], \n    marker_options\n);\nvar is_image = map.is_image_map;\nif (marker_options.draggable) {\n    marker.on('dragend', function () {\n        var latlng = this.getLatLng();\n        var lat = latlng.lat;\n        var lng = latlng.lng;\n        if (is_image) {\n            console.log('leaflet-marker y=' + lat + ' x=' + lng);\n        } else {\n            console.log('leaflet-marker lat=' + lat + ' lng=' + lng);\n        }\n    });\n}\nmarker.addTo( group );\nmarker.bindPopup(window.WPLeafletMapPlugin.unescape('Pueblo')).openPopup();window.WPLeafletMapPlugin.markers.push( marker );\n        });<\/script>\n<\/div><\/div>","protected":false},"excerpt":{"rendered":"<p>Pueblo Vrijeme: 45 min Klinci: DaPsi: Da Ovo je obvezna influencerska pozicija za fotkanje. Ne morate napraviti vi\u0161e od stotinjak koraka, tako da mo\u017eete u sandalama i u \u0161arenoj haljini krenuti ve\u0107 od automobila. I, samo da znate da je Pueblo pravim imenom Pari\u017eeva\u010dka glavica. Ako ste kojim slu\u010dajem Nijemac od otprilike 70 godina i<a class=\"more-link\" href=\"https:\/\/zirzen.com\/en\/pueblo-jasenice\/\">Continue reading <span class=\"screen-reader-text\">&#8220;Pueblo&#8221;<\/span><\/a><\/p>","protected":false},"author":2,"featured_media":0,"parent":0,"menu_order":0,"comment_status":"closed","ping_status":"closed","template":"","meta":{"_monsterinsights_skip_tracking":false,"_monsterinsights_sitenote_active":false,"_monsterinsights_sitenote_note":"","_monsterinsights_sitenote_category":0,"footnotes":""},"class_list":["post-724","page","type-page","status-publish","hentry","entry"],"yoast_head":"<!-- This site is optimized with the Yoast SEO plugin v20.13 - https:\/\/yoast.com\/wordpress\/plugins\/seo\/ -->\n<title>Pueblo - Zir Zen<\/title>\n<meta name=\"robots\" content=\"index, follow, max-snippet:-1, max-image-preview:large, max-video-preview:-1\" \/>\n<link rel=\"canonical\" href=\"https:\/\/zirzen.com\/en\/pueblo-jasenice\/\" \/>\n<meta property=\"og:locale\" content=\"en_US\" \/>\n<meta property=\"og:type\" content=\"article\" \/>\n<meta property=\"og:title\" content=\"Pueblo - Zir Zen\" \/>\n<meta property=\"og:description\" content=\"Pueblo Vrijeme: 45 min Klinci: DaPsi: Da Ovo je obvezna influencerska pozicija za fotkanje. Ne morate napraviti vi\u0161e od stotinjak koraka, tako da mo\u017eete u sandalama i u \u0161arenoj haljini krenuti ve\u0107 od automobila. I, samo da znate da je Pueblo pravim imenom Pari\u017eeva\u010dka glavica. Ako ste kojim slu\u010dajem Nijemac od otprilike 70 godina iContinue reading &quot;Pueblo&quot;\" \/>\n<meta property=\"og:url\" content=\"https:\/\/zirzen.com\/en\/pueblo-jasenice\/\" \/>\n<meta property=\"og:site_name\" content=\"Zir Zen\" \/>\n<meta property=\"article:modified_time\" content=\"2023-10-10T20:02:05+00:00\" \/>\n<meta property=\"og:image\" content=\"https:\/\/zirzen.com\/wp-content\/uploads\/2023\/08\/Pueblojpeg-1024x768.jpeg\" \/>\n<meta name=\"twitter:card\" content=\"summary_large_image\" \/>\n<meta name=\"twitter:label1\" content=\"Est. reading time\" \/>\n\t<meta name=\"twitter:data1\" content=\"1 minute\" \/>\n<script type=\"application\/ld+json\" class=\"yoast-schema-graph\">{\"@context\":\"https:\/\/schema.org\",\"@graph\":[{\"@type\":\"WebPage\",\"@id\":\"https:\/\/zirzen.com\/pueblo-jasenice\/\",\"url\":\"https:\/\/zirzen.com\/pueblo-jasenice\/\",\"name\":\"Pueblo - Zir Zen\",\"isPartOf\":{\"@id\":\"https:\/\/zirzen.com\/#website\"},\"datePublished\":\"2023-07-19T08:54:28+00:00\",\"dateModified\":\"2023-10-10T20:02:05+00:00\",\"breadcrumb\":{\"@id\":\"https:\/\/zirzen.com\/pueblo-jasenice\/#breadcrumb\"},\"inLanguage\":\"en-US\",\"potentialAction\":[{\"@type\":\"ReadAction\",\"target\":[\"https:\/\/zirzen.com\/pueblo-jasenice\/\"]}]},{\"@type\":\"BreadcrumbList\",\"@id\":\"https:\/\/zirzen.com\/pueblo-jasenice\/#breadcrumb\",\"itemListElement\":[{\"@type\":\"ListItem\",\"position\":1,\"name\":\"Home\",\"item\":\"https:\/\/zirzen.com\/\"},{\"@type\":\"ListItem\",\"position\":2,\"name\":\"Pueblo\"}]},{\"@type\":\"WebSite\",\"@id\":\"https:\/\/zirzen.com\/#website\",\"url\":\"https:\/\/zirzen.com\/\",\"name\":\"Zir Zen\",\"description\":\"Jebi ga, kad smo ve\u0107 u Lovincu\",\"publisher\":{\"@id\":\"https:\/\/zirzen.com\/#organization\"},\"potentialAction\":[{\"@type\":\"SearchAction\",\"target\":{\"@type\":\"EntryPoint\",\"urlTemplate\":\"https:\/\/zirzen.com\/?s={search_term_string}\"},\"query-input\":\"required name=search_term_string\"}],\"inLanguage\":\"en-US\"},{\"@type\":\"Organization\",\"@id\":\"https:\/\/zirzen.com\/#organization\",\"name\":\"Zir Zen\",\"url\":\"https:\/\/zirzen.com\/\",\"logo\":{\"@type\":\"ImageObject\",\"inLanguage\":\"en-US\",\"@id\":\"https:\/\/zirzen.com\/#\/schema\/logo\/image\/\",\"url\":\"https:\/\/zirzen.com\/wp-content\/uploads\/2023\/07\/cropped-Picture1.png\",\"contentUrl\":\"https:\/\/zirzen.com\/wp-content\/uploads\/2023\/07\/cropped-Picture1.png\",\"width\":512,\"height\":512,\"caption\":\"Zir Zen\"},\"image\":{\"@id\":\"https:\/\/zirzen.com\/#\/schema\/logo\/image\/\"}}]}<\/script>\n<!-- \/ Yoast SEO plugin. -->","yoast_head_json":{"title":"Pueblo - Zir Zen","robots":{"index":"index","follow":"follow","max-snippet":"max-snippet:-1","max-image-preview":"max-image-preview:large","max-video-preview":"max-video-preview:-1"},"canonical":"https:\/\/zirzen.com\/en\/pueblo-jasenice\/","og_locale":"en_US","og_type":"article","og_title":"Pueblo - Zir Zen","og_description":"Pueblo Vrijeme: 45 min Klinci: DaPsi: Da Ovo je obvezna influencerska pozicija za fotkanje. Ne morate napraviti vi\u0161e od stotinjak koraka, tako da mo\u017eete u sandalama i u \u0161arenoj haljini krenuti ve\u0107 od automobila. I, samo da znate da je Pueblo pravim imenom Pari\u017eeva\u010dka glavica. Ako ste kojim slu\u010dajem Nijemac od otprilike 70 godina iContinue reading \"Pueblo\"","og_url":"https:\/\/zirzen.com\/en\/pueblo-jasenice\/","og_site_name":"Zir Zen","article_modified_time":"2023-10-10T20:02:05+00:00","og_image":[{"url":"https:\/\/zirzen.com\/wp-content\/uploads\/2023\/08\/Pueblojpeg-1024x768.jpeg"}],"twitter_card":"summary_large_image","twitter_misc":{"Est. reading time":"1 minute"},"schema":{"@context":"https:\/\/schema.org","@graph":[{"@type":"WebPage","@id":"https:\/\/zirzen.com\/pueblo-jasenice\/","url":"https:\/\/zirzen.com\/pueblo-jasenice\/","name":"Pueblo - Zir Zen","isPartOf":{"@id":"https:\/\/zirzen.com\/#website"},"datePublished":"2023-07-19T08:54:28+00:00","dateModified":"2023-10-10T20:02:05+00:00","breadcrumb":{"@id":"https:\/\/zirzen.com\/pueblo-jasenice\/#breadcrumb"},"inLanguage":"en-US","potentialAction":[{"@type":"ReadAction","target":["https:\/\/zirzen.com\/pueblo-jasenice\/"]}]},{"@type":"BreadcrumbList","@id":"https:\/\/zirzen.com\/pueblo-jasenice\/#breadcrumb","itemListElement":[{"@type":"ListItem","position":1,"name":"Home","item":"https:\/\/zirzen.com\/"},{"@type":"ListItem","position":2,"name":"Pueblo"}]},{"@type":"WebSite","@id":"https:\/\/zirzen.com\/#website","url":"https:\/\/zirzen.com\/","name":"Zir Zen","description":"Jebi ga, kad smo ve\u0107 u Lovincu","publisher":{"@id":"https:\/\/zirzen.com\/#organization"},"potentialAction":[{"@type":"SearchAction","target":{"@type":"EntryPoint","urlTemplate":"https:\/\/zirzen.com\/?s={search_term_string}"},"query-input":"required name=search_term_string"}],"inLanguage":"en-US"},{"@type":"Organization","@id":"https:\/\/zirzen.com\/#organization","name":"Zir Zen","url":"https:\/\/zirzen.com\/","logo":{"@type":"ImageObject","inLanguage":"en-US","@id":"https:\/\/zirzen.com\/#\/schema\/logo\/image\/","url":"https:\/\/zirzen.com\/wp-content\/uploads\/2023\/07\/cropped-Picture1.png","contentUrl":"https:\/\/zirzen.com\/wp-content\/uploads\/2023\/07\/cropped-Picture1.png","width":512,"height":512,"caption":"Zir Zen"},"image":{"@id":"https:\/\/zirzen.com\/#\/schema\/logo\/image\/"}}]}},"_links":{"self":[{"href":"https:\/\/zirzen.com\/en\/wp-json\/wp\/v2\/pages\/724","targetHints":{"allow":["GET"]}}],"collection":[{"href":"https:\/\/zirzen.com\/en\/wp-json\/wp\/v2\/pages"}],"about":[{"href":"https:\/\/zirzen.com\/en\/wp-json\/wp\/v2\/types\/page"}],"author":[{"embeddable":true,"href":"https:\/\/zirzen.com\/en\/wp-json\/wp\/v2\/users\/2"}],"replies":[{"embeddable":true,"href":"https:\/\/zirzen.com\/en\/wp-json\/wp\/v2\/comments?post=724"}],"version-history":[{"count":13,"href":"https:\/\/zirzen.com\/en\/wp-json\/wp\/v2\/pages\/724\/revisions"}],"predecessor-version":[{"id":4266,"href":"https:\/\/zirzen.com\/en\/wp-json\/wp\/v2\/pages\/724\/revisions\/4266"}],"wp:attachment":[{"href":"https:\/\/zirzen.com\/en\/wp-json\/wp\/v2\/media?parent=724"}],"curies":[{"name":"wp","href":"https:\/\/api.w.org\/{rel}","templated":true}]}}