{"id":727,"date":"2023-07-19T11:07:02","date_gmt":"2023-07-19T09:07:02","guid":{"rendered":"http:\/\/localhost\/wordpress\/?page_id=727"},"modified":"2023-10-13T23:39:22","modified_gmt":"2023-10-13T21:39:22","slug":"pecinski-park-grabovaca-perusic","status":"publish","type":"page","link":"https:\/\/zirzen.com\/en\/pecinski-park-grabovaca-perusic\/","title":{"rendered":"Cave Park Grabova\u010da"},"content":{"rendered":"<h2 class=\"wp-block-heading has-text-align-center\">Cave Park Grabova\u010da<\/h2>\n\n\n\n<div class=\"wp-block-columns is-layout-flex wp-container-core-columns-is-layout-28f84493 wp-block-columns-is-layout-flex\">\n<div class=\"wp-block-column is-layout-flow wp-block-column-is-layout-flow\" style=\"flex-basis:33.33%\">\n<div class=\"wp-block-group attraction-left-side\"><div class=\"wp-block-group__inner-container is-layout-constrained wp-block-group-is-layout-constrained\">\n<figure class=\"wp-block-image size-full agl agl-fadeCSS agl-in-distance-1\"><img decoding=\"async\" src=\"https:\/\/zirzen.com\/wp-content\/uploads\/2023\/07\/pecinski_park_grabovaca.jpg\" alt=\"Pe\u0107inski park Grabova\u0107a\" class=\"wp-image-791\"\/><\/figure>\n\n\n\n<p class=\"has-text-align-center attraction-links has-small-font-size\"><a href=\"https:\/\/www.instagram.com\/park.grabovaca\/\" target=\"_blank\" rel=\"noreferrer noopener\"><i class=\"fab fa-square-instagram\"><\/i><\/a> <a href=\"https:\/\/pp-grabovaca.hr\/\" data-type=\"URL\" data-id=\"https:\/\/www.hostelsvetirok.com\/\" target=\"_blank\" rel=\"noreferrer noopener\"><i class=\"fas fa-earth-americas\"><\/i><\/a> <a href=\"https:\/\/www.facebook.com\/Grabovaca\/\" data-type=\"URL\" data-id=\"https:\/\/hr-hr.facebook.com\/hostelsvrok\/\" target=\"_blank\" rel=\"noreferrer noopener\"><i class=\"fab fa-facebook\"><\/i><\/a><\/p>\n<\/div><\/div>\n\n\n\n<p class=\"has-text-align-left has-small-font-size\"><strong>Time:<\/strong> 40 min <i class=\"fas fa-car\"><\/i><br><strong>Kids:<\/strong> Yes<br><strong>Dogs:<\/strong> I don't know if dogs are allowed in the caves<\/p>\n\n\n\n<hr class=\"wp-block-separator has-alpha-channel-opacity\"\/>\n\n\n\n<div class=\"wp-block-buttons has-custom-font-size has-small-font-size agl agl-wipeCSS agl-in-distance-1 is-content-justification-center is-layout-flex wp-container-core-buttons-is-layout-a89b3969 wp-block-buttons-is-layout-flex\">\n<div class=\"wp-block-button is-style-fill\"><a class=\"wp-block-button__link has-foreground-color has-text-color has-background wp-element-button\" style=\"border-radius:16px;background-color:#d7d7d7;padding-top:10px;padding-right:10px;padding-bottom:10px;padding-left:10px\"><i class=\"fas fa-icicles\"><\/i><\/a><\/div>\n\n\n\n<div class=\"wp-block-button is-style-fill\"><a class=\"wp-block-button__link has-foreground-color has-text-color has-background wp-element-button\" style=\"border-radius:16px;background-color:#d7d7d7;padding-top:10px;padding-right:10px;padding-bottom:10px;padding-left:10px\"><i class=\"fas fa-snowflake\"><\/i><\/a><\/div>\n\n\n\n<div class=\"wp-block-button is-style-fill\"><a class=\"wp-block-button__link has-foreground-color has-text-color has-background wp-element-button\" style=\"border-radius:16px;background-color:#d7d7d7;padding-top:10px;padding-right:10px;padding-bottom:10px;padding-left:10px\"><i class=\"fas fa-person-hiking\"><\/i><\/a><\/div>\n<\/div>\n<\/div>\n\n\n\n<div class=\"wp-block-column is-layout-flow wp-block-column-is-layout-flow\" style=\"flex-basis:66.66%\">\n<p class=\"has-small-font-size\">Grabova\u010da Cave Park is located within the significant landscape of Risovac - Grabova\u010da, which is one of the most geologically diverse parts of Croatia. The main attraction is the wonderful Samograd cave, and every time I come I discover new interesting things and attractions that spring up in the park like mushrooms after the rain.<\/p>\n\n\n\n<p class=\"has-small-font-size\">For the Samograd cave, the best description is the one uttered 150 years ago by the Croatian teacher, naturalist, botanist, travel writer, mountaineer and caver Dragutin Adolf Hirc: \"If it were possible to let the sun's rays into the cave, to suffuse those magical spaces, that Samograd would shuffled through the palace of pearls, as the fairy built it.\"<\/p>\n\n\n\n<p class=\"has-small-font-size\">Due to the large number of attractions and various events in the park, you can spend hours here without the kids getting bored. As a father of two little gremlins, I know what that's worth. There is a forest organ, a small garden of medicinal and edible plants, an eco children's playground, a labyrinth, an Easter fair, Christmas magic, a Green fair and the Lika Regatta, Night of bats...<\/p>\n\n\n\n<p class=\"has-small-font-size\"> I once attended a concert 150 meters underground, as evidenced by the attached photo. Samograd is a great place to cool off in the summer heat, and just a few minutes away, you can swim in the Lika river.<\/p>\n<\/div>\n<\/div>\n\n\n\n<div class=\"wp-block-group has-background has-small-font-size\" style=\"background-color:#f1f1f1\"><div class=\"wp-block-group__inner-container is-layout-constrained wp-block-group-is-layout-constrained\">\n<div class=\"leaflet-map WPLeafletMap\" style=\"height:450px; width:100%;\"><\/div><script>\nwindow.WPLeafletMapPlugin = window.WPLeafletMapPlugin || [];\nwindow.WPLeafletMapPlugin.push(function WPLeafletMapShortcode() {\/*<script>*\/\nvar baseUrl = atob('aHR0cHM6Ly97c30udGlsZS5vcGVuc3RyZWV0bWFwLm9yZy97en0ve3h9L3t5fS5wbmc=');\nvar base = (!baseUrl && window.MQ) ? \n    window.MQ.mapLayer() : L.tileLayer(baseUrl, \n        L.Util.extend({}, {\n            detectRetina: 0,\n        }, \n        {\"subdomains\":\"abc\",\"noWrap\":false}        )\n    );\n    var options = L.Util.extend({}, {\n        layers: [base],\n        attributionControl: false\n    }, \n    {\"zoomControl\":true,\"scrollWheelZoom\":true,\"doubleClickZoom\":false,\"fitBounds\":false,\"minZoom\":0,\"maxZoom\":19,\"maxBounds\":null,\"attribution\":\"<a href=\\\"http:\\\/\\\/leafletjs.com\\\" title=\\\"A JS library for interactive maps\\\">Leaflet<\\\/a>; \\u00a9 <a href=\\\"http:\\\/\\\/www.openstreetmap.org\\\/copyright\\\">OpenStreetMap<\\\/a> contributors\"}, \n    {});\nwindow.WPLeafletMapPlugin.createMap(options).setView([44.642469,15.363666],13);});<\/script>\n\n<script>\nwindow.WPLeafletMapPlugin = window.WPLeafletMapPlugin || [];\nwindow.WPLeafletMapPlugin.push(function WPLeafletMarkerShortcode() {\/*<script>*\/\nvar map = window.WPLeafletMapPlugin.getCurrentMap();\nvar group = window.WPLeafletMapPlugin.getCurrentGroup();\nvar marker_options = window.WPLeafletMapPlugin.getIconOptions({\"svg\":true,\"background\":\"green\",\"iconClass\":\"fas fa-icicles\",\"color\":\"white\"});\nvar marker = new L.SVGMarker(\n    [44.642469,15.363666], \n    marker_options\n);\nvar is_image = map.is_image_map;\nif (marker_options.draggable) {\n    marker.on('dragend', function () {\n        var latlng = this.getLatLng();\n        var lat = latlng.lat;\n        var lng = latlng.lng;\n        if (is_image) {\n            console.log('leaflet-marker y=' + lat + ' x=' + lng);\n        } else {\n            console.log('leaflet-marker lat=' + lat + ' lng=' + lng);\n        }\n    });\n}\nmarker.addTo( group );\nmarker.bindPopup(window.WPLeafletMapPlugin.unescape('Pe\u0107inski park Grabova\u010da'));window.WPLeafletMapPlugin.markers.push( marker );\n        });<\/script>\n<\/div><\/div>","protected":false},"excerpt":{"rendered":"<p>Pe\u0107inski park Grabova\u010da Vrijeme: 40 min Klinci: DaPsi: Ne znam da li psi smiju u spilje Pe\u0107inski park Grabova\u010da nalazi se unutar Zna\u010dajnog krajobraza Risovac &#8211; Grabova\u010da i jedno je od geolo\u0161ki najraznovrsnijih dijelova Hrvatske. Glavna atrakcija je predivna spilja Samograd, a pri svakom dolasku otkrivam nove zanimljivosti i atrakcije koje po parku ni\u010du kao<a class=\"more-link\" href=\"https:\/\/zirzen.com\/en\/pecinski-park-grabovaca-perusic\/\">Continue reading <span class=\"screen-reader-text\">&#8220;Pe\u0107inski park Grabova\u010da&#8221;<\/span><\/a><\/p>","protected":false},"author":2,"featured_media":0,"parent":0,"menu_order":0,"comment_status":"closed","ping_status":"closed","template":"","meta":{"_monsterinsights_skip_tracking":false,"_monsterinsights_sitenote_active":false,"_monsterinsights_sitenote_note":"","_monsterinsights_sitenote_category":0,"footnotes":""},"class_list":["post-727","page","type-page","status-publish","hentry","entry"],"yoast_head":"<!-- This site is optimized with the Yoast SEO plugin v20.13 - https:\/\/yoast.com\/wordpress\/plugins\/seo\/ -->\n<title>Pe\u0107inski park Grabova\u010da - Zir Zen<\/title>\n<meta name=\"robots\" content=\"index, follow, max-snippet:-1, max-image-preview:large, max-video-preview:-1\" \/>\n<link rel=\"canonical\" href=\"https:\/\/zirzen.com\/en\/pecinski-park-grabovaca-perusic\/\" \/>\n<meta property=\"og:locale\" content=\"en_US\" \/>\n<meta property=\"og:type\" content=\"article\" \/>\n<meta property=\"og:title\" content=\"Pe\u0107inski park Grabova\u010da - Zir Zen\" \/>\n<meta property=\"og:description\" content=\"Pe\u0107inski park Grabova\u010da Vrijeme: 40 min Klinci: DaPsi: Ne znam da li psi smiju u spilje Pe\u0107inski park Grabova\u010da nalazi se unutar Zna\u010dajnog krajobraza Risovac &#8211; Grabova\u010da i jedno je od geolo\u0161ki najraznovrsnijih dijelova Hrvatske. Glavna atrakcija je predivna spilja Samograd, a pri svakom dolasku otkrivam nove zanimljivosti i atrakcije koje po parku ni\u010du kaoContinue reading &quot;Pe\u0107inski park Grabova\u010da&quot;\" \/>\n<meta property=\"og:url\" content=\"https:\/\/zirzen.com\/en\/pecinski-park-grabovaca-perusic\/\" \/>\n<meta property=\"og:site_name\" content=\"Zir Zen\" \/>\n<meta property=\"article:modified_time\" content=\"2023-10-13T21:39:22+00:00\" \/>\n<meta property=\"og:image\" content=\"https:\/\/zirzen.com\/wp-content\/uploads\/2023\/07\/pecinski_park_grabovaca.jpg\" \/>\n<meta name=\"twitter:card\" content=\"summary_large_image\" \/>\n<meta name=\"twitter:label1\" content=\"Est. reading time\" \/>\n\t<meta name=\"twitter:data1\" content=\"2 minutes\" \/>\n<script type=\"application\/ld+json\" class=\"yoast-schema-graph\">{\"@context\":\"https:\/\/schema.org\",\"@graph\":[{\"@type\":\"WebPage\",\"@id\":\"https:\/\/zirzen.com\/pecinski-park-grabovaca-perusic\/\",\"url\":\"https:\/\/zirzen.com\/pecinski-park-grabovaca-perusic\/\",\"name\":\"Pe\u0107inski park Grabova\u010da - Zir Zen\",\"isPartOf\":{\"@id\":\"https:\/\/zirzen.com\/#website\"},\"datePublished\":\"2023-07-19T09:07:02+00:00\",\"dateModified\":\"2023-10-13T21:39:22+00:00\",\"breadcrumb\":{\"@id\":\"https:\/\/zirzen.com\/pecinski-park-grabovaca-perusic\/#breadcrumb\"},\"inLanguage\":\"en-US\",\"potentialAction\":[{\"@type\":\"ReadAction\",\"target\":[\"https:\/\/zirzen.com\/pecinski-park-grabovaca-perusic\/\"]}]},{\"@type\":\"BreadcrumbList\",\"@id\":\"https:\/\/zirzen.com\/pecinski-park-grabovaca-perusic\/#breadcrumb\",\"itemListElement\":[{\"@type\":\"ListItem\",\"position\":1,\"name\":\"Home\",\"item\":\"https:\/\/zirzen.com\/\"},{\"@type\":\"ListItem\",\"position\":2,\"name\":\"Pe\u0107inski park Grabova\u010da\"}]},{\"@type\":\"WebSite\",\"@id\":\"https:\/\/zirzen.com\/#website\",\"url\":\"https:\/\/zirzen.com\/\",\"name\":\"Zir Zen\",\"description\":\"Jebi ga, kad smo ve\u0107 u Lovincu\",\"publisher\":{\"@id\":\"https:\/\/zirzen.com\/#organization\"},\"potentialAction\":[{\"@type\":\"SearchAction\",\"target\":{\"@type\":\"EntryPoint\",\"urlTemplate\":\"https:\/\/zirzen.com\/?s={search_term_string}\"},\"query-input\":\"required name=search_term_string\"}],\"inLanguage\":\"en-US\"},{\"@type\":\"Organization\",\"@id\":\"https:\/\/zirzen.com\/#organization\",\"name\":\"Zir Zen\",\"url\":\"https:\/\/zirzen.com\/\",\"logo\":{\"@type\":\"ImageObject\",\"inLanguage\":\"en-US\",\"@id\":\"https:\/\/zirzen.com\/#\/schema\/logo\/image\/\",\"url\":\"https:\/\/zirzen.com\/wp-content\/uploads\/2023\/07\/cropped-Picture1.png\",\"contentUrl\":\"https:\/\/zirzen.com\/wp-content\/uploads\/2023\/07\/cropped-Picture1.png\",\"width\":512,\"height\":512,\"caption\":\"Zir Zen\"},\"image\":{\"@id\":\"https:\/\/zirzen.com\/#\/schema\/logo\/image\/\"}}]}<\/script>\n<!-- \/ Yoast SEO plugin. -->","yoast_head_json":{"title":"Pe\u0107inski park Grabova\u010da - Zir Zen","robots":{"index":"index","follow":"follow","max-snippet":"max-snippet:-1","max-image-preview":"max-image-preview:large","max-video-preview":"max-video-preview:-1"},"canonical":"https:\/\/zirzen.com\/en\/pecinski-park-grabovaca-perusic\/","og_locale":"en_US","og_type":"article","og_title":"Pe\u0107inski park Grabova\u010da - Zir Zen","og_description":"Pe\u0107inski park Grabova\u010da Vrijeme: 40 min Klinci: DaPsi: Ne znam da li psi smiju u spilje Pe\u0107inski park Grabova\u010da nalazi se unutar Zna\u010dajnog krajobraza Risovac &#8211; Grabova\u010da i jedno je od geolo\u0161ki najraznovrsnijih dijelova Hrvatske. Glavna atrakcija je predivna spilja Samograd, a pri svakom dolasku otkrivam nove zanimljivosti i atrakcije koje po parku ni\u010du kaoContinue reading \"Pe\u0107inski park Grabova\u010da\"","og_url":"https:\/\/zirzen.com\/en\/pecinski-park-grabovaca-perusic\/","og_site_name":"Zir Zen","article_modified_time":"2023-10-13T21:39:22+00:00","og_image":[{"url":"https:\/\/zirzen.com\/wp-content\/uploads\/2023\/07\/pecinski_park_grabovaca.jpg"}],"twitter_card":"summary_large_image","twitter_misc":{"Est. reading time":"2 minutes"},"schema":{"@context":"https:\/\/schema.org","@graph":[{"@type":"WebPage","@id":"https:\/\/zirzen.com\/pecinski-park-grabovaca-perusic\/","url":"https:\/\/zirzen.com\/pecinski-park-grabovaca-perusic\/","name":"Pe\u0107inski park Grabova\u010da - Zir Zen","isPartOf":{"@id":"https:\/\/zirzen.com\/#website"},"datePublished":"2023-07-19T09:07:02+00:00","dateModified":"2023-10-13T21:39:22+00:00","breadcrumb":{"@id":"https:\/\/zirzen.com\/pecinski-park-grabovaca-perusic\/#breadcrumb"},"inLanguage":"en-US","potentialAction":[{"@type":"ReadAction","target":["https:\/\/zirzen.com\/pecinski-park-grabovaca-perusic\/"]}]},{"@type":"BreadcrumbList","@id":"https:\/\/zirzen.com\/pecinski-park-grabovaca-perusic\/#breadcrumb","itemListElement":[{"@type":"ListItem","position":1,"name":"Home","item":"https:\/\/zirzen.com\/"},{"@type":"ListItem","position":2,"name":"Pe\u0107inski park Grabova\u010da"}]},{"@type":"WebSite","@id":"https:\/\/zirzen.com\/#website","url":"https:\/\/zirzen.com\/","name":"Zir Zen","description":"Jebi ga, kad smo ve\u0107 u Lovincu","publisher":{"@id":"https:\/\/zirzen.com\/#organization"},"potentialAction":[{"@type":"SearchAction","target":{"@type":"EntryPoint","urlTemplate":"https:\/\/zirzen.com\/?s={search_term_string}"},"query-input":"required name=search_term_string"}],"inLanguage":"en-US"},{"@type":"Organization","@id":"https:\/\/zirzen.com\/#organization","name":"Zir Zen","url":"https:\/\/zirzen.com\/","logo":{"@type":"ImageObject","inLanguage":"en-US","@id":"https:\/\/zirzen.com\/#\/schema\/logo\/image\/","url":"https:\/\/zirzen.com\/wp-content\/uploads\/2023\/07\/cropped-Picture1.png","contentUrl":"https:\/\/zirzen.com\/wp-content\/uploads\/2023\/07\/cropped-Picture1.png","width":512,"height":512,"caption":"Zir Zen"},"image":{"@id":"https:\/\/zirzen.com\/#\/schema\/logo\/image\/"}}]}},"_links":{"self":[{"href":"https:\/\/zirzen.com\/en\/wp-json\/wp\/v2\/pages\/727","targetHints":{"allow":["GET"]}}],"collection":[{"href":"https:\/\/zirzen.com\/en\/wp-json\/wp\/v2\/pages"}],"about":[{"href":"https:\/\/zirzen.com\/en\/wp-json\/wp\/v2\/types\/page"}],"author":[{"embeddable":true,"href":"https:\/\/zirzen.com\/en\/wp-json\/wp\/v2\/users\/2"}],"replies":[{"embeddable":true,"href":"https:\/\/zirzen.com\/en\/wp-json\/wp\/v2\/comments?post=727"}],"version-history":[{"count":21,"href":"https:\/\/zirzen.com\/en\/wp-json\/wp\/v2\/pages\/727\/revisions"}],"predecessor-version":[{"id":4329,"href":"https:\/\/zirzen.com\/en\/wp-json\/wp\/v2\/pages\/727\/revisions\/4329"}],"wp:attachment":[{"href":"https:\/\/zirzen.com\/en\/wp-json\/wp\/v2\/media?parent=727"}],"curies":[{"name":"wp","href":"https:\/\/api.w.org\/{rel}","templated":true}]}}