{"id":740,"date":"2023-07-19T11:24:28","date_gmt":"2023-07-19T09:24:28","guid":{"rendered":"http:\/\/localhost\/wordpress\/?page_id=740"},"modified":"2023-10-10T22:04:31","modified_gmt":"2023-10-10T20:04:31","slug":"majerovo-vrilo-gacka-dolina","status":"publish","type":"page","link":"https:\/\/zirzen.com\/en\/majerovo-vrilo-gacka-dolina\/","title":{"rendered":"Majerovo vrilo"},"content":{"rendered":"<h2 class=\"wp-block-heading has-text-align-center\">Majerovo vrilo<\/h2>\n\n\n\n<div class=\"wp-block-columns is-layout-flex wp-container-core-columns-is-layout-28f84493 wp-block-columns-is-layout-flex\">\n<div class=\"wp-block-column is-layout-flow wp-block-column-is-layout-flow\" style=\"flex-basis:33.33%\">\n<figure class=\"wp-block-image size-large is-style-default agl agl-fadeCSS agl-in-distance-1\"><img loading=\"lazy\" decoding=\"async\" width=\"1024\" height=\"768\" src=\"https:\/\/zirzen.com\/wp-content\/uploads\/2023\/08\/Majerovo-vrilo-1024x768.jpeg\" alt=\"\" class=\"wp-image-2649\" srcset=\"https:\/\/zirzen.com\/wp-content\/uploads\/2023\/08\/Majerovo-vrilo-1024x768.jpeg 1024w, https:\/\/zirzen.com\/wp-content\/uploads\/2023\/08\/Majerovo-vrilo-300x225.jpeg 300w, https:\/\/zirzen.com\/wp-content\/uploads\/2023\/08\/Majerovo-vrilo-768x576.jpeg 768w, https:\/\/zirzen.com\/wp-content\/uploads\/2023\/08\/Majerovo-vrilo-1536x1152.jpeg 1536w, https:\/\/zirzen.com\/wp-content\/uploads\/2023\/08\/Majerovo-vrilo-2048x1536.jpeg 2048w, https:\/\/zirzen.com\/wp-content\/uploads\/2023\/08\/Majerovo-vrilo-16x12.jpeg 16w, https:\/\/zirzen.com\/wp-content\/uploads\/2023\/08\/Majerovo-vrilo-1568x1176.jpeg 1568w\" sizes=\"auto, (max-width: 1024px) 100vw, 1024px\" \/><\/figure>\n\n\n\n<p class=\"has-text-align-left has-small-font-size\"><strong>Time:<\/strong> 65 min <i class=\"fas fa-car\"><\/i><br><strong>Kids:<\/strong> Yes<br><strong>Dogs:<\/strong> Yes<\/p>\n\n\n\n<hr class=\"wp-block-separator has-alpha-channel-opacity\"\/>\n\n\n\n<div class=\"wp-block-buttons has-custom-font-size has-small-font-size agl agl-wipeCSS agl-in-distance-1 is-content-justification-center is-layout-flex wp-container-core-buttons-is-layout-a89b3969 wp-block-buttons-is-layout-flex\">\n<div class=\"wp-block-button is-style-fill\"><a class=\"wp-block-button__link has-foreground-color has-text-color has-background wp-element-button\" style=\"border-radius:16px;background-color:#d7d7d7;padding-top:10px;padding-right:10px;padding-bottom:10px;padding-left:10px\"><i class=\"fas fa-water\"><\/i><\/a><\/div>\n\n\n\n<div class=\"wp-block-button is-style-fill\"><a class=\"wp-block-button__link has-foreground-color has-text-color has-background wp-element-button\" style=\"border-radius:16px;background-color:#d7d7d7;padding-top:10px;padding-right:10px;padding-bottom:10px;padding-left:10px\"><i class=\"fas fa-bridge-water\"><\/i><\/a><\/div>\n\n\n\n<div class=\"wp-block-button is-style-fill\"><a class=\"wp-block-button__link has-foreground-color has-text-color has-background wp-element-button\" style=\"border-radius:16px;background-color:#d7d7d7;padding-top:10px;padding-right:10px;padding-bottom:10px;padding-left:10px\"><i class=\"fas fa-dharmachakra\"><\/i> <\/a><\/div>\n<\/div>\n<\/div>\n\n\n\n<div class=\"wp-block-column is-layout-flow wp-block-column-is-layout-flow\" style=\"flex-basis:66.66%\">\n<p class=\"has-small-font-size\">The Gacka River made an effort to show all its splendor in its ten kilometers of above-ground flow, once the third-longest abyssal river in the world. Its springs were not declared a natural monument by chance. Majerovo vrilo (Majer's source) is the most famous.<\/p>\n\n\n\n<p class=\"has-small-font-size\">The Gacka River rises in the Tonkovi\u0107a vrilo (Tonkovi\u0107's source), and on its short and peaceful journey it is joined by the waters of the Majerovo vrilo, vrilo Klanac and several smaller tributaries and springs. In the past, there were about sixty mills and sawmills on its shores, of which only a couple are in operation today, namely on Majerovo vrilo. The mills are open to visitors, and if you are into baking bread, you can also buy water-milled flour.<\/p>\n\n\n\n<p class=\"has-small-font-size\">The crystal clear water of Gacka is home to a dozen fish species, including California and brown trout. It would be a shame not to spice up your trip with some of them on a plate together with famous local patatoes.<\/p>\n<\/div>\n<\/div>\n\n\n\n<div class=\"wp-block-group has-background has-small-font-size\" style=\"background-color:#f1f1f1\"><div class=\"wp-block-group__inner-container is-layout-constrained wp-block-group-is-layout-constrained\">\n<div class=\"leaflet-map WPLeafletMap\" style=\"height:450px; width:100%;\"><\/div><script>\nwindow.WPLeafletMapPlugin = window.WPLeafletMapPlugin || [];\nwindow.WPLeafletMapPlugin.push(function WPLeafletMapShortcode() {\/*<script>*\/\nvar baseUrl = atob('aHR0cHM6Ly97c30udGlsZS5vcGVuc3RyZWV0bWFwLm9yZy97en0ve3h9L3t5fS5wbmc=');\nvar base = (!baseUrl && window.MQ) ? \n    window.MQ.mapLayer() : L.tileLayer(baseUrl, \n        L.Util.extend({}, {\n            detectRetina: 0,\n        }, \n        {\"subdomains\":\"abc\",\"noWrap\":false}        )\n    );\n    var options = L.Util.extend({}, {\n        layers: [base],\n        attributionControl: false\n    }, \n    {\"zoomControl\":true,\"scrollWheelZoom\":true,\"doubleClickZoom\":false,\"fitBounds\":false,\"minZoom\":0,\"maxZoom\":19,\"maxBounds\":null,\"attribution\":\"<a href=\\\"http:\\\/\\\/leafletjs.com\\\" title=\\\"A JS library for interactive maps\\\">Leaflet<\\\/a>; \\u00a9 <a href=\\\"http:\\\/\\\/www.openstreetmap.org\\\/copyright\\\">OpenStreetMap<\\\/a> contributors\"}, \n    {});\nwindow.WPLeafletMapPlugin.createMap(options).setView([44.81499,15.355745],13);});<\/script>\n\n<script>\nwindow.WPLeafletMapPlugin = window.WPLeafletMapPlugin || [];\nwindow.WPLeafletMapPlugin.push(function WPLeafletMarkerShortcode() {\/*<script>*\/\nvar map = window.WPLeafletMapPlugin.getCurrentMap();\nvar group = window.WPLeafletMapPlugin.getCurrentGroup();\nvar marker_options = window.WPLeafletMapPlugin.getIconOptions({\"svg\":true,\"background\":\"blue\",\"iconClass\":\"fas fa-water\",\"color\":\"white\"});\nvar marker = new L.SVGMarker(\n    [44.81483,15.35889], \n    marker_options\n);\nvar is_image = map.is_image_map;\nif (marker_options.draggable) {\n    marker.on('dragend', function () {\n        var latlng = this.getLatLng();\n        var lat = latlng.lat;\n        var lng = latlng.lng;\n        if (is_image) {\n            console.log('leaflet-marker y=' + lat + ' x=' + lng);\n        } else {\n            console.log('leaflet-marker lat=' + lat + ' lng=' + lng);\n        }\n    });\n}\nmarker.addTo( group );\nmarker.bindPopup(window.WPLeafletMapPlugin.unescape('Majerovo vrilo'));window.WPLeafletMapPlugin.markers.push( marker );\n        });<\/script> \n<\/div><\/div>","protected":false},"excerpt":{"rendered":"<p>Majerovo vrilo Vrijeme: 65 min Klinci: DaPsi: Da Rijeka Gacka potrudila se da u svojih desetak kilometara nadzemnog toka poka\u017ee svu rasko\u0161, nekada tre\u0107e najdu\u017ee rijeke ponornice na svijetu. Njena vrila nisu slu\u010dajno progla\u0161ena spomenikom prirode. Najpoznatije je upravo Majerovo. Rijeka Gacka izvire u Tonkovi\u0107a vrilu, a na njenom kratkom i mirnom putu pridru\u017euju joj<a class=\"more-link\" href=\"https:\/\/zirzen.com\/en\/majerovo-vrilo-gacka-dolina\/\">Continue reading <span class=\"screen-reader-text\">&#8220;Majerovo vrilo&#8221;<\/span><\/a><\/p>","protected":false},"author":2,"featured_media":0,"parent":0,"menu_order":0,"comment_status":"closed","ping_status":"closed","template":"","meta":{"_monsterinsights_skip_tracking":false,"_monsterinsights_sitenote_active":false,"_monsterinsights_sitenote_note":"","_monsterinsights_sitenote_category":0,"footnotes":""},"class_list":["post-740","page","type-page","status-publish","hentry","entry"],"yoast_head":"<!-- This site is optimized with the Yoast SEO plugin v20.13 - https:\/\/yoast.com\/wordpress\/plugins\/seo\/ -->\n<title>Majerovo vrilo - Zir Zen<\/title>\n<meta name=\"robots\" content=\"index, follow, max-snippet:-1, max-image-preview:large, max-video-preview:-1\" \/>\n<link rel=\"canonical\" href=\"https:\/\/zirzen.com\/en\/majerovo-vrilo-gacka-dolina\/\" \/>\n<meta property=\"og:locale\" content=\"en_US\" \/>\n<meta property=\"og:type\" content=\"article\" \/>\n<meta property=\"og:title\" content=\"Majerovo vrilo - Zir Zen\" \/>\n<meta property=\"og:description\" content=\"Majerovo vrilo Vrijeme: 65 min Klinci: DaPsi: Da Rijeka Gacka potrudila se da u svojih desetak kilometara nadzemnog toka poka\u017ee svu rasko\u0161, nekada tre\u0107e najdu\u017ee rijeke ponornice na svijetu. Njena vrila nisu slu\u010dajno progla\u0161ena spomenikom prirode. Najpoznatije je upravo Majerovo. Rijeka Gacka izvire u Tonkovi\u0107a vrilu, a na njenom kratkom i mirnom putu pridru\u017euju jojContinue reading &quot;Majerovo vrilo&quot;\" \/>\n<meta property=\"og:url\" content=\"https:\/\/zirzen.com\/en\/majerovo-vrilo-gacka-dolina\/\" \/>\n<meta property=\"og:site_name\" content=\"Zir Zen\" \/>\n<meta property=\"article:modified_time\" content=\"2023-10-10T20:04:31+00:00\" \/>\n<meta property=\"og:image\" content=\"https:\/\/zirzen.com\/wp-content\/uploads\/2023\/08\/Majerovo-vrilo-1024x768.jpeg\" \/>\n<meta name=\"twitter:card\" content=\"summary_large_image\" \/>\n<meta name=\"twitter:label1\" content=\"Est. reading time\" \/>\n\t<meta name=\"twitter:data1\" content=\"1 minute\" \/>\n<script type=\"application\/ld+json\" class=\"yoast-schema-graph\">{\"@context\":\"https:\/\/schema.org\",\"@graph\":[{\"@type\":\"WebPage\",\"@id\":\"https:\/\/zirzen.com\/majerovo-vrilo-gacka-dolina\/\",\"url\":\"https:\/\/zirzen.com\/majerovo-vrilo-gacka-dolina\/\",\"name\":\"Majerovo vrilo - Zir Zen\",\"isPartOf\":{\"@id\":\"https:\/\/zirzen.com\/#website\"},\"datePublished\":\"2023-07-19T09:24:28+00:00\",\"dateModified\":\"2023-10-10T20:04:31+00:00\",\"breadcrumb\":{\"@id\":\"https:\/\/zirzen.com\/majerovo-vrilo-gacka-dolina\/#breadcrumb\"},\"inLanguage\":\"en-US\",\"potentialAction\":[{\"@type\":\"ReadAction\",\"target\":[\"https:\/\/zirzen.com\/majerovo-vrilo-gacka-dolina\/\"]}]},{\"@type\":\"BreadcrumbList\",\"@id\":\"https:\/\/zirzen.com\/majerovo-vrilo-gacka-dolina\/#breadcrumb\",\"itemListElement\":[{\"@type\":\"ListItem\",\"position\":1,\"name\":\"Home\",\"item\":\"https:\/\/zirzen.com\/\"},{\"@type\":\"ListItem\",\"position\":2,\"name\":\"Majerovo vrilo\"}]},{\"@type\":\"WebSite\",\"@id\":\"https:\/\/zirzen.com\/#website\",\"url\":\"https:\/\/zirzen.com\/\",\"name\":\"Zir Zen\",\"description\":\"Jebi ga, kad smo ve\u0107 u Lovincu\",\"publisher\":{\"@id\":\"https:\/\/zirzen.com\/#organization\"},\"potentialAction\":[{\"@type\":\"SearchAction\",\"target\":{\"@type\":\"EntryPoint\",\"urlTemplate\":\"https:\/\/zirzen.com\/?s={search_term_string}\"},\"query-input\":\"required name=search_term_string\"}],\"inLanguage\":\"en-US\"},{\"@type\":\"Organization\",\"@id\":\"https:\/\/zirzen.com\/#organization\",\"name\":\"Zir Zen\",\"url\":\"https:\/\/zirzen.com\/\",\"logo\":{\"@type\":\"ImageObject\",\"inLanguage\":\"en-US\",\"@id\":\"https:\/\/zirzen.com\/#\/schema\/logo\/image\/\",\"url\":\"https:\/\/zirzen.com\/wp-content\/uploads\/2023\/07\/cropped-Picture1.png\",\"contentUrl\":\"https:\/\/zirzen.com\/wp-content\/uploads\/2023\/07\/cropped-Picture1.png\",\"width\":512,\"height\":512,\"caption\":\"Zir Zen\"},\"image\":{\"@id\":\"https:\/\/zirzen.com\/#\/schema\/logo\/image\/\"}}]}<\/script>\n<!-- \/ Yoast SEO plugin. -->","yoast_head_json":{"title":"Majerovo vrilo - Zir Zen","robots":{"index":"index","follow":"follow","max-snippet":"max-snippet:-1","max-image-preview":"max-image-preview:large","max-video-preview":"max-video-preview:-1"},"canonical":"https:\/\/zirzen.com\/en\/majerovo-vrilo-gacka-dolina\/","og_locale":"en_US","og_type":"article","og_title":"Majerovo vrilo - Zir Zen","og_description":"Majerovo vrilo Vrijeme: 65 min Klinci: DaPsi: Da Rijeka Gacka potrudila se da u svojih desetak kilometara nadzemnog toka poka\u017ee svu rasko\u0161, nekada tre\u0107e najdu\u017ee rijeke ponornice na svijetu. Njena vrila nisu slu\u010dajno progla\u0161ena spomenikom prirode. Najpoznatije je upravo Majerovo. Rijeka Gacka izvire u Tonkovi\u0107a vrilu, a na njenom kratkom i mirnom putu pridru\u017euju jojContinue reading \"Majerovo vrilo\"","og_url":"https:\/\/zirzen.com\/en\/majerovo-vrilo-gacka-dolina\/","og_site_name":"Zir Zen","article_modified_time":"2023-10-10T20:04:31+00:00","og_image":[{"url":"https:\/\/zirzen.com\/wp-content\/uploads\/2023\/08\/Majerovo-vrilo-1024x768.jpeg"}],"twitter_card":"summary_large_image","twitter_misc":{"Est. reading time":"1 minute"},"schema":{"@context":"https:\/\/schema.org","@graph":[{"@type":"WebPage","@id":"https:\/\/zirzen.com\/majerovo-vrilo-gacka-dolina\/","url":"https:\/\/zirzen.com\/majerovo-vrilo-gacka-dolina\/","name":"Majerovo vrilo - Zir Zen","isPartOf":{"@id":"https:\/\/zirzen.com\/#website"},"datePublished":"2023-07-19T09:24:28+00:00","dateModified":"2023-10-10T20:04:31+00:00","breadcrumb":{"@id":"https:\/\/zirzen.com\/majerovo-vrilo-gacka-dolina\/#breadcrumb"},"inLanguage":"en-US","potentialAction":[{"@type":"ReadAction","target":["https:\/\/zirzen.com\/majerovo-vrilo-gacka-dolina\/"]}]},{"@type":"BreadcrumbList","@id":"https:\/\/zirzen.com\/majerovo-vrilo-gacka-dolina\/#breadcrumb","itemListElement":[{"@type":"ListItem","position":1,"name":"Home","item":"https:\/\/zirzen.com\/"},{"@type":"ListItem","position":2,"name":"Majerovo vrilo"}]},{"@type":"WebSite","@id":"https:\/\/zirzen.com\/#website","url":"https:\/\/zirzen.com\/","name":"Zir Zen","description":"Jebi ga, kad smo ve\u0107 u Lovincu","publisher":{"@id":"https:\/\/zirzen.com\/#organization"},"potentialAction":[{"@type":"SearchAction","target":{"@type":"EntryPoint","urlTemplate":"https:\/\/zirzen.com\/?s={search_term_string}"},"query-input":"required name=search_term_string"}],"inLanguage":"en-US"},{"@type":"Organization","@id":"https:\/\/zirzen.com\/#organization","name":"Zir Zen","url":"https:\/\/zirzen.com\/","logo":{"@type":"ImageObject","inLanguage":"en-US","@id":"https:\/\/zirzen.com\/#\/schema\/logo\/image\/","url":"https:\/\/zirzen.com\/wp-content\/uploads\/2023\/07\/cropped-Picture1.png","contentUrl":"https:\/\/zirzen.com\/wp-content\/uploads\/2023\/07\/cropped-Picture1.png","width":512,"height":512,"caption":"Zir Zen"},"image":{"@id":"https:\/\/zirzen.com\/#\/schema\/logo\/image\/"}}]}},"_links":{"self":[{"href":"https:\/\/zirzen.com\/en\/wp-json\/wp\/v2\/pages\/740","targetHints":{"allow":["GET"]}}],"collection":[{"href":"https:\/\/zirzen.com\/en\/wp-json\/wp\/v2\/pages"}],"about":[{"href":"https:\/\/zirzen.com\/en\/wp-json\/wp\/v2\/types\/page"}],"author":[{"embeddable":true,"href":"https:\/\/zirzen.com\/en\/wp-json\/wp\/v2\/users\/2"}],"replies":[{"embeddable":true,"href":"https:\/\/zirzen.com\/en\/wp-json\/wp\/v2\/comments?post=740"}],"version-history":[{"count":16,"href":"https:\/\/zirzen.com\/en\/wp-json\/wp\/v2\/pages\/740\/revisions"}],"predecessor-version":[{"id":4277,"href":"https:\/\/zirzen.com\/en\/wp-json\/wp\/v2\/pages\/740\/revisions\/4277"}],"wp:attachment":[{"href":"https:\/\/zirzen.com\/en\/wp-json\/wp\/v2\/media?parent=740"}],"curies":[{"name":"wp","href":"https:\/\/api.w.org\/{rel}","templated":true}]}}