{"id":886,"date":"2023-07-21T18:36:03","date_gmt":"2023-07-21T18:36:03","guid":{"rendered":"https:\/\/zirzen.com\/?page_id=886"},"modified":"2025-06-09T15:03:42","modified_gmt":"2025-06-09T13:03:42","slug":"zir-zen","status":"publish","type":"page","link":"https:\/\/zirzen.com\/en\/zir-zen\/","title":{"rendered":"Zir Zen"},"content":{"rendered":"<p class=\"has-small-font-size\">Zir Zen is not special for what it has, but for what it doesn't have. There is no electricity, no water, no neighbors, no traffic, no noise... Your photos on social networks will look nice, but whether you will feel that way depends solely on whether you are ready to sacrifice part of everyday comfort. Think! <strong>This is not a place for everyone!<\/strong> But really! This is not a place for everyone!<\/p>\n\n\n\n<blockquote class=\"wp-block-quote has-small-font-size is-layout-flow wp-block-quote-is-layout-flow\">\n<p class=\"has-small-font-size\">The greatest injustice of nature is that a centipede has a hundred legs and a pig only four. In all other cases, less is better, and that's why out of all places, I love Zir Zen the most. <strong>There's nothing there that I don't need<\/strong>.<\/p>\n<cite>Siddhartha Gautama Buddha<\/cite><\/blockquote>\n\n\n\n<figure class=\"wp-block-image size-large is-style-default agl agl-zoomInCSS agl-in-distance-1\"><img decoding=\"async\" src=\"https:\/\/zirzen.com\/wp-content\/uploads\/2023\/07\/Kuca-u-zelenilu-1024x485.jpg\" alt=\"Zir Zen u ranu jesen\" class=\"wp-image-888\"\/><\/figure>\n\n\n\n<p class=\"has-small-font-size\">Zir Zen has just the right amount in its 24 square meters. <strong>Two beds<\/strong> that can be used separately or joined as a double bed. There is also an <strong>extra bed<\/strong> under the roof for a child, or someone else skilled enough to climb but also small enough to sleep comfortably on 114x185 cm. We also have an air mattress for two people. The current record in the mixed category is two adults and four children.<\/p>\n\n\n\n<blockquote class=\"wp-block-quote has-small-font-size is-layout-flow wp-block-quote-is-layout-flow\">\n<p class=\"has-small-font-size\">Zir Zena architect masterfully and above all creatively uses, as I call it, technique of the <strong>Christmas sweater<\/strong>. Namely, the wood arranged under the house and the Christmas sweater, at first glance, are there to keep you warm, but their real function is purely aesthetic. With them you are simply irresistible!<\/p>\n<cite>Ludwig Mies van der Rohe<\/cite><\/blockquote>\n\n\n\n<figure class=\"wp-block-image size-large agl agl-zoomInCSS agl-in-distance-1\"><img decoding=\"async\" src=\"https:\/\/zirzen.com\/wp-content\/uploads\/2023\/07\/Sloboda-u-kucici-1024x485.jpg\" alt=\"\" class=\"wp-image-889\"\/><\/figure>\n\n\n\n<p class=\"has-small-font-size\">There is a sink and a compost toilet in the house, and you can take a shower with a portable shower on the platform next to the house. We have a wonderful little stove to warm your body and a gas stove to warm your food. Just for fun, next to the house we built a <a href=\"https:\/\/zirzen.com\/wp-content\/uploads\/2023\/10\/Sauna-ENG.pdf\">sauna<\/a>.<\/p>\n\n\n\n<blockquote class=\"wp-block-quote has-small-font-size is-layout-flow wp-block-quote-is-layout-flow\">\n<p class=\"has-small-font-size\">Treat a <strong>small wood stove<\/strong> like a woman. Don't cram her, but give her constantly little by little and in return she will give you warmth and romance. If you feel only the first, you need to change something or someone in your life.<\/p>\n<cite>Giacomo Casanova<\/cite><\/blockquote>\n\n\n\n<figure class=\"wp-block-image size-large agl agl-zoomInCSS agl-in-distance-1\"><img decoding=\"async\" src=\"https:\/\/zirzen.com\/wp-content\/uploads\/2023\/07\/Hamok-1024x485.jpg\" alt=\"\" class=\"wp-image-891\"\/><\/figure>\n\n\n\n<p class=\"has-small-font-size\">There are many animals around the house: mice, dormice, hedgehogs, birds, snakes, rabbits, foxes, badgers, wolves, bears... They are all afraid of you, more than you should be afraid of them. Respect them and enjoy their presence. If you meet one of them, consider yourself honored.<\/p>\n\n\n\n<blockquote class=\"wp-block-quote has-small-font-size is-layout-flow wp-block-quote-is-layout-flow\">\n<p class=\"has-small-font-size\">Oh, damn you for closing all the holes! Know that we may have lost the battle but we haven't lost the war. We will return one day to Zir Zen. <strong>Tu casa es nuestra casa!<\/strong><\/p>\n<cite>Dormice<\/cite><\/blockquote>\n\n\n\n<div class=\"wp-block-group has-background\" style=\"background-color:#f1f1f1\"><div class=\"wp-block-group__inner-container is-layout-constrained wp-block-group-is-layout-constrained\">\n<div class=\"leaflet-map WPLeafletMap\" style=\"height:450px; width:100%;\"><\/div><script>\nwindow.WPLeafletMapPlugin = window.WPLeafletMapPlugin || [];\nwindow.WPLeafletMapPlugin.push(function WPLeafletMapShortcode() {\/*<script>*\/\nvar baseUrl = atob('aHR0cHM6Ly97c30udGlsZS5vcGVuc3RyZWV0bWFwLm9yZy97en0ve3h9L3t5fS5wbmc=');\nvar base = (!baseUrl && window.MQ) ? \n    window.MQ.mapLayer() : L.tileLayer(baseUrl, \n        L.Util.extend({}, {\n            detectRetina: 0,\n        }, \n        {\"subdomains\":\"abc\",\"noWrap\":false}        )\n    );\n    var options = L.Util.extend({}, {\n        layers: [base],\n        attributionControl: false\n    }, \n    {\"zoomControl\":true,\"scrollWheelZoom\":true,\"doubleClickZoom\":false,\"fitBounds\":false,\"minZoom\":0,\"maxZoom\":19,\"maxBounds\":null,\"attribution\":\"<a href=\\\"http:\\\/\\\/leafletjs.com\\\" title=\\\"A JS library for interactive maps\\\">Leaflet<\\\/a>; \\u00a9 <a href=\\\"http:\\\/\\\/www.openstreetmap.org\\\/copyright\\\">OpenStreetMap<\\\/a> contributors\"}, \n    {});\nwindow.WPLeafletMapPlugin.createMap(options).setView([44.38149,15.70801],13);});<\/script>\n\n<script>\nwindow.WPLeafletMapPlugin = window.WPLeafletMapPlugin || [];\nwindow.WPLeafletMapPlugin.push(function WPLeafletMarkerShortcode() {\/*<script>*\/\nvar map = window.WPLeafletMapPlugin.getCurrentMap();\nvar group = window.WPLeafletMapPlugin.getCurrentGroup();\nvar marker_options = window.WPLeafletMapPlugin.getIconOptions({\"svg\":true,\"background\":\"brown\",\"iconClass\":\"fas fa-mountain\",\"color\":\"white\"});\nvar marker = new L.SVGMarker(\n    [44.38149,15.70801], \n    marker_options\n);\nvar is_image = map.is_image_map;\nif (marker_options.draggable) {\n    marker.on('dragend', function () {\n        var latlng = this.getLatLng();\n        var lat = latlng.lat;\n        var lng = latlng.lng;\n        if (is_image) {\n            console.log('leaflet-marker y=' + lat + ' x=' + lng);\n        } else {\n            console.log('leaflet-marker lat=' + lat + ' lng=' + lng);\n        }\n    });\n}\nmarker.addTo( group );\nmarker.bindPopup(window.WPLeafletMapPlugin.unescape('Zir Zen'));window.WPLeafletMapPlugin.markers.push( marker );\n        });<\/script>\n\n\n\n<h1 class=\"wp-block-heading has-large-font-size\"><strong>Where iz Zir Zen located?<\/strong><\/h1>\n\n\n\n<p class=\"has-small-font-size\">We are in Lovinac, in Lika. If you are coming by highway, take the Sveti Rok exit and turn left onto the state road D50 towards Gra\u010dac. After 3.4 km, turn left again onto the state road D522 towards Lovinac, and in the settle itself, turn right towards Rasoja. After 2.5 km, turn right again onto the macadam road. The Lovinac train station is only 2.8 km from the center of town, and arriving by train with a bicycle is a great option.<\/p>\n\n\n\n<p class=\"has-small-font-size\"><strong>There is another Lovinac near Zadar, but it is obviously the wrong Lovinac.<\/strong><\/p>\n<\/div><\/div>","protected":false},"excerpt":{"rendered":"<p>Zir Zen nije poseban po onom \u0161to ima, ve\u0107 po onom \u0161to nema. Nema struje, nema vode, nema susjeda, nema prometa, nema buke\u2026 Va\u0161e fotografije na dru\u0161tvenim mre\u017eama \u0107e izgledati lijepo, ali ho\u0107ete li se vi tako osje\u0107ati, ovisi isklju\u010divo o tome jeste li spremni \u017ertvovati dio svakodnevnog komfora. Razmislite! Ovo nije mjesto za svakog!<a class=\"more-link\" href=\"https:\/\/zirzen.com\/en\/zir-zen\/\">Continue reading <span class=\"screen-reader-text\">&#8220;Zir Zen&#8221;<\/span><\/a><\/p>","protected":false},"author":1,"featured_media":0,"parent":0,"menu_order":0,"comment_status":"closed","ping_status":"closed","template":"","meta":{"_monsterinsights_skip_tracking":false,"_monsterinsights_sitenote_active":false,"_monsterinsights_sitenote_note":"","_monsterinsights_sitenote_category":0,"footnotes":""},"class_list":["post-886","page","type-page","status-publish","hentry","entry"],"yoast_head":"<!-- This site is optimized with the Yoast SEO plugin v20.13 - https:\/\/yoast.com\/wordpress\/plugins\/seo\/ -->\n<title>Zir Zen - Zir Zen<\/title>\n<meta name=\"description\" content=\"Zir Zen nije poseban po onom \u0161to ima, ve\u0107 po onom \u0161to nema. Nema struje, nema vode, nema susjeda, nema prometa, nema buke\u2026\" \/>\n<meta name=\"robots\" content=\"index, follow, max-snippet:-1, max-image-preview:large, max-video-preview:-1\" \/>\n<link rel=\"canonical\" href=\"https:\/\/zirzen.com\/en\/zir-zen\/\" \/>\n<meta property=\"og:locale\" content=\"en_US\" \/>\n<meta property=\"og:type\" content=\"article\" \/>\n<meta property=\"og:title\" content=\"Zir Zen\" \/>\n<meta property=\"og:description\" content=\"Zir Zen nije poseban po onom \u0161to ima, ve\u0107 po onom \u0161to nema. Nema struje, nema vode, nema susjeda, nema prometa, nema buke\u2026\" \/>\n<meta property=\"og:url\" content=\"https:\/\/zirzen.com\/en\/zir-zen\/\" \/>\n<meta property=\"og:site_name\" content=\"Zir Zen\" \/>\n<meta property=\"article:modified_time\" content=\"2025-06-09T13:03:42+00:00\" \/>\n<meta property=\"og:image\" content=\"https:\/\/zirzen.com\/wp-content\/uploads\/2023\/08\/Zir-Zen-Jesen-1.jpeg\" \/>\n\t<meta property=\"og:image:width\" content=\"1908\" \/>\n\t<meta property=\"og:image:height\" content=\"1432\" \/>\n\t<meta property=\"og:image:type\" content=\"image\/jpeg\" \/>\n<meta name=\"twitter:card\" content=\"summary_large_image\" \/>\n<meta name=\"twitter:title\" content=\"Zir Zen\" \/>\n<meta name=\"twitter:description\" content=\"Zir Zen nije poseban po onom \u0161to ima, ve\u0107 po onom \u0161to nema. Nema struje, nema vode, nema susjeda, nema prometa, nema buke\u2026\" \/>\n<meta name=\"twitter:image\" content=\"https:\/\/zirzen.com\/wp-content\/uploads\/2023\/08\/Zir-Zen-Jesen-1.jpeg\" \/>\n<meta name=\"twitter:label1\" content=\"Est. reading time\" \/>\n\t<meta name=\"twitter:data1\" content=\"2 minutes\" \/>\n<script type=\"application\/ld+json\" class=\"yoast-schema-graph\">{\"@context\":\"https:\/\/schema.org\",\"@graph\":[{\"@type\":\"WebPage\",\"@id\":\"https:\/\/zirzen.com\/zir-zen\/\",\"url\":\"https:\/\/zirzen.com\/zir-zen\/\",\"name\":\"Zir Zen - Zir Zen\",\"isPartOf\":{\"@id\":\"https:\/\/zirzen.com\/#website\"},\"datePublished\":\"2023-07-21T18:36:03+00:00\",\"dateModified\":\"2025-06-09T13:03:42+00:00\",\"description\":\"Zir Zen nije poseban po onom \u0161to ima, ve\u0107 po onom \u0161to nema. Nema struje, nema vode, nema susjeda, nema prometa, nema buke\u2026\",\"breadcrumb\":{\"@id\":\"https:\/\/zirzen.com\/zir-zen\/#breadcrumb\"},\"inLanguage\":\"en-US\",\"potentialAction\":[{\"@type\":\"ReadAction\",\"target\":[\"https:\/\/zirzen.com\/zir-zen\/\"]}]},{\"@type\":\"BreadcrumbList\",\"@id\":\"https:\/\/zirzen.com\/zir-zen\/#breadcrumb\",\"itemListElement\":[{\"@type\":\"ListItem\",\"position\":1,\"name\":\"Home\",\"item\":\"https:\/\/zirzen.com\/\"},{\"@type\":\"ListItem\",\"position\":2,\"name\":\"Zir Zen\"}]},{\"@type\":\"WebSite\",\"@id\":\"https:\/\/zirzen.com\/#website\",\"url\":\"https:\/\/zirzen.com\/\",\"name\":\"Zir Zen\",\"description\":\"Jebi ga, kad smo ve\u0107 u Lovincu\",\"publisher\":{\"@id\":\"https:\/\/zirzen.com\/#organization\"},\"potentialAction\":[{\"@type\":\"SearchAction\",\"target\":{\"@type\":\"EntryPoint\",\"urlTemplate\":\"https:\/\/zirzen.com\/?s={search_term_string}\"},\"query-input\":\"required name=search_term_string\"}],\"inLanguage\":\"en-US\"},{\"@type\":\"Organization\",\"@id\":\"https:\/\/zirzen.com\/#organization\",\"name\":\"Zir Zen\",\"url\":\"https:\/\/zirzen.com\/\",\"logo\":{\"@type\":\"ImageObject\",\"inLanguage\":\"en-US\",\"@id\":\"https:\/\/zirzen.com\/#\/schema\/logo\/image\/\",\"url\":\"https:\/\/zirzen.com\/wp-content\/uploads\/2023\/07\/cropped-Picture1.png\",\"contentUrl\":\"https:\/\/zirzen.com\/wp-content\/uploads\/2023\/07\/cropped-Picture1.png\",\"width\":512,\"height\":512,\"caption\":\"Zir Zen\"},\"image\":{\"@id\":\"https:\/\/zirzen.com\/#\/schema\/logo\/image\/\"}}]}<\/script>\n<!-- \/ Yoast SEO plugin. -->","yoast_head_json":{"title":"Zir Zen - Zir Zen","description":"Zir Zen nije poseban po onom \u0161to ima, ve\u0107 po onom \u0161to nema. Nema struje, nema vode, nema susjeda, nema prometa, nema buke\u2026","robots":{"index":"index","follow":"follow","max-snippet":"max-snippet:-1","max-image-preview":"max-image-preview:large","max-video-preview":"max-video-preview:-1"},"canonical":"https:\/\/zirzen.com\/en\/zir-zen\/","og_locale":"en_US","og_type":"article","og_title":"Zir Zen","og_description":"Zir Zen nije poseban po onom \u0161to ima, ve\u0107 po onom \u0161to nema. Nema struje, nema vode, nema susjeda, nema prometa, nema buke\u2026","og_url":"https:\/\/zirzen.com\/en\/zir-zen\/","og_site_name":"Zir Zen","article_modified_time":"2025-06-09T13:03:42+00:00","og_image":[{"width":1908,"height":1432,"url":"https:\/\/zirzen.com\/wp-content\/uploads\/2023\/08\/Zir-Zen-Jesen-1.jpeg","type":"image\/jpeg"}],"twitter_card":"summary_large_image","twitter_title":"Zir Zen","twitter_description":"Zir Zen nije poseban po onom \u0161to ima, ve\u0107 po onom \u0161to nema. Nema struje, nema vode, nema susjeda, nema prometa, nema buke\u2026","twitter_image":"https:\/\/zirzen.com\/wp-content\/uploads\/2023\/08\/Zir-Zen-Jesen-1.jpeg","twitter_misc":{"Est. reading time":"2 minutes"},"schema":{"@context":"https:\/\/schema.org","@graph":[{"@type":"WebPage","@id":"https:\/\/zirzen.com\/zir-zen\/","url":"https:\/\/zirzen.com\/zir-zen\/","name":"Zir Zen - Zir Zen","isPartOf":{"@id":"https:\/\/zirzen.com\/#website"},"datePublished":"2023-07-21T18:36:03+00:00","dateModified":"2025-06-09T13:03:42+00:00","description":"Zir Zen nije poseban po onom \u0161to ima, ve\u0107 po onom \u0161to nema. Nema struje, nema vode, nema susjeda, nema prometa, nema buke\u2026","breadcrumb":{"@id":"https:\/\/zirzen.com\/zir-zen\/#breadcrumb"},"inLanguage":"en-US","potentialAction":[{"@type":"ReadAction","target":["https:\/\/zirzen.com\/zir-zen\/"]}]},{"@type":"BreadcrumbList","@id":"https:\/\/zirzen.com\/zir-zen\/#breadcrumb","itemListElement":[{"@type":"ListItem","position":1,"name":"Home","item":"https:\/\/zirzen.com\/"},{"@type":"ListItem","position":2,"name":"Zir Zen"}]},{"@type":"WebSite","@id":"https:\/\/zirzen.com\/#website","url":"https:\/\/zirzen.com\/","name":"Zir Zen","description":"Jebi ga, kad smo ve\u0107 u Lovincu","publisher":{"@id":"https:\/\/zirzen.com\/#organization"},"potentialAction":[{"@type":"SearchAction","target":{"@type":"EntryPoint","urlTemplate":"https:\/\/zirzen.com\/?s={search_term_string}"},"query-input":"required name=search_term_string"}],"inLanguage":"en-US"},{"@type":"Organization","@id":"https:\/\/zirzen.com\/#organization","name":"Zir Zen","url":"https:\/\/zirzen.com\/","logo":{"@type":"ImageObject","inLanguage":"en-US","@id":"https:\/\/zirzen.com\/#\/schema\/logo\/image\/","url":"https:\/\/zirzen.com\/wp-content\/uploads\/2023\/07\/cropped-Picture1.png","contentUrl":"https:\/\/zirzen.com\/wp-content\/uploads\/2023\/07\/cropped-Picture1.png","width":512,"height":512,"caption":"Zir Zen"},"image":{"@id":"https:\/\/zirzen.com\/#\/schema\/logo\/image\/"}}]}},"_links":{"self":[{"href":"https:\/\/zirzen.com\/en\/wp-json\/wp\/v2\/pages\/886","targetHints":{"allow":["GET"]}}],"collection":[{"href":"https:\/\/zirzen.com\/en\/wp-json\/wp\/v2\/pages"}],"about":[{"href":"https:\/\/zirzen.com\/en\/wp-json\/wp\/v2\/types\/page"}],"author":[{"embeddable":true,"href":"https:\/\/zirzen.com\/en\/wp-json\/wp\/v2\/users\/1"}],"replies":[{"embeddable":true,"href":"https:\/\/zirzen.com\/en\/wp-json\/wp\/v2\/comments?post=886"}],"version-history":[{"count":37,"href":"https:\/\/zirzen.com\/en\/wp-json\/wp\/v2\/pages\/886\/revisions"}],"predecessor-version":[{"id":4532,"href":"https:\/\/zirzen.com\/en\/wp-json\/wp\/v2\/pages\/886\/revisions\/4532"}],"wp:attachment":[{"href":"https:\/\/zirzen.com\/en\/wp-json\/wp\/v2\/media?parent=886"}],"curies":[{"name":"wp","href":"https:\/\/api.w.org\/{rel}","templated":true}]}}